{"id":16932,"date":"2024-09-07T13:38:55","date_gmt":"2024-09-07T13:38:55","guid":{"rendered":"https:\/\/meterny.com\/?post_type=product&#038;p=16932"},"modified":"2025-01-18T13:06:24","modified_gmt":"2025-01-18T13:06:24","slug":"motorized-ceiling-pergola","status":"publish","type":"product","link":"https:\/\/meterny.com\/it\/prodotto\/motorized-ceiling-pergola\/","title":{"rendered":"Pergola bioclimatica a soffitto motorizzata Pergola in alluminio Gazebo in alluminio all'aperto"},"content":{"rendered":"<h1 style=\"text-align: center;\">Pergola bioclimatica a soffitto motorizzata Pergola in alluminio Gazebo in alluminio all'aperto<\/h1>\n<p><strong>Tipo<\/strong>: Pergola in alluminio con soffitto motorizzato e sistema AquaGuard Meterny<\/p>\n<p><strong>Dimensione<\/strong>: personalizzato<\/p>\n<p><strong>Superficie<\/strong>: rivestimento\/ verniciatura personalizzata<\/p>\n<p><strong>Colore<\/strong>: personalizzato<\/p>\n<p><strong>Lunghezza<\/strong>: Personalizzato<\/p>\n<p><strong>Materiale<\/strong>: Lega di alluminio di alta gamma<\/p>\n<p><strong>Tecnologia del prodotto<\/strong>: Sistema anti-perdita Meterny AquaGuard<\/p>\n<figure id=\"attachment_17064\" aria-describedby=\"caption-attachment-17064\" style=\"width: 1024px\" class=\"wp-caption alignnone\"><img loading=\"lazy\" decoding=\"async\" class=\"wp-image-17064\" src=\"https:\/\/meterny.com\/wp-content\/uploads\/2024\/09\/54-1zhu.jpg\" alt=\"Pergola a soffitto motorizzata\" width=\"1024\" height=\"1024\" srcset=\"https:\/\/meterny.com\/wp-content\/uploads\/2024\/09\/54-1zhu.jpg 800w, https:\/\/meterny.com\/wp-content\/uploads\/2024\/09\/54-1zhu-300x300.jpg 300w, https:\/\/meterny.com\/wp-content\/uploads\/2024\/09\/54-1zhu-150x150.jpg 150w, https:\/\/meterny.com\/wp-content\/uploads\/2024\/09\/54-1zhu-768x768.jpg 768w, https:\/\/meterny.com\/wp-content\/uploads\/2024\/09\/54-1zhu-600x600.jpg 600w, https:\/\/meterny.com\/wp-content\/uploads\/2024\/09\/54-1zhu-100x100.jpg 100w\" sizes=\"auto, (max-width: 1024px) 100vw, 1024px\" \/><figcaption id=\"caption-attachment-17064\" class=\"wp-caption-text\">Pergola bianca in alluminio: Il vostro spazio ideale sotto il sole<\/figcaption><\/figure>\n<h3>Nome del prodotto<\/h3>\n<p id=\"\">Pergola a soffitto motorizzata<\/p>\n<h3>Panoramica del prodotto<\/h3>\n<p id=\"\">La pergola a soffitto motorizzata \u00e8 un'innovativa soluzione di ombreggiamento per esterni che unisce bellezza e funzionalit\u00e0. Grazie al suo sistema elettrico, gli utenti possono controllare facilmente l'estensione e la retrazione della tettoia, fornendo un'ombreggiatura flessibile ed effetti decorativi per gli spazi esterni. Adatto a patii, giardini, balconi e altri ambienti esterni, questo prodotto aggiunge comfort e divertimento al vostro stile di vita all'aperto.<\/p>\n<h3>Caratteristiche principali<\/h3>\n<ol>\n<li><strong>Controllo elettrico<\/strong>: Dotato di un efficiente sistema elettrico, supporta il controllo remoto o intelligente per un facile funzionamento e una regolazione personalizzata dell'apertura e della chiusura del tettuccio.<\/li>\n<li><strong>Materiali pregiati<\/strong>: Realizzato con telai in lega di alluminio ad alta resistenza e tessuto impermeabile di alta qualit\u00e0, offre una forte resistenza al vento e un'elevata durata, garantendo prestazioni di ombreggiatura stabili a lungo termine.<\/li>\n<li><strong>Design elegante<\/strong>: Con un design essenziale, \u00e8 elegante e di buon gusto e si abbina perfettamente a vari stili di arredamento per esterni per migliorare l'estetica generale dello spazio.<\/li>\n<li><strong>Sensori intelligenti<\/strong>\u00a0(Opzionale): Dotato di sensori intelligenti che regolano automaticamente lo stato della copertura in base a fattori ambientali come l'intensit\u00e0 della luce e la velocit\u00e0 del vento, per una gestione intelligente.<\/li>\n<li><strong>Facile installazione e manutenzione<\/strong>: Design modulare per un'installazione facile e veloce; tessuto facile da pulire e bassi costi di manutenzione.<\/li>\n<\/ol>\n<h3>Specifiche tecniche della pergola a soffitto motorizzata<\/h3>\n<table class=\"OxEWNITQ\">\n<thead>\n<tr>\n<th>Specifiche<\/th>\n<th>Descrizione dettagliata<\/th>\n<\/tr>\n<\/thead>\n<tbody>\n<tr>\n<td>Materiale del telaio<\/td>\n<td>Lega di alluminio ad alta resistenza<\/td>\n<\/tr>\n<tr>\n<td>Materiale del tessuto<\/td>\n<td>Tessuto impermeabile di alta qualit\u00e0<\/td>\n<\/tr>\n<tr>\n<td>Metodo di controllo<\/td>\n<td>Controllo remoto\/smart control<\/td>\n<\/tr>\n<tr>\n<td>Dimensione estesa<\/td>\n<td>Dimensioni personalizzabili in base alle esigenze del cliente<\/td>\n<\/tr>\n<tr>\n<td>Dimensione della confezione<\/td>\n<td>Imballaggio personalizzato in base alle dimensioni reali<\/td>\n<\/tr>\n<tr>\n<td>Peso lordo<\/td>\n<td>Determinato dalle dimensioni e dalla configurazione effettive<\/td>\n<\/tr>\n<tr>\n<td>Requisiti di potenza<\/td>\n<td>AC 220V (regolabile in base alle esigenze del cliente)<\/td>\n<\/tr>\n<tr>\n<td>Consumo di energia<\/td>\n<td>Progettazione a basso consumo per l'efficienza energetica<\/td>\n<\/tr>\n<tr>\n<td>Valutazione di impermeabilit\u00e0<\/td>\n<td>IPX4 (resistente agli spruzzi)<\/td>\n<\/tr>\n<tr>\n<td>Vita utile<\/td>\n<td>Anni di utilizzo, a seconda dell'ambiente di utilizzo e della manutenzione<\/td>\n<\/tr>\n<\/tbody>\n<\/table>\n<h3>Scenari di applicazione<\/h3>\n<ul>\n<li><strong>Pavimenti<\/strong>: Fornisce ombreggiatura ed effetti decorativi per i patii, creando uno spazio confortevole per il tempo libero all'aperto.<\/li>\n<li><strong>Giardini<\/strong>: Aggiunge ombra e migliora l'estetica dei giardini.<\/li>\n<li><strong>Balconi<\/strong>: Adatto a diversi ambienti di balcone, offre soluzioni di ombreggiamento flessibili.<\/li>\n<li><strong>Altri spazi esterni<\/strong>: Come i patii dei caff\u00e8, i ristoranti all'aperto degli alberghi, ecc.<\/li>\n<\/ul>\n<h3>Installazione e manutenzione<\/h3>\n<ul>\n<li><strong>Installazione<\/strong>: Seguire la guida all'installazione contenuta nel manuale del prodotto per assicurarsi che tutti i componenti siano collegati e fissati correttamente. Per un servizio di installazione professionale, contattare il nostro servizio clienti.<\/li>\n<li><strong>Manutenzione<\/strong>: Pulire regolarmente il tessuto e il telaio per mantenere il prodotto in ordine; controllare il corretto funzionamento dell'impianto elettrico e contattare tempestivamente il servizio post-vendita in caso di anomalie.<\/li>\n<\/ul>\n<h3>Servizi di personalizzazione<\/h3>\n<p id=\"\">Offriamo servizi di personalizzazione completi, tra cui dimensioni, colore, materiale del tessuto e altro ancora. Contattate il nostro servizio clienti in base alle vostre esigenze specifiche e vi forniremo un piano di personalizzazione professionale.<\/p>\n<h3>Servizio post vendita<\/h3>\n<p id=\"\">Promettiamo di fornire un eccellente servizio post-vendita, che comprende la consultazione del prodotto, la guida all'installazione, la manutenzione e il supporto alla riparazione. Per qualsiasi domanda o necessit\u00e0, non esitate a contattare il nostro servizio clienti e saremo lieti di assistervi.<\/p>\n<h3>Se volete saperne di pi\u00f9, cliccate su questo link a youtube:<a href=\"https:\/\/youtu.be\/QQ1L_SL1a1Q\" target=\"_blank\" rel=\"noopener\">https:\/\/youtu.be\/QQ1L_SL1a1Q<\/a><\/h3>\n<figure id=\"attachment_16950\" aria-describedby=\"caption-attachment-16950\" style=\"width: 1024px\" class=\"wp-caption alignnone\"><img loading=\"lazy\" decoding=\"async\" class=\"wp-image-16950\" src=\"https:\/\/meterny.com\/wp-content\/uploads\/2024\/09\/About-Meterny@3x.png\" alt=\"Pergola in alluminio Meterny a confronto con altre pergole\" width=\"1024\" height=\"1447\" srcset=\"https:\/\/meterny.com\/wp-content\/uploads\/2024\/09\/About-Meterny@3x.png 1787w, https:\/\/meterny.com\/wp-content\/uploads\/2024\/09\/About-Meterny@3x-212x300.png 212w, https:\/\/meterny.com\/wp-content\/uploads\/2024\/09\/About-Meterny@3x-724x1024.png 724w, https:\/\/meterny.com\/wp-content\/uploads\/2024\/09\/About-Meterny@3x-768x1086.png 768w, https:\/\/meterny.com\/wp-content\/uploads\/2024\/09\/About-Meterny@3x-1087x1536.png 1087w, https:\/\/meterny.com\/wp-content\/uploads\/2024\/09\/About-Meterny@3x-1449x2048.png 1449w, https:\/\/meterny.com\/wp-content\/uploads\/2024\/09\/About-Meterny@3x-600x848.png 600w\" sizes=\"auto, (max-width: 1024px) 100vw, 1024px\" \/><figcaption id=\"caption-attachment-16950\" class=\"wp-caption-text\">Pergole Meterny vs. Pergole tradizionali: caratteristiche superiori<\/figcaption><\/figure>\n<p>La pergola a soffitto motorizzata offre una combinazione di convenienza, funzionalit\u00e0 e stile agli spazi esterni. Offre la possibilit\u00e0 di controllare con facilit\u00e0 l'estensione e la retrazione della tettoia, fornendo opzioni di ombreggiatura flessibili e adatte alle esigenze individuali. Inoltre, il suo design elegante e moderno migliora l'estetica delle aree esterne, come patii, giardini e balconi. Nel complesso, la pergola a soffitto motorizzata aggiunge comfort, funzionalit\u00e0 e un tocco di eleganza a qualsiasi spazio esterno.<\/p>\n<figure id=\"attachment_20288\" aria-describedby=\"caption-attachment-20288\" style=\"width: 1024px\" class=\"wp-caption alignnone\"><img loading=\"lazy\" decoding=\"async\" class=\"wp-image-20288\" src=\"https:\/\/meterny.com\/wp-content\/uploads\/2024\/10\/WPC-Colour-Card@3x.png\" alt=\"Progetto di prevenzione delle perdite d&#039;acqua della pergola in alluminio di Meterny\" width=\"1024\" height=\"1024\" srcset=\"https:\/\/meterny.com\/wp-content\/uploads\/2024\/10\/WPC-Colour-Card@3x.png 800w, https:\/\/meterny.com\/wp-content\/uploads\/2024\/10\/WPC-Colour-Card@3x-300x300.png 300w, https:\/\/meterny.com\/wp-content\/uploads\/2024\/10\/WPC-Colour-Card@3x-150x150.png 150w, https:\/\/meterny.com\/wp-content\/uploads\/2024\/10\/WPC-Colour-Card@3x-768x768.png 768w, https:\/\/meterny.com\/wp-content\/uploads\/2024\/10\/WPC-Colour-Card@3x-600x600.png 600w, https:\/\/meterny.com\/wp-content\/uploads\/2024\/10\/WPC-Colour-Card@3x-100x100.png 100w\" sizes=\"auto, (max-width: 1024px) 100vw, 1024px\" \/><figcaption id=\"caption-attachment-20288\" class=\"wp-caption-text\">L'innovativo progetto di Meterny per la prevenzione delle perdite d'acqua<\/figcaption><\/figure>\n<figure id=\"attachment_16951\" aria-describedby=\"caption-attachment-16951\" style=\"width: 1024px\" class=\"wp-caption alignnone\"><img loading=\"lazy\" decoding=\"async\" class=\"wp-image-16951\" src=\"https:\/\/meterny.com\/wp-content\/uploads\/2024\/09\/\u753b\u677f-16@3x.png\" alt=\"Pergola in alluminio Meterny, design esclusivo con brevetto\" width=\"1024\" height=\"1448\" srcset=\"https:\/\/meterny.com\/wp-content\/uploads\/2024\/09\/\u753b\u677f-16@3x.png 1787w, https:\/\/meterny.com\/wp-content\/uploads\/2024\/09\/\u753b\u677f-16@3x-212x300.png 212w, https:\/\/meterny.com\/wp-content\/uploads\/2024\/09\/\u753b\u677f-16@3x-724x1024.png 724w, https:\/\/meterny.com\/wp-content\/uploads\/2024\/09\/\u753b\u677f-16@3x-768x1086.png 768w, https:\/\/meterny.com\/wp-content\/uploads\/2024\/09\/\u753b\u677f-16@3x-1086x1536.png 1086w, https:\/\/meterny.com\/wp-content\/uploads\/2024\/09\/\u753b\u677f-16@3x-1448x2048.png 1448w, https:\/\/meterny.com\/wp-content\/uploads\/2024\/09\/\u753b\u677f-16@3x-600x848.png 600w\" sizes=\"auto, (max-width: 1024px) 100vw, 1024px\" \/><figcaption id=\"caption-attachment-16951\" class=\"wp-caption-text\">Il design brevettato di Meterny: Una pergola come nessun'altra<\/figcaption><\/figure>\n<h3><strong>Perch\u00e9 scegliere la pergola a soffitto motorizzata?<\/strong><\/h3>\n<ol>\n<li><strong>Controllo senza sforzo<\/strong>: Il sistema motorizzato consente di regolare facilmente il soffitto per ottenere luce, ombra e ventilazione ottimali, premendo un pulsante a distanza.<\/li>\n<li><strong>Protezione per tutte le stagioni<\/strong>: Progettato per resistere alle diverse condizioni atmosferiche, offre comfort e funzionalit\u00e0 per tutto l'anno ai vostri spazi esterni.<\/li>\n<li><strong>Costruzione resistente<\/strong>: Costruito con materiali di alta qualit\u00e0 come l'alluminio, garantisce longevit\u00e0, resistenza alla ruggine e manutenzione minima.<\/li>\n<li><strong>Estetica moderna<\/strong>: Aggiunge un look elegante e contemporaneo a qualsiasi area esterna, unendo stile e funzionalit\u00e0 pratica.<\/li>\n<li><strong>Design personalizzabile<\/strong>: Disponibile in varie dimensioni, finiture e colori per adattarsi al vostro stile personale o architettonico.<\/li>\n<li><strong>Comfort migliorato<\/strong>: Offre flessibilit\u00e0 sia per le giornate soleggiate che per quelle nuvolose, rendendo il vostro spazio esterno confortevole indipendentemente dal tempo.<\/li>\n<li><strong>Applicazioni versatili<\/strong>: Ideale per patii, giardini, terrazze, aree a bordo piscina e altro ancora, \u00e8 un'ottima scelta per uso residenziale o commerciale.<\/li>\n<li><strong>Ecologico<\/strong>: Utilizza materiali sostenibili e riciclabili, a sostegno di una progettazione esterna attenta all'ambiente.<\/li>\n<li><strong>Aumento del valore della propriet\u00e0<\/strong>: Aumenta l'attrattiva e il valore della casa o dell'azienda fornendo uno spazio esterno attraente e funzionale.<\/li>\n<li><strong>Installazione semplice<\/strong>: Progettato per un'installazione facile e veloce, sia che si tratti di un progetto fai-da-te che di un'installazione professionale.<\/li>\n<\/ol>","protected":false},"excerpt":{"rendered":"<p>Godetevi il pieno controllo del vostro spazio esterno con la pergola a soffitto motorizzata, che offre ombra, ventilazione e protezione con la semplice pressione di un pulsante.<\/p>","protected":false},"featured_media":17064,"comment_status":"open","ping_status":"closed","template":"","meta":{"_uag_custom_page_level_css":"","site-sidebar-layout":"default","site-content-layout":"","ast-site-content-layout":"default","site-content-style":"default","site-sidebar-style":"default","ast-global-header-display":"","ast-banner-title-visibility":"","ast-main-header-display":"","ast-hfb-above-header-display":"","ast-hfb-below-header-display":"","ast-hfb-mobile-header-display":"","site-post-title":"","ast-breadcrumbs-content":"","ast-featured-img":"","footer-sml-layout":"","theme-transparent-header-meta":"default","adv-header-id-meta":"","stick-header-meta":"default","header-above-stick-meta":"","header-main-stick-meta":"","header-below-stick-meta":"","astra-migrate-meta-layouts":"set","ast-page-background-enabled":"default","ast-page-background-meta":{"desktop":{"background-color":"var(--ast-global-color-4)","background-image":"","background-repeat":"repeat","background-position":"center center","background-size":"auto","background-attachment":"scroll","background-type":"","background-media":"","overlay-type":"","overlay-color":"","overlay-opacity":"","overlay-gradient":""},"tablet":{"background-color":"","background-image":"","background-repeat":"repeat","background-position":"center center","background-size":"auto","background-attachment":"scroll","background-type":"","background-media":"","overlay-type":"","overlay-color":"","overlay-opacity":"","overlay-gradient":""},"mobile":{"background-color":"","background-image":"","background-repeat":"repeat","background-position":"center center","background-size":"auto","background-attachment":"scroll","background-type":"","background-media":"","overlay-type":"","overlay-color":"","overlay-opacity":"","overlay-gradient":""}},"ast-content-background-meta":{"desktop":{"background-color":"var(--ast-global-color-5)","background-image":"","background-repeat":"repeat","background-position":"center center","background-size":"auto","background-attachment":"scroll","background-type":"","background-media":"","overlay-type":"","overlay-color":"","overlay-opacity":"","overlay-gradient":""},"tablet":{"background-color":"var(--ast-global-color-5)","background-image":"","background-repeat":"repeat","background-position":"center center","background-size":"auto","background-attachment":"scroll","background-type":"","background-media":"","overlay-type":"","overlay-color":"","overlay-opacity":"","overlay-gradient":""},"mobile":{"background-color":"var(--ast-global-color-5)","background-image":"","background-repeat":"repeat","background-position":"center center","background-size":"auto","background-attachment":"scroll","background-type":"","background-media":"","overlay-type":"","overlay-color":"","overlay-opacity":"","overlay-gradient":""}}},"product_brand":[],"product_cat":[18],"product_tag":[212,214,213,215,208],"class_list":{"0":"post-16932","1":"product","2":"type-product","3":"status-publish","4":"has-post-thumbnail","6":"product_cat-uncategorized","7":"product_tag-aluminum-pergola","8":"product_tag-ceiling-pergola","9":"product_tag-motorized-ceiling-pergola","10":"product_tag-motorized-pergola","11":"product_tag-pergola","12":"desktop-align-center","13":"tablet-align-left","14":"mobile-align-left","15":"ast-product-gallery-layout-horizontal-slider","16":"ast-product-single-variable","17":"ast-product-tabs-layout-vertical","19":"first","20":"instock","21":"shipping-taxable","22":"product-type-variable"},"uagb_featured_image_src":{"full":["https:\/\/meterny.com\/wp-content\/uploads\/2024\/09\/54-1zhu.jpg",800,800,false],"thumbnail":["https:\/\/meterny.com\/wp-content\/uploads\/2024\/09\/54-1zhu-150x150.jpg",150,150,true],"medium":["https:\/\/meterny.com\/wp-content\/uploads\/2024\/09\/54-1zhu-300x300.jpg",300,300,true],"medium_large":["https:\/\/meterny.com\/wp-content\/uploads\/2024\/09\/54-1zhu-768x768.jpg",768,768,true],"large":["https:\/\/meterny.com\/wp-content\/uploads\/2024\/09\/54-1zhu.jpg",800,800,false],"1536x1536":["https:\/\/meterny.com\/wp-content\/uploads\/2024\/09\/54-1zhu.jpg",800,800,false],"2048x2048":["https:\/\/meterny.com\/wp-content\/uploads\/2024\/09\/54-1zhu.jpg",800,800,false],"trp-custom-language-flag":["https:\/\/meterny.com\/wp-content\/uploads\/2024\/09\/54-1zhu.jpg",12,12,false],"woocommerce_thumbnail":["https:\/\/meterny.com\/wp-content\/uploads\/2024\/09\/54-1zhu-300x300.jpg",300,300,true],"woocommerce_single":["https:\/\/meterny.com\/wp-content\/uploads\/2024\/09\/54-1zhu-600x600.jpg",600,600,true],"woocommerce_gallery_thumbnail":["https:\/\/meterny.com\/wp-content\/uploads\/2024\/09\/54-1zhu-100x100.jpg",100,100,true]},"uagb_author_info":{"display_name":"meterny","author_link":"https:\/\/meterny.com\/it\/author\/"},"uagb_comment_info":0,"uagb_excerpt":"Enjoy full control of your outdoor space with the Motorized Ceiling Pergola, offering shade, ventilation, and protection at the touch of a button.","_links":{"self":[{"href":"https:\/\/meterny.com\/it\/wp-json\/wp\/v2\/product\/16932","targetHints":{"allow":["GET"]}}],"collection":[{"href":"https:\/\/meterny.com\/it\/wp-json\/wp\/v2\/product"}],"about":[{"href":"https:\/\/meterny.com\/it\/wp-json\/wp\/v2\/types\/product"}],"replies":[{"embeddable":true,"href":"https:\/\/meterny.com\/it\/wp-json\/wp\/v2\/comments?post=16932"}],"wp:featuredmedia":[{"embeddable":true,"href":"https:\/\/meterny.com\/it\/wp-json\/wp\/v2\/media\/17064"}],"wp:attachment":[{"href":"https:\/\/meterny.com\/it\/wp-json\/wp\/v2\/media?parent=16932"}],"wp:term":[{"taxonomy":"product_brand","embeddable":true,"href":"https:\/\/meterny.com\/it\/wp-json\/wp\/v2\/product_brand?post=16932"},{"taxonomy":"product_cat","embeddable":true,"href":"https:\/\/meterny.com\/it\/wp-json\/wp\/v2\/product_cat?post=16932"},{"taxonomy":"product_tag","embeddable":true,"href":"https:\/\/meterny.com\/it\/wp-json\/wp\/v2\/product_tag?post=16932"}],"curies":[{"name":"wp","href":"https:\/\/api.w.org\/{rel}","templated":true}]}}