{"id":17388,"date":"2024-10-08T13:09:21","date_gmt":"2024-10-08T13:09:21","guid":{"rendered":"https:\/\/meterny.com\/?post_type=product&#038;p=17388"},"modified":"2025-01-15T13:13:03","modified_gmt":"2025-01-15T13:13:03","slug":"interior-wpc-wall-cladding-panel","status":"publish","type":"product","link":"https:\/\/meterny.com\/it\/prodotto\/interior-wpc-wall-cladding-panel\/","title":{"rendered":"Pannello di rivestimento interno Wpc Pannelli murali compositi in plastica di legno Pannelli murali compositi Wpc"},"content":{"rendered":"<div class=\"elementor-element elementor-element-c0e1d42 elementor-widget elementor-widget-heading\" data-id=\"c0e1d42\" data-element_type=\"widget\" data-widget_type=\"heading.default\">\n<div class=\"elementor-widget-container\">\n<h2 class=\"elementor-heading-title elementor-size-default\" style=\"text-align: center;\">Specificazione del pannello di rivestimento della parete interna del Wpc<\/h2>\n<\/div>\n<\/div>\n<div class=\"elementor-element elementor-element-1f676da elementor-widget elementor-widget-heading\" data-id=\"1f676da\" data-element_type=\"widget\" data-widget_type=\"heading.default\">\n<p>&nbsp;<\/p>\n<\/div>\n<div class=\"elementor-element elementor-element-1f676da elementor-widget elementor-widget-heading\" data-id=\"1f676da\" data-element_type=\"widget\" data-widget_type=\"heading.default\">\n<p id=\"\"><strong>Titolo<\/strong>: Pannello di rivestimento WPC per interni - Una scelta moderna e sostenibile per la vostra casa<\/p>\n<hr \/>\n<p>METE227H25 Pannello da parete scanalato in WPC: Elevare gli spazi con eleganza moderna<\/p>\n<p><strong>Modello<\/strong>: METE227H25<br \/>\n<strong>Tipo<\/strong>: Pannello da parete scanalato WPC<br \/>\n<strong>Dimensione<\/strong>: 227\u00d725 mm<\/p>\n<p><strong>Superficie<\/strong>: Grani diritti<br \/>\n<strong>Lunghezza<\/strong>2,9 m o su misura<br \/>\n<strong>Materiale<\/strong>: Composito di legno e plastica<br \/>\n<strong>Tecnologia del prodotto<\/strong>: Eco-estrusione<\/p>\n<p id=\"\"><strong>Immagini del prodotto<\/strong>:<\/p>\n<figure id=\"attachment_17375\" aria-describedby=\"caption-attachment-17375\" style=\"width: 1024px\" class=\"wp-caption alignnone\"><img loading=\"lazy\" decoding=\"async\" class=\"wp-image-17375\" src=\"https:\/\/meterny.com\/wp-content\/uploads\/2024\/04\/70-10.png\" alt=\"Pannello di rivestimento interno in Wpc\" width=\"1024\" height=\"1024\" srcset=\"https:\/\/meterny.com\/wp-content\/uploads\/2024\/04\/70-10.png 900w, https:\/\/meterny.com\/wp-content\/uploads\/2024\/04\/70-10-300x300.png 300w, https:\/\/meterny.com\/wp-content\/uploads\/2024\/04\/70-10-150x150.png 150w, https:\/\/meterny.com\/wp-content\/uploads\/2024\/04\/70-10-768x768.png 768w, https:\/\/meterny.com\/wp-content\/uploads\/2024\/04\/70-10-600x600.png 600w, https:\/\/meterny.com\/wp-content\/uploads\/2024\/04\/70-10-100x100.png 100w\" sizes=\"auto, (max-width: 1024px) 100vw, 1024px\" \/><figcaption id=\"caption-attachment-17375\" class=\"wp-caption-text\">Creare una splendida parete d'accento per la TV con i pannelli in WPC.<\/figcaption><\/figure>\n<hr \/>\n<p id=\"\"><strong>Panoramica<\/strong>:<\/p>\n<p id=\"\">Vi presentiamo il pannello di rivestimento per pareti in WPC per interni, un prodotto rivoluzionario che combina la bellezza del legno naturale con la durata e l'ecocompatibilit\u00e0 della plastica riciclata. Questa soluzione innovativa per il rivestimento delle pareti \u00e8 perfetta per le case moderne che cercano una finitura interna elegante, sostenibile e a bassa manutenzione.<\/p>\n<hr \/>\n<p id=\"\"><strong>Caratteristiche principali<\/strong>:<\/p>\n<ol>\n<li><strong>Materiale ecologico<\/strong>:\n<ul>\n<li>Realizzato con una miscela di fibre di legno e plastica riciclata, il nostro pannello di rivestimento WPC per interni \u00e8 una scelta ecologica che riduce gli sprechi e conserva le risorse naturali.<\/li>\n<\/ul>\n<\/li>\n<li><strong>Durata e longevit\u00e0<\/strong>:\n<ul>\n<li>Progettato per resistere ai rigori della vita quotidiana, il nostro rivestimento per pareti \u00e8 resistente a marciume, muffa e funghi. Mantiene il suo aspetto e la sua funzionalit\u00e0 per anni, assicurando un investimento duraturo.<\/li>\n<\/ul>\n<\/li>\n<li><strong>Resistenza all'acqua e all'umidit\u00e0<\/strong>:\n<ul>\n<li>Perfetto per gli ambienti umidi, il nostro rivestimento murale in WPC \u00e8 impermeabile e aiuta a prevenire la crescita di batteri e funghi nocivi.<\/li>\n<\/ul>\n<\/li>\n<li><strong>Installazione semplice<\/strong>:\n<ul>\n<li>Risparmiate tempo e denaro con il nostro rivestimento per pareti facile da installare. Il suo design leggero e le semplici istruzioni per l'installazione lo rendono un ottimo progetto fai-da-te per chiunque voglia migliorare gli interni della propria casa.<\/li>\n<\/ul>\n<\/li>\n<li><strong>Opzioni di design versatili<\/strong>:\n<ul>\n<li>Con un'ampia gamma di colori, texture e stili, il nostro pannello di rivestimento WPC per interni pu\u00f2 integrarsi perfettamente con qualsiasi tema di arredamento. Scegliete tra look moderni, rustici o tradizionali per creare il vostro spazio perfetto.<\/li>\n<\/ul>\n<\/li>\n<li><strong>Bassa manutenzione<\/strong>:\n<ul>\n<li>Mantenere pulito il rivestimento a parete \u00e8 un gioco da ragazzi. \u00c8 sufficiente passare un panno umido per mantenere il suo aspetto immacolato.<\/li>\n<\/ul>\n<\/li>\n<li><strong>Economicamente vantaggioso<\/strong>:\n<ul>\n<li>Sebbene l'investimento iniziale possa essere paragonabile a quello di alcuni materiali tradizionali, la durata a lungo termine e i bassi requisiti di manutenzione dei nostri rivestimenti murali in WPC ne fanno una scelta pi\u00f9 conveniente nel tempo.<\/li>\n<\/ul>\n<\/li>\n<li><strong>Isolamento migliorato<\/strong>:\n<ul>\n<li>I nostri rivestimenti per pareti offrono propriet\u00e0 isolanti superiori, contribuendo a regolare la temperatura interna e a ridurre i costi energetici.<\/li>\n<\/ul>\n<\/li>\n<li><strong>Sicurezza migliorata<\/strong>:\n<ul>\n<li>Realizzato con materiali atossici e progettato per essere resistente al fuoco, il nostro pannello di rivestimento WPC per interni offre un ambiente di vita pi\u00f9 sicuro per voi e la vostra famiglia.<\/li>\n<\/ul>\n<\/li>\n<\/ol>\n<hr \/>\n<p id=\"\"><strong>Specifiche tecniche<\/strong>:<\/p>\n<ul>\n<li><strong>Materiale<\/strong>: Composito di legno e plastica (WPC)<\/li>\n<li><strong>Dimensioni<\/strong>: 135*119*23mm\/217*201*28mm\/227*210*25mm<\/li>\n<li><strong>Peso<\/strong>: 3 kg\/metro<\/li>\n<li><strong>Opzioni di colore<\/strong>: nero\/marrone\/bianco\/doppio colore<\/li>\n<li><strong>Opzioni di texture<\/strong>: venature del legno in rilievo 3d<\/li>\n<li><strong>Tipo di installazione<\/strong>:  Maschio e femmina, sistema a clip, ecc.<\/li>\n<li><strong>Resistenza all'acqua<\/strong>: Impermeabile\/antincendio<\/li>\n<li><strong>Resistenza al fuoco<\/strong>: Classe B<\/li>\n<li><strong>Manutenzione<\/strong>: Manutenzione minima, pulire con un panno umido<\/li>\n<\/ul>\n<hr \/>\n<p id=\"\"><strong>Applicazioni<\/strong>:<\/p>\n<p id=\"\">Il nostro pannello di rivestimento WPC per interni \u00e8 ideale per un'ampia gamma di applicazioni, tra cui:<\/p>\n<ul>\n<li style=\"list-style-type: none;\">\n<ul>\n<li>Salotti<\/li>\n<li>Camere da letto<\/li>\n<li>Cucine<\/li>\n<li>Bagni<\/li>\n<li>Uffici<\/li>\n<li>Palestre di casa<\/li>\n<li>Scantinati<\/li>\n<li>Qualsiasi altro spazio interno che necessiti di una finitura murale elegante, durevole e sostenibile.<\/li>\n<\/ul>\n<\/li>\n<\/ul>\n<p>Pannello di rivestimento della parete interna del Wpc Rivestimento della parete di decorazione del WPC per l'interno<\/p>\n<h3>Se volete saperne di pi\u00f9, cliccate su questo link a youtube:<a href=\"https:\/\/youtu.be\/pB4DLvKHjEI\" target=\"_blank\" rel=\"noopener\">https:\/\/youtu.be\/pB4DLvKHjEI<\/a><\/h3>\n<h3>Galleria<\/h3>\n<figure id=\"attachment_17374\" aria-describedby=\"caption-attachment-17374\" style=\"width: 1024px\" class=\"wp-caption alignnone\"><img loading=\"lazy\" decoding=\"async\" class=\"wp-image-17374\" src=\"https:\/\/meterny.com\/wp-content\/uploads\/2024\/04\/70-4.png\" alt=\"Pannello a parete WPC per corridoi\" width=\"1024\" height=\"1024\" srcset=\"https:\/\/meterny.com\/wp-content\/uploads\/2024\/04\/70-4.png 1024w, https:\/\/meterny.com\/wp-content\/uploads\/2024\/04\/70-4-300x300.png 300w, https:\/\/meterny.com\/wp-content\/uploads\/2024\/04\/70-4-150x150.png 150w, https:\/\/meterny.com\/wp-content\/uploads\/2024\/04\/70-4-768x768.png 768w, https:\/\/meterny.com\/wp-content\/uploads\/2024\/04\/70-4-600x600.png 600w, https:\/\/meterny.com\/wp-content\/uploads\/2024\/04\/70-4-100x100.png 100w\" sizes=\"auto, (max-width: 1024px) 100vw, 1024px\" \/><figcaption id=\"caption-attachment-17374\" class=\"wp-caption-text\">Fate risaltare i vostri corridoi con i pannelli a parete in WPC<\/figcaption><\/figure>\n<figure id=\"attachment_17369\" aria-describedby=\"caption-attachment-17369\" style=\"width: 1024px\" class=\"wp-caption alignnone\"><img loading=\"lazy\" decoding=\"async\" class=\"wp-image-17369\" src=\"https:\/\/meterny.com\/wp-content\/uploads\/2024\/04\/3-2.jpg\" alt=\"Pannelli da parete in WPC per ingressi\" width=\"1024\" height=\"1024\" srcset=\"https:\/\/meterny.com\/wp-content\/uploads\/2024\/04\/3-2.jpg 750w, https:\/\/meterny.com\/wp-content\/uploads\/2024\/04\/3-2-300x300.jpg 300w, https:\/\/meterny.com\/wp-content\/uploads\/2024\/04\/3-2-150x150.jpg 150w, https:\/\/meterny.com\/wp-content\/uploads\/2024\/04\/3-2-600x600.jpg 600w, https:\/\/meterny.com\/wp-content\/uploads\/2024\/04\/3-2-100x100.jpg 100w\" sizes=\"auto, (max-width: 1024px) 100vw, 1024px\" \/><figcaption id=\"caption-attachment-17369\" class=\"wp-caption-text\">Creare un ingresso invitante con i pannelli da parete in WPC<\/figcaption><\/figure>\n<h3><strong>Colore e superficie<\/strong><\/h3>\n<p>Il nostro pannello METE227H25 \u00e8 caratterizzato da un'elegante superficie a venatura diritta, che aggiunge una texture sofisticata a qualsiasi area.<\/p>\n<p>Con colori, dimensioni e forme personalizzabili, questi pannelli offrono un'eccezionale flessibilit\u00e0, consentendo di liberare la propria creativit\u00e0 in progetti di design sia interni che esterni.<\/p>\n<p>La tecnologia di eco-estrusione fa s\u00ec che ogni pannello non solo sia bello da vedere, ma contribuisca anche a un ambiente di vita sostenibile.<\/p>\n<p>Grazie a uno speciale materiale composito legno-plastica, questo pannello da parete \u00e8 resistente alla putrefazione e alla decomposizione, e resiste alle infestazioni di insetti e microbi.<\/p>\n<p>Scheda colori dei pannelli WPC serie Meterny METE<\/p>\n<figure id=\"attachment_20293\" aria-describedby=\"caption-attachment-20293\" style=\"width: 1024px\" class=\"wp-caption alignnone\"><img loading=\"lazy\" decoding=\"async\" class=\"wp-image-20293\" src=\"https:\/\/meterny.com\/wp-content\/uploads\/2024\/10\/METE-Series-Colour-151.png\" alt=\"Opzioni di colore della recinzione WPC Meterny\" width=\"1024\" height=\"1024\" srcset=\"https:\/\/meterny.com\/wp-content\/uploads\/2024\/10\/METE-Series-Colour-151.png 900w, https:\/\/meterny.com\/wp-content\/uploads\/2024\/10\/METE-Series-Colour-151-300x300.png 300w, https:\/\/meterny.com\/wp-content\/uploads\/2024\/10\/METE-Series-Colour-151-150x150.png 150w, https:\/\/meterny.com\/wp-content\/uploads\/2024\/10\/METE-Series-Colour-151-768x768.png 768w, https:\/\/meterny.com\/wp-content\/uploads\/2024\/10\/METE-Series-Colour-151-600x600.png 600w, https:\/\/meterny.com\/wp-content\/uploads\/2024\/10\/METE-Series-Colour-151-100x100.png 100w\" sizes=\"auto, (max-width: 1024px) 100vw, 1024px\" \/><figcaption id=\"caption-attachment-20293\" class=\"wp-caption-text\">Esplora la recinzione in WPC Meterny - Nove splendide opzioni di colore per ogni stile<\/figcaption><\/figure>\n<p id=\"\"><strong>Domande frequenti<\/strong>:<\/p>\n<p id=\"\">D: Il pannello di rivestimento WPC per interni \u00e8 facile da installare?<br \/>\nR: S\u00ec, i nostri rivestimenti per pareti sono progettati per una facile installazione e possono essere un ottimo progetto fai-da-te.<\/p>\n<p id=\"\">D: Quanto dura il rivestimento murale in WPC?<br \/>\nR: I nostri rivestimenti per pareti sono altamente durevoli e resistenti a marciume, muffa e funghi, garantendo il mantenimento del loro aspetto e della loro funzionalit\u00e0 per anni.<\/p>\n<p id=\"\">D: Il rivestimento delle pareti \u00e8 impermeabile?<br \/>\nR: S\u00ec, il nostro pannello di rivestimento WPC per interni \u00e8 impermeabile e perfetto per gli ambienti umidi.<\/p>\n<p id=\"\">D: Ci sono requisiti di manutenzione?<br \/>\nR: Mantenere pulito il rivestimento murale \u00e8 semplice. \u00c8 sufficiente passare un panno umido.<\/p>\n<h3>Perch\u00e9 scegliere il pannello di rivestimento WPC per interni?<\/h3>\n<p id=\"\">La scelta dei pannelli di rivestimento per interni in WPC (Wood Plastic Composite) offre diversi motivi convincenti:<\/p>\n<ol>\n<li>\n<p id=\"\"><strong>Durata<\/strong>: I pannelli da parete in WPC combinano la bellezza naturale del legno con la durabilit\u00e0 della plastica, offrendo un'elevata resistenza alla decadenza, alla marcescenza e alle infestazioni di insetti. Sono in grado di resistere alle condizioni climatiche avverse senza deteriorarsi, rendendoli adatti sia per applicazioni interne che esterne. Inoltre, i pannelli da parete in WPC sono resistenti all'umidit\u00e0, il che li rende ideali per aree ad alta umidit\u00e0 come bagni e cucine.<\/p>\n<\/li>\n<li>\n<p id=\"\"><strong>Ampia gamma di opzioni di design<\/strong>: I pannelli da parete in WPC sono disponibili in un'ampia gamma di colori, texture e finiture, che consentono a proprietari di case e progettisti di scegliere lo stile perfetto in base all'estetica personale o del progetto. Che si tratti di un look moderno ed elegante o di un aspetto pi\u00f9 tradizionale e rustico, i pannelli da parete in WPC possono essere personalizzati per soddisfare esigenze specifiche.<\/p>\n<\/li>\n<li>\n<p id=\"\"><strong>Rispettoso dell'ambiente e sostenibile<\/strong>: I pannelli da parete in WPC rappresentano un'alternativa ecologica ai tradizionali pannelli in legno, poich\u00e9 utilizzano materiali riciclati e riducono il consumo di risorse naturali. Rispetto ai pannelli in legno, i pannelli da parete in WPC richiedono una minore manutenzione, in quanto non necessitano di verniciatura o colorazione periodica, il che consente di risparmiare tempo e fatica e di ridurre l'uso di sostanze chimiche nocive.<\/p>\n<\/li>\n<li>\n<p id=\"\"><strong>Installazione semplice<\/strong>: I pannelli da parete in WPC sono leggeri e facili da maneggiare e installare. Possono essere facilmente tagliati e sagomati nelle dimensioni desiderate, consentendo di integrarsi perfettamente in qualsiasi spazio. Inoltre, i pannelli WPC possono essere installati direttamente sulle pareti esistenti, eliminando la necessit\u00e0 di un lungo lavoro di preparazione.<\/p>\n<\/li>\n<li>\n<p id=\"\"><strong>Bassa manutenzione<\/strong>: I pannelli da parete in WPC sono resistenti all'olio e alle macchie e facili da pulire. Con una durata superiore ai 60 anni, richiedono una manutenzione minima. Per la pulizia \u00e8 sufficiente utilizzare un panno umido, evitando per\u00f2 di usare cloro o abrasivi.<\/p>\n<\/li>\n<\/ol>\n<p id=\"\">In sintesi, i pannelli di rivestimento per interni in WPC sono la scelta ideale per migliorare la bellezza e la funzionalit\u00e0 di uno spazio abitativo o lavorativo grazie alla loro durata, all'ampia gamma di opzioni di design, al rispetto dell'ambiente, alla facilit\u00e0 di installazione e ai bassi requisiti di manutenzione.<\/p>\n<\/div>","protected":false},"excerpt":{"rendered":"<p>Scoprite il perfetto connubio tra stile e funzionalit\u00e0 con i pannelli compositi in legno-plastica di alta qualit\u00e0 di Meterny. Sia che stiate rinnovando la vostra casa, il vostro ufficio o una propriet\u00e0 commerciale, i nostri pannelli offrono una durata e un'estetica senza pari.<\/p>\n<p>Realizzati con materiali di alta qualit\u00e0, i nostri pannelli in composito legno-plastica sono progettati per resistere ai rigori dell'uso quotidiano, mantenendo un aspetto immacolato per gli anni a venire. Inoltre, grazie alla variet\u00e0 di colori, texture e finiture tra cui scegliere, \u00e8 possibile personalizzare facilmente lo spazio per riflettere il proprio stile e la propria visione.<\/p>\n<p>Ma non si tratta solo di estetica: i nostri pannelli sono anche ecologici e sostenibili, realizzati con materiali riciclati e progettati per ridurre al minimo l'impatto ambientale. Cos\u00ec, potrete godere di pareti bellissime riducendo al contempo la vostra impronta di carbonio.<\/p>\n<p>Aggiornate il vostro arredamento con i pannelli compositi in legno-plastica di Meterny. Esplorate oggi la nostra collezione e fate il primo passo per trasformare il vostro spazio in un capolavoro moderno.<\/p>","protected":false},"featured_media":17375,"comment_status":"open","ping_status":"closed","template":"","meta":{"_uag_custom_page_level_css":"","site-sidebar-layout":"default","site-content-layout":"","ast-site-content-layout":"default","site-content-style":"default","site-sidebar-style":"default","ast-global-header-display":"","ast-banner-title-visibility":"","ast-main-header-display":"","ast-hfb-above-header-display":"","ast-hfb-below-header-display":"","ast-hfb-mobile-header-display":"","site-post-title":"","ast-breadcrumbs-content":"","ast-featured-img":"","footer-sml-layout":"","theme-transparent-header-meta":"default","adv-header-id-meta":"","stick-header-meta":"default","header-above-stick-meta":"","header-main-stick-meta":"","header-below-stick-meta":"","astra-migrate-meta-layouts":"set","ast-page-background-enabled":"default","ast-page-background-meta":{"desktop":{"background-color":"var(--ast-global-color-4)","background-image":"","background-repeat":"repeat","background-position":"center center","background-size":"auto","background-attachment":"scroll","background-type":"","background-media":"","overlay-type":"","overlay-color":"","overlay-opacity":"","overlay-gradient":""},"tablet":{"background-color":"","background-image":"","background-repeat":"repeat","background-position":"center center","background-size":"auto","background-attachment":"scroll","background-type":"","background-media":"","overlay-type":"","overlay-color":"","overlay-opacity":"","overlay-gradient":""},"mobile":{"background-color":"","background-image":"","background-repeat":"repeat","background-position":"center center","background-size":"auto","background-attachment":"scroll","background-type":"","background-media":"","overlay-type":"","overlay-color":"","overlay-opacity":"","overlay-gradient":""}},"ast-content-background-meta":{"desktop":{"background-color":"var(--ast-global-color-5)","background-image":"","background-repeat":"repeat","background-position":"center center","background-size":"auto","background-attachment":"scroll","background-type":"","background-media":"","overlay-type":"","overlay-color":"","overlay-opacity":"","overlay-gradient":""},"tablet":{"background-color":"var(--ast-global-color-5)","background-image":"","background-repeat":"repeat","background-position":"center center","background-size":"auto","background-attachment":"scroll","background-type":"","background-media":"","overlay-type":"","overlay-color":"","overlay-opacity":"","overlay-gradient":""},"mobile":{"background-color":"var(--ast-global-color-5)","background-image":"","background-repeat":"repeat","background-position":"center center","background-size":"auto","background-attachment":"scroll","background-type":"","background-media":"","overlay-type":"","overlay-color":"","overlay-opacity":"","overlay-gradient":""}}},"product_brand":[],"product_cat":[174],"product_tag":[183,180],"class_list":{"0":"post-17388","1":"product","2":"type-product","3":"status-publish","4":"has-post-thumbnail","6":"product_cat-interior-wpc-wall","7":"product_tag-wpc-wall-interior","8":"product_tag-wpc-wall-panel","9":"desktop-align-center","10":"tablet-align-left","11":"mobile-align-left","12":"ast-product-gallery-layout-horizontal-slider","13":"ast-product-tabs-layout-vertical","15":"first","16":"instock","17":"shipping-taxable","18":"product-type-simple"},"uagb_featured_image_src":{"full":["https:\/\/meterny.com\/wp-content\/uploads\/2024\/04\/70-10.png",900,900,false],"thumbnail":["https:\/\/meterny.com\/wp-content\/uploads\/2024\/04\/70-10-150x150.png",150,150,true],"medium":["https:\/\/meterny.com\/wp-content\/uploads\/2024\/04\/70-10-300x300.png",300,300,true],"medium_large":["https:\/\/meterny.com\/wp-content\/uploads\/2024\/04\/70-10-768x768.png",768,768,true],"large":["https:\/\/meterny.com\/wp-content\/uploads\/2024\/04\/70-10.png",900,900,false],"1536x1536":["https:\/\/meterny.com\/wp-content\/uploads\/2024\/04\/70-10.png",900,900,false],"2048x2048":["https:\/\/meterny.com\/wp-content\/uploads\/2024\/04\/70-10.png",900,900,false],"trp-custom-language-flag":["https:\/\/meterny.com\/wp-content\/uploads\/2024\/04\/70-10.png",12,12,false],"woocommerce_thumbnail":["https:\/\/meterny.com\/wp-content\/uploads\/2024\/04\/70-10-300x300.png",300,300,true],"woocommerce_single":["https:\/\/meterny.com\/wp-content\/uploads\/2024\/04\/70-10-600x600.png",600,600,true],"woocommerce_gallery_thumbnail":["https:\/\/meterny.com\/wp-content\/uploads\/2024\/04\/70-10-100x100.png",100,100,true]},"uagb_author_info":{"display_name":"meterny","author_link":"https:\/\/meterny.com\/it\/author\/"},"uagb_comment_info":0,"uagb_excerpt":"Discover the perfect blend of style and functionality with Meterny's premium wood-plastic composite panels. Whether you're revamping your home, office, or commercial property, our panels offer unparalleled durability and aesthetics. Crafted from high-quality materials, our wood-plastic composite panels are designed to withstand the rigors of everyday use while maintaining their pristine appearance for years to&hellip;","_links":{"self":[{"href":"https:\/\/meterny.com\/it\/wp-json\/wp\/v2\/product\/17388","targetHints":{"allow":["GET"]}}],"collection":[{"href":"https:\/\/meterny.com\/it\/wp-json\/wp\/v2\/product"}],"about":[{"href":"https:\/\/meterny.com\/it\/wp-json\/wp\/v2\/types\/product"}],"replies":[{"embeddable":true,"href":"https:\/\/meterny.com\/it\/wp-json\/wp\/v2\/comments?post=17388"}],"wp:featuredmedia":[{"embeddable":true,"href":"https:\/\/meterny.com\/it\/wp-json\/wp\/v2\/media\/17375"}],"wp:attachment":[{"href":"https:\/\/meterny.com\/it\/wp-json\/wp\/v2\/media?parent=17388"}],"wp:term":[{"taxonomy":"product_brand","embeddable":true,"href":"https:\/\/meterny.com\/it\/wp-json\/wp\/v2\/product_brand?post=17388"},{"taxonomy":"product_cat","embeddable":true,"href":"https:\/\/meterny.com\/it\/wp-json\/wp\/v2\/product_cat?post=17388"},{"taxonomy":"product_tag","embeddable":true,"href":"https:\/\/meterny.com\/it\/wp-json\/wp\/v2\/product_tag?post=17388"}],"curies":[{"name":"wp","href":"https:\/\/api.w.org\/{rel}","templated":true}]}}