{"id":17389,"date":"2024-10-08T13:14:21","date_gmt":"2024-10-08T13:14:21","guid":{"rendered":"https:\/\/meterny.com\/?post_type=product&#038;p=17389"},"modified":"2025-01-15T08:02:30","modified_gmt":"2025-01-15T08:02:30","slug":"interior-bedroom-decoration-wpc-wall-panel","status":"publish","type":"product","link":"https:\/\/meterny.com\/it\/prodotto\/interior-bedroom-decoration-wpc-wall-panel\/","title":{"rendered":"Pannelli da parete in legno composito Wpc per interni Decorazione interna Pannelli da parete in legno composito Wpc"},"content":{"rendered":"<div class=\"elementor-element elementor-element-c0e1d42 elementor-widget elementor-widget-heading\" data-id=\"c0e1d42\" data-element_type=\"widget\" data-widget_type=\"heading.default\">\n<div class=\"elementor-widget-container\">\n<h2 class=\"elementor-heading-title elementor-size-default\" style=\"text-align: center;\">Composito di legno e plastica <strong>Pannello murale WPC della decorazione della camera da letto interna<\/strong><\/h2>\n<h2 class=\"elementor-heading-title elementor-size-default\" style=\"text-align: center;\">Specifiche<\/h2>\n<\/div>\n<\/div>\n<div class=\"elementor-element elementor-element-1f676da elementor-widget elementor-widget-heading\" data-id=\"1f676da\" data-element_type=\"widget\" data-widget_type=\"heading.default\">\n<h3><strong>Panoramica del prodotto<\/strong>:<\/h3>\n<p id=\"\">Il pannello murale in WPC, o pannello murale in Wood Plastic Composite, \u00e8 un materiale ecologico, impermeabile e durevole ricavato da una miscela di fibre di legno e plastica. Combina la bellezza naturale del legno tradizionale con i vantaggi della tecnologia moderna, rendendolo una scelta ideale per la ristrutturazione della casa e la decorazione di spazi commerciali.<\/p>\n<p><strong>Modello<\/strong>: METE227H25<br \/>\n<strong>Tipo<\/strong>: Pannello da parete scanalato WPC<br \/>\n<strong>Dimensione<\/strong>: 227\u00d725 mm<\/p>\n<p><strong>Superficie<\/strong>: Grani diritti<br \/>\n<strong>Lunghezza<\/strong>2,9 m o su misura<br \/>\n<strong>Materiale<\/strong>: Composito di legno e plastica<br \/>\n<strong>Tecnologia del prodotto<\/strong>: Eco-estrusione<\/p>\n<\/div>\n<div class=\"elementor-element elementor-element-1f676da elementor-widget elementor-widget-heading\" data-id=\"1f676da\" data-element_type=\"widget\" data-widget_type=\"heading.default\">\n<figure id=\"attachment_17367\" aria-describedby=\"caption-attachment-17367\" style=\"width: 1024px\" class=\"wp-caption alignnone\"><img loading=\"lazy\" decoding=\"async\" class=\"wp-image-17367\" src=\"https:\/\/meterny.com\/wp-content\/uploads\/2024\/04\/118.png\" alt=\"pannello da parete in wpc\" width=\"1024\" height=\"1024\" srcset=\"https:\/\/meterny.com\/wp-content\/uploads\/2024\/04\/118.png 800w, https:\/\/meterny.com\/wp-content\/uploads\/2024\/04\/118-300x300.png 300w, https:\/\/meterny.com\/wp-content\/uploads\/2024\/04\/118-150x150.png 150w, https:\/\/meterny.com\/wp-content\/uploads\/2024\/04\/118-768x768.png 768w, https:\/\/meterny.com\/wp-content\/uploads\/2024\/04\/118-600x600.png 600w, https:\/\/meterny.com\/wp-content\/uploads\/2024\/04\/118-100x100.png 100w\" sizes=\"auto, (max-width: 1024px) 100vw, 1024px\" \/><figcaption id=\"caption-attachment-17367\" class=\"wp-caption-text\">Trasformate la vostra camera da letto con eleganti pannelli da parete in WPC<\/figcaption><\/figure>\n<h3><strong>Caratteristiche del prodotto<\/strong>:<\/h3>\n<ol>\n<li><strong>Materiale ecologico<\/strong>:\n<ul>\n<li>Realizzato con fibre di legno e plastica rinnovabili, \u00e8 ecologico e riduce la dipendenza dalle risorse naturali.<\/li>\n<\/ul>\n<\/li>\n<li><strong>Impermeabile e resistente all'umidit\u00e0<\/strong>:\n<ul>\n<li>Non si deforma e non marcisce nemmeno dopo una prolungata esposizione all'acqua, rendendolo perfetto per cucine, bagni e altri ambienti umidi.<\/li>\n<\/ul>\n<\/li>\n<li><strong>Elevata durata<\/strong>:\n<ul>\n<li>Grazie all'eccellente resistenza agli agenti atmosferici e alla corrosione, pu\u00f2 sopportare i raggi UV, il vento, la pioggia e altri fattori naturali, prolungando la sua durata.<\/li>\n<\/ul>\n<\/li>\n<li><strong>Leggero e facile da installare<\/strong>:\n<ul>\n<li>Leggero, \u00e8 semplice e veloce da installare e non richiede competenze particolari. L'installazione fai-da-te consente di risparmiare tempo e denaro.<\/li>\n<\/ul>\n<\/li>\n<li><strong>Colori ricchi<\/strong>:\n<ul>\n<li>\u00c8 disponibile una variet\u00e0 di colori e texture per soddisfare diversi stili di decorazione ed esigenze personalizzate.<\/li>\n<\/ul>\n<\/li>\n<li><strong>Manutenzione semplice<\/strong>:\n<ul>\n<li>La pulizia \u00e8 comoda e pu\u00f2 essere effettuata con un panno umido, senza bisogno di detergenti speciali o cerature.<\/li>\n<\/ul>\n<\/li>\n<\/ol>\n<h3><strong>Specifiche del prodotto<\/strong>:<\/h3>\n<ul>\n<li>Dimensione: 135*119*23mm\/217*201*28mm\/227*210*25mm (personalizzabile in base ai requisiti del cliente)<\/li>\n<li>Colori: Nero, bianco avorio, verde, marrone cioccolato, acero, mogano, marrone sabbia, grigio francese, noce, marrone teak, ecc. (altri colori disponibili previa consultazione del servizio clienti).<\/li>\n<li>Composizione: 35% HDPE (Polietilene ad alta densit\u00e0) + 60% Fibre di legno + 5% Additivi<\/li>\n<\/ul>\n<h3><strong>Scenari di applicazione<\/strong>:<\/h3>\n<ul>\n<li>Adatto per pareti interne, soffitti di stanze, uffici, scantinati e altri luoghi.<\/li>\n<li>Particolarmente adatto a camere da letto, soggiorni, cucine e altri spazi domestici, nonch\u00e9 a negozi, ristoranti e altri locali commerciali.<\/li>\n<\/ul>\n<h3><strong>Guida all'installazione<\/strong>:<\/h3>\n<ul>\n<li>Il pannello da parete WPC pu\u00f2 essere installato su vari substrati, come piastrelle di ceramica, compensato e cartongesso.<\/li>\n<li>Per l'installazione, utilizzare accessori dedicati per garantire fermezza ed estetica.<\/li>\n<li>Prima dell'installazione, accertarsi che la superficie della parete sia piana, asciutta e pulita.<\/li>\n<\/ul>\n<h3><strong>Attenzione<\/strong>:<\/h3>\n<ul>\n<li>Per evitare di danneggiare la superficie, evitare l'uso di cloro o di abrasivi per la pulizia.<\/li>\n<li>Non collocare oggetti caldi direttamente sul pannello a parete per evitare deformazioni o danni.<\/li>\n<li>Durante l'installazione e l'uso, attenersi al manuale del prodotto e alle norme di sicurezza.<\/li>\n<\/ul>\n<h3><strong>Introduzione al marchio<\/strong>:<\/h3>\n<p id=\"\">Siamo un'azienda specializzata nella ricerca, nello sviluppo, nella produzione e nella vendita di materiali compositi in legno-plastica. Con una vasta esperienza di produzione e attrezzature tecniche avanzate, i nostri prodotti WPC Wall Panel sono stati sottoposti a rigorosi test di qualit\u00e0 e certificazioni, garantendo una qualit\u00e0 e una sicurezza eccezionali. Ci impegniamo a fornire ai clienti prodotti e servizi di alta qualit\u00e0 per soddisfare le loro esigenze personalizzate.<\/p>\n<\/div>\n<h3>Se volete conoscere maggiori dettagli, cliccate su questo link:<a href=\"https:\/\/youtu.be\/XqR4zuwyGyE\" target=\"_blank\" rel=\"noopener\">https:\/\/youtu.be\/XqR4zuwyGyE<\/a><\/h3>\n<p>&nbsp;<\/p>\n<div class=\"elementor-element elementor-element-1f676da elementor-widget elementor-widget-heading\" data-id=\"1f676da\" data-element_type=\"widget\" data-widget_type=\"heading.default\">\n<h3>Galleria<\/h3>\n<p>Pannello murale composito di plastica del legno decorazione dell'interno Rivestimento murale di decorazione del WPC per l'interno<\/p>\n<figure id=\"attachment_17370\" aria-describedby=\"caption-attachment-17370\" style=\"width: 1024px\" class=\"wp-caption alignnone\"><img loading=\"lazy\" decoding=\"async\" class=\"wp-image-17370\" src=\"https:\/\/meterny.com\/wp-content\/uploads\/2024\/04\/32-2.jpg\" alt=\"Pannelli a parete acustici in WPC per sale multimediali\" width=\"1024\" height=\"1024\" srcset=\"https:\/\/meterny.com\/wp-content\/uploads\/2024\/04\/32-2.jpg 640w, https:\/\/meterny.com\/wp-content\/uploads\/2024\/04\/32-2-300x300.jpg 300w, https:\/\/meterny.com\/wp-content\/uploads\/2024\/04\/32-2-150x150.jpg 150w, https:\/\/meterny.com\/wp-content\/uploads\/2024\/04\/32-2-600x600.jpg 600w, https:\/\/meterny.com\/wp-content\/uploads\/2024\/04\/32-2-100x100.jpg 100w\" sizes=\"auto, (max-width: 1024px) 100vw, 1024px\" \/><figcaption id=\"caption-attachment-17370\" class=\"wp-caption-text\">Aggiornate la vostra sala multimediale con i pannelli acustici da parete in WPC<\/figcaption><\/figure>\n<figure id=\"attachment_17372\" aria-describedby=\"caption-attachment-17372\" style=\"width: 1024px\" class=\"wp-caption alignnone\"><img loading=\"lazy\" decoding=\"async\" class=\"wp-image-17372\" src=\"https:\/\/meterny.com\/wp-content\/uploads\/2024\/04\/66.jpg\" alt=\"Pannello da parete WPC per soggiorni moderni\" width=\"1024\" height=\"1024\" srcset=\"https:\/\/meterny.com\/wp-content\/uploads\/2024\/04\/66.jpg 1080w, https:\/\/meterny.com\/wp-content\/uploads\/2024\/04\/66-300x300.jpg 300w, https:\/\/meterny.com\/wp-content\/uploads\/2024\/04\/66-1024x1024.jpg 1024w, https:\/\/meterny.com\/wp-content\/uploads\/2024\/04\/66-150x150.jpg 150w, https:\/\/meterny.com\/wp-content\/uploads\/2024\/04\/66-768x768.jpg 768w, https:\/\/meterny.com\/wp-content\/uploads\/2024\/04\/66-600x600.jpg 600w, https:\/\/meterny.com\/wp-content\/uploads\/2024\/04\/66-100x100.jpg 100w\" sizes=\"auto, (max-width: 1024px) 100vw, 1024px\" \/><figcaption id=\"caption-attachment-17372\" class=\"wp-caption-text\">Elevate il vostro soggiorno con i moderni pannelli da parete in WPC.<\/figcaption><\/figure>\n<figure id=\"attachment_17369\" aria-describedby=\"caption-attachment-17369\" style=\"width: 1024px\" class=\"wp-caption alignnone\"><img loading=\"lazy\" decoding=\"async\" class=\"wp-image-17369\" src=\"https:\/\/meterny.com\/wp-content\/uploads\/2024\/04\/3-2.jpg\" alt=\"Pannelli da parete in WPC per ingressi\" width=\"1024\" height=\"1024\" srcset=\"https:\/\/meterny.com\/wp-content\/uploads\/2024\/04\/3-2.jpg 750w, https:\/\/meterny.com\/wp-content\/uploads\/2024\/04\/3-2-300x300.jpg 300w, https:\/\/meterny.com\/wp-content\/uploads\/2024\/04\/3-2-150x150.jpg 150w, https:\/\/meterny.com\/wp-content\/uploads\/2024\/04\/3-2-600x600.jpg 600w, https:\/\/meterny.com\/wp-content\/uploads\/2024\/04\/3-2-100x100.jpg 100w\" sizes=\"auto, (max-width: 1024px) 100vw, 1024px\" \/><figcaption id=\"caption-attachment-17369\" class=\"wp-caption-text\">Creare un ingresso invitante con i pannelli da parete in WPC<\/figcaption><\/figure>\n<h3><strong>Colore e superficie<\/strong><\/h3>\n<p>Il nostro pannello METE227H25 \u00e8 caratterizzato da un'elegante superficie a venatura diritta, che aggiunge una texture sofisticata a qualsiasi area.<\/p>\n<p>Con colori, dimensioni e forme personalizzabili, questi pannelli offrono un'eccezionale flessibilit\u00e0, consentendo di liberare la propria creativit\u00e0 in progetti di design sia interni che esterni.<\/p>\n<p>La tecnologia di eco-estrusione fa s\u00ec che ogni pannello non solo sia bello da vedere, ma contribuisca anche a un ambiente di vita sostenibile.<\/p>\n<h3>Opzioni di colore<\/h3>\n<p>Scheda colori dei pannelli WPC serie Meterny METE<\/p>\n<figure id=\"attachment_20293\" aria-describedby=\"caption-attachment-20293\" style=\"width: 1024px\" class=\"wp-caption alignnone\"><img loading=\"lazy\" decoding=\"async\" class=\"wp-image-20293\" src=\"https:\/\/meterny.com\/wp-content\/uploads\/2024\/10\/METE-Series-Colour-151.png\" alt=\"Opzioni di colore della recinzione WPC Meterny\" width=\"1024\" height=\"1024\" srcset=\"https:\/\/meterny.com\/wp-content\/uploads\/2024\/10\/METE-Series-Colour-151.png 900w, https:\/\/meterny.com\/wp-content\/uploads\/2024\/10\/METE-Series-Colour-151-300x300.png 300w, https:\/\/meterny.com\/wp-content\/uploads\/2024\/10\/METE-Series-Colour-151-150x150.png 150w, https:\/\/meterny.com\/wp-content\/uploads\/2024\/10\/METE-Series-Colour-151-768x768.png 768w, https:\/\/meterny.com\/wp-content\/uploads\/2024\/10\/METE-Series-Colour-151-600x600.png 600w, https:\/\/meterny.com\/wp-content\/uploads\/2024\/10\/METE-Series-Colour-151-100x100.png 100w\" sizes=\"auto, (max-width: 1024px) 100vw, 1024px\" \/><figcaption id=\"caption-attachment-20293\" class=\"wp-caption-text\">Esplora la recinzione in WPC Meterny - Nove splendide opzioni di colore per ogni stile<\/figcaption><\/figure>\n<h3><strong>Perch\u00e9 scegliere il pannello murale WPC per la decorazione della camera da letto interna?<\/strong><\/h3>\n<p id=\"\">La decorazione degli interni delle camere da letto trae spesso grande beneficio dall'uso di pannelli da parete in WPC (Wood Plastic Composite). Ecco alcuni motivi convincenti per scegliere i pannelli da parete in WPC per la decorazione della camera da letto:<\/p>\n<ol>\n<li>\n<p id=\"\"><strong>Rispetto dell'ambiente<\/strong>:<\/p>\n<ul>\n<li>I pannelli da parete in WPC sono realizzati con una combinazione di fibre di legno e plastica, spesso utilizzando materiali riciclabili.<\/li>\n<li>Offrono un'alternativa sostenibile ai tradizionali pannelli in legno, riducendo l'impatto sulle foreste e sulle risorse naturali.<\/li>\n<\/ul>\n<\/li>\n<li>\n<p id=\"\"><strong>Durata e resistenza<\/strong>:<\/p>\n<ul>\n<li>I pannelli da parete in WPC sono noti per la loro eccellente durata, resistenza all'umidit\u00e0 e alle muffe.<\/li>\n<li>Sono meno inclini a deformarsi, fessurarsi o marcire, garantendo una durata maggiore rispetto ad altri materiali.<\/li>\n<\/ul>\n<\/li>\n<li>\n<p id=\"\"><strong>Facilit\u00e0 di installazione<\/strong>:<\/p>\n<ul>\n<li>I pannelli da parete in WPC sono progettati per una facile installazione, che spesso richiede strumenti e competenze minime.<\/li>\n<li>In questo modo si possono risparmiare tempo e costi di manodopera durante il processo di decorazione.<\/li>\n<\/ul>\n<\/li>\n<li>\n<p id=\"\"><strong>Estetica<\/strong>:<\/p>\n<ul>\n<li>I pannelli da parete in WPC sono disponibili in una variet\u00e0 di colori, texture e design che consentono un'ampia scelta estetica.<\/li>\n<li>Possono imitare l'aspetto del legno naturale, ma con in pi\u00f9 i vantaggi della durata e della resistenza.<\/li>\n<\/ul>\n<\/li>\n<li>\n<p id=\"\"><strong>Costo-efficacia<\/strong>:<\/p>\n<ul>\n<li>I pannelli da parete in WPC offrono una soluzione economica per la decorazione della camera da letto, combinando la convenienza con un'estetica di alta qualit\u00e0 e una lunga durata.<\/li>\n<li>Possono essere un'alternativa economica a materiali pi\u00f9 costosi, pur garantendo un look di alto livello.<\/li>\n<\/ul>\n<\/li>\n<li>\n<p id=\"\"><strong>Senza manutenzione<\/strong>:<\/p>\n<ul>\n<li>I pannelli da parete in WPC richiedono una manutenzione minima, come la pulizia con un panno umido.<\/li>\n<li>Non necessitano di verniciatura o sigillatura, riducendo cos\u00ec la necessit\u00e0 di una manutenzione continua.<\/li>\n<\/ul>\n<\/li>\n<li>\n<p id=\"\"><strong>Prestazioni migliorate<\/strong>:<\/p>\n<ul>\n<li>Oltre al loro fascino visivo, i pannelli da parete in WPC possono anche migliorare le prestazioni dello spazio della camera da letto.<\/li>\n<li>Possono migliorare l'isolamento, l'insonorizzazione e il controllo del rumore, creando un ambiente pi\u00f9 confortevole e sereno.<\/li>\n<\/ul>\n<\/li>\n<li>\n<p id=\"\"><strong>Versatilit\u00e0 di applicazione<\/strong>:<\/p>\n<ul>\n<li>I pannelli da parete in WPC sono versatili e possono essere utilizzati in vari ambienti, tra cui camere da letto, soggiorni e persino spazi commerciali.<\/li>\n<li>La loro adattabilit\u00e0 li rende un'ottima scelta per un'ampia gamma di progetti di decorazione.<\/li>\n<\/ul>\n<\/li>\n<\/ol>\n<p id=\"\">In conclusione, la scelta di pannelli murali in WPC per la decorazione della camera da letto offre una combinazione di rispetto dell'ambiente, durata, facilit\u00e0 di installazione, estetica, economicit\u00e0, assenza di manutenzione, prestazioni migliorate e versatilit\u00e0 di applicazione. Questi vantaggi rendono i pannelli murali in WPC una scelta eccellente per la decorazione della camera da letto, fornendo una soluzione elegante, durevole e pratica.<\/p>\n<\/div>","protected":false},"excerpt":{"rendered":"<p>Scoprite il perfetto connubio tra stile e funzionalit\u00e0 con i pannelli compositi in legno-plastica di alta qualit\u00e0 di Meterny. Sia che stiate rinnovando la vostra casa, il vostro ufficio o una propriet\u00e0 commerciale, i nostri pannelli offrono una durata e un'estetica senza pari.<\/p>\n<p>Realizzati con materiali di alta qualit\u00e0, i nostri pannelli in composito legno-plastica sono progettati per resistere ai rigori dell'uso quotidiano, mantenendo un aspetto immacolato per gli anni a venire. Inoltre, grazie alla variet\u00e0 di colori, texture e finiture tra cui scegliere, \u00e8 possibile personalizzare facilmente lo spazio per riflettere il proprio stile e la propria visione.<\/p>\n<p>Ma non si tratta solo di estetica: i nostri pannelli sono anche ecologici e sostenibili, realizzati con materiali riciclati e progettati per ridurre al minimo l'impatto ambientale. Cos\u00ec, potrete godere di pareti bellissime riducendo al contempo la vostra impronta di carbonio.<\/p>\n<p>Aggiornate il vostro arredamento con i pannelli compositi in legno-plastica di Meterny. Esplorate oggi la nostra collezione e fate il primo passo per trasformare il vostro spazio in un capolavoro moderno.<\/p>","protected":false},"featured_media":17367,"comment_status":"open","ping_status":"closed","template":"","meta":{"_uag_custom_page_level_css":"","site-sidebar-layout":"default","site-content-layout":"","ast-site-content-layout":"default","site-content-style":"default","site-sidebar-style":"default","ast-global-header-display":"","ast-banner-title-visibility":"","ast-main-header-display":"","ast-hfb-above-header-display":"","ast-hfb-below-header-display":"","ast-hfb-mobile-header-display":"","site-post-title":"","ast-breadcrumbs-content":"","ast-featured-img":"","footer-sml-layout":"","theme-transparent-header-meta":"default","adv-header-id-meta":"","stick-header-meta":"default","header-above-stick-meta":"","header-main-stick-meta":"","header-below-stick-meta":"","astra-migrate-meta-layouts":"set","ast-page-background-enabled":"default","ast-page-background-meta":{"desktop":{"background-color":"var(--ast-global-color-4)","background-image":"","background-repeat":"repeat","background-position":"center center","background-size":"auto","background-attachment":"scroll","background-type":"","background-media":"","overlay-type":"","overlay-color":"","overlay-opacity":"","overlay-gradient":""},"tablet":{"background-color":"","background-image":"","background-repeat":"repeat","background-position":"center center","background-size":"auto","background-attachment":"scroll","background-type":"","background-media":"","overlay-type":"","overlay-color":"","overlay-opacity":"","overlay-gradient":""},"mobile":{"background-color":"","background-image":"","background-repeat":"repeat","background-position":"center center","background-size":"auto","background-attachment":"scroll","background-type":"","background-media":"","overlay-type":"","overlay-color":"","overlay-opacity":"","overlay-gradient":""}},"ast-content-background-meta":{"desktop":{"background-color":"var(--ast-global-color-5)","background-image":"","background-repeat":"repeat","background-position":"center center","background-size":"auto","background-attachment":"scroll","background-type":"","background-media":"","overlay-type":"","overlay-color":"","overlay-opacity":"","overlay-gradient":""},"tablet":{"background-color":"var(--ast-global-color-5)","background-image":"","background-repeat":"repeat","background-position":"center center","background-size":"auto","background-attachment":"scroll","background-type":"","background-media":"","overlay-type":"","overlay-color":"","overlay-opacity":"","overlay-gradient":""},"mobile":{"background-color":"var(--ast-global-color-5)","background-image":"","background-repeat":"repeat","background-position":"center center","background-size":"auto","background-attachment":"scroll","background-type":"","background-media":"","overlay-type":"","overlay-color":"","overlay-opacity":"","overlay-gradient":""}}},"product_brand":[],"product_cat":[174],"product_tag":[183,180],"class_list":{"0":"post-17389","1":"product","2":"type-product","3":"status-publish","4":"has-post-thumbnail","6":"product_cat-interior-wpc-wall","7":"product_tag-wpc-wall-interior","8":"product_tag-wpc-wall-panel","9":"desktop-align-center","10":"tablet-align-left","11":"mobile-align-left","12":"ast-product-gallery-layout-horizontal-slider","13":"ast-product-tabs-layout-vertical","15":"first","16":"instock","17":"shipping-taxable","18":"product-type-simple"},"uagb_featured_image_src":{"full":["https:\/\/meterny.com\/wp-content\/uploads\/2024\/04\/118.png",800,800,false],"thumbnail":["https:\/\/meterny.com\/wp-content\/uploads\/2024\/04\/118-150x150.png",150,150,true],"medium":["https:\/\/meterny.com\/wp-content\/uploads\/2024\/04\/118-300x300.png",300,300,true],"medium_large":["https:\/\/meterny.com\/wp-content\/uploads\/2024\/04\/118-768x768.png",768,768,true],"large":["https:\/\/meterny.com\/wp-content\/uploads\/2024\/04\/118.png",800,800,false],"1536x1536":["https:\/\/meterny.com\/wp-content\/uploads\/2024\/04\/118.png",800,800,false],"2048x2048":["https:\/\/meterny.com\/wp-content\/uploads\/2024\/04\/118.png",800,800,false],"trp-custom-language-flag":["https:\/\/meterny.com\/wp-content\/uploads\/2024\/04\/118.png",12,12,false],"woocommerce_thumbnail":["https:\/\/meterny.com\/wp-content\/uploads\/2024\/04\/118-300x300.png",300,300,true],"woocommerce_single":["https:\/\/meterny.com\/wp-content\/uploads\/2024\/04\/118-600x600.png",600,600,true],"woocommerce_gallery_thumbnail":["https:\/\/meterny.com\/wp-content\/uploads\/2024\/04\/118-100x100.png",100,100,true]},"uagb_author_info":{"display_name":"meterny","author_link":"https:\/\/meterny.com\/it\/author\/"},"uagb_comment_info":0,"uagb_excerpt":"Discover the perfect blend of style and functionality with Meterny's premium wood-plastic composite panels. Whether you're revamping your home, office, or commercial property, our panels offer unparalleled durability and aesthetics. Crafted from high-quality materials, our wood-plastic composite panels are designed to withstand the rigors of everyday use while maintaining their pristine appearance for years to&hellip;","_links":{"self":[{"href":"https:\/\/meterny.com\/it\/wp-json\/wp\/v2\/product\/17389","targetHints":{"allow":["GET"]}}],"collection":[{"href":"https:\/\/meterny.com\/it\/wp-json\/wp\/v2\/product"}],"about":[{"href":"https:\/\/meterny.com\/it\/wp-json\/wp\/v2\/types\/product"}],"replies":[{"embeddable":true,"href":"https:\/\/meterny.com\/it\/wp-json\/wp\/v2\/comments?post=17389"}],"wp:featuredmedia":[{"embeddable":true,"href":"https:\/\/meterny.com\/it\/wp-json\/wp\/v2\/media\/17367"}],"wp:attachment":[{"href":"https:\/\/meterny.com\/it\/wp-json\/wp\/v2\/media?parent=17389"}],"wp:term":[{"taxonomy":"product_brand","embeddable":true,"href":"https:\/\/meterny.com\/it\/wp-json\/wp\/v2\/product_brand?post=17389"},{"taxonomy":"product_cat","embeddable":true,"href":"https:\/\/meterny.com\/it\/wp-json\/wp\/v2\/product_cat?post=17389"},{"taxonomy":"product_tag","embeddable":true,"href":"https:\/\/meterny.com\/it\/wp-json\/wp\/v2\/product_tag?post=17389"}],"curies":[{"name":"wp","href":"https:\/\/api.w.org\/{rel}","templated":true}]}}