{"id":17409,"date":"2024-10-08T13:48:46","date_gmt":"2024-10-08T13:48:46","guid":{"rendered":"https:\/\/meterny.com\/?post_type=product&#038;p=17409"},"modified":"2025-01-18T09:32:15","modified_gmt":"2025-01-18T09:32:15","slug":"wpc-composite-decking-outdoor","status":"publish","type":"product","link":"https:\/\/meterny.com\/it\/prodotto\/wpc-composite-decking-outdoor\/","title":{"rendered":"Decking composito del Wpc all'aperto 3D ha impresso il decking della piscina del Wpc della venatura di legno"},"content":{"rendered":"<div class=\"elementor-element elementor-element-c0e1d42 elementor-widget elementor-widget-heading\" data-id=\"c0e1d42\" data-element_type=\"widget\" data-widget_type=\"heading.default\">\n<div class=\"elementor-widget-container\">\n<h2 class=\"elementor-heading-title elementor-size-default\" style=\"text-align: center;\">Decking composito Wpc all'aperto<\/h2>\n<\/div>\n<\/div>\n<div class=\"elementor-element elementor-element-1f676da elementor-widget elementor-widget-heading\" data-id=\"1f676da\" data-element_type=\"widget\" data-widget_type=\"heading.default\">\n<h2 class=\"elementor-widget-container\" style=\"text-align: center;\">Specifiche<\/h2>\n<\/div>\n<div class=\"elementor-element elementor-element-1f676da elementor-widget elementor-widget-heading\" data-id=\"1f676da\" data-element_type=\"widget\" data-widget_type=\"heading.default\">\n<p id=\"\"><strong>Titolo<\/strong>: Decking composito WPC Premium per spazi esterni<\/p>\n<p id=\"\"><strong>Galleria di immagini<\/strong>: [Inserire immagini ad alta risoluzione che mostrano il decking in varie ambientazioni, colori e texture].<\/p>\n<p>Decking composito Wpc all'aperto<\/p>\n<p>METE140H25 WPC Composite Decking Outdoor: elevare i vostri spazi con eleganza moderna<\/p>\n<p><strong>Modello<\/strong>: METE140H25<br \/>\n<strong>Tipo<\/strong>: Decking\/pavimentazione WPC<br \/>\n<strong>Dimensione<\/strong>: 140\u00d725 mm<\/p>\n<p><strong>Superficie<\/strong>: Grani diritti<br \/>\n<strong>Lunghezza<\/strong>2,9 m o su misura<br \/>\n<strong>Materiale<\/strong>: Composito di legno e plastica<br \/>\n<strong>Tecnologia del prodotto<\/strong>: Eco-estrusione<\/p>\n<h3><strong>Panoramica<\/strong><\/h3>\n<p id=\"\">Trasformate il vostro spazio all'aperto con il nostro decking composito Premium WPC. Combinando la bellezza naturale del legno con la durata e le prestazioni della plastica, il nostro decking offre una soluzione straordinaria e a bassa manutenzione per patii, balconi, giardini e altro ancora.<\/p>\n<p><img loading=\"lazy\" decoding=\"async\" class=\"alignnone wp-image-17407\" src=\"https:\/\/meterny.com\/wp-content\/uploads\/2024\/03\/1-2.png\" alt=\"Decking composito Wpc all&#039;aperto\" width=\"1024\" height=\"1024\" srcset=\"https:\/\/meterny.com\/wp-content\/uploads\/2024\/03\/1-2.png 1024w, https:\/\/meterny.com\/wp-content\/uploads\/2024\/03\/1-2-300x300.png 300w, https:\/\/meterny.com\/wp-content\/uploads\/2024\/03\/1-2-150x150.png 150w, https:\/\/meterny.com\/wp-content\/uploads\/2024\/03\/1-2-768x768.png 768w, https:\/\/meterny.com\/wp-content\/uploads\/2024\/03\/1-2-600x600.png 600w, https:\/\/meterny.com\/wp-content\/uploads\/2024\/03\/1-2-100x100.png 100w\" sizes=\"auto, (max-width: 1024px) 100vw, 1024px\" \/><\/p>\n<hr \/>\n<ul>\n<li>Wpc Composite Decking Outdoor Wpc 3D Embossed Wood Grain Outdoor Wpc Swimming Pool Flooring Wpc Composite Decking<\/li>\n<\/ul>\n<h3><strong>Caratteristiche principali<\/strong><\/h3>\n<p id=\"\"><strong>1. Costruzione ecologica<\/strong>:<\/p>\n<ul>\n<li>Realizzato con una miscela di fibre di legno e plastica riciclate, per ridurre l'impatto ambientale.<\/li>\n<li>Promuove la sostenibilit\u00e0 e riduce gli sprechi.<\/li>\n<\/ul>\n<p id=\"\"><strong>2. Durata superiore<\/strong>:<\/p>\n<ul>\n<li>Resistente a marciume, deformazione, sbiadimento e macchie.<\/li>\n<li>Resiste a condizioni climatiche estreme, come temperature elevate, pioggia, neve e raggi UV.<\/li>\n<\/ul>\n<p id=\"\"><strong>3. Bassa manutenzione<\/strong>:<\/p>\n<ul>\n<li>Facile da pulire, non richiede sigillatura, colorazione o verniciatura.<\/li>\n<li>\u00c8 sufficiente innaffiare o pulire con un panno umido per mantenerne l'aspetto.<\/li>\n<\/ul>\n<p id=\"\"><strong>4. Estetica versatile<\/strong>:<\/p>\n<ul>\n<li>Disponibile in una gamma di colori, texture e stili che si adattano al vostro gusto personale e all'arredamento esterno.<\/li>\n<li>Imita l'aspetto del vero legno, ma con una maggiore durata e prestazioni.<\/li>\n<\/ul>\n<p id=\"\"><strong>5. Facile installazione<\/strong>:<\/p>\n<ul>\n<li>Presenta un innovativo sistema di bloccaggio per un'installazione facile e veloce.<\/li>\n<li>Non sono necessari chiodi o viti, riducendo i costi di manodopera e i tempi di installazione.<\/li>\n<\/ul>\n<p id=\"\"><strong>6. Sicurezza migliorata<\/strong>:<\/p>\n<ul>\n<li>Propriet\u00e0 antiscivolo per una maggiore sicurezza, soprattutto in condizioni di bagnato.<\/li>\n<li>Riduce il rischio di incidenti e lesioni.<\/li>\n<\/ul>\n<p id=\"\"><strong>7. Resistenza alle intemperie<\/strong>:<\/p>\n<ul>\n<li>Progettato per resistere alle intemperie, mantenendo l'integrit\u00e0 strutturale e l'estetica.<\/li>\n<li>Ideale per l'uso all'aperto in tutti i climi.<\/li>\n<\/ul>\n<hr \/>\n<h3><strong>Specifiche tecniche<\/strong><\/h3>\n<ul>\n<li><strong>Materiale<\/strong>: Composito di legno e plastica (WPC)<\/li>\n<li><strong>Dimensioni<\/strong>: 135*119*23mm\/217*201*28mm\/227*210*25mm<\/li>\n<li><strong>Opzioni di colore<\/strong>: Marrone, Grigio, Cedro, Legno rosso<\/li>\n<li><strong>Struttura<\/strong>: Venature del legno in rilievo 3d per un aspetto e una sensazione realistici<\/li>\n<li><strong>Peso<\/strong>: 3KG\/Metro<\/li>\n<li><strong>Resistenza allo sbiadimento<\/strong>: Elevata resistenza allo sbiadimento per mantenere la vivacit\u00e0 del colore nel tempo.<\/li>\n<li><strong>Resistenza all'umidit\u00e0<\/strong>: Elevata resistenza all'umidit\u00e0 per evitare deformazioni e marciumi.<\/li>\n<\/ul>\n<hr \/>\n<h3><strong>Guida all'installazione<\/strong><\/h3>\n<ul>\n<li><strong>Preparazione<\/strong>: Assicurarsi che il sottofondo sia pulito, asciutto e livellato.<\/li>\n<li><strong>Layout<\/strong>: Pianificare la disposizione della pavimentazione, assicurando una spaziatura e un allineamento adeguati.<\/li>\n<li><strong>Installazione<\/strong>: Utilizzare il sistema di bloccaggio per fissare insieme le tavole della terrazza. Seguire le istruzioni di installazione incluse per i dettagli.<\/li>\n<li><strong>Finitura<\/strong>: Rifilare il materiale in eccesso e aggiungere gli accessori desiderati, come fasce, ringhiere o illuminazione.<\/li>\n<\/ul>\n<hr \/>\n<h3><strong>Cura e manutenzione<\/strong><\/h3>\n<ul>\n<li><strong>Pulizia<\/strong>: Pulire regolarmente la terrazza con un tubo o un panno umido per rimuovere sporco e detriti.<\/li>\n<li><strong>Macchie e fuoriuscite<\/strong>: Pulire prontamente le fuoriuscite per evitare di macchiarle.<\/li>\n<li><strong>Ispezioni<\/strong>: Ispezionare regolarmente la pavimentazione per individuare eventuali segni di danni o usura e ripararla se necessario.<\/li>\n<\/ul>\n<hr \/>\n<h3><strong>Informazioni sulla garanzia<\/strong><\/h3>\n<ul>\n<li><strong>Garanzia limitata<\/strong>:pi\u00f9 di 10 anni che coprono l'integrit\u00e0 strutturale e la resistenza allo sbiadimento.<\/li>\n<li><strong>Termini e condizioni<\/strong>: Consultare il documento di garanzia per i termini e le condizioni completi.<\/li>\n<\/ul>\n<p>Decking composito del Wpc all'aperto 3D ha impresso la venatura di legno pavimentazione della piscina del Wpc all'aperto Decking composito del Wpc<\/p>\n<h3>Se volete saperne di pi\u00f9, cliccate su questo link a youtube:<a href=\"https:\/\/youtu.be\/J9f8X8wStE4\" target=\"_blank\" rel=\"noopener\">https:\/\/youtu.be\/J9f8X8wStE4<\/a><\/h3>\n<h3><\/h3>\n<h3>Galleria<\/h3>\n<p>Decking composito Wpc all'aperto<\/p>\n<figure id=\"attachment_17404\" aria-describedby=\"caption-attachment-17404\" style=\"width: 1024px\" class=\"wp-caption alignnone\"><img loading=\"lazy\" decoding=\"async\" class=\"wp-image-17404\" src=\"https:\/\/meterny.com\/wp-content\/uploads\/2024\/03\/1234-21.jpg\" alt=\"Pavimenti di lusso in WPC per spazi interni\" width=\"1024\" height=\"1024\" srcset=\"https:\/\/meterny.com\/wp-content\/uploads\/2024\/03\/1234-21.jpg 720w, https:\/\/meterny.com\/wp-content\/uploads\/2024\/03\/1234-21-300x300.jpg 300w, https:\/\/meterny.com\/wp-content\/uploads\/2024\/03\/1234-21-150x150.jpg 150w, https:\/\/meterny.com\/wp-content\/uploads\/2024\/03\/1234-21-600x600.jpg 600w, https:\/\/meterny.com\/wp-content\/uploads\/2024\/03\/1234-21-100x100.jpg 100w\" sizes=\"auto, (max-width: 1024px) 100vw, 1024px\" \/><figcaption id=\"caption-attachment-17404\" class=\"wp-caption-text\">Pavimenti WPC di lusso: La miscela perfetta di stile e comfort<\/figcaption><\/figure>\n<p>Decking composito Wpc all'aperto<\/p>\n<figure id=\"attachment_17406\" aria-describedby=\"caption-attachment-17406\" style=\"width: 1024px\" class=\"wp-caption alignnone\"><img loading=\"lazy\" decoding=\"async\" class=\"wp-image-17406\" src=\"https:\/\/meterny.com\/wp-content\/uploads\/2024\/03\/12345-6.jpg\" alt=\"Pavimentazione in WPC resistente agli agenti atmosferici per terrazze sul tetto\" width=\"1024\" height=\"1024\" srcset=\"https:\/\/meterny.com\/wp-content\/uploads\/2024\/03\/12345-6.jpg 800w, https:\/\/meterny.com\/wp-content\/uploads\/2024\/03\/12345-6-300x300.jpg 300w, https:\/\/meterny.com\/wp-content\/uploads\/2024\/03\/12345-6-150x150.jpg 150w, https:\/\/meterny.com\/wp-content\/uploads\/2024\/03\/12345-6-768x768.jpg 768w, https:\/\/meterny.com\/wp-content\/uploads\/2024\/03\/12345-6-600x600.jpg 600w, https:\/\/meterny.com\/wp-content\/uploads\/2024\/03\/12345-6-100x100.jpg 100w\" sizes=\"auto, (max-width: 1024px) 100vw, 1024px\" \/><figcaption id=\"caption-attachment-17406\" class=\"wp-caption-text\">Pavimentazione in WPC resistente agli agenti atmosferici: Perfetto per le terrazze sul tetto<\/figcaption><\/figure>\n<p>Decking composito Wpc all'aperto<\/p>\n<figure id=\"attachment_17394\" aria-describedby=\"caption-attachment-17394\" style=\"width: 1024px\" class=\"wp-caption alignnone\"><img loading=\"lazy\" decoding=\"async\" class=\"wp-image-17394\" src=\"https:\/\/meterny.com\/wp-content\/uploads\/2024\/03\/3-1-rotated.jpg\" alt=\"Pavimentazione per piscina in Wpc all&#039;aperto\" width=\"1024\" height=\"1024\" srcset=\"https:\/\/meterny.com\/wp-content\/uploads\/2024\/03\/3-1-rotated.jpg 800w, https:\/\/meterny.com\/wp-content\/uploads\/2024\/03\/3-1-300x300.jpg 300w, https:\/\/meterny.com\/wp-content\/uploads\/2024\/03\/3-1-150x150.jpg 150w, https:\/\/meterny.com\/wp-content\/uploads\/2024\/03\/3-1-768x768.jpg 768w, https:\/\/meterny.com\/wp-content\/uploads\/2024\/03\/3-1-600x600.jpg 600w, https:\/\/meterny.com\/wp-content\/uploads\/2024\/03\/3-1-100x100.jpg 100w\" sizes=\"auto, (max-width: 1024px) 100vw, 1024px\" \/><figcaption id=\"caption-attachment-17394\" class=\"wp-caption-text\">Pavimentazione per piscine in WPC per esterni - Bella e antiscivolo per la sicurezza a bordo piscina.<\/figcaption><\/figure>\n<h3><strong>Colore e superficie<\/strong><\/h3>\n<p>Il nostro Wpc Composite Decking Outdoor METE140H25 presenta un'elegante superficie a grana diritta, che aggiunge una texture sofisticata a qualsiasi area.<\/p>\n<p>Con colori, dimensioni e forme personalizzabili, questi pannelli offrono un'eccezionale flessibilit\u00e0, consentendo di liberare la propria creativit\u00e0 in progetti di design sia interni che esterni.<\/p>\n<p>La tecnologia di eco-estrusione fa s\u00ec che ogni pannello non solo sia bello da vedere, ma contribuisca anche a un ambiente di vita sostenibile.<\/p>\n<h3>Opzioni di colore<\/h3>\n<p>Meterny Wpc Composite Decking Outdoor METE Serie WPC Pavimentazione Scheda Colore<\/p>\n<figure id=\"attachment_20293\" aria-describedby=\"caption-attachment-20293\" style=\"width: 1024px\" class=\"wp-caption alignnone\"><img loading=\"lazy\" decoding=\"async\" class=\"wp-image-20293\" src=\"https:\/\/meterny.com\/wp-content\/uploads\/2024\/10\/METE-Series-Colour-151.png\" alt=\"Opzioni di colore della recinzione WPC Meterny\" width=\"1024\" height=\"1024\" srcset=\"https:\/\/meterny.com\/wp-content\/uploads\/2024\/10\/METE-Series-Colour-151.png 900w, https:\/\/meterny.com\/wp-content\/uploads\/2024\/10\/METE-Series-Colour-151-300x300.png 300w, https:\/\/meterny.com\/wp-content\/uploads\/2024\/10\/METE-Series-Colour-151-150x150.png 150w, https:\/\/meterny.com\/wp-content\/uploads\/2024\/10\/METE-Series-Colour-151-768x768.png 768w, https:\/\/meterny.com\/wp-content\/uploads\/2024\/10\/METE-Series-Colour-151-600x600.png 600w, https:\/\/meterny.com\/wp-content\/uploads\/2024\/10\/METE-Series-Colour-151-100x100.png 100w\" sizes=\"auto, (max-width: 1024px) 100vw, 1024px\" \/><figcaption id=\"caption-attachment-20293\" class=\"wp-caption-text\">Esplora il pavimento WPC Meterny - Nove splendide opzioni di colore per ogni stile<\/figcaption><\/figure>\n<h3><strong>Perch\u00e9 scegliere il decking composito WPC per esterni?<\/strong><\/h3>\n<p id=\"\">La scelta del WPC (Wood Plastic Composite) per il vostro spazio esterno offre una moltitudine di vantaggi che lo rendono un'alternativa superiore al tradizionale decking in legno e ad altri materiali. Ecco alcuni validi motivi per scegliere il decking composito in WPC:<\/p>\n<ol>\n<li><strong>Durata e longevit\u00e0<\/strong>:\n<ul>\n<li>Il decking in WPC \u00e8 progettato per resistere alle intemperie, comprese condizioni climatiche estreme come calore, pioggia, neve e raggi UV.<\/li>\n<li>\u00c8 resistente alla putrefazione, alla deformazione, allo sbiadimento e alle macchie, garantendo il mantenimento dell'aspetto e dell'integrit\u00e0 strutturale nel tempo.<\/li>\n<\/ul>\n<\/li>\n<li><strong>Bassa manutenzione<\/strong>:\n<ul>\n<li>A differenza dei tradizionali decking in legno, i decking compositi in WPC richiedono una manutenzione minima.<\/li>\n<li>\u00c8 facile da pulire e pu\u00f2 essere mantenuto con un tubo o un panno umido, risparmiando tempo e fatica.<\/li>\n<\/ul>\n<\/li>\n<li><strong>Ecologico<\/strong>:\n<ul>\n<li>I pavimenti in WPC sono realizzati con una miscela di fibre di legno e plastica riciclata, che li rende una scelta ecologica.<\/li>\n<li>Promuove la sostenibilit\u00e0 riducendo i rifiuti e utilizzando materiali riciclati.<\/li>\n<\/ul>\n<\/li>\n<li><strong>Estetica<\/strong>:\n<ul>\n<li>Il decking in WPC offre un'ampia gamma di colori, texture e stili che si adattano al vostro gusto personale e all'arredamento esterno.<\/li>\n<li>Imita l'aspetto del vero legno, ma con una maggiore durata e prestazioni, offrendo un aspetto sorprendente e naturale.<\/li>\n<\/ul>\n<\/li>\n<li><strong>Economicamente vantaggioso<\/strong>:\n<ul>\n<li>Sebbene il costo iniziale del decking in WPC possa essere leggermente superiore a quello di alcuni materiali tradizionali, la bassa manutenzione e la lunga durata lo rendono un investimento conveniente.<\/li>\n<li>Nel corso degli anni risparmierete su sigillature, mordenzature, verniciature e riparazioni.<\/li>\n<\/ul>\n<\/li>\n<li><strong>Sicurezza<\/strong>:\n<ul>\n<li>Il decking in WPC ha propriet\u00e0 antiscivolo che lo rendono pi\u00f9 sicuro da calpestare, soprattutto in condizioni di bagnato.<\/li>\n<li>In questo modo si riduce il rischio di incidenti e lesioni, garantendo uno spazio esterno pi\u00f9 sicuro per voi e per i vostri ospiti.<\/li>\n<\/ul>\n<\/li>\n<li><strong>Facilit\u00e0 di installazione<\/strong>:\n<ul>\n<li>I pavimenti in WPC sono progettati per una facile installazione, spesso con sistemi di chiusura innovativi che non richiedono chiodi o viti.<\/li>\n<li>Questo riduce i costi di manodopera e i tempi di installazione, rendendolo una scelta conveniente sia per gli amanti del fai-da-te che per i professionisti.<\/li>\n<\/ul>\n<\/li>\n<li><strong>Versatilit\u00e0<\/strong>:\n<ul>\n<li>Il decking in WPC \u00e8 versatile e pu\u00f2 essere utilizzato in una variet\u00e0 di spazi esterni, tra cui patii, balconi, giardini e altro ancora.<\/li>\n<li>Pu\u00f2 essere personalizzato per adattarsi a qualsiasi design o disposizione, offrendo una soluzione flessibile per le vostre esigenze esterne.<\/li>\n<\/ul>\n<\/li>\n<\/ol>\n<p id=\"\">In conclusione, la scelta del decking in WPC per il vostro spazio esterno offre una combinazione di durata, bassa manutenzione, ecocompatibilit\u00e0, estetica, economicit\u00e0, sicurezza, facilit\u00e0 di installazione e versatilit\u00e0. Questi vantaggi rendono il decking in WPC una scelta superiore per chiunque voglia migliorare la propria esperienza di vita all'aperto.<\/p>\n<\/div>","protected":false},"excerpt":{"rendered":"<p>Wpc Composite Decking Outdoor Specifiche Titolo: Decking composito WPC premium per spazi esterni Galleria immagini: [Inserire immagini ad alta risoluzione che mostrano il [...]<\/p>","protected":false},"featured_media":17407,"comment_status":"open","ping_status":"closed","template":"","meta":{"_uag_custom_page_level_css":"","site-sidebar-layout":"default","site-content-layout":"","ast-site-content-layout":"default","site-content-style":"default","site-sidebar-style":"default","ast-global-header-display":"","ast-banner-title-visibility":"","ast-main-header-display":"","ast-hfb-above-header-display":"","ast-hfb-below-header-display":"","ast-hfb-mobile-header-display":"","site-post-title":"","ast-breadcrumbs-content":"","ast-featured-img":"","footer-sml-layout":"","theme-transparent-header-meta":"default","adv-header-id-meta":"","stick-header-meta":"default","header-above-stick-meta":"","header-main-stick-meta":"","header-below-stick-meta":"","astra-migrate-meta-layouts":"set","ast-page-background-enabled":"default","ast-page-background-meta":{"desktop":{"background-color":"var(--ast-global-color-4)","background-image":"","background-repeat":"repeat","background-position":"center center","background-size":"auto","background-attachment":"scroll","background-type":"","background-media":"","overlay-type":"","overlay-color":"","overlay-opacity":"","overlay-gradient":""},"tablet":{"background-color":"","background-image":"","background-repeat":"repeat","background-position":"center center","background-size":"auto","background-attachment":"scroll","background-type":"","background-media":"","overlay-type":"","overlay-color":"","overlay-opacity":"","overlay-gradient":""},"mobile":{"background-color":"","background-image":"","background-repeat":"repeat","background-position":"center center","background-size":"auto","background-attachment":"scroll","background-type":"","background-media":"","overlay-type":"","overlay-color":"","overlay-opacity":"","overlay-gradient":""}},"ast-content-background-meta":{"desktop":{"background-color":"var(--ast-global-color-5)","background-image":"","background-repeat":"repeat","background-position":"center center","background-size":"auto","background-attachment":"scroll","background-type":"","background-media":"","overlay-type":"","overlay-color":"","overlay-opacity":"","overlay-gradient":""},"tablet":{"background-color":"var(--ast-global-color-5)","background-image":"","background-repeat":"repeat","background-position":"center center","background-size":"auto","background-attachment":"scroll","background-type":"","background-media":"","overlay-type":"","overlay-color":"","overlay-opacity":"","overlay-gradient":""},"mobile":{"background-color":"var(--ast-global-color-5)","background-image":"","background-repeat":"repeat","background-position":"center center","background-size":"auto","background-attachment":"scroll","background-type":"","background-media":"","overlay-type":"","overlay-color":"","overlay-opacity":"","overlay-gradient":""}}},"product_brand":[],"product_cat":[18],"product_tag":[182,181],"class_list":{"0":"post-17409","1":"product","2":"type-product","3":"status-publish","4":"has-post-thumbnail","6":"product_cat-uncategorized","7":"product_tag-wpc-decking","8":"product_tag-wpc-flooring","9":"desktop-align-center","10":"tablet-align-left","11":"mobile-align-left","12":"ast-product-gallery-layout-horizontal-slider","13":"ast-product-tabs-layout-vertical","15":"first","16":"instock","17":"featured","18":"shipping-taxable","19":"product-type-simple"},"uagb_featured_image_src":{"full":["https:\/\/meterny.com\/wp-content\/uploads\/2024\/03\/1-2.png",1024,1024,false],"thumbnail":["https:\/\/meterny.com\/wp-content\/uploads\/2024\/03\/1-2-150x150.png",150,150,true],"medium":["https:\/\/meterny.com\/wp-content\/uploads\/2024\/03\/1-2-300x300.png",300,300,true],"medium_large":["https:\/\/meterny.com\/wp-content\/uploads\/2024\/03\/1-2-768x768.png",768,768,true],"large":["https:\/\/meterny.com\/wp-content\/uploads\/2024\/03\/1-2.png",1024,1024,false],"1536x1536":["https:\/\/meterny.com\/wp-content\/uploads\/2024\/03\/1-2.png",1024,1024,false],"2048x2048":["https:\/\/meterny.com\/wp-content\/uploads\/2024\/03\/1-2.png",1024,1024,false],"trp-custom-language-flag":["https:\/\/meterny.com\/wp-content\/uploads\/2024\/03\/1-2.png",12,12,false],"woocommerce_thumbnail":["https:\/\/meterny.com\/wp-content\/uploads\/2024\/03\/1-2-300x300.png",300,300,true],"woocommerce_single":["https:\/\/meterny.com\/wp-content\/uploads\/2024\/03\/1-2-600x600.png",600,600,true],"woocommerce_gallery_thumbnail":["https:\/\/meterny.com\/wp-content\/uploads\/2024\/03\/1-2-100x100.png",100,100,true]},"uagb_author_info":{"display_name":"meterny","author_link":"https:\/\/meterny.com\/it\/author\/"},"uagb_comment_info":0,"uagb_excerpt":"Wpc Composite Decking Outdoor Specification Title: Premium WPC Composite Decking for Outdoor Spaces Image Gallery: [Insert high-resolution images showcasing the [&hellip;]","_links":{"self":[{"href":"https:\/\/meterny.com\/it\/wp-json\/wp\/v2\/product\/17409","targetHints":{"allow":["GET"]}}],"collection":[{"href":"https:\/\/meterny.com\/it\/wp-json\/wp\/v2\/product"}],"about":[{"href":"https:\/\/meterny.com\/it\/wp-json\/wp\/v2\/types\/product"}],"replies":[{"embeddable":true,"href":"https:\/\/meterny.com\/it\/wp-json\/wp\/v2\/comments?post=17409"}],"wp:featuredmedia":[{"embeddable":true,"href":"https:\/\/meterny.com\/it\/wp-json\/wp\/v2\/media\/17407"}],"wp:attachment":[{"href":"https:\/\/meterny.com\/it\/wp-json\/wp\/v2\/media?parent=17409"}],"wp:term":[{"taxonomy":"product_brand","embeddable":true,"href":"https:\/\/meterny.com\/it\/wp-json\/wp\/v2\/product_brand?post=17409"},{"taxonomy":"product_cat","embeddable":true,"href":"https:\/\/meterny.com\/it\/wp-json\/wp\/v2\/product_cat?post=17409"},{"taxonomy":"product_tag","embeddable":true,"href":"https:\/\/meterny.com\/it\/wp-json\/wp\/v2\/product_tag?post=17409"}],"curies":[{"name":"wp","href":"https:\/\/api.w.org\/{rel}","templated":true}]}}