{"id":17410,"date":"2024-10-08T13:57:00","date_gmt":"2024-10-08T13:57:00","guid":{"rendered":"https:\/\/meterny.com\/?post_type=product&#038;p=17410"},"modified":"2025-01-18T09:30:53","modified_gmt":"2025-01-18T09:30:53","slug":"wpc-decking-panels-wpc-flooring","status":"publish","type":"product","link":"https:\/\/meterny.com\/it\/prodotto\/wpc-decking-panels-wpc-flooring\/","title":{"rendered":"Il legno composito di plastica 3D ha impresso i pannelli di decking del Wpc della venatura di legno Pavimentazione del Wpc"},"content":{"rendered":"<div class=\"elementor-element elementor-element-c0e1d42 elementor-widget elementor-widget-heading\" data-id=\"c0e1d42\" data-element_type=\"widget\" data-widget_type=\"heading.default\">\n<div class=\"elementor-widget-container\">\n<h2 class=\"elementor-heading-title elementor-size-default\" style=\"text-align: center;\">\u00a0Pannelli per decking in Wpc Pavimenti in Wpc<\/h2>\n<\/div>\n<\/div>\n<div class=\"elementor-element elementor-element-1f676da elementor-widget elementor-widget-heading\" data-id=\"1f676da\" data-element_type=\"widget\" data-widget_type=\"heading.default\">\n<h2 class=\"elementor-widget-container\" style=\"text-align: center;\">Specifiche<\/h2>\n<p>Pannelli per decking in Wpc Pavimenti in Wpc<\/p>\n<p>METE140H25 Pannelli per decking in Wpc Pavimenti in Wpc: elevare i vostri spazi con eleganza moderna<\/p>\n<p><strong>Modello<\/strong>: METE140H25<br \/>\n<strong>Tipo<\/strong>: Decking\/pavimentazione WPC<br \/>\n<strong>Dimensione<\/strong>: 140\u00d725 mm<\/p>\n<p><strong>Superficie<\/strong>: Grani diritti<br \/>\n<strong>Lunghezza<\/strong>2,9 m o su misura<br \/>\n<strong>Materiale<\/strong>: Composito di legno e plastica<br \/>\n<strong>Tecnologia del prodotto<\/strong>: Eco-estrusione<\/p>\n<p><img loading=\"lazy\" decoding=\"async\" class=\"alignnone wp-image-17393\" src=\"https:\/\/meterny.com\/wp-content\/uploads\/2024\/03\/1-40.jpg\" alt=\"Pannelli per decking in Wpc Pavimenti in Wpc\" width=\"1024\" height=\"1024\" srcset=\"https:\/\/meterny.com\/wp-content\/uploads\/2024\/03\/1-40.jpg 800w, https:\/\/meterny.com\/wp-content\/uploads\/2024\/03\/1-40-300x300.jpg 300w, https:\/\/meterny.com\/wp-content\/uploads\/2024\/03\/1-40-150x150.jpg 150w, https:\/\/meterny.com\/wp-content\/uploads\/2024\/03\/1-40-768x768.jpg 768w, https:\/\/meterny.com\/wp-content\/uploads\/2024\/03\/1-40-600x600.jpg 600w, https:\/\/meterny.com\/wp-content\/uploads\/2024\/03\/1-40-100x100.jpg 100w\" sizes=\"auto, (max-width: 1024px) 100vw, 1024px\" \/><\/p>\n<\/div>\n<div class=\"elementor-element elementor-element-1f676da elementor-widget elementor-widget-heading\" data-id=\"1f676da\" data-element_type=\"widget\" data-widget_type=\"heading.default\">\n<ul>\n<li>Wpc Composite Decking Outdoor Wpc 3D Embossed Wood Grain Outdoor Wpc Decking Panels Wpc Flooring<\/li>\n<\/ul>\n<p id=\"\"><strong>Nome del prodotto<\/strong><br \/>\nPannelli per decking in WPC e pavimentazione in WPC<\/p>\n<p id=\"\"><strong>Panoramica del prodotto\u3011<\/strong><\/p>\n<p id=\"\">Benvenuti nella nostra collezione di pannelli per decking e pavimenti in WPC (Wood Plastic Composite)! I nostri pannelli per decking e i nostri pavimenti in WPC combinano la bellezza del legno naturale con la durabilit\u00e0 della plastica, portando un comfort e uno stile senza pari ai vostri spazi esterni e interni. Realizzati con tecniche di produzione avanzate e materiali ecologici, i nostri prodotti sono progettati per creare un ambiente di vita esteticamente piacevole e funzionale.<\/p>\n<p id=\"\"><strong>Caratteristiche del prodotto\u3011<\/strong><\/p>\n<ol>\n<li>\n<p id=\"\"><strong>Venatura del legno naturale<\/strong>: I nostri pannelli e pavimenti in WPC sono caratterizzati da una tecnologia di stampa ad alta definizione che riproduce perfettamente le delicate texture del legno naturale, aggiungendo un tocco di natura al vostro spazio.<\/p>\n<\/li>\n<li>\n<p id=\"\"><strong>Super durata<\/strong>: Realizzati con fibre di legno di alta qualit\u00e0 e polietilene ad alta densit\u00e0, i nostri prodotti offrono un'eccellente resistenza all'usura, agli agenti atmosferici e all'impermeabilit\u00e0, in grado di sopportare diverse condizioni climatiche avverse e l'usura quotidiana.<\/p>\n<\/li>\n<li>\n<p id=\"\"><strong>Ecologico e salutare<\/strong>: Ci impegniamo a produrre in modo ecologico, con tutti i materiali conformi agli standard ambientali, non tossici e innocui, creando un ambiente di vita sano e sicuro per voi e la vostra famiglia.<\/p>\n<\/li>\n<li>\n<p id=\"\"><strong>Installazione semplice<\/strong>: Grazie a design di chiusura innovativi, i nostri prodotti possono essere installati facilmente senza colla o chiodi, risparmiando tempo e costi.<\/p>\n<\/li>\n<li>\n<p id=\"\"><strong>Manutenzione semplice<\/strong>: La pulizia quotidiana richiede solo un panno umido, senza bisogno di cure particolari, rendendo la vita pi\u00f9 facile e conveniente.<\/p>\n<\/li>\n<li>\n<p id=\"\"><strong>Opzioni diverse<\/strong>: Offriamo una variet\u00e0 di colori, texture e dimensioni per adattarsi a diversi stili ed esigenze, personalizzando il vostro spazio.<\/p>\n<\/li>\n<\/ol>\n<p id=\"\"><strong>\u3010Scenari di applicazione\u3011<\/strong><\/p>\n<ul>\n<li>\n<p id=\"\"><strong>Decking per esterni<\/strong>: I nostri pannelli per decking in WPC sono ideali per il relax all'aperto, offrendo una piattaforma comoda e bella per grigliate, riunioni o per il tempo libero quotidiano.<\/p>\n<\/li>\n<li>\n<p id=\"\"><strong>Pavimenti per interni<\/strong>: I pavimenti in WPC non sono solo belli e resistenti, ma anche facili da pulire, il che li rende perfetti per case, uffici, negozi e altri spazi interni.<\/p>\n<\/li>\n<li>\n<p id=\"\"><strong>Pazienti e balconi<\/strong>: Aggiungete un tocco di natura e calore al vostro patio o balcone e godetevi la bellezza della vita all'aperto.<\/p>\n<\/li>\n<\/ul>\n<p id=\"\"><strong>Specifiche tecniche\u3011<\/strong><\/p>\n<ul>\n<li><strong>Materiale<\/strong>: Fibre di legno + polietilene ad alta densit\u00e0<\/li>\n<li><strong>Dimensione<\/strong>: Sono disponibili pi\u00f9 misure (consultare il servizio clienti per informazioni dettagliate).<\/li>\n<li><strong>Colore<\/strong>: Disponibili vari colori naturali delle venature del legno<\/li>\n<li><strong>Peso<\/strong>: Dipende dalle dimensioni specifiche<\/li>\n<li><strong>Metodo di installazione<\/strong>: Installazione di bloccaggio<\/li>\n<\/ul>\n<p id=\"\"><strong>Guida all'acquisto<\/strong><\/p>\n<ul>\n<li><strong>Consultare il servizio clienti<\/strong>: Per qualsiasi domanda o servizio personalizzato, non esitate a contattare il nostro servizio clienti.<\/li>\n<li><strong>Effettuare l'ordine<\/strong>: Selezionare lo stile e la taglia preferiti, aggiungere al carrello e completare il pagamento.<\/li>\n<li><strong>Logistica e consegna<\/strong>: Offriamo servizi di logistica e consegna rapidi e sicuri per garantire che i prodotti arrivino in tempo.<\/li>\n<\/ul>\n<h3><strong>Colore e superficie<\/strong><\/h3>\n<p>Il nostro pavimento METE140H25 \u00e8 caratterizzato da un'elegante superficie a venatura diritta, che aggiunge una texture sofisticata a qualsiasi area.<\/p>\n<p>Con colori, dimensioni e forme personalizzabili, questi pannelli offrono un'eccezionale flessibilit\u00e0, consentendo di liberare la propria creativit\u00e0 in progetti di design sia interni che esterni.<\/p>\n<p>La tecnologia di eco-estrusione fa s\u00ec che ogni pannello non solo sia bello da vedere, ma contribuisca anche a un ambiente di vita sostenibile.<\/p>\n<\/div>\n<h3>Se volete saperne di pi\u00f9, cliccate su questo link a youtube:<a href=\"https:\/\/youtu.be\/J9f8X8wStE4\" target=\"_blank\" rel=\"noopener\">https:\/\/youtu.be\/J9f8X8wStE4<\/a><\/h3>\n<p>&nbsp;<\/p>\n<div class=\"elementor-element elementor-element-1f676da elementor-widget elementor-widget-heading\" data-id=\"1f676da\" data-element_type=\"widget\" data-widget_type=\"heading.default\">\n<h3>Galleria<\/h3>\n<figure id=\"attachment_17399\" aria-describedby=\"caption-attachment-17399\" style=\"width: 1024px\" class=\"wp-caption alignnone\"><img loading=\"lazy\" decoding=\"async\" class=\"wp-image-17399\" src=\"https:\/\/meterny.com\/wp-content\/uploads\/2024\/03\/13-3.png\" alt=\"Pavimentazione WPC a drenaggio rapido per aree piovose\" width=\"1024\" height=\"1024\" srcset=\"https:\/\/meterny.com\/wp-content\/uploads\/2024\/03\/13-3.png 800w, https:\/\/meterny.com\/wp-content\/uploads\/2024\/03\/13-3-300x300.png 300w, https:\/\/meterny.com\/wp-content\/uploads\/2024\/03\/13-3-150x150.png 150w, https:\/\/meterny.com\/wp-content\/uploads\/2024\/03\/13-3-768x768.png 768w, https:\/\/meterny.com\/wp-content\/uploads\/2024\/03\/13-3-600x600.png 600w, https:\/\/meterny.com\/wp-content\/uploads\/2024\/03\/13-3-100x100.png 100w\" sizes=\"auto, (max-width: 1024px) 100vw, 1024px\" \/><figcaption id=\"caption-attachment-17399\" class=\"wp-caption-text\">Pavimenti WPC a drenaggio rapido: La soluzione perfetta per le regioni piovose<\/figcaption><\/figure>\n<figure id=\"attachment_17396\" aria-describedby=\"caption-attachment-17396\" style=\"width: 1024px\" class=\"wp-caption alignnone\"><img loading=\"lazy\" decoding=\"async\" class=\"wp-image-17396\" src=\"https:\/\/meterny.com\/wp-content\/uploads\/2024\/03\/3-1.png\" alt=\"Pavimentazione antiscivolo in WPC per i sentieri del giardino\" width=\"1024\" height=\"1024\" srcset=\"https:\/\/meterny.com\/wp-content\/uploads\/2024\/03\/3-1.png 1079w, https:\/\/meterny.com\/wp-content\/uploads\/2024\/03\/3-1-300x300.png 300w, https:\/\/meterny.com\/wp-content\/uploads\/2024\/03\/3-1-1024x1024.png 1024w, https:\/\/meterny.com\/wp-content\/uploads\/2024\/03\/3-1-150x150.png 150w, https:\/\/meterny.com\/wp-content\/uploads\/2024\/03\/3-1-768x768.png 768w, https:\/\/meterny.com\/wp-content\/uploads\/2024\/03\/3-1-600x600.png 600w, https:\/\/meterny.com\/wp-content\/uploads\/2024\/03\/3-1-100x100.png 100w\" sizes=\"auto, (max-width: 1024px) 100vw, 1024px\" \/><figcaption id=\"caption-attachment-17396\" class=\"wp-caption-text\">Pavimenti in WPC antiscivolo: Percorsi da giardino sicuri ed eleganti<\/figcaption><\/figure>\n<p><img loading=\"lazy\" decoding=\"async\" class=\"alignnone wp-image-17395\" src=\"https:\/\/meterny.com\/wp-content\/uploads\/2024\/03\/3-6-rotated.jpg\" alt=\"\" width=\"1024\" height=\"1024\" srcset=\"https:\/\/meterny.com\/wp-content\/uploads\/2024\/03\/3-6-rotated.jpg 800w, https:\/\/meterny.com\/wp-content\/uploads\/2024\/03\/3-6-300x300.jpg 300w, https:\/\/meterny.com\/wp-content\/uploads\/2024\/03\/3-6-150x150.jpg 150w, https:\/\/meterny.com\/wp-content\/uploads\/2024\/03\/3-6-768x768.jpg 768w, https:\/\/meterny.com\/wp-content\/uploads\/2024\/03\/3-6-600x600.jpg 600w, https:\/\/meterny.com\/wp-content\/uploads\/2024\/03\/3-6-100x100.jpg 100w\" sizes=\"auto, (max-width: 1024px) 100vw, 1024px\" \/><\/p>\n<h3>Opzioni di colore<\/h3>\n<p>Meterny Serie METE Pavimentazione WPC Scheda Colore<\/p>\n<figure id=\"attachment_20293\" aria-describedby=\"caption-attachment-20293\" style=\"width: 1024px\" class=\"wp-caption alignnone\"><img loading=\"lazy\" decoding=\"async\" class=\"wp-image-20293\" src=\"https:\/\/meterny.com\/wp-content\/uploads\/2024\/10\/METE-Series-Colour-151.png\" alt=\"Opzioni di colore della recinzione WPC Meterny\" width=\"1024\" height=\"1024\" srcset=\"https:\/\/meterny.com\/wp-content\/uploads\/2024\/10\/METE-Series-Colour-151.png 900w, https:\/\/meterny.com\/wp-content\/uploads\/2024\/10\/METE-Series-Colour-151-300x300.png 300w, https:\/\/meterny.com\/wp-content\/uploads\/2024\/10\/METE-Series-Colour-151-150x150.png 150w, https:\/\/meterny.com\/wp-content\/uploads\/2024\/10\/METE-Series-Colour-151-768x768.png 768w, https:\/\/meterny.com\/wp-content\/uploads\/2024\/10\/METE-Series-Colour-151-600x600.png 600w, https:\/\/meterny.com\/wp-content\/uploads\/2024\/10\/METE-Series-Colour-151-100x100.png 100w\" sizes=\"auto, (max-width: 1024px) 100vw, 1024px\" \/><figcaption id=\"caption-attachment-20293\" class=\"wp-caption-text\">Esplora il pavimento WPC Meterny - Nove splendide opzioni di colore per ogni stile<\/figcaption><\/figure>\n<h3><strong>Perch\u00e9 scegliere i pannelli per decking e i pavimenti in WPC?<\/strong><\/h3>\n<p id=\"\">La scelta di pannelli per decking e pavimenti in WPC (Wood Plastic Composite) offre una moltitudine di vantaggi che la rendono una scelta ideale sia per applicazioni residenziali che commerciali. Ecco alcuni validi motivi per scegliere i pavimenti e i rivestimenti in WPC:<\/p>\n<ol>\n<li><strong>Durata e longevit\u00e0<\/strong>:\n<ul>\n<li>Il WPC combina la forza e la stabilit\u00e0 della plastica con l'estetica naturale del legno, ottenendo un prodotto altamente resistente all'usura e agli agenti atmosferici.<\/li>\n<li>\u00c8 meno incline a marcire, deformarsi e sbiadire rispetto ai tradizionali pavimenti e decking in legno, garantendo una durata maggiore.<\/li>\n<\/ul>\n<\/li>\n<li><strong>Bassa manutenzione<\/strong>:\n<ul>\n<li>A differenza del legno tradizionale, i pavimenti e i rivestimenti in WPC richiedono una manutenzione minima. Sono facili da pulire e non hanno bisogno di essere sigillati, colorati o verniciati regolarmente.<\/li>\n<li>\u00c8 sufficiente innaffiare o pulire con un panno umido per mantenerne inalterato l'aspetto.<\/li>\n<\/ul>\n<\/li>\n<li><strong>Ecologico<\/strong>:\n<ul>\n<li>I prodotti WPC sono realizzati con plastica riciclata e scarti di legno, riducendo l'impatto ambientale e promuovendo la sostenibilit\u00e0.<\/li>\n<li>Offrono un'alternativa ecologica ai materiali tradizionali per decking e pavimenti che possono comportare la deforestazione.<\/li>\n<\/ul>\n<\/li>\n<li><strong>Versatilit\u00e0 ed estetica<\/strong>:\n<ul>\n<li>I pavimenti e i rivestimenti in WPC sono disponibili in un'ampia gamma di colori, texture e stili, che consentono di creare uno spazio esterno o interno unico e personalizzato.<\/li>\n<li>Imitano l'aspetto del vero legno, ma con maggiori vantaggi in termini di durata e prestazioni.<\/li>\n<\/ul>\n<\/li>\n<li><strong>Economicamente vantaggioso<\/strong>:\n<ul>\n<li>Sebbene l'investimento iniziale per i pavimenti e i rivestimenti in WPC possa essere simile o leggermente superiore a quello di alcuni materiali tradizionali, la loro durata a lungo termine e i bassi requisiti di manutenzione possono portare a significativi risparmi nel tempo.<\/li>\n<\/ul>\n<\/li>\n<li><strong>Installazione semplice<\/strong>:\n<ul>\n<li>Molti prodotti per decking e pavimenti in WPC sono dotati di sistemi di chiusura innovativi che semplificano l'installazione, eliminando la necessit\u00e0 di chiodi o viti.<\/li>\n<li>Questo pu\u00f2 ridurre i costi di manodopera e i tempi di installazione, rendendola un'opzione pi\u00f9 conveniente.<\/li>\n<\/ul>\n<\/li>\n<li><strong>Resistenza agli agenti atmosferici<\/strong>:\n<ul>\n<li>I pavimenti e i rivestimenti in WPC sono progettati per resistere a condizioni climatiche estreme, tra cui temperature elevate, pioggia, neve e raggi UV.<\/li>\n<li>Mantengono la loro integrit\u00e0 strutturale e il loro aspetto, anche in ambienti esterni difficili.<\/li>\n<\/ul>\n<\/li>\n<li><strong>Sicurezza migliorata<\/strong>:\n<ul>\n<li>Le propriet\u00e0 antiscivolo di decking e pavimenti in WPC li rendono opzioni pi\u00f9 sicure, soprattutto in condizioni di bagnato.<\/li>\n<li>Riducono il rischio di incidenti e lesioni, garantendo uno spazio esterno o interno pi\u00f9 sicuro.<\/li>\n<\/ul>\n<\/li>\n<\/ol>\n<p id=\"\">In sintesi, i pannelli per decking e i pavimenti in WPC offrono una combinazione di durata, estetica, bassa manutenzione, ecocompatibilit\u00e0 e convenienza che li rende una scelta superiore per le case moderne e gli immobili commerciali. Sia che vogliate migliorare il vostro spazio esterno o aggiornare i vostri pavimenti interni, i pannelli e i pavimenti in WPC rappresentano una soluzione versatile e affidabile.<\/p>\n<\/div>","protected":false},"excerpt":{"rendered":"<p>\u00a0Pannelli di decking in Wpc Specificazioni Pannelli di decking in Wpc Pavimentazione METE140H25 Pannelli di decking in Wpc Pavimentazione : Elevate il vostro [...]<\/p>","protected":false},"featured_media":17393,"comment_status":"open","ping_status":"closed","template":"","meta":{"_uag_custom_page_level_css":"","site-sidebar-layout":"default","site-content-layout":"","ast-site-content-layout":"default","site-content-style":"default","site-sidebar-style":"default","ast-global-header-display":"","ast-banner-title-visibility":"","ast-main-header-display":"","ast-hfb-above-header-display":"","ast-hfb-below-header-display":"","ast-hfb-mobile-header-display":"","site-post-title":"","ast-breadcrumbs-content":"","ast-featured-img":"","footer-sml-layout":"","theme-transparent-header-meta":"default","adv-header-id-meta":"","stick-header-meta":"default","header-above-stick-meta":"","header-main-stick-meta":"","header-below-stick-meta":"","astra-migrate-meta-layouts":"set","ast-page-background-enabled":"default","ast-page-background-meta":{"desktop":{"background-color":"var(--ast-global-color-4)","background-image":"","background-repeat":"repeat","background-position":"center center","background-size":"auto","background-attachment":"scroll","background-type":"","background-media":"","overlay-type":"","overlay-color":"","overlay-opacity":"","overlay-gradient":""},"tablet":{"background-color":"","background-image":"","background-repeat":"repeat","background-position":"center center","background-size":"auto","background-attachment":"scroll","background-type":"","background-media":"","overlay-type":"","overlay-color":"","overlay-opacity":"","overlay-gradient":""},"mobile":{"background-color":"","background-image":"","background-repeat":"repeat","background-position":"center center","background-size":"auto","background-attachment":"scroll","background-type":"","background-media":"","overlay-type":"","overlay-color":"","overlay-opacity":"","overlay-gradient":""}},"ast-content-background-meta":{"desktop":{"background-color":"var(--ast-global-color-5)","background-image":"","background-repeat":"repeat","background-position":"center center","background-size":"auto","background-attachment":"scroll","background-type":"","background-media":"","overlay-type":"","overlay-color":"","overlay-opacity":"","overlay-gradient":""},"tablet":{"background-color":"var(--ast-global-color-5)","background-image":"","background-repeat":"repeat","background-position":"center center","background-size":"auto","background-attachment":"scroll","background-type":"","background-media":"","overlay-type":"","overlay-color":"","overlay-opacity":"","overlay-gradient":""},"mobile":{"background-color":"var(--ast-global-color-5)","background-image":"","background-repeat":"repeat","background-position":"center center","background-size":"auto","background-attachment":"scroll","background-type":"","background-media":"","overlay-type":"","overlay-color":"","overlay-opacity":"","overlay-gradient":""}}},"product_brand":[],"product_cat":[18],"product_tag":[182,181],"class_list":{"0":"post-17410","1":"product","2":"type-product","3":"status-publish","4":"has-post-thumbnail","6":"product_cat-uncategorized","7":"product_tag-wpc-decking","8":"product_tag-wpc-flooring","9":"desktop-align-center","10":"tablet-align-left","11":"mobile-align-left","12":"ast-product-gallery-layout-horizontal-slider","13":"ast-product-tabs-layout-vertical","15":"first","16":"instock","17":"featured","18":"shipping-taxable","19":"product-type-simple"},"uagb_featured_image_src":{"full":["https:\/\/meterny.com\/wp-content\/uploads\/2024\/03\/1-40.jpg",800,800,false],"thumbnail":["https:\/\/meterny.com\/wp-content\/uploads\/2024\/03\/1-40-150x150.jpg",150,150,true],"medium":["https:\/\/meterny.com\/wp-content\/uploads\/2024\/03\/1-40-300x300.jpg",300,300,true],"medium_large":["https:\/\/meterny.com\/wp-content\/uploads\/2024\/03\/1-40-768x768.jpg",768,768,true],"large":["https:\/\/meterny.com\/wp-content\/uploads\/2024\/03\/1-40.jpg",800,800,false],"1536x1536":["https:\/\/meterny.com\/wp-content\/uploads\/2024\/03\/1-40.jpg",800,800,false],"2048x2048":["https:\/\/meterny.com\/wp-content\/uploads\/2024\/03\/1-40.jpg",800,800,false],"trp-custom-language-flag":["https:\/\/meterny.com\/wp-content\/uploads\/2024\/03\/1-40.jpg",12,12,false],"woocommerce_thumbnail":["https:\/\/meterny.com\/wp-content\/uploads\/2024\/03\/1-40-300x300.jpg",300,300,true],"woocommerce_single":["https:\/\/meterny.com\/wp-content\/uploads\/2024\/03\/1-40-600x600.jpg",600,600,true],"woocommerce_gallery_thumbnail":["https:\/\/meterny.com\/wp-content\/uploads\/2024\/03\/1-40-100x100.jpg",100,100,true]},"uagb_author_info":{"display_name":"meterny","author_link":"https:\/\/meterny.com\/it\/author\/"},"uagb_comment_info":0,"uagb_excerpt":"\u00a0Wpc Decking Panels Wpc Flooring Specification Wpc Decking Panels Wpc Flooring METE140H25\u00a0 Wpc Decking Panels Wpc Flooring : Elevate Your [&hellip;]","_links":{"self":[{"href":"https:\/\/meterny.com\/it\/wp-json\/wp\/v2\/product\/17410","targetHints":{"allow":["GET"]}}],"collection":[{"href":"https:\/\/meterny.com\/it\/wp-json\/wp\/v2\/product"}],"about":[{"href":"https:\/\/meterny.com\/it\/wp-json\/wp\/v2\/types\/product"}],"replies":[{"embeddable":true,"href":"https:\/\/meterny.com\/it\/wp-json\/wp\/v2\/comments?post=17410"}],"wp:featuredmedia":[{"embeddable":true,"href":"https:\/\/meterny.com\/it\/wp-json\/wp\/v2\/media\/17393"}],"wp:attachment":[{"href":"https:\/\/meterny.com\/it\/wp-json\/wp\/v2\/media?parent=17410"}],"wp:term":[{"taxonomy":"product_brand","embeddable":true,"href":"https:\/\/meterny.com\/it\/wp-json\/wp\/v2\/product_brand?post=17410"},{"taxonomy":"product_cat","embeddable":true,"href":"https:\/\/meterny.com\/it\/wp-json\/wp\/v2\/product_cat?post=17410"},{"taxonomy":"product_tag","embeddable":true,"href":"https:\/\/meterny.com\/it\/wp-json\/wp\/v2\/product_tag?post=17410"}],"curies":[{"name":"wp","href":"https:\/\/api.w.org\/{rel}","templated":true}]}}