{"id":17411,"date":"2024-10-08T14:02:53","date_gmt":"2024-10-08T14:02:53","guid":{"rendered":"https:\/\/meterny.com\/?post_type=product&#038;p=17411"},"modified":"2025-01-18T09:29:13","modified_gmt":"2025-01-18T09:29:13","slug":"wood-grain-wpc-flooring-panels","status":"publish","type":"product","link":"https:\/\/meterny.com\/it\/prodotto\/wood-grain-wpc-flooring-panels\/","title":{"rendered":"Balcone Pavimentazione in legno composito di plastica Wpc Pannelli di pavimentazione Wpc con venature di legno Decking composito WPC"},"content":{"rendered":"<div class=\"elementor-element elementor-element-c0e1d42 elementor-widget elementor-widget-heading\" data-id=\"c0e1d42\" data-element_type=\"widget\" data-widget_type=\"heading.default\">\n<div class=\"elementor-widget-container\">\n<h2 class=\"elementor-heading-title elementor-size-default\" style=\"text-align: center;\">Pavimentazione in legno composito Wpc per balconi<\/h2>\n<\/div>\n<\/div>\n<div class=\"elementor-element elementor-element-1f676da elementor-widget elementor-widget-heading\" data-id=\"1f676da\" data-element_type=\"widget\" data-widget_type=\"heading.default\">\n<h2 class=\"elementor-widget-container\" style=\"text-align: center;\">Specifiche<\/h2>\n<p>METE140H25 Pannelli di pavimentazione in Wpc con venature di legno: Elevare i vostri spazi con eleganza moderna<\/p>\n<h3><strong>Titolo del prodotto<\/strong><\/h3>\n<p id=\"\">Pannelli di pavimentazione WPC a grana di legno - Creare spazi abitativi naturali e confortevoli<\/p>\n<div class=\"elementor-element elementor-element-1f676da elementor-widget elementor-widget-heading\" data-id=\"1f676da\" data-element_type=\"widget\" data-widget_type=\"heading.default\">\n<p><strong>Modello<\/strong>: METE140H25<br \/>\n<strong>Tipo<\/strong>: WPC Decking\/pavimento<br \/>\n<strong>Dimensione<\/strong>: 140\u00d725 mm<\/p>\n<p><strong>Superficie<\/strong>: Grani diritti<br \/>\n<strong>Lunghezza<\/strong>2,9 m o su misura<br \/>\n<strong>Materiale<\/strong>: Composito di legno e plastica<br \/>\n<strong>Tecnologia del prodotto<\/strong>: Eco-estrusione<\/p>\n<\/div>\n<div class=\"elementor-element elementor-element-1f676da elementor-widget elementor-widget-heading\" data-id=\"1f676da\" data-element_type=\"widget\" data-widget_type=\"heading.default\">\n<p><img loading=\"lazy\" decoding=\"async\" class=\"alignnone wp-image-17392\" src=\"https:\/\/meterny.com\/wp-content\/uploads\/2024\/03\/1-3.jpg\" alt=\"Pannelli di pavimentazione in Wpc a grana di legno\" width=\"1024\" height=\"1024\" srcset=\"https:\/\/meterny.com\/wp-content\/uploads\/2024\/03\/1-3.jpg 800w, https:\/\/meterny.com\/wp-content\/uploads\/2024\/03\/1-3-300x300.jpg 300w, https:\/\/meterny.com\/wp-content\/uploads\/2024\/03\/1-3-150x150.jpg 150w, https:\/\/meterny.com\/wp-content\/uploads\/2024\/03\/1-3-768x768.jpg 768w, https:\/\/meterny.com\/wp-content\/uploads\/2024\/03\/1-3-600x600.jpg 600w, https:\/\/meterny.com\/wp-content\/uploads\/2024\/03\/1-3-100x100.jpg 100w\" sizes=\"auto, (max-width: 1024px) 100vw, 1024px\" \/><\/p>\n<\/div>\n<ol>\n<li><strong>Immagine principale del prodotto<\/strong>\u00a0- Mostra l'effetto estetico complessivo del pavimento WPC con venature del legno.<\/li>\n<li><strong>Immagine dettagliata della texture<\/strong>\u00a0- Mettendo in risalto la trama delle venature del legno del pavimento, per mostrarne la bellezza naturale.<\/li>\n<li><strong>Immagine di esempio di installazione<\/strong>\u00a0- Dimostrare l'effetto pratico dell'applicazione della pavimentazione in un ambiente domestico.<\/li>\n<li><strong>Immagine della certificazione ambientale<\/strong>\u00a0- Visualizzazione dei marchi di certificazione ambientale del prodotto per aumentare la fiducia dei consumatori.<\/li>\n<\/ol>\n<h3><strong>Descrizione del prodotto<\/strong><\/h3>\n<h4><strong>I. Panoramica del prodotto<\/strong><\/h4>\n<p id=\"\">I pannelli di pavimentazione WPC con venature di legno sono un nuovo tipo di materiale per pavimenti che combina bellezza, durata e rispetto dell'ambiente. Utilizzando l'avanzata tecnologia WPC (Wood Plastic Composite), le fibre di legno naturale sono perfettamente combinate con le resine polimeriche, mantenendo la consistenza naturale e il tocco caldo del legno e superando al contempo i difetti del legno tradizionale, come la suscettibilit\u00e0 all'umidit\u00e0 e alla deformazione.<\/p>\n<h4><strong>II. Caratteristiche del prodotto<\/strong><\/h4>\n<ol>\n<li><strong>Venatura del legno naturale<\/strong>\u00a0- Grazie alla tecnologia di stampa ad alta definizione, le trame e i colori del legno vero sono perfettamente replicati sul pavimento, riempiendo lo spazio abitativo di un'atmosfera naturale.<\/li>\n<li><strong>Impermeabile e resistente all'umidit\u00e0<\/strong>\u00a0- Il materiale WPC ha eccellenti prestazioni impermeabili, mantenendo il pavimento asciutto e stabile anche in ambienti umidi.<\/li>\n<li><strong>Resistente all'usura e durevole<\/strong>\u00a0- L'aggiunta di resine polimeriche rende il pavimento pi\u00f9 resistente all'usura e agli urti, mantenendo la sua lucentezza e novit\u00e0 anche dopo un uso prolungato.<\/li>\n<li><strong>Rispettoso dell'ambiente e della salute<\/strong>\u00a0- Realizzato con materiali eco-compatibili, \u00e8 atossico, innocuo e privo di emissioni di formaldeide, a tutela della salute vostra e della vostra famiglia.<\/li>\n<li><strong>Installazione semplice<\/strong>\u00a0- Caratterizzato da un design di bloccaggio, non richiede colla o chiodi, rendendo l'installazione semplice e veloce, con un notevole risparmio di tempo e costi.<\/li>\n<\/ol>\n<h4><strong>III. Scenari di applicazione<\/strong><\/h4>\n<p id=\"\">I pannelli di pavimentazione in WPC con venature del legno sono adatti a diversi ambienti domestici, come camere da letto, soggiorni, sale da pranzo e sale studio. Le loro venature naturali del legno e il loro tocco confortevole possono aggiungere un senso di calore e tranquillit\u00e0 al vostro spazio abitativo.<\/p>\n<h4><strong>IV. Specifiche del prodotto<\/strong><\/h4>\n<ul>\n<li><strong>Materiale<\/strong>: WPC (Wood Plastic Composite)<\/li>\n<li><strong>Spessore<\/strong>: 23\/25 \/28 mm<\/li>\n<li><strong>Larghezza<\/strong>:  119\/201\/210 mm<\/li>\n<li><strong>Lunghezza<\/strong>135\/ 217\/227 mm<\/li>\n<li><strong>Colori<\/strong>: Sono disponibili diversi colori di venature del legno (ad esempio, quercia, noce, acero, ecc.).<\/li>\n<li><strong>Metodo di installazione<\/strong>: Installazione di bloccaggio<\/li>\n<\/ul>\n<h4><strong>V. Manutenzione e pulizia<\/strong><\/h4>\n<ul>\n<li>Pulizia quotidiana: Utilizzare uno straccio asciutto o leggermente umido per pulire.<\/li>\n<li>Evitare il trascinamento pesante: Evitare di graffiare la superficie del pavimento con oggetti appuntiti.<\/li>\n<li>Mantenere asciutto: Evitare l'immersione prolungata o il contatto con grandi quantit\u00e0 d'acqua.<\/li>\n<\/ul>\n<\/div>\n<div class=\"elementor-element elementor-element-1f676da elementor-widget elementor-widget-heading\" data-id=\"1f676da\" data-element_type=\"widget\" data-widget_type=\"heading.default\">\n<h3><strong>Colore e superficie<\/strong><\/h3>\n<p>Il nostro pavimento METE140H25 \u00e8 caratterizzato da un'elegante superficie a venatura diritta, che aggiunge una texture sofisticata a qualsiasi area.<\/p>\n<p>Con colori, dimensioni e forme personalizzabili, questi pannelli offrono un'eccezionale flessibilit\u00e0, consentendo di liberare la propria creativit\u00e0 in progetti di design sia interni che esterni.<\/p>\n<p>La tecnologia di eco-estrusione fa s\u00ec che ogni pannello non solo sia bello da vedere, ma contribuisca anche a un ambiente di vita sostenibile.<\/p>\n<h3>Se volete saperne di pi\u00f9, cliccate su questo link a youtube:<a href=\"https:\/\/youtu.be\/XqR4zuwyGyE\" target=\"_blank\" rel=\"noopener\">https:\/\/youtu.be\/XqR4zuwyGyE<\/a><\/h3>\n<p>&nbsp;<\/p>\n<h3>Galleria<\/h3>\n<figure id=\"attachment_17414\" aria-describedby=\"caption-attachment-17414\" style=\"width: 1024px\" class=\"wp-caption alignnone\"><img loading=\"lazy\" decoding=\"async\" class=\"wp-image-17414\" src=\"https:\/\/meterny.com\/wp-content\/uploads\/2024\/10\/4.png\" alt=\"Pavimenti WPC a prezzi accessibili per uso interno ed esterno\" width=\"1024\" height=\"923\" srcset=\"https:\/\/meterny.com\/wp-content\/uploads\/2024\/10\/4.png 498w, https:\/\/meterny.com\/wp-content\/uploads\/2024\/10\/4-300x270.png 300w\" sizes=\"auto, (max-width: 1024px) 100vw, 1024px\" \/><figcaption id=\"caption-attachment-17414\" class=\"wp-caption-text\">Pavimenti WPC a prezzi accessibili: La scelta perfetta per applicazioni versatili.<\/figcaption><\/figure>\n<figure id=\"attachment_17412\" aria-describedby=\"caption-attachment-17412\" style=\"width: 1024px\" class=\"wp-caption alignnone\"><img loading=\"lazy\" decoding=\"async\" class=\"wp-image-17412\" src=\"https:\/\/meterny.com\/wp-content\/uploads\/2024\/10\/1-1-1.jpg\" alt=\"Pavimentazione WPC resistente ai graffi\" width=\"1024\" height=\"1024\" srcset=\"https:\/\/meterny.com\/wp-content\/uploads\/2024\/10\/1-1-1.jpg 800w, https:\/\/meterny.com\/wp-content\/uploads\/2024\/10\/1-1-1-300x300.jpg 300w, https:\/\/meterny.com\/wp-content\/uploads\/2024\/10\/1-1-1-150x150.jpg 150w, https:\/\/meterny.com\/wp-content\/uploads\/2024\/10\/1-1-1-768x768.jpg 768w, https:\/\/meterny.com\/wp-content\/uploads\/2024\/10\/1-1-1-600x600.jpg 600w, https:\/\/meterny.com\/wp-content\/uploads\/2024\/10\/1-1-1-100x100.jpg 100w\" sizes=\"auto, (max-width: 1024px) 100vw, 1024px\" \/><figcaption id=\"caption-attachment-17412\" class=\"wp-caption-text\">Perfetto per gli spazi pi\u00f9 affollati - Pavimentazione WPC resistente ai graffi<\/figcaption><\/figure>\n<figure id=\"attachment_17413\" aria-describedby=\"caption-attachment-17413\" style=\"width: 1024px\" class=\"wp-caption alignnone\"><img loading=\"lazy\" decoding=\"async\" class=\"wp-image-17413\" src=\"https:\/\/meterny.com\/wp-content\/uploads\/2024\/10\/1-9.jpg\" alt=\"Pavimentazione WPC impermeabile per ponti all&#039;aperto\" width=\"1024\" height=\"1024\" srcset=\"https:\/\/meterny.com\/wp-content\/uploads\/2024\/10\/1-9.jpg 464w, https:\/\/meterny.com\/wp-content\/uploads\/2024\/10\/1-9-300x300.jpg 300w, https:\/\/meterny.com\/wp-content\/uploads\/2024\/10\/1-9-150x150.jpg 150w, https:\/\/meterny.com\/wp-content\/uploads\/2024\/10\/1-9-100x100.jpg 100w\" sizes=\"auto, (max-width: 1024px) 100vw, 1024px\" \/><figcaption id=\"caption-attachment-17413\" class=\"wp-caption-text\">Elevate il vostro spazio all'aperto con una pavimentazione impermeabile e duratura in WPC<\/figcaption><\/figure>\n<h3>opzioni di colore<\/h3>\n<p>Meterny Scheda colori per pavimenti in WPC della serie METE<\/p>\n<p>&nbsp;<\/p>\n<figure id=\"attachment_20293\" aria-describedby=\"caption-attachment-20293\" style=\"width: 1024px\" class=\"wp-caption alignnone\"><img loading=\"lazy\" decoding=\"async\" class=\"wp-image-20293\" src=\"https:\/\/meterny.com\/wp-content\/uploads\/2024\/10\/METE-Series-Colour-151.png\" alt=\"Opzioni di colore della recinzione WPC Meterny\" width=\"1024\" height=\"1024\" srcset=\"https:\/\/meterny.com\/wp-content\/uploads\/2024\/10\/METE-Series-Colour-151.png 900w, https:\/\/meterny.com\/wp-content\/uploads\/2024\/10\/METE-Series-Colour-151-300x300.png 300w, https:\/\/meterny.com\/wp-content\/uploads\/2024\/10\/METE-Series-Colour-151-150x150.png 150w, https:\/\/meterny.com\/wp-content\/uploads\/2024\/10\/METE-Series-Colour-151-768x768.png 768w, https:\/\/meterny.com\/wp-content\/uploads\/2024\/10\/METE-Series-Colour-151-600x600.png 600w, https:\/\/meterny.com\/wp-content\/uploads\/2024\/10\/METE-Series-Colour-151-100x100.png 100w\" sizes=\"auto, (max-width: 1024px) 100vw, 1024px\" \/><figcaption id=\"caption-attachment-20293\" class=\"wp-caption-text\">Esplora il pavimento WPC Meterny - Nove splendide opzioni di colore per ogni stile<\/figcaption><\/figure>\n<h3><strong>Perch\u00e9 scegliere i pannelli di pavimentazione WPC a grana di legno?<\/strong><\/h3>\n<p id=\"\">I pannelli per pavimenti in WPC (Wood Plastic Composite) a grana di legno offrono una moltitudine di vantaggi che li rendono una scelta eccellente per le moderne soluzioni di pavimentazione. Ecco alcuni motivi convincenti per optare per questi pannelli:<\/p>\n<ol>\n<li>\n<p id=\"\"><strong>Estetica naturale<\/strong>: I pannelli di pavimentazione in WPC con venature del legno replicano la bellezza naturale e la consistenza del legno vero, offrendo un'atmosfera calda e invitante al vostro spazio abitativo. La tecnologia di stampa ad alta definizione assicura che i motivi delle venature del legno siano realistici e visivamente accattivanti.<\/p>\n<\/li>\n<li>\n<p id=\"\"><strong>Durata e longevit\u00e0<\/strong>: A differenza dei tradizionali pavimenti in legno, i pannelli WPC sono progettati per sopportare i rigori dell'uso quotidiano. Sono resistenti all'umidit\u00e0, ai graffi e allo sbiadimento, garantendo il mantenimento della loro bellezza e funzionalit\u00e0 per molti anni a venire.<\/p>\n<\/li>\n<li>\n<p id=\"\"><strong>Impermeabile e resistente all'umidit\u00e0<\/strong>: Una delle caratteristiche principali dei pavimenti in WPC \u00e8 la loro impermeabilit\u00e0. Questo lo rende una scelta ideale per le aree soggette a umidit\u00e0 o a versamenti d'acqua, come bagni, cucine e lavanderie.<\/p>\n<\/li>\n<li>\n<p id=\"\"><strong>Facile installazione e manutenzione<\/strong>: I pannelli di pavimentazione WPC a grana di legno sono progettati per una facile installazione, spesso con meccanismi di chiusura che non richiedono colla o chiodi. Ci\u00f2 semplifica il processo di installazione e riduce i costi di manodopera. Inoltre, la manutenzione \u00e8 semplice: \u00e8 sufficiente una pulizia regolare per mantenere il pavimento al meglio.<\/p>\n<\/li>\n<li>\n<p id=\"\"><strong>Ecologico e sostenibile<\/strong>: Realizzato da una combinazione di fibre di legno e materiali plastici riciclati, il pavimento in WPC \u00e8 un'opzione ecologica. Riduce gli sprechi e promuove la sostenibilit\u00e0 utilizzando materiali riciclati e minimizzando l'impatto sulle risorse naturali.<\/p>\n<\/li>\n<li>\n<p id=\"\"><strong>Economicamente vantaggioso<\/strong>: Sebbene l'investimento iniziale per i pannelli di pavimentazione in WPC a grana di legno possa essere paragonabile o leggermente superiore a quello di alcune opzioni di pavimentazione tradizionali, la loro durata e i bassi requisiti di manutenzione possono portare a un risparmio economico a lungo termine.<\/p>\n<\/li>\n<li>\n<p id=\"\"><strong>Versatilit\u00e0 e personalizzazione<\/strong>: I pavimenti in WPC sono disponibili in una variet\u00e0 di colori, stili e dimensioni delle venature del legno, che consentono di creare un look personalizzato che si adatta alle vostre preferenze di interior design. Che preferiate l'aspetto classico del rovere o il fascino contemporaneo del bamb\u00f9, troverete un pavimento WPC adatto al vostro stile.<\/p>\n<\/li>\n<\/ol>\n<p id=\"\">In sintesi, i pannelli di pavimentazione WPC a grana di legno offrono una combinazione di bellezza naturale, durata, facilit\u00e0 di installazione e rispetto dell'ambiente che li rende una scelta ideale per le case moderne. La loro capacit\u00e0 di resistere ai rigori della vita quotidiana mantenendo un elevato livello di estetica li rende un saggio investimento per il comfort e il valore della vostra casa.<\/p>\n<\/div>","protected":false},"excerpt":{"rendered":"<p>Balcone Pavimentazione in Wpc composito di legno e plastica Specifica METE140H25 Pannelli di pavimentazione in Wpc con venature di legno: Elevate i vostri spazi con un'eleganza moderna [...]<\/p>","protected":false},"featured_media":17392,"comment_status":"open","ping_status":"closed","template":"","meta":{"_uag_custom_page_level_css":"","site-sidebar-layout":"default","site-content-layout":"","ast-site-content-layout":"default","site-content-style":"default","site-sidebar-style":"default","ast-global-header-display":"","ast-banner-title-visibility":"","ast-main-header-display":"","ast-hfb-above-header-display":"","ast-hfb-below-header-display":"","ast-hfb-mobile-header-display":"","site-post-title":"","ast-breadcrumbs-content":"","ast-featured-img":"","footer-sml-layout":"","theme-transparent-header-meta":"default","adv-header-id-meta":"","stick-header-meta":"default","header-above-stick-meta":"","header-main-stick-meta":"","header-below-stick-meta":"","astra-migrate-meta-layouts":"set","ast-page-background-enabled":"default","ast-page-background-meta":{"desktop":{"background-color":"var(--ast-global-color-4)","background-image":"","background-repeat":"repeat","background-position":"center center","background-size":"auto","background-attachment":"scroll","background-type":"","background-media":"","overlay-type":"","overlay-color":"","overlay-opacity":"","overlay-gradient":""},"tablet":{"background-color":"","background-image":"","background-repeat":"repeat","background-position":"center center","background-size":"auto","background-attachment":"scroll","background-type":"","background-media":"","overlay-type":"","overlay-color":"","overlay-opacity":"","overlay-gradient":""},"mobile":{"background-color":"","background-image":"","background-repeat":"repeat","background-position":"center center","background-size":"auto","background-attachment":"scroll","background-type":"","background-media":"","overlay-type":"","overlay-color":"","overlay-opacity":"","overlay-gradient":""}},"ast-content-background-meta":{"desktop":{"background-color":"var(--ast-global-color-5)","background-image":"","background-repeat":"repeat","background-position":"center center","background-size":"auto","background-attachment":"scroll","background-type":"","background-media":"","overlay-type":"","overlay-color":"","overlay-opacity":"","overlay-gradient":""},"tablet":{"background-color":"var(--ast-global-color-5)","background-image":"","background-repeat":"repeat","background-position":"center center","background-size":"auto","background-attachment":"scroll","background-type":"","background-media":"","overlay-type":"","overlay-color":"","overlay-opacity":"","overlay-gradient":""},"mobile":{"background-color":"var(--ast-global-color-5)","background-image":"","background-repeat":"repeat","background-position":"center center","background-size":"auto","background-attachment":"scroll","background-type":"","background-media":"","overlay-type":"","overlay-color":"","overlay-opacity":"","overlay-gradient":""}}},"product_brand":[],"product_cat":[18],"product_tag":[182,181],"class_list":{"0":"post-17411","1":"product","2":"type-product","3":"status-publish","4":"has-post-thumbnail","6":"product_cat-uncategorized","7":"product_tag-wpc-decking","8":"product_tag-wpc-flooring","9":"desktop-align-center","10":"tablet-align-left","11":"mobile-align-left","12":"ast-product-gallery-layout-horizontal-slider","13":"ast-product-tabs-layout-vertical","15":"first","16":"instock","17":"featured","18":"shipping-taxable","19":"product-type-simple"},"uagb_featured_image_src":{"full":["https:\/\/meterny.com\/wp-content\/uploads\/2024\/03\/1-3.jpg",800,800,false],"thumbnail":["https:\/\/meterny.com\/wp-content\/uploads\/2024\/03\/1-3-150x150.jpg",150,150,true],"medium":["https:\/\/meterny.com\/wp-content\/uploads\/2024\/03\/1-3-300x300.jpg",300,300,true],"medium_large":["https:\/\/meterny.com\/wp-content\/uploads\/2024\/03\/1-3-768x768.jpg",768,768,true],"large":["https:\/\/meterny.com\/wp-content\/uploads\/2024\/03\/1-3.jpg",800,800,false],"1536x1536":["https:\/\/meterny.com\/wp-content\/uploads\/2024\/03\/1-3.jpg",800,800,false],"2048x2048":["https:\/\/meterny.com\/wp-content\/uploads\/2024\/03\/1-3.jpg",800,800,false],"trp-custom-language-flag":["https:\/\/meterny.com\/wp-content\/uploads\/2024\/03\/1-3.jpg",12,12,false],"woocommerce_thumbnail":["https:\/\/meterny.com\/wp-content\/uploads\/2024\/03\/1-3-300x300.jpg",300,300,true],"woocommerce_single":["https:\/\/meterny.com\/wp-content\/uploads\/2024\/03\/1-3-600x600.jpg",600,600,true],"woocommerce_gallery_thumbnail":["https:\/\/meterny.com\/wp-content\/uploads\/2024\/03\/1-3-100x100.jpg",100,100,true]},"uagb_author_info":{"display_name":"meterny","author_link":"https:\/\/meterny.com\/it\/author\/"},"uagb_comment_info":0,"uagb_excerpt":"Balcony Wood Plastic Composite Wpc Flooring Specification METE140H25 WPC Wood Grain Wpc Flooring Panels: Elevate Your Spaces with Modern Elegance [&hellip;]","_links":{"self":[{"href":"https:\/\/meterny.com\/it\/wp-json\/wp\/v2\/product\/17411","targetHints":{"allow":["GET"]}}],"collection":[{"href":"https:\/\/meterny.com\/it\/wp-json\/wp\/v2\/product"}],"about":[{"href":"https:\/\/meterny.com\/it\/wp-json\/wp\/v2\/types\/product"}],"replies":[{"embeddable":true,"href":"https:\/\/meterny.com\/it\/wp-json\/wp\/v2\/comments?post=17411"}],"wp:featuredmedia":[{"embeddable":true,"href":"https:\/\/meterny.com\/it\/wp-json\/wp\/v2\/media\/17392"}],"wp:attachment":[{"href":"https:\/\/meterny.com\/it\/wp-json\/wp\/v2\/media?parent=17411"}],"wp:term":[{"taxonomy":"product_brand","embeddable":true,"href":"https:\/\/meterny.com\/it\/wp-json\/wp\/v2\/product_brand?post=17411"},{"taxonomy":"product_cat","embeddable":true,"href":"https:\/\/meterny.com\/it\/wp-json\/wp\/v2\/product_cat?post=17411"},{"taxonomy":"product_tag","embeddable":true,"href":"https:\/\/meterny.com\/it\/wp-json\/wp\/v2\/product_tag?post=17411"}],"curies":[{"name":"wp","href":"https:\/\/api.w.org\/{rel}","templated":true}]}}