{"id":17480,"date":"2024-10-09T05:04:55","date_gmt":"2024-10-09T05:04:55","guid":{"rendered":"https:\/\/meterny.com\/?post_type=product&#038;p=17480"},"modified":"2025-01-18T09:17:33","modified_gmt":"2025-01-18T09:17:33","slug":"outdoor-wpc-fence-panel","status":"publish","type":"product","link":"https:\/\/meterny.com\/it\/prodotto\/outdoor-wpc-fence-panel\/","title":{"rendered":"Pannello di recinzione Wpc all'aperto Pannello di pannello di recinzione in plastica composita di legno Vinly"},"content":{"rendered":"<div class=\"elementor-element elementor-element-c0e1d42 elementor-widget elementor-widget-heading\" data-id=\"c0e1d42\" data-element_type=\"widget\" data-widget_type=\"heading.default\">\n<div class=\"elementor-widget-container\">\n<h2>Pannello di recinzione Wpc all'aperto Pannello di pannello di recinzione in plastica composita di legno Vinly<\/h2>\n<p>&nbsp;<\/p>\n<p><strong style=\"font-size: 16px;\">Modello<\/strong><span style=\"font-size: 16px;\">: METE1800H1850<\/span><\/p>\n<\/div>\n<\/div>\n<p><strong>Tipo<\/strong>: Pannello di recinzione Wpc all'aperto con pilastri in alluminio<\/p>\n<p><strong>Dimensione<\/strong>: Larghezza 1800 mm x altezza 1850 mm<\/p>\n<p><strong>Superficie<\/strong>: Due superfici: strisce e venature del legno<\/p>\n<p><strong>Colore<\/strong>9 opzioni di colore<\/p>\n<p><strong>Lunghezza<\/strong>: Personalizzato<\/p>\n<p><strong>Materiale<\/strong>: Composito di legno e plastica<\/p>\n<p><strong>Tecnologia del prodotto<\/strong>: Eco-estrusione<\/p>\n<figure id=\"attachment_17495\" aria-describedby=\"caption-attachment-17495\" style=\"width: 1024px\" class=\"wp-caption alignnone\"><img loading=\"lazy\" decoding=\"async\" class=\"wp-image-17495\" src=\"https:\/\/meterny.com\/wp-content\/uploads\/2024\/10\/8-7ZHU.jpg\" alt=\"Pannello di recinzione Wpc all&#039;aperto\" width=\"1024\" height=\"1024\" srcset=\"https:\/\/meterny.com\/wp-content\/uploads\/2024\/10\/8-7ZHU.jpg 800w, https:\/\/meterny.com\/wp-content\/uploads\/2024\/10\/8-7ZHU-300x300.jpg 300w, https:\/\/meterny.com\/wp-content\/uploads\/2024\/10\/8-7ZHU-150x150.jpg 150w, https:\/\/meterny.com\/wp-content\/uploads\/2024\/10\/8-7ZHU-768x768.jpg 768w, https:\/\/meterny.com\/wp-content\/uploads\/2024\/10\/8-7ZHU-600x600.jpg 600w, https:\/\/meterny.com\/wp-content\/uploads\/2024\/10\/8-7ZHU-100x100.jpg 100w\" sizes=\"auto, (max-width: 1024px) 100vw, 1024px\" \/><figcaption id=\"caption-attachment-17495\" class=\"wp-caption-text\">Privacy ed eleganza in un unico prodotto - Esplorate le opzioni di recinzione in WPC<\/figcaption><\/figure>\n<h4><strong>Panoramica del prodotto<\/strong><\/h4>\n<p id=\"\">Trasformate il vostro spazio esterno con i nostri pannelli di recinzione in WPC (Wood Plastic Composite) per esterni. Combinando la bellezza naturale del legno con la durata della plastica, i nostri pannelli di recinzione in WPC offrono una soluzione elegante e pratica per le vostre esigenze di recinzione del giardino. Progettati per resistere alle intemperie e allo stesso tempo garantire privacy e sicurezza, questi pannelli sono l'aggiunta perfetta a qualsiasi area esterna.<\/p>\n<h4><strong>Caratteristiche principali<\/strong><\/h4>\n<ul>\n<li>\n<p id=\"\"><strong>Costruzione eco-compatibile<\/strong>: Realizzati con fibre di legno riciclate e plastica di polietilene ad alta densit\u00e0, i nostri pannelli di recinzione in WPC sono una scelta ecologica. Contribuiscono alla riduzione dei rifiuti e promuovono uno stile di vita sostenibile.<\/p>\n<\/li>\n<li>\n<p id=\"\"><strong>Durata e longevit\u00e0<\/strong>: Resistenti a marciume, umidit\u00e0, insetti e raggi UV, i nostri pannelli di recinzione sono costruiti per durare. Mantengono la loro bellezza e funzionalit\u00e0 per gli anni a venire, resistendo anche alle condizioni atmosferiche pi\u00f9 difficili.<\/p>\n<\/li>\n<li>\n<p id=\"\"><strong>Struttura a venatura naturale del legno<\/strong>: La texture 3D con venature del legno in rilievo conferisce un aspetto realistico e sofisticato, imitando l'aspetto del legno naturale senza bisogno di manutenzione. Migliorate l'estetica del vostro giardino con questa elegante recinzione.<\/p>\n<\/li>\n<li>\n<p id=\"\"><strong>Bassa manutenzione<\/strong>: Risparmiate tempo e denaro con i nostri pannelli di recinzione in WPC. Non richiedono verniciatura, sigillatura o colorazione e possono essere facilmente puliti con acqua. Godetevi il vostro bel giardino senza la preoccupazione di una manutenzione costante.<\/p>\n<\/li>\n<li>\n<p id=\"\"><strong>Opzioni di design versatili<\/strong>: Disponibili in una variet\u00e0 di colori, strutture e dimensioni, i nostri pannelli di recinzione possono essere personalizzati per soddisfare le vostre specifiche esigenze e preferenze di stile. \u00c8 possibile creare facilmente recinzioni per la privacy, bordi decorativi o persino strutture da giardino come pergole e gazebo.<\/p>\n<\/li>\n<li>\n<p id=\"\"><strong>Installazione semplice<\/strong>: Progettati per un'installazione semplice e diretta, i nostri pannelli di recinzione in WPC sono adatti al fai-da-te. Con competenze di base di falegnameria e semplici strumenti, \u00e8 possibile installarli in pochissimo tempo, risparmiando sui costi di installazione.<\/p>\n<\/li>\n<li>\n<p id=\"\"><strong>Resilienza e forza<\/strong>: I nostri pannelli di recinzione sono robusti e resistenti e offrono un'efficace schermatura e privacy per il vostro giardino. \u00c8 meno probabile che si deformino, si incrinino o si scheggino con il tempo, assicurando che rimangano in ottime condizioni per gli anni a venire.<\/p>\n<\/li>\n<\/ul>\n<h4><strong>Specifiche tecniche<\/strong><\/h4>\n<ul>\n<li><strong>Materiale<\/strong>: Composito di legno e plastica (WPC)<\/li>\n<li><strong>Dimensioni<\/strong>: 1800*1850<\/li>\n<li><strong>Opzioni di colore<\/strong>: bianco, marrone, nero<\/li>\n<li><strong>Struttura<\/strong>: Venatura del legno in rilievo 3D<\/li>\n<li><strong>Resistenza agli agenti atmosferici<\/strong>: Resistente alla putrefazione, all'umidit\u00e0, agli insetti e ai raggi UV.<\/li>\n<li><strong>Manutenzione<\/strong>: Bassa manutenzione; non \u00e8 necessario verniciare, sigillare o colorare.<\/li>\n<li><strong>Installazione<\/strong>: Facilit\u00e0 di fai-da-te; processo di installazione semplice e immediato<\/li>\n<\/ul>\n<h3>Se volete saperne di pi\u00f9, cliccate su questo link a youtube:<a href=\"https:\/\/youtu.be\/88PIb9PK7Bk\" target=\"_blank\" rel=\"noopener\">https:\/\/youtu.be\/88PIb9PK7Bk<\/a><\/h3>\n<p>&nbsp;<\/p>\n<h3>Galleria<\/h3>\n<figure id=\"attachment_17496\" aria-describedby=\"caption-attachment-17496\" style=\"width: 1024px\" class=\"wp-caption alignnone\"><img loading=\"lazy\" decoding=\"async\" class=\"wp-image-17496\" src=\"https:\/\/meterny.com\/wp-content\/uploads\/2024\/10\/10-1ZHU.jpg\" alt=\"Pannello di recinzione in legno composito Wpc da giardino\" width=\"1024\" height=\"1024\" srcset=\"https:\/\/meterny.com\/wp-content\/uploads\/2024\/10\/10-1ZHU.jpg 800w, https:\/\/meterny.com\/wp-content\/uploads\/2024\/10\/10-1ZHU-300x300.jpg 300w, https:\/\/meterny.com\/wp-content\/uploads\/2024\/10\/10-1ZHU-150x150.jpg 150w, https:\/\/meterny.com\/wp-content\/uploads\/2024\/10\/10-1ZHU-768x768.jpg 768w, https:\/\/meterny.com\/wp-content\/uploads\/2024\/10\/10-1ZHU-600x600.jpg 600w, https:\/\/meterny.com\/wp-content\/uploads\/2024\/10\/10-1ZHU-100x100.jpg 100w\" sizes=\"auto, (max-width: 1024px) 100vw, 1024px\" \/><figcaption id=\"caption-attachment-17496\" class=\"wp-caption-text\">Bellezza sostenibile: Recinzioni moderne in WPC per ogni progetto<\/figcaption><\/figure>\n<figure id=\"attachment_17494\" aria-describedby=\"caption-attachment-17494\" style=\"width: 1024px\" class=\"wp-caption alignnone\"><img loading=\"lazy\" decoding=\"async\" class=\"wp-image-17494\" src=\"https:\/\/meterny.com\/wp-content\/uploads\/2024\/10\/2-3ZHU.jpg\" alt=\"Pannelli di recinzione WPC per progetti residenziali\" width=\"1024\" height=\"1024\" srcset=\"https:\/\/meterny.com\/wp-content\/uploads\/2024\/10\/2-3ZHU.jpg 800w, https:\/\/meterny.com\/wp-content\/uploads\/2024\/10\/2-3ZHU-300x300.jpg 300w, https:\/\/meterny.com\/wp-content\/uploads\/2024\/10\/2-3ZHU-150x150.jpg 150w, https:\/\/meterny.com\/wp-content\/uploads\/2024\/10\/2-3ZHU-768x768.jpg 768w, https:\/\/meterny.com\/wp-content\/uploads\/2024\/10\/2-3ZHU-600x600.jpg 600w, https:\/\/meterny.com\/wp-content\/uploads\/2024\/10\/2-3ZHU-100x100.jpg 100w\" sizes=\"auto, (max-width: 1024px) 100vw, 1024px\" \/><figcaption id=\"caption-attachment-17494\" class=\"wp-caption-text\">Resistente alle intemperie ed elegante: Recinzioni in WPC perfette per tutte le stagioni<\/figcaption><\/figure>\n<figure id=\"attachment_17490\" aria-describedby=\"caption-attachment-17490\" style=\"width: 1024px\" class=\"wp-caption alignnone\"><img loading=\"lazy\" decoding=\"async\" class=\"wp-image-17490\" src=\"https:\/\/meterny.com\/wp-content\/uploads\/2024\/10\/\u90a6\u82f1-5.jpg\" alt=\"Pannello di recinzione WPC con struttura in legno naturale\" width=\"1024\" height=\"1024\" srcset=\"https:\/\/meterny.com\/wp-content\/uploads\/2024\/10\/\u90a6\u82f1-5.jpg 800w, https:\/\/meterny.com\/wp-content\/uploads\/2024\/10\/\u90a6\u82f1-5-300x300.jpg 300w, https:\/\/meterny.com\/wp-content\/uploads\/2024\/10\/\u90a6\u82f1-5-150x150.jpg 150w, https:\/\/meterny.com\/wp-content\/uploads\/2024\/10\/\u90a6\u82f1-5-768x768.jpg 768w, https:\/\/meterny.com\/wp-content\/uploads\/2024\/10\/\u90a6\u82f1-5-600x600.jpg 600w, https:\/\/meterny.com\/wp-content\/uploads\/2024\/10\/\u90a6\u82f1-5-100x100.jpg 100w\" sizes=\"auto, (max-width: 1024px) 100vw, 1024px\" \/><figcaption id=\"caption-attachment-17490\" class=\"wp-caption-text\">Soluzioni di recinzione eleganti con pannelli di recinzione decorativi in WPC<\/figcaption><\/figure>\n<h3>Colore e superficie<\/h3>\n<p>Disponibile in nove colori diversi, il METE1800H1850 offre opzioni di design versatili per adattarsi a qualsiasi giardino o ambiente esterno. Scegliete tra due texture di superficie: le classiche strisce o le eleganti venature del legno, per completare perfettamente il vostro paesaggio. La lunghezza \u00e8 personalizzabile per adattarsi alle vostre esigenze specifiche, garantendo un'installazione su misura e senza soluzione di continuit\u00e0.<\/p>\n<figure id=\"attachment_17473\" aria-describedby=\"caption-attachment-17473\" style=\"width: 1024px\" class=\"wp-caption alignnone\"><img loading=\"lazy\" decoding=\"async\" class=\"wp-image-17473\" src=\"https:\/\/meterny.com\/wp-content\/uploads\/2024\/05\/A8c1e1d3dd6f44e7dbfc53b1a81cccee3q-1.png\" alt=\"Recinzione in WPC con struttura in legno naturale\" width=\"1024\" height=\"1024\" srcset=\"https:\/\/meterny.com\/wp-content\/uploads\/2024\/05\/A8c1e1d3dd6f44e7dbfc53b1a81cccee3q-1.png 800w, https:\/\/meterny.com\/wp-content\/uploads\/2024\/05\/A8c1e1d3dd6f44e7dbfc53b1a81cccee3q-1-300x300.png 300w, https:\/\/meterny.com\/wp-content\/uploads\/2024\/05\/A8c1e1d3dd6f44e7dbfc53b1a81cccee3q-1-150x150.png 150w, https:\/\/meterny.com\/wp-content\/uploads\/2024\/05\/A8c1e1d3dd6f44e7dbfc53b1a81cccee3q-1-768x768.png 768w, https:\/\/meterny.com\/wp-content\/uploads\/2024\/05\/A8c1e1d3dd6f44e7dbfc53b1a81cccee3q-1-600x600.png 600w, https:\/\/meterny.com\/wp-content\/uploads\/2024\/05\/A8c1e1d3dd6f44e7dbfc53b1a81cccee3q-1-100x100.png 100w\" sizes=\"auto, (max-width: 1024px) 100vw, 1024px\" \/><figcaption id=\"caption-attachment-17473\" class=\"wp-caption-text\">Il futuro delle recinzioni per esterni: Eleganti, resistenti e sostenibili<\/figcaption><\/figure>\n<p>Scheda colori del pannello di recinzione WPC serie Meterny METE<\/p>\n<figure id=\"attachment_20293\" aria-describedby=\"caption-attachment-20293\" style=\"width: 1024px\" class=\"wp-caption alignnone\"><img loading=\"lazy\" decoding=\"async\" class=\"wp-image-20293\" src=\"https:\/\/meterny.com\/wp-content\/uploads\/2024\/10\/METE-Series-Colour-151.png\" alt=\"Opzioni di colore della recinzione WPC Meterny\" width=\"1024\" height=\"1024\" srcset=\"https:\/\/meterny.com\/wp-content\/uploads\/2024\/10\/METE-Series-Colour-151.png 900w, https:\/\/meterny.com\/wp-content\/uploads\/2024\/10\/METE-Series-Colour-151-300x300.png 300w, https:\/\/meterny.com\/wp-content\/uploads\/2024\/10\/METE-Series-Colour-151-150x150.png 150w, https:\/\/meterny.com\/wp-content\/uploads\/2024\/10\/METE-Series-Colour-151-768x768.png 768w, https:\/\/meterny.com\/wp-content\/uploads\/2024\/10\/METE-Series-Colour-151-600x600.png 600w, https:\/\/meterny.com\/wp-content\/uploads\/2024\/10\/METE-Series-Colour-151-100x100.png 100w\" sizes=\"auto, (max-width: 1024px) 100vw, 1024px\" \/><figcaption id=\"caption-attachment-20293\" class=\"wp-caption-text\">Esplora la recinzione in WPC Meterny - Nove splendide opzioni di colore per ogni stile<\/figcaption><\/figure>\n<h3>Resistente e impermeabile<\/h3>\n<p>Realizzata con un'avanzata tecnologia di eco-estrusione, questa recinzione in WPC Composite \u00e8 costruita per durare nel tempo. Le sue propriet\u00e0 impermeabili la rendono una scelta ideale per tutte le condizioni atmosferiche, garantendo longevit\u00e0 e manutenzione minima. I pilastri in alluminio forniscono una maggiore stabilit\u00e0, rendendola una soluzione di recinzione affidabile e robusta per qualsiasi giardino.<\/p>\n<p>Accessori per l'installazione<\/p>\n<figure id=\"attachment_17165\" aria-describedby=\"caption-attachment-17165\" style=\"width: 1024px\" class=\"wp-caption alignnone\"><img loading=\"lazy\" decoding=\"async\" class=\"wp-image-17165\" src=\"https:\/\/meterny.com\/wp-content\/uploads\/2024\/05\/Heef5f4fd9e2c4c9a9145a852eb0aedceQ-1.png\" alt=\"Accessori completi per l&#039;installazione di recinzioni in WPC\" width=\"1024\" height=\"1054\" srcset=\"https:\/\/meterny.com\/wp-content\/uploads\/2024\/05\/Heef5f4fd9e2c4c9a9145a852eb0aedceQ-1.png 923w, https:\/\/meterny.com\/wp-content\/uploads\/2024\/05\/Heef5f4fd9e2c4c9a9145a852eb0aedceQ-1-291x300.png 291w, https:\/\/meterny.com\/wp-content\/uploads\/2024\/05\/Heef5f4fd9e2c4c9a9145a852eb0aedceQ-1-768x790.png 768w, https:\/\/meterny.com\/wp-content\/uploads\/2024\/05\/Heef5f4fd9e2c4c9a9145a852eb0aedceQ-1-600x618.png 600w\" sizes=\"auto, (max-width: 1024px) 100vw, 1024px\" \/><figcaption id=\"caption-attachment-17165\" class=\"wp-caption-text\">Accessori per l'installazione di recinzioni WPC all-in-one per un montaggio senza sforzo<\/figcaption><\/figure>\n<h3>Perch\u00e9 scegliere una recinzione in Wpc per esterni?<\/h3>\n<p id=\"\">La scelta di una recinzione per esterni in WPC (Wood Plastic Composite) offre diversi motivi validi per valorizzare il vostro spazio esterno. Ecco alcuni vantaggi chiave:<\/p>\n<ol>\n<li><strong>Durata e longevit\u00e0<\/strong>:\n<ul>\n<li>Le recinzioni in WPC sono progettate per resistere agli agenti atmosferici, compresi umidit\u00e0, insetti e raggi UV. Ci\u00f2 garantisce che mantengano la loro bellezza e funzionalit\u00e0 per gli anni a venire, senza bisogno di frequenti riparazioni o sostituzioni.<\/li>\n<\/ul>\n<\/li>\n<li><strong>Ecologico e sostenibile<\/strong>:\n<ul>\n<li>Realizzate con fibre di legno riciclate e plastica di polietilene ad alta densit\u00e0, le recinzioni in WPC contribuiscono alla riduzione dei rifiuti e promuovono una vita sostenibile. Sono una scelta ecologica che aiuta a proteggere il nostro pianeta.<\/li>\n<\/ul>\n<\/li>\n<li><strong>Bassa manutenzione<\/strong>:\n<ul>\n<li>A differenza delle tradizionali recinzioni in legno, le recinzioni in WPC non richiedono verniciatura, sigillatura o colorazione. Possono essere facilmente pulite con acqua, risparmiando tempo e denaro sui costi di manutenzione.<\/li>\n<\/ul>\n<\/li>\n<li><strong>Struttura a venatura naturale del legno<\/strong>:\n<ul>\n<li>La texture in rilievo 3D delle venature del legno delle recinzioni in WPC conferisce un aspetto realistico e sofisticato. Imita l'aspetto del legno naturale senza bisogno di manutenzione, migliorando l'estetica del vostro spazio esterno.<\/li>\n<\/ul>\n<\/li>\n<li><strong>Resistenza agli agenti atmosferici<\/strong>:\n<ul>\n<li>Le recinzioni in WPC sono resistenti a marciume, deformazioni e crepe, anche in condizioni climatiche avverse. In questo modo si mantengono in ottime condizioni, garantendo un'efficace schermatura e privacy per il vostro giardino.<\/li>\n<\/ul>\n<\/li>\n<li><strong>Opzioni di design versatili<\/strong>:\n<ul>\n<li>Disponibili in una variet\u00e0 di colori, texture e dimensioni, le recinzioni in WPC Composite possono essere personalizzate per soddisfare le vostre specifiche esigenze e preferenze di stile. Che si tratti di recinzioni per la privacy, bordi decorativi o strutture da giardino, le recinzioni in WPC Composite offrono opzioni di design versatili per soddisfare le vostre esigenze.<\/li>\n<\/ul>\n<\/li>\n<li><strong>Installazione semplice<\/strong>:\n<ul>\n<li>Progettate per un'installazione semplice e immediata, le recinzioni in WPC Composite sono adatte al fai-da-te. Con competenze di base di falegnameria e semplici strumenti, \u00e8 possibile installarle in pochissimo tempo, risparmiando sui costi di installazione.<\/li>\n<\/ul>\n<\/li>\n<li><strong>Economicamente vantaggioso<\/strong>:\n<ul>\n<li>Sebbene l'investimento iniziale in una recinzione in WPC Composite possa essere leggermente superiore rispetto alle tradizionali recinzioni in legno, i risparmi a lungo termine sulla manutenzione e sulla durata ne fanno una scelta conveniente.<\/li>\n<\/ul>\n<\/li>\n<li><strong>Aumento del valore della propriet\u00e0<\/strong>:\n<ul>\n<li>L'aggiunta di una recinzione in WPC Composite al vostro spazio esterno pu\u00f2 aumentare il valore complessivo della vostra propriet\u00e0. Migliora l'attrattiva del giardino e fornisce un ambiente sicuro e riservato per il vostro giardino.<\/li>\n<\/ul>\n<\/li>\n<li><strong>Maggiore privacy e sicurezza<\/strong>:\n<ul>\n<li>Le recinzioni in WPC Composite offrono un'efficace privacy e sicurezza per il vostro giardino. Creano una barriera che protegge il vostro spazio esterno da intrusi e rumori indesiderati, offrendo un ambiente tranquillo e sereno.<\/li>\n<\/ul>\n<\/li>\n<\/ol>\n<p id=\"\">In conclusione, la scelta di una recinzione esterna in WPC Composite offre numerosi vantaggi che migliorano la bellezza, la funzionalit\u00e0 e il valore del vostro spazio esterno. Grazie alla loro durata, all'ecocompatibilit\u00e0, alla bassa manutenzione e alle versatili opzioni di design, le recinzioni in WPC Composite sono una scelta eccellente per chiunque voglia migliorare il proprio giardino o area esterna.<\/p>","protected":false},"excerpt":{"rendered":"<h3>Caratteristiche principali:<\/h3>\n<p>Impermeabile e resistente alle intemperie: ideale per l'uso all'aperto in tutti i climi.<br \/>\nMateriali eco-compatibili: Sostenibili e attenti all'ambiente.<br \/>\nLunghezza personalizzabile: Adattabile alle dimensioni specifiche del vostro giardino.<br \/>\nBassa manutenzione: Facile da pulire e mantenere, a differenza del legno tradizionale.<br \/>\nOpzioni a doppia superficie: Scegliete tra le eleganti venature del legno o le classiche strisce per un look personalizzato.<br \/>\nMaggiore stabilit\u00e0: Rinforzato con pilastri in alluminio per una maggiore resistenza e sicurezza.<\/p>\n<h3>Applicazioni:<\/h3>\n<p>Perfetto per delimitare il giardino, per schermare la privacy e per soluzioni di recinzione decorative.<\/p>","protected":false},"featured_media":17495,"comment_status":"open","ping_status":"closed","template":"","meta":{"_uag_custom_page_level_css":"","site-sidebar-layout":"default","site-content-layout":"","ast-site-content-layout":"default","site-content-style":"default","site-sidebar-style":"default","ast-global-header-display":"","ast-banner-title-visibility":"","ast-main-header-display":"","ast-hfb-above-header-display":"","ast-hfb-below-header-display":"","ast-hfb-mobile-header-display":"","site-post-title":"","ast-breadcrumbs-content":"","ast-featured-img":"","footer-sml-layout":"","theme-transparent-header-meta":"default","adv-header-id-meta":"","stick-header-meta":"default","header-above-stick-meta":"","header-main-stick-meta":"","header-below-stick-meta":"","astra-migrate-meta-layouts":"set","ast-page-background-enabled":"default","ast-page-background-meta":{"desktop":{"background-color":"var(--ast-global-color-4)","background-image":"","background-repeat":"repeat","background-position":"center center","background-size":"auto","background-attachment":"scroll","background-type":"","background-media":"","overlay-type":"","overlay-color":"","overlay-opacity":"","overlay-gradient":""},"tablet":{"background-color":"","background-image":"","background-repeat":"repeat","background-position":"center center","background-size":"auto","background-attachment":"scroll","background-type":"","background-media":"","overlay-type":"","overlay-color":"","overlay-opacity":"","overlay-gradient":""},"mobile":{"background-color":"","background-image":"","background-repeat":"repeat","background-position":"center center","background-size":"auto","background-attachment":"scroll","background-type":"","background-media":"","overlay-type":"","overlay-color":"","overlay-opacity":"","overlay-gradient":""}},"ast-content-background-meta":{"desktop":{"background-color":"var(--ast-global-color-5)","background-image":"","background-repeat":"repeat","background-position":"center center","background-size":"auto","background-attachment":"scroll","background-type":"","background-media":"","overlay-type":"","overlay-color":"","overlay-opacity":"","overlay-gradient":""},"tablet":{"background-color":"var(--ast-global-color-5)","background-image":"","background-repeat":"repeat","background-position":"center center","background-size":"auto","background-attachment":"scroll","background-type":"","background-media":"","overlay-type":"","overlay-color":"","overlay-opacity":"","overlay-gradient":""},"mobile":{"background-color":"var(--ast-global-color-5)","background-image":"","background-repeat":"repeat","background-position":"center center","background-size":"auto","background-attachment":"scroll","background-type":"","background-media":"","overlay-type":"","overlay-color":"","overlay-opacity":"","overlay-gradient":""}}},"product_brand":[],"product_cat":[18],"product_tag":[186,187,188,185],"class_list":{"0":"post-17480","1":"product","2":"type-product","3":"status-publish","4":"has-post-thumbnail","6":"product_cat-uncategorized","7":"product_tag-aluminum-fence","8":"product_tag-exterior-fence","9":"product_tag-garden-fence","10":"product_tag-wpc-fence","11":"desktop-align-center","12":"tablet-align-left","13":"mobile-align-left","14":"ast-product-gallery-layout-horizontal-slider","15":"ast-product-tabs-layout-vertical","17":"first","18":"instock","19":"shipping-taxable","20":"product-type-simple"},"uagb_featured_image_src":{"full":["https:\/\/meterny.com\/wp-content\/uploads\/2024\/10\/8-7ZHU.jpg",800,800,false],"thumbnail":["https:\/\/meterny.com\/wp-content\/uploads\/2024\/10\/8-7ZHU-150x150.jpg",150,150,true],"medium":["https:\/\/meterny.com\/wp-content\/uploads\/2024\/10\/8-7ZHU-300x300.jpg",300,300,true],"medium_large":["https:\/\/meterny.com\/wp-content\/uploads\/2024\/10\/8-7ZHU-768x768.jpg",768,768,true],"large":["https:\/\/meterny.com\/wp-content\/uploads\/2024\/10\/8-7ZHU.jpg",800,800,false],"1536x1536":["https:\/\/meterny.com\/wp-content\/uploads\/2024\/10\/8-7ZHU.jpg",800,800,false],"2048x2048":["https:\/\/meterny.com\/wp-content\/uploads\/2024\/10\/8-7ZHU.jpg",800,800,false],"trp-custom-language-flag":["https:\/\/meterny.com\/wp-content\/uploads\/2024\/10\/8-7ZHU.jpg",12,12,false],"woocommerce_thumbnail":["https:\/\/meterny.com\/wp-content\/uploads\/2024\/10\/8-7ZHU-300x300.jpg",300,300,true],"woocommerce_single":["https:\/\/meterny.com\/wp-content\/uploads\/2024\/10\/8-7ZHU-600x600.jpg",600,600,true],"woocommerce_gallery_thumbnail":["https:\/\/meterny.com\/wp-content\/uploads\/2024\/10\/8-7ZHU-100x100.jpg",100,100,true]},"uagb_author_info":{"display_name":"meterny","author_link":"https:\/\/meterny.com\/it\/author\/"},"uagb_comment_info":0,"uagb_excerpt":"Key Features: Waterproof and Weather-Resistant: Ideal for outdoor use in all climates. Eco-Friendly Materials: Sustainable and environmentally conscious. Customizable Length: Tailored to fit your garden's specific dimensions. Low Maintenance: Easy to clean and maintain, unlike traditional wood. Dual Surface Options: Choose between elegant wood grains or classic strips for a personalized look. Enhanced Stability: Reinforced&hellip;","_links":{"self":[{"href":"https:\/\/meterny.com\/it\/wp-json\/wp\/v2\/product\/17480","targetHints":{"allow":["GET"]}}],"collection":[{"href":"https:\/\/meterny.com\/it\/wp-json\/wp\/v2\/product"}],"about":[{"href":"https:\/\/meterny.com\/it\/wp-json\/wp\/v2\/types\/product"}],"replies":[{"embeddable":true,"href":"https:\/\/meterny.com\/it\/wp-json\/wp\/v2\/comments?post=17480"}],"wp:featuredmedia":[{"embeddable":true,"href":"https:\/\/meterny.com\/it\/wp-json\/wp\/v2\/media\/17495"}],"wp:attachment":[{"href":"https:\/\/meterny.com\/it\/wp-json\/wp\/v2\/media?parent=17480"}],"wp:term":[{"taxonomy":"product_brand","embeddable":true,"href":"https:\/\/meterny.com\/it\/wp-json\/wp\/v2\/product_brand?post=17480"},{"taxonomy":"product_cat","embeddable":true,"href":"https:\/\/meterny.com\/it\/wp-json\/wp\/v2\/product_cat?post=17480"},{"taxonomy":"product_tag","embeddable":true,"href":"https:\/\/meterny.com\/it\/wp-json\/wp\/v2\/product_tag?post=17480"}],"curies":[{"name":"wp","href":"https:\/\/api.w.org\/{rel}","templated":true}]}}