{"id":17660,"date":"2024-10-10T01:59:46","date_gmt":"2024-10-10T01:59:46","guid":{"rendered":"https:\/\/meterny.com\/?post_type=product&#038;p=17660"},"modified":"2025-05-24T02:04:14","modified_gmt":"2025-05-24T02:04:14","slug":"aluminum-glass-winter-garden","status":"publish","type":"product","link":"https:\/\/meterny.com\/it\/prodotto\/aluminum-glass-winter-garden\/","title":{"rendered":"Alluminio vetro giardino d'inverno serra Alluminio Sunroom con tetto di vetro Alluminio temperato vetro Sunroom"},"content":{"rendered":"<h2 style=\"text-align: center;\">Alluminio Vetro Giardino d'inverno Serra Alluminio Giardino d'inverno Alluminio Stanza del sole con tetto di vetro<\/h2>\n<p><strong>Tipo<\/strong>: Sala da sole in alluminio con vetro temperato<\/p>\n<p><strong>Dimensione<\/strong>: personalizzato<\/p>\n<p><strong>Superficie<\/strong>: rivestimento\/ verniciatura personalizzata<\/p>\n<p><strong>Colore<\/strong>: personalizzato<\/p>\n<p><strong>Lunghezza<\/strong>: Personalizzato<\/p>\n<p><strong>Materiale<\/strong>: Lega di alluminio di alta gamma<\/p>\n<p><strong>Tecnologia del prodotto<\/strong>: Sistema anti-perdita Meterny AquaGuard<\/p>\n<p>Vetro alluminio Giardino d'inverno<\/p>\n<figure id=\"attachment_17703\" aria-describedby=\"caption-attachment-17703\" style=\"width: 1024px\" class=\"wp-caption alignnone\"><img loading=\"lazy\" decoding=\"async\" class=\"wp-image-17703\" src=\"https:\/\/meterny.com\/wp-content\/uploads\/2024\/10\/V9\u9633\u5149\uff08\u9ed1\u7802\u7070\uff09\u4e3b.jpg\" alt=\"Vetro alluminio Giardino d&#039;inverno\" width=\"1024\" height=\"1024\" srcset=\"https:\/\/meterny.com\/wp-content\/uploads\/2024\/10\/V9\u9633\u5149\uff08\u9ed1\u7802\u7070\uff09\u4e3b.jpg 800w, https:\/\/meterny.com\/wp-content\/uploads\/2024\/10\/V9\u9633\u5149\uff08\u9ed1\u7802\u7070\uff09\u4e3b-300x300.jpg 300w, https:\/\/meterny.com\/wp-content\/uploads\/2024\/10\/V9\u9633\u5149\uff08\u9ed1\u7802\u7070\uff09\u4e3b-150x150.jpg 150w, https:\/\/meterny.com\/wp-content\/uploads\/2024\/10\/V9\u9633\u5149\uff08\u9ed1\u7802\u7070\uff09\u4e3b-768x768.jpg 768w, https:\/\/meterny.com\/wp-content\/uploads\/2024\/10\/V9\u9633\u5149\uff08\u9ed1\u7802\u7070\uff09\u4e3b-600x600.jpg 600w, https:\/\/meterny.com\/wp-content\/uploads\/2024\/10\/V9\u9633\u5149\uff08\u9ed1\u7802\u7070\uff09\u4e3b-100x100.jpg 100w\" sizes=\"auto, (max-width: 1024px) 100vw, 1024px\" \/><figcaption id=\"caption-attachment-17703\" class=\"wp-caption-text\">Stanza da sole con patio nero: Il vostro santuario personale all'aperto<\/figcaption><\/figure>\n<h3><strong>Nome del prodotto<\/strong>: Lega di alluminio vetro Giardino d'inverno<\/h3>\n<p>Vetro alluminio Giardino d'inverno<\/p>\n<h3><strong>Panoramica del prodotto<\/strong><\/h3>\n<p id=\"\">Il giardino d'inverno in lega di alluminio e vetro \u00e8 la scelta ideale per aggiungere fascino e comfort alla vostra casa. Grazie alla lega di alluminio di alta qualit\u00e0 e all'efficiente vetro isolante, abbinati a concetti di design moderno e a una squisita lavorazione artigianale, crea uno spazio interno per il tempo libero caldo tutto l'anno, pieno di luce naturale e con ampie vedute.<\/p>\n<h3><strong>Caratteristiche del prodotto di Giardino d'inverno in vetro di alluminio<\/strong><\/h3>\n<ol>\n<li><strong>Materiali di alta qualit\u00e0<\/strong>\n<ul>\n<li>Utilizza telai in lega di alluminio di prima qualit\u00e0 per garantire resistenza alla corrosione, elevata robustezza e durata strutturale.<\/li>\n<li>Un vetro isolante efficiente blocca efficacemente i raggi UV e il trasferimento di calore, mantenendo una temperatura interna confortevole.<\/li>\n<\/ul>\n<\/li>\n<li><strong>Squisito artigianato<\/strong>\n<ul>\n<li>La lavorazione di precisione e le tecniche di saldatura senza saldature garantiscono dettagli perfetti.<\/li>\n<li>Il design delle guarnizioni multistrato isola efficacemente il rumore e la polvere, migliorando la qualit\u00e0 della vita.<\/li>\n<\/ul>\n<\/li>\n<li><strong>Luce naturale e vista<\/strong>\n<ul>\n<li>Le ampie superfici vetrate permettono alla luce naturale di inondare gli ambienti interni, creando un'atmosfera luminosa e confortevole.<\/li>\n<li>Le ampie vedute vi permettono di godere della bellezza fuori dalla finestra e di sentire la tranquillit\u00e0 della natura dal comfort della vostra casa.<\/li>\n<\/ul>\n<\/li>\n<li><strong>Spazio versatile<\/strong>\n<ul>\n<li>Pu\u00f2 essere utilizzato come salotto, studio, area fitness e altro ancora, soddisfacendo le vostre diverse esigenze.<\/li>\n<li>\u00c8 possibile regolare facilmente la disposizione e l'arredamento per creare uno spazio personalizzato e adatto alle proprie esigenze.<\/li>\n<\/ul>\n<\/li>\n<li><strong>Eco-compatibile ed efficiente dal punto di vista energetico<\/strong>\n<ul>\n<li>Le elevate propriet\u00e0 di isolamento e ritenzione termica riducono il consumo energetico e le emissioni di carbonio.<\/li>\n<li>Conforme agli standard ambientali, contribuisce alla vostra salute e al futuro del nostro pianeta.<\/li>\n<\/ul>\n<\/li>\n<li><strong>Manutenzione semplice<\/strong>\n<ul>\n<li>I materiali in lega di alluminio e vetro sono facili da pulire e mantengono il loro aspetto nuovo pi\u00f9 a lungo.<\/li>\n<li>Non richiede una manutenzione complessa, risparmiando tempo e fatica.<\/li>\n<\/ul>\n<\/li>\n<\/ol>\n<h3><strong>Specifiche del prodotto<\/strong><\/h3>\n<ul>\n<li>Materiale del telaio: Lega di alluminio di alta qualit\u00e0<\/li>\n<li>Tipo di vetro: Vetro isolante efficiente<\/li>\n<li>Gamma di dimensioni: Personalizzabile in base alle esigenze del cliente<\/li>\n<li>Opzioni di colore: Sono disponibili pi\u00f9 colori per soddisfare le preferenze dei clienti<\/li>\n<\/ul>\n<h3><strong>Scenari di applicazione<\/strong><\/h3>\n<ul>\n<li>Spazi ricreativi interni per ville residenziali, appartamenti di alto livello, resort e altri luoghi.<\/li>\n<li>Ambienti interni che richiedono una maggiore illuminazione naturale, viste e una migliore qualit\u00e0 della vita.<\/li>\n<\/ul>\n<h3>More Designs of Vetro alluminio Giardino d'inverno<\/h3>\n<figure id=\"attachment_17691\" aria-describedby=\"caption-attachment-17691\" style=\"width: 1024px\" class=\"wp-caption alignnone\"><img loading=\"lazy\" decoding=\"async\" class=\"wp-image-17691\" src=\"https:\/\/meterny.com\/wp-content\/uploads\/2024\/10\/\u4e0b\u8f7d-23.jpg\" alt=\"Stili di veranda in alluminio multicolore Soluzioni di veranda alla moda\" width=\"1024\" height=\"1024\" srcset=\"https:\/\/meterny.com\/wp-content\/uploads\/2024\/10\/\u4e0b\u8f7d-23.jpg 1200w, https:\/\/meterny.com\/wp-content\/uploads\/2024\/10\/\u4e0b\u8f7d-23-300x300.jpg 300w, https:\/\/meterny.com\/wp-content\/uploads\/2024\/10\/\u4e0b\u8f7d-23-1024x1024.jpg 1024w, https:\/\/meterny.com\/wp-content\/uploads\/2024\/10\/\u4e0b\u8f7d-23-150x150.jpg 150w, https:\/\/meterny.com\/wp-content\/uploads\/2024\/10\/\u4e0b\u8f7d-23-768x768.jpg 768w, https:\/\/meterny.com\/wp-content\/uploads\/2024\/10\/\u4e0b\u8f7d-23-600x600.jpg 600w, https:\/\/meterny.com\/wp-content\/uploads\/2024\/10\/\u4e0b\u8f7d-23-100x100.jpg 100w\" sizes=\"auto, (max-width: 1024px) 100vw, 1024px\" \/><figcaption id=\"caption-attachment-17691\" class=\"wp-caption-text\">Un caleidoscopio di design per la veranda: Scegliete il vostro ambiente perfetto<\/figcaption><\/figure>\n<p>Vetro alluminio Giardino d'inverno<\/p>\n<figure id=\"attachment_16950\" aria-describedby=\"caption-attachment-16950\" style=\"width: 1024px\" class=\"wp-caption alignnone\"><img loading=\"lazy\" decoding=\"async\" class=\"wp-image-16950\" src=\"https:\/\/meterny.com\/wp-content\/uploads\/2024\/09\/About-Meterny@3x.png\" alt=\"Pergola in alluminio Meterny a confronto con altre pergole\" width=\"1024\" height=\"1447\" srcset=\"https:\/\/meterny.com\/wp-content\/uploads\/2024\/09\/About-Meterny@3x.png 1787w, https:\/\/meterny.com\/wp-content\/uploads\/2024\/09\/About-Meterny@3x-212x300.png 212w, https:\/\/meterny.com\/wp-content\/uploads\/2024\/09\/About-Meterny@3x-724x1024.png 724w, https:\/\/meterny.com\/wp-content\/uploads\/2024\/09\/About-Meterny@3x-768x1086.png 768w, https:\/\/meterny.com\/wp-content\/uploads\/2024\/09\/About-Meterny@3x-1087x1536.png 1087w, https:\/\/meterny.com\/wp-content\/uploads\/2024\/09\/About-Meterny@3x-1449x2048.png 1449w, https:\/\/meterny.com\/wp-content\/uploads\/2024\/09\/About-Meterny@3x-600x848.png 600w\" sizes=\"auto, (max-width: 1024px) 100vw, 1024px\" \/><figcaption id=\"caption-attachment-16950\" class=\"wp-caption-text\">Pergole Meterny vs. Pergole tradizionali: caratteristiche superiori<\/figcaption><\/figure>\n<h3>Breve descrizione di Aluminum Glass Winter Garden<\/h3>\n<ol>\n<li><strong>Materiali e finiture di alta qualit\u00e0<\/strong>:\n<ul>\n<li>METERNY utilizza materiali in lega di alluminio e vetro di alta qualit\u00e0, con possibilit\u00e0 di rivestimento a polvere, anodizzazione, elettroforesi e verniciatura al fluoro-carbonio per una maggiore durata ed estetica.<\/li>\n<\/ul>\n<\/li>\n<li><strong>Design flessibile del tetto<\/strong>:\n<ul>\n<li>Il design del tetto pu\u00f2 essere personalizzato, includendo opzioni come forme ad arco, piatte, poligonali, inclinate e a triangolo, per soddisfare le preferenze individuali e gli stili architettonici.<\/li>\n<\/ul>\n<\/li>\n<li><strong>Riduzione del rumore ed ecocompatibilit\u00e0<\/strong>:\n<ul>\n<li>Le cabine solari in alluminio e vetro di METERNY sono progettate per ridurre il rumore e sono ecologiche, il che le rende una scelta sostenibile per gli spazi esterni.<\/li>\n<\/ul>\n<\/li>\n<li><strong>Leggero e di facile installazione<\/strong>:\n<ul>\n<li>Il telaio in lega di alluminio \u00e8 leggero ma resistente e rende l'installazione pi\u00f9 facile e veloce rispetto ai materiali tradizionali.<\/li>\n<\/ul>\n<\/li>\n<li><strong>Stile di vita migliorato<\/strong>:\n<ul>\n<li>Un giardino d'inverno in vetro di alluminio METERNY aggiunge uno spazio versatile e bello alla vostra casa, migliorando il vostro stile di vita e fornendo un'area perfetta per rilassarsi, intrattenersi o semplicemente godersi l'aria aperta.<\/li>\n<\/ul>\n<\/li>\n<\/ol>\n<p>Vetro alluminio Giardino d'inverno<\/p>\n<p>L'innovativo progetto di Meterny per la prevenzione delle perdite d'acqua<\/p>\n<p>&nbsp;<\/p>\n<h3>Se volete saperne di pi\u00f9, cliccate su questo link a youtube:<a href=\"https:\/\/youtu.be\/J8DMrYIno6U\" target=\"_blank\" rel=\"noopener\">https:\/\/youtu.be\/J8DMrYIno6U<\/a><\/h3>\n<figure id=\"attachment_16951\" aria-describedby=\"caption-attachment-16951\" style=\"width: 1024px\" class=\"wp-caption alignnone\"><img loading=\"lazy\" decoding=\"async\" class=\"wp-image-16951\" src=\"https:\/\/meterny.com\/wp-content\/uploads\/2024\/09\/\u753b\u677f-16@3x.png\" alt=\"Pergola in alluminio Meterny, design esclusivo con brevetto\" width=\"1024\" height=\"1448\" srcset=\"https:\/\/meterny.com\/wp-content\/uploads\/2024\/09\/\u753b\u677f-16@3x.png 1787w, https:\/\/meterny.com\/wp-content\/uploads\/2024\/09\/\u753b\u677f-16@3x-212x300.png 212w, https:\/\/meterny.com\/wp-content\/uploads\/2024\/09\/\u753b\u677f-16@3x-724x1024.png 724w, https:\/\/meterny.com\/wp-content\/uploads\/2024\/09\/\u753b\u677f-16@3x-768x1086.png 768w, https:\/\/meterny.com\/wp-content\/uploads\/2024\/09\/\u753b\u677f-16@3x-1086x1536.png 1086w, https:\/\/meterny.com\/wp-content\/uploads\/2024\/09\/\u753b\u677f-16@3x-1448x2048.png 1448w, https:\/\/meterny.com\/wp-content\/uploads\/2024\/09\/\u753b\u677f-16@3x-600x848.png 600w\" sizes=\"auto, (max-width: 1024px) 100vw, 1024px\" \/><figcaption id=\"caption-attachment-16951\" class=\"wp-caption-text\">Il design brevettato di Meterny: Una pergola come nessun'altra<\/figcaption><\/figure>\n<h3>Vetro alluminio Giardino d'inverno<\/h3>\n<h3>Perch\u00e9 scegliere la veranda in alluminio su misura in vetro di Meterny?<\/h3>\n<p id=\"\">Scegliere una veranda in alluminio e vetro personalizzata da Meterny \u00e8 una decisione che porta numerosi vantaggi alla vostra casa e al vostro stile di vita. Ecco alcuni motivi convincenti:<\/p>\n<ol>\n<li>\n<p id=\"\"><strong>Materiali di qualit\u00e0 superiore<\/strong>:<br \/>\nMeterny utilizza solo materiali in lega di alluminio e vetro di altissima qualit\u00e0 per le sue sale da sole. Questo garantisce una struttura robusta, durevole e duratura, in grado di resistere alle intemperie pur mantenendo un aspetto elegante e raffinato.<\/p>\n<\/li>\n<li>\n<p id=\"\"><strong>Design personalizzabile<\/strong>:<br \/>\nCon Meterny avete la possibilit\u00e0 di progettare la vostra veranda esattamente come la immaginate. Dalle dimensioni e dalla forma al colore e alle finiture, ogni aspetto pu\u00f2 essere adattato alle vostre specifiche esigenze e preferenze. Questo garantisce che la vostra veranda si integri perfettamente con l'architettura esistente della vostra casa.<\/p>\n<\/li>\n<li>\n<p id=\"\"><strong>Isolamento ed efficienza energetica eccezionali<\/strong>:<br \/>\nLe sunroom in alluminio e vetro di Meterny sono progettate con caratteristiche avanzate di isolamento e di efficienza energetica. Ci\u00f2 significa che potrete godervi la vostra veranda per tutto l'anno, indipendentemente dal clima esterno. Inoltre, le bollette energetiche saranno pi\u00f9 basse grazie alla capacit\u00e0 della veranda di trattenere il calore in inverno e di mantenere il fresco in estate.<\/p>\n<\/li>\n<li>\n<p id=\"\"><strong>Luce naturale e ventilazione<\/strong>:<br \/>\nGli ampi pannelli di vetro dei sunroom di Meterny consentono alla luce naturale di entrare in abbondanza nella vostra casa. Questo crea uno spazio luminoso, arioso e accogliente, perfetto per rilassarsi, intrattenersi o anche lavorare. Inoltre, molte delle nostre sunroom sono dotate di opzioni di ventilazione regolabili per assicurarvi aria fresca ogni volta che ne avete bisogno.<\/p>\n<\/li>\n<li>\n<p id=\"\"><strong>Aumento del valore della casa<\/strong>:<br \/>\nL'aggiunta di una veranda personalizzata in alluminio e vetro alla vostra casa pu\u00f2 aumentarne significativamente il valore complessivo. \u00c8 una caratteristica che i potenziali acquirenti troveranno attraente e che aggiunge metratura allo spazio abitativo senza la necessit\u00e0 di un'aggiunta o di un ampliamento costoso.<\/p>\n<\/li>\n<li>\n<p id=\"\"><strong>Installazione e assistenza da parte di esperti<\/strong>:<br \/>\nIl team di professionisti esperti di Meterny gestisce ogni aspetto del processo di installazione, dalla progettazione iniziale alla configurazione finale. Siamo orgogliosi della nostra meticolosa attenzione ai dettagli e del nostro impegno per la soddisfazione del cliente. Inoltre, offriamo servizi di assistenza e manutenzione continua per garantire che la vostra veranda rimanga in condizioni ottimali per gli anni a venire.<\/p>\n<\/li>\n<li>\n<p id=\"\"><strong>Stile di vita migliorato<\/strong>:<br \/>\nIn definitiva, una veranda in alluminio e vetro personalizzata da Meterny migliora il vostro stile di vita fornendo uno spazio versatile e bello da godere. Che si tratti di ospitare una riunione di famiglia, di leggere un libro o semplicemente di prendere il sole, la veranda diventer\u00e0 una parte importante della vostra casa.<\/p>\n<\/li>\n<\/ol>\n<p id=\"\">In conclusione, la veranda in alluminio e vetro personalizzata di Meterny offre una miscela perfetta di stile, funzionalit\u00e0 e durata. \u00c8 un investimento utile che porter\u00e0 gioia e valore alla vostra casa per molti anni.<\/p>","protected":false},"excerpt":{"rendered":"<p>Create un rifugio all'aperto elegante e resistente alle intemperie con il padiglione impermeabile in alluminio e metallo, che unisce un design elegante a prestazioni durature.<\/p>","protected":false},"featured_media":17703,"comment_status":"open","ping_status":"closed","template":"","meta":{"_uag_custom_page_level_css":"","site-sidebar-layout":"default","site-content-layout":"","ast-site-content-layout":"default","site-content-style":"default","site-sidebar-style":"default","ast-global-header-display":"","ast-banner-title-visibility":"","ast-main-header-display":"","ast-hfb-above-header-display":"","ast-hfb-below-header-display":"","ast-hfb-mobile-header-display":"","site-post-title":"","ast-breadcrumbs-content":"","ast-featured-img":"","footer-sml-layout":"","theme-transparent-header-meta":"default","adv-header-id-meta":"","stick-header-meta":"default","header-above-stick-meta":"","header-main-stick-meta":"","header-below-stick-meta":"","astra-migrate-meta-layouts":"set","ast-page-background-enabled":"default","ast-page-background-meta":{"desktop":{"background-color":"var(--ast-global-color-4)","background-image":"","background-repeat":"repeat","background-position":"center center","background-size":"auto","background-attachment":"scroll","background-type":"","background-media":"","overlay-type":"","overlay-color":"","overlay-opacity":"","overlay-gradient":""},"tablet":{"background-color":"","background-image":"","background-repeat":"repeat","background-position":"center center","background-size":"auto","background-attachment":"scroll","background-type":"","background-media":"","overlay-type":"","overlay-color":"","overlay-opacity":"","overlay-gradient":""},"mobile":{"background-color":"","background-image":"","background-repeat":"repeat","background-position":"center center","background-size":"auto","background-attachment":"scroll","background-type":"","background-media":"","overlay-type":"","overlay-color":"","overlay-opacity":"","overlay-gradient":""}},"ast-content-background-meta":{"desktop":{"background-color":"var(--ast-global-color-5)","background-image":"","background-repeat":"repeat","background-position":"center center","background-size":"auto","background-attachment":"scroll","background-type":"","background-media":"","overlay-type":"","overlay-color":"","overlay-opacity":"","overlay-gradient":""},"tablet":{"background-color":"var(--ast-global-color-5)","background-image":"","background-repeat":"repeat","background-position":"center center","background-size":"auto","background-attachment":"scroll","background-type":"","background-media":"","overlay-type":"","overlay-color":"","overlay-opacity":"","overlay-gradient":""},"mobile":{"background-color":"var(--ast-global-color-5)","background-image":"","background-repeat":"repeat","background-position":"center center","background-size":"auto","background-attachment":"scroll","background-type":"","background-media":"","overlay-type":"","overlay-color":"","overlay-opacity":"","overlay-gradient":""}}},"product_brand":[],"product_cat":[18],"product_tag":[219,217,218,216],"class_list":{"0":"post-17660","1":"product","2":"type-product","3":"status-publish","4":"has-post-thumbnail","6":"product_cat-uncategorized","7":"product_tag-aluminum-metal-waterproof-pergola","8":"product_tag-aluminum-pavilion","9":"product_tag-metal-pavilion","10":"product_tag-waterproof-pavilion","11":"desktop-align-center","12":"tablet-align-left","13":"mobile-align-left","14":"ast-product-gallery-layout-horizontal-slider","15":"ast-product-single-variable","16":"ast-product-tabs-layout-vertical","18":"first","19":"instock","20":"shipping-taxable","21":"product-type-variable"},"uagb_featured_image_src":{"full":["https:\/\/meterny.com\/wp-content\/uploads\/2024\/10\/V9\u9633\u5149\uff08\u9ed1\u7802\u7070\uff09\u4e3b.jpg",800,800,false],"thumbnail":["https:\/\/meterny.com\/wp-content\/uploads\/2024\/10\/V9\u9633\u5149\uff08\u9ed1\u7802\u7070\uff09\u4e3b-150x150.jpg",150,150,true],"medium":["https:\/\/meterny.com\/wp-content\/uploads\/2024\/10\/V9\u9633\u5149\uff08\u9ed1\u7802\u7070\uff09\u4e3b-300x300.jpg",300,300,true],"medium_large":["https:\/\/meterny.com\/wp-content\/uploads\/2024\/10\/V9\u9633\u5149\uff08\u9ed1\u7802\u7070\uff09\u4e3b-768x768.jpg",768,768,true],"large":["https:\/\/meterny.com\/wp-content\/uploads\/2024\/10\/V9\u9633\u5149\uff08\u9ed1\u7802\u7070\uff09\u4e3b.jpg",800,800,false],"1536x1536":["https:\/\/meterny.com\/wp-content\/uploads\/2024\/10\/V9\u9633\u5149\uff08\u9ed1\u7802\u7070\uff09\u4e3b.jpg",800,800,false],"2048x2048":["https:\/\/meterny.com\/wp-content\/uploads\/2024\/10\/V9\u9633\u5149\uff08\u9ed1\u7802\u7070\uff09\u4e3b.jpg",800,800,false],"trp-custom-language-flag":["https:\/\/meterny.com\/wp-content\/uploads\/2024\/10\/V9\u9633\u5149\uff08\u9ed1\u7802\u7070\uff09\u4e3b.jpg",12,12,false],"woocommerce_thumbnail":["https:\/\/meterny.com\/wp-content\/uploads\/2024\/10\/V9\u9633\u5149\uff08\u9ed1\u7802\u7070\uff09\u4e3b-300x300.jpg",300,300,true],"woocommerce_single":["https:\/\/meterny.com\/wp-content\/uploads\/2024\/10\/V9\u9633\u5149\uff08\u9ed1\u7802\u7070\uff09\u4e3b-600x600.jpg",600,600,true],"woocommerce_gallery_thumbnail":["https:\/\/meterny.com\/wp-content\/uploads\/2024\/10\/V9\u9633\u5149\uff08\u9ed1\u7802\u7070\uff09\u4e3b-100x100.jpg",100,100,true]},"uagb_author_info":{"display_name":"meterny","author_link":"https:\/\/meterny.com\/it\/author\/"},"uagb_comment_info":0,"uagb_excerpt":"Create a stylish and weather-resistant outdoor haven with the Aluminum Metal Waterproof Pavilion, combining sleek design with durable performance.","_links":{"self":[{"href":"https:\/\/meterny.com\/it\/wp-json\/wp\/v2\/product\/17660","targetHints":{"allow":["GET"]}}],"collection":[{"href":"https:\/\/meterny.com\/it\/wp-json\/wp\/v2\/product"}],"about":[{"href":"https:\/\/meterny.com\/it\/wp-json\/wp\/v2\/types\/product"}],"replies":[{"embeddable":true,"href":"https:\/\/meterny.com\/it\/wp-json\/wp\/v2\/comments?post=17660"}],"wp:featuredmedia":[{"embeddable":true,"href":"https:\/\/meterny.com\/it\/wp-json\/wp\/v2\/media\/17703"}],"wp:attachment":[{"href":"https:\/\/meterny.com\/it\/wp-json\/wp\/v2\/media?parent=17660"}],"wp:term":[{"taxonomy":"product_brand","embeddable":true,"href":"https:\/\/meterny.com\/it\/wp-json\/wp\/v2\/product_brand?post=17660"},{"taxonomy":"product_cat","embeddable":true,"href":"https:\/\/meterny.com\/it\/wp-json\/wp\/v2\/product_cat?post=17660"},{"taxonomy":"product_tag","embeddable":true,"href":"https:\/\/meterny.com\/it\/wp-json\/wp\/v2\/product_tag?post=17660"}],"curies":[{"name":"wp","href":"https:\/\/api.w.org\/{rel}","templated":true}]}}