{"id":17798,"date":"2024-10-10T03:05:45","date_gmt":"2024-10-10T03:05:45","guid":{"rendered":"https:\/\/meterny.com\/?post_type=product&#038;p=17798"},"modified":"2025-05-24T02:14:03","modified_gmt":"2025-05-24T02:14:03","slug":"aluminum-tempered-glass-greenhouse","status":"publish","type":"product","link":"https:\/\/meterny.com\/it\/prodotto\/aluminum-tempered-glass-greenhouse\/","title":{"rendered":"Alluminio Serra di vetro temperato Alluminio Giardino d'inverno Vetro temperato Alluminio Sunroom"},"content":{"rendered":"<h2 style=\"text-align: center;\">Alluminio Serra di vetro temperato Alluminio Giardino d'inverno Vetro temperato Alluminio Sunroom<\/h2>\n<p><strong>Tipo<\/strong>:  Sala da sole in alluminio con vetro temperato<\/p>\n<p><strong>Dimensione<\/strong>: personalizzato<\/p>\n<p><strong>Superficie<\/strong>: rivestimento\/ verniciatura personalizzata<\/p>\n<p><strong>Colore<\/strong>: personalizzato<\/p>\n<p><strong>Lunghezza<\/strong>: Personalizzato<\/p>\n<p><strong>Materiale<\/strong>: Lega di alluminio di alta gamma<\/p>\n<p><strong>Tecnologia del prodotto<\/strong>: Sistema anti-perdita Meterny AquaGuard<\/p>\n<figure id=\"attachment_17881\" aria-describedby=\"caption-attachment-17881\" style=\"width: 1024px\" class=\"wp-caption alignnone\"><img loading=\"lazy\" decoding=\"async\" class=\"wp-image-17881\" src=\"https:\/\/meterny.com\/wp-content\/uploads\/2024\/10\/22\u526f\u672c\u4e3b.jpg\" alt=\"Serra in alluminio con vetro temperato\" width=\"1024\" height=\"1024\" srcset=\"https:\/\/meterny.com\/wp-content\/uploads\/2024\/10\/22\u526f\u672c\u4e3b.jpg 800w, https:\/\/meterny.com\/wp-content\/uploads\/2024\/10\/22\u526f\u672c\u4e3b-300x300.jpg 300w, https:\/\/meterny.com\/wp-content\/uploads\/2024\/10\/22\u526f\u672c\u4e3b-150x150.jpg 150w, https:\/\/meterny.com\/wp-content\/uploads\/2024\/10\/22\u526f\u672c\u4e3b-768x768.jpg 768w, https:\/\/meterny.com\/wp-content\/uploads\/2024\/10\/22\u526f\u672c\u4e3b-600x600.jpg 600w, https:\/\/meterny.com\/wp-content\/uploads\/2024\/10\/22\u526f\u672c\u4e3b-100x100.jpg 100w\" sizes=\"auto, (max-width: 1024px) 100vw, 1024px\" \/><figcaption id=\"caption-attachment-17881\" class=\"wp-caption-text\">Stanza da sole marrone: Un rifugio accogliente nel vostro giardino<\/figcaption><\/figure>\n<p id=\"\"><strong>Nome del prodotto<\/strong>: Serra in alluminio con vetro temperato<\/p>\n<hr \/>\n<p id=\"\"><strong>Panoramica<\/strong>:<\/p>\n<p id=\"\">La nostra serra in alluminio con vetro temperato \u00e8 un'aggiunta straordinaria e funzionale a qualsiasi giardino o spazio esterno. Progettata tenendo conto della durata e dell'estetica, questa serra \u00e8 dotata di una struttura in alluminio e di pannelli in vetro temperato che forniscono un ambiente solido, stabile e trasparente per la crescita delle piante.<\/p>\n<hr \/>\n<p id=\"\"><strong>Caratteristiche principali<\/strong>:<\/p>\n<ol>\n<li><strong>Telaio in alluminio resistente<\/strong>:\n<ul>\n<li>Costruita in alluminio di alta qualit\u00e0, la struttura di questa serra \u00e8 robusta e leggera allo stesso tempo. Resiste alla ruggine e alla corrosione, assicurando che la vostra serra rimanga funzionale e attraente per molti anni a venire.<\/li>\n<\/ul>\n<\/li>\n<li><strong>Pannelli di vetro temperato<\/strong>:\n<ul>\n<li>I pannelli in vetro temperato offrono un'eccellente chiarezza e durata. Sono resistenti ai frantumi e garantiscono una maggiore sicurezza per le vostre piante e i vostri oggetti. Il vetro consente inoltre la massima trasmissione della luce, assicurando che le piante ricevano la luce solare di cui hanno bisogno per crescere e prosperare.<\/li>\n<\/ul>\n<\/li>\n<li><strong>Ventilazione regolabile<\/strong>:\n<ul>\n<li>La serra \u00e8 dotata di sistemi di ventilazione regolabili che consentono di controllare la temperatura e l'umidit\u00e0 all'interno. In questo modo le piante ricevono le condizioni di crescita ottimali, indipendentemente dal clima esterno.<\/li>\n<\/ul>\n<\/li>\n<li><strong>Layout personalizzabile<\/strong>:\n<ul>\n<li>La nostra serra \u00e8 dotata di una serie di opzioni personalizzabili, che vi consentono di creare un layout adatto alle vostre specifiche esigenze e preferenze. Che siate alla ricerca di una serra piccola e compatta o di una struttura pi\u00f9 grande ed estesa, abbiamo una soluzione in grado di soddisfare le vostre esigenze.<\/li>\n<\/ul>\n<\/li>\n<li><strong>Installazione semplice<\/strong>:\n<ul>\n<li>La serra \u00e8 progettata per una facile installazione, con istruzioni chiare e tutta la ferramenta necessaria inclusa. Ci\u00f2 significa che potrete mettere in funzione la vostra serra in pochissimo tempo, senza dover ricorrere all'assistenza di un professionista.<\/li>\n<\/ul>\n<\/li>\n<li><strong>Resistenza agli agenti atmosferici<\/strong>:\n<ul>\n<li>Grazie alla resistente struttura in alluminio e ai pannelli in vetro temperato, questa serra \u00e8 in grado di resistere alle condizioni atmosferiche pi\u00f9 avverse. Che si tratti di neve, pioggia o vento, potete essere certi che la vostra serra rimarr\u00e0 in piedi e funzionante.<\/li>\n<\/ul>\n<\/li>\n<\/ol>\n<hr \/>\n<p id=\"\"><strong>Specifiche tecniche<\/strong>:<\/p>\n<ul>\n<li><strong>Materiale del telaio<\/strong>: Alluminio<\/li>\n<li><strong>Tipo di vetro<\/strong>: Vetro temperato<\/li>\n<li><strong>Dimensioni<\/strong>: 3*3\/3*4\/4*4<\/li>\n<li><strong>Peso<\/strong>: 250-450kg<\/li>\n<li><strong>Ventilazione<\/strong>: Regolabile<\/li>\n<li><strong>Opzioni personalizzabili<\/strong>: S\u00ec<\/li>\n<li><strong>Installazione<\/strong>: Installazione facile e fai da te<\/li>\n<li><strong>Garanzia<\/strong>: [pi\u00f9 di 10+anni]<\/li>\n<\/ul>\n<h3>Altri progetti<\/h3>\n<p>&nbsp;<\/p>\n<figure id=\"attachment_17691\" aria-describedby=\"caption-attachment-17691\" style=\"width: 1204px\" class=\"wp-caption alignnone\"><img loading=\"lazy\" decoding=\"async\" class=\"wp-image-17691\" src=\"https:\/\/meterny.com\/wp-content\/uploads\/2024\/10\/\u4e0b\u8f7d-23.jpg\" alt=\"Stili di veranda in alluminio multicolore Soluzioni di veranda alla moda\" width=\"1204\" height=\"1204\" srcset=\"https:\/\/meterny.com\/wp-content\/uploads\/2024\/10\/\u4e0b\u8f7d-23.jpg 1200w, https:\/\/meterny.com\/wp-content\/uploads\/2024\/10\/\u4e0b\u8f7d-23-300x300.jpg 300w, https:\/\/meterny.com\/wp-content\/uploads\/2024\/10\/\u4e0b\u8f7d-23-1024x1024.jpg 1024w, https:\/\/meterny.com\/wp-content\/uploads\/2024\/10\/\u4e0b\u8f7d-23-150x150.jpg 150w, https:\/\/meterny.com\/wp-content\/uploads\/2024\/10\/\u4e0b\u8f7d-23-768x768.jpg 768w, https:\/\/meterny.com\/wp-content\/uploads\/2024\/10\/\u4e0b\u8f7d-23-600x600.jpg 600w, https:\/\/meterny.com\/wp-content\/uploads\/2024\/10\/\u4e0b\u8f7d-23-100x100.jpg 100w\" sizes=\"auto, (max-width: 1204px) 100vw, 1204px\" \/><figcaption id=\"caption-attachment-17691\" class=\"wp-caption-text\">Un caleidoscopio di design per la veranda: Scegliete il vostro ambiente perfetto<\/figcaption><\/figure>\n<p>Serra in alluminio con vetro temperato<\/p>\n<figure id=\"attachment_16950\" aria-describedby=\"caption-attachment-16950\" style=\"width: 1024px\" class=\"wp-caption alignnone\"><img loading=\"lazy\" decoding=\"async\" class=\"wp-image-16950\" src=\"https:\/\/meterny.com\/wp-content\/uploads\/2024\/09\/About-Meterny@3x.png\" alt=\"Pergola in alluminio Meterny a confronto con altre pergole\" width=\"1024\" height=\"1447\" srcset=\"https:\/\/meterny.com\/wp-content\/uploads\/2024\/09\/About-Meterny@3x.png 1787w, https:\/\/meterny.com\/wp-content\/uploads\/2024\/09\/About-Meterny@3x-212x300.png 212w, https:\/\/meterny.com\/wp-content\/uploads\/2024\/09\/About-Meterny@3x-724x1024.png 724w, https:\/\/meterny.com\/wp-content\/uploads\/2024\/09\/About-Meterny@3x-768x1086.png 768w, https:\/\/meterny.com\/wp-content\/uploads\/2024\/09\/About-Meterny@3x-1087x1536.png 1087w, https:\/\/meterny.com\/wp-content\/uploads\/2024\/09\/About-Meterny@3x-1449x2048.png 1449w, https:\/\/meterny.com\/wp-content\/uploads\/2024\/09\/About-Meterny@3x-600x848.png 600w\" sizes=\"auto, (max-width: 1024px) 100vw, 1024px\" \/><figcaption id=\"caption-attachment-16950\" class=\"wp-caption-text\">Pergole Meterny vs. Pergole tradizionali: caratteristiche superiori<\/figcaption><\/figure>\n<h3>Descrizione breve<\/h3>\n<p>Offerte di giardini d'inverno in alluminio<\/p>\n<p id=\"\">Un giardino d'inverno in alluminio offre una serie di vantaggi e caratteristiche che lo rendono una scelta ideale per chi desidera creare uno spazio esterno elegante e funzionale durante i mesi pi\u00f9 freddi. Ecco alcune delle caratteristiche principali di un giardino d'inverno in alluminio:<\/p>\n<ol>\n<li><strong>Durata e resistenza agli agenti atmosferici<\/strong>:\n<ul>\n<li>Costruito in alluminio di alta qualit\u00e0, il telaio di un giardino d'inverno \u00e8 resistente alla ruggine, alla corrosione e alle condizioni atmosferiche avverse. Questo garantisce che il giardino d'inverno rimanga funzionale e attraente per tutta la stagione invernale.<\/li>\n<\/ul>\n<\/li>\n<li><strong>Pannelli di vetro temperato<\/strong>:\n<ul>\n<li>Molti giardini d'inverno in alluminio sono dotati di pannelli in vetro temperato che garantiscono un'eccellente chiarezza e durata. Questi pannelli sono resistenti ai frantumi e offrono una maggiore sicurezza e protezione. Inoltre, consentono la massima trasmissione della luce, assicurando che le piante ricevano la luce solare di cui hanno bisogno per rimanere sane e vitali.<\/li>\n<\/ul>\n<\/li>\n<li><strong>Calore e protezione<\/strong>:\n<ul>\n<li>Grazie al suo design chiuso, un giardino d'inverno in alluminio offre un ambiente caldo e protetto per le piante e i mobili da esterno. Questo lo rende una scelta ideale per prolungare la stagione di crescita e proteggere le piante delicate dal freddo invernale.<\/li>\n<\/ul>\n<\/li>\n<li><strong>Layout e design personalizzabili<\/strong>:\n<ul>\n<li>I giardini d'inverno in alluminio sono disponibili in un'ampia gamma di dimensioni, forme e design, che consentono di creare una disposizione adatta alle vostre specifiche esigenze e preferenze. Che siate alla ricerca di una struttura piccola e compatta o di uno spazio pi\u00f9 grande ed esteso, esiste un giardino d'inverno in alluminio in grado di soddisfare le vostre esigenze.<\/li>\n<\/ul>\n<\/li>\n<li><strong>Ventilazione e climatizzazione<\/strong>:\n<ul>\n<li>Molti giardini d'inverno in alluminio sono dotati di sistemi di ventilazione regolabili che consentono di controllare la temperatura e l'umidit\u00e0 all'interno. Questo assicura alle piante le condizioni ottimali di crescita, indipendentemente dal clima esterno.<\/li>\n<\/ul>\n<\/li>\n<\/ol>\n<h3>Se volete saperne di pi\u00f9, cliccate su questo link a youtube:<a href=\"https:\/\/youtu.be\/88PIb9PK7Bk\" target=\"_blank\" rel=\"noopener\">https:\/\/youtu.be\/88PIb9PK7Bk<\/a><\/h3>\n<p>&nbsp;<\/p>\n<figure id=\"attachment_16952\" aria-describedby=\"caption-attachment-16952\" style=\"width: 1024px\" class=\"wp-caption alignnone\"><img loading=\"lazy\" decoding=\"async\" class=\"wp-image-16952\" src=\"https:\/\/meterny.com\/wp-content\/uploads\/2024\/09\/\u5fae\u4fe1\u56fe\u7247_20241006211816.png\" alt=\"Progetto di prevenzione delle perdite d&#039;acqua della pergola in alluminio di Meterny\" width=\"1024\" height=\"1403\" srcset=\"https:\/\/meterny.com\/wp-content\/uploads\/2024\/09\/\u5fae\u4fe1\u56fe\u7247_20241006211816.png 888w, https:\/\/meterny.com\/wp-content\/uploads\/2024\/09\/\u5fae\u4fe1\u56fe\u7247_20241006211816-219x300.png 219w, https:\/\/meterny.com\/wp-content\/uploads\/2024\/09\/\u5fae\u4fe1\u56fe\u7247_20241006211816-747x1024.png 747w, https:\/\/meterny.com\/wp-content\/uploads\/2024\/09\/\u5fae\u4fe1\u56fe\u7247_20241006211816-768x1053.png 768w, https:\/\/meterny.com\/wp-content\/uploads\/2024\/09\/\u5fae\u4fe1\u56fe\u7247_20241006211816-600x822.png 600w\" sizes=\"auto, (max-width: 1024px) 100vw, 1024px\" \/><figcaption id=\"caption-attachment-16952\" class=\"wp-caption-text\">L'innovativo progetto di Meterny per la prevenzione delle perdite d'acqua<\/figcaption><\/figure>\n<p>Serra in alluminio con vetro temperato<\/p>\n<figure id=\"attachment_16951\" aria-describedby=\"caption-attachment-16951\" style=\"width: 1024px\" class=\"wp-caption alignnone\"><img loading=\"lazy\" decoding=\"async\" class=\"wp-image-16951\" src=\"https:\/\/meterny.com\/wp-content\/uploads\/2024\/09\/\u753b\u677f-16@3x.png\" alt=\"Pergola in alluminio Meterny, design esclusivo con brevetto\" width=\"1024\" height=\"1448\" srcset=\"https:\/\/meterny.com\/wp-content\/uploads\/2024\/09\/\u753b\u677f-16@3x.png 1787w, https:\/\/meterny.com\/wp-content\/uploads\/2024\/09\/\u753b\u677f-16@3x-212x300.png 212w, https:\/\/meterny.com\/wp-content\/uploads\/2024\/09\/\u753b\u677f-16@3x-724x1024.png 724w, https:\/\/meterny.com\/wp-content\/uploads\/2024\/09\/\u753b\u677f-16@3x-768x1086.png 768w, https:\/\/meterny.com\/wp-content\/uploads\/2024\/09\/\u753b\u677f-16@3x-1086x1536.png 1086w, https:\/\/meterny.com\/wp-content\/uploads\/2024\/09\/\u753b\u677f-16@3x-1448x2048.png 1448w, https:\/\/meterny.com\/wp-content\/uploads\/2024\/09\/\u753b\u677f-16@3x-600x848.png 600w\" sizes=\"auto, (max-width: 1024px) 100vw, 1024px\" \/><figcaption id=\"caption-attachment-16951\" class=\"wp-caption-text\">Il design brevettato di Meterny: Una pergola come nessun'altra<\/figcaption><\/figure>\n<h3>Perch\u00e9 scegliere la serra Meterny?<\/h3>\n<p id=\"\">Scegliete la serra di Meterny per diversi motivi convincenti:<\/p>\n<ol>\n<li><strong>Materiali e costruzione di alta qualit\u00e0<\/strong>:\n<ul>\n<li>Le serre di Meterny sono costruite con materiali di alta qualit\u00e0, tra cui telai in alluminio durevoli e vetri resistenti alle intemperie, come vetro o policarbonato. In questo modo si garantisce che la serra sia robusta, stabile e in grado di resistere alle condizioni climatiche pi\u00f9 avverse.<\/li>\n<\/ul>\n<\/li>\n<li><strong>Design innovativo<\/strong>:\n<ul>\n<li>Meterny offre una serie di caratteristiche di design innovative che migliorano la funzionalit\u00e0 e l'estetica delle serre. Tra queste figurano sistemi di ventilazione regolabili, aperture automatiche e opzioni di vetratura ad alta efficienza energetica che aiutano a regolare la temperatura e l'umidit\u00e0 all'interno della serra.<\/li>\n<\/ul>\n<\/li>\n<li><strong>Opzioni personalizzabili<\/strong>:\n<ul>\n<li>Meterny offre un'ampia gamma di opzioni personalizzabili per soddisfare le vostre esigenze e preferenze specifiche. Che si tratti di una piccola serra portatile o di una grande struttura permanente, Meterny ha una soluzione che soddisfa le vostre esigenze.<\/li>\n<\/ul>\n<\/li>\n<li><strong>Servizio clienti eccellente<\/strong>:\n<ul>\n<li>Meterny si impegna a fornire un servizio clienti eccezionale. Il suo team di esperti \u00e8 a disposizione per assistervi in caso di domande o dubbi prima, durante e dopo l'acquisto. In questo modo \u00e8 possibile ricevere il supporto e la guida necessari per sfruttare al meglio la propria serra.<\/li>\n<\/ul>\n<\/li>\n<li><strong>Prestazioni di lunga durata<\/strong>:\n<ul>\n<li>Con una cura e una manutenzione adeguate, le serre Meterny sono progettate per fornire prestazioni di lunga durata. I materiali e la costruzione durevoli garantiscono che la vostra serra rimanga funzionale e attraente per molti anni a venire.<\/li>\n<\/ul>\n<\/li>\n<li><strong>Rapporto qualit\u00e0\/prezzo<\/strong>:\n<ul>\n<li>Le serre Meterny offrono un eccellente rapporto qualit\u00e0-prezzo. Sebbene i loro prezzi possano essere competitivi rispetto ad altri marchi di alta qualit\u00e0, la combinazione di materiali durevoli, design innovativo e un servizio clienti eccezionale le rende un saggio investimento.<\/li>\n<\/ul>\n<\/li>\n<li><strong>Sostenibilit\u00e0<\/strong>:\n<ul>\n<li>Meterny \u00e8 impegnata nella sostenibilit\u00e0 e offre opzioni ecologiche per le sue serre. Ci\u00f2 include l'uso di materiali rinnovabili e di opzioni di vetratura ad alta efficienza energetica che riducono l'impronta di carbonio e contribuiscono a un futuro pi\u00f9 sostenibile.<\/li>\n<\/ul>\n<\/li>\n<\/ol>\n<p id=\"\">In sintesi, scegliete le serre Meterny per i materiali e la costruzione di alta qualit\u00e0, il design innovativo, le opzioni personalizzabili, l'eccellente servizio clienti, le prestazioni durature, il rapporto qualit\u00e0-prezzo e l'impegno per la sostenibilit\u00e0. Questi vantaggi fanno di Meterny una scelta fidata e affidabile per chiunque voglia creare una serra funzionale ed elegante per le proprie piante.<\/p>\n<p>&nbsp;<\/p>","protected":false},"excerpt":{"rendered":"<p>Create un rifugio all'aperto elegante e resistente alle intemperie con il padiglione impermeabile in alluminio e metallo, che unisce un design elegante a prestazioni durature.<\/p>","protected":false},"featured_media":17881,"comment_status":"open","ping_status":"closed","template":"","meta":{"_uag_custom_page_level_css":"","site-sidebar-layout":"default","site-content-layout":"","ast-site-content-layout":"default","site-content-style":"default","site-sidebar-style":"default","ast-global-header-display":"","ast-banner-title-visibility":"","ast-main-header-display":"","ast-hfb-above-header-display":"","ast-hfb-below-header-display":"","ast-hfb-mobile-header-display":"","site-post-title":"","ast-breadcrumbs-content":"","ast-featured-img":"","footer-sml-layout":"","theme-transparent-header-meta":"default","adv-header-id-meta":"","stick-header-meta":"default","header-above-stick-meta":"","header-main-stick-meta":"","header-below-stick-meta":"","astra-migrate-meta-layouts":"set","ast-page-background-enabled":"default","ast-page-background-meta":{"desktop":{"background-color":"var(--ast-global-color-4)","background-image":"","background-repeat":"repeat","background-position":"center center","background-size":"auto","background-attachment":"scroll","background-type":"","background-media":"","overlay-type":"","overlay-color":"","overlay-opacity":"","overlay-gradient":""},"tablet":{"background-color":"","background-image":"","background-repeat":"repeat","background-position":"center center","background-size":"auto","background-attachment":"scroll","background-type":"","background-media":"","overlay-type":"","overlay-color":"","overlay-opacity":"","overlay-gradient":""},"mobile":{"background-color":"","background-image":"","background-repeat":"repeat","background-position":"center center","background-size":"auto","background-attachment":"scroll","background-type":"","background-media":"","overlay-type":"","overlay-color":"","overlay-opacity":"","overlay-gradient":""}},"ast-content-background-meta":{"desktop":{"background-color":"var(--ast-global-color-5)","background-image":"","background-repeat":"repeat","background-position":"center center","background-size":"auto","background-attachment":"scroll","background-type":"","background-media":"","overlay-type":"","overlay-color":"","overlay-opacity":"","overlay-gradient":""},"tablet":{"background-color":"var(--ast-global-color-5)","background-image":"","background-repeat":"repeat","background-position":"center center","background-size":"auto","background-attachment":"scroll","background-type":"","background-media":"","overlay-type":"","overlay-color":"","overlay-opacity":"","overlay-gradient":""},"mobile":{"background-color":"var(--ast-global-color-5)","background-image":"","background-repeat":"repeat","background-position":"center center","background-size":"auto","background-attachment":"scroll","background-type":"","background-media":"","overlay-type":"","overlay-color":"","overlay-opacity":"","overlay-gradient":""}}},"product_brand":[],"product_cat":[18],"product_tag":[219,217,218,216],"class_list":{"0":"post-17798","1":"product","2":"type-product","3":"status-publish","4":"has-post-thumbnail","6":"product_cat-uncategorized","7":"product_tag-aluminum-metal-waterproof-pergola","8":"product_tag-aluminum-pavilion","9":"product_tag-metal-pavilion","10":"product_tag-waterproof-pavilion","11":"desktop-align-center","12":"tablet-align-left","13":"mobile-align-left","14":"ast-product-gallery-layout-horizontal-slider","15":"ast-product-single-variable","16":"ast-product-tabs-layout-vertical","18":"first","19":"instock","20":"shipping-taxable","21":"product-type-variable"},"uagb_featured_image_src":{"full":["https:\/\/meterny.com\/wp-content\/uploads\/2024\/10\/22\u526f\u672c\u4e3b.jpg",800,800,false],"thumbnail":["https:\/\/meterny.com\/wp-content\/uploads\/2024\/10\/22\u526f\u672c\u4e3b-150x150.jpg",150,150,true],"medium":["https:\/\/meterny.com\/wp-content\/uploads\/2024\/10\/22\u526f\u672c\u4e3b-300x300.jpg",300,300,true],"medium_large":["https:\/\/meterny.com\/wp-content\/uploads\/2024\/10\/22\u526f\u672c\u4e3b-768x768.jpg",768,768,true],"large":["https:\/\/meterny.com\/wp-content\/uploads\/2024\/10\/22\u526f\u672c\u4e3b.jpg",800,800,false],"1536x1536":["https:\/\/meterny.com\/wp-content\/uploads\/2024\/10\/22\u526f\u672c\u4e3b.jpg",800,800,false],"2048x2048":["https:\/\/meterny.com\/wp-content\/uploads\/2024\/10\/22\u526f\u672c\u4e3b.jpg",800,800,false],"trp-custom-language-flag":["https:\/\/meterny.com\/wp-content\/uploads\/2024\/10\/22\u526f\u672c\u4e3b.jpg",12,12,false],"woocommerce_thumbnail":["https:\/\/meterny.com\/wp-content\/uploads\/2024\/10\/22\u526f\u672c\u4e3b-300x300.jpg",300,300,true],"woocommerce_single":["https:\/\/meterny.com\/wp-content\/uploads\/2024\/10\/22\u526f\u672c\u4e3b-600x600.jpg",600,600,true],"woocommerce_gallery_thumbnail":["https:\/\/meterny.com\/wp-content\/uploads\/2024\/10\/22\u526f\u672c\u4e3b-100x100.jpg",100,100,true]},"uagb_author_info":{"display_name":"meterny","author_link":"https:\/\/meterny.com\/it\/author\/"},"uagb_comment_info":0,"uagb_excerpt":"Create a stylish and weather-resistant outdoor haven with the Aluminum Metal Waterproof Pavilion, combining sleek design with durable performance.","_links":{"self":[{"href":"https:\/\/meterny.com\/it\/wp-json\/wp\/v2\/product\/17798","targetHints":{"allow":["GET"]}}],"collection":[{"href":"https:\/\/meterny.com\/it\/wp-json\/wp\/v2\/product"}],"about":[{"href":"https:\/\/meterny.com\/it\/wp-json\/wp\/v2\/types\/product"}],"replies":[{"embeddable":true,"href":"https:\/\/meterny.com\/it\/wp-json\/wp\/v2\/comments?post=17798"}],"wp:featuredmedia":[{"embeddable":true,"href":"https:\/\/meterny.com\/it\/wp-json\/wp\/v2\/media\/17881"}],"wp:attachment":[{"href":"https:\/\/meterny.com\/it\/wp-json\/wp\/v2\/media?parent=17798"}],"wp:term":[{"taxonomy":"product_brand","embeddable":true,"href":"https:\/\/meterny.com\/it\/wp-json\/wp\/v2\/product_brand?post=17798"},{"taxonomy":"product_cat","embeddable":true,"href":"https:\/\/meterny.com\/it\/wp-json\/wp\/v2\/product_cat?post=17798"},{"taxonomy":"product_tag","embeddable":true,"href":"https:\/\/meterny.com\/it\/wp-json\/wp\/v2\/product_tag?post=17798"}],"curies":[{"name":"wp","href":"https:\/\/api.w.org\/{rel}","templated":true}]}}