{"id":18032,"date":"2024-10-10T12:31:08","date_gmt":"2024-10-10T12:31:08","guid":{"rendered":"https:\/\/meterny.com\/?post_type=product&#038;p=18032"},"modified":"2025-01-18T12:59:34","modified_gmt":"2025-01-18T12:59:34","slug":"motorized-aluminum-louver-pergola","status":"publish","type":"product","link":"https:\/\/meterny.com\/it\/prodotto\/motorized-aluminum-louver-pergola\/","title":{"rendered":"Pergola motorizzata in alluminio Kit pergola in alluminio 3\u00d73 Pergola all'aperto Padiglione in alluminio Gazebo"},"content":{"rendered":"<h2 style=\"text-align: center;\">Pergola in alluminio motorizzata Pergola in alluminio Kit pergola 3\u00d73 Pergola in alluminio all'aperto<\/h2>\n<p><strong>Tipo<\/strong>: Pergola motorizzata in alluminio Kit pergola in alluminio 3\u00d73 Pergola in alluminio per esterno<\/p>\n<p><strong>Dimensione<\/strong>: personalizzato<\/p>\n<p><strong>Superficie<\/strong>: rivestimento\/ verniciatura personalizzata<\/p>\n<p><strong>Colore<\/strong>: personalizzato<\/p>\n<p><strong>Lunghezza<\/strong>: Personalizzato<\/p>\n<p><strong>Materiale<\/strong>: Lega di alluminio di alta gamma<\/p>\n<p><strong>Tecnologia del prodotto<\/strong>: Sistema anti-perdita Meterny AquaGuard<\/p>\n<figure id=\"attachment_20516\" aria-describedby=\"caption-attachment-20516\" style=\"width: 1024px\" class=\"wp-caption alignnone\"><img loading=\"lazy\" decoding=\"async\" class=\"wp-image-20516\" src=\"https:\/\/meterny.com\/wp-content\/uploads\/2024\/10\/8-2ZHU.jpg\" alt=\"Pergola a lamelle in alluminio motorizzata\" width=\"1024\" height=\"1024\" srcset=\"https:\/\/meterny.com\/wp-content\/uploads\/2024\/10\/8-2ZHU.jpg 800w, https:\/\/meterny.com\/wp-content\/uploads\/2024\/10\/8-2ZHU-300x300.jpg 300w, https:\/\/meterny.com\/wp-content\/uploads\/2024\/10\/8-2ZHU-150x150.jpg 150w, https:\/\/meterny.com\/wp-content\/uploads\/2024\/10\/8-2ZHU-768x768.jpg 768w, https:\/\/meterny.com\/wp-content\/uploads\/2024\/10\/8-2ZHU-600x600.jpg 600w, https:\/\/meterny.com\/wp-content\/uploads\/2024\/10\/8-2ZHU-100x100.jpg 100w\" sizes=\"auto, (max-width: 1024px) 100vw, 1024px\" \/><figcaption id=\"caption-attachment-20516\" class=\"wp-caption-text\">Pergola nera in alluminio: infondere modernit\u00e0 agli spazi esterni<\/figcaption><\/figure>\n<h3><strong>Panoramica<\/strong><\/h3>\n<p id=\"\">Benvenuti nella nostra pergola a lamelle in alluminio motorizzata, la soluzione definitiva per creare uno spazio di vita all'aperto elegante, funzionale e confortevole. Realizzata in lega di alluminio di alta qualit\u00e0, questa pergola \u00e8 dotata di feritoie motorizzate che consentono di regolare l'ombreggiatura e la ventilazione con facilit\u00e0, offrendo l'ambiente perfetto per ogni occasione.<\/p>\n<h3><strong>Caratteristiche principali<\/strong><\/h3>\n<p id=\"\"><strong>1. Feritoie motorizzate<\/strong><\/p>\n<ul>\n<li>Le lamelle si regolano con la semplice pressione di un pulsante, grazie al sistema di motorizzazione incorporato.<\/li>\n<li>Personalizzate l'ombreggiatura e la ventilazione in base alle vostre esigenze e alle condizioni atmosferiche.<\/li>\n<li>Controllo continuo grazie alle opzioni di telecomando o app per smartphone.<\/li>\n<\/ul>\n<p id=\"\"><strong>2. Lega di alluminio di alta qualit\u00e0<\/strong><\/p>\n<ul>\n<li>Realizzato in lega di alluminio durevole, leggero e resistente alla corrosione.<\/li>\n<li>Progettato per resistere a condizioni climatiche estreme, garantendo prestazioni di lunga durata.<\/li>\n<li>Richiede una manutenzione minima, con una pulizia di routine sufficiente a mantenerlo come nuovo.<\/li>\n<\/ul>\n<p id=\"\"><strong>3. Design moderno<\/strong><\/p>\n<ul>\n<li>L'estetica elegante e contemporanea completa qualsiasi spazio esterno.<\/li>\n<li>Disponibile in una gamma di colori e finiture che si adattano al vostro stile personale e alle vostre preferenze architettoniche.<\/li>\n<li>Migliorate l'estetica del vostro giardino, terrazzo, balcone o patio.<\/li>\n<\/ul>\n<p id=\"\"><strong>4. Opzioni personalizzabili<\/strong><\/p>\n<ul>\n<li>Scegliete tra diverse dimensioni e configurazioni per adattarvi al vostro spazio esterno specifico.<\/li>\n<li>Scegliete la modalit\u00e0 di funzionamento elettrica o manuale in base alle vostre preferenze e al vostro budget.<\/li>\n<li>Aggiungete altre caratteristiche come l'illuminazione, il riscaldamento o i sistemi audio per creare un'esperienza di vita all'aperto completamente personalizzata.<\/li>\n<\/ul>\n<p id=\"\"><strong>5. Facile installazione e manutenzione<\/strong><\/p>\n<ul>\n<li>Progettato per una facile installazione, con istruzioni chiare e il supporto del nostro team di professionisti.<\/li>\n<li>La manutenzione ordinaria \u00e8 semplice e richiede solo pulizie e ispezioni periodiche.<\/li>\n<li>Godetevi la pace della mente con la nostra garanzia completa e l'assistenza clienti.<\/li>\n<\/ul>\n<h3><strong>Vantaggi<\/strong><\/h3>\n<ul>\n<li><strong>Comfort<\/strong>: Creare uno spazio esterno ombreggiato e ventilato, perfetto per rilassarsi, intrattenersi o cenare.<\/li>\n<li><strong>Versatilit\u00e0<\/strong>: Adatto a un'ampia gamma di ambienti esterni, tra cui giardini, terrazze, balconi e patii.<\/li>\n<li><strong>Durata<\/strong>: La lega di alluminio di alta qualit\u00e0 garantisce prestazioni e affidabilit\u00e0 di lunga durata.<\/li>\n<li><strong>Estetica<\/strong>: Migliorate l'aspetto e la sensazione del vostro spazio esterno con un design elegante e contemporaneo.<\/li>\n<li><strong>Rapporto qualit\u00e0\/prezzo<\/strong>: Combina alta qualit\u00e0, funzionalit\u00e0 ed estetica per un eccezionale rapporto qualit\u00e0-prezzo.<\/li>\n<\/ul>\n<h3><strong>Specifiche tecniche<\/strong><\/h3>\n<ul>\n<li><strong>Materiale<\/strong>: Lega di alluminio di alta qualit\u00e0<\/li>\n<li><strong>Dimensioni della feritoia<\/strong>: Personalizzabile (dimensioni standard disponibili)<\/li>\n<li><strong>Modalit\u00e0 di funzionamento<\/strong>: Motorizzato (controllo a distanza o tramite app per smartphone)<\/li>\n<li><strong>Colori e finiture<\/strong>: Gamma di opzioni disponibili<\/li>\n<li><strong>Installazione<\/strong>: Facile e diretto con un'assistenza professionale<\/li>\n<li><strong>Manutenzione<\/strong>: Minimo, con una pulizia di routine sufficiente<\/li>\n<li><strong>Garanzia<\/strong>: Garanzia completa inclusa<\/li>\n<\/ul>\n<h3>Se volete saperne di pi\u00f9, cliccate su questo link a youtube:<a href=\"https:\/\/youtu.be\/0FgHU_d-JLU\" target=\"_blank\" rel=\"noopener\">https:\/\/youtu.be\/0FgHU_d-JLU<\/a><\/h3>\n<p>&nbsp;<\/p>\n<h3><strong>Galleria<\/strong><\/h3>\n<figure id=\"attachment_18299\" aria-describedby=\"caption-attachment-18299\" style=\"width: 1024px\" class=\"wp-caption alignnone\"><img loading=\"lazy\" decoding=\"async\" class=\"wp-image-18299\" src=\"https:\/\/meterny.com\/wp-content\/uploads\/2024\/10\/6.png\" alt=\"Gazebo in alluminio 3X3m Louver\" width=\"1024\" height=\"512\" srcset=\"https:\/\/meterny.com\/wp-content\/uploads\/2024\/10\/6.png 2560w, https:\/\/meterny.com\/wp-content\/uploads\/2024\/10\/6-300x150.png 300w, https:\/\/meterny.com\/wp-content\/uploads\/2024\/10\/6-1024x512.png 1024w, https:\/\/meterny.com\/wp-content\/uploads\/2024\/10\/6-768x384.png 768w, https:\/\/meterny.com\/wp-content\/uploads\/2024\/10\/6-1536x768.png 1536w, https:\/\/meterny.com\/wp-content\/uploads\/2024\/10\/6-2048x1024.png 2048w, https:\/\/meterny.com\/wp-content\/uploads\/2024\/10\/6-600x300.png 600w\" sizes=\"auto, (max-width: 1024px) 100vw, 1024px\" \/><figcaption id=\"caption-attachment-18299\" class=\"wp-caption-text\">Pergola nera in alluminio: Una dichiarazione audace per l'eleganza all'aperto<\/figcaption><\/figure>\n<figure id=\"attachment_16950\" aria-describedby=\"caption-attachment-16950\" style=\"width: 1024px\" class=\"wp-caption alignnone\"><img loading=\"lazy\" decoding=\"async\" class=\"wp-image-16950\" src=\"https:\/\/meterny.com\/wp-content\/uploads\/2024\/09\/About-Meterny@3x.png\" alt=\"Pergola in alluminio Meterny a confronto con altre pergole\" width=\"1024\" height=\"1447\" srcset=\"https:\/\/meterny.com\/wp-content\/uploads\/2024\/09\/About-Meterny@3x.png 1787w, https:\/\/meterny.com\/wp-content\/uploads\/2024\/09\/About-Meterny@3x-212x300.png 212w, https:\/\/meterny.com\/wp-content\/uploads\/2024\/09\/About-Meterny@3x-724x1024.png 724w, https:\/\/meterny.com\/wp-content\/uploads\/2024\/09\/About-Meterny@3x-768x1086.png 768w, https:\/\/meterny.com\/wp-content\/uploads\/2024\/09\/About-Meterny@3x-1087x1536.png 1087w, https:\/\/meterny.com\/wp-content\/uploads\/2024\/09\/About-Meterny@3x-1449x2048.png 1449w, https:\/\/meterny.com\/wp-content\/uploads\/2024\/09\/About-Meterny@3x-600x848.png 600w\" sizes=\"auto, (max-width: 1024px) 100vw, 1024px\" \/><figcaption id=\"caption-attachment-16950\" class=\"wp-caption-text\">Pergole Meterny vs. Pergole tradizionali: caratteristiche superiori<\/figcaption><\/figure>\n<p>La pergola a lamelle in alluminio motorizzata \u00e8 un'innovativa struttura per esterni dotata di lamelle orientabili controllate da un motore. Realizzata in alluminio di alta qualit\u00e0, unisce durata ed eleganza. Grazie al controllo a distanza o tramite app, gli utenti possono regolare facilmente le lamelle per ottimizzare l'ombreggiatura e la ventilazione, creando un ambiente esterno perfetto e adatto alle loro esigenze. Il suo design elegante si adatta a qualsiasi spazio esterno, rendendolo una scelta ideale per migliorare la vostra esperienza di vita all'aperto.<\/p>\n<p>&nbsp;<\/p>\n<figure id=\"attachment_20288\" aria-describedby=\"caption-attachment-20288\" style=\"width: 1024px\" class=\"wp-caption alignnone\"><img loading=\"lazy\" decoding=\"async\" class=\"wp-image-20288\" src=\"https:\/\/meterny.com\/wp-content\/uploads\/2024\/10\/WPC-Colour-Card@3x.png\" alt=\"Progetto di prevenzione delle perdite d&#039;acqua della pergola in alluminio di Meterny\" width=\"1024\" height=\"1024\" srcset=\"https:\/\/meterny.com\/wp-content\/uploads\/2024\/10\/WPC-Colour-Card@3x.png 800w, https:\/\/meterny.com\/wp-content\/uploads\/2024\/10\/WPC-Colour-Card@3x-300x300.png 300w, https:\/\/meterny.com\/wp-content\/uploads\/2024\/10\/WPC-Colour-Card@3x-150x150.png 150w, https:\/\/meterny.com\/wp-content\/uploads\/2024\/10\/WPC-Colour-Card@3x-768x768.png 768w, https:\/\/meterny.com\/wp-content\/uploads\/2024\/10\/WPC-Colour-Card@3x-600x600.png 600w, https:\/\/meterny.com\/wp-content\/uploads\/2024\/10\/WPC-Colour-Card@3x-100x100.png 100w\" sizes=\"auto, (max-width: 1024px) 100vw, 1024px\" \/><figcaption id=\"caption-attachment-20288\" class=\"wp-caption-text\">L'innovativo progetto di Meterny per la prevenzione delle perdite d'acqua<\/figcaption><\/figure>\n<figure id=\"attachment_16951\" aria-describedby=\"caption-attachment-16951\" style=\"width: 1024px\" class=\"wp-caption alignnone\"><img loading=\"lazy\" decoding=\"async\" class=\"wp-image-16951\" src=\"https:\/\/meterny.com\/wp-content\/uploads\/2024\/09\/\u753b\u677f-16@3x.png\" alt=\"Pergola in alluminio Meterny, design esclusivo con brevetto\" width=\"1024\" height=\"1448\" srcset=\"https:\/\/meterny.com\/wp-content\/uploads\/2024\/09\/\u753b\u677f-16@3x.png 1787w, https:\/\/meterny.com\/wp-content\/uploads\/2024\/09\/\u753b\u677f-16@3x-212x300.png 212w, https:\/\/meterny.com\/wp-content\/uploads\/2024\/09\/\u753b\u677f-16@3x-724x1024.png 724w, https:\/\/meterny.com\/wp-content\/uploads\/2024\/09\/\u753b\u677f-16@3x-768x1086.png 768w, https:\/\/meterny.com\/wp-content\/uploads\/2024\/09\/\u753b\u677f-16@3x-1086x1536.png 1086w, https:\/\/meterny.com\/wp-content\/uploads\/2024\/09\/\u753b\u677f-16@3x-1448x2048.png 1448w, https:\/\/meterny.com\/wp-content\/uploads\/2024\/09\/\u753b\u677f-16@3x-600x848.png 600w\" sizes=\"auto, (max-width: 1024px) 100vw, 1024px\" \/><figcaption id=\"caption-attachment-16951\" class=\"wp-caption-text\">Il design brevettato di Meterny: Una pergola come nessun'altra<\/figcaption><\/figure>\n<h3>Perch\u00e9 scegliere la pergola a lamelle in alluminio motorizzata di Meterny?<\/h3>\n<p id=\"\">Scegliere la pergola a lamelle in alluminio motorizzata di Meterny \u00e8 una decisione che eleva la vostra esperienza di vita all'aperto a nuovi livelli. Ecco alcuni motivi convincenti per scegliere la nostra pergola per il vostro spazio:<\/p>\n<ol>\n<li><strong>Tecnologia innovativa motorizzata<\/strong>:\n<ul>\n<li>La nostra pergola \u00e8 dotata di un sistema motorizzato all'avanguardia che consente di controllare le lamelle con estrema facilit\u00e0.<\/li>\n<li>Con il controllo a distanza o tramite app per smartphone, \u00e8 possibile regolare l'ombreggiatura e la ventilazione in base alle proprie esigenze e alle condizioni atmosferiche, creando un ambiente esterno perfetto a portata di mano.<\/li>\n<\/ul>\n<\/li>\n<li><strong>Materiali di qualit\u00e0 superiore<\/strong>:\n<ul>\n<li>Realizzata in lega di alluminio di alta qualit\u00e0, la nostra pergola \u00e8 durevole, leggera e resistente alla corrosione.<\/li>\n<li>Questo garantisce prestazioni e affidabilit\u00e0 di lunga durata, anche in condizioni climatiche estreme.<\/li>\n<\/ul>\n<\/li>\n<li><strong>Design elegante e moderno<\/strong>:\n<ul>\n<li>La pergola di Meterny vanta un'estetica elegante e contemporanea che completa qualsiasi spazio esterno.<\/li>\n<li>Disponibile in una gamma di colori e finiture, \u00e8 possibile scegliere l'opzione perfetta per adattarsi al proprio stile personale e alle preferenze architettoniche.<\/li>\n<\/ul>\n<\/li>\n<li><strong>Opzioni personalizzabili<\/strong>:\n<ul>\n<li>Offriamo un'ampia gamma di opzioni personalizzabili per soddisfare le vostre esigenze e preferenze specifiche.<\/li>\n<li>Scegliete tra diverse dimensioni, configurazioni e caratteristiche aggiuntive come illuminazione, riscaldamento o sistemi audio per creare un'esperienza di vita all'aperto completamente su misura.<\/li>\n<\/ul>\n<\/li>\n<li><strong>Facilit\u00e0 di installazione e manutenzione<\/strong>:\n<ul>\n<li>La nostra pergola \u00e8 progettata per una facile installazione, con istruzioni chiare e il supporto del nostro team di professionisti.<\/li>\n<li>La manutenzione ordinaria \u00e8 semplice e richiede solo pulizie e ispezioni periodiche per mantenerlo come nuovo.<\/li>\n<\/ul>\n<\/li>\n<li><strong>Eccezionale rapporto qualit\u00e0\/prezzo<\/strong>:\n<ul>\n<li>Con la pergola a lamelle in alluminio motorizzata di Meterny, si ottiene una combinazione di alta qualit\u00e0, funzionalit\u00e0 ed estetica ad un eccezionale rapporto qualit\u00e0-prezzo.<\/li>\n<li>Il nostro impegno a fornire prodotti e assistenza clienti di altissimo livello assicura che sarete soddisfatti del vostro acquisto per gli anni a venire.<\/li>\n<\/ul>\n<\/li>\n<li><strong>Approccio incentrato sul cliente<\/strong>:\n<ul>\n<li>Diamo priorit\u00e0 alla soddisfazione dei clienti e ci impegniamo a fornire un servizio e un'assistenza eccezionali.<\/li>\n<li>Il nostro team, cordiale e competente, \u00e8 a vostra disposizione per qualsiasi domanda, opzione di personalizzazione o assistenza.<\/li>\n<\/ul>\n<\/li>\n<\/ol>\n<p id=\"\">In sintesi, la pergola a lamelle in alluminio motorizzata di Meterny \u00e8 la scelta perfetta per chi vuole creare uno spazio di vita all'aperto elegante, funzionale e confortevole. Grazie alla tecnologia innovativa, ai materiali di prima qualit\u00e0, al design elegante, alle opzioni personalizzabili e all'eccezionale rapporto qualit\u00e0-prezzo, la nostra pergola trasformer\u00e0 il vostro spazio esterno in un'oasi di relax e divertimento.<\/p>\n<h3><strong>Contatto<\/strong><\/h3>\n<p id=\"\">Per ulteriori informazioni, prezzi e opzioni di personalizzazione, contattate il nostro team amichevole e competente. Siamo qui per aiutarvi a creare lo spazio perfetto per la vita all'aperto con la nostra pergola a lamelle in alluminio motorizzata.<\/p>","protected":false},"excerpt":{"rendered":"<p>Create un rifugio all'aperto elegante e resistente alle intemperie con il padiglione impermeabile in alluminio e metallo, che unisce un design elegante a prestazioni durature.<\/p>","protected":false},"featured_media":20516,"comment_status":"open","ping_status":"closed","template":"","meta":{"_uag_custom_page_level_css":"","site-sidebar-layout":"default","site-content-layout":"","ast-site-content-layout":"default","site-content-style":"default","site-sidebar-style":"default","ast-global-header-display":"","ast-banner-title-visibility":"","ast-main-header-display":"","ast-hfb-above-header-display":"","ast-hfb-below-header-display":"","ast-hfb-mobile-header-display":"","site-post-title":"","ast-breadcrumbs-content":"","ast-featured-img":"","footer-sml-layout":"","theme-transparent-header-meta":"default","adv-header-id-meta":"","stick-header-meta":"default","header-above-stick-meta":"","header-main-stick-meta":"","header-below-stick-meta":"","astra-migrate-meta-layouts":"set","ast-page-background-enabled":"default","ast-page-background-meta":{"desktop":{"background-color":"var(--ast-global-color-4)","background-image":"","background-repeat":"repeat","background-position":"center center","background-size":"auto","background-attachment":"scroll","background-type":"","background-media":"","overlay-type":"","overlay-color":"","overlay-opacity":"","overlay-gradient":""},"tablet":{"background-color":"","background-image":"","background-repeat":"repeat","background-position":"center center","background-size":"auto","background-attachment":"scroll","background-type":"","background-media":"","overlay-type":"","overlay-color":"","overlay-opacity":"","overlay-gradient":""},"mobile":{"background-color":"","background-image":"","background-repeat":"repeat","background-position":"center center","background-size":"auto","background-attachment":"scroll","background-type":"","background-media":"","overlay-type":"","overlay-color":"","overlay-opacity":"","overlay-gradient":""}},"ast-content-background-meta":{"desktop":{"background-color":"var(--ast-global-color-5)","background-image":"","background-repeat":"repeat","background-position":"center center","background-size":"auto","background-attachment":"scroll","background-type":"","background-media":"","overlay-type":"","overlay-color":"","overlay-opacity":"","overlay-gradient":""},"tablet":{"background-color":"var(--ast-global-color-5)","background-image":"","background-repeat":"repeat","background-position":"center center","background-size":"auto","background-attachment":"scroll","background-type":"","background-media":"","overlay-type":"","overlay-color":"","overlay-opacity":"","overlay-gradient":""},"mobile":{"background-color":"var(--ast-global-color-5)","background-image":"","background-repeat":"repeat","background-position":"center center","background-size":"auto","background-attachment":"scroll","background-type":"","background-media":"","overlay-type":"","overlay-color":"","overlay-opacity":"","overlay-gradient":""}}},"product_brand":[],"product_cat":[18],"product_tag":[219,217,218,216],"class_list":{"0":"post-18032","1":"product","2":"type-product","3":"status-publish","4":"has-post-thumbnail","6":"product_cat-uncategorized","7":"product_tag-aluminum-metal-waterproof-pergola","8":"product_tag-aluminum-pavilion","9":"product_tag-metal-pavilion","10":"product_tag-waterproof-pavilion","11":"desktop-align-center","12":"tablet-align-left","13":"mobile-align-left","14":"ast-product-gallery-layout-horizontal-slider","15":"ast-product-single-variable","16":"ast-product-tabs-layout-vertical","18":"first","19":"instock","20":"shipping-taxable","21":"product-type-variable"},"uagb_featured_image_src":{"full":["https:\/\/meterny.com\/wp-content\/uploads\/2024\/10\/8-2ZHU.jpg",800,800,false],"thumbnail":["https:\/\/meterny.com\/wp-content\/uploads\/2024\/10\/8-2ZHU-150x150.jpg",150,150,true],"medium":["https:\/\/meterny.com\/wp-content\/uploads\/2024\/10\/8-2ZHU-300x300.jpg",300,300,true],"medium_large":["https:\/\/meterny.com\/wp-content\/uploads\/2024\/10\/8-2ZHU-768x768.jpg",768,768,true],"large":["https:\/\/meterny.com\/wp-content\/uploads\/2024\/10\/8-2ZHU.jpg",800,800,false],"1536x1536":["https:\/\/meterny.com\/wp-content\/uploads\/2024\/10\/8-2ZHU.jpg",800,800,false],"2048x2048":["https:\/\/meterny.com\/wp-content\/uploads\/2024\/10\/8-2ZHU.jpg",800,800,false],"trp-custom-language-flag":["https:\/\/meterny.com\/wp-content\/uploads\/2024\/10\/8-2ZHU.jpg",12,12,false],"woocommerce_thumbnail":["https:\/\/meterny.com\/wp-content\/uploads\/2024\/10\/8-2ZHU-300x300.jpg",300,300,true],"woocommerce_single":["https:\/\/meterny.com\/wp-content\/uploads\/2024\/10\/8-2ZHU-600x600.jpg",600,600,true],"woocommerce_gallery_thumbnail":["https:\/\/meterny.com\/wp-content\/uploads\/2024\/10\/8-2ZHU-100x100.jpg",100,100,true]},"uagb_author_info":{"display_name":"meterny","author_link":"https:\/\/meterny.com\/it\/author\/"},"uagb_comment_info":0,"uagb_excerpt":"Create a stylish and weather-resistant outdoor haven with the Aluminum Metal Waterproof Pavilion, combining sleek design with durable performance.","_links":{"self":[{"href":"https:\/\/meterny.com\/it\/wp-json\/wp\/v2\/product\/18032","targetHints":{"allow":["GET"]}}],"collection":[{"href":"https:\/\/meterny.com\/it\/wp-json\/wp\/v2\/product"}],"about":[{"href":"https:\/\/meterny.com\/it\/wp-json\/wp\/v2\/types\/product"}],"replies":[{"embeddable":true,"href":"https:\/\/meterny.com\/it\/wp-json\/wp\/v2\/comments?post=18032"}],"wp:featuredmedia":[{"embeddable":true,"href":"https:\/\/meterny.com\/it\/wp-json\/wp\/v2\/media\/20516"}],"wp:attachment":[{"href":"https:\/\/meterny.com\/it\/wp-json\/wp\/v2\/media?parent=18032"}],"wp:term":[{"taxonomy":"product_brand","embeddable":true,"href":"https:\/\/meterny.com\/it\/wp-json\/wp\/v2\/product_brand?post=18032"},{"taxonomy":"product_cat","embeddable":true,"href":"https:\/\/meterny.com\/it\/wp-json\/wp\/v2\/product_cat?post=18032"},{"taxonomy":"product_tag","embeddable":true,"href":"https:\/\/meterny.com\/it\/wp-json\/wp\/v2\/product_tag?post=18032"}],"curies":[{"name":"wp","href":"https:\/\/api.w.org\/{rel}","templated":true}]}}