{"id":18068,"date":"2024-10-10T13:08:41","date_gmt":"2024-10-10T13:08:41","guid":{"rendered":"https:\/\/meterny.com\/?post_type=product&#038;p=18068"},"modified":"2025-01-18T12:57:57","modified_gmt":"2025-01-18T12:57:57","slug":"bioclimatic-aluminium-louvered-roof-pergola","status":"publish","type":"product","link":"https:\/\/meterny.com\/it\/prodotto\/bioclimatic-aluminium-louvered-roof-pergola\/","title":{"rendered":"Pergola bioclimatica in alluminio con tetto a feritoia Padiglione in alluminio per esterni Terrazza retrattile Gazebo in alluminio"},"content":{"rendered":"<h2 style=\"text-align: center;\">Pergola bioclimatica in alluminio con tetto a feritoia Padiglione in alluminio per esterni Terrazza retrattile Gazebo in alluminio<\/h2>\n<p><strong>Tipo<\/strong>: Pergola bioclimatica a tetto apribile in alluminio<\/p>\n<p><strong>Dimensione<\/strong>: personalizzato<\/p>\n<p><strong>Superficie<\/strong>: rivestimento\/ verniciatura personalizzata<\/p>\n<p><strong>Colore<\/strong>: personalizzato<\/p>\n<p><strong>Lunghezza<\/strong>: Personalizzato<\/p>\n<p><strong>Materiale<\/strong>: Lega di alluminio di alta gamma<\/p>\n<p><strong>Tecnologia del prodotto<\/strong>: Sistema anti-perdita Meterny AquaGuard<\/p>\n<figure id=\"attachment_18063\" aria-describedby=\"caption-attachment-18063\" style=\"width: 1024px\" class=\"wp-caption alignnone\"><img loading=\"lazy\" decoding=\"async\" class=\"wp-image-18063\" src=\"https:\/\/meterny.com\/wp-content\/uploads\/2024\/10\/mmexport1662711147036.jpg\" alt=\"Pergola bioclimatica a tetto apribile in alluminio\" width=\"1024\" height=\"890\" srcset=\"https:\/\/meterny.com\/wp-content\/uploads\/2024\/10\/mmexport1662711147036.jpg 975w, https:\/\/meterny.com\/wp-content\/uploads\/2024\/10\/mmexport1662711147036-300x261.jpg 300w, https:\/\/meterny.com\/wp-content\/uploads\/2024\/10\/mmexport1662711147036-768x667.jpg 768w, https:\/\/meterny.com\/wp-content\/uploads\/2024\/10\/mmexport1662711147036-600x521.jpg 600w\" sizes=\"auto, (max-width: 1024px) 100vw, 1024px\" \/><figcaption id=\"caption-attachment-18063\" class=\"wp-caption-text\">Pergola moderna in alluminio nero per parchi<\/figcaption><\/figure>\n<h4>Panoramica del prodotto<\/h4>\n<p id=\"\">La Pergola Bioclimatica in alluminio con tetto a lamelle \u00e8 una struttura ombreggiante per esterni che combina un design moderno con una pratica funzionalit\u00e0, progettata appositamente per offrire uno spazio esterno confortevole e flessibile. Realizzata con materiali in lega di alluminio di alta qualit\u00e0 e utilizzando tecniche di produzione avanzate, questa pergola non solo \u00e8 esteticamente gradevole e durevole, ma si adatta efficacemente a varie condizioni climatiche, aggiungendo un piacere infinito al vostro stile di vita all'aperto.<\/p>\n<h4>Caratteristiche del prodotto<\/h4>\n<ol>\n<li><strong>Materiali pregiati<\/strong>:\n<ul>\n<li>La struttura principale \u00e8 realizzata in lega di alluminio 6063-T6 o 6063-T5, che offre un'eccezionale resistenza alla corrosione e durata.<\/li>\n<li>La superficie \u00e8 verniciata a polvere, per migliorare l'estetica e la resistenza agli agenti atmosferici e la durata del prodotto.<\/li>\n<\/ul>\n<\/li>\n<li><strong>Progettazione bioclimatica<\/strong>:\n<ul>\n<li>L'esclusivo design delle lamelle consente di regolarle liberamente in base alle variazioni climatiche e alle esigenze dell'utente, ottenendo eccellenti effetti di ventilazione, ombreggiamento e impermeabilizzazione.<\/li>\n<li>Le lame sono realizzate in materiale impermeabile, per garantire un ambiente interno asciutto e confortevole anche durante le giornate di pioggia.<\/li>\n<\/ul>\n<\/li>\n<li><strong>Versatilit\u00e0<\/strong>:\n<ul>\n<li>Oltre a fungere da struttura ombreggiante, blocca efficacemente neve, vento e pioggia, adattandosi a diversi ambienti esterni.<\/li>\n<li>Ideale per zone pranzo all'aperto, salotti, patii e altri ambienti, per migliorare il comfort e l'estetica dello spazio complessivo.<\/li>\n<\/ul>\n<\/li>\n<li><strong>Servizi di personalizzazione<\/strong>:\n<ul>\n<li>Sono disponibili diverse dimensioni e colori, personalizzabili in base alle esigenze del cliente.<\/li>\n<li>Supporta modalit\u00e0 di funzionamento elettriche o manuali per soddisfare le diverse abitudini ed esigenze degli utenti.<\/li>\n<\/ul>\n<\/li>\n<li><strong>Facile installazione e manutenzione<\/strong>:\n<ul>\n<li>Il design del prodotto \u00e8 semplice ed elegante, facile da installare e smontare, per risparmiare tempo e costi di installazione.<\/li>\n<li>La manutenzione ordinaria \u00e8 semplice e conveniente: \u00e8 sufficiente una pulizia periodica delle lame e del telaio per mantenere il prodotto come nuovo.<\/li>\n<\/ul>\n<\/li>\n<\/ol>\n<h4>Specifiche tecniche<\/h4>\n<ul>\n<li><strong>Materiale<\/strong>: Lega di alluminio 6063-T6\/T5<\/li>\n<li><strong>Trattamento della superficie<\/strong>: Verniciatura a polvere<\/li>\n<li><strong>Angolo della lama<\/strong>: Regolabile<\/li>\n<li><strong>Valutazione di impermeabilit\u00e0<\/strong>: IP67 (o grado di impermeabilit\u00e0 equivalente)<\/li>\n<li><strong>Gamma di dimensioni<\/strong>: Sono disponibili diversi formati (ad esempio, 3x3m, 3x4m, 4x4m, 6x4m, ecc.).<\/li>\n<li><strong>Colori<\/strong>: Grigio, bianco, nero, ecc., personalizzabile<\/li>\n<li><strong>Modalit\u00e0 di funzionamento<\/strong>: Elettrico\/manuale<\/li>\n<li><strong>Periodo di garanzia<\/strong>: Garanzia sul telaio per 15 anni, garanzia sul rivestimento per 7-8 anni (i periodi di garanzia specifici sono soggetti al manuale del prodotto).<\/li>\n<\/ul>\n<h4>Scenari di applicazione<\/h4>\n<ul>\n<li>Adatto per giardini familiari, terrazze di ville, balconi di hotel, aree di ristoro all'aperto e altri ambienti esterni.<\/li>\n<li>Particolarmente indicato per gli ambienti esterni che richiedono una frequente regolazione delle condizioni di ombreggiamento e ventilazione.<\/li>\n<\/ul>\n<h4>Recensioni dei clienti<\/h4>\n<ul>\n<li>I clienti in genere lodano il design estetico, la praticit\u00e0 e la capacit\u00e0 della pergola di migliorare significativamente il comfort e l'estetica degli spazi esterni.<\/li>\n<li>La modalit\u00e0 di funzionamento elettrica \u00e8 comoda ed efficiente, molto apprezzata dagli utenti.<\/li>\n<li>L'affidabilit\u00e0 e la durata del prodotto hanno ricevuto il plauso universale dei clienti.<\/li>\n<\/ul>\n<h4>Note sull'acquisto<\/h4>\n<ul>\n<li>Si prega di confermare la taglia e il colore desiderati prima dell'acquisto per ricevere informazioni pi\u00f9 precise sul prodotto e sui prezzi.<\/li>\n<li>Durante l'installazione, seguire le istruzioni del manuale del prodotto per garantire la sicurezza e il corretto svolgimento dell'operazione.<\/li>\n<li>Per qualsiasi domanda o necessit\u00e0, non esitate a contattare il nostro servizio clienti e saremo lieti di assistervi.<\/li>\n<\/ul>\n<figure id=\"attachment_20288\" aria-describedby=\"caption-attachment-20288\" style=\"width: 1024px\" class=\"wp-caption alignnone\"><img loading=\"lazy\" decoding=\"async\" class=\"wp-image-20288\" src=\"https:\/\/meterny.com\/wp-content\/uploads\/2024\/10\/WPC-Colour-Card@3x.png\" alt=\"Progetto di prevenzione delle perdite d&#039;acqua della pergola in alluminio di Meterny\" width=\"1024\" height=\"1024\" srcset=\"https:\/\/meterny.com\/wp-content\/uploads\/2024\/10\/WPC-Colour-Card@3x.png 800w, https:\/\/meterny.com\/wp-content\/uploads\/2024\/10\/WPC-Colour-Card@3x-300x300.png 300w, https:\/\/meterny.com\/wp-content\/uploads\/2024\/10\/WPC-Colour-Card@3x-150x150.png 150w, https:\/\/meterny.com\/wp-content\/uploads\/2024\/10\/WPC-Colour-Card@3x-768x768.png 768w, https:\/\/meterny.com\/wp-content\/uploads\/2024\/10\/WPC-Colour-Card@3x-600x600.png 600w, https:\/\/meterny.com\/wp-content\/uploads\/2024\/10\/WPC-Colour-Card@3x-100x100.png 100w\" sizes=\"auto, (max-width: 1024px) 100vw, 1024px\" \/><figcaption id=\"caption-attachment-20288\" class=\"wp-caption-text\">L'innovativo progetto di Meterny per la prevenzione delle perdite d'acqua<\/figcaption><\/figure>\n<p>La pergola Bioclimatic Aluminium Louvered Roof \u00e8 un'innovativa struttura ombreggiante per esterni realizzata in alluminio di alta qualit\u00e0. Dotata di lamelle regolabili, si adatta efficacemente alle varie condizioni atmosferiche, fornendo un'eccellente ventilazione, ombreggiatura e impermeabilit\u00e0. Il suo design moderno si adatta a qualsiasi spazio esterno, migliorando sia il comfort che l'estetica. Ideale per giardini, terrazze e balconi, questa pergola \u00e8 un'aggiunta perfetta al vostro stile di vita all'aperto.<\/p>\n<p>&nbsp;<\/p>\n<h3>Se volete saperne di pi\u00f9, cliccate su questo link a youtube:<a href=\"https:\/\/youtu.be\/0FgHU_d-JLU\" target=\"_blank\" rel=\"noopener\">https:\/\/youtu.be\/0FgHU_d-JLU<\/a><\/h3>\n<p>&nbsp;<\/p>\n<figure id=\"attachment_16951\" aria-describedby=\"caption-attachment-16951\" style=\"width: 1024px\" class=\"wp-caption alignnone\"><img loading=\"lazy\" decoding=\"async\" class=\"wp-image-16951\" src=\"https:\/\/meterny.com\/wp-content\/uploads\/2024\/09\/\u753b\u677f-16@3x.png\" alt=\"Pergola in alluminio Meterny, design esclusivo con brevetto\" width=\"1024\" height=\"1448\" srcset=\"https:\/\/meterny.com\/wp-content\/uploads\/2024\/09\/\u753b\u677f-16@3x.png 1787w, https:\/\/meterny.com\/wp-content\/uploads\/2024\/09\/\u753b\u677f-16@3x-212x300.png 212w, https:\/\/meterny.com\/wp-content\/uploads\/2024\/09\/\u753b\u677f-16@3x-724x1024.png 724w, https:\/\/meterny.com\/wp-content\/uploads\/2024\/09\/\u753b\u677f-16@3x-768x1086.png 768w, https:\/\/meterny.com\/wp-content\/uploads\/2024\/09\/\u753b\u677f-16@3x-1086x1536.png 1086w, https:\/\/meterny.com\/wp-content\/uploads\/2024\/09\/\u753b\u677f-16@3x-1448x2048.png 1448w, https:\/\/meterny.com\/wp-content\/uploads\/2024\/09\/\u753b\u677f-16@3x-600x848.png 600w\" sizes=\"auto, (max-width: 1024px) 100vw, 1024px\" \/><figcaption id=\"caption-attachment-16951\" class=\"wp-caption-text\">Il design brevettato di Meterny: Una pergola come nessun'altra<\/figcaption><\/figure>\n<p>Tipo: Pergola bioclimatica a tetto apribile in alluminio<\/p>\n<p>&nbsp;<\/p>\n<figure id=\"attachment_16950\" aria-describedby=\"caption-attachment-16950\" style=\"width: 1024px\" class=\"wp-caption alignnone\"><img loading=\"lazy\" decoding=\"async\" class=\"wp-image-16950\" src=\"https:\/\/meterny.com\/wp-content\/uploads\/2024\/09\/About-Meterny@3x.png\" alt=\"Pergola in alluminio Meterny a confronto con altre pergole\" width=\"1024\" height=\"1447\" srcset=\"https:\/\/meterny.com\/wp-content\/uploads\/2024\/09\/About-Meterny@3x.png 1787w, https:\/\/meterny.com\/wp-content\/uploads\/2024\/09\/About-Meterny@3x-212x300.png 212w, https:\/\/meterny.com\/wp-content\/uploads\/2024\/09\/About-Meterny@3x-724x1024.png 724w, https:\/\/meterny.com\/wp-content\/uploads\/2024\/09\/About-Meterny@3x-768x1086.png 768w, https:\/\/meterny.com\/wp-content\/uploads\/2024\/09\/About-Meterny@3x-1087x1536.png 1087w, https:\/\/meterny.com\/wp-content\/uploads\/2024\/09\/About-Meterny@3x-1449x2048.png 1449w, https:\/\/meterny.com\/wp-content\/uploads\/2024\/09\/About-Meterny@3x-600x848.png 600w\" sizes=\"auto, (max-width: 1024px) 100vw, 1024px\" \/><figcaption id=\"caption-attachment-16950\" class=\"wp-caption-text\">Pergole Meterny vs. Pergole tradizionali: caratteristiche superiori<\/figcaption><\/figure>\n<h3>Perch\u00e9 scegliere la pergola bioclimatica a tetto apribile in alluminio Meterny?<\/h3>\n<p id=\"\">La scelta della pergola bioclimatica in alluminio con tetto apribile di Meterny offre numerosi vantaggi, che la rendono una scelta ideale per il vostro spazio esterno. Ecco alcuni motivi convincenti:<\/p>\n<ol>\n<li><strong>Qualit\u00e0 e durata premium<\/strong>:\n<ul>\n<li>Realizzata in lega di alluminio di alta qualit\u00e0, la pergola \u00e8 resistente alla corrosione, leggera e durevole, per garantire prestazioni e affidabilit\u00e0 di lunga durata.<\/li>\n<\/ul>\n<\/li>\n<li><strong>Progettazione bioclimatica<\/strong>:\n<ul>\n<li>Le lamelle regolabili consentono di personalizzare l'ombreggiatura e la ventilazione in base alle proprie esigenze e alle condizioni atmosferiche, garantendo un ambiente esterno confortevole tutto l'anno.<\/li>\n<\/ul>\n<\/li>\n<li><strong>Estetica moderna<\/strong>:\n<ul>\n<li>Con il suo design elegante e contemporaneo, la pergola migliora l'estetica dello spazio esterno, integrandosi perfettamente con gli stili architettonici moderni.<\/li>\n<\/ul>\n<\/li>\n<li><strong>Funzionalit\u00e0 versatile<\/strong>:\n<ul>\n<li>Adatta a un'ampia gamma di ambienti esterni, tra cui giardini, terrazze, balconi e patii, la pergola offre una funzionalit\u00e0 versatile, fornendo ombra, riparo e privacy.<\/li>\n<\/ul>\n<\/li>\n<li><strong>Opzioni personalizzabili<\/strong>:\n<ul>\n<li>L'Meterny offre una serie di opzioni di personalizzazione, tra cui diverse dimensioni, colori e modalit\u00e0 di funzionamento (elettrico o manuale), che consentono di adattare la pergola alle proprie esigenze specifiche.<\/li>\n<\/ul>\n<\/li>\n<li><strong>Facilit\u00e0 di installazione e manutenzione<\/strong>:\n<ul>\n<li>Progettata per una facile installazione, la pergola pu\u00f2 essere montata in modo rapido ed efficiente. La manutenzione ordinaria \u00e8 semplice e richiede solo una pulizia periodica per mantenerla come nuova.<\/li>\n<\/ul>\n<\/li>\n<li><strong>Eccezionale rapporto qualit\u00e0\/prezzo<\/strong>:\n<ul>\n<li>Combinando alta qualit\u00e0, funzionalit\u00e0 ed estetica, la pergola bioclimatica Meterny con tetto a lamelle in alluminio offre un eccezionale rapporto qualit\u00e0-prezzo, assicurandovi il miglior ritorno sul vostro investimento.<\/li>\n<\/ul>\n<\/li>\n<\/ol>\n<p id=\"\">In sintesi, la scelta della Pergola Bioclimatica in Alluminio con tetto apribile di Meterny offre una combinazione di qualit\u00e0 superiore, durata, design moderno e funzionalit\u00e0 versatile, che la rendono la scelta perfetta per il vostro spazio esterno.<\/p>","protected":false},"excerpt":{"rendered":"<p>Create un rifugio all'aperto elegante e resistente alle intemperie con il padiglione impermeabile in alluminio e metallo, che unisce un design elegante a prestazioni durature.<\/p>","protected":false},"featured_media":18063,"comment_status":"open","ping_status":"closed","template":"","meta":{"_uag_custom_page_level_css":"","site-sidebar-layout":"default","site-content-layout":"","ast-site-content-layout":"default","site-content-style":"default","site-sidebar-style":"default","ast-global-header-display":"","ast-banner-title-visibility":"","ast-main-header-display":"","ast-hfb-above-header-display":"","ast-hfb-below-header-display":"","ast-hfb-mobile-header-display":"","site-post-title":"","ast-breadcrumbs-content":"","ast-featured-img":"","footer-sml-layout":"","theme-transparent-header-meta":"default","adv-header-id-meta":"","stick-header-meta":"default","header-above-stick-meta":"","header-main-stick-meta":"","header-below-stick-meta":"","astra-migrate-meta-layouts":"set","ast-page-background-enabled":"default","ast-page-background-meta":{"desktop":{"background-color":"var(--ast-global-color-4)","background-image":"","background-repeat":"repeat","background-position":"center center","background-size":"auto","background-attachment":"scroll","background-type":"","background-media":"","overlay-type":"","overlay-color":"","overlay-opacity":"","overlay-gradient":""},"tablet":{"background-color":"","background-image":"","background-repeat":"repeat","background-position":"center center","background-size":"auto","background-attachment":"scroll","background-type":"","background-media":"","overlay-type":"","overlay-color":"","overlay-opacity":"","overlay-gradient":""},"mobile":{"background-color":"","background-image":"","background-repeat":"repeat","background-position":"center center","background-size":"auto","background-attachment":"scroll","background-type":"","background-media":"","overlay-type":"","overlay-color":"","overlay-opacity":"","overlay-gradient":""}},"ast-content-background-meta":{"desktop":{"background-color":"var(--ast-global-color-5)","background-image":"","background-repeat":"repeat","background-position":"center center","background-size":"auto","background-attachment":"scroll","background-type":"","background-media":"","overlay-type":"","overlay-color":"","overlay-opacity":"","overlay-gradient":""},"tablet":{"background-color":"var(--ast-global-color-5)","background-image":"","background-repeat":"repeat","background-position":"center center","background-size":"auto","background-attachment":"scroll","background-type":"","background-media":"","overlay-type":"","overlay-color":"","overlay-opacity":"","overlay-gradient":""},"mobile":{"background-color":"var(--ast-global-color-5)","background-image":"","background-repeat":"repeat","background-position":"center center","background-size":"auto","background-attachment":"scroll","background-type":"","background-media":"","overlay-type":"","overlay-color":"","overlay-opacity":"","overlay-gradient":""}}},"product_brand":[],"product_cat":[18],"product_tag":[219,217,218,216],"class_list":{"0":"post-18068","1":"product","2":"type-product","3":"status-publish","4":"has-post-thumbnail","6":"product_cat-uncategorized","7":"product_tag-aluminum-metal-waterproof-pergola","8":"product_tag-aluminum-pavilion","9":"product_tag-metal-pavilion","10":"product_tag-waterproof-pavilion","11":"desktop-align-center","12":"tablet-align-left","13":"mobile-align-left","14":"ast-product-gallery-layout-horizontal-slider","15":"ast-product-single-variable","16":"ast-product-tabs-layout-vertical","18":"first","19":"instock","20":"shipping-taxable","21":"product-type-variable"},"uagb_featured_image_src":{"full":["https:\/\/meterny.com\/wp-content\/uploads\/2024\/10\/mmexport1662711147036.jpg",975,847,false],"thumbnail":["https:\/\/meterny.com\/wp-content\/uploads\/2024\/10\/mmexport1662711147036-150x150.jpg",150,150,true],"medium":["https:\/\/meterny.com\/wp-content\/uploads\/2024\/10\/mmexport1662711147036-300x261.jpg",300,261,true],"medium_large":["https:\/\/meterny.com\/wp-content\/uploads\/2024\/10\/mmexport1662711147036-768x667.jpg",768,667,true],"large":["https:\/\/meterny.com\/wp-content\/uploads\/2024\/10\/mmexport1662711147036.jpg",975,847,false],"1536x1536":["https:\/\/meterny.com\/wp-content\/uploads\/2024\/10\/mmexport1662711147036.jpg",975,847,false],"2048x2048":["https:\/\/meterny.com\/wp-content\/uploads\/2024\/10\/mmexport1662711147036.jpg",975,847,false],"trp-custom-language-flag":["https:\/\/meterny.com\/wp-content\/uploads\/2024\/10\/mmexport1662711147036.jpg",14,12,false],"woocommerce_thumbnail":["https:\/\/meterny.com\/wp-content\/uploads\/2024\/10\/mmexport1662711147036-300x300.jpg",300,300,true],"woocommerce_single":["https:\/\/meterny.com\/wp-content\/uploads\/2024\/10\/mmexport1662711147036-600x521.jpg",600,521,true],"woocommerce_gallery_thumbnail":["https:\/\/meterny.com\/wp-content\/uploads\/2024\/10\/mmexport1662711147036-100x100.jpg",100,100,true]},"uagb_author_info":{"display_name":"meterny","author_link":"https:\/\/meterny.com\/it\/author\/"},"uagb_comment_info":0,"uagb_excerpt":"Create a stylish and weather-resistant outdoor haven with the Aluminum Metal Waterproof Pavilion, combining sleek design with durable performance.","_links":{"self":[{"href":"https:\/\/meterny.com\/it\/wp-json\/wp\/v2\/product\/18068","targetHints":{"allow":["GET"]}}],"collection":[{"href":"https:\/\/meterny.com\/it\/wp-json\/wp\/v2\/product"}],"about":[{"href":"https:\/\/meterny.com\/it\/wp-json\/wp\/v2\/types\/product"}],"replies":[{"embeddable":true,"href":"https:\/\/meterny.com\/it\/wp-json\/wp\/v2\/comments?post=18068"}],"wp:featuredmedia":[{"embeddable":true,"href":"https:\/\/meterny.com\/it\/wp-json\/wp\/v2\/media\/18063"}],"wp:attachment":[{"href":"https:\/\/meterny.com\/it\/wp-json\/wp\/v2\/media?parent=18068"}],"wp:term":[{"taxonomy":"product_brand","embeddable":true,"href":"https:\/\/meterny.com\/it\/wp-json\/wp\/v2\/product_brand?post=18068"},{"taxonomy":"product_cat","embeddable":true,"href":"https:\/\/meterny.com\/it\/wp-json\/wp\/v2\/product_cat?post=18068"},{"taxonomy":"product_tag","embeddable":true,"href":"https:\/\/meterny.com\/it\/wp-json\/wp\/v2\/product_tag?post=18068"}],"curies":[{"name":"wp","href":"https:\/\/api.w.org\/{rel}","templated":true}]}}