{"id":18130,"date":"2024-10-10T13:43:51","date_gmt":"2024-10-10T13:43:51","guid":{"rendered":"https:\/\/meterny.com\/?post_type=product&#038;p=18130"},"modified":"2025-05-24T02:04:28","modified_gmt":"2025-05-24T02:04:28","slug":"4x4m-louver-aluminium-gazebo-aluminium-pergola","status":"publish","type":"product","link":"https:\/\/meterny.com\/it\/prodotto\/4x4m-louver-aluminium-gazebo-aluminium-pergola\/","title":{"rendered":"Gazebo di alluminio di 4X4m della feritoia Padiglione di alluminio all'aperto Gazebo di giardino Pergola di alluminio moderna"},"content":{"rendered":"<h2 style=\"text-align: center;\">Gazebo di alluminio di 4X4m della feritoia Padiglione di alluminio all'aperto Gazebo di giardino Pergola di alluminio moderna<\/h2>\n<p><strong>Tipo<\/strong>: Gazebo in alluminio 4X4m Louver<\/p>\n<p><strong>Dimensione<\/strong>: personalizzato<\/p>\n<p><strong>Superficie<\/strong>: rivestimento\/ verniciatura personalizzata<\/p>\n<p><strong>Colore<\/strong>: personalizzato<\/p>\n<p><strong>Lunghezza<\/strong>: Personalizzato<\/p>\n<p><strong>Materiale<\/strong>: Lega di alluminio di alta gamma<\/p>\n<p><strong>Tecnologia del prodotto<\/strong>: Sistema anti-perdita Meterny AquaGuard<\/p>\n<figure id=\"attachment_18300\" aria-describedby=\"caption-attachment-18300\" style=\"width: 1024px\" class=\"wp-caption alignnone\"><img loading=\"lazy\" decoding=\"async\" class=\"wp-image-18300\" src=\"https:\/\/meterny.com\/wp-content\/uploads\/2024\/10\/6-1-1.png\" alt=\"Gazebo in alluminio 4X4 m con paraluce\" width=\"1024\" height=\"512\" srcset=\"https:\/\/meterny.com\/wp-content\/uploads\/2024\/10\/6-1-1.png 2560w, https:\/\/meterny.com\/wp-content\/uploads\/2024\/10\/6-1-1-300x150.png 300w, https:\/\/meterny.com\/wp-content\/uploads\/2024\/10\/6-1-1-1024x512.png 1024w, https:\/\/meterny.com\/wp-content\/uploads\/2024\/10\/6-1-1-768x384.png 768w, https:\/\/meterny.com\/wp-content\/uploads\/2024\/10\/6-1-1-1536x768.png 1536w, https:\/\/meterny.com\/wp-content\/uploads\/2024\/10\/6-1-1-2048x1024.png 2048w, https:\/\/meterny.com\/wp-content\/uploads\/2024\/10\/6-1-1-600x300.png 600w\" sizes=\"auto, (max-width: 1024px) 100vw, 1024px\" \/><figcaption id=\"caption-attachment-18300\" class=\"wp-caption-text\">Pergola nera in alluminio: Ridefinire il lusso all'aperto<\/figcaption><\/figure>\n<h3><strong>Panoramica del prodotto<\/strong><\/h3>\n<p id=\"\">Benvenuti nel nostro Gazebo in alluminio con struttura a lamelle da 4x4 m, un'aggiunta straordinaria al vostro spazio di vita all'aperto. Realizzato in lega di alluminio di alta qualit\u00e0, questo gazebo combina eleganza, funzionalit\u00e0 e durata per creare un'esperienza all'aperto senza pari. Grazie al design elegante delle feritoie, \u00e8 possibile godere di una ventilazione e di un controllo della luce ottimali, che lo rendono perfetto per una variet\u00e0 di attivit\u00e0 e riunioni all'aperto.<\/p>\n<hr \/>\n<h3><strong>Caratteristiche principali<\/strong><\/h3>\n<ol>\n<li>\n<p id=\"\"><strong>Lega di alluminio di alta qualit\u00e0<\/strong>: Realizzato in lega di alluminio resistente, il gazebo \u00e8 costruito per resistere alle intemperie, garantendo protezione e divertimento a lungo termine.<\/p>\n<\/li>\n<li>\n<p id=\"\"><strong>Design della feritoia<\/strong>: I pannelli del tetto a lamelle consentono un'eccellente ventilazione e controllo della luce, creando uno spazio esterno ombreggiato e confortevole.<\/p>\n<\/li>\n<li>\n<p id=\"\"><strong>Interni spaziosi<\/strong>: Con una superficie generosa di 4x4 m, il gazebo offre molto spazio per pranzare, rilassarsi e intrattenere gli ospiti.<\/p>\n<\/li>\n<li>\n<p id=\"\"><strong>Resistente alla ruggine<\/strong>: La struttura in alluminio \u00e8 resistente alla ruggine e garantisce che il vostro gazebo rimanga in condizioni perfette per gli anni a venire.<\/p>\n<\/li>\n<li>\n<p id=\"\"><strong>Opzioni personalizzabili<\/strong>: Scegliete tra una gamma di colori, finiture e accessori per adattare il gazebo alle vostre esigenze e preferenze specifiche.<\/p>\n<\/li>\n<li>\n<p id=\"\"><strong>Installazione semplice<\/strong>: Il gazebo viene fornito con istruzioni di montaggio complete, che lo rendono facile da montare e pronto all'uso in pochissimo tempo.<\/p>\n<\/li>\n<li>\n<p id=\"\"><strong>Bassa manutenzione<\/strong>: Con una manutenzione minima, potete dedicare pi\u00f9 tempo a godervi il vostro gazebo e meno a preoccuparvi della manutenzione.<\/p>\n<\/li>\n<\/ol>\n<hr \/>\n<h3><strong>Specifiche tecniche<\/strong><\/h3>\n<ul>\n<li><strong>Dimensioni<\/strong>: 4m x 4m<\/li>\n<li><strong>Materiale<\/strong>: Lega di alluminio di alta qualit\u00e0<\/li>\n<li><strong>Tipo di tetto<\/strong>: A feritoia<\/li>\n<li><strong>Opzioni di colore<\/strong>: [colori nero\/bianco\/marrone]<\/li>\n<li><strong>Tempo di montaggio<\/strong>: [1 giorno]<\/li>\n<li><strong>Garanzia<\/strong>: [pi\u00f9 di 10+anni]<\/li>\n<\/ul>\n<figure id=\"attachment_16950\" aria-describedby=\"caption-attachment-16950\" style=\"width: 1024px\" class=\"wp-caption alignnone\"><img loading=\"lazy\" decoding=\"async\" class=\"wp-image-16950\" src=\"https:\/\/meterny.com\/wp-content\/uploads\/2024\/09\/About-Meterny@3x.png\" alt=\"Pergola in alluminio Meterny a confronto con altre pergole\" width=\"1024\" height=\"1447\" srcset=\"https:\/\/meterny.com\/wp-content\/uploads\/2024\/09\/About-Meterny@3x.png 1787w, https:\/\/meterny.com\/wp-content\/uploads\/2024\/09\/About-Meterny@3x-212x300.png 212w, https:\/\/meterny.com\/wp-content\/uploads\/2024\/09\/About-Meterny@3x-724x1024.png 724w, https:\/\/meterny.com\/wp-content\/uploads\/2024\/09\/About-Meterny@3x-768x1086.png 768w, https:\/\/meterny.com\/wp-content\/uploads\/2024\/09\/About-Meterny@3x-1087x1536.png 1087w, https:\/\/meterny.com\/wp-content\/uploads\/2024\/09\/About-Meterny@3x-1449x2048.png 1449w, https:\/\/meterny.com\/wp-content\/uploads\/2024\/09\/About-Meterny@3x-600x848.png 600w\" sizes=\"auto, (max-width: 1024px) 100vw, 1024px\" \/><figcaption id=\"caption-attachment-16950\" class=\"wp-caption-text\">Pergole Meterny vs. Pergole tradizionali: caratteristiche superiori<\/figcaption><\/figure>\n<h3><strong>Il Gazebo in alluminio con struttura a lamelle da 4x4 m offre una miscela perfetta di stile, funzionalit\u00e0 e durata.<\/strong><\/h3>\n<hr \/>\n<p id=\"\">Il Gazebo in alluminio 4x4m Louver \u00e8 molto pi\u00f9 di una semplice struttura per esterni: \u00e8 un santuario che offre una miscela perfetta di stile, funzionalit\u00e0 e durata. Sia che vogliate creare un angolo accogliente nel vostro giardino, una zona pranzo privata o un posto ombreggiato per rilassarvi, questo gazebo ha tutto ci\u00f2 che fa per voi.<\/p>\n<h3><strong>Design elegante<\/strong><\/h3>\n<p id=\"\">Con il suo design elegante e moderno, il Gazebo in alluminio 4x4m Louver aggiunge un tocco di raffinatezza al vostro spazio esterno. I pannelli del tetto con feritoie non solo forniscono ombra e privacy, ma aggiungono anche un fascino estetico unico al vostro giardino o patio. Le linee eleganti e il look contemporaneo del gazebo si integrano con qualsiasi arredamento esterno, rendendolo un punto focale della vostra propriet\u00e0.<\/p>\n<h3><strong>Funzionalit\u00e0<\/strong><\/h3>\n<p id=\"\">Il design delle feritoie del gazebo non \u00e8 solo estetico, ma anche incredibilmente funzionale. Le feritoie regolabili consentono di controllare la quantit\u00e0 di luce e di ventilazione che entra nel gazebo, creando un ambiente perfetto per ogni occasione. Sia che vogliate godervi una colazione al sole o un'accogliente riunione serale, le feritoie possono essere regolate in base alle vostre esigenze.<\/p>\n<h3><strong>Durata<\/strong><\/h3>\n<p id=\"\">Realizzato in lega di alluminio di alta qualit\u00e0, il gazebo 4x4m Louver Aluminium Gazebo \u00e8 costruito per durare nel tempo. La struttura in alluminio \u00e8 resistente alla ruggine e agli agenti atmosferici, assicurando che il gazebo rimanga in condizioni immacolate, anche nelle stagioni pi\u00f9 difficili. Il telaio robusto e i materiali durevoli del gazebo forniscono una struttura stabile e affidabile, in grado di sostenere anche i mobili e gli accessori da esterno pi\u00f9 pesanti.<\/p>\n<h3><strong>Usi versatili<\/strong><\/h3>\n<p id=\"\">La versatilit\u00e0 del Gazebo in alluminio 4x4m Louver lo rende una scelta eccellente per una variet\u00e0 di attivit\u00e0 e riunioni all'aperto. Utilizzatelo come zona pranzo per pranzare all'aperto, come angolo relax per leggere un buon libro o come area di intrattenimento per ospitare amici e familiari. L'interno spazioso del gazebo offre molto spazio per tutte le vostre esigenze all'aperto, rendendolo uno spazio di vita all'aperto davvero multifunzionale.<\/p>\n<h3><strong>Manutenzione semplice<\/strong><\/h3>\n<p id=\"\">A differenza dei gazebo tradizionali in legno, la struttura in alluminio del gazebo 4x4m Louver Aluminium Gazebo richiede una manutenzione minima. Senza bisogno di verniciare o sigillare, potete passare pi\u00f9 tempo a godervi il vostro gazebo e meno a preoccuparvi della manutenzione. \u00c8 sufficiente pulire il gazebo con una soluzione delicata di acqua e sapone per farlo tornare come nuovo negli anni a venire.<\/p>\n<h3><strong>Opzioni personalizzabili<\/strong><\/h3>\n<p id=\"\">Volete adattare il gazebo alle vostre specifiche esigenze e preferenze? Offriamo una serie di opzioni personalizzabili, tra cui colori, finiture e accessori. Scegliete tra una variet\u00e0 di colori straordinari da abbinare al vostro arredamento esterno, o aggiungete accessori come tende, luci e ventilatori per migliorare la vostra esperienza all'aperto.<\/p>\n<h3>Se volete saperne di pi\u00f9, cliccate su questo link a youtube:<a href=\"https:\/\/youtu.be\/XBnrx0OJS2g\" target=\"_blank\" rel=\"noopener\">https:\/\/youtu.be\/XBnrx0OJS2g<\/a><\/h3>\n<figure id=\"attachment_20288\" aria-describedby=\"caption-attachment-20288\" style=\"width: 1024px\" class=\"wp-caption alignnone\"><img loading=\"lazy\" decoding=\"async\" class=\"wp-image-20288\" src=\"https:\/\/meterny.com\/wp-content\/uploads\/2024\/10\/WPC-Colour-Card@3x.png\" alt=\"Progetto di prevenzione delle perdite d&#039;acqua della pergola in alluminio di Meterny\" width=\"1024\" height=\"1024\" srcset=\"https:\/\/meterny.com\/wp-content\/uploads\/2024\/10\/WPC-Colour-Card@3x.png 800w, https:\/\/meterny.com\/wp-content\/uploads\/2024\/10\/WPC-Colour-Card@3x-300x300.png 300w, https:\/\/meterny.com\/wp-content\/uploads\/2024\/10\/WPC-Colour-Card@3x-150x150.png 150w, https:\/\/meterny.com\/wp-content\/uploads\/2024\/10\/WPC-Colour-Card@3x-768x768.png 768w, https:\/\/meterny.com\/wp-content\/uploads\/2024\/10\/WPC-Colour-Card@3x-600x600.png 600w, https:\/\/meterny.com\/wp-content\/uploads\/2024\/10\/WPC-Colour-Card@3x-100x100.png 100w\" sizes=\"auto, (max-width: 1024px) 100vw, 1024px\" \/><figcaption id=\"caption-attachment-20288\" class=\"wp-caption-text\">L'innovativo progetto di Meterny per la prevenzione delle perdite d'acqua<\/figcaption><\/figure>\n<figure id=\"attachment_16951\" aria-describedby=\"caption-attachment-16951\" style=\"width: 1024px\" class=\"wp-caption alignnone\"><img loading=\"lazy\" decoding=\"async\" class=\"wp-image-16951\" src=\"https:\/\/meterny.com\/wp-content\/uploads\/2024\/09\/\u753b\u677f-16@3x.png\" alt=\"Pergola in alluminio Meterny, design esclusivo con brevetto\" width=\"1024\" height=\"1448\" srcset=\"https:\/\/meterny.com\/wp-content\/uploads\/2024\/09\/\u753b\u677f-16@3x.png 1787w, https:\/\/meterny.com\/wp-content\/uploads\/2024\/09\/\u753b\u677f-16@3x-212x300.png 212w, https:\/\/meterny.com\/wp-content\/uploads\/2024\/09\/\u753b\u677f-16@3x-724x1024.png 724w, https:\/\/meterny.com\/wp-content\/uploads\/2024\/09\/\u753b\u677f-16@3x-768x1086.png 768w, https:\/\/meterny.com\/wp-content\/uploads\/2024\/09\/\u753b\u677f-16@3x-1086x1536.png 1086w, https:\/\/meterny.com\/wp-content\/uploads\/2024\/09\/\u753b\u677f-16@3x-1448x2048.png 1448w, https:\/\/meterny.com\/wp-content\/uploads\/2024\/09\/\u753b\u677f-16@3x-600x848.png 600w\" sizes=\"auto, (max-width: 1024px) 100vw, 1024px\" \/><figcaption id=\"caption-attachment-16951\" class=\"wp-caption-text\">Il design brevettato di Meterny: Una pergola come nessun'altra<\/figcaption><\/figure>\n<h3>Perch\u00e9 scegliere il Gazebo in alluminio 4X4m con griglia di Meterny?<\/h3>\n<ol>\n<li>\n<p id=\"\"><strong>Durata e resistenza agli agenti atmosferici<\/strong>: Il gazebo \u00e8 costruito in alluminio di alta qualit\u00e0, noto per la sua forza e resistenza alla ruggine e alla corrosione. Questo garantisce che il gazebo resista alle intemperie, durando per molti anni anche in condizioni climatiche avverse.<\/p>\n<\/li>\n<li>\n<p id=\"\"><strong>Feritoie regolabili per un comfort personalizzato<\/strong>: I pannelli del tetto a lamelle possono essere regolati per controllare la quantit\u00e0 di luce solare, ombra e ventilazione che entra nel gazebo. Questa funzione consente di creare uno spazio esterno personalizzato che si adatta alle vostre esigenze e preferenze, sia che vogliate godervi un pomeriggio di sole o un rifugio fresco e ombreggiato.<\/p>\n<\/li>\n<li>\n<p id=\"\"><strong>Design spazioso e versatile<\/strong>: Con una superficie di 4x4 m, il gazebo offre un ampio spazio per diverse attivit\u00e0. \u00c8 perfetto per ospitare riunioni di famiglia, incontri informali con gli amici o semplicemente per godersi un po' di tempo all'aperto. Il design versatile lo rende adatto a spazi esterni sia residenziali che commerciali.<\/p>\n<\/li>\n<li>\n<p id=\"\"><strong>Estetica elegante e moderna<\/strong>: Il design elegante e moderno del gazebo Meterny aggiunge un tocco di raffinatezza a qualsiasi area esterna. Le sue linee eleganti e l'estetica contemporanea completeranno l'arredamento esterno, migliorando l'aspetto generale del vostro giardino, patio o cortile.<\/p>\n<\/li>\n<li>\n<p id=\"\"><strong>Bassa manutenzione<\/strong>: A differenza dei gazebo tradizionali in legno, la struttura in alluminio del gazebo Meterny richiede una manutenzione minima. Ci\u00f2 significa che potrete dedicare pi\u00f9 tempo a godervi il vostro gazebo e meno a preoccuparvi della manutenzione.<\/p>\n<\/li>\n<li>\n<p id=\"\"><strong>Servizio clienti eccellente<\/strong>: Meterny offre un servizio clienti eccezionale, garantendo un'esperienza positiva dalla richiesta all'installazione. Il nostro team di esperti si dedica a fornire supporto e assistenza per aiutarvi a fare la scelta migliore per il vostro spazio esterno.<\/p>\n<\/li>\n<li>\n<p id=\"\"><strong>Rapporto qualit\u00e0\/prezzo<\/strong>: Considerando la qualit\u00e0 superiore, il design elegante e la funzionalit\u00e0 versatile, il Gazebo in alluminio Meterny 4x4m Louver offre un eccezionale rapporto qualit\u00e0-prezzo. \u00c8 un investimento per la vostra vita all'aria aperta che vi garantir\u00e0 un piacere e un comfort duraturi.<\/p>\n<\/li>\n<\/ol>\n<p id=\"\">In conclusione, il Gazebo in alluminio con griglia 4x4m di Meterny \u00e8 un'ottima scelta per chiunque voglia migliorare la propria esperienza di vita all'aperto con un gazebo resistente, elegante e versatile.<\/p>","protected":false},"excerpt":{"rendered":"<p>Create un rifugio all'aperto elegante e resistente alle intemperie con il padiglione impermeabile in alluminio e metallo, che unisce un design elegante a prestazioni durature.<\/p>","protected":false},"featured_media":18300,"comment_status":"open","ping_status":"closed","template":"","meta":{"_uag_custom_page_level_css":"","site-sidebar-layout":"default","site-content-layout":"","ast-site-content-layout":"default","site-content-style":"default","site-sidebar-style":"default","ast-global-header-display":"","ast-banner-title-visibility":"","ast-main-header-display":"","ast-hfb-above-header-display":"","ast-hfb-below-header-display":"","ast-hfb-mobile-header-display":"","site-post-title":"","ast-breadcrumbs-content":"","ast-featured-img":"","footer-sml-layout":"","theme-transparent-header-meta":"default","adv-header-id-meta":"","stick-header-meta":"default","header-above-stick-meta":"","header-main-stick-meta":"","header-below-stick-meta":"","astra-migrate-meta-layouts":"set","ast-page-background-enabled":"default","ast-page-background-meta":{"desktop":{"background-color":"var(--ast-global-color-4)","background-image":"","background-repeat":"repeat","background-position":"center center","background-size":"auto","background-attachment":"scroll","background-type":"","background-media":"","overlay-type":"","overlay-color":"","overlay-opacity":"","overlay-gradient":""},"tablet":{"background-color":"","background-image":"","background-repeat":"repeat","background-position":"center center","background-size":"auto","background-attachment":"scroll","background-type":"","background-media":"","overlay-type":"","overlay-color":"","overlay-opacity":"","overlay-gradient":""},"mobile":{"background-color":"","background-image":"","background-repeat":"repeat","background-position":"center center","background-size":"auto","background-attachment":"scroll","background-type":"","background-media":"","overlay-type":"","overlay-color":"","overlay-opacity":"","overlay-gradient":""}},"ast-content-background-meta":{"desktop":{"background-color":"var(--ast-global-color-5)","background-image":"","background-repeat":"repeat","background-position":"center center","background-size":"auto","background-attachment":"scroll","background-type":"","background-media":"","overlay-type":"","overlay-color":"","overlay-opacity":"","overlay-gradient":""},"tablet":{"background-color":"var(--ast-global-color-5)","background-image":"","background-repeat":"repeat","background-position":"center center","background-size":"auto","background-attachment":"scroll","background-type":"","background-media":"","overlay-type":"","overlay-color":"","overlay-opacity":"","overlay-gradient":""},"mobile":{"background-color":"var(--ast-global-color-5)","background-image":"","background-repeat":"repeat","background-position":"center center","background-size":"auto","background-attachment":"scroll","background-type":"","background-media":"","overlay-type":"","overlay-color":"","overlay-opacity":"","overlay-gradient":""}}},"product_brand":[],"product_cat":[18],"product_tag":[219,217,218,216],"class_list":{"0":"post-18130","1":"product","2":"type-product","3":"status-publish","4":"has-post-thumbnail","6":"product_cat-uncategorized","7":"product_tag-aluminum-metal-waterproof-pergola","8":"product_tag-aluminum-pavilion","9":"product_tag-metal-pavilion","10":"product_tag-waterproof-pavilion","11":"desktop-align-center","12":"tablet-align-left","13":"mobile-align-left","14":"ast-product-gallery-layout-horizontal-slider","15":"ast-product-single-variable","16":"ast-product-tabs-layout-vertical","18":"first","19":"instock","20":"shipping-taxable","21":"product-type-variable"},"uagb_featured_image_src":{"full":["https:\/\/meterny.com\/wp-content\/uploads\/2024\/10\/6-1-1.png",2560,1280,false],"thumbnail":["https:\/\/meterny.com\/wp-content\/uploads\/2024\/10\/6-1-1-150x150.png",150,150,true],"medium":["https:\/\/meterny.com\/wp-content\/uploads\/2024\/10\/6-1-1-300x150.png",300,150,true],"medium_large":["https:\/\/meterny.com\/wp-content\/uploads\/2024\/10\/6-1-1-768x384.png",768,384,true],"large":["https:\/\/meterny.com\/wp-content\/uploads\/2024\/10\/6-1-1-1024x512.png",1024,512,true],"1536x1536":["https:\/\/meterny.com\/wp-content\/uploads\/2024\/10\/6-1-1-1536x768.png",1536,768,true],"2048x2048":["https:\/\/meterny.com\/wp-content\/uploads\/2024\/10\/6-1-1-2048x1024.png",2048,1024,true],"trp-custom-language-flag":["https:\/\/meterny.com\/wp-content\/uploads\/2024\/10\/6-1-1.png",18,9,false],"woocommerce_thumbnail":["https:\/\/meterny.com\/wp-content\/uploads\/2024\/10\/6-1-1-300x300.png",300,300,true],"woocommerce_single":["https:\/\/meterny.com\/wp-content\/uploads\/2024\/10\/6-1-1-600x300.png",600,300,true],"woocommerce_gallery_thumbnail":["https:\/\/meterny.com\/wp-content\/uploads\/2024\/10\/6-1-1-100x100.png",100,100,true]},"uagb_author_info":{"display_name":"meterny","author_link":"https:\/\/meterny.com\/it\/author\/"},"uagb_comment_info":0,"uagb_excerpt":"Create a stylish and weather-resistant outdoor haven with the Aluminum Metal Waterproof Pavilion, combining sleek design with durable performance.","_links":{"self":[{"href":"https:\/\/meterny.com\/it\/wp-json\/wp\/v2\/product\/18130","targetHints":{"allow":["GET"]}}],"collection":[{"href":"https:\/\/meterny.com\/it\/wp-json\/wp\/v2\/product"}],"about":[{"href":"https:\/\/meterny.com\/it\/wp-json\/wp\/v2\/types\/product"}],"replies":[{"embeddable":true,"href":"https:\/\/meterny.com\/it\/wp-json\/wp\/v2\/comments?post=18130"}],"wp:featuredmedia":[{"embeddable":true,"href":"https:\/\/meterny.com\/it\/wp-json\/wp\/v2\/media\/18300"}],"wp:attachment":[{"href":"https:\/\/meterny.com\/it\/wp-json\/wp\/v2\/media?parent=18130"}],"wp:term":[{"taxonomy":"product_brand","embeddable":true,"href":"https:\/\/meterny.com\/it\/wp-json\/wp\/v2\/product_brand?post=18130"},{"taxonomy":"product_cat","embeddable":true,"href":"https:\/\/meterny.com\/it\/wp-json\/wp\/v2\/product_cat?post=18130"},{"taxonomy":"product_tag","embeddable":true,"href":"https:\/\/meterny.com\/it\/wp-json\/wp\/v2\/product_tag?post=18130"}],"curies":[{"name":"wp","href":"https:\/\/api.w.org\/{rel}","templated":true}]}}