{"id":18161,"date":"2024-10-10T13:43:56","date_gmt":"2024-10-10T13:43:56","guid":{"rendered":"https:\/\/meterny.com\/?post_type=product&#038;p=18161"},"modified":"2025-05-24T02:04:28","modified_gmt":"2025-05-24T02:04:28","slug":"3x3m-louver-aluminium-gazebo-aluminium-pergola","status":"publish","type":"product","link":"https:\/\/meterny.com\/it\/prodotto\/3x3m-louver-aluminium-gazebo-aluminium-pergola\/","title":{"rendered":"3X3m Louver alluminio Gazebo Morden alluminio Pergola Outdoor alluminio Padiglione giardino Gazebo"},"content":{"rendered":"<h2 style=\"text-align: center;\">3X3m Louver alluminio Gazebo Morden alluminio Pergola Outdoor alluminio Padiglione giardino Gazebo<\/h2>\n<p><strong>Tipo<\/strong>: Gazebo in alluminio 3X3m Louver<\/p>\n<p><strong>Dimensione<\/strong>: personalizzato<\/p>\n<p><strong>Superficie<\/strong>: rivestimento\/ verniciatura personalizzata<\/p>\n<p><strong>Colore<\/strong>: personalizzato<\/p>\n<p><strong>Lunghezza<\/strong>: Personalizzato<\/p>\n<p><strong>Materiale<\/strong>: Lega di alluminio di alta gamma<\/p>\n<p><strong>Tecnologia del prodotto<\/strong>: Sistema anti-perdita Meterny AquaGuard<\/p>\n<figure id=\"attachment_18299\" aria-describedby=\"caption-attachment-18299\" style=\"width: 1024px\" class=\"wp-caption alignnone\"><img loading=\"lazy\" decoding=\"async\" class=\"wp-image-18299\" src=\"https:\/\/meterny.com\/wp-content\/uploads\/2024\/10\/6.png\" alt=\"Gazebo in alluminio 3X3m Louver\" width=\"1024\" height=\"512\" srcset=\"https:\/\/meterny.com\/wp-content\/uploads\/2024\/10\/6.png 2560w, https:\/\/meterny.com\/wp-content\/uploads\/2024\/10\/6-300x150.png 300w, https:\/\/meterny.com\/wp-content\/uploads\/2024\/10\/6-1024x512.png 1024w, https:\/\/meterny.com\/wp-content\/uploads\/2024\/10\/6-768x384.png 768w, https:\/\/meterny.com\/wp-content\/uploads\/2024\/10\/6-1536x768.png 1536w, https:\/\/meterny.com\/wp-content\/uploads\/2024\/10\/6-2048x1024.png 2048w, https:\/\/meterny.com\/wp-content\/uploads\/2024\/10\/6-600x300.png 600w\" sizes=\"auto, (max-width: 1024px) 100vw, 1024px\" \/><figcaption id=\"caption-attachment-18299\" class=\"wp-caption-text\">Pergola nera in alluminio: Una dichiarazione audace per l'eleganza all'aperto<\/figcaption><\/figure>\n<h3>Panoramica del prodotto<\/h3>\n<p id=\"\"><strong>Nome del prodotto<\/strong>: Gazebo in alluminio 3X3m Louver<br \/>\n<strong>Marchio<\/strong>: Meterny<br \/>\n<strong>Materiale<\/strong>: Lega di alluminio di alta qualit\u00e0<br \/>\n<strong>Dimensione<\/strong>: 3\u00d73 metri (personalizzabile in base alle esigenze del cliente)<br \/>\n<strong>Colore<\/strong>: Colori multipli disponibili, personalizzabili<br \/>\n<strong>Funzione<\/strong>: Parasole, antipioggia, tempo libero all'aperto<\/p>\n<hr \/>\n<h3>Caratteristiche del prodotto<\/h3>\n<ol>\n<li>\n<p id=\"\"><strong>Durata e resistenza agli agenti atmosferici<\/strong>: Realizzato in lega di alluminio di alta qualit\u00e0, garantisce una struttura robusta e duratura in grado di resistere a varie condizioni atmosferiche, offrendo una soluzione di ombreggiamento affidabile per gli spazi esterni.<\/p>\n<\/li>\n<li>\n<p id=\"\"><strong>Personalizzazione e versatilit\u00e0<\/strong>: Adatto a molteplici scenari, tra cui terrazze, giardini, cottage, cortili e zone balneari, \u00e8 la scelta ideale per gli utenti che cercano soluzioni flessibili per gli spazi esterni.<\/p>\n<\/li>\n<li>\n<p id=\"\"><strong>Impermeabile e traspirante<\/strong>: Dotato di un tetto in tela impermeabile e di tende laterali, offre agli utenti uno spazio esterno asciutto e confortevole, adatto ad attivit\u00e0 all'aperto o a incontri occasionali.<\/p>\n<\/li>\n<li>\n<p id=\"\"><strong>Facile installazione e manutenzione<\/strong>: Progettato con semplicit\u00e0, il processo di installazione e manutenzione \u00e8 semplice e diretto, consentendo agli utenti di godere del proprio spazio esterno senza problemi.<\/p>\n<\/li>\n<li>\n<p id=\"\"><strong>Design moderno<\/strong>: Caratterizzato da un design moderno, il formato 3\u00d73 metri garantisce un perfetto adattamento agli spazi esterni, soddisfacendo le aspettative degli utenti per i gazebo dal design contemporaneo.<\/p>\n<\/li>\n<\/ol>\n<hr \/>\n<h3>Specifiche tecniche<\/h3>\n<ul>\n<li><strong>Materiale del telaio<\/strong>: Lega di alluminio<\/li>\n<li><strong>Materiale del tetto<\/strong>: Tela impermeabile<\/li>\n<li><strong>Materiale della tendina laterale<\/strong>: Tessuto impermeabile<\/li>\n<li><strong>Tipo di struttura<\/strong>: Retrattile\/fisso (in base ai modelli specifici)<\/li>\n<li><strong>Opzioni di colore<\/strong>: Colori multipli disponibili, personalizzabili<\/li>\n<li><strong>Peso<\/strong>: Varia a seconda dei modelli e delle configurazioni specifiche<\/li>\n<li><strong>Imballaggio<\/strong>: Un pezzo per scatola, dimensioni e peso dell'imballaggio dettagliati, consultare il servizio clienti.<\/li>\n<\/ul>\n<hr \/>\n<h3>Scenari di applicazione<\/h3>\n<ul>\n<li><strong>Giardino<\/strong>: Aggiungete un elegante angolo d'ombra al vostro giardino.<\/li>\n<li><strong>Terrazza<\/strong>: Predisporre una comoda area lounge per la terrazza.<\/li>\n<li><strong>Spiaggia<\/strong>: Allestite un'area di sosta temporanea sulla spiaggia, ombreggiata e a prova di pioggia.<\/li>\n<li><strong>Cantiere<\/strong>: Installate un gazebo che faccia ombra nel vostro giardino.<\/li>\n<li><strong>Riunioni all'aperto<\/strong>: Offrono un luogo asciutto e confortevole per le riunioni all'aperto.<\/li>\n<\/ul>\n<figure id=\"attachment_20288\" aria-describedby=\"caption-attachment-20288\" style=\"width: 1024px\" class=\"wp-caption alignnone\"><img loading=\"lazy\" decoding=\"async\" class=\"wp-image-20288\" src=\"https:\/\/meterny.com\/wp-content\/uploads\/2024\/10\/WPC-Colour-Card@3x.png\" alt=\"Progetto di prevenzione delle perdite d&#039;acqua della pergola in alluminio di Meterny\" width=\"1024\" height=\"1024\" srcset=\"https:\/\/meterny.com\/wp-content\/uploads\/2024\/10\/WPC-Colour-Card@3x.png 800w, https:\/\/meterny.com\/wp-content\/uploads\/2024\/10\/WPC-Colour-Card@3x-300x300.png 300w, https:\/\/meterny.com\/wp-content\/uploads\/2024\/10\/WPC-Colour-Card@3x-150x150.png 150w, https:\/\/meterny.com\/wp-content\/uploads\/2024\/10\/WPC-Colour-Card@3x-768x768.png 768w, https:\/\/meterny.com\/wp-content\/uploads\/2024\/10\/WPC-Colour-Card@3x-600x600.png 600w, https:\/\/meterny.com\/wp-content\/uploads\/2024\/10\/WPC-Colour-Card@3x-100x100.png 100w\" sizes=\"auto, (max-width: 1024px) 100vw, 1024px\" \/><figcaption id=\"caption-attachment-20288\" class=\"wp-caption-text\">L'innovativo progetto di Meterny per la prevenzione delle perdite d'acqua<\/figcaption><\/figure>\n<h3><strong>Breve introduzione di 3x3m Louver Gazebo in alluminio<\/strong><\/h3>\n<p id=\"\">Sperimentate il perfetto connubio tra stile e funzionalit\u00e0 con il nostro gazebo in alluminio con griglia 3x3m. Realizzato in lega di alluminio di alta qualit\u00e0, questo gazebo offre una struttura robusta e resistente alle intemperie, perfetta per creare uno spazio esterno ombreggiato e confortevole. Il design delle feritoie consente un'eccellente ventilazione e controllo della luce, rendendolo ideale per varie attivit\u00e0 all'aperto o per riunioni informali. Grazie alla sua estetica moderna e alle opzioni personalizzabili, questo gazebo \u00e8 in grado di migliorare la vostra esperienza di vita all'aperto. Facile da installare e da mantenere, \u00e8 l'aggiunta perfetta al vostro giardino, terrazzo o cortile.<\/p>\n<p>&nbsp;<\/p>\n<figure id=\"attachment_16951\" aria-describedby=\"caption-attachment-16951\" style=\"width: 1024px\" class=\"wp-caption alignnone\"><img loading=\"lazy\" decoding=\"async\" class=\"wp-image-16951\" src=\"https:\/\/meterny.com\/wp-content\/uploads\/2024\/09\/\u753b\u677f-16@3x.png\" alt=\"Pergola in alluminio Meterny, design esclusivo con brevetto\" width=\"1024\" height=\"1448\" srcset=\"https:\/\/meterny.com\/wp-content\/uploads\/2024\/09\/\u753b\u677f-16@3x.png 1787w, https:\/\/meterny.com\/wp-content\/uploads\/2024\/09\/\u753b\u677f-16@3x-212x300.png 212w, https:\/\/meterny.com\/wp-content\/uploads\/2024\/09\/\u753b\u677f-16@3x-724x1024.png 724w, https:\/\/meterny.com\/wp-content\/uploads\/2024\/09\/\u753b\u677f-16@3x-768x1086.png 768w, https:\/\/meterny.com\/wp-content\/uploads\/2024\/09\/\u753b\u677f-16@3x-1086x1536.png 1086w, https:\/\/meterny.com\/wp-content\/uploads\/2024\/09\/\u753b\u677f-16@3x-1448x2048.png 1448w, https:\/\/meterny.com\/wp-content\/uploads\/2024\/09\/\u753b\u677f-16@3x-600x848.png 600w\" sizes=\"auto, (max-width: 1024px) 100vw, 1024px\" \/><figcaption id=\"caption-attachment-16951\" class=\"wp-caption-text\">Il design brevettato di Meterny: Una pergola come nessun'altra<\/figcaption><\/figure>\n<h3>Se volete saperne di pi\u00f9, cliccate su questo link a youtube:<a href=\"https:\/\/youtu.be\/88PIb9PK7Bk\" target=\"_blank\" rel=\"noopener\">https:\/\/youtu.be\/88PIb9PK7Bk<\/a><\/h3>\n<figure id=\"attachment_16950\" aria-describedby=\"caption-attachment-16950\" style=\"width: 1024px\" class=\"wp-caption alignnone\"><img loading=\"lazy\" decoding=\"async\" class=\"wp-image-16950\" src=\"https:\/\/meterny.com\/wp-content\/uploads\/2024\/09\/About-Meterny@3x.png\" alt=\"Pergola in alluminio Meterny a confronto con altre pergole\" width=\"1024\" height=\"1447\" srcset=\"https:\/\/meterny.com\/wp-content\/uploads\/2024\/09\/About-Meterny@3x.png 1787w, https:\/\/meterny.com\/wp-content\/uploads\/2024\/09\/About-Meterny@3x-212x300.png 212w, https:\/\/meterny.com\/wp-content\/uploads\/2024\/09\/About-Meterny@3x-724x1024.png 724w, https:\/\/meterny.com\/wp-content\/uploads\/2024\/09\/About-Meterny@3x-768x1086.png 768w, https:\/\/meterny.com\/wp-content\/uploads\/2024\/09\/About-Meterny@3x-1087x1536.png 1087w, https:\/\/meterny.com\/wp-content\/uploads\/2024\/09\/About-Meterny@3x-1449x2048.png 1449w, https:\/\/meterny.com\/wp-content\/uploads\/2024\/09\/About-Meterny@3x-600x848.png 600w\" sizes=\"auto, (max-width: 1024px) 100vw, 1024px\" \/><figcaption id=\"caption-attachment-16950\" class=\"wp-caption-text\">Pergole Meterny vs. Pergole tradizionali: caratteristiche superiori<\/figcaption><\/figure>\n<h3>Guida all'acquisto<\/h3>\n<ol>\n<li><strong>Selezionare marca e modello<\/strong>: Scegliere la marca e il modello pi\u00f9 adatto in base alle proprie esigenze e al proprio budget.<\/li>\n<li><strong>Opzioni di personalizzazione<\/strong>: Se necessario, contattare il servizio clienti per la personalizzazione, compresi dimensioni, colore e caratteristiche aggiuntive.<\/li>\n<li><strong>Effettuare l'ordine<\/strong>: Dopo aver confermato le informazioni sul prodotto e il prezzo, fare clic sul pulsante di acquisto per effettuare l'ordine.<\/li>\n<li><strong>Pagamento e spedizione<\/strong>: Selezionare un metodo di pagamento e attendere la spedizione del prodotto.<\/li>\n<li><strong>Ricezione e installazione<\/strong>: Dopo aver ricevuto il prodotto, seguire la guida all'installazione per la configurazione. Se necessario, contattare il servizio clienti per assistenza all'installazione.<\/li>\n<\/ol>\n<h3>Perch\u00e9 scegliere il Gazebo in alluminio 3X3m con griglia di Meterny?<\/h3>\n<p id=\"\">Scegliere il Gazebo in alluminio con griglia 3x3 m di Meterny \u00e8 una decisione saggia per diversi motivi:<\/p>\n<ol>\n<li>\n<p id=\"\"><strong>Durata e resistenza<\/strong>: Costruito in lega di alluminio di alta qualit\u00e0, il gazebo vanta una durata e una resistenza eccezionali. \u00c8 stato progettato per resistere alle intemperie, garantendo una protezione e un divertimento duraturi per gli anni a venire.<\/p>\n<\/li>\n<li>\n<p id=\"\"><strong>Design delle feritoie per un comfort ottimale<\/strong>: Il design delle feritoie non solo aggiunge un'estetica elegante e moderna al gazebo, ma consente anche una ventilazione e un controllo della luce superiori. Questo garantisce un'esperienza confortevole all'aperto, indipendentemente dalle condizioni atmosferiche.<\/p>\n<\/li>\n<li>\n<p id=\"\"><strong>Opzioni personalizzabili<\/strong>: Meterny (3X3m Louver Aluminium Gazebo Manufacturer) offre una serie di opzioni personalizzabili, che consentono di adattare il gazebo alle vostre specifiche esigenze e preferenze. Che preferiate un colore particolare, caratteristiche aggiuntive o una dimensione unica, Meterny \u00e8 in grado di soddisfare le vostre richieste.<\/p>\n<\/li>\n<li>\n<p id=\"\"><strong>Facilit\u00e0 di installazione e manutenzione<\/strong>: Il gazebo \u00e8 progettato per una facile installazione, in modo che possiate montarlo rapidamente e iniziare a godervi il vostro spazio esterno senza problemi. Inoltre, la manutenzione \u00e8 minima, in modo da poter passare pi\u00f9 tempo a godersi il gazebo e meno a preoccuparsi della sua manutenzione.<\/p>\n<\/li>\n<li>\n<p id=\"\"><strong>Versatile ed elegante<\/strong>: Con il suo design moderno e le dimensioni di 3x3 m, il gazebo \u00e8 perfetto per una variet\u00e0 di ambienti esterni, tra cui giardini, terrazze, cortili e altro ancora. Aggiunge un tocco di eleganza e raffinatezza al vostro spazio esterno, migliorando il vostro divertimento.<\/p>\n<\/li>\n<li>\n<p id=\"\"><strong>Rapporto qualit\u00e0\/prezzo<\/strong>: Il gazebo Meterny offre qualit\u00e0 e caratteristiche eccezionali a un prezzo competitivo, garantendo il miglior rapporto qualit\u00e0\/prezzo.<\/p>\n<\/li>\n<\/ol>\n<p id=\"\">In conclusione, la scelta del Gazebo in alluminio con griglia 3x3 m di Meterny \u00e8 un investimento intelligente per la vostra esperienza di vita all'aperto. Grazie alla sua durata, alle opzioni personalizzabili, alla facilit\u00e0 di installazione e manutenzione e al design elegante, diventer\u00e0 sicuramente un'aggiunta preziosa alla vostra casa.<\/p>\n<p>&nbsp;<\/p>","protected":false},"excerpt":{"rendered":"<p>Create un rifugio all'aperto elegante e resistente alle intemperie con il padiglione impermeabile in alluminio e metallo, che unisce un design elegante a prestazioni durature.<\/p>","protected":false},"featured_media":18299,"comment_status":"open","ping_status":"closed","template":"","meta":{"_uag_custom_page_level_css":"","site-sidebar-layout":"default","site-content-layout":"","ast-site-content-layout":"default","site-content-style":"default","site-sidebar-style":"default","ast-global-header-display":"","ast-banner-title-visibility":"","ast-main-header-display":"","ast-hfb-above-header-display":"","ast-hfb-below-header-display":"","ast-hfb-mobile-header-display":"","site-post-title":"","ast-breadcrumbs-content":"","ast-featured-img":"","footer-sml-layout":"","theme-transparent-header-meta":"default","adv-header-id-meta":"","stick-header-meta":"default","header-above-stick-meta":"","header-main-stick-meta":"","header-below-stick-meta":"","astra-migrate-meta-layouts":"set","ast-page-background-enabled":"default","ast-page-background-meta":{"desktop":{"background-color":"var(--ast-global-color-4)","background-image":"","background-repeat":"repeat","background-position":"center center","background-size":"auto","background-attachment":"scroll","background-type":"","background-media":"","overlay-type":"","overlay-color":"","overlay-opacity":"","overlay-gradient":""},"tablet":{"background-color":"","background-image":"","background-repeat":"repeat","background-position":"center center","background-size":"auto","background-attachment":"scroll","background-type":"","background-media":"","overlay-type":"","overlay-color":"","overlay-opacity":"","overlay-gradient":""},"mobile":{"background-color":"","background-image":"","background-repeat":"repeat","background-position":"center center","background-size":"auto","background-attachment":"scroll","background-type":"","background-media":"","overlay-type":"","overlay-color":"","overlay-opacity":"","overlay-gradient":""}},"ast-content-background-meta":{"desktop":{"background-color":"var(--ast-global-color-5)","background-image":"","background-repeat":"repeat","background-position":"center center","background-size":"auto","background-attachment":"scroll","background-type":"","background-media":"","overlay-type":"","overlay-color":"","overlay-opacity":"","overlay-gradient":""},"tablet":{"background-color":"var(--ast-global-color-5)","background-image":"","background-repeat":"repeat","background-position":"center center","background-size":"auto","background-attachment":"scroll","background-type":"","background-media":"","overlay-type":"","overlay-color":"","overlay-opacity":"","overlay-gradient":""},"mobile":{"background-color":"var(--ast-global-color-5)","background-image":"","background-repeat":"repeat","background-position":"center center","background-size":"auto","background-attachment":"scroll","background-type":"","background-media":"","overlay-type":"","overlay-color":"","overlay-opacity":"","overlay-gradient":""}}},"product_brand":[],"product_cat":[18],"product_tag":[219,217,218,216],"class_list":{"0":"post-18161","1":"product","2":"type-product","3":"status-publish","4":"has-post-thumbnail","6":"product_cat-uncategorized","7":"product_tag-aluminum-metal-waterproof-pergola","8":"product_tag-aluminum-pavilion","9":"product_tag-metal-pavilion","10":"product_tag-waterproof-pavilion","11":"desktop-align-center","12":"tablet-align-left","13":"mobile-align-left","14":"ast-product-gallery-layout-horizontal-slider","15":"ast-product-single-variable","16":"ast-product-tabs-layout-vertical","18":"first","19":"instock","20":"shipping-taxable","21":"product-type-variable"},"uagb_featured_image_src":{"full":["https:\/\/meterny.com\/wp-content\/uploads\/2024\/10\/6.png",2560,1280,false],"thumbnail":["https:\/\/meterny.com\/wp-content\/uploads\/2024\/10\/6-150x150.png",150,150,true],"medium":["https:\/\/meterny.com\/wp-content\/uploads\/2024\/10\/6-300x150.png",300,150,true],"medium_large":["https:\/\/meterny.com\/wp-content\/uploads\/2024\/10\/6-768x384.png",768,384,true],"large":["https:\/\/meterny.com\/wp-content\/uploads\/2024\/10\/6-1024x512.png",1024,512,true],"1536x1536":["https:\/\/meterny.com\/wp-content\/uploads\/2024\/10\/6-1536x768.png",1536,768,true],"2048x2048":["https:\/\/meterny.com\/wp-content\/uploads\/2024\/10\/6-2048x1024.png",2048,1024,true],"trp-custom-language-flag":["https:\/\/meterny.com\/wp-content\/uploads\/2024\/10\/6.png",18,9,false],"woocommerce_thumbnail":["https:\/\/meterny.com\/wp-content\/uploads\/2024\/10\/6-300x300.png",300,300,true],"woocommerce_single":["https:\/\/meterny.com\/wp-content\/uploads\/2024\/10\/6-600x300.png",600,300,true],"woocommerce_gallery_thumbnail":["https:\/\/meterny.com\/wp-content\/uploads\/2024\/10\/6-100x100.png",100,100,true]},"uagb_author_info":{"display_name":"meterny","author_link":"https:\/\/meterny.com\/it\/author\/"},"uagb_comment_info":0,"uagb_excerpt":"Create a stylish and weather-resistant outdoor haven with the Aluminum Metal Waterproof Pavilion, combining sleek design with durable performance.","_links":{"self":[{"href":"https:\/\/meterny.com\/it\/wp-json\/wp\/v2\/product\/18161","targetHints":{"allow":["GET"]}}],"collection":[{"href":"https:\/\/meterny.com\/it\/wp-json\/wp\/v2\/product"}],"about":[{"href":"https:\/\/meterny.com\/it\/wp-json\/wp\/v2\/types\/product"}],"replies":[{"embeddable":true,"href":"https:\/\/meterny.com\/it\/wp-json\/wp\/v2\/comments?post=18161"}],"wp:featuredmedia":[{"embeddable":true,"href":"https:\/\/meterny.com\/it\/wp-json\/wp\/v2\/media\/18299"}],"wp:attachment":[{"href":"https:\/\/meterny.com\/it\/wp-json\/wp\/v2\/media?parent=18161"}],"wp:term":[{"taxonomy":"product_brand","embeddable":true,"href":"https:\/\/meterny.com\/it\/wp-json\/wp\/v2\/product_brand?post=18161"},{"taxonomy":"product_cat","embeddable":true,"href":"https:\/\/meterny.com\/it\/wp-json\/wp\/v2\/product_cat?post=18161"},{"taxonomy":"product_tag","embeddable":true,"href":"https:\/\/meterny.com\/it\/wp-json\/wp\/v2\/product_tag?post=18161"}],"curies":[{"name":"wp","href":"https:\/\/api.w.org\/{rel}","templated":true}]}}