{"id":18192,"date":"2024-10-10T13:46:51","date_gmt":"2024-10-10T13:46:51","guid":{"rendered":"https:\/\/meterny.com\/?post_type=product&#038;p=18192"},"modified":"2025-05-24T02:06:53","modified_gmt":"2025-05-24T02:06:53","slug":"aluminum-pavilion-pergola","status":"publish","type":"product","link":"https:\/\/meterny.com\/it\/prodotto\/aluminum-pavilion-pergola\/","title":{"rendered":"Balcone Padiglione in alluminio Tende da sole in alluminio Gazebo tetto apribile Pergola bioclimatica a lamelle"},"content":{"rendered":"<h2 style=\"text-align: center;\">Balcone Padiglione in alluminio Tende da sole in alluminio Gazebo tetto apribile Pergola bioclimatica a lamelle<\/h2>\n<p><strong>Tipo<\/strong>: Balcone Padiglione in alluminio Tende da sole in alluminio Gazebo tetto apribile Pergola bioclimatica a lamelle<\/p>\n<p><strong>Dimensione<\/strong>: personalizzato<\/p>\n<p><strong>Superficie<\/strong>: rivestimento\/ verniciatura personalizzata<\/p>\n<p><strong>Colore<\/strong>: personalizzato<\/p>\n<p><strong>Lunghezza<\/strong>: Personalizzato<\/p>\n<p><strong>Materiale<\/strong>: Lega di alluminio di alta gamma<\/p>\n<p><strong>Tecnologia del prodotto<\/strong>: Sistema anti-perdita Meterny AquaGuard<\/p>\n<figure id=\"attachment_17061\" aria-describedby=\"caption-attachment-17061\" style=\"width: 1024px\" class=\"wp-caption alignnone\"><img loading=\"lazy\" decoding=\"async\" class=\"wp-image-17061\" src=\"https:\/\/meterny.com\/wp-content\/uploads\/2024\/09\/49-2.png\" alt=\"pergola a padiglione in alluminio\" width=\"1024\" height=\"1024\" srcset=\"https:\/\/meterny.com\/wp-content\/uploads\/2024\/09\/49-2.png 800w, https:\/\/meterny.com\/wp-content\/uploads\/2024\/09\/49-2-300x300.png 300w, https:\/\/meterny.com\/wp-content\/uploads\/2024\/09\/49-2-150x150.png 150w, https:\/\/meterny.com\/wp-content\/uploads\/2024\/09\/49-2-768x768.png 768w, https:\/\/meterny.com\/wp-content\/uploads\/2024\/09\/49-2-600x600.png 600w, https:\/\/meterny.com\/wp-content\/uploads\/2024\/09\/49-2-100x100.png 100w\" sizes=\"auto, (max-width: 1024px) 100vw, 1024px\" \/><figcaption id=\"caption-attachment-17061\" class=\"wp-caption-text\">Pergola bianca in alluminio per un comodo relax all'aperto<\/figcaption><\/figure>\n<p>La pergola a padiglione in alluminio \u00e8 la soluzione perfetta per creare uno spazio esterno riparato, ideale per giardini, patii o aree a bordo piscina. Costruita in alluminio di prima qualit\u00e0, questa pergola a padiglione in alluminio offre una solida protezione contro le intemperie grazie al suo design impermeabile. La struttura elegante e moderna \u00e8 progettata per durare nel tempo, offrendo una soluzione duratura e a bassa manutenzione per il divertimento all'aperto. Che si tratti di ospitare eventi o di cercare un rifugio tranquillo, questo padiglione offre comfort ed eleganza, garantendo al contempo una protezione totale dalla pioggia e dalle intemperie.<\/p>\n<h3><strong>Panoramica del prodotto<\/strong><\/h3>\n<p id=\"\">Benvenuti alla pagina dei prodotti della nostra pergola a padiglione in alluminio! Questa pergola, con il suo design elegante, l'eccezionale durata e le straordinarie capacit\u00e0 di ombreggiatura, \u00e8 la scelta perfetta per gli spazi ricreativi all'aperto. Realizzata in lega di alluminio di alta qualit\u00e0 e combinando l'artigianato moderno con l'estetica classica, aggiunge un tocco unico al vostro giardino, terrazzo o cortile.<\/p>\n<hr \/>\n<h3><strong>Caratteristiche del prodotto<\/strong><\/h3>\n<h4>1. <strong>Materiale in lega di alluminio premium<\/strong><\/h4>\n<ul>\n<li><strong>Resistente alla corrosione<\/strong>: La lega di alluminio presenta naturalmente un'eccellente resistenza alla corrosione, mantenendo il suo aspetto come nuovo anche in ambienti umidi o piovosi.<\/li>\n<li><strong>Leggero ma robusto<\/strong>: Rispetto alle strutture tradizionali in legno o ferro, la lega di alluminio \u00e8 pi\u00f9 leggera pur mantenendo un'elevata resistenza, garantendo stabilit\u00e0 strutturale e sicurezza.<\/li>\n<li><strong>Manutenzione semplice<\/strong>: Non \u00e8 necessaria una verniciatura frequente o un trattamento conservativo, ma solo una pulizia occasionale per mantenerne l'aspetto brillante.<\/li>\n<\/ul>\n<h4>2. <strong>Design raffinato<\/strong><\/h4>\n<ul>\n<li><strong>Stile moderno e minimalista<\/strong>: Linee morbide e forme geometriche semplici si adattano perfettamente a diversi stili decorativi per esterni.<\/li>\n<li><strong>Tetto regolabile<\/strong>: Alcuni modelli sono dotati di tetto regolabile, che consente di regolare liberamente in base all'angolo del sole per un'ombreggiatura ottimale.<\/li>\n<li><strong>Multifunzionalit\u00e0<\/strong>: Non solo un'area ombreggiata per il tempo libero, ma anche una zona pranzo all'aperto, un angolo lettura o un punto di ritrovo per la famiglia.<\/li>\n<\/ul>\n<h4>3. <strong>Installazione semplice<\/strong><\/h4>\n<ul>\n<li><strong>Struttura modulare<\/strong>: Adottando un design modulare, facilita il montaggio e lo smontaggio rapido senza bisogno di una squadra di costruttori professionisti.<\/li>\n<li><strong>Accessori completi<\/strong>: Fornisce una guida dettagliata all'installazione e gli accessori necessari per garantire un processo di installazione senza problemi.<\/li>\n<\/ul>\n<h4>4. <strong>Servizi di personalizzazione<\/strong><\/h4>\n<ul>\n<li><strong>Personalizzazione delle dimensioni<\/strong>: Offre diverse opzioni di dimensioni o la personalizzazione delle dimensioni in base alle vostre esigenze specifiche.<\/li>\n<li><strong>Selezione del colore<\/strong>: Oltre ai colori standard, supporta la personalizzazione del colore per integrare perfettamente la pergola con l'ambiente esterno.<\/li>\n<\/ul>\n<hr \/>\n<h3><strong>Specifiche tecniche<\/strong><\/h3>\n<ul>\n<li><strong>Materiale<\/strong>: Lega di alluminio di alta qualit\u00e0<\/li>\n<li><strong>Trattamento della superficie<\/strong>: Verniciatura a polvere\/anodizzazione (a seconda del modello)<\/li>\n<li><strong>Gamma di dimensioni<\/strong>: Dimensioni standard 3m x 3m (per dimensioni specifiche, consultare il servizio clienti).<\/li>\n<li><strong>Capacit\u00e0 di carico<\/strong>: ZZZ chilogrammi per metro quadro<\/li>\n<li><strong>Tipo di tetto<\/strong>: Fisso\/regolabile (opzionale)<\/li>\n<li><strong>Caratteristiche aggiuntive<\/strong>: Sistema di illuminazione a LED (opzionale), tendina parasole elettrica (opzionale)<\/li>\n<\/ul>\n<h3>Se volete saperne di pi\u00f9, cliccate su questo link a youtube:<a href=\"https:\/\/youtu.be\/88PIb9PK7Bk\" target=\"_blank\" rel=\"noopener\">https:\/\/youtu.be\/88PIb9PK7Bk<\/a><\/h3>\n<figure id=\"attachment_20288\" aria-describedby=\"caption-attachment-20288\" style=\"width: 1024px\" class=\"wp-caption alignnone\"><img loading=\"lazy\" decoding=\"async\" class=\"wp-image-20288\" src=\"https:\/\/meterny.com\/wp-content\/uploads\/2024\/10\/WPC-Colour-Card@3x.png\" alt=\"Progetto di prevenzione delle perdite d&#039;acqua della pergola in alluminio di Meterny\" width=\"1024\" height=\"1024\" srcset=\"https:\/\/meterny.com\/wp-content\/uploads\/2024\/10\/WPC-Colour-Card@3x.png 800w, https:\/\/meterny.com\/wp-content\/uploads\/2024\/10\/WPC-Colour-Card@3x-300x300.png 300w, https:\/\/meterny.com\/wp-content\/uploads\/2024\/10\/WPC-Colour-Card@3x-150x150.png 150w, https:\/\/meterny.com\/wp-content\/uploads\/2024\/10\/WPC-Colour-Card@3x-768x768.png 768w, https:\/\/meterny.com\/wp-content\/uploads\/2024\/10\/WPC-Colour-Card@3x-600x600.png 600w, https:\/\/meterny.com\/wp-content\/uploads\/2024\/10\/WPC-Colour-Card@3x-100x100.png 100w\" sizes=\"auto, (max-width: 1024px) 100vw, 1024px\" \/><figcaption id=\"caption-attachment-20288\" class=\"wp-caption-text\">L'innovativo progetto di Meterny per la prevenzione delle perdite d'acqua<\/figcaption><\/figure>\n<figure id=\"attachment_16951\" aria-describedby=\"caption-attachment-16951\" style=\"width: 1024px\" class=\"wp-caption alignnone\"><img loading=\"lazy\" decoding=\"async\" class=\"wp-image-16951\" src=\"https:\/\/meterny.com\/wp-content\/uploads\/2024\/09\/\u753b\u677f-16@3x.png\" alt=\"Pergola in alluminio Meterny, design esclusivo con brevetto\" width=\"1024\" height=\"1448\" srcset=\"https:\/\/meterny.com\/wp-content\/uploads\/2024\/09\/\u753b\u677f-16@3x.png 1787w, https:\/\/meterny.com\/wp-content\/uploads\/2024\/09\/\u753b\u677f-16@3x-212x300.png 212w, https:\/\/meterny.com\/wp-content\/uploads\/2024\/09\/\u753b\u677f-16@3x-724x1024.png 724w, https:\/\/meterny.com\/wp-content\/uploads\/2024\/09\/\u753b\u677f-16@3x-768x1086.png 768w, https:\/\/meterny.com\/wp-content\/uploads\/2024\/09\/\u753b\u677f-16@3x-1086x1536.png 1086w, https:\/\/meterny.com\/wp-content\/uploads\/2024\/09\/\u753b\u677f-16@3x-1448x2048.png 1448w, https:\/\/meterny.com\/wp-content\/uploads\/2024\/09\/\u753b\u677f-16@3x-600x848.png 600w\" sizes=\"auto, (max-width: 1024px) 100vw, 1024px\" \/><figcaption id=\"caption-attachment-16951\" class=\"wp-caption-text\">Il design brevettato di Meterny: Una pergola come nessun'altra<\/figcaption><\/figure>\n<figure id=\"attachment_16950\" aria-describedby=\"caption-attachment-16950\" style=\"width: 1024px\" class=\"wp-caption alignnone\"><img loading=\"lazy\" decoding=\"async\" class=\"wp-image-16950\" src=\"https:\/\/meterny.com\/wp-content\/uploads\/2024\/09\/About-Meterny@3x.png\" alt=\"Pergola in alluminio Meterny a confronto con altre pergole\" width=\"1024\" height=\"1447\" srcset=\"https:\/\/meterny.com\/wp-content\/uploads\/2024\/09\/About-Meterny@3x.png 1787w, https:\/\/meterny.com\/wp-content\/uploads\/2024\/09\/About-Meterny@3x-212x300.png 212w, https:\/\/meterny.com\/wp-content\/uploads\/2024\/09\/About-Meterny@3x-724x1024.png 724w, https:\/\/meterny.com\/wp-content\/uploads\/2024\/09\/About-Meterny@3x-768x1086.png 768w, https:\/\/meterny.com\/wp-content\/uploads\/2024\/09\/About-Meterny@3x-1087x1536.png 1087w, https:\/\/meterny.com\/wp-content\/uploads\/2024\/09\/About-Meterny@3x-1449x2048.png 1449w, https:\/\/meterny.com\/wp-content\/uploads\/2024\/09\/About-Meterny@3x-600x848.png 600w\" sizes=\"auto, (max-width: 1024px) 100vw, 1024px\" \/><figcaption id=\"caption-attachment-16950\" class=\"wp-caption-text\">Pergole Meterny vs. Pergole tradizionali: caratteristiche superiori<\/figcaption><\/figure>\n<h3><strong>Guida all'acquisto<\/strong><\/h3>\n<ol>\n<li><strong>Selezionare il modello e la configurazione<\/strong>: Scegliete il modello di pergola, le dimensioni e le configurazioni opzionali pi\u00f9 adatte alle vostre esigenze.<\/li>\n<li><strong>Contattare il Servizio Clienti<\/strong>: Per qualsiasi domanda o per richiedere servizi di personalizzazione, non esitate a contattare il nostro servizio clienti.<\/li>\n<li><strong>Effettuare l'ordine<\/strong>: Dopo aver confermato le informazioni dell'ordine, fare clic sul pulsante di acquisto per completare il pagamento.<\/li>\n<li><strong>In attesa di spedizione<\/strong>: Organizzeremo la produzione e la spedizione il prima possibile dopo aver ricevuto l'ordine, in genere con un periodo di spedizione di XX giorni lavorativi.<\/li>\n<li><strong>Installazione e utilizzo<\/strong>: Una volta ricevuto il prodotto, si prega di assemblarlo secondo la guida all'installazione e di godersi la nuova esperienza di spazio all'aperto!<\/li>\n<\/ol>\n<h3>Perch\u00e9 scegliere la pergola a padiglione in alluminio Meterny?<\/h3>\n<p id=\"\">La pergola a padiglione in alluminio di Meterny si distingue come scelta eccezionale per diversi motivi convincenti:<\/p>\n<ol>\n<li>\n<p id=\"\"><strong>Durata e resistenza agli agenti atmosferici<\/strong>: Realizzata in lega di alluminio di alta qualit\u00e0, la nostra pergola offre una durata e una resistenza superiori alle intemperie. \u00c8 resistente alla corrosione e mantiene la sua bellezza e funzionalit\u00e0 anche in condizioni climatiche avverse.<\/p>\n<\/li>\n<li>\n<p id=\"\"><strong>Leggero e di facile installazione<\/strong>: A differenza di materiali pi\u00f9 pesanti come il legno o l'acciaio, l'alluminio \u00e8 leggero ma robusto e quindi pi\u00f9 facile da installare e trasportare. Il design modulare della nostra pergola semplifica il processo di assemblaggio, consentendo di montarla rapidamente senza bisogno di assistenza professionale.<\/p>\n<\/li>\n<li>\n<p id=\"\"><strong>Opzioni personalizzabili<\/strong>: Meterny\uff08produttore di padiglioni in alluminio pergolati\uff09 offre una serie di opzioni di personalizzazione per soddisfare le vostre esigenze specifiche. Sia che preferiate una dimensione specifica, un colore o caratteristiche aggiuntive come tetti regolabili o illuminazione integrata, possiamo personalizzare la pergola per adattarla perfettamente al vostro spazio esterno.<\/p>\n<\/li>\n<li>\n<p id=\"\"><strong>Design elegante e moderno<\/strong>: La nostra pergola ha un design elegante e moderno che si adatta a qualsiasi arredamento esterno. Le sue linee pulite e le sue forme geometriche creano un look elegante e sofisticato, migliorando l'estetica del giardino, della terrazza o del cortile.<\/p>\n<\/li>\n<li>\n<p id=\"\"><strong>Ombreggiatura e ventilazione eccellenti<\/strong>: Il design della nostra pergola offre un'eccellente ombreggiatura e ventilazione, creando uno spazio esterno confortevole e piacevole. Che si tratti di ospitare una riunione, rilassarsi con un libro o cenare all'aperto, la nostra pergola offre il perfetto equilibrio tra protezione dal sole e una piacevole brezza.<\/p>\n<\/li>\n<li>\n<p id=\"\"><strong>Bassa manutenzione<\/strong>: L'alluminio \u00e8 un materiale a bassa manutenzione, che richiede uno sforzo minimo per mantenere il suo aspetto migliore. Con una pulizia occasionale e senza bisogno di verniciature o trattamenti conservativi, potrete godervi la vostra pergola per anni senza il fastidio di una manutenzione costante.<\/p>\n<\/li>\n<li>\n<p id=\"\"><strong>Servizio incentrato sul cliente<\/strong>: In Meterny diamo priorit\u00e0 alla soddisfazione del cliente. Il nostro team di assistenza clienti dedicato \u00e8 a disposizione per assistervi in caso di domande, fornire indicazioni sulla personalizzazione e garantire un'esperienza di acquisto senza interruzioni.<\/p>\n<\/li>\n<\/ol>\n<p id=\"\">In sintesi, la pergola a padiglione in alluminio di Meterny combina durata, stile, personalizzazione e facilit\u00e0 d'uso, rendendola l'aggiunta perfetta al vostro spazio vitale esterno. Scegliete Meterny per una pergola affidabile, bella e funzionale che migliorer\u00e0 il vostro stile di vita all'aperto.<\/p>","protected":false},"excerpt":{"rendered":"<p>Create un rifugio all'aperto elegante e resistente alle intemperie con il padiglione impermeabile in alluminio e metallo, che unisce un design elegante a prestazioni durature.<\/p>","protected":false},"featured_media":17061,"comment_status":"open","ping_status":"closed","template":"","meta":{"_uag_custom_page_level_css":"","site-sidebar-layout":"default","site-content-layout":"","ast-site-content-layout":"default","site-content-style":"default","site-sidebar-style":"default","ast-global-header-display":"","ast-banner-title-visibility":"","ast-main-header-display":"","ast-hfb-above-header-display":"","ast-hfb-below-header-display":"","ast-hfb-mobile-header-display":"","site-post-title":"","ast-breadcrumbs-content":"","ast-featured-img":"","footer-sml-layout":"","theme-transparent-header-meta":"default","adv-header-id-meta":"","stick-header-meta":"default","header-above-stick-meta":"","header-main-stick-meta":"","header-below-stick-meta":"","astra-migrate-meta-layouts":"set","ast-page-background-enabled":"default","ast-page-background-meta":{"desktop":{"background-color":"var(--ast-global-color-4)","background-image":"","background-repeat":"repeat","background-position":"center center","background-size":"auto","background-attachment":"scroll","background-type":"","background-media":"","overlay-type":"","overlay-color":"","overlay-opacity":"","overlay-gradient":""},"tablet":{"background-color":"","background-image":"","background-repeat":"repeat","background-position":"center center","background-size":"auto","background-attachment":"scroll","background-type":"","background-media":"","overlay-type":"","overlay-color":"","overlay-opacity":"","overlay-gradient":""},"mobile":{"background-color":"","background-image":"","background-repeat":"repeat","background-position":"center center","background-size":"auto","background-attachment":"scroll","background-type":"","background-media":"","overlay-type":"","overlay-color":"","overlay-opacity":"","overlay-gradient":""}},"ast-content-background-meta":{"desktop":{"background-color":"var(--ast-global-color-5)","background-image":"","background-repeat":"repeat","background-position":"center center","background-size":"auto","background-attachment":"scroll","background-type":"","background-media":"","overlay-type":"","overlay-color":"","overlay-opacity":"","overlay-gradient":""},"tablet":{"background-color":"var(--ast-global-color-5)","background-image":"","background-repeat":"repeat","background-position":"center center","background-size":"auto","background-attachment":"scroll","background-type":"","background-media":"","overlay-type":"","overlay-color":"","overlay-opacity":"","overlay-gradient":""},"mobile":{"background-color":"var(--ast-global-color-5)","background-image":"","background-repeat":"repeat","background-position":"center center","background-size":"auto","background-attachment":"scroll","background-type":"","background-media":"","overlay-type":"","overlay-color":"","overlay-opacity":"","overlay-gradient":""}}},"product_brand":[],"product_cat":[18],"product_tag":[219,217,218,216],"class_list":{"0":"post-18192","1":"product","2":"type-product","3":"status-publish","4":"has-post-thumbnail","6":"product_cat-uncategorized","7":"product_tag-aluminum-metal-waterproof-pergola","8":"product_tag-aluminum-pavilion","9":"product_tag-metal-pavilion","10":"product_tag-waterproof-pavilion","11":"desktop-align-center","12":"tablet-align-left","13":"mobile-align-left","14":"ast-product-gallery-layout-horizontal-slider","15":"ast-product-single-variable","16":"ast-product-tabs-layout-vertical","18":"first","19":"instock","20":"shipping-taxable","21":"product-type-variable"},"uagb_featured_image_src":{"full":["https:\/\/meterny.com\/wp-content\/uploads\/2024\/09\/49-2.png",800,800,false],"thumbnail":["https:\/\/meterny.com\/wp-content\/uploads\/2024\/09\/49-2-150x150.png",150,150,true],"medium":["https:\/\/meterny.com\/wp-content\/uploads\/2024\/09\/49-2-300x300.png",300,300,true],"medium_large":["https:\/\/meterny.com\/wp-content\/uploads\/2024\/09\/49-2-768x768.png",768,768,true],"large":["https:\/\/meterny.com\/wp-content\/uploads\/2024\/09\/49-2.png",800,800,false],"1536x1536":["https:\/\/meterny.com\/wp-content\/uploads\/2024\/09\/49-2.png",800,800,false],"2048x2048":["https:\/\/meterny.com\/wp-content\/uploads\/2024\/09\/49-2.png",800,800,false],"trp-custom-language-flag":["https:\/\/meterny.com\/wp-content\/uploads\/2024\/09\/49-2.png",12,12,false],"woocommerce_thumbnail":["https:\/\/meterny.com\/wp-content\/uploads\/2024\/09\/49-2-300x300.png",300,300,true],"woocommerce_single":["https:\/\/meterny.com\/wp-content\/uploads\/2024\/09\/49-2-600x600.png",600,600,true],"woocommerce_gallery_thumbnail":["https:\/\/meterny.com\/wp-content\/uploads\/2024\/09\/49-2-100x100.png",100,100,true]},"uagb_author_info":{"display_name":"meterny","author_link":"https:\/\/meterny.com\/it\/author\/"},"uagb_comment_info":0,"uagb_excerpt":"Create a stylish and weather-resistant outdoor haven with the Aluminum Metal Waterproof Pavilion, combining sleek design with durable performance.","_links":{"self":[{"href":"https:\/\/meterny.com\/it\/wp-json\/wp\/v2\/product\/18192","targetHints":{"allow":["GET"]}}],"collection":[{"href":"https:\/\/meterny.com\/it\/wp-json\/wp\/v2\/product"}],"about":[{"href":"https:\/\/meterny.com\/it\/wp-json\/wp\/v2\/types\/product"}],"replies":[{"embeddable":true,"href":"https:\/\/meterny.com\/it\/wp-json\/wp\/v2\/comments?post=18192"}],"wp:featuredmedia":[{"embeddable":true,"href":"https:\/\/meterny.com\/it\/wp-json\/wp\/v2\/media\/17061"}],"wp:attachment":[{"href":"https:\/\/meterny.com\/it\/wp-json\/wp\/v2\/media?parent=18192"}],"wp:term":[{"taxonomy":"product_brand","embeddable":true,"href":"https:\/\/meterny.com\/it\/wp-json\/wp\/v2\/product_brand?post=18192"},{"taxonomy":"product_cat","embeddable":true,"href":"https:\/\/meterny.com\/it\/wp-json\/wp\/v2\/product_cat?post=18192"},{"taxonomy":"product_tag","embeddable":true,"href":"https:\/\/meterny.com\/it\/wp-json\/wp\/v2\/product_tag?post=18192"}],"curies":[{"name":"wp","href":"https:\/\/api.w.org\/{rel}","templated":true}]}}