{"id":20295,"date":"2024-12-15T12:13:48","date_gmt":"2024-12-15T12:13:48","guid":{"rendered":"https:\/\/meterny.com\/?post_type=product&#038;p=20295"},"modified":"2025-01-18T09:09:14","modified_gmt":"2025-01-18T09:09:14","slug":"wpc-fence-panel-with-natural-wood-texture","status":"publish","type":"product","link":"https:\/\/meterny.com\/it\/prodotto\/wpc-fence-panel-with-natural-wood-texture\/","title":{"rendered":"Pannello decorativo di recinzione WPC con struttura in legno naturale"},"content":{"rendered":"<div class=\"elementor-element elementor-element-c0e1d42 elementor-widget elementor-widget-heading\" data-id=\"c0e1d42\" data-element_type=\"widget\" data-widget_type=\"heading.default\">\n<div class=\"elementor-widget-container\"><\/div>\n<\/div>\n<div class=\"elementor-element elementor-element-1f676da elementor-widget elementor-widget-heading\" data-id=\"1f676da\" data-element_type=\"widget\" data-widget_type=\"heading.default\">\n<h2 class=\"elementor-widget-container\" style=\"text-align: center;\">Pannello decorativo di recinzione WPC con struttura in legno naturale<\/h2>\n<\/div>\n<p><strong>Modello<\/strong>: Pannello di recinzione WPC con struttura in legno naturale<\/p>\n<p><strong>Tipo<\/strong>: Pannello decorativo di recinzione WPC con struttura in legno naturale<\/p>\n<p><strong>Dimensione<\/strong>: Larghezza 1800 mm x altezza 1850 mm<\/p>\n<p><strong>Superficie<\/strong>: Due superfici: strisce e venature del legno<\/p>\n<p><strong>Colore<\/strong>9 opzioni di colore<\/p>\n<p><strong>Lunghezza<\/strong>: Personalizzato<\/p>\n<p><strong>Materiale<\/strong>: Composito di legno e plastica<\/p>\n<p><strong>Tecnologia del prodotto<\/strong>: Eco-estrusione<\/p>\n<p>Pannello di recinzione WPC con struttura in legno naturale<\/p>\n<h3><strong>Nome del prodotto<\/strong><\/h3>\n<p id=\"\">Pannello di recinzione WPC con struttura in legno naturale<\/p>\n<figure id=\"attachment_17490\" aria-describedby=\"caption-attachment-17490\" style=\"width: 1024px\" class=\"wp-caption alignnone\"><img loading=\"lazy\" decoding=\"async\" class=\"wp-image-17490\" src=\"https:\/\/meterny.com\/wp-content\/uploads\/2024\/10\/\u90a6\u82f1-5.jpg\" alt=\"Pannello di recinzione WPC con struttura in legno naturale\" width=\"1024\" height=\"1024\" srcset=\"https:\/\/meterny.com\/wp-content\/uploads\/2024\/10\/\u90a6\u82f1-5.jpg 800w, https:\/\/meterny.com\/wp-content\/uploads\/2024\/10\/\u90a6\u82f1-5-300x300.jpg 300w, https:\/\/meterny.com\/wp-content\/uploads\/2024\/10\/\u90a6\u82f1-5-150x150.jpg 150w, https:\/\/meterny.com\/wp-content\/uploads\/2024\/10\/\u90a6\u82f1-5-768x768.jpg 768w, https:\/\/meterny.com\/wp-content\/uploads\/2024\/10\/\u90a6\u82f1-5-600x600.jpg 600w, https:\/\/meterny.com\/wp-content\/uploads\/2024\/10\/\u90a6\u82f1-5-100x100.jpg 100w\" sizes=\"auto, (max-width: 1024px) 100vw, 1024px\" \/><figcaption id=\"caption-attachment-17490\" class=\"wp-caption-text\">Soluzioni di recinzione eleganti con pannelli di recinzione decorativi in WPC<\/figcaption><\/figure>\n<h3><strong>Panoramica del prodotto<\/strong><\/h3>\n<p id=\"\">Benvenuti alla pagina dei dettagli del nostro prodotto! Siamo orgogliosi di presentare questo pannello di recinzione in WPC (Wood Plastic Composite) con texture legno naturale, che unisce la texture del legno naturale con i vantaggi dei moderni materiali compositi, aggiungendo un tocco unico ed elegante al vostro spazio esterno. Questo pannello di recinzione non \u00e8 solo bello e resistente, ma anche facile da installare e da mantenere, il che lo rende la scelta ideale per creare il vostro spazio privato perfetto.<\/p>\n<h3><strong>Caratteristiche del prodotto<\/strong><\/h3>\n<p>&nbsp;<\/p>\n<h4><strong>1. Struttura del legno naturale<\/strong><\/h4>\n<ul>\n<li><strong>Effetto realistico<\/strong>: Utilizzando tecniche di produzione avanzate, il nostro pannello di recinzione in WPC con texture in legno naturale mostra una realistica texture in legno naturale, che conferisce un'atmosfera calda e naturale al vostro giardino o alla vostra terrazza.<\/li>\n<li><strong>Variet\u00e0 di opzioni<\/strong>: Disponibile in pi\u00f9 colori e texture per adattarsi a diversi stili e preferenze estetiche.<\/li>\n<\/ul>\n<h4><strong>2. Elevata resistenza e durata<\/strong><\/h4>\n<ul>\n<li><strong>Resistenza agli agenti atmosferici<\/strong>: Il materiale WPC presenta un'eccellente resistenza agli agenti atmosferici, sopportando condizioni climatiche estreme come le alte temperature, il freddo, l'umidit\u00e0 e i raggi UV.<\/li>\n<li><strong>Resistenza alla corrosione<\/strong>: Resistente agli insetti, alle muffe e alla corrosione, prolunga la sua durata di vita.<\/li>\n<\/ul>\n<h4><strong>3. Ecocompatibilit\u00e0 e sostenibilit\u00e0<\/strong><\/h4>\n<ul>\n<li><strong>Materiale verde<\/strong>: Realizzato con plastica riciclata e fibre di legno, riduce la dipendenza dalle risorse naturali e rispetta i principi ambientali.<\/li>\n<li><strong>Non tossico e sicuro<\/strong>: Privo di formaldeide e di altre sostanze nocive, salvaguarda la salute vostra e della vostra famiglia.<\/li>\n<\/ul>\n<h4><strong>4. Facile installazione e manutenzione<\/strong><\/h4>\n<ul>\n<li><strong>Design leggero<\/strong>: Rispetto alle tradizionali recinzioni in legno, i pannelli di recinzione in WPC con texture legno naturale sono pi\u00f9 leggeri e facilitano la movimentazione e l'installazione.<\/li>\n<li><strong>Installazione rapida<\/strong>: Fornito con guide dettagliate per l'installazione e gli accessori necessari, non richiede competenze particolari per un facile montaggio.<\/li>\n<li><strong>Basso costo di manutenzione<\/strong>: Superficie liscia, resistente all'accumulo di polvere e facilmente lavabile con acqua per mantenere la pulizia.<\/li>\n<\/ul>\n<h4><strong>5. Privacy e sicurezza<\/strong><\/h4>\n<ul>\n<li><strong>Schermatura efficace<\/strong>: Fornisce una schermatura sufficiente a proteggere la privacy del vostro spazio esterno.<\/li>\n<li><strong>Costruzione robusta<\/strong>: Strutturalmente solido e difficile da rompere, aumenta la sicurezza.<\/li>\n<\/ul>\n<h3><strong>Specifiche del prodotto<\/strong><\/h3>\n<ul>\n<li><strong>Dimensione<\/strong>: Personalizzabile in base alle esigenze del cliente (dimensioni standard come 1800 mm di altezza x 1850 mm di larghezza, ecc.)<\/li>\n<li><strong>Spessore<\/strong>: Sono disponibili vari spessori in base ai requisiti di resistenza<\/li>\n<li><strong>Colore<\/strong>: Molteplici colori naturali delle venature del legno tra cui scegliere<\/li>\n<\/ul>\n<h3><strong>Scenari di applicazione<\/strong><\/h3>\n<ul>\n<li>Recinzioni da giardino<\/li>\n<li>Divisori per terrazze<\/li>\n<li>Pareti del cortile<\/li>\n<li>Recinzione della piscina<\/li>\n<li>Decorazione esterna della villa<\/li>\n<\/ul>\n<h3><strong>Guida all'acquisto<\/strong><\/h3>\n<ul>\n<li><strong>Selezionare la dimensione e il colore<\/strong>: Scegliere la dimensione e il colore appropriati in base alle proprie esigenze e preferenze specifiche.<\/li>\n<li><strong>Contatto<\/strong>: Contattateci tramite il nostro strumento di chat online, l'e-mail o il telefono per ulteriori informazioni o per effettuare un ordine.<\/li>\n<li><strong>Consegna e installazione<\/strong>: Offriamo servizi di consegna su tutto il territorio nazionale e, su richiesta, possiamo fornire una guida all'installazione o consigliare squadre di installatori professionisti.<\/li>\n<\/ul>\n<h3><strong>Conclusione<\/strong><\/h3>\n<p id=\"\">Scegliete il nostro pannello di recinzione WPC con texture legno naturale per aggiungere un tocco di natura ed eleganza al vostro spazio esterno. Ci impegniamo a fornire prodotti di alta qualit\u00e0 e un servizio eccellente, in attesa di lavorare con voi per creare una bella casa!<\/p>\n<p>Pannello decorativo di recinzione WPC con struttura in legno naturale<\/p>\n<h3>Se volete saperne di pi\u00f9, cliccate su questo link a youtube:<a href=\"https:\/\/youtu.be\/A_X4ZdlYfzc\" target=\"_blank\" rel=\"noopener\">https:\/\/youtu.be\/A_X4ZdlYfzc<\/a><\/h3>\n<p>&nbsp;<\/p>\n<h3>Galleria<\/h3>\n<figure id=\"attachment_17485\" aria-describedby=\"caption-attachment-17485\" style=\"width: 1024px\" class=\"wp-caption alignnone\"><img loading=\"lazy\" decoding=\"async\" class=\"wp-image-17485\" src=\"https:\/\/meterny.com\/wp-content\/uploads\/2024\/10\/83ZHU.jpg\" alt=\"Soluzioni di recinzione in WPC eco-compatibili\" width=\"1024\" height=\"1024\" srcset=\"https:\/\/meterny.com\/wp-content\/uploads\/2024\/10\/83ZHU.jpg 800w, https:\/\/meterny.com\/wp-content\/uploads\/2024\/10\/83ZHU-300x300.jpg 300w, https:\/\/meterny.com\/wp-content\/uploads\/2024\/10\/83ZHU-150x150.jpg 150w, https:\/\/meterny.com\/wp-content\/uploads\/2024\/10\/83ZHU-768x768.jpg 768w, https:\/\/meterny.com\/wp-content\/uploads\/2024\/10\/83ZHU-600x600.jpg 600w, https:\/\/meterny.com\/wp-content\/uploads\/2024\/10\/83ZHU-100x100.jpg 100w\" sizes=\"auto, (max-width: 1024px) 100vw, 1024px\" \/><figcaption id=\"caption-attachment-17485\" class=\"wp-caption-text\">Migliorate la vostra vita all'aperto con le recinzioni in WPC dall'aspetto naturale<\/figcaption><\/figure>\n<p>Pannello di recinzione WPC con struttura in legno naturale<\/p>\n<figure id=\"attachment_17484\" aria-describedby=\"caption-attachment-17484\" style=\"width: 1024px\" class=\"wp-caption alignnone\"><img loading=\"lazy\" decoding=\"async\" class=\"wp-image-17484\" src=\"https:\/\/meterny.com\/wp-content\/uploads\/2024\/10\/8-8ZHU.jpg\" alt=\"Pannello di recinzione Wpc con venature di legno in rilievo 3D\" width=\"1024\" height=\"1024\" srcset=\"https:\/\/meterny.com\/wp-content\/uploads\/2024\/10\/8-8ZHU.jpg 800w, https:\/\/meterny.com\/wp-content\/uploads\/2024\/10\/8-8ZHU-300x300.jpg 300w, https:\/\/meterny.com\/wp-content\/uploads\/2024\/10\/8-8ZHU-150x150.jpg 150w, https:\/\/meterny.com\/wp-content\/uploads\/2024\/10\/8-8ZHU-768x768.jpg 768w, https:\/\/meterny.com\/wp-content\/uploads\/2024\/10\/8-8ZHU-600x600.jpg 600w, https:\/\/meterny.com\/wp-content\/uploads\/2024\/10\/8-8ZHU-100x100.jpg 100w\" sizes=\"auto, (max-width: 1024px) 100vw, 1024px\" \/><figcaption id=\"caption-attachment-17484\" class=\"wp-caption-text\">Trasformate il vostro spazio all'aperto con recinzioni in WPC durevoli<\/figcaption><\/figure>\n<p>Pannello di recinzione WPC con struttura in legno naturale<\/p>\n<figure id=\"attachment_17486\" aria-describedby=\"caption-attachment-17486\" style=\"width: 1024px\" class=\"wp-caption alignnone\"><img loading=\"lazy\" decoding=\"async\" class=\"wp-image-17486\" src=\"https:\/\/meterny.com\/wp-content\/uploads\/2024\/10\/10-5ZHU.jpg\" alt=\"Recinzione WPC premium per la privacy all&#039;aperto\" width=\"1024\" height=\"1024\" srcset=\"https:\/\/meterny.com\/wp-content\/uploads\/2024\/10\/10-5ZHU.jpg 800w, https:\/\/meterny.com\/wp-content\/uploads\/2024\/10\/10-5ZHU-300x300.jpg 300w, https:\/\/meterny.com\/wp-content\/uploads\/2024\/10\/10-5ZHU-150x150.jpg 150w, https:\/\/meterny.com\/wp-content\/uploads\/2024\/10\/10-5ZHU-768x768.jpg 768w, https:\/\/meterny.com\/wp-content\/uploads\/2024\/10\/10-5ZHU-600x600.jpg 600w, https:\/\/meterny.com\/wp-content\/uploads\/2024\/10\/10-5ZHU-100x100.jpg 100w\" sizes=\"auto, (max-width: 1024px) 100vw, 1024px\" \/><figcaption id=\"caption-attachment-17486\" class=\"wp-caption-text\">Provate il perfetto equilibrio tra forza e bellezza con le recinzioni in WPC<\/figcaption><\/figure>\n<p>Meterny Pannello di recinzione in WPC della serie METE con scheda colore con struttura in legno naturale<\/p>\n<figure id=\"attachment_20293\" aria-describedby=\"caption-attachment-20293\" style=\"width: 1024px\" class=\"wp-caption alignnone\"><img loading=\"lazy\" decoding=\"async\" class=\"wp-image-20293\" src=\"https:\/\/meterny.com\/wp-content\/uploads\/2024\/10\/METE-Series-Colour-151.png\" alt=\"Opzioni di colore della recinzione WPC Meterny\" width=\"1024\" height=\"1024\" srcset=\"https:\/\/meterny.com\/wp-content\/uploads\/2024\/10\/METE-Series-Colour-151.png 900w, https:\/\/meterny.com\/wp-content\/uploads\/2024\/10\/METE-Series-Colour-151-300x300.png 300w, https:\/\/meterny.com\/wp-content\/uploads\/2024\/10\/METE-Series-Colour-151-150x150.png 150w, https:\/\/meterny.com\/wp-content\/uploads\/2024\/10\/METE-Series-Colour-151-768x768.png 768w, https:\/\/meterny.com\/wp-content\/uploads\/2024\/10\/METE-Series-Colour-151-600x600.png 600w, https:\/\/meterny.com\/wp-content\/uploads\/2024\/10\/METE-Series-Colour-151-100x100.png 100w\" sizes=\"auto, (max-width: 1024px) 100vw, 1024px\" \/><figcaption id=\"caption-attachment-20293\" class=\"wp-caption-text\">Esplora la recinzione in WPC Meterny - Nove splendide opzioni di colore per ogni stile<\/figcaption><\/figure>\n<h3>Resistente e impermeabile<\/h3>\n<p>Realizzata con un'avanzata tecnologia di eco-estrusione, questa recinzione \u00e8 costruita per durare nel tempo. Le sue propriet\u00e0 impermeabili la rendono una scelta ideale per tutte le condizioni atmosferiche, garantendo longevit\u00e0 e manutenzione minima. I pilastri in alluminio forniscono una maggiore stabilit\u00e0, rendendola una soluzione di recinzione affidabile e robusta per qualsiasi giardino.<\/p>\n<p>Accessori per l'installazione<\/p>\n<figure id=\"attachment_17165\" aria-describedby=\"caption-attachment-17165\" style=\"width: 1024px\" class=\"wp-caption alignnone\"><img loading=\"lazy\" decoding=\"async\" class=\"wp-image-17165\" src=\"https:\/\/meterny.com\/wp-content\/uploads\/2024\/05\/Heef5f4fd9e2c4c9a9145a852eb0aedceQ-1.png\" alt=\"Accessori completi per l&#039;installazione di recinzioni in WPC\" width=\"1024\" height=\"1054\" srcset=\"https:\/\/meterny.com\/wp-content\/uploads\/2024\/05\/Heef5f4fd9e2c4c9a9145a852eb0aedceQ-1.png 923w, https:\/\/meterny.com\/wp-content\/uploads\/2024\/05\/Heef5f4fd9e2c4c9a9145a852eb0aedceQ-1-291x300.png 291w, https:\/\/meterny.com\/wp-content\/uploads\/2024\/05\/Heef5f4fd9e2c4c9a9145a852eb0aedceQ-1-768x790.png 768w, https:\/\/meterny.com\/wp-content\/uploads\/2024\/05\/Heef5f4fd9e2c4c9a9145a852eb0aedceQ-1-600x618.png 600w\" sizes=\"auto, (max-width: 1024px) 100vw, 1024px\" \/><figcaption id=\"caption-attachment-17165\" class=\"wp-caption-text\">Accessori per l'installazione di recinzioni WPC all-in-one per un montaggio senza sforzo<\/figcaption><\/figure>\n<h3>Perch\u00e9 scegliere il pannello di recinzione WPC METE1800H1850 con struttura in legno naturale?<\/h3>\n<p id=\"\">Quando si considera perch\u00e9 scegliere il pannello di recinzione METE1800H1850 WPC (Wood Plastic Composite), emergono diverse ragioni convincenti:<\/p>\n<ol>\n<li>\n<p id=\"\"><strong>Texture del legno naturale e fascino estetico<\/strong>:<\/p>\n<ul>\n<li>Il pannello di recinzione in WPC METE1800H1850 presenta una texture di legno naturale che conferisce un aspetto caldo e invitante a qualsiasi spazio esterno.<\/li>\n<li>Il suo fascino estetico pu\u00f2 migliorare l'aspetto generale del giardino, della terrazza o del cortile, aggiungendo un tocco di eleganza e raffinatezza.<\/li>\n<\/ul>\n<\/li>\n<li>\n<p id=\"\"><strong>Durata e resistenza agli agenti atmosferici<\/strong>:<\/p>\n<ul>\n<li>Realizzato con una combinazione di plastica riciclata e fibre di legno, il pannello di recinzione METE1800H1850 WPC \u00e8 altamente durevole e resistente alle condizioni atmosferiche come le alte temperature, il freddo, l'umidit\u00e0 e i raggi UV.<\/li>\n<li>Ci\u00f2 garantisce che il pannello di recinzione mantenga il suo aspetto e la sua funzionalit\u00e0 nel tempo, con una manutenzione minima.<\/li>\n<\/ul>\n<\/li>\n<li>\n<p id=\"\"><strong>Ecocompatibilit\u00e0 e sostenibilit\u00e0<\/strong>:<\/p>\n<ul>\n<li>L'uso di materiali riciclati nella produzione del pannello di recinzione WPC METE1800H1850 riduce la richiesta di risorse naturali e si allinea ai principi ambientali.<\/li>\n<li>\u00c8 una scelta sostenibile che contribuisce a ridurre i rifiuti e a promuovere la responsabilit\u00e0 ambientale.<\/li>\n<\/ul>\n<\/li>\n<li>\n<p id=\"\"><strong>Facilit\u00e0 di installazione e manutenzione<\/strong>:<\/p>\n<ul>\n<li>Il pannello di recinzione in WPC METE1800H1850 \u00e8 leggero e facile da installare, non richiede competenze o strumenti particolari.<\/li>\n<li>\u00c8 anche facile da mantenere, con una superficie liscia che resiste all'accumulo di polvere e pu\u00f2 essere facilmente pulita con acqua.<\/li>\n<\/ul>\n<\/li>\n<li>\n<p id=\"\"><strong>Privacy e sicurezza<\/strong>:<\/p>\n<ul>\n<li>Il pannello di recinzione fornisce una schermatura efficace, offrendo una protezione della privacy per il vostro spazio esterno.<\/li>\n<li>La sua struttura robusta garantisce che sia difficile da rompere, aumentando la sicurezza e fornendo un senso di protezione.<\/li>\n<\/ul>\n<\/li>\n<li>\n<p id=\"\"><strong>Opzioni di personalizzazione<\/strong>:<\/p>\n<ul>\n<li>Il pannello di recinzione in WPC METE1800H1850 \u00e8 disponibile in diversi colori e texture, per consentirvi di scegliere quello che meglio si adatta al vostro stile e alle vostre preferenze estetiche.<\/li>\n<li>Pu\u00f2 anche essere personalizzato nelle dimensioni per adattarsi alle vostre esigenze e ai vostri requisiti specifici.<\/li>\n<\/ul>\n<\/li>\n<li>\n<p id=\"\"><strong>Costo-efficacia<\/strong>:<\/p>\n<ul>\n<li>Sebbene il costo iniziale del pannello di recinzione in WPC METE1800H1850 con texture legno naturale possa essere paragonabile o leggermente superiore a quello delle tradizionali recinzioni in legno, la sua durata e i bassi requisiti di manutenzione lo rendono una scelta conveniente a lungo termine.<\/li>\n<\/ul>\n<\/li>\n<\/ol>\n<p id=\"\">In conclusione, il pannello di recinzione WPC METE1800H1850 con texture legno naturale \u00e8 un'opzione molto interessante per chiunque voglia migliorare l'aspetto e la funzionalit\u00e0 del proprio spazio esterno. La combinazione di texture legno naturale, durata, ecocompatibilit\u00e0, facilit\u00e0 di installazione e manutenzione, privacy e sicurezza, possibilit\u00e0 di personalizzazione e convenienza ne fanno una scelta di spicco tra i pannelli di recinzione.<\/p>","protected":false},"excerpt":{"rendered":"<h3>Caratteristiche principali:<\/h3>\n<p>Impermeabile e resistente alle intemperie: ideale per l'uso all'aperto in tutti i climi.<br \/>\nMateriali eco-compatibili: Sostenibili e attenti all'ambiente.<br \/>\nLunghezza personalizzabile: Adattabile alle dimensioni specifiche del vostro giardino.<br \/>\nBassa manutenzione: Facile da pulire e mantenere, a differenza del legno tradizionale.<br \/>\nOpzioni a doppia superficie: Scegliete tra le eleganti venature del legno o le classiche strisce per un look personalizzato.<br \/>\nMaggiore stabilit\u00e0: Rinforzato con pilastri in alluminio per una maggiore resistenza e sicurezza.<\/p>\n<h3>Applicazioni:<\/h3>\n<p>Perfetto per delimitare il giardino, per schermare la privacy e per soluzioni di recinzione decorative.<\/p>","protected":false},"featured_media":17490,"comment_status":"open","ping_status":"closed","template":"","meta":{"_uag_custom_page_level_css":"","site-sidebar-layout":"default","site-content-layout":"","ast-site-content-layout":"default","site-content-style":"default","site-sidebar-style":"default","ast-global-header-display":"","ast-banner-title-visibility":"","ast-main-header-display":"","ast-hfb-above-header-display":"","ast-hfb-below-header-display":"","ast-hfb-mobile-header-display":"","site-post-title":"","ast-breadcrumbs-content":"","ast-featured-img":"","footer-sml-layout":"","theme-transparent-header-meta":"default","adv-header-id-meta":"","stick-header-meta":"default","header-above-stick-meta":"","header-main-stick-meta":"","header-below-stick-meta":"","astra-migrate-meta-layouts":"set","ast-page-background-enabled":"default","ast-page-background-meta":{"desktop":{"background-color":"var(--ast-global-color-4)","background-image":"","background-repeat":"repeat","background-position":"center center","background-size":"auto","background-attachment":"scroll","background-type":"","background-media":"","overlay-type":"","overlay-color":"","overlay-opacity":"","overlay-gradient":""},"tablet":{"background-color":"","background-image":"","background-repeat":"repeat","background-position":"center center","background-size":"auto","background-attachment":"scroll","background-type":"","background-media":"","overlay-type":"","overlay-color":"","overlay-opacity":"","overlay-gradient":""},"mobile":{"background-color":"","background-image":"","background-repeat":"repeat","background-position":"center center","background-size":"auto","background-attachment":"scroll","background-type":"","background-media":"","overlay-type":"","overlay-color":"","overlay-opacity":"","overlay-gradient":""}},"ast-content-background-meta":{"desktop":{"background-color":"var(--ast-global-color-5)","background-image":"","background-repeat":"repeat","background-position":"center center","background-size":"auto","background-attachment":"scroll","background-type":"","background-media":"","overlay-type":"","overlay-color":"","overlay-opacity":"","overlay-gradient":""},"tablet":{"background-color":"var(--ast-global-color-5)","background-image":"","background-repeat":"repeat","background-position":"center center","background-size":"auto","background-attachment":"scroll","background-type":"","background-media":"","overlay-type":"","overlay-color":"","overlay-opacity":"","overlay-gradient":""},"mobile":{"background-color":"var(--ast-global-color-5)","background-image":"","background-repeat":"repeat","background-position":"center center","background-size":"auto","background-attachment":"scroll","background-type":"","background-media":"","overlay-type":"","overlay-color":"","overlay-opacity":"","overlay-gradient":""}}},"product_brand":[],"product_cat":[18],"product_tag":[186,187,188,185],"class_list":{"0":"post-20295","1":"product","2":"type-product","3":"status-publish","4":"has-post-thumbnail","6":"product_cat-uncategorized","7":"product_tag-aluminum-fence","8":"product_tag-exterior-fence","9":"product_tag-garden-fence","10":"product_tag-wpc-fence","11":"desktop-align-center","12":"tablet-align-left","13":"mobile-align-left","14":"ast-product-gallery-layout-horizontal-slider","15":"ast-product-tabs-layout-vertical","17":"first","18":"instock","19":"shipping-taxable","20":"product-type-simple"},"uagb_featured_image_src":{"full":["https:\/\/meterny.com\/wp-content\/uploads\/2024\/10\/\u90a6\u82f1-5.jpg",800,800,false],"thumbnail":["https:\/\/meterny.com\/wp-content\/uploads\/2024\/10\/\u90a6\u82f1-5-150x150.jpg",150,150,true],"medium":["https:\/\/meterny.com\/wp-content\/uploads\/2024\/10\/\u90a6\u82f1-5-300x300.jpg",300,300,true],"medium_large":["https:\/\/meterny.com\/wp-content\/uploads\/2024\/10\/\u90a6\u82f1-5-768x768.jpg",768,768,true],"large":["https:\/\/meterny.com\/wp-content\/uploads\/2024\/10\/\u90a6\u82f1-5.jpg",800,800,false],"1536x1536":["https:\/\/meterny.com\/wp-content\/uploads\/2024\/10\/\u90a6\u82f1-5.jpg",800,800,false],"2048x2048":["https:\/\/meterny.com\/wp-content\/uploads\/2024\/10\/\u90a6\u82f1-5.jpg",800,800,false],"trp-custom-language-flag":["https:\/\/meterny.com\/wp-content\/uploads\/2024\/10\/\u90a6\u82f1-5.jpg",12,12,false],"woocommerce_thumbnail":["https:\/\/meterny.com\/wp-content\/uploads\/2024\/10\/\u90a6\u82f1-5-300x300.jpg",300,300,true],"woocommerce_single":["https:\/\/meterny.com\/wp-content\/uploads\/2024\/10\/\u90a6\u82f1-5-600x600.jpg",600,600,true],"woocommerce_gallery_thumbnail":["https:\/\/meterny.com\/wp-content\/uploads\/2024\/10\/\u90a6\u82f1-5-100x100.jpg",100,100,true]},"uagb_author_info":{"display_name":"meterny","author_link":"https:\/\/meterny.com\/it\/author\/"},"uagb_comment_info":0,"uagb_excerpt":"Key Features: Waterproof and Weather-Resistant: Ideal for outdoor use in all climates. Eco-Friendly Materials: Sustainable and environmentally conscious. Customizable Length: Tailored to fit your garden's specific dimensions. Low Maintenance: Easy to clean and maintain, unlike traditional wood. Dual Surface Options: Choose between elegant wood grains or classic strips for a personalized look. Enhanced Stability: Reinforced&hellip;","_links":{"self":[{"href":"https:\/\/meterny.com\/it\/wp-json\/wp\/v2\/product\/20295","targetHints":{"allow":["GET"]}}],"collection":[{"href":"https:\/\/meterny.com\/it\/wp-json\/wp\/v2\/product"}],"about":[{"href":"https:\/\/meterny.com\/it\/wp-json\/wp\/v2\/types\/product"}],"replies":[{"embeddable":true,"href":"https:\/\/meterny.com\/it\/wp-json\/wp\/v2\/comments?post=20295"}],"wp:featuredmedia":[{"embeddable":true,"href":"https:\/\/meterny.com\/it\/wp-json\/wp\/v2\/media\/17490"}],"wp:attachment":[{"href":"https:\/\/meterny.com\/it\/wp-json\/wp\/v2\/media?parent=20295"}],"wp:term":[{"taxonomy":"product_brand","embeddable":true,"href":"https:\/\/meterny.com\/it\/wp-json\/wp\/v2\/product_brand?post=20295"},{"taxonomy":"product_cat","embeddable":true,"href":"https:\/\/meterny.com\/it\/wp-json\/wp\/v2\/product_cat?post=20295"},{"taxonomy":"product_tag","embeddable":true,"href":"https:\/\/meterny.com\/it\/wp-json\/wp\/v2\/product_tag?post=20295"}],"curies":[{"name":"wp","href":"https:\/\/api.w.org\/{rel}","templated":true}]}}