{"id":20296,"date":"2024-12-15T12:21:01","date_gmt":"2024-12-15T12:21:01","guid":{"rendered":"https:\/\/meterny.com\/?post_type=product&#038;p=20296"},"modified":"2025-01-18T09:08:29","modified_gmt":"2025-01-18T09:08:29","slug":"heavy-duty-wpc-fence-panel","status":"publish","type":"product","link":"https:\/\/meterny.com\/it\/prodotto\/heavy-duty-wpc-fence-panel\/","title":{"rendered":"Pannello di recinzione WPC resistente per la privacy e la sicurezza"},"content":{"rendered":"<div class=\"elementor-element elementor-element-c0e1d42 elementor-widget elementor-widget-heading\" data-id=\"c0e1d42\" data-element_type=\"widget\" data-widget_type=\"heading.default\"><\/div>\n<div class=\"elementor-element elementor-element-1f676da elementor-widget elementor-widget-heading\" data-id=\"1f676da\" data-element_type=\"widget\" data-widget_type=\"heading.default\">\n<h2 class=\"elementor-widget-container\" style=\"text-align: center;\">Pannello di recinzione WPC resistente per la privacy e la sicurezza<\/h2>\n<\/div>\n<p><strong>Modello<\/strong>: METE1800H1850<\/p>\n<p><strong>Tipo<\/strong>: Pannello di recinzione WPC per impieghi gravosi<\/p>\n<p><strong>Dimensione<\/strong>: Larghezza 1800 mm x altezza 1850 mm<\/p>\n<p><strong>Superficie<\/strong>: Due superfici: strisce e venature del legno<\/p>\n<p><strong>Colore<\/strong>9 opzioni di colore<\/p>\n<p><strong>Lunghezza<\/strong>: Personalizzato<\/p>\n<p><strong>Materiale<\/strong>: Composito di legno e plastica<\/p>\n<p><strong>Tecnologia del prodotto<\/strong>: Eco-estrusione<\/p>\n<p>Pannello di recinzione WPC per impieghi gravosi<\/p>\n<figure id=\"attachment_17491\" aria-describedby=\"caption-attachment-17491\" style=\"width: 1024px\" class=\"wp-caption alignnone\"><img loading=\"lazy\" decoding=\"async\" class=\"wp-image-17491\" src=\"https:\/\/meterny.com\/wp-content\/uploads\/2024\/10\/\u90a6\u82f1-6.jpg\" alt=\"Pannello di recinzione WPC resistente per la privacy e la sicurezza\" width=\"1024\" height=\"1024\" srcset=\"https:\/\/meterny.com\/wp-content\/uploads\/2024\/10\/\u90a6\u82f1-6.jpg 800w, https:\/\/meterny.com\/wp-content\/uploads\/2024\/10\/\u90a6\u82f1-6-300x300.jpg 300w, https:\/\/meterny.com\/wp-content\/uploads\/2024\/10\/\u90a6\u82f1-6-150x150.jpg 150w, https:\/\/meterny.com\/wp-content\/uploads\/2024\/10\/\u90a6\u82f1-6-768x768.jpg 768w, https:\/\/meterny.com\/wp-content\/uploads\/2024\/10\/\u90a6\u82f1-6-600x600.jpg 600w, https:\/\/meterny.com\/wp-content\/uploads\/2024\/10\/\u90a6\u82f1-6-100x100.jpg 100w\" sizes=\"auto, (max-width: 1024px) 100vw, 1024px\" \/><figcaption id=\"caption-attachment-17491\" class=\"wp-caption-text\">Durevole e sicuro: Pannelli di recinzione WPC per uso intensivo per ogni esigenza<\/figcaption><\/figure>\n<h3><strong>Panoramica del prodotto<\/strong><\/h3>\n<p id=\"\"><strong>Costruire una barriera robusta per la privacy e la sicurezza - Pannello di recinzione WPC per impieghi gravosi<\/strong><\/p>\n<p id=\"\">Alla ricerca di un ambiente domestico in grado di bilanciare estetica e praticit\u00e0, il nostro pannello di recinzione in WPC (Wood Plastic Composite) per impieghi gravosi si distingue come soluzione ideale per la recinzione esterna grazie alla sua eccezionale durata, all'ecocompatibilit\u00e0 e al design elegante. Specificamente progettato per migliorare la privacy e la sicurezza, questo pannello di recinzione non solo blocca efficacemente la vista esterna, ma fornisce anche una robusta protezione fisica, rendendo la vostra casa pi\u00f9 accogliente e sicura.<\/p>\n<h3><strong>Caratteristiche del prodotto<\/strong><\/h3>\n<h4>1. <strong>Ultra-durevolezza<\/strong><\/h4>\n<ul>\n<li><strong>Resistenza agli agenti atmosferici<\/strong>: Realizzato in materiale WPC avanzato, resiste efficacemente ai raggi UV, al vento, all'erosione della pioggia e ai cambiamenti di temperatura estremi, mantenendo il suo colore vivace e resistendo all'invecchiamento e alla deformazione nel tempo.<\/li>\n<li><strong>Resistenza agli urti<\/strong>: Con un design strutturale ad alta resistenza, pu\u00f2 resistere agli urti accidentali, salvaguardando la sicurezza della vostra famiglia.<\/li>\n<\/ul>\n<h4>2. <strong>Eco-compatibilit\u00e0 e salute<\/strong><\/h4>\n<ul>\n<li><strong>Non tossico e innocuo<\/strong>: Completamente privo di formaldeide e di altre sostanze nocive, \u00e8 sicuro ed ecologico e protegge la salute vostra e della vostra famiglia.<\/li>\n<li><strong>Riciclabile<\/strong>: Il materiale WPC favorisce il riciclaggio, riducendo l'impatto ambientale e allineandosi ai principi della vita verde.<\/li>\n<\/ul>\n<h4>3. <strong>Protezione della privacy<\/strong><\/h4>\n<ul>\n<li><strong>Disposizione stretta<\/strong>: Il design unico delle lamelle blocca efficacemente la vista dall'esterno, garantendo la privacy del vostro spazio esterno.<\/li>\n<li><strong>Estetica naturale<\/strong>: Imitando le venature del legno vero, garantisce la privacy senza rinunciare a un effetto visivo naturale e armonioso.<\/li>\n<\/ul>\n<h4>4. <strong>Installazione semplice<\/strong><\/h4>\n<ul>\n<li><strong>Struttura leggera<\/strong>: Rispetto al legno tradizionale, i pannelli di recinzione in WPC sono pi\u00f9 leggeri, facili da maneggiare e da installare.<\/li>\n<li><strong>Montaggio rapido<\/strong>: Fornito con guide dettagliate per l'installazione e gli accessori necessari, non richiede strumenti complessi per una facile installazione.<\/li>\n<\/ul>\n<h4>5. <strong>Bassa manutenzione<\/strong><\/h4>\n<ul>\n<li><strong>Non \u00e8 richiesta alcuna vernice<\/strong>: Pre-colorato e trattato per la resistenza alla corrosione, elimina la necessit\u00e0 di una regolare manutenzione di verniciatura, risparmiando tempo e costi.<\/li>\n<li><strong>Facile da pulire<\/strong>: La superficie liscia consente una facile pulizia solo con acqua, mantenendo un aspetto sempre nuovo.<\/li>\n<\/ul>\n<h3><strong>Specifiche del prodotto<\/strong><\/h3>\n<ul>\n<li><strong>Dimensione<\/strong>: Larghezza x altezza standard (personalizzabile in base alle esigenze del cliente)<\/li>\n<li><strong>Colore<\/strong>: Sono disponibili diversi colori di venature naturali del legno, come rovere, noce, ecc.<\/li>\n<li><strong>Spessore<\/strong>: Design migliorato con spessore di gran lunga superiore ai normali pannelli di recinzione<\/li>\n<li><strong>Peso<\/strong>: Leggero ma robusto per una facile installazione<\/li>\n<\/ul>\n<h3><strong>Scenari di applicazione<\/strong><\/h3>\n<ul>\n<li><strong>Cortili residenziali<\/strong>: Aggiungete un tocco di verde e sicurezza al vostro giardino privato.<\/li>\n<li><strong>Muri della villa<\/strong>: Migliorare l'estetica complessiva e la privacy della vostra villa.<\/li>\n<li><strong>Luoghi commerciali<\/strong>: Come alberghi, resort, creando un ambiente esterno elegante e sicuro.<\/li>\n<li><strong>Strutture pubbliche<\/strong>: Parchi, scuole e altri luoghi che necessitano di estetica e protezione.<\/li>\n<\/ul>\n<h3><strong>Guida all'acquisto<\/strong><\/h3>\n<ul>\n<li><strong>Servizio di personalizzazione<\/strong>: Offre una personalizzazione delle dimensioni e dei colori per soddisfare le vostre esigenze.<\/li>\n<li><strong>Spedizione e consegna<\/strong>: Consegna rapida in tutto il paese per garantire l'arrivo sicuro del prodotto.<\/li>\n<li><strong>Servizio post vendita<\/strong>: Un team di professionisti del servizio clienti fornisce consulenza pre-vendita e assistenza post-vendita per un'esperienza di acquisto senza problemi.<\/li>\n<\/ul>\n<h3><strong>Conclusione<\/strong><\/h3>\n<p id=\"\">Scegliere il nostro pannello di recinzione WPC per impieghi gravosi significa scegliere una soluzione bella e pratica per lo spazio esterno. Non solo migliora efficacemente la sicurezza abitativa e la protezione della privacy, ma aggiunge anche un tocco di natura e armonia alla vostra casa. Agite ora per dare un nuovo look al vostro spazio esterno!<\/p>\n<h3>Colore e superficie<\/h3>\n<p>Disponibile in nove colori diversi, il METE1800H1850 offre opzioni di design versatili per adattarsi a qualsiasi giardino o ambiente esterno. Scegliete tra due texture di superficie: le classiche strisce o le eleganti venature del legno, per completare perfettamente il vostro paesaggio. La lunghezza \u00e8 personalizzabile per adattarsi alle vostre esigenze specifiche, garantendo un'installazione su misura e senza soluzione di continuit\u00e0.<\/p>\n<h3>Se volete saperne di pi\u00f9, cliccate su questo link a youtube:<a href=\"https:\/\/youtu.be\/A_X4ZdlYfzc\" target=\"_blank\" rel=\"noopener\">https:\/\/youtu.be\/A_X4ZdlYfzc<\/a><\/h3>\n<p>&nbsp;<\/p>\n<h3>Galleria<\/h3>\n<figure id=\"attachment_17170\" aria-describedby=\"caption-attachment-17170\" style=\"width: 1024px\" class=\"wp-caption alignnone\"><img loading=\"lazy\" decoding=\"async\" class=\"wp-image-17170\" src=\"https:\/\/meterny.com\/wp-content\/uploads\/2024\/05\/14-4zhu.jpg\" alt=\"Recinzione in WPC per confini di propriet\u00e0\" width=\"1024\" height=\"1024\" srcset=\"https:\/\/meterny.com\/wp-content\/uploads\/2024\/05\/14-4zhu.jpg 800w, https:\/\/meterny.com\/wp-content\/uploads\/2024\/05\/14-4zhu-300x300.jpg 300w, https:\/\/meterny.com\/wp-content\/uploads\/2024\/05\/14-4zhu-150x150.jpg 150w, https:\/\/meterny.com\/wp-content\/uploads\/2024\/05\/14-4zhu-768x768.jpg 768w, https:\/\/meterny.com\/wp-content\/uploads\/2024\/05\/14-4zhu-600x600.jpg 600w, https:\/\/meterny.com\/wp-content\/uploads\/2024\/05\/14-4zhu-100x100.jpg 100w\" sizes=\"auto, (max-width: 1024px) 100vw, 1024px\" \/><figcaption id=\"caption-attachment-17170\" class=\"wp-caption-text\">Portate l'eleganza nel vostro cortile con una recinzione composita di alta qualit\u00e0<\/figcaption><\/figure>\n<figure id=\"attachment_17167\" aria-describedby=\"caption-attachment-17167\" style=\"width: 1024px\" class=\"wp-caption alignnone\"><img loading=\"lazy\" decoding=\"async\" class=\"wp-image-17167\" src=\"https:\/\/meterny.com\/wp-content\/uploads\/2024\/05\/7-2zhu.jpg\" alt=\"Recinzione in WPC a riduzione del rumore per le aree urbane\" width=\"1024\" height=\"1024\" srcset=\"https:\/\/meterny.com\/wp-content\/uploads\/2024\/05\/7-2zhu.jpg 800w, https:\/\/meterny.com\/wp-content\/uploads\/2024\/05\/7-2zhu-300x300.jpg 300w, https:\/\/meterny.com\/wp-content\/uploads\/2024\/05\/7-2zhu-150x150.jpg 150w, https:\/\/meterny.com\/wp-content\/uploads\/2024\/05\/7-2zhu-768x768.jpg 768w, https:\/\/meterny.com\/wp-content\/uploads\/2024\/05\/7-2zhu-600x600.jpg 600w, https:\/\/meterny.com\/wp-content\/uploads\/2024\/05\/7-2zhu-100x100.jpg 100w\" sizes=\"auto, (max-width: 1024px) 100vw, 1024px\" \/><figcaption id=\"caption-attachment-17167\" class=\"wp-caption-text\">Liberate la vostra creativit\u00e0 con i progetti di recinzione in WPC personalizzabili<\/figcaption><\/figure>\n<p>Scheda colori del pannello di recinzione WPC serie Meterny METE<\/p>\n<figure id=\"attachment_20293\" aria-describedby=\"caption-attachment-20293\" style=\"width: 1024px\" class=\"wp-caption alignnone\"><img loading=\"lazy\" decoding=\"async\" class=\"wp-image-20293\" src=\"https:\/\/meterny.com\/wp-content\/uploads\/2024\/10\/METE-Series-Colour-151.png\" alt=\"Opzioni di colore della recinzione WPC Meterny\" width=\"1024\" height=\"1024\" srcset=\"https:\/\/meterny.com\/wp-content\/uploads\/2024\/10\/METE-Series-Colour-151.png 900w, https:\/\/meterny.com\/wp-content\/uploads\/2024\/10\/METE-Series-Colour-151-300x300.png 300w, https:\/\/meterny.com\/wp-content\/uploads\/2024\/10\/METE-Series-Colour-151-150x150.png 150w, https:\/\/meterny.com\/wp-content\/uploads\/2024\/10\/METE-Series-Colour-151-768x768.png 768w, https:\/\/meterny.com\/wp-content\/uploads\/2024\/10\/METE-Series-Colour-151-600x600.png 600w, https:\/\/meterny.com\/wp-content\/uploads\/2024\/10\/METE-Series-Colour-151-100x100.png 100w\" sizes=\"auto, (max-width: 1024px) 100vw, 1024px\" \/><figcaption id=\"caption-attachment-20293\" class=\"wp-caption-text\">Esplora la recinzione in WPC Meterny - Nove splendide opzioni di colore per ogni stile<\/figcaption><\/figure>\n<p><strong>Recinzione da giardino in WPC<\/strong><\/p>\n<h3>Resistente e impermeabile<\/h3>\n<p>Realizzata con un'avanzata tecnologia di eco-estrusione, questa recinzione \u00e8 costruita per durare nel tempo. Le sue propriet\u00e0 impermeabili la rendono una scelta ideale per tutte le condizioni atmosferiche, garantendo longevit\u00e0 e manutenzione minima. I pilastri in alluminio forniscono una maggiore stabilit\u00e0, rendendola una soluzione di recinzione affidabile e robusta per qualsiasi giardino.<\/p>\n<p>Accessori per l'installazione<\/p>\n<figure id=\"attachment_17165\" aria-describedby=\"caption-attachment-17165\" style=\"width: 1024px\" class=\"wp-caption alignnone\"><img loading=\"lazy\" decoding=\"async\" class=\"wp-image-17165\" src=\"https:\/\/meterny.com\/wp-content\/uploads\/2024\/05\/Heef5f4fd9e2c4c9a9145a852eb0aedceQ-1.png\" alt=\"Accessori completi per l&#039;installazione di recinzioni in WPC\" width=\"1024\" height=\"1054\" srcset=\"https:\/\/meterny.com\/wp-content\/uploads\/2024\/05\/Heef5f4fd9e2c4c9a9145a852eb0aedceQ-1.png 923w, https:\/\/meterny.com\/wp-content\/uploads\/2024\/05\/Heef5f4fd9e2c4c9a9145a852eb0aedceQ-1-291x300.png 291w, https:\/\/meterny.com\/wp-content\/uploads\/2024\/05\/Heef5f4fd9e2c4c9a9145a852eb0aedceQ-1-768x790.png 768w, https:\/\/meterny.com\/wp-content\/uploads\/2024\/05\/Heef5f4fd9e2c4c9a9145a852eb0aedceQ-1-600x618.png 600w\" sizes=\"auto, (max-width: 1024px) 100vw, 1024px\" \/><figcaption id=\"caption-attachment-17165\" class=\"wp-caption-text\">Accessori per l'installazione di recinzioni WPC all-in-one per un montaggio senza sforzo<\/figcaption><\/figure>\n<h3>Perch\u00e9 scegliere il pannello di recinzione WPC per impieghi gravosi METE1800H1850?<\/h3>\n<p id=\"\">Dovreste scegliere il pannello di recinzione WPC per impieghi gravosi METE1800H1850 per diversi motivi. Ecco alcuni vantaggi chiave:<\/p>\n<h3>1.\u00a0<strong>Durata e resistenza<\/strong><\/h3>\n<ul>\n<li><strong>Resistenza agli agenti atmosferici<\/strong>: Il pannello di recinzione WPC per impieghi gravosi METE1800H1850 \u00e8 realizzato in materiale avanzato Wood Plastic Composite (WPC), altamente resistente agli agenti atmosferici quali raggi UV, vento, pioggia e sbalzi di temperatura. Ci\u00f2 garantisce che il pannello di recinzione mantenga la sua integrit\u00e0, il suo colore e il suo aspetto nel tempo.<\/li>\n<li><strong>Resistenza agli urti<\/strong>: Il design robusto del pannello di recinzione offre un'eccellente resistenza agli urti, rendendolo adatto alle aree in cui la durata \u00e8 una priorit\u00e0 assoluta.<\/li>\n<\/ul>\n<h3>2.\u00a0<strong>Ecocompatibilit\u00e0<\/strong><\/h3>\n<ul>\n<li><strong>Materiale sostenibile<\/strong>: Il materiale WPC \u00e8 composto da plastica riciclata e fibre di legno, il che lo rende una scelta ecologica.<\/li>\n<li><strong>Non tossico e sicuro<\/strong>: Il pannello di recinzione \u00e8 privo di formaldeide e di altre sostanze nocive, garantendo un ambiente di vita sano e sicuro.<\/li>\n<\/ul>\n<h3>3.\u00a0<strong>Privacy e sicurezza<\/strong><\/h3>\n<ul>\n<li><strong>Efficace barriera per la privacy<\/strong>: Il design unico del pannello di recinzione crea un'efficace barriera alla vista esterna, garantendo privacy e sicurezza allo spazio esterno.<\/li>\n<li><strong>Costruzione robusta<\/strong>: La struttura per impieghi gravosi aggiunge un ulteriore livello di sicurezza, scoraggiando l'accesso non autorizzato e migliorando la sicurezza generale della vostra propriet\u00e0.<\/li>\n<\/ul>\n<h3>4.\u00a0<strong>Facilit\u00e0 di installazione e manutenzione<\/strong><\/h3>\n<ul>\n<li><strong>Leggero e facile da maneggiare<\/strong>: Rispetto alle tradizionali recinzioni in legno, il pannello di recinzione WPC per impieghi gravosi METE1800H1850 \u00e8 pi\u00f9 leggero e facile da installare.<\/li>\n<li><strong>Installazione rapida e semplice<\/strong>: Il pannello di recinzione viene fornito con guide dettagliate per l'installazione e gli accessori necessari, che lo rendono facile da assemblare senza l'ausilio di strumenti complessi.<\/li>\n<li><strong>Bassa manutenzione<\/strong>: La superficie liscia del pannello di recinzione \u00e8 facile da pulire con acqua, risparmiando tempo e fatica per la manutenzione regolare.<\/li>\n<\/ul>\n<h3>5.\u00a0<strong>Estetica<\/strong><\/h3>\n<ul>\n<li><strong>Venatura del legno naturale<\/strong>: Il pannello di recinzione imita l'aspetto del legno vero, aggiungendo un'estetica naturale e armoniosa al vostro spazio esterno.<\/li>\n<li><strong>Opzioni personalizzabili<\/strong>: Il pannello di recinzione WPC per impieghi gravosi METE1800H1850 pu\u00f2 essere personalizzato in varie dimensioni e colori per soddisfare le vostre esigenze e preferenze.<\/li>\n<\/ul>\n<h3>6.\u00a0<strong>Costo-efficacia<\/strong><\/h3>\n<ul>\n<li><strong>Durata nel tempo<\/strong>: La durevolezza e la resistenza agli agenti atmosferici del pannello di recinzione ne garantiscono la durata per molti anni, riducendo la necessit\u00e0 di frequenti sostituzioni.<\/li>\n<li><strong>Rapporto qualit\u00e0\/prezzo<\/strong>: La combinazione di materiali di alta qualit\u00e0, prestazioni eccellenti e bassi costi di manutenzione rende il pannello di recinzione WPC per impieghi gravosi METE1800H1850 una scelta conveniente.<\/li>\n<\/ul>\n<p id=\"\">In conclusione, il pannello di recinzione WPC per impieghi gravosi METE1800H1850 \u00e8 una scelta eccellente per chi cerca una soluzione di recinzione durevole, ecologica, che favorisca la privacy e facile da installare. La sua combinazione di resistenza, estetica ed economicit\u00e0 lo rende un'opzione di spicco sul mercato.<\/p>","protected":false},"excerpt":{"rendered":"<h3>Caratteristiche principali:<\/h3>\n<p>Impermeabile e resistente alle intemperie: ideale per l'uso all'aperto in tutti i climi.<br \/>\nMateriali eco-compatibili: Sostenibili e attenti all'ambiente.<br \/>\nLunghezza personalizzabile: Adattabile alle dimensioni specifiche del vostro giardino.<br \/>\nBassa manutenzione: Facile da pulire e mantenere, a differenza del legno tradizionale.<br \/>\nOpzioni a doppia superficie: Scegliete tra le eleganti venature del legno o le classiche strisce per un look personalizzato.<br \/>\nMaggiore stabilit\u00e0: Rinforzato con pilastri in alluminio per una maggiore resistenza e sicurezza.<\/p>\n<h3>Applicazioni:<\/h3>\n<p>Perfetto per delimitare il giardino, per schermare la privacy e per soluzioni di recinzione decorative.<\/p>","protected":false},"featured_media":17491,"comment_status":"open","ping_status":"closed","template":"","meta":{"_uag_custom_page_level_css":"","site-sidebar-layout":"default","site-content-layout":"","ast-site-content-layout":"default","site-content-style":"default","site-sidebar-style":"default","ast-global-header-display":"","ast-banner-title-visibility":"","ast-main-header-display":"","ast-hfb-above-header-display":"","ast-hfb-below-header-display":"","ast-hfb-mobile-header-display":"","site-post-title":"","ast-breadcrumbs-content":"","ast-featured-img":"","footer-sml-layout":"","theme-transparent-header-meta":"default","adv-header-id-meta":"","stick-header-meta":"default","header-above-stick-meta":"","header-main-stick-meta":"","header-below-stick-meta":"","astra-migrate-meta-layouts":"set","ast-page-background-enabled":"default","ast-page-background-meta":{"desktop":{"background-color":"var(--ast-global-color-4)","background-image":"","background-repeat":"repeat","background-position":"center center","background-size":"auto","background-attachment":"scroll","background-type":"","background-media":"","overlay-type":"","overlay-color":"","overlay-opacity":"","overlay-gradient":""},"tablet":{"background-color":"","background-image":"","background-repeat":"repeat","background-position":"center center","background-size":"auto","background-attachment":"scroll","background-type":"","background-media":"","overlay-type":"","overlay-color":"","overlay-opacity":"","overlay-gradient":""},"mobile":{"background-color":"","background-image":"","background-repeat":"repeat","background-position":"center center","background-size":"auto","background-attachment":"scroll","background-type":"","background-media":"","overlay-type":"","overlay-color":"","overlay-opacity":"","overlay-gradient":""}},"ast-content-background-meta":{"desktop":{"background-color":"var(--ast-global-color-5)","background-image":"","background-repeat":"repeat","background-position":"center center","background-size":"auto","background-attachment":"scroll","background-type":"","background-media":"","overlay-type":"","overlay-color":"","overlay-opacity":"","overlay-gradient":""},"tablet":{"background-color":"var(--ast-global-color-5)","background-image":"","background-repeat":"repeat","background-position":"center center","background-size":"auto","background-attachment":"scroll","background-type":"","background-media":"","overlay-type":"","overlay-color":"","overlay-opacity":"","overlay-gradient":""},"mobile":{"background-color":"var(--ast-global-color-5)","background-image":"","background-repeat":"repeat","background-position":"center center","background-size":"auto","background-attachment":"scroll","background-type":"","background-media":"","overlay-type":"","overlay-color":"","overlay-opacity":"","overlay-gradient":""}}},"product_brand":[],"product_cat":[18],"product_tag":[186,187,188,185],"class_list":{"0":"post-20296","1":"product","2":"type-product","3":"status-publish","4":"has-post-thumbnail","6":"product_cat-uncategorized","7":"product_tag-aluminum-fence","8":"product_tag-exterior-fence","9":"product_tag-garden-fence","10":"product_tag-wpc-fence","11":"desktop-align-center","12":"tablet-align-left","13":"mobile-align-left","14":"ast-product-gallery-layout-horizontal-slider","15":"ast-product-tabs-layout-vertical","17":"first","18":"instock","19":"shipping-taxable","20":"product-type-simple"},"uagb_featured_image_src":{"full":["https:\/\/meterny.com\/wp-content\/uploads\/2024\/10\/\u90a6\u82f1-6.jpg",800,800,false],"thumbnail":["https:\/\/meterny.com\/wp-content\/uploads\/2024\/10\/\u90a6\u82f1-6-150x150.jpg",150,150,true],"medium":["https:\/\/meterny.com\/wp-content\/uploads\/2024\/10\/\u90a6\u82f1-6-300x300.jpg",300,300,true],"medium_large":["https:\/\/meterny.com\/wp-content\/uploads\/2024\/10\/\u90a6\u82f1-6-768x768.jpg",768,768,true],"large":["https:\/\/meterny.com\/wp-content\/uploads\/2024\/10\/\u90a6\u82f1-6.jpg",800,800,false],"1536x1536":["https:\/\/meterny.com\/wp-content\/uploads\/2024\/10\/\u90a6\u82f1-6.jpg",800,800,false],"2048x2048":["https:\/\/meterny.com\/wp-content\/uploads\/2024\/10\/\u90a6\u82f1-6.jpg",800,800,false],"trp-custom-language-flag":["https:\/\/meterny.com\/wp-content\/uploads\/2024\/10\/\u90a6\u82f1-6.jpg",12,12,false],"woocommerce_thumbnail":["https:\/\/meterny.com\/wp-content\/uploads\/2024\/10\/\u90a6\u82f1-6-300x300.jpg",300,300,true],"woocommerce_single":["https:\/\/meterny.com\/wp-content\/uploads\/2024\/10\/\u90a6\u82f1-6-600x600.jpg",600,600,true],"woocommerce_gallery_thumbnail":["https:\/\/meterny.com\/wp-content\/uploads\/2024\/10\/\u90a6\u82f1-6-100x100.jpg",100,100,true]},"uagb_author_info":{"display_name":"meterny","author_link":"https:\/\/meterny.com\/it\/author\/"},"uagb_comment_info":0,"uagb_excerpt":"Key Features: Waterproof and Weather-Resistant: Ideal for outdoor use in all climates. Eco-Friendly Materials: Sustainable and environmentally conscious. Customizable Length: Tailored to fit your garden's specific dimensions. Low Maintenance: Easy to clean and maintain, unlike traditional wood. Dual Surface Options: Choose between elegant wood grains or classic strips for a personalized look. Enhanced Stability: Reinforced&hellip;","_links":{"self":[{"href":"https:\/\/meterny.com\/it\/wp-json\/wp\/v2\/product\/20296","targetHints":{"allow":["GET"]}}],"collection":[{"href":"https:\/\/meterny.com\/it\/wp-json\/wp\/v2\/product"}],"about":[{"href":"https:\/\/meterny.com\/it\/wp-json\/wp\/v2\/types\/product"}],"replies":[{"embeddable":true,"href":"https:\/\/meterny.com\/it\/wp-json\/wp\/v2\/comments?post=20296"}],"wp:featuredmedia":[{"embeddable":true,"href":"https:\/\/meterny.com\/it\/wp-json\/wp\/v2\/media\/17491"}],"wp:attachment":[{"href":"https:\/\/meterny.com\/it\/wp-json\/wp\/v2\/media?parent=20296"}],"wp:term":[{"taxonomy":"product_brand","embeddable":true,"href":"https:\/\/meterny.com\/it\/wp-json\/wp\/v2\/product_brand?post=20296"},{"taxonomy":"product_cat","embeddable":true,"href":"https:\/\/meterny.com\/it\/wp-json\/wp\/v2\/product_cat?post=20296"},{"taxonomy":"product_tag","embeddable":true,"href":"https:\/\/meterny.com\/it\/wp-json\/wp\/v2\/product_tag?post=20296"}],"curies":[{"name":"wp","href":"https:\/\/api.w.org\/{rel}","templated":true}]}}