{"id":20305,"date":"2024-12-15T13:42:16","date_gmt":"2024-12-15T13:42:16","guid":{"rendered":"https:\/\/meterny.com\/?post_type=product&#038;p=20305"},"modified":"2025-01-18T09:27:23","modified_gmt":"2025-01-18T09:27:23","slug":"customized-wpc-flooring","status":"publish","type":"product","link":"https:\/\/meterny.com\/it\/prodotto\/customized-wpc-flooring\/","title":{"rendered":"Pavimenti WPC personalizzati per progetti outdoor di alto livello"},"content":{"rendered":"<div class=\"elementor-element elementor-element-c0e1d42 elementor-widget elementor-widget-heading\" data-id=\"c0e1d42\" data-element_type=\"widget\" data-widget_type=\"heading.default\">\n<div class=\"elementor-widget-container\">\n<h2 class=\"elementor-heading-title elementor-size-default\" style=\"text-align: center;\">Pavimentazione WPC su misura per progetti all'aperto di alto livello Specifiche<\/h2>\n<\/div>\n<\/div>\n<div class=\"elementor-element elementor-element-1f676da elementor-widget elementor-widget-heading\" data-id=\"1f676da\" data-element_type=\"widget\" data-widget_type=\"heading.default\">\n<h3><strong>Panoramica<\/strong><\/h3>\n<p id=\"\">Elevate i vostri spazi esterni con i pavimenti in WPC personalizzati, progettati specificamente per progetti outdoor di alto livello. Combinando la bellezza naturale del legno con la durata e la resistenza agli agenti atmosferici della plastica, i nostri pavimenti personalizzati in WPC offrono una soluzione lussuosa e sostenibile per le vostre esigenze esterne.<\/p>\n<div class=\"elementor-element elementor-element-1f676da elementor-widget elementor-widget-heading\" data-id=\"1f676da\" data-element_type=\"widget\" data-widget_type=\"heading.default\">\n<p><strong>Modello<\/strong>: METE140H25<br \/>\n<strong>Tipo<\/strong>: WPC Decking\/pavimento<br \/>\n<strong>Dimensione<\/strong>: 140\u00d725 mm<\/p>\n<p><strong>Superficie<\/strong>: Grani diritti<br \/>\n<strong>Lunghezza<\/strong>2,9 m o su misura<br \/>\n<strong>Materiale<\/strong>: Composito di legno e plastica<br \/>\n<strong>Tecnologia del prodotto<\/strong>: Eco-estrusione<\/p>\n<\/div>\n<figure id=\"attachment_17415\" aria-describedby=\"caption-attachment-17415\" style=\"width: 1024px\" class=\"wp-caption alignnone\"><img loading=\"lazy\" decoding=\"async\" class=\"wp-image-17415\" src=\"https:\/\/meterny.com\/wp-content\/uploads\/2024\/10\/Teak.png\" alt=\"Pavimenti WPC personalizzati per progetti outdoor di alto livello\" width=\"1024\" height=\"1024\" srcset=\"https:\/\/meterny.com\/wp-content\/uploads\/2024\/10\/Teak.png 800w, https:\/\/meterny.com\/wp-content\/uploads\/2024\/10\/Teak-300x300.png 300w, https:\/\/meterny.com\/wp-content\/uploads\/2024\/10\/Teak-150x150.png 150w, https:\/\/meterny.com\/wp-content\/uploads\/2024\/10\/Teak-768x768.png 768w, https:\/\/meterny.com\/wp-content\/uploads\/2024\/10\/Teak-600x600.png 600w, https:\/\/meterny.com\/wp-content\/uploads\/2024\/10\/Teak-100x100.png 100w\" sizes=\"auto, (max-width: 1024px) 100vw, 1024px\" \/><figcaption id=\"caption-attachment-17415\" class=\"wp-caption-text\">Pavimenti WPC personalizzati: Progettato per spazi esterni di alto livello.<\/figcaption><\/figure>\n<hr \/>\n<p id=\"\"><strong>Caratteristiche principali<\/strong><\/p>\n<ol>\n<li><strong>Opzioni di design personalizzabili<\/strong>:\n<ul>\n<li>Scegliete tra un'ampia gamma di colori, texture e finiture che si adattano al vostro stile e al vostro arredamento.<\/li>\n<li>Personalizzate il vostro pavimento con motivi personalizzati, loghi o altri elementi di design per creare un look davvero unico.<\/li>\n<\/ul>\n<\/li>\n<li><strong>Durata e resistenza agli agenti atmosferici<\/strong>:\n<ul>\n<li>Progettato per resistere a condizioni climatiche estreme, tra cui caldo, freddo, pioggia e neve.<\/li>\n<li>Resistente allo sbiadimento, alle crepe e alle deformazioni, garantisce prestazioni e bellezza di lunga durata.<\/li>\n<\/ul>\n<\/li>\n<li><strong>Resistenza a graffi e macchie<\/strong>:\n<ul>\n<li>Uno speciale strato antiusura aumenta la resistenza ai graffi, proteggendo il pavimento dall'usura quotidiana.<\/li>\n<li>Facile da pulire e da mantenere, resistente alle macchie e ad altre forme di danneggiamento della superficie.<\/li>\n<\/ul>\n<\/li>\n<li><strong>Ecologico e sostenibile<\/strong>:\n<ul>\n<li>Realizzato con materiali riciclati, tra cui fibre di legno e rifiuti plastici, per ridurre l'impatto ambientale.<\/li>\n<li>Sostiene le pratiche forestali sostenibili e riduce gli sprechi nel processo di produzione.<\/li>\n<\/ul>\n<\/li>\n<li><strong>Facile installazione e manutenzione<\/strong>:\n<ul>\n<li>Progettato con un sistema di bloccaggio per una facile installazione, senza bisogno di colla o chiodi.<\/li>\n<li>Semplici da pulire e da manutenere, richiedono uno sforzo minimo per mantenere i pavimenti al meglio.<\/li>\n<\/ul>\n<\/li>\n<\/ol>\n<hr \/>\n<p id=\"\"><strong>Opzioni di personalizzazione<\/strong><\/p>\n<ul>\n<li><strong>Dimensioni e forma<\/strong>: Personalizzate le dimensioni e la forma del vostro pavimento in WPC per adattarlo a qualsiasi spazio, che si tratti di un piccolo patio o di una grande terrazza all'aperto.<\/li>\n<li><strong>Colore e struttura<\/strong>: Scegliete tra una variet\u00e0 di colori e texture per abbinare l'arredamento esistente o per creare un nuovo look che si adatti ai vostri gusti.<\/li>\n<li><strong>Modelli e design<\/strong>: Aggiungete motivi personalizzati, loghi o altri elementi di design per personalizzare il vostro pavimento e renderlo davvero unico.<\/li>\n<li><strong>Miglioramenti delle prestazioni<\/strong>: Scegliete caratteristiche aggiuntive come la resistenza ai raggi UV, le propriet\u00e0 antiscivolo o l'assorbimento acustico per migliorare le prestazioni del vostro pavimento in WPC.<\/li>\n<\/ul>\n<hr \/>\n<p id=\"\"><strong>Applicazioni<\/strong><\/p>\n<ul>\n<li>Terrazze e patii esterni<\/li>\n<li>Circondano le piscine e le case sulla spiaggia<\/li>\n<li>Giardini e aree paesaggistiche<\/li>\n<li>Spazi esterni commerciali, come ristoranti e alberghi<\/li>\n<\/ul>\n<hr \/>\n<h3>Se volete saperne di pi\u00f9, cliccate su questo link a youtube:<a href=\"https:\/\/youtu.be\/wB89vlDIY9o\" target=\"_blank\" rel=\"noopener\">https:\/\/youtu.be\/wB89vlDIY9o<\/a><\/h3>\n<p>&nbsp;<\/p>\n<h3><strong>Galleria<\/strong><\/h3>\n<figure id=\"attachment_17413\" aria-describedby=\"caption-attachment-17413\" style=\"width: 1024px\" class=\"wp-caption alignnone\"><img loading=\"lazy\" decoding=\"async\" class=\"wp-image-17413\" src=\"https:\/\/meterny.com\/wp-content\/uploads\/2024\/10\/1-9.jpg\" alt=\"Pavimentazione WPC impermeabile per ponti all&#039;aperto\" width=\"1024\" height=\"1024\" srcset=\"https:\/\/meterny.com\/wp-content\/uploads\/2024\/10\/1-9.jpg 464w, https:\/\/meterny.com\/wp-content\/uploads\/2024\/10\/1-9-300x300.jpg 300w, https:\/\/meterny.com\/wp-content\/uploads\/2024\/10\/1-9-150x150.jpg 150w, https:\/\/meterny.com\/wp-content\/uploads\/2024\/10\/1-9-100x100.jpg 100w\" sizes=\"auto, (max-width: 1024px) 100vw, 1024px\" \/><figcaption id=\"caption-attachment-17413\" class=\"wp-caption-text\">Elevate il vostro spazio all'aperto con una pavimentazione impermeabile e duratura in WPC<\/figcaption><\/figure>\n<figure id=\"attachment_17392\" aria-describedby=\"caption-attachment-17392\" style=\"width: 1024px\" class=\"wp-caption alignnone\"><img loading=\"lazy\" decoding=\"async\" class=\"wp-image-17392\" src=\"https:\/\/meterny.com\/wp-content\/uploads\/2024\/03\/1-3.jpg\" alt=\"Pannelli di pavimentazione in Wpc a grana di legno\" width=\"1024\" height=\"1024\" srcset=\"https:\/\/meterny.com\/wp-content\/uploads\/2024\/03\/1-3.jpg 800w, https:\/\/meterny.com\/wp-content\/uploads\/2024\/03\/1-3-300x300.jpg 300w, https:\/\/meterny.com\/wp-content\/uploads\/2024\/03\/1-3-150x150.jpg 150w, https:\/\/meterny.com\/wp-content\/uploads\/2024\/03\/1-3-768x768.jpg 768w, https:\/\/meterny.com\/wp-content\/uploads\/2024\/03\/1-3-600x600.jpg 600w, https:\/\/meterny.com\/wp-content\/uploads\/2024\/03\/1-3-100x100.jpg 100w\" sizes=\"auto, (max-width: 1024px) 100vw, 1024px\" \/><figcaption id=\"caption-attachment-17392\" class=\"wp-caption-text\">Pavimenti WPC color teak: L'eleganza senza tempo del legno con la moderna resistenza.<\/figcaption><\/figure>\n<\/div>\n<div class=\"elementor-element elementor-element-1f676da elementor-widget elementor-widget-heading\" data-id=\"1f676da\" data-element_type=\"widget\" data-widget_type=\"heading.default\">\n<h3 style=\"text-align: left;\"><strong>Descrizione<\/strong><\/h3>\n<p id=\"\"><strong>Descrizione breve: Pavimenti WPC personalizzati per progetti esterni di alto livello<\/strong><\/p>\n<p id=\"\">Elevate i vostri spazi esterni con i nostri pavimenti in WPC (Wood Plastic Composite) di alta qualit\u00e0 e personalizzabili. Progettati appositamente per progetti esterni di alto livello, i nostri pavimenti combinano la bellezza naturale del legno con la durata e la resistenza agli agenti atmosferici della plastica. Scegliete tra un'ampia gamma di colori, texture e finiture che si adattano al vostro stile unico e godete dei vantaggi ecologici dei materiali riciclati. Facili da installare e da mantenere, i nostri pavimenti personalizzati in WPC sono perfetti per terrazze esterne, patii, bordi di piscine e altro ancora.<\/p>\n<p>Meterny Scheda colori per pavimenti in WPC della serie METE<\/p>\n<figure id=\"attachment_20293\" aria-describedby=\"caption-attachment-20293\" style=\"width: 1024px\" class=\"wp-caption alignnone\"><img loading=\"lazy\" decoding=\"async\" class=\"wp-image-20293\" src=\"https:\/\/meterny.com\/wp-content\/uploads\/2024\/10\/METE-Series-Colour-151.png\" alt=\"Opzioni di colore della recinzione WPC Meterny\" width=\"1024\" height=\"1024\" srcset=\"https:\/\/meterny.com\/wp-content\/uploads\/2024\/10\/METE-Series-Colour-151.png 900w, https:\/\/meterny.com\/wp-content\/uploads\/2024\/10\/METE-Series-Colour-151-300x300.png 300w, https:\/\/meterny.com\/wp-content\/uploads\/2024\/10\/METE-Series-Colour-151-150x150.png 150w, https:\/\/meterny.com\/wp-content\/uploads\/2024\/10\/METE-Series-Colour-151-768x768.png 768w, https:\/\/meterny.com\/wp-content\/uploads\/2024\/10\/METE-Series-Colour-151-600x600.png 600w, https:\/\/meterny.com\/wp-content\/uploads\/2024\/10\/METE-Series-Colour-151-100x100.png 100w\" sizes=\"auto, (max-width: 1024px) 100vw, 1024px\" \/><figcaption id=\"caption-attachment-20293\" class=\"wp-caption-text\">Esplora il pavimento WPC Meterny - Nove splendide opzioni di colore per ogni stile<\/figcaption><\/figure>\n<h3>Perch\u00e9 scegliere una pavimentazione WPC personalizzata per progetti outdoor di alto livello?<\/h3>\n<p id=\"\">La scelta di una pavimentazione personalizzata in WPC (Wood Plastic Composite) per progetti esterni di alto livello offre diversi vantaggi convincenti:<\/p>\n<ol>\n<li>\n<p id=\"\"><strong>Durata e resistenza agli agenti atmosferici<\/strong>: I pavimenti in WPC sono progettati per resistere a condizioni climatiche estreme, tra cui caldo, freddo, pioggia e neve. Questo garantisce che gli spazi esterni rimangano belli e funzionali indipendentemente dalla stagione.<\/p>\n<\/li>\n<li>\n<p id=\"\"><strong>Opzioni di design personalizzabili<\/strong>: Con i pavimenti in WPC personalizzati, \u00e8 possibile scegliere tra un'ampia gamma di colori, texture e finiture che si adattano al proprio stile e arredamento. In questo modo \u00e8 possibile creare uno spazio esterno davvero personalizzato che rispecchi la vostra personalit\u00e0 e i vostri gusti.<\/p>\n<\/li>\n<li>\n<p id=\"\"><strong>Resistenza a graffi e macchie<\/strong>: I pavimenti in WPC sono resistenti ai graffi, alle macchie e ad altre forme di danni superficiali. Ci\u00f2 significa che i vostri pavimenti per esterni manterranno il loro aspetto migliore anche con l'uso e l'usura quotidiani.<\/p>\n<\/li>\n<li>\n<p id=\"\"><strong>Ecologico e sostenibile<\/strong>: I pavimenti WPC personalizzati sono realizzati con materiali riciclati, tra cui fibre di legno e rifiuti plastici. Questo riduce l'impatto ambientale e sostiene le pratiche forestali sostenibili, rendendolo una scelta eco-consapevole per i progetti esterni di alto livello.<\/p>\n<\/li>\n<li>\n<p id=\"\"><strong>Facile installazione e manutenzione<\/strong>: La nostra pavimentazione WPC personalizzata \u00e8 progettata con un sistema di bloccaggio per una facile installazione, che non richiede colla o chiodi. Questo lo rende un'opzione comoda e conveniente per progetti esterni di alto livello. Inoltre, i pavimenti in WPC sono facili da pulire e mantenere, risparmiando tempo e fatica.<\/p>\n<\/li>\n<li>\n<p id=\"\"><strong>Caratteristiche di prestazione migliorate<\/strong>: In base alle vostre esigenze specifiche, potete optare per ulteriori miglioramenti delle prestazioni, come la resistenza ai raggi UV, le propriet\u00e0 antiscivolo o l'assorbimento acustico. Queste caratteristiche possono migliorare ulteriormente la funzionalit\u00e0 e il fascino degli spazi esterni.<\/p>\n<\/li>\n<\/ol>\n<p id=\"\">In sintesi, i pavimenti personalizzati in WPC offrono una combinazione di durata, flessibilit\u00e0 progettuale, ecocompatibilit\u00e0 e facilit\u00e0 di installazione e manutenzione che li rende una scelta ideale per progetti esterni di alto livello.<\/p>\n<\/div>","protected":false},"excerpt":{"rendered":"<p>Pavimenti WPC personalizzati per progetti outdoor di alto livello Panoramica delle specifiche Elevate i vostri spazi esterni con i pavimenti WPC personalizzati, progettati specificamente per [...]<\/p>","protected":false},"featured_media":17415,"comment_status":"open","ping_status":"closed","template":"","meta":{"_uag_custom_page_level_css":"","site-sidebar-layout":"default","site-content-layout":"","ast-site-content-layout":"default","site-content-style":"default","site-sidebar-style":"default","ast-global-header-display":"","ast-banner-title-visibility":"","ast-main-header-display":"","ast-hfb-above-header-display":"","ast-hfb-below-header-display":"","ast-hfb-mobile-header-display":"","site-post-title":"","ast-breadcrumbs-content":"","ast-featured-img":"","footer-sml-layout":"","theme-transparent-header-meta":"default","adv-header-id-meta":"","stick-header-meta":"default","header-above-stick-meta":"","header-main-stick-meta":"","header-below-stick-meta":"","astra-migrate-meta-layouts":"set","ast-page-background-enabled":"default","ast-page-background-meta":{"desktop":{"background-color":"var(--ast-global-color-4)","background-image":"","background-repeat":"repeat","background-position":"center center","background-size":"auto","background-attachment":"scroll","background-type":"","background-media":"","overlay-type":"","overlay-color":"","overlay-opacity":"","overlay-gradient":""},"tablet":{"background-color":"","background-image":"","background-repeat":"repeat","background-position":"center center","background-size":"auto","background-attachment":"scroll","background-type":"","background-media":"","overlay-type":"","overlay-color":"","overlay-opacity":"","overlay-gradient":""},"mobile":{"background-color":"","background-image":"","background-repeat":"repeat","background-position":"center center","background-size":"auto","background-attachment":"scroll","background-type":"","background-media":"","overlay-type":"","overlay-color":"","overlay-opacity":"","overlay-gradient":""}},"ast-content-background-meta":{"desktop":{"background-color":"var(--ast-global-color-5)","background-image":"","background-repeat":"repeat","background-position":"center center","background-size":"auto","background-attachment":"scroll","background-type":"","background-media":"","overlay-type":"","overlay-color":"","overlay-opacity":"","overlay-gradient":""},"tablet":{"background-color":"var(--ast-global-color-5)","background-image":"","background-repeat":"repeat","background-position":"center center","background-size":"auto","background-attachment":"scroll","background-type":"","background-media":"","overlay-type":"","overlay-color":"","overlay-opacity":"","overlay-gradient":""},"mobile":{"background-color":"var(--ast-global-color-5)","background-image":"","background-repeat":"repeat","background-position":"center center","background-size":"auto","background-attachment":"scroll","background-type":"","background-media":"","overlay-type":"","overlay-color":"","overlay-opacity":"","overlay-gradient":""}}},"product_brand":[],"product_cat":[18],"product_tag":[182,181],"class_list":{"0":"post-20305","1":"product","2":"type-product","3":"status-publish","4":"has-post-thumbnail","6":"product_cat-uncategorized","7":"product_tag-wpc-decking","8":"product_tag-wpc-flooring","9":"desktop-align-center","10":"tablet-align-left","11":"mobile-align-left","12":"ast-product-gallery-layout-horizontal-slider","13":"ast-product-tabs-layout-vertical","15":"first","16":"instock","17":"featured","18":"shipping-taxable","19":"product-type-simple"},"uagb_featured_image_src":{"full":["https:\/\/meterny.com\/wp-content\/uploads\/2024\/10\/Teak.png",800,800,false],"thumbnail":["https:\/\/meterny.com\/wp-content\/uploads\/2024\/10\/Teak-150x150.png",150,150,true],"medium":["https:\/\/meterny.com\/wp-content\/uploads\/2024\/10\/Teak-300x300.png",300,300,true],"medium_large":["https:\/\/meterny.com\/wp-content\/uploads\/2024\/10\/Teak-768x768.png",768,768,true],"large":["https:\/\/meterny.com\/wp-content\/uploads\/2024\/10\/Teak.png",800,800,false],"1536x1536":["https:\/\/meterny.com\/wp-content\/uploads\/2024\/10\/Teak.png",800,800,false],"2048x2048":["https:\/\/meterny.com\/wp-content\/uploads\/2024\/10\/Teak.png",800,800,false],"trp-custom-language-flag":["https:\/\/meterny.com\/wp-content\/uploads\/2024\/10\/Teak.png",12,12,false],"woocommerce_thumbnail":["https:\/\/meterny.com\/wp-content\/uploads\/2024\/10\/Teak-300x300.png",300,300,true],"woocommerce_single":["https:\/\/meterny.com\/wp-content\/uploads\/2024\/10\/Teak-600x600.png",600,600,true],"woocommerce_gallery_thumbnail":["https:\/\/meterny.com\/wp-content\/uploads\/2024\/10\/Teak-100x100.png",100,100,true]},"uagb_author_info":{"display_name":"meterny","author_link":"https:\/\/meterny.com\/it\/author\/"},"uagb_comment_info":0,"uagb_excerpt":"Customized WPC Flooring for High-End Outdoor Projects Specification Overview Elevate your\u00a0outdoor living spaces with Customized WPC Flooring, designed specifically for [&hellip;]","_links":{"self":[{"href":"https:\/\/meterny.com\/it\/wp-json\/wp\/v2\/product\/20305","targetHints":{"allow":["GET"]}}],"collection":[{"href":"https:\/\/meterny.com\/it\/wp-json\/wp\/v2\/product"}],"about":[{"href":"https:\/\/meterny.com\/it\/wp-json\/wp\/v2\/types\/product"}],"replies":[{"embeddable":true,"href":"https:\/\/meterny.com\/it\/wp-json\/wp\/v2\/comments?post=20305"}],"wp:featuredmedia":[{"embeddable":true,"href":"https:\/\/meterny.com\/it\/wp-json\/wp\/v2\/media\/17415"}],"wp:attachment":[{"href":"https:\/\/meterny.com\/it\/wp-json\/wp\/v2\/media?parent=20305"}],"wp:term":[{"taxonomy":"product_brand","embeddable":true,"href":"https:\/\/meterny.com\/it\/wp-json\/wp\/v2\/product_brand?post=20305"},{"taxonomy":"product_cat","embeddable":true,"href":"https:\/\/meterny.com\/it\/wp-json\/wp\/v2\/product_cat?post=20305"},{"taxonomy":"product_tag","embeddable":true,"href":"https:\/\/meterny.com\/it\/wp-json\/wp\/v2\/product_tag?post=20305"}],"curies":[{"name":"wp","href":"https:\/\/api.w.org\/{rel}","templated":true}]}}