{"id":20306,"date":"2024-12-15T13:47:05","date_gmt":"2024-12-15T13:47:05","guid":{"rendered":"https:\/\/meterny.com\/?post_type=product&#038;p=20306"},"modified":"2025-01-18T09:25:55","modified_gmt":"2025-01-18T09:25:55","slug":"scratch-resistant-wpc-flooring","status":"publish","type":"product","link":"https:\/\/meterny.com\/it\/prodotto\/scratch-resistant-wpc-flooring\/","title":{"rendered":"Pavimentazione WPC resistente ai graffi per aree umide"},"content":{"rendered":"<div class=\"elementor-element elementor-element-c0e1d42 elementor-widget elementor-widget-heading\" data-id=\"c0e1d42\" data-element_type=\"widget\" data-widget_type=\"heading.default\">\n<div class=\"elementor-widget-container\">\n<h2 class=\"elementor-heading-title elementor-size-default\" style=\"text-align: center;\">Pavimenti in WPC resistenti ai graffi per aree umide<\/h2>\n<\/div>\n<\/div>\n<div class=\"elementor-element elementor-element-1f676da elementor-widget elementor-widget-heading\" data-id=\"1f676da\" data-element_type=\"widget\" data-widget_type=\"heading.default\">\n<h2 class=\"elementor-widget-container\" style=\"text-align: center;\">Specifiche<\/h2>\n<h4>Panoramica del prodotto<\/h4>\n<p id=\"\">Il pavimento WPC (Wood Plastic Composite) antigraffio \u00e8 un nuovo tipo di pavimentazione ecologica che combina i vantaggi del legno e della plastica. Progettato specificamente per i consumatori che danno priorit\u00e0 alla resistenza all'usura, all'impermeabilit\u00e0, alla facilit\u00e0 di installazione e al rispetto dell'ambiente, questo prodotto utilizza una tecnologia di lavorazione avanzata e uno speciale strato di usura trasparente sulla superficie per garantire un'eccezionale resistenza ai graffi, mantenendo al contempo l'estetica e la praticit\u00e0.<\/p>\n<p><strong>Modello<\/strong>: METE140H25<br \/>\n<strong>Tipo<\/strong>: WPC Decking\/pavimento<br \/>\n<strong>Dimensione<\/strong>: 140\u00d725 mm<\/p>\n<p><strong>Superficie<\/strong>: Grani diritti<br \/>\n<strong>Lunghezza<\/strong>2,9 m o su misura<br \/>\n<strong>Materiale<\/strong>: Composito di legno e plastica<br \/>\n<strong>Tecnologia del prodotto<\/strong>: Eco-estrusione<\/p>\n<p><img loading=\"lazy\" decoding=\"async\" class=\"alignnone wp-image-17412\" src=\"https:\/\/meterny.com\/wp-content\/uploads\/2024\/10\/1-1-1.jpg\" alt=\"Pavimenti in WPC resistenti ai graffi per aree umide\" width=\"1024\" height=\"1024\" srcset=\"https:\/\/meterny.com\/wp-content\/uploads\/2024\/10\/1-1-1.jpg 800w, https:\/\/meterny.com\/wp-content\/uploads\/2024\/10\/1-1-1-300x300.jpg 300w, https:\/\/meterny.com\/wp-content\/uploads\/2024\/10\/1-1-1-150x150.jpg 150w, https:\/\/meterny.com\/wp-content\/uploads\/2024\/10\/1-1-1-768x768.jpg 768w, https:\/\/meterny.com\/wp-content\/uploads\/2024\/10\/1-1-1-600x600.jpg 600w, https:\/\/meterny.com\/wp-content\/uploads\/2024\/10\/1-1-1-100x100.jpg 100w\" sizes=\"auto, (max-width: 1024px) 100vw, 1024px\" \/><\/p>\n<h4>Caratteristiche del prodotto<\/h4>\n<ol>\n<li><strong>Resistenza ai graffi<\/strong>:\n<ul>\n<li>Lo strato di usura appositamente trattato sulla superficie vanta una resistenza all'usura fino a 25.000 giri, superando di gran lunga gli 8.000 giri dei normali pavimenti in laminato.<\/li>\n<li>A seconda dello spessore dello strato di usura, il pavimento pu\u00f2 durare 10-20 anni in condizioni di utilizzo normale, prolungando notevolmente la sua durata.<\/li>\n<\/ul>\n<\/li>\n<li><strong>Impermeabile e resistente all'umidit\u00e0<\/strong>:\n<ul>\n<li>Realizzato principalmente con resina vinilica, non ha alcuna affinit\u00e0 con l'acqua, risolvendo in modo fondamentale il problema dei prodotti in legno che marciscono e si gonfiano quando sono esposti all'acqua.<\/li>\n<li>Adatto per cucine, balconi e altri ambienti umidi, mantiene il pavimento asciutto e rinfrescato.<\/li>\n<\/ul>\n<\/li>\n<li><strong>Installazione semplice<\/strong>:\n<ul>\n<li>Il sistema di bloccaggio non richiede colla o chiodi, rendendo l'installazione rapida e comoda.<\/li>\n<li>Risparmia tempo e costi di installazione, ideale per gli amanti del fai-da-te.<\/li>\n<\/ul>\n<\/li>\n<li><strong>Ecologico e salutare<\/strong>:\n<ul>\n<li>Prodotto con cloruro di polivinile, una risorsa rinnovabile ed ecologica.<\/li>\n<li>Privo di formaldeide, piombo e altre sostanze nocive, crea un ambiente di vita sano e sicuro.<\/li>\n<\/ul>\n<\/li>\n<li><strong>Sensazione di comfort per il piede<\/strong>:\n<ul>\n<li>Consistenza morbida e buona elasticit\u00e0, con un eccellente recupero elastico in caso di forti impatti.<\/li>\n<li>Conosciuto come \"l'oro morbido dei materiali per pavimenti\", offre una piacevole esperienza di camminata.<\/li>\n<\/ul>\n<\/li>\n<li><strong>Variet\u00e0 di design<\/strong>:\n<ul>\n<li>Offre una gamma di colori e modelli, tra cui texture di tappeti, texture di pietra e texture di pavimenti in legno.<\/li>\n<li>Opzioni personalizzabili per soddisfare diversi stili di decorazione.<\/li>\n<\/ul>\n<\/li>\n<li><strong>Resistente al fuoco<\/strong>:\n<ul>\n<li>Classificazione antincendio B1, seconda solo ai materiali lapidei, autoestinguente in caso di incendio, non produce gas tossici.<\/li>\n<\/ul>\n<\/li>\n<\/ol>\n<h4>Specifiche del prodotto<\/h4>\n<ul>\n<li><strong>Spessore<\/strong>: Sono disponibili diverse specifiche, come 5 mm, 8 mm, ecc.<\/li>\n<li><strong>Larghezza<\/strong>: In genere 48 pollici (circa 122 cm).<\/li>\n<li><strong>Lunghezza<\/strong>: Varia da 7 pollici a 48 pollici (da 17,8 cm a 122 cm circa).<\/li>\n<li><strong>Area<\/strong>: La copertura per pezzo varia in base alle specifiche, ad esempio 28,84 piedi quadrati (circa 2,68 metri quadrati).<\/li>\n<\/ul>\n<h4>Scenari di applicazione<\/h4>\n<ul>\n<li>Residenziale: Soggiorni, camere da letto, cucine, balconi, ecc.<\/li>\n<li>Spazi commerciali: Uffici, negozi, ristoranti, ecc.<\/li>\n<li>Strutture pubbliche: Biblioteche, ospedali, scuole, ecc.<\/li>\n<\/ul>\n<h4>Guida all'installazione<\/h4>\n<ul>\n<li>Assicurarsi che il terreno sia piatto, asciutto e privo di macchie d'olio.<\/li>\n<li>Utilizzare il sistema di bloccaggio per collegare tra loro i pezzi del pavimento.<\/li>\n<li>Non sono necessari n\u00e9 colla n\u00e9 chiodi; durante la posa, assicurarsi che gli spazi tra i pezzi del pavimento siano uniformi.<\/li>\n<\/ul>\n<\/div>\n<div class=\"elementor-element elementor-element-1f676da elementor-widget elementor-widget-heading\" data-id=\"1f676da\" data-element_type=\"widget\" data-widget_type=\"heading.default\">\n<h3 style=\"text-align: left;\"><strong>Descrizione<\/strong><\/h3>\n<p style=\"text-align: left;\">Il pavimento in WPC antigraffio \u00e8 un'opzione di pavimentazione durevole ed elegante che combina la bellezza naturale del legno con la forza e la resistenza agli agenti atmosferici della plastica. \u00c8 dotato di uno speciale strato di usura che migliora la resistenza ai graffi, rendendolo ideale per le aree ad alto traffico. Facile da installare e da mantenere, questo pavimento ecologico offre un'ampia gamma di opzioni di design per adattarsi a qualsiasi arredamento.<\/p>\n<h3>Se volete saperne di pi\u00f9, cliccate su questo link a youtube:<a href=\"https:\/\/youtu.be\/yQvN4lv4Rr4\" target=\"_blank\" rel=\"noopener\">https:\/\/youtu.be\/yQvN4lv4Rr4<\/a><\/h3>\n<p>&nbsp;<\/p>\n<h3>Galleria<\/h3>\n<figure id=\"attachment_17392\" aria-describedby=\"caption-attachment-17392\" style=\"width: 1024px\" class=\"wp-caption alignnone\"><img loading=\"lazy\" decoding=\"async\" class=\"wp-image-17392\" src=\"https:\/\/meterny.com\/wp-content\/uploads\/2024\/03\/1-3.jpg\" alt=\"Pannelli di pavimentazione in Wpc a grana di legno\" width=\"1024\" height=\"1024\" srcset=\"https:\/\/meterny.com\/wp-content\/uploads\/2024\/03\/1-3.jpg 800w, https:\/\/meterny.com\/wp-content\/uploads\/2024\/03\/1-3-300x300.jpg 300w, https:\/\/meterny.com\/wp-content\/uploads\/2024\/03\/1-3-150x150.jpg 150w, https:\/\/meterny.com\/wp-content\/uploads\/2024\/03\/1-3-768x768.jpg 768w, https:\/\/meterny.com\/wp-content\/uploads\/2024\/03\/1-3-600x600.jpg 600w, https:\/\/meterny.com\/wp-content\/uploads\/2024\/03\/1-3-100x100.jpg 100w\" sizes=\"auto, (max-width: 1024px) 100vw, 1024px\" \/><figcaption id=\"caption-attachment-17392\" class=\"wp-caption-text\">Pavimenti WPC color teak: L'eleganza senza tempo del legno con la moderna resistenza.<\/figcaption><\/figure>\n<figure id=\"attachment_17413\" aria-describedby=\"caption-attachment-17413\" style=\"width: 1024px\" class=\"wp-caption alignnone\"><img loading=\"lazy\" decoding=\"async\" class=\"wp-image-17413\" src=\"https:\/\/meterny.com\/wp-content\/uploads\/2024\/10\/1-9.jpg\" alt=\"Pavimentazione WPC impermeabile per ponti all&#039;aperto\" width=\"1024\" height=\"1024\" srcset=\"https:\/\/meterny.com\/wp-content\/uploads\/2024\/10\/1-9.jpg 464w, https:\/\/meterny.com\/wp-content\/uploads\/2024\/10\/1-9-300x300.jpg 300w, https:\/\/meterny.com\/wp-content\/uploads\/2024\/10\/1-9-150x150.jpg 150w, https:\/\/meterny.com\/wp-content\/uploads\/2024\/10\/1-9-100x100.jpg 100w\" sizes=\"auto, (max-width: 1024px) 100vw, 1024px\" \/><figcaption id=\"caption-attachment-17413\" class=\"wp-caption-text\">Elevate il vostro spazio all'aperto con una pavimentazione impermeabile e duratura in WPC<\/figcaption><\/figure>\n<figure id=\"attachment_20293\" aria-describedby=\"caption-attachment-20293\" style=\"width: 1024px\" class=\"wp-caption alignnone\"><img loading=\"lazy\" decoding=\"async\" class=\"wp-image-20293\" src=\"https:\/\/meterny.com\/wp-content\/uploads\/2024\/10\/METE-Series-Colour-151.png\" alt=\"Opzioni di colore della recinzione WPC Meterny\" width=\"1024\" height=\"1024\" srcset=\"https:\/\/meterny.com\/wp-content\/uploads\/2024\/10\/METE-Series-Colour-151.png 900w, https:\/\/meterny.com\/wp-content\/uploads\/2024\/10\/METE-Series-Colour-151-300x300.png 300w, https:\/\/meterny.com\/wp-content\/uploads\/2024\/10\/METE-Series-Colour-151-150x150.png 150w, https:\/\/meterny.com\/wp-content\/uploads\/2024\/10\/METE-Series-Colour-151-768x768.png 768w, https:\/\/meterny.com\/wp-content\/uploads\/2024\/10\/METE-Series-Colour-151-600x600.png 600w, https:\/\/meterny.com\/wp-content\/uploads\/2024\/10\/METE-Series-Colour-151-100x100.png 100w\" sizes=\"auto, (max-width: 1024px) 100vw, 1024px\" \/><figcaption id=\"caption-attachment-20293\" class=\"wp-caption-text\">Esplora il pavimento WPC Meterny - Nove splendide opzioni di colore per ogni stile<\/figcaption><\/figure>\n<h3>Perch\u00e9 scegliere un pavimento WPC antigraffio?<\/h3>\n<ol>\n<li>\n<p id=\"\"><strong>Durata e longevit\u00e0<\/strong>: I pavimenti in WPC antigraffio sono progettati per resistere all'usura quotidiana, compresi graffi, ammaccature e macchie. Ci\u00f2 garantisce che il pavimento mantenga il suo fascino estetico e la sua funzionalit\u00e0 nel tempo, riducendo la necessit\u00e0 di frequenti sostituzioni.<\/p>\n<\/li>\n<li>\n<p id=\"\"><strong>Resistenza ai graffi<\/strong>: Il vantaggio principale dei pavimenti in WPC antigraffio \u00e8 la loro capacit\u00e0 di resistere ai graffi e ad altre forme di danneggiamento della superficie. Ci\u00f2 \u00e8 particolarmente importante nelle aree ad alto traffico o nelle case con animali domestici e bambini, dove i pavimenti sono pi\u00f9 suscettibili ai graffi.<\/p>\n<\/li>\n<li>\n<p id=\"\"><strong>Resistenza all'acqua<\/strong>: I pavimenti in WPC sono altamente resistenti all'acqua e all'umidit\u00e0, il che li rende una scelta eccellente per cucine, bagni e altre aree soggette a versamenti e umidit\u00e0. Questa resistenza aiuta a prevenire rigonfiamenti, deformazioni e marcescenze, garantendo prestazioni di lunga durata.<\/p>\n<\/li>\n<li>\n<p id=\"\"><strong>Facilit\u00e0 di installazione<\/strong>: I pavimenti in WPC antigraffio sono spesso progettati con un sistema di bloccaggio che non richiede colla o chiodi, rendendoli pi\u00f9 facili da installare rispetto ai tradizionali pavimenti in legno duro o laminato. Ci\u00f2 consente di risparmiare tempo e manodopera, rendendolo un'opzione pi\u00f9 conveniente.<\/p>\n<\/li>\n<li>\n<p id=\"\"><strong>Bassa manutenzione<\/strong>: La pulizia e la manutenzione dei pavimenti in WPC antigraffio sono semplici e immediate. Pu\u00f2 essere pulito con un panno umido o uno straccio e non richiede prodotti o trattamenti speciali. Questo requisito di bassa manutenzione aiuta a mantenere i pavimenti al meglio con il minimo sforzo.<\/p>\n<\/li>\n<li>\n<p id=\"\"><strong>Opzioni di design versatili<\/strong>: I pavimenti in WPC antigraffio sono disponibili in un'ampia gamma di colori, stili e texture, che consentono di scegliere l'opzione perfetta per soddisfare i propri gusti e il proprio arredamento. Sia che preferiate un aspetto tradizionale con venature del legno o un design pi\u00f9 moderno ed elegante, c'\u00e8 un'opzione di pavimento WPC che soddisfa le vostre esigenze.<\/p>\n<\/li>\n<li>\n<p id=\"\"><strong>Rispettoso dell'ambiente<\/strong>: I pavimenti in WPC sono realizzati con materiali riciclati, tra cui fibre di legno e rifiuti plastici. Questo riduce i rifiuti e l'impatto ambientale, rendendolo un'opzione di pavimentazione pi\u00f9 sostenibile.<\/p>\n<\/li>\n<\/ol>\n<p id=\"\">In sintesi, la scelta di una pavimentazione in WPC antigraffio offre una combinazione di durata, resistenza ai graffi, impermeabilit\u00e0, facilit\u00e0 di installazione, bassa manutenzione, opzioni di design versatili e rispetto dell'ambiente. Questi vantaggi ne fanno una scelta eccellente per chiunque sia alla ricerca di una pavimentazione di alta qualit\u00e0, elegante ed ecologica.<\/p>\n<\/div>","protected":false},"excerpt":{"rendered":"<p>Pavimentazione in WPC antigraffio per aree umide Panoramica del prodotto La pavimentazione in WPC (Wood Plastic Composite) antigraffio \u00e8 un nuovo tipo di [...]<\/p>","protected":false},"featured_media":17412,"comment_status":"open","ping_status":"closed","template":"","meta":{"_uag_custom_page_level_css":"","site-sidebar-layout":"default","site-content-layout":"","ast-site-content-layout":"default","site-content-style":"default","site-sidebar-style":"default","ast-global-header-display":"","ast-banner-title-visibility":"","ast-main-header-display":"","ast-hfb-above-header-display":"","ast-hfb-below-header-display":"","ast-hfb-mobile-header-display":"","site-post-title":"","ast-breadcrumbs-content":"","ast-featured-img":"","footer-sml-layout":"","theme-transparent-header-meta":"default","adv-header-id-meta":"","stick-header-meta":"default","header-above-stick-meta":"","header-main-stick-meta":"","header-below-stick-meta":"","astra-migrate-meta-layouts":"set","ast-page-background-enabled":"default","ast-page-background-meta":{"desktop":{"background-color":"var(--ast-global-color-4)","background-image":"","background-repeat":"repeat","background-position":"center center","background-size":"auto","background-attachment":"scroll","background-type":"","background-media":"","overlay-type":"","overlay-color":"","overlay-opacity":"","overlay-gradient":""},"tablet":{"background-color":"","background-image":"","background-repeat":"repeat","background-position":"center center","background-size":"auto","background-attachment":"scroll","background-type":"","background-media":"","overlay-type":"","overlay-color":"","overlay-opacity":"","overlay-gradient":""},"mobile":{"background-color":"","background-image":"","background-repeat":"repeat","background-position":"center center","background-size":"auto","background-attachment":"scroll","background-type":"","background-media":"","overlay-type":"","overlay-color":"","overlay-opacity":"","overlay-gradient":""}},"ast-content-background-meta":{"desktop":{"background-color":"var(--ast-global-color-5)","background-image":"","background-repeat":"repeat","background-position":"center center","background-size":"auto","background-attachment":"scroll","background-type":"","background-media":"","overlay-type":"","overlay-color":"","overlay-opacity":"","overlay-gradient":""},"tablet":{"background-color":"var(--ast-global-color-5)","background-image":"","background-repeat":"repeat","background-position":"center center","background-size":"auto","background-attachment":"scroll","background-type":"","background-media":"","overlay-type":"","overlay-color":"","overlay-opacity":"","overlay-gradient":""},"mobile":{"background-color":"var(--ast-global-color-5)","background-image":"","background-repeat":"repeat","background-position":"center center","background-size":"auto","background-attachment":"scroll","background-type":"","background-media":"","overlay-type":"","overlay-color":"","overlay-opacity":"","overlay-gradient":""}}},"product_brand":[],"product_cat":[18],"product_tag":[182,181],"class_list":{"0":"post-20306","1":"product","2":"type-product","3":"status-publish","4":"has-post-thumbnail","6":"product_cat-uncategorized","7":"product_tag-wpc-decking","8":"product_tag-wpc-flooring","9":"desktop-align-center","10":"tablet-align-left","11":"mobile-align-left","12":"ast-product-gallery-layout-horizontal-slider","13":"ast-product-tabs-layout-vertical","15":"first","16":"instock","17":"featured","18":"shipping-taxable","19":"product-type-simple"},"uagb_featured_image_src":{"full":["https:\/\/meterny.com\/wp-content\/uploads\/2024\/10\/1-1-1.jpg",800,800,false],"thumbnail":["https:\/\/meterny.com\/wp-content\/uploads\/2024\/10\/1-1-1-150x150.jpg",150,150,true],"medium":["https:\/\/meterny.com\/wp-content\/uploads\/2024\/10\/1-1-1-300x300.jpg",300,300,true],"medium_large":["https:\/\/meterny.com\/wp-content\/uploads\/2024\/10\/1-1-1-768x768.jpg",768,768,true],"large":["https:\/\/meterny.com\/wp-content\/uploads\/2024\/10\/1-1-1.jpg",800,800,false],"1536x1536":["https:\/\/meterny.com\/wp-content\/uploads\/2024\/10\/1-1-1.jpg",800,800,false],"2048x2048":["https:\/\/meterny.com\/wp-content\/uploads\/2024\/10\/1-1-1.jpg",800,800,false],"trp-custom-language-flag":["https:\/\/meterny.com\/wp-content\/uploads\/2024\/10\/1-1-1.jpg",12,12,false],"woocommerce_thumbnail":["https:\/\/meterny.com\/wp-content\/uploads\/2024\/10\/1-1-1-300x300.jpg",300,300,true],"woocommerce_single":["https:\/\/meterny.com\/wp-content\/uploads\/2024\/10\/1-1-1-600x600.jpg",600,600,true],"woocommerce_gallery_thumbnail":["https:\/\/meterny.com\/wp-content\/uploads\/2024\/10\/1-1-1-100x100.jpg",100,100,true]},"uagb_author_info":{"display_name":"meterny","author_link":"https:\/\/meterny.com\/it\/author\/"},"uagb_comment_info":0,"uagb_excerpt":"Scratch-Resistant WPC Flooring for wet Areas Specification Product Overview Scratch-Resistant WPC (Wood Plastic Composite) Flooring is a new type of [&hellip;]","_links":{"self":[{"href":"https:\/\/meterny.com\/it\/wp-json\/wp\/v2\/product\/20306","targetHints":{"allow":["GET"]}}],"collection":[{"href":"https:\/\/meterny.com\/it\/wp-json\/wp\/v2\/product"}],"about":[{"href":"https:\/\/meterny.com\/it\/wp-json\/wp\/v2\/types\/product"}],"replies":[{"embeddable":true,"href":"https:\/\/meterny.com\/it\/wp-json\/wp\/v2\/comments?post=20306"}],"wp:featuredmedia":[{"embeddable":true,"href":"https:\/\/meterny.com\/it\/wp-json\/wp\/v2\/media\/17412"}],"wp:attachment":[{"href":"https:\/\/meterny.com\/it\/wp-json\/wp\/v2\/media?parent=20306"}],"wp:term":[{"taxonomy":"product_brand","embeddable":true,"href":"https:\/\/meterny.com\/it\/wp-json\/wp\/v2\/product_brand?post=20306"},{"taxonomy":"product_cat","embeddable":true,"href":"https:\/\/meterny.com\/it\/wp-json\/wp\/v2\/product_cat?post=20306"},{"taxonomy":"product_tag","embeddable":true,"href":"https:\/\/meterny.com\/it\/wp-json\/wp\/v2\/product_tag?post=20306"}],"curies":[{"name":"wp","href":"https:\/\/api.w.org\/{rel}","templated":true}]}}