{"id":20307,"date":"2024-12-15T13:47:09","date_gmt":"2024-12-15T13:47:09","guid":{"rendered":"https:\/\/meterny.com\/?post_type=product&#038;p=20307"},"modified":"2025-01-18T09:24:31","modified_gmt":"2025-01-18T09:24:31","slug":"quick-drain-wpc-flooring","status":"publish","type":"product","link":"https:\/\/meterny.com\/it\/prodotto\/quick-drain-wpc-flooring\/","title":{"rendered":"Pavimentazione WPC a drenaggio rapido per aree piovose"},"content":{"rendered":"<div class=\"elementor-element elementor-element-c0e1d42 elementor-widget elementor-widget-heading\" data-id=\"c0e1d42\" data-element_type=\"widget\" data-widget_type=\"heading.default\">\n<div class=\"elementor-widget-container\">\n<h2 class=\"elementor-heading-title elementor-size-default\" style=\"text-align: center;\">Pavimentazione WPC a drenaggio rapido per aree piovose<\/h2>\n<\/div>\n<\/div>\n<div class=\"elementor-element elementor-element-1f676da elementor-widget elementor-widget-heading\" data-id=\"1f676da\" data-element_type=\"widget\" data-widget_type=\"heading.default\">\n<h2 class=\"elementor-widget-container\" style=\"text-align: center;\">Specifiche<\/h2>\n<p>METE140H25 Pavimentazione WPC a scarico rapido Pannelli di pavimentazione in Wpc con venature di legno: Elevare gli spazi con eleganza moderna<\/p>\n<p><strong>Modello<\/strong>: METE140H25<br \/>\n<strong>Tipo<\/strong>: WPC Decking\/pavimento<br \/>\n<strong>Dimensione<\/strong>: 140\u00d725 mm<\/p>\n<p><strong>Superficie<\/strong>: Grani diritti<br \/>\n<strong>Lunghezza<\/strong>2,9 m o su misura<br \/>\n<strong>Materiale<\/strong>: Composito di legno e plastica<br \/>\n<strong>Tecnologia del prodotto<\/strong>: Eco-estrusione<\/p>\n<\/div>\n<div class=\"elementor-element elementor-element-1f676da elementor-widget elementor-widget-heading\" data-id=\"1f676da\" data-element_type=\"widget\" data-widget_type=\"heading.default\">\n<figure id=\"attachment_17399\" aria-describedby=\"caption-attachment-17399\" style=\"width: 1024px\" class=\"wp-caption alignnone\"><img loading=\"lazy\" decoding=\"async\" class=\"wp-image-17399\" src=\"https:\/\/meterny.com\/wp-content\/uploads\/2024\/03\/13-3.png\" alt=\"Pavimentazione WPC a drenaggio rapido per aree piovose\" width=\"1024\" height=\"1024\" srcset=\"https:\/\/meterny.com\/wp-content\/uploads\/2024\/03\/13-3.png 800w, https:\/\/meterny.com\/wp-content\/uploads\/2024\/03\/13-3-300x300.png 300w, https:\/\/meterny.com\/wp-content\/uploads\/2024\/03\/13-3-150x150.png 150w, https:\/\/meterny.com\/wp-content\/uploads\/2024\/03\/13-3-768x768.png 768w, https:\/\/meterny.com\/wp-content\/uploads\/2024\/03\/13-3-600x600.png 600w, https:\/\/meterny.com\/wp-content\/uploads\/2024\/03\/13-3-100x100.png 100w\" sizes=\"auto, (max-width: 1024px) 100vw, 1024px\" \/><figcaption id=\"caption-attachment-17399\" class=\"wp-caption-text\">Pavimenti WPC a drenaggio rapido: La soluzione perfetta per le regioni piovose<\/figcaption><\/figure>\n<p id=\"\"><strong>Panoramica del prodotto<\/strong><\/p>\n<p id=\"\">La pavimentazione Quick-Drain WPC \u00e8 progettata specificamente per le aree piovose e offre una combinazione unica di stile, funzionalit\u00e0 e durata. Realizzato in materiale Wood Plastic Composite (WPC) di alta qualit\u00e0, questo pavimento \u00e8 progettato per resistere alle sfide degli ambienti umidi e bagnati, offrendo al contempo una superficie confortevole ed elegante sotto i piedi.<\/p>\n<p id=\"\"><strong>Caratteristiche principali<\/strong><\/p>\n<ol>\n<li>\n<p id=\"\"><strong>Impermeabile ed efficiente dal punto di vista del drenaggio<\/strong><\/p>\n<ul>\n<li>Il pavimento Quick-Drain WPC \u00e8 impermeabile 100%, grazie all'anima in WPC avanzata e agli strati protettivi.<\/li>\n<li>L'innovativo sistema di drenaggio assicura un flusso d'acqua efficiente, evitando ristagni e riducendo il rischio di scivolamenti e cadute.<\/li>\n<\/ul>\n<\/li>\n<li>\n<p id=\"\"><strong>Durata e resistenza<\/strong><\/p>\n<ul>\n<li>Realizzato con un robusto nucleo in WPC, il pavimento \u00e8 altamente resistente all'usura, ai graffi e alle macchie.<\/li>\n<li>Resiste al traffico pedonale intenso e ai rigori dell'uso quotidiano, ed \u00e8 ideale per le aree ad alto traffico.<\/li>\n<\/ul>\n<\/li>\n<li>\n<p id=\"\"><strong>Facile installazione e manutenzione<\/strong><\/p>\n<ul>\n<li>Il pavimento \u00e8 dotato di un semplice sistema di installazione a scatto, che non richiede strumenti speciali o colla.<\/li>\n<li>La manutenzione \u00e8 semplice: \u00e8 sufficiente spazzare regolarmente e pulire occasionalmente il pavimento per mantenerlo pulito e nuovo.<\/li>\n<\/ul>\n<\/li>\n<li>\n<p id=\"\"><strong>Design elegante e versatile<\/strong><\/p>\n<ul>\n<li>Disponibile in una gamma di colori e texture, il pavimento Quick-Drain in WPC offre un aspetto moderno ed esteticamente gradevole.<\/li>\n<li>Il suo design versatile lo rende adatto sia all'interno che all'esterno, compresi patii, terrazze e balconi.<\/li>\n<\/ul>\n<\/li>\n<li>\n<p id=\"\"><strong>Ecologico<\/strong><\/p>\n<ul>\n<li>Prodotto con materiali riciclati e a basse emissioni, il pavimento Quick-Drain in WPC \u00e8 una scelta ecologica.<\/li>\n<li>Contribuisce a uno stile di vita sostenibile riducendo i rifiuti e minimizzando l'impatto sulle risorse naturali.<\/li>\n<\/ul>\n<\/li>\n<\/ol>\n<p id=\"\"><strong>Specifiche tecniche<\/strong><\/p>\n<ul>\n<li><strong>Materiale<\/strong>: Composito di legno e plastica (WPC)<\/li>\n<li><strong>Spessore<\/strong>: Varia (in genere tra 5,5 e 8 mm)<\/li>\n<li><strong>Strato di usura<\/strong>: Da 0,2 mm a 0,7 mm (a seconda del modello)<\/li>\n<li><strong>Dimensione<\/strong>: Sono disponibili varie opzioni, tra cui 6\u2033 x 36\u2033, 7\u2033 x 48\u2033 e 9\u2033 x 48\u2033.<\/li>\n<li><strong>Colore e struttura<\/strong>: Molteplici opzioni tra cui scegliere, tra cui venature del legno, venature della pietra e design personalizzati.<\/li>\n<li><strong>Installazione<\/strong>: Sistema di bloccaggio a scatto per un'installazione facile e senza attrezzi<\/li>\n<li><strong>Garanzia<\/strong>: Sono disponibili garanzie residenziali (25 anni) e commerciali (10 anni).<\/li>\n<\/ul>\n<p id=\"\"><strong>Applicazioni<\/strong><\/p>\n<p id=\"\">La pavimentazione WPC Quick-Drain \u00e8 perfetta per le aree piovose dove la resistenza all'acqua e il drenaggio sono fondamentali. Pu\u00f2 essere utilizzato in una variet\u00e0 di ambienti, tra cui:<\/p>\n<ul>\n<li>Pavimenti e terrazze<\/li>\n<li>Balconi e terrazze<\/li>\n<li>Bordi piscina e spa<\/li>\n<li>Cucine e zone pranzo all'aperto<\/li>\n<li>Spazi commerciali come ristoranti e caff\u00e8 con posti a sedere all'aperto<\/li>\n<\/ul>\n<p id=\"\"><strong>Linee guida per l'installazione<\/strong><\/p>\n<ol>\n<li>Assicurarsi che il sottofondo sia pulito, asciutto e livellato.<\/li>\n<li>Acclimatare la pavimentazione all'ambiente di installazione per almeno 48 ore.<\/li>\n<li>Iniziare l'installazione dall'angolo sinistro della stanza, utilizzando il sistema click-lock per collegare i listoni.<\/li>\n<li>Utilizzare fessure di espansione lungo il perimetro per consentire la naturale espansione e contrazione.<\/li>\n<li>Controllare e pulire regolarmente il sistema di drenaggio per garantire un flusso d'acqua efficiente.<\/li>\n<\/ol>\n<p id=\"\"><strong>Suggerimenti per la manutenzione<\/strong><\/p>\n<ol>\n<li>Spazzare o aspirare regolarmente il pavimento per rimuovere polvere e detriti.<\/li>\n<li>Pulire con un panno o uno straccio umido, utilizzando un detergente delicato e acqua calda.<\/li>\n<li>Evitare l'uso di detergenti abrasivi o di strumenti che possono graffiare la superficie.<\/li>\n<li>Ispezionare regolarmente il pavimento per rilevare eventuali segni di danni o usura e ripararlo se necessario.<\/li>\n<\/ol>\n<h3>Se volete saperne di pi\u00f9, cliccate su questo link a youtube:<a href=\"https:\/\/youtu.be\/cW7s-_V3i-o\" target=\"_blank\" rel=\"noopener\">https:\/\/youtu.be\/cW7s-_V3i-o<\/a><\/h3>\n<p>&nbsp;<\/p>\n<h3>Galleria<\/h3>\n<figure id=\"attachment_17403\" aria-describedby=\"caption-attachment-17403\" style=\"width: 1024px\" class=\"wp-caption alignnone\"><img loading=\"lazy\" decoding=\"async\" class=\"wp-image-17403\" src=\"https:\/\/meterny.com\/wp-content\/uploads\/2024\/03\/1234-9.jpg\" alt=\"Pavimenti in WPC fai-da-te per ristrutturare facilmente la casa\" width=\"1024\" height=\"1024\" srcset=\"https:\/\/meterny.com\/wp-content\/uploads\/2024\/03\/1234-9.jpg 1000w, https:\/\/meterny.com\/wp-content\/uploads\/2024\/03\/1234-9-300x300.jpg 300w, https:\/\/meterny.com\/wp-content\/uploads\/2024\/03\/1234-9-150x150.jpg 150w, https:\/\/meterny.com\/wp-content\/uploads\/2024\/03\/1234-9-768x768.jpg 768w, https:\/\/meterny.com\/wp-content\/uploads\/2024\/03\/1234-9-600x600.jpg 600w, https:\/\/meterny.com\/wp-content\/uploads\/2024\/03\/1234-9-100x100.jpg 100w\" sizes=\"auto, (max-width: 1024px) 100vw, 1024px\" \/><figcaption id=\"caption-attachment-17403\" class=\"wp-caption-text\">Pavimenti WPC fai-da-te: Semplificare la ristrutturazione della casa<\/figcaption><\/figure>\n<figure id=\"attachment_17398\" aria-describedby=\"caption-attachment-17398\" style=\"width: 1024px\" class=\"wp-caption alignnone\"><img loading=\"lazy\" decoding=\"async\" class=\"wp-image-17398\" src=\"https:\/\/meterny.com\/wp-content\/uploads\/2024\/03\/5-3.jpg\" alt=\"Pavimenti WPC eco-compatibili per progetti ecologici\" width=\"1024\" height=\"1024\" srcset=\"https:\/\/meterny.com\/wp-content\/uploads\/2024\/03\/5-3.jpg 463w, https:\/\/meterny.com\/wp-content\/uploads\/2024\/03\/5-3-300x300.jpg 300w, https:\/\/meterny.com\/wp-content\/uploads\/2024\/03\/5-3-150x150.jpg 150w, https:\/\/meterny.com\/wp-content\/uploads\/2024\/03\/5-3-100x100.jpg 100w\" sizes=\"auto, (max-width: 1024px) 100vw, 1024px\" \/><figcaption id=\"caption-attachment-17398\" class=\"wp-caption-text\">Stile sostenibile con i pavimenti WPC ecologici<\/figcaption><\/figure>\n<figure id=\"attachment_17393\" aria-describedby=\"caption-attachment-17393\" style=\"width: 1024px\" class=\"wp-caption alignnone\"><img loading=\"lazy\" decoding=\"async\" class=\"wp-image-17393\" src=\"https:\/\/meterny.com\/wp-content\/uploads\/2024\/03\/1-40.jpg\" alt=\"Pannelli per decking in Wpc Pavimenti in Wpc\" width=\"1024\" height=\"1024\" srcset=\"https:\/\/meterny.com\/wp-content\/uploads\/2024\/03\/1-40.jpg 800w, https:\/\/meterny.com\/wp-content\/uploads\/2024\/03\/1-40-300x300.jpg 300w, https:\/\/meterny.com\/wp-content\/uploads\/2024\/03\/1-40-150x150.jpg 150w, https:\/\/meterny.com\/wp-content\/uploads\/2024\/03\/1-40-768x768.jpg 768w, https:\/\/meterny.com\/wp-content\/uploads\/2024\/03\/1-40-600x600.jpg 600w, https:\/\/meterny.com\/wp-content\/uploads\/2024\/03\/1-40-100x100.jpg 100w\" sizes=\"auto, (max-width: 1024px) 100vw, 1024px\" \/><figcaption id=\"caption-attachment-17393\" class=\"wp-caption-text\">Pavimenti in WPC ad alta resistenza: Trasformate il vostro balcone con stile<\/figcaption><\/figure>\n<h3 style=\"text-align: left;\"><strong>Descrizione<\/strong><\/h3>\n<p id=\"\">Il pavimento Quick-Drain WPC \u00e8 impermeabile 100%, grazie alla sua robusta anima in WPC e agli strati protettivi che respingono l'umidit\u00e0 e prevengono i danni. L'innovativo sistema di drenaggio garantisce un flusso d'acqua efficiente, allontanando rapidamente l'acqua dalla superficie per evitare ristagni e ridurre al minimo il rischio di scivolate e cadute. Questo lo rende ideale per patii, terrazze, balconi e altri spazi esterni soggetti ad accumulo d'acqua.<\/p>\n<p id=\"\">Oltre alle sue propriet\u00e0 di resistenza all'acqua, la pavimentazione Quick-Drain WPC \u00e8 altamente durevole e robusta. L'anima in WPC \u00e8 resistente all'usura, ai graffi e alle macchie, assicurando che la pavimentazione mantenga il suo aspetto immacolato anche in caso di traffico pedonale intenso e di uso quotidiano. La sua struttura robusta lo rende adatto anche ad applicazioni commerciali, come le aree pranzo all'aperto e i bordi piscina di ristoranti e bar.<\/p>\n<p><img loading=\"lazy\" decoding=\"async\" class=\"alignnone wp-image-17395\" src=\"https:\/\/meterny.com\/wp-content\/uploads\/2024\/03\/3-6-rotated.jpg\" alt=\"\" width=\"1024\" height=\"1024\" srcset=\"https:\/\/meterny.com\/wp-content\/uploads\/2024\/03\/3-6-rotated.jpg 800w, https:\/\/meterny.com\/wp-content\/uploads\/2024\/03\/3-6-300x300.jpg 300w, https:\/\/meterny.com\/wp-content\/uploads\/2024\/03\/3-6-150x150.jpg 150w, https:\/\/meterny.com\/wp-content\/uploads\/2024\/03\/3-6-768x768.jpg 768w, https:\/\/meterny.com\/wp-content\/uploads\/2024\/03\/3-6-600x600.jpg 600w, https:\/\/meterny.com\/wp-content\/uploads\/2024\/03\/3-6-100x100.jpg 100w\" sizes=\"auto, (max-width: 1024px) 100vw, 1024px\" \/><\/p>\n<p id=\"\">La pavimentazione \u00e8 disponibile in una gamma di colori e texture, offrendo un aspetto moderno ed esteticamente gradevole che si integra con qualsiasi ambiente esterno. Che preferiate la bellezza naturale delle venature del legno o la raffinata eleganza delle venature della pietra, la pavimentazione Quick-Drain WPC ha un design adatto ai vostri gusti. Il suo design versatile lo rende adatto sia all'uso interno che esterno, aggiungendo un tocco di raffinatezza alla vostra casa o al vostro spazio commerciale.<\/p>\n<p id=\"\">L'installazione \u00e8 facile e veloce grazie al sistema di bloccaggio a scatto di Quick-Drain WPC Flooring. Non sono necessari strumenti speciali o colla, il che lo rende un'opzione fai-da-te che fa risparmiare tempo e denaro. La manutenzione \u00e8 semplice: \u00e8 sufficiente spazzare regolarmente e pulire occasionalmente per mantenere il pavimento pulito e con un aspetto nuovo.<\/p>\n<p>Meterny Scheda colori per pavimenti in WPC della serie METE<\/p>\n<p>&nbsp;<\/p>\n<figure id=\"attachment_20293\" aria-describedby=\"caption-attachment-20293\" style=\"width: 1024px\" class=\"wp-caption alignnone\"><img loading=\"lazy\" decoding=\"async\" class=\"wp-image-20293\" src=\"https:\/\/meterny.com\/wp-content\/uploads\/2024\/10\/METE-Series-Colour-151.png\" alt=\"Opzioni di colore della recinzione WPC Meterny\" width=\"1024\" height=\"1024\" srcset=\"https:\/\/meterny.com\/wp-content\/uploads\/2024\/10\/METE-Series-Colour-151.png 900w, https:\/\/meterny.com\/wp-content\/uploads\/2024\/10\/METE-Series-Colour-151-300x300.png 300w, https:\/\/meterny.com\/wp-content\/uploads\/2024\/10\/METE-Series-Colour-151-150x150.png 150w, https:\/\/meterny.com\/wp-content\/uploads\/2024\/10\/METE-Series-Colour-151-768x768.png 768w, https:\/\/meterny.com\/wp-content\/uploads\/2024\/10\/METE-Series-Colour-151-600x600.png 600w, https:\/\/meterny.com\/wp-content\/uploads\/2024\/10\/METE-Series-Colour-151-100x100.png 100w\" sizes=\"auto, (max-width: 1024px) 100vw, 1024px\" \/><figcaption id=\"caption-attachment-20293\" class=\"wp-caption-text\">Esplora il pavimento WPC Meterny - Nove splendide opzioni di colore per ogni stile<\/figcaption><\/figure>\n<h3>Perch\u00e9 scegliere la pavimentazione WPC Quick-Drain per le aree piovose?<\/h3>\n<p id=\"\">La scelta del pavimento in WPC Quick-Drain per le aree piovose offre diversi motivi convincenti, che lo rendono una scelta ideale per chi cerca una soluzione di pavimentazione durevole, funzionale ed elegante. Ecco alcuni vantaggi chiave:<\/p>\n<ol>\n<li>\n<p id=\"\"><strong>Impermeabile ed efficiente dal punto di vista del drenaggio<\/strong>: Il pavimento Quick-Drain WPC \u00e8 progettato per essere 100% impermeabile, con un nucleo robusto e strati protettivi che respingono l'umidit\u00e0 e prevengono i danni. L'innovativo sistema di drenaggio assicura che l'acqua venga rapidamente allontanata dalla superficie, riducendo al minimo il rischio di scivolamenti e cadute e mantenendo un ambiente sicuro.<\/p>\n<\/li>\n<li>\n<p id=\"\"><strong>Durata e resistenza<\/strong>: L'anima in WPC (Wood Plastic Composite) della pavimentazione Quick-Drain \u00e8 altamente durevole e robusta, resistente all'usura, ai graffi e alle macchie. Ci\u00f2 lo rende adatto al traffico pedonale intenso e all'uso quotidiano, garantendo che il pavimento mantenga il suo aspetto immacolato nel tempo.<\/p>\n<\/li>\n<li>\n<p id=\"\"><strong>Estetica<\/strong>: La pavimentazione in WPC Quick-Drain \u00e8 disponibile in una vasta gamma di colori e texture, per offrire un aspetto moderno ed esteticamente gradevole che si adatta a qualsiasi ambiente esterno. Che preferiate la bellezza naturale delle venature del legno o la raffinata eleganza delle venature della pietra, c'\u00e8 un design che si adatta ai vostri gusti.<\/p>\n<\/li>\n<li>\n<p id=\"\"><strong>Facile installazione e manutenzione<\/strong>: L'installazione di Quick-Drain WPC Flooring \u00e8 facile e veloce, grazie al sistema click-lock che non richiede strumenti speciali o colla. Anche la manutenzione \u00e8 semplice: \u00e8 sufficiente spazzare regolarmente e pulire occasionalmente per mantenere il pavimento pulito e con un aspetto nuovo.<\/p>\n<\/li>\n<li>\n<p id=\"\"><strong>Versatilit\u00e0<\/strong>: La pavimentazione in WPC Quick-Drain \u00e8 versatile e adatta sia all'interno che all'esterno. La sua struttura robusta lo rende ideale per patii, terrazze, balconi e altri spazi esterni soggetti all'accumulo di acqua, mentre il suo design elegante pu\u00f2 anche migliorare l'aspetto delle aree interne.<\/p>\n<\/li>\n<li>\n<p id=\"\"><strong>Ecologico<\/strong>: Prodotto con materiali riciclati e a basse emissioni, Quick-Drain WPC Flooring contribuisce a una vita sostenibile riducendo i rifiuti e l'impatto sulle risorse naturali.<\/p>\n<\/li>\n<li>\n<p id=\"\"><strong>Economicamente vantaggioso<\/strong>: Sebbene l'investimento iniziale per il pavimento in WPC Quick-Drain possa essere pi\u00f9 elevato rispetto ad alcune opzioni di pavimentazione tradizionali, la sua durata e i bassi requisiti di manutenzione lo rendono una scelta conveniente a lungo termine.<\/p>\n<\/li>\n<\/ol>\n<p id=\"\">In sintesi, la scelta di Quick-Drain WPC Flooring per le aree piovose offre una combinazione di design impermeabile e drenante, durata, estetica, facilit\u00e0 di installazione e manutenzione, versatilit\u00e0, ecocompatibilit\u00e0 e convenienza. Questi vantaggi ne fanno una scelta eccellente per chi \u00e8 alla ricerca di una soluzione di pavimentazione di alta qualit\u00e0 che possa prosperare in condizioni di umidit\u00e0 e bagnato.<\/p>\n<\/div>","protected":false},"excerpt":{"rendered":"<p>Pavimentazione WPC a drenaggio rapido per aree piovose Specifica METE140H25 Pavimentazione WPC a drenaggio rapido Pannelli di pavimentazione Wpc a grana di legno: Elevate i vostri spazi con [...]<\/p>","protected":false},"featured_media":17399,"comment_status":"open","ping_status":"closed","template":"","meta":{"_uag_custom_page_level_css":"","site-sidebar-layout":"default","site-content-layout":"","ast-site-content-layout":"default","site-content-style":"default","site-sidebar-style":"default","ast-global-header-display":"","ast-banner-title-visibility":"","ast-main-header-display":"","ast-hfb-above-header-display":"","ast-hfb-below-header-display":"","ast-hfb-mobile-header-display":"","site-post-title":"","ast-breadcrumbs-content":"","ast-featured-img":"","footer-sml-layout":"","theme-transparent-header-meta":"default","adv-header-id-meta":"","stick-header-meta":"default","header-above-stick-meta":"","header-main-stick-meta":"","header-below-stick-meta":"","astra-migrate-meta-layouts":"set","ast-page-background-enabled":"default","ast-page-background-meta":{"desktop":{"background-color":"var(--ast-global-color-4)","background-image":"","background-repeat":"repeat","background-position":"center center","background-size":"auto","background-attachment":"scroll","background-type":"","background-media":"","overlay-type":"","overlay-color":"","overlay-opacity":"","overlay-gradient":""},"tablet":{"background-color":"","background-image":"","background-repeat":"repeat","background-position":"center center","background-size":"auto","background-attachment":"scroll","background-type":"","background-media":"","overlay-type":"","overlay-color":"","overlay-opacity":"","overlay-gradient":""},"mobile":{"background-color":"","background-image":"","background-repeat":"repeat","background-position":"center center","background-size":"auto","background-attachment":"scroll","background-type":"","background-media":"","overlay-type":"","overlay-color":"","overlay-opacity":"","overlay-gradient":""}},"ast-content-background-meta":{"desktop":{"background-color":"var(--ast-global-color-5)","background-image":"","background-repeat":"repeat","background-position":"center center","background-size":"auto","background-attachment":"scroll","background-type":"","background-media":"","overlay-type":"","overlay-color":"","overlay-opacity":"","overlay-gradient":""},"tablet":{"background-color":"var(--ast-global-color-5)","background-image":"","background-repeat":"repeat","background-position":"center center","background-size":"auto","background-attachment":"scroll","background-type":"","background-media":"","overlay-type":"","overlay-color":"","overlay-opacity":"","overlay-gradient":""},"mobile":{"background-color":"var(--ast-global-color-5)","background-image":"","background-repeat":"repeat","background-position":"center center","background-size":"auto","background-attachment":"scroll","background-type":"","background-media":"","overlay-type":"","overlay-color":"","overlay-opacity":"","overlay-gradient":""}}},"product_brand":[],"product_cat":[18],"product_tag":[182,181],"class_list":{"0":"post-20307","1":"product","2":"type-product","3":"status-publish","4":"has-post-thumbnail","6":"product_cat-uncategorized","7":"product_tag-wpc-decking","8":"product_tag-wpc-flooring","9":"desktop-align-center","10":"tablet-align-left","11":"mobile-align-left","12":"ast-product-gallery-layout-horizontal-slider","13":"ast-product-tabs-layout-vertical","15":"first","16":"instock","17":"featured","18":"shipping-taxable","19":"product-type-simple"},"uagb_featured_image_src":{"full":["https:\/\/meterny.com\/wp-content\/uploads\/2024\/03\/13-3.png",800,800,false],"thumbnail":["https:\/\/meterny.com\/wp-content\/uploads\/2024\/03\/13-3-150x150.png",150,150,true],"medium":["https:\/\/meterny.com\/wp-content\/uploads\/2024\/03\/13-3-300x300.png",300,300,true],"medium_large":["https:\/\/meterny.com\/wp-content\/uploads\/2024\/03\/13-3-768x768.png",768,768,true],"large":["https:\/\/meterny.com\/wp-content\/uploads\/2024\/03\/13-3.png",800,800,false],"1536x1536":["https:\/\/meterny.com\/wp-content\/uploads\/2024\/03\/13-3.png",800,800,false],"2048x2048":["https:\/\/meterny.com\/wp-content\/uploads\/2024\/03\/13-3.png",800,800,false],"trp-custom-language-flag":["https:\/\/meterny.com\/wp-content\/uploads\/2024\/03\/13-3.png",12,12,false],"woocommerce_thumbnail":["https:\/\/meterny.com\/wp-content\/uploads\/2024\/03\/13-3-300x300.png",300,300,true],"woocommerce_single":["https:\/\/meterny.com\/wp-content\/uploads\/2024\/03\/13-3-600x600.png",600,600,true],"woocommerce_gallery_thumbnail":["https:\/\/meterny.com\/wp-content\/uploads\/2024\/03\/13-3-100x100.png",100,100,true]},"uagb_author_info":{"display_name":"meterny","author_link":"https:\/\/meterny.com\/it\/author\/"},"uagb_comment_info":0,"uagb_excerpt":"Quick-Drain WPC Flooring for Rainy Areas Specification METE140H25 Quick-Drain WPC Flooring Wood Grain Wpc Flooring Panels: Elevate Your Spaces with [&hellip;]","_links":{"self":[{"href":"https:\/\/meterny.com\/it\/wp-json\/wp\/v2\/product\/20307","targetHints":{"allow":["GET"]}}],"collection":[{"href":"https:\/\/meterny.com\/it\/wp-json\/wp\/v2\/product"}],"about":[{"href":"https:\/\/meterny.com\/it\/wp-json\/wp\/v2\/types\/product"}],"replies":[{"embeddable":true,"href":"https:\/\/meterny.com\/it\/wp-json\/wp\/v2\/comments?post=20307"}],"wp:featuredmedia":[{"embeddable":true,"href":"https:\/\/meterny.com\/it\/wp-json\/wp\/v2\/media\/17399"}],"wp:attachment":[{"href":"https:\/\/meterny.com\/it\/wp-json\/wp\/v2\/media?parent=20307"}],"wp:term":[{"taxonomy":"product_brand","embeddable":true,"href":"https:\/\/meterny.com\/it\/wp-json\/wp\/v2\/product_brand?post=20307"},{"taxonomy":"product_cat","embeddable":true,"href":"https:\/\/meterny.com\/it\/wp-json\/wp\/v2\/product_cat?post=20307"},{"taxonomy":"product_tag","embeddable":true,"href":"https:\/\/meterny.com\/it\/wp-json\/wp\/v2\/product_tag?post=20307"}],"curies":[{"name":"wp","href":"https:\/\/api.w.org\/{rel}","templated":true}]}}