{"id":20309,"date":"2024-12-16T00:32:31","date_gmt":"2024-12-16T00:32:31","guid":{"rendered":"https:\/\/meterny.com\/?post_type=product&#038;p=20309"},"modified":"2025-01-18T09:21:25","modified_gmt":"2025-01-18T09:21:25","slug":"dark-grey-tone-wood-plastic-flooring","status":"publish","type":"product","link":"https:\/\/meterny.com\/it\/prodotto\/dark-grey-tone-wood-plastic-flooring\/","title":{"rendered":"Pavimenti in legno e plastica in tonalit\u00e0 grigio scuro Pavimenti in legno e plastica in tonalit\u00e0 grigio scuro, resistenti ai graffi."},"content":{"rendered":"<div class=\"elementor-element elementor-element-c0e1d42 elementor-widget elementor-widget-heading\" data-id=\"c0e1d42\" data-element_type=\"widget\" data-widget_type=\"heading.default\">\n<h2 class=\"elementor-widget-container\" style=\"text-align: center;\">Pavimenti in legno e plastica in tonalit\u00e0 grigio scuro Pavimenti in legno e plastica in tonalit\u00e0 grigio scuro, resistenti ai graffi.<\/h2>\n<\/div>\n<div class=\"elementor-element elementor-element-1f676da elementor-widget elementor-widget-heading\" data-id=\"1f676da\" data-element_type=\"widget\" data-widget_type=\"heading.default\">\n<h2 class=\"elementor-widget-container\" style=\"text-align: center;\"><\/h2>\n<p>METE140H25 Pavimentazione in legno e plastica di tonalit\u00e0 grigio scuro: progettata per uso interno ed esterno, offre durata, resistenza all'acqua e una soluzione ecologica per case e spazi commerciali. Perfetto per creare motivi unici e layout di pavimentazione eleganti.<\/p>\n<p><strong>Modello<\/strong>: METE140H25<br \/>\n<strong>Tipo<\/strong>: WPC Decking\/pavimento<br \/>\n<strong>Dimensione<\/strong>: 140\u00d725 mm<\/p>\n<p><strong>Superficie<\/strong>: Grani diritti<br \/>\n<strong>Lunghezza<\/strong>2,9 m o su misura<br \/>\n<strong>Materiale<\/strong>: Composito di legno e plastica<br \/>\n<strong>Tecnologia del prodotto<\/strong>: Eco-estrusione<\/p>\n<figure id=\"attachment_17395\" aria-describedby=\"caption-attachment-17395\" style=\"width: 1024px\" class=\"wp-caption alignnone\"><img loading=\"lazy\" decoding=\"async\" class=\"wp-image-17395\" src=\"https:\/\/meterny.com\/wp-content\/uploads\/2024\/03\/3-6-rotated.jpg\" alt=\"Pavimenti in legno e plastica di colore grigio scuro\" width=\"1024\" height=\"1024\" srcset=\"https:\/\/meterny.com\/wp-content\/uploads\/2024\/03\/3-6-rotated.jpg 800w, https:\/\/meterny.com\/wp-content\/uploads\/2024\/03\/3-6-300x300.jpg 300w, https:\/\/meterny.com\/wp-content\/uploads\/2024\/03\/3-6-150x150.jpg 150w, https:\/\/meterny.com\/wp-content\/uploads\/2024\/03\/3-6-768x768.jpg 768w, https:\/\/meterny.com\/wp-content\/uploads\/2024\/03\/3-6-600x600.jpg 600w, https:\/\/meterny.com\/wp-content\/uploads\/2024\/03\/3-6-100x100.jpg 100w\" sizes=\"auto, (max-width: 1024px) 100vw, 1024px\" \/><figcaption id=\"caption-attachment-17395\" class=\"wp-caption-text\">Pavimento WPC grigio scuro: Sofisticatezza moderna e durata superiore<\/figcaption><\/figure>\n<\/div>\n<div class=\"elementor-element elementor-element-1f676da elementor-widget elementor-widget-heading\" data-id=\"1f676da\" data-element_type=\"widget\" data-widget_type=\"heading.default\">\n<h3 style=\"text-align: left;\"><strong>Descrizione<\/strong><\/h3>\n<p style=\"text-align: left;\">METE140H25 fa parte dell'esclusiva serie Meterny\u00ae Eco-extrusion, progettata per valorizzare ambienti interni ed esterni con un tocco di moderna eleganza.<\/p>\n<p id=\"\">Il pavimento in plastica di legno di colore grigio scuro, noto anche come pavimento in plastica di legno grigio scuro (WPC), \u00e8 un tipo di pavimentazione che combina la bellezza naturale del legno con la durata e la resistenza agli agenti atmosferici della plastica. Ecco una descrizione dettagliata di questa innovativa opzione di pavimentazione:<\/p>\n<p id=\"\"><strong>Aspetto<\/strong>:<\/p>\n<ul>\n<li><strong>Colore<\/strong>: La pavimentazione in plastica per legno in tonalit\u00e0 grigio scuro offre un aspetto elegante, moderno e sofisticato che pu\u00f2 migliorare l'estetica di qualsiasi spazio esterno. Il colore \u00e8 uniforme e resistente allo sbiadimento, per garantire che la pavimentazione in plastica per legno in tonalit\u00e0 grigio scuro mantenga il suo aspetto ricco per molti anni.<\/li>\n<li><strong>Struttura<\/strong>: La texture del pavimento WPC grigio scuro imita le venature naturali del legno, offrendo un aspetto realistico e autentico. La superficie liscia \u00e8 comoda da calpestare e aggiunge fascino all'insieme della pavimentazione.<\/li>\n<\/ul>\n<p id=\"\"><strong>Composizione<\/strong>:<\/p>\n<ul>\n<li><strong>Fibre di legno<\/strong>: Il pavimento in legno e plastica in tonalit\u00e0 grigio scuro \u00e8 realizzato con fibre di legno riciclate, che contribuiscono alla sua natura ecologica. Le fibre di legno conferiscono un aspetto naturale e caldo, oltre a una certa flessibilit\u00e0 e resistenza.<\/li>\n<li><strong>Materiali plastici<\/strong>: I componenti in plastica della pavimentazione in legno e plastica di tonalit\u00e0 grigio scuro sono in genere realizzati con materiali riciclati come il polietilene o il polipropilene. Queste materie plastiche conferiscono alla pavimentazione durata, resistenza agli agenti atmosferici e resistenza ai graffi.<\/li>\n<\/ul>\n<p id=\"\"><strong>Propriet\u00e0<\/strong>:<\/p>\n<ul>\n<li><strong>Durata<\/strong>: I pavimenti in WPC di colore grigio scuro sono progettati per sopportare il traffico pedonale intenso e i rigori dell'uso quotidiano. \u00c8 resistente all'umidit\u00e0, alla putrefazione, agli insetti e ai raggi UV, garantendo il mantenimento della sua bellezza e funzionalit\u00e0 per molti anni.<\/li>\n<li><strong>Resistenza agli agenti atmosferici<\/strong>: La pavimentazione in legno e plastica di colore grigio scuro \u00e8 stata progettata per resistere a condizioni climatiche estreme, tra cui temperature elevate, pioggia, neve e ghiaccio. Questo lo rende una scelta ideale per gli spazi esterni in cui si verificano diverse condizioni atmosferiche.<\/li>\n<li><strong>Bassa manutenzione<\/strong>: Il pavimento in legno e plastica di colore grigio scuro \u00e8 facile da pulire e richiede una manutenzione minima. Pu\u00f2 essere lavato con acqua e un detergente delicato e non richiede verniciatura, sigillatura o colorazione.<\/li>\n<li><strong>Resistenza ai graffi e all'usura<\/strong>: La superficie del pavimento \u00e8 resistente ai graffi e all'usura, garantendo il mantenimento del suo aspetto e della sua funzionalit\u00e0 nel tempo.<\/li>\n<li><strong>Comfort e sicurezza<\/strong>: La superficie liscia della pavimentazione \u00e8 comoda da calpestare ed \u00e8 anche antiscivolo e resistente alle crepe. Queste caratteristiche ne fanno una scelta sicura per gli spazi esterni in cui la sicurezza \u00e8 un problema.<\/li>\n<\/ul>\n<p id=\"\"><strong>Applicazioni<\/strong>:<\/p>\n<ul>\n<li>I pavimenti in WPC di colore grigio scuro sono versatili e possono essere utilizzati in una serie di ambienti esterni, tra cui patii, terrazze, balconi, giardini e aree piscina. \u00c8 una scelta eccellente sia per le propriet\u00e0 residenziali che per quelle commerciali, in quanto fornisce una soluzione di pavimentazione elegante e durevole che migliora l'aspetto generale e la funzionalit\u00e0 dello spazio.<\/li>\n<\/ul>\n<\/div>\n<h3>Se volete saperne di pi\u00f9, cliccate su questo link a youtube:<a href=\"https:\/\/youtu.be\/88PIb9PK7Bk\" target=\"_blank\" rel=\"noopener\">https:\/\/youtu.be\/88PIb9PK7Bk<\/a><\/h3>\n<p>&nbsp;<\/p>\n<div class=\"elementor-element elementor-element-1f676da elementor-widget elementor-widget-heading\" data-id=\"1f676da\" data-element_type=\"widget\" data-widget_type=\"heading.default\">\n<figure id=\"attachment_17396\" aria-describedby=\"caption-attachment-17396\" style=\"width: 1024px\" class=\"wp-caption alignnone\"><img loading=\"lazy\" decoding=\"async\" class=\"wp-image-17396\" src=\"https:\/\/meterny.com\/wp-content\/uploads\/2024\/03\/3-1.png\" alt=\"Pavimentazione antiscivolo in WPC per i sentieri del giardino\" width=\"1024\" height=\"1024\" srcset=\"https:\/\/meterny.com\/wp-content\/uploads\/2024\/03\/3-1.png 1079w, https:\/\/meterny.com\/wp-content\/uploads\/2024\/03\/3-1-300x300.png 300w, https:\/\/meterny.com\/wp-content\/uploads\/2024\/03\/3-1-1024x1024.png 1024w, https:\/\/meterny.com\/wp-content\/uploads\/2024\/03\/3-1-150x150.png 150w, https:\/\/meterny.com\/wp-content\/uploads\/2024\/03\/3-1-768x768.png 768w, https:\/\/meterny.com\/wp-content\/uploads\/2024\/03\/3-1-600x600.png 600w, https:\/\/meterny.com\/wp-content\/uploads\/2024\/03\/3-1-100x100.png 100w\" sizes=\"auto, (max-width: 1024px) 100vw, 1024px\" \/><figcaption id=\"caption-attachment-17396\" class=\"wp-caption-text\">Pavimenti in WPC antiscivolo: Percorsi da giardino sicuri ed eleganti<\/figcaption><\/figure>\n<p style=\"text-align: left;\">Questi pavimenti in legno e plastica in tonalit\u00e0 grigio scuro combinano una struttura robusta con un'estetica raffinata, garantendo una finitura elegante e durevole per qualsiasi ambiente.<\/p>\n<p style=\"text-align: left;\">La versatilit\u00e0 e le prestazioni superiori dei nostri pavimenti consentono di creare uno spazio sofisticato e funzionale senza sforzo.<\/p>\n<figure id=\"attachment_17397\" aria-describedby=\"caption-attachment-17397\" style=\"width: 1024px\" class=\"wp-caption alignnone\"><img loading=\"lazy\" decoding=\"async\" class=\"wp-image-17397\" src=\"https:\/\/meterny.com\/wp-content\/uploads\/2024\/03\/5-1.png\" alt=\"Pavimentazione WPC a incastro facile da installare\" width=\"1024\" height=\"1024\" srcset=\"https:\/\/meterny.com\/wp-content\/uploads\/2024\/03\/5-1.png 1062w, https:\/\/meterny.com\/wp-content\/uploads\/2024\/03\/5-1-300x300.png 300w, https:\/\/meterny.com\/wp-content\/uploads\/2024\/03\/5-1-1024x1024.png 1024w, https:\/\/meterny.com\/wp-content\/uploads\/2024\/03\/5-1-150x150.png 150w, https:\/\/meterny.com\/wp-content\/uploads\/2024\/03\/5-1-768x768.png 768w, https:\/\/meterny.com\/wp-content\/uploads\/2024\/03\/5-1-600x600.png 600w, https:\/\/meterny.com\/wp-content\/uploads\/2024\/03\/5-1-100x100.png 100w\" sizes=\"auto, (max-width: 1024px) 100vw, 1024px\" \/><figcaption id=\"caption-attachment-17397\" class=\"wp-caption-text\">Installazione senza problemi con i pavimenti WPC Click-Lock<\/figcaption><\/figure>\n<h3><strong>Colore e superficie<\/strong><\/h3>\n<p>Il nostro pavimento in legno e plastica di tonalit\u00e0 grigio scuro presenta una superficie con venature diritte ed eleganti, che aggiungono una texture sofisticata a qualsiasi area.<\/p>\n<p>Con colori, dimensioni e forme personalizzabili, questi pannelli offrono un'eccezionale flessibilit\u00e0, consentendo di liberare la propria creativit\u00e0 in progetti di design sia interni che esterni.<\/p>\n<p>La tecnologia di eco-estrusione fa s\u00ec che ogni pannello non solo sia bello da vedere, ma contribuisca anche a un ambiente di vita sostenibile.<\/p>\n<p>Meterny Scheda colori per pavimenti in WPC della serie METE<\/p>\n<p>&nbsp;<\/p>\n<figure id=\"attachment_20293\" aria-describedby=\"caption-attachment-20293\" style=\"width: 1024px\" class=\"wp-caption alignnone\"><img loading=\"lazy\" decoding=\"async\" class=\"wp-image-20293\" src=\"https:\/\/meterny.com\/wp-content\/uploads\/2024\/10\/METE-Series-Colour-151.png\" alt=\"Opzioni di colore della recinzione WPC Meterny\" width=\"1024\" height=\"1024\" srcset=\"https:\/\/meterny.com\/wp-content\/uploads\/2024\/10\/METE-Series-Colour-151.png 900w, https:\/\/meterny.com\/wp-content\/uploads\/2024\/10\/METE-Series-Colour-151-300x300.png 300w, https:\/\/meterny.com\/wp-content\/uploads\/2024\/10\/METE-Series-Colour-151-150x150.png 150w, https:\/\/meterny.com\/wp-content\/uploads\/2024\/10\/METE-Series-Colour-151-768x768.png 768w, https:\/\/meterny.com\/wp-content\/uploads\/2024\/10\/METE-Series-Colour-151-600x600.png 600w, https:\/\/meterny.com\/wp-content\/uploads\/2024\/10\/METE-Series-Colour-151-100x100.png 100w\" sizes=\"auto, (max-width: 1024px) 100vw, 1024px\" \/><figcaption id=\"caption-attachment-20293\" class=\"wp-caption-text\">Esplora il pavimento WPC Meterny - Nove splendide opzioni di colore per ogni stile<\/figcaption><\/figure>\n<p id=\"\">La scelta di una pavimentazione in legno e plastica di tonalit\u00e0 grigio scuro offre una serie di vantaggi che la rendono un'opzione interessante per gli spazi esterni sia residenziali che commerciali. Ecco alcuni validi motivi per prendere in considerazione questo tipo di pavimentazione:<\/p>\n<ol>\n<li><strong>Estetica<\/strong>:\n<ul>\n<li>I pavimenti in legno e plastica di colore grigio scuro hanno un aspetto elegante, moderno e sofisticato. Pu\u00f2 migliorare l'estetica complessiva di qualsiasi area esterna, sia essa un patio, una terrazza o un giardino.<\/li>\n<\/ul>\n<\/li>\n<li><strong>Durata e resistenza agli agenti atmosferici<\/strong>:\n<ul>\n<li>I pavimenti in composito di legno e plastica (WPC) sono noti per la loro durata e resistenza agli agenti atmosferici. I pavimenti in WPC di colore grigio scuro non fanno eccezione e offrono un'eccellente resistenza all'umidit\u00e0, alla putrefazione, agli insetti e ai raggi UV. Ci\u00f2 garantisce che il pavimento mantenga la sua bellezza e funzionalit\u00e0 per molti anni.<\/li>\n<\/ul>\n<\/li>\n<li><strong>Bassa manutenzione<\/strong>:\n<ul>\n<li>A differenza dei tradizionali pavimenti in legno, i pavimenti in WPC richiedono una manutenzione minima. I pavimenti in WPC di colore grigio scuro possono essere facilmente puliti con acqua e non richiedono verniciatura, sigillatura o colorazione. In questo modo si riducono i tempi e le risorse necessarie per la manutenzione e lo spazio esterno rimane immacolato.<\/li>\n<\/ul>\n<\/li>\n<li><strong>Resistenza ai graffi e all'usura<\/strong>:\n<ul>\n<li>I pavimenti in WPC di colore grigio scuro sono progettati per essere resistenti ai graffi e all'usura. Ci\u00f2 significa che pu\u00f2 sopportare il traffico pedonale intenso e i rigori dell'uso quotidiano senza mostrare segni di usura.<\/li>\n<\/ul>\n<\/li>\n<li><strong>Ecologico<\/strong>:\n<ul>\n<li>I pavimenti in legno composito sono realizzati con fibre di legno e materiali plastici riciclati, il che li rende una scelta ecologica. Scegliendo un pavimento WPC di colore grigio scuro, si contribuisce a ridurre i rifiuti e a promuovere pratiche sostenibili.<\/li>\n<\/ul>\n<\/li>\n<li><strong>Confortevole e sicuro<\/strong>:\n<ul>\n<li>La superficie dei pavimenti in WPC di colore grigio scuro \u00e8 liscia e confortevole e offre una piacevole esperienza di calpestio. Inoltre, \u00e8 antiscivolo e resistente alle crepe, il che lo rende una scelta sicura per gli spazi esterni in cui la sicurezza \u00e8 un problema.<\/li>\n<\/ul>\n<\/li>\n<li><strong>Versatilit\u00e0 e personalizzazione<\/strong>:\n<ul>\n<li>I pavimenti in WPC di colore grigio scuro sono versatili e possono essere utilizzati in una serie di ambienti esterni. \u00c8 inoltre disponibile in diverse dimensioni, texture e motivi, che consentono di personalizzare la pavimentazione in base alle proprie preferenze ed esigenze di design.<\/li>\n<\/ul>\n<\/li>\n<li><strong>Economicamente vantaggioso<\/strong>:\n<ul>\n<li>Sebbene l'investimento iniziale in un pavimento in WPC di tonalit\u00e0 grigio scuro possa essere pi\u00f9 elevato rispetto ad alcune opzioni di pavimentazione tradizionali, la sua durata e i bassi requisiti di manutenzione lo rendono una scelta conveniente a lungo termine.<\/li>\n<\/ul>\n<\/li>\n<\/ol>\n<p id=\"\">In sintesi, la scelta di una pavimentazione in legno e plastica di tonalit\u00e0 grigio scuro offre una combinazione di fascino estetico, durata, bassa manutenzione, resistenza ai graffi e all'usura, ecocompatibilit\u00e0, comfort e sicurezza, versatilit\u00e0 e convenienza. Questi vantaggi ne fanno una scelta eccellente per chiunque voglia migliorare il proprio spazio esterno con una soluzione di pavimentazione elegante, durevole e sostenibile.<\/p>\n<\/div>","protected":false},"excerpt":{"rendered":"<p>Pavimentazione in plastica di legno grigio scuro resistente ai graffi METE140H25 Pavimentazione in plastica di legno grigio scuro : Ideato per [...]<\/p>","protected":false},"featured_media":17395,"comment_status":"open","ping_status":"closed","template":"","meta":{"_uag_custom_page_level_css":"","site-sidebar-layout":"default","site-content-layout":"","ast-site-content-layout":"default","site-content-style":"default","site-sidebar-style":"default","ast-global-header-display":"","ast-banner-title-visibility":"","ast-main-header-display":"","ast-hfb-above-header-display":"","ast-hfb-below-header-display":"","ast-hfb-mobile-header-display":"","site-post-title":"","ast-breadcrumbs-content":"","ast-featured-img":"","footer-sml-layout":"","theme-transparent-header-meta":"default","adv-header-id-meta":"","stick-header-meta":"default","header-above-stick-meta":"","header-main-stick-meta":"","header-below-stick-meta":"","astra-migrate-meta-layouts":"set","ast-page-background-enabled":"default","ast-page-background-meta":{"desktop":{"background-color":"var(--ast-global-color-4)","background-image":"","background-repeat":"repeat","background-position":"center center","background-size":"auto","background-attachment":"scroll","background-type":"","background-media":"","overlay-type":"","overlay-color":"","overlay-opacity":"","overlay-gradient":""},"tablet":{"background-color":"","background-image":"","background-repeat":"repeat","background-position":"center center","background-size":"auto","background-attachment":"scroll","background-type":"","background-media":"","overlay-type":"","overlay-color":"","overlay-opacity":"","overlay-gradient":""},"mobile":{"background-color":"","background-image":"","background-repeat":"repeat","background-position":"center center","background-size":"auto","background-attachment":"scroll","background-type":"","background-media":"","overlay-type":"","overlay-color":"","overlay-opacity":"","overlay-gradient":""}},"ast-content-background-meta":{"desktop":{"background-color":"var(--ast-global-color-5)","background-image":"","background-repeat":"repeat","background-position":"center center","background-size":"auto","background-attachment":"scroll","background-type":"","background-media":"","overlay-type":"","overlay-color":"","overlay-opacity":"","overlay-gradient":""},"tablet":{"background-color":"var(--ast-global-color-5)","background-image":"","background-repeat":"repeat","background-position":"center center","background-size":"auto","background-attachment":"scroll","background-type":"","background-media":"","overlay-type":"","overlay-color":"","overlay-opacity":"","overlay-gradient":""},"mobile":{"background-color":"var(--ast-global-color-5)","background-image":"","background-repeat":"repeat","background-position":"center center","background-size":"auto","background-attachment":"scroll","background-type":"","background-media":"","overlay-type":"","overlay-color":"","overlay-opacity":"","overlay-gradient":""}}},"product_brand":[],"product_cat":[18],"product_tag":[182,181],"class_list":{"0":"post-20309","1":"product","2":"type-product","3":"status-publish","4":"has-post-thumbnail","6":"product_cat-uncategorized","7":"product_tag-wpc-decking","8":"product_tag-wpc-flooring","9":"desktop-align-center","10":"tablet-align-left","11":"mobile-align-left","12":"ast-product-gallery-layout-horizontal-slider","13":"ast-product-tabs-layout-vertical","15":"first","16":"instock","17":"featured","18":"shipping-taxable","19":"product-type-simple"},"uagb_featured_image_src":{"full":["https:\/\/meterny.com\/wp-content\/uploads\/2024\/03\/3-6-rotated.jpg",800,800,false],"thumbnail":["https:\/\/meterny.com\/wp-content\/uploads\/2024\/03\/3-6-150x150.jpg",150,150,true],"medium":["https:\/\/meterny.com\/wp-content\/uploads\/2024\/03\/3-6-300x300.jpg",300,300,true],"medium_large":["https:\/\/meterny.com\/wp-content\/uploads\/2024\/03\/3-6-768x768.jpg",768,768,true],"large":["https:\/\/meterny.com\/wp-content\/uploads\/2024\/03\/3-6-rotated.jpg",800,800,false],"1536x1536":["https:\/\/meterny.com\/wp-content\/uploads\/2024\/03\/3-6-rotated.jpg",800,800,false],"2048x2048":["https:\/\/meterny.com\/wp-content\/uploads\/2024\/03\/3-6-rotated.jpg",800,800,false],"trp-custom-language-flag":["https:\/\/meterny.com\/wp-content\/uploads\/2024\/03\/3-6-rotated.jpg",12,12,false],"woocommerce_thumbnail":["https:\/\/meterny.com\/wp-content\/uploads\/2024\/03\/3-6-300x300.jpg",300,300,true],"woocommerce_single":["https:\/\/meterny.com\/wp-content\/uploads\/2024\/03\/3-6-600x600.jpg",600,600,true],"woocommerce_gallery_thumbnail":["https:\/\/meterny.com\/wp-content\/uploads\/2024\/03\/3-6-100x100.jpg",100,100,true]},"uagb_author_info":{"display_name":"meterny","author_link":"https:\/\/meterny.com\/it\/author\/"},"uagb_comment_info":0,"uagb_excerpt":"Dark Grey Tone Wood Plastic Flooring Scratch-Resistant Dark Grey Planks METE140H25 Dark Grey Tone Wood Plastic Flooring : Designed for [&hellip;]","_links":{"self":[{"href":"https:\/\/meterny.com\/it\/wp-json\/wp\/v2\/product\/20309","targetHints":{"allow":["GET"]}}],"collection":[{"href":"https:\/\/meterny.com\/it\/wp-json\/wp\/v2\/product"}],"about":[{"href":"https:\/\/meterny.com\/it\/wp-json\/wp\/v2\/types\/product"}],"replies":[{"embeddable":true,"href":"https:\/\/meterny.com\/it\/wp-json\/wp\/v2\/comments?post=20309"}],"wp:featuredmedia":[{"embeddable":true,"href":"https:\/\/meterny.com\/it\/wp-json\/wp\/v2\/media\/17395"}],"wp:attachment":[{"href":"https:\/\/meterny.com\/it\/wp-json\/wp\/v2\/media?parent=20309"}],"wp:term":[{"taxonomy":"product_brand","embeddable":true,"href":"https:\/\/meterny.com\/it\/wp-json\/wp\/v2\/product_brand?post=20309"},{"taxonomy":"product_cat","embeddable":true,"href":"https:\/\/meterny.com\/it\/wp-json\/wp\/v2\/product_cat?post=20309"},{"taxonomy":"product_tag","embeddable":true,"href":"https:\/\/meterny.com\/it\/wp-json\/wp\/v2\/product_tag?post=20309"}],"curies":[{"name":"wp","href":"https:\/\/api.w.org\/{rel}","templated":true}]}}