{"id":20827,"date":"2025-01-09T08:33:11","date_gmt":"2025-01-09T08:33:11","guid":{"rendered":"https:\/\/meterny.com\/?post_type=product&#038;p=20827"},"modified":"2025-01-13T08:50:33","modified_gmt":"2025-01-13T08:50:33","slug":"eco-friendly-choice-wpc-wall-panels","status":"publish","type":"product","link":"https:\/\/meterny.com\/it\/prodotto\/eco-friendly-choice-wpc-wall-panels\/","title":{"rendered":"Pannelli da parete in WPC a scelta ecologica: Abbracciare la tendenza verde della casa"},"content":{"rendered":"<div class=\"elementor-element elementor-element-c0e1d42 elementor-widget elementor-widget-heading\" data-id=\"c0e1d42\" data-element_type=\"widget\" data-widget_type=\"heading.default\">\n<div class=\"elementor-widget-container\">\n<h2 class=\"elementor-heading-title elementor-size-default\" style=\"text-align: center;\">Pannelli da parete in WPC a scelta ecologica: Abbracciare la tendenza verde della casa Specifica<\/h2>\n<\/div>\n<\/div>\n<div class=\"elementor-element elementor-element-1f676da elementor-widget elementor-widget-heading\" data-id=\"1f676da\" data-element_type=\"widget\" data-widget_type=\"heading.default\">\n<p id=\"\"><strong>Introduzione<\/strong>:<br \/>\nVi presentiamo i nostri pannelli da parete in WPC Eco-Friendly Choice, il perfetto connubio tra natura e tecnologia moderna, progettati per dare un tocco di verde alla vostra casa, migliorandone al contempo l'estetica. Realizzati in Wood Plastic Composite (WPC) di alta qualit\u00e0, questi pannelli non sono solo eleganti ma anche ecologici, il che li rende la scelta ideale per i proprietari di case attenti all'ambiente.<\/p>\n<p><strong>Modello<\/strong>: METE227H25<br \/>\n<strong>Tipo<\/strong>: Pannelli murali WPC di scelta ecologica<br \/>\n<strong>Dimensione<\/strong>: 227\u00d725 mm<\/p>\n<p><strong>Superficie<\/strong>: Grani diritti<br \/>\n<strong>Lunghezza<\/strong>2,9 m o su misura<br \/>\n<strong>Materiale<\/strong>: Composito di legno e plastica<br \/>\n<strong>Tecnologia del prodotto<\/strong>: Eco-estrusione<\/p>\n<hr \/>\n<h3><strong>Caratteristiche principali<\/strong>:<\/h3>\n<ol>\n<li><strong>Materiale ecologico<\/strong>:\n<ul>\n<li>I nostri pannelli per pareti in WPC a scelta ecologica sono realizzati con fibre di legno e plastica riciclate, riducendo i rifiuti e promuovendo la sostenibilit\u00e0.<\/li>\n<li>Sono 100% atossici e non emettono sostanze chimiche nocive, garantendo un ambiente di vita sicuro per voi e la vostra famiglia.<\/li>\n<\/ul>\n<\/li>\n<li><strong>Durata e longevit\u00e0<\/strong>:\n<ul>\n<li>Progettati per resistere alla prova del tempo, i nostri pannelli da parete in WPC sono resistenti allo sbiadimento, alle crepe e alle deformazioni.<\/li>\n<li>Sono inoltre resistenti alle termiti e all'umidit\u00e0, rendendoli adatti a varie applicazioni in interni ed esterni.<\/li>\n<\/ul>\n<\/li>\n<li><strong>Installazione semplice<\/strong>:\n<ul>\n<li>Risparmiate tempo e denaro con i nostri pannelli da parete in WPC Eco-Friendly Choice, facili da installare. Non sono necessari strumenti o competenze particolari.<\/li>\n<li>Basta tagliare a misura, incastrare e godersi la nuova parete elegante in un batter d'occhio.<\/li>\n<\/ul>\n<\/li>\n<li><strong>Stili versatili<\/strong>:\n<ul>\n<li>Scegliete tra un'ampia gamma di colori, texture e finiture che si adattano al vostro stile personale e all'arredamento della vostra casa.<\/li>\n<li>I nostri pannelli da parete in WPC possono essere utilizzati per creare pareti caratteristiche, accentuare dettagli architettonici o rivestire intere stanze per un look coesivo.<\/li>\n<\/ul>\n<\/li>\n<li><strong>Economicamente vantaggioso<\/strong>:\n<ul>\n<li>Godetevi il lusso di una decorazione murale di alto livello senza spendere troppo. I nostri pannelli da parete in WPC offrono un eccezionale rapporto qualit\u00e0-prezzo.<\/li>\n<li>Inoltre, richiedono poca manutenzione e consentono di risparmiare su riparazioni e sostituzioni nel tempo.<\/li>\n<\/ul>\n<\/li>\n<\/ol>\n<hr \/>\n<h3><strong>Specifiche del prodotto<\/strong>:<\/h3>\n<ul>\n<li><strong>Materiale<\/strong>: Composito di legno e plastica (WPC)<\/li>\n<li><strong>Dimensioni<\/strong>: 135*119*23mm\/217*201*28mm\/227*210*25mm<\/li>\n<li><strong>Spessore<\/strong>: 23\/25\/28 mm<\/li>\n<li><strong>Peso<\/strong>: 3 kg\/metro<\/li>\n<li><strong>Opzioni di colore<\/strong>: nero\/teak\/marrone\/doppio colore<\/li>\n<li><strong>Opzioni di finitura<\/strong>: venature del legno 3d<\/li>\n<li><strong>Metodo di installazione<\/strong>: incastro maschio-femmina, sistema a clip, ecc.<\/li>\n<li><strong>Garanzia<\/strong>: pi\u00f9 di 10 anni<\/li>\n<\/ul>\n<h3>Se volete saperne di pi\u00f9, cliccate sul link di you tube:<a href=\"https:\/\/youtu.be\/tvSl5yo4US0\" target=\"_blank\" rel=\"noopener\">https:\/\/youtu.be\/tvSl5yo4US0<\/a><\/h3>\n<h3><\/h3>\n<h3>Galleria<\/h3>\n<figure id=\"attachment_17359\" aria-describedby=\"caption-attachment-17359\" style=\"width: 1024px\" class=\"wp-caption alignnone\"><img loading=\"lazy\" decoding=\"async\" class=\"wp-image-17359\" src=\"https:\/\/meterny.com\/wp-content\/uploads\/2024\/04\/60.png\" alt=\"Pannelli murali decorativi WPC per esterni\" width=\"1024\" height=\"1025\" srcset=\"https:\/\/meterny.com\/wp-content\/uploads\/2024\/04\/60.png 734w, https:\/\/meterny.com\/wp-content\/uploads\/2024\/04\/60-300x300.png 300w, https:\/\/meterny.com\/wp-content\/uploads\/2024\/04\/60-150x150.png 150w, https:\/\/meterny.com\/wp-content\/uploads\/2024\/04\/60-600x601.png 600w, https:\/\/meterny.com\/wp-content\/uploads\/2024\/04\/60-100x100.png 100w\" sizes=\"auto, (max-width: 1024px) 100vw, 1024px\" \/><figcaption id=\"caption-attachment-17359\" class=\"wp-caption-text\">Aggiungete stile ai vostri esterni con i pannelli decorativi in WPC.<\/figcaption><\/figure>\n<figure id=\"attachment_17360\" aria-describedby=\"caption-attachment-17360\" style=\"width: 1024px\" class=\"wp-caption alignnone\"><img loading=\"lazy\" decoding=\"async\" class=\"wp-image-17360\" src=\"https:\/\/meterny.com\/wp-content\/uploads\/2024\/04\/63.png\" alt=\"Pannelli da parete WPC per il rivestimento esterno\" width=\"1024\" height=\"1024\" srcset=\"https:\/\/meterny.com\/wp-content\/uploads\/2024\/04\/63.png 800w, https:\/\/meterny.com\/wp-content\/uploads\/2024\/04\/63-300x300.png 300w, https:\/\/meterny.com\/wp-content\/uploads\/2024\/04\/63-150x150.png 150w, https:\/\/meterny.com\/wp-content\/uploads\/2024\/04\/63-768x768.png 768w, https:\/\/meterny.com\/wp-content\/uploads\/2024\/04\/63-600x600.png 600w, https:\/\/meterny.com\/wp-content\/uploads\/2024\/04\/63-100x100.png 100w\" sizes=\"auto, (max-width: 1024px) 100vw, 1024px\" \/><figcaption id=\"caption-attachment-17360\" class=\"wp-caption-text\">Pannelli murali WPC resistenti alle intemperie per il rivestimento esterno<\/figcaption><\/figure>\n<figure id=\"attachment_17355\" aria-describedby=\"caption-attachment-17355\" style=\"width: 1024px\" class=\"wp-caption alignnone\"><img loading=\"lazy\" decoding=\"async\" class=\"wp-image-17355\" src=\"https:\/\/meterny.com\/wp-content\/uploads\/2024\/04\/28.png\" alt=\"Pannello decorativo da parete WPC\" width=\"1024\" height=\"1024\" srcset=\"https:\/\/meterny.com\/wp-content\/uploads\/2024\/04\/28.png 800w, https:\/\/meterny.com\/wp-content\/uploads\/2024\/04\/28-300x300.png 300w, https:\/\/meterny.com\/wp-content\/uploads\/2024\/04\/28-150x150.png 150w, https:\/\/meterny.com\/wp-content\/uploads\/2024\/04\/28-768x768.png 768w, https:\/\/meterny.com\/wp-content\/uploads\/2024\/04\/28-600x600.png 600w, https:\/\/meterny.com\/wp-content\/uploads\/2024\/04\/28-100x100.png 100w\" sizes=\"auto, (max-width: 1024px) 100vw, 1024px\" \/><figcaption id=\"caption-attachment-17355\" class=\"wp-caption-text\">Elegante pannello decorativo da parete in WPC, eleva il tuo spazio<\/figcaption><\/figure>\n<\/div>\n<div class=\"elementor-element elementor-element-1f676da elementor-widget elementor-widget-heading\" data-id=\"1f676da\" data-element_type=\"widget\" data-widget_type=\"heading.default\">\n<h3><strong>Descrizione del prodotto: Pannelli murali WPC di scelta ecologica<\/strong><\/h3>\n<hr \/>\n<p id=\"\"><strong>Abbracciare la sostenibilit\u00e0 e lo stile con i pannelli da parete in WPC a scelta ecologica<\/strong><\/p>\n<p id=\"\">Trasformate il vostro spazio abitativo con i nostri pannelli da parete in WPC Eco-Friendly Choice, l'ultima fusione di design eco-consapevole ed estetica moderna. Realizzati in composito di legno e plastica (WPC) di alta qualit\u00e0, questi innovativi pannelli non sono solo eleganti e durevoli, ma anche rispettosi dell'ambiente, il che li rende la scelta perfetta per i proprietari di casa che danno priorit\u00e0 alla sostenibilit\u00e0 e alla bellezza.<\/p>\n<p id=\"\"><strong>Materiale ecologico<\/strong><br \/>\nI nostri pannelli da parete in WPC a scelta ecologica sono realizzati con una miscela di fibre di legno e plastica riciclate, riducendo i rifiuti e promuovendo un futuro pi\u00f9 sostenibile. Questo materiale ecologico \u00e8 100% atossico e non emette sostanze chimiche nocive, garantendo un ambiente di vita sano e sicuro per voi e la vostra famiglia.<\/p>\n<p id=\"\"><strong>Durata e longevit\u00e0<\/strong><br \/>\nProgettati per resistere ai rigori della vita quotidiana, i nostri pannelli da parete in WPC Eco-Friendly Choice sono altamente resistenti allo sbiadimento, alle crepe e alle deformazioni. Sono inoltre resistenti alle termiti e all'umidit\u00e0, il che li rende ideali per varie applicazioni interne ed esterne. Se volete migliorare l'aspetto del vostro salotto, della cucina, del bagno o del patio esterno, i nostri pannelli da parete in WPC Eco-Friendly Choice sono all'altezza del compito.<\/p>\n<p id=\"\"><strong>Facile installazione e manutenzione<\/strong><br \/>\nDite addio alle installazioni complicate e agli alti costi di manutenzione. I nostri pannelli da parete in WPC sono progettati per una facile installazione, che non richiede strumenti o competenze particolari. Basta tagliarli a misura, posizionarli e godersi la nuova parete elegante in pochissimo tempo. Inoltre, grazie al loro design a bassa manutenzione, nel tempo risparmierete su riparazioni e sostituzioni.<\/p>\n<p id=\"\"><strong>Stili e finiture versatili<\/strong><br \/>\nScegliete tra un'ampia gamma di colori, texture e finiture che si adattano al vostro stile personale e all'arredamento della vostra casa. I nostri pannelli murali in WPC possono essere utilizzati per creare pareti caratteristiche, accentuare dettagli architettonici o rivestire intere stanze per un look coesivo. Sia che preferiate un'estetica elegante e moderna o un fascino pi\u00f9 rustico e tradizionale, abbiamo uno stile adatto alle vostre esigenze.<\/p>\n<p id=\"\"><strong>Soluzione economicamente vantaggiosa<\/strong><br \/>\nGodetevi il lusso di una decorazione murale di alto livello senza spendere troppo. I nostri pannelli da parete in WPC offrono un eccezionale rapporto qualit\u00e0-prezzo, fornendo una soluzione elegante e sostenibile che non grava sul vostro budget. Inoltre, grazie alla loro lunga durata e al design che richiede poca manutenzione, potrete trarre il massimo dal vostro investimento per gli anni a venire.<\/p>\n<h3>Opzioni di colore<\/h3>\n<figure id=\"attachment_20293\" aria-describedby=\"caption-attachment-20293\" style=\"width: 1024px\" class=\"wp-caption alignnone\"><img loading=\"lazy\" decoding=\"async\" class=\"wp-image-20293\" src=\"https:\/\/meterny.com\/wp-content\/uploads\/2024\/10\/METE-Series-Colour-151.png\" alt=\"Opzioni di colore della recinzione WPC Meterny\" width=\"1024\" height=\"1024\" srcset=\"https:\/\/meterny.com\/wp-content\/uploads\/2024\/10\/METE-Series-Colour-151.png 900w, https:\/\/meterny.com\/wp-content\/uploads\/2024\/10\/METE-Series-Colour-151-300x300.png 300w, https:\/\/meterny.com\/wp-content\/uploads\/2024\/10\/METE-Series-Colour-151-150x150.png 150w, https:\/\/meterny.com\/wp-content\/uploads\/2024\/10\/METE-Series-Colour-151-768x768.png 768w, https:\/\/meterny.com\/wp-content\/uploads\/2024\/10\/METE-Series-Colour-151-600x600.png 600w, https:\/\/meterny.com\/wp-content\/uploads\/2024\/10\/METE-Series-Colour-151-100x100.png 100w\" sizes=\"auto, (max-width: 1024px) 100vw, 1024px\" \/><figcaption id=\"caption-attachment-20293\" class=\"wp-caption-text\">Esplora la recinzione in WPC Meterny - Nove splendide opzioni di colore per ogni stile<\/figcaption><\/figure>\n<h3><strong>Perch\u00e9 scegliere i pannelli da parete in WPC a scelta ecologica?<\/strong><\/h3>\n<p id=\"\">La scelta di pannelli da parete in WPC ecologici \u00e8 una decisione saggia per diversi motivi:<\/p>\n<ol>\n<li>\n<p id=\"\"><strong>Responsabilit\u00e0 ambientale<\/strong>: I nostri pannelli da parete in WPC sono realizzati con una miscela di fibre di legno e plastica riciclate, riducendo in modo significativo i rifiuti e promuovendo un futuro pi\u00f9 sostenibile ed ecologico. Scegliendo questi pannelli, si contribuisce alla conservazione delle risorse naturali e si riduce l'impronta di carbonio.<\/p>\n<\/li>\n<li>\n<p id=\"\"><strong>Durata e longevit\u00e0<\/strong>: Scelta ecologica I pannelli da parete in WPC sono progettati per sopportare i rigori della vita quotidiana. Sono altamente resistenti allo sbiadimento, alle crepe e alle deformazioni, oltre a essere resistenti alle termiti e all'umidit\u00e0. Ci\u00f2 garantisce che i vostri pannelli a parete siano belli e performanti per gli anni a venire, riducendo la necessit\u00e0 di frequenti sostituzioni.<\/p>\n<\/li>\n<li>\n<p id=\"\"><strong>Facile installazione e bassa manutenzione<\/strong>: I nostri pannelli da parete in WPC sono progettati per essere installati facilmente e non richiedono strumenti o competenze particolari. Questo rende semplice e veloce migliorare l'aspetto della vostra casa. Inoltre, grazie al loro design a bassa manutenzione, nel tempo risparmierete denaro e tempo in riparazioni e sostituzioni.<\/p>\n<\/li>\n<li>\n<p id=\"\"><strong>Stili e finiture versatili<\/strong>: Sia che preferiate un'estetica elegante e moderna, sia che preferiate un fascino pi\u00f9 rustico e tradizionale, i nostri pannelli da parete in WPC sono disponibili in un'ampia gamma di colori, texture e finiture per adattarsi al vostro stile personale e all'arredamento della vostra casa. Questa versatilit\u00e0 vi permette di creare un look unico e coeso che rifletta veramente la vostra personalit\u00e0.<\/p>\n<\/li>\n<li>\n<p id=\"\"><strong>Soluzione economicamente vantaggiosa<\/strong>: Scelta ecologica I pannelli da parete in WPC offrono un eccezionale rapporto qualit\u00e0-prezzo. Rappresentano una soluzione elegante e sostenibile che non grava sul vostro budget. Inoltre, grazie alla loro lunga durata e al design che richiede poca manutenzione, potrete trarre il massimo dal vostro investimento per gli anni a venire.<\/p>\n<\/li>\n<li>\n<p id=\"\"><strong>Salute e sicurezza<\/strong>: I nostri pannelli murali in WPC sono 100% atossici e non emettono sostanze chimiche nocive, garantendo un ambiente di vita sicuro e sano per voi e la vostra famiglia. Questo \u00e8 particolarmente importante per chi soffre di allergie o sensibilit\u00e0 alle sostanze chimiche comunemente presenti nei materiali murali tradizionali.<\/p>\n<\/li>\n<\/ol>\n<p id=\"\">In sintesi, scegliere i pannelli da parete in WPC Eco-Friendly Choice \u00e8 una scelta intelligente per chiunque voglia migliorare la bellezza e la funzionalit\u00e0 della propria casa, contribuendo al contempo alla sostenibilit\u00e0 ambientale, al risparmio e alla promozione di un ambiente di vita sano.<\/p>\n<\/div>","protected":false},"excerpt":{"rendered":"<p>Qualit\u00e0 superiore: Realizzato con materiali di prima qualit\u00e0, questo pannello WPC Exterior offre protezione dagli elementi.<\/p>\n<p>Design elegante: Elevate l'esterno della vostra propriet\u00e0 con un rivestimento elegante e moderno che si adatta a qualsiasi stile architettonico.<\/p>\n<p>Facile installazione: \u00c8 stato progettato per un'installazione senza problemi, risparmiando tempo e fatica.<\/p>\n<p>Versatile: che si tratti di immobili residenziali o commerciali, questo pannello WPC \u00e8 perfetto per tutte le applicazioni di rivestimento esterno.<\/p>\n<p>Eco-compatibile: Realizzato con materiali sostenibili, \u00e8 la scelta ecologica per le vostre esigenze di design esterno.<\/p>","protected":false},"featured_media":20795,"comment_status":"open","ping_status":"closed","template":"","meta":{"_uag_custom_page_level_css":"","site-sidebar-layout":"default","site-content-layout":"","ast-site-content-layout":"default","site-content-style":"default","site-sidebar-style":"default","ast-global-header-display":"","ast-banner-title-visibility":"","ast-main-header-display":"","ast-hfb-above-header-display":"","ast-hfb-below-header-display":"","ast-hfb-mobile-header-display":"","site-post-title":"","ast-breadcrumbs-content":"","ast-featured-img":"","footer-sml-layout":"","theme-transparent-header-meta":"default","adv-header-id-meta":"","stick-header-meta":"default","header-above-stick-meta":"","header-main-stick-meta":"","header-below-stick-meta":"","astra-migrate-meta-layouts":"set","ast-page-background-enabled":"default","ast-page-background-meta":{"desktop":{"background-color":"var(--ast-global-color-4)","background-image":"","background-repeat":"repeat","background-position":"center center","background-size":"auto","background-attachment":"scroll","background-type":"","background-media":"","overlay-type":"","overlay-color":"","overlay-opacity":"","overlay-gradient":""},"tablet":{"background-color":"","background-image":"","background-repeat":"repeat","background-position":"center center","background-size":"auto","background-attachment":"scroll","background-type":"","background-media":"","overlay-type":"","overlay-color":"","overlay-opacity":"","overlay-gradient":""},"mobile":{"background-color":"","background-image":"","background-repeat":"repeat","background-position":"center center","background-size":"auto","background-attachment":"scroll","background-type":"","background-media":"","overlay-type":"","overlay-color":"","overlay-opacity":"","overlay-gradient":""}},"ast-content-background-meta":{"desktop":{"background-color":"var(--ast-global-color-5)","background-image":"","background-repeat":"repeat","background-position":"center center","background-size":"auto","background-attachment":"scroll","background-type":"","background-media":"","overlay-type":"","overlay-color":"","overlay-opacity":"","overlay-gradient":""},"tablet":{"background-color":"var(--ast-global-color-5)","background-image":"","background-repeat":"repeat","background-position":"center center","background-size":"auto","background-attachment":"scroll","background-type":"","background-media":"","overlay-type":"","overlay-color":"","overlay-opacity":"","overlay-gradient":""},"mobile":{"background-color":"var(--ast-global-color-5)","background-image":"","background-repeat":"repeat","background-position":"center center","background-size":"auto","background-attachment":"scroll","background-type":"","background-media":"","overlay-type":"","overlay-color":"","overlay-opacity":"","overlay-gradient":""}}},"product_brand":[],"product_cat":[175],"product_tag":[184,180],"class_list":{"0":"post-20827","1":"product","2":"type-product","3":"status-publish","4":"has-post-thumbnail","6":"product_cat-exterior-wpc-wall","7":"product_tag-wpc-wall-exterior","8":"product_tag-wpc-wall-panel","9":"desktop-align-center","10":"tablet-align-left","11":"mobile-align-left","12":"ast-product-gallery-layout-horizontal-slider","13":"ast-product-tabs-layout-vertical","15":"first","16":"instock","17":"shipping-taxable","18":"product-type-simple"},"uagb_featured_image_src":{"full":["https:\/\/meterny.com\/wp-content\/uploads\/2024\/04\/227H25-TEAK1-300x300-2.png",300,300,false],"thumbnail":["https:\/\/meterny.com\/wp-content\/uploads\/2024\/04\/227H25-TEAK1-300x300-2-150x150.png",150,150,true],"medium":["https:\/\/meterny.com\/wp-content\/uploads\/2024\/04\/227H25-TEAK1-300x300-2.png",300,300,false],"medium_large":["https:\/\/meterny.com\/wp-content\/uploads\/2024\/04\/227H25-TEAK1-300x300-2.png",300,300,false],"large":["https:\/\/meterny.com\/wp-content\/uploads\/2024\/04\/227H25-TEAK1-300x300-2.png",300,300,false],"1536x1536":["https:\/\/meterny.com\/wp-content\/uploads\/2024\/04\/227H25-TEAK1-300x300-2.png",300,300,false],"2048x2048":["https:\/\/meterny.com\/wp-content\/uploads\/2024\/04\/227H25-TEAK1-300x300-2.png",300,300,false],"trp-custom-language-flag":["https:\/\/meterny.com\/wp-content\/uploads\/2024\/04\/227H25-TEAK1-300x300-2.png",12,12,false],"woocommerce_thumbnail":["https:\/\/meterny.com\/wp-content\/uploads\/2024\/04\/227H25-TEAK1-300x300-2.png",300,300,false],"woocommerce_single":["https:\/\/meterny.com\/wp-content\/uploads\/2024\/04\/227H25-TEAK1-300x300-2.png",300,300,false],"woocommerce_gallery_thumbnail":["https:\/\/meterny.com\/wp-content\/uploads\/2024\/04\/227H25-TEAK1-300x300-2-100x100.png",100,100,true]},"uagb_author_info":{"display_name":"meterny","author_link":"https:\/\/meterny.com\/it\/author\/"},"uagb_comment_info":0,"uagb_excerpt":"Superior Quality: Crafted from premium materials, this WPC Exterior panel offers protection against the elements. Stylish Design: Elevate the exterior of your property with sleek and modern cladding that complements any architectural style. Easy Installation: It is designed for hassle-free installation, saving you time and effort. Versatile: Whether it's for residential or commercial properties, This&hellip;","_links":{"self":[{"href":"https:\/\/meterny.com\/it\/wp-json\/wp\/v2\/product\/20827","targetHints":{"allow":["GET"]}}],"collection":[{"href":"https:\/\/meterny.com\/it\/wp-json\/wp\/v2\/product"}],"about":[{"href":"https:\/\/meterny.com\/it\/wp-json\/wp\/v2\/types\/product"}],"replies":[{"embeddable":true,"href":"https:\/\/meterny.com\/it\/wp-json\/wp\/v2\/comments?post=20827"}],"wp:featuredmedia":[{"embeddable":true,"href":"https:\/\/meterny.com\/it\/wp-json\/wp\/v2\/media\/20795"}],"wp:attachment":[{"href":"https:\/\/meterny.com\/it\/wp-json\/wp\/v2\/media?parent=20827"}],"wp:term":[{"taxonomy":"product_brand","embeddable":true,"href":"https:\/\/meterny.com\/it\/wp-json\/wp\/v2\/product_brand?post=20827"},{"taxonomy":"product_cat","embeddable":true,"href":"https:\/\/meterny.com\/it\/wp-json\/wp\/v2\/product_cat?post=20827"},{"taxonomy":"product_tag","embeddable":true,"href":"https:\/\/meterny.com\/it\/wp-json\/wp\/v2\/product_tag?post=20827"}],"curies":[{"name":"wp","href":"https:\/\/api.w.org\/{rel}","templated":true}]}}