{"id":21006,"date":"2025-01-14T12:03:47","date_gmt":"2025-01-14T12:03:47","guid":{"rendered":"https:\/\/meterny.com\/?post_type=product&#038;p=21006"},"modified":"2025-01-14T12:33:47","modified_gmt":"2025-01-14T12:33:47","slug":"outdoor-noise-reducing-wpc-wall-panels","status":"publish","type":"product","link":"https:\/\/meterny.com\/it\/prodotto\/outdoor-noise-reducing-wpc-wall-panels\/","title":{"rendered":"Pannelli da parete WPC a riduzione di rumore per esterni"},"content":{"rendered":"<div class=\"elementor-element elementor-element-c0e1d42 elementor-widget elementor-widget-heading\" data-id=\"c0e1d42\" data-element_type=\"widget\" data-widget_type=\"heading.default\">\n<p><span style=\"font-size: 1.5em; font-weight: bold;\">Pannelli da parete WPC a riduzione di rumore per esterni<\/span><\/p>\n<div class=\"elementor-element elementor-element-1f676da elementor-widget elementor-widget-heading\" data-id=\"1f676da\" data-element_type=\"widget\" data-widget_type=\"heading.default\">\n<h4>Panoramica del prodotto<\/h4>\n<p id=\"\">I pannelli murali in WPC antirumore per esterni sono innovativi elementi decorativi per pareti progettati appositamente per gli ambienti esterni. Combinando eccellenti prestazioni di isolamento acustico con la durata dei materiali compositi legno-plastica (WPC), questi pannelli non solo riducono efficacemente il rumore esterno, ma offrono anche soluzioni decorative belle ed ecologiche.<\/p>\n<figure id=\"attachment_20956\" aria-describedby=\"caption-attachment-20956\" style=\"width: 1024px\" class=\"wp-caption alignnone\"><img loading=\"lazy\" decoding=\"async\" class=\"wp-image-20956\" src=\"https:\/\/meterny.com\/wp-content\/uploads\/2025\/01\/75-178-300x300-1.png\" alt=\"Pannelli da parete WPC a riduzione di rumore per esterni\" width=\"1024\" height=\"1024\" srcset=\"https:\/\/meterny.com\/wp-content\/uploads\/2025\/01\/75-178-300x300-1.png 800w, https:\/\/meterny.com\/wp-content\/uploads\/2025\/01\/75-178-300x300-1-300x300.png 300w, https:\/\/meterny.com\/wp-content\/uploads\/2025\/01\/75-178-300x300-1-150x150.png 150w, https:\/\/meterny.com\/wp-content\/uploads\/2025\/01\/75-178-300x300-1-768x768.png 768w, https:\/\/meterny.com\/wp-content\/uploads\/2025\/01\/75-178-300x300-1-600x600.png 600w, https:\/\/meterny.com\/wp-content\/uploads\/2025\/01\/75-178-300x300-1-100x100.png 100w\" sizes=\"auto, (max-width: 1024px) 100vw, 1024px\" \/><figcaption id=\"caption-attachment-20956\" class=\"wp-caption-text\">Creare uno spazio esterno tranquillo con i pannelli WPC antirumore<\/figcaption><\/figure>\n<\/div>\n<p><strong style=\"font-size: 1.5em;\">Specifiche del prodotto<\/strong><span style=\"font-size: 1.5em; font-weight: bold;\">:<\/span><\/p>\n<ul>\n<li style=\"list-style-type: none;\">\n<ul>\n<li><strong>Materiale<\/strong>: Fibre di legno e plastica riciclate<\/li>\n<li><strong>Dimensioni<\/strong>: 135*119*23mm\/217*201*28mm\/227*210*25mm, con personalizzazione disponibile secondo i requisiti del cliente.<\/li>\n<li><strong>Spessore<\/strong>: 23\/25\/28 mm<\/li>\n<li><strong>Peso<\/strong>: 3 kg\/metro<\/li>\n<li><strong>Opzioni di colore<\/strong>: Disponibile in 9 colori standard, con la possibilit\u00e0 di abbinamenti cromatici personalizzati.<\/li>\n<li><strong>Trattamento della superficie<\/strong>: Disponibile con finiture convenzionali, spazzolate o goffrate.<\/li>\n<li><strong>Materiale<\/strong>: Composito legno-plastica (WPC) di alta qualit\u00e0, costituito da una miscela di fibre di legno e materiali termoplastici (come HDPE, PVC, PP).<\/li>\n<li><strong>Metodo di installazione<\/strong>: incastro maschio-femmina, sistema a clip, ecc.<\/li>\n<li><strong>Resistenza al fuoco<\/strong>: Soddisfa gli standard internazionali di sicurezza antincendio, offrendo un ulteriore livello di sicurezza alla vostra casa.<\/li>\n<li><strong>Protezione UV<\/strong>: Protezione UV avanzata per prevenire lo sbiadimento e mantenere l'aspetto vivace del rivestimento.<\/li>\n<li><strong>Garanzia<\/strong>: pi\u00f9 di 10 anni<\/li>\n<li><strong>Scenari di applicazione<\/strong>: Decorazione di pareti esterne, barriere acustiche, recinzioni per la privacy, ecc.<\/li>\n<\/ul>\n<\/li>\n<\/ul>\n<div class=\"elementor-element elementor-element-1f676da elementor-widget elementor-widget-heading\" data-id=\"1f676da\" data-element_type=\"widget\" data-widget_type=\"heading.default\">\n<h4>Caratteristiche principali<\/h4>\n<ol>\n<li><strong>Eccellenti prestazioni di isolamento acustico<\/strong>:\n<ul>\n<li>Progettato specificamente per la riduzione del rumore, isola efficacemente i rumori esterni per creare uno spazio esterno tranquillo.<\/li>\n<\/ul>\n<\/li>\n<li><strong>Durevole ed ecologico<\/strong>:\n<ul>\n<li>Realizzati in compositi legno-plastica (WPC) di alta qualit\u00e0, combinano i vantaggi delle fibre di legno e delle materie plastiche, con propriet\u00e0 impermeabili, ignifughe, resistenti alla corrosione e agli agenti atmosferici.<\/li>\n<li>Rispettosi dell'ambiente e non tossici, riciclabili e conformi ai principi dello sviluppo sostenibile.<\/li>\n<\/ul>\n<\/li>\n<li><strong>Versatilit\u00e0<\/strong>:\n<ul>\n<li>Adatto a vari ambienti esterni, come giardini, balconi, corridoi, garage, ecc.<\/li>\n<li>Non solo ha una funzione decorativa, ma fornisce anche un'ulteriore protezione della privacy.<\/li>\n<\/ul>\n<\/li>\n<li><strong>Estetica e facilit\u00e0 di installazione<\/strong>:\n<ul>\n<li>Offre una variet\u00e0 di colori e design tra cui scegliere, personalizzabili in base alle preferenze personali e agli stili architettonici.<\/li>\n<li>Facile da installare, supporta il fai-da-te e consente di risparmiare tempo e costi di installazione.<\/li>\n<\/ul>\n<\/li>\n<li><strong>Servizio di qualit\u00e0<\/strong>:\n<ul>\n<li>Fornisce una consulenza completa prima della vendita e un servizio post-vendita, che comprende assistenza tecnica online, ispezioni in loco, resi e sostituzioni.<\/li>\n<li>Supporta servizi OEM e ODM per soddisfare esigenze personalizzate.<\/li>\n<\/ul>\n<\/li>\n<\/ol>\n<h4>Garanzia di qualit\u00e0 e certificazioni<\/h4>\n<ul>\n<li><strong>Garanzia<\/strong>: Oltre 5 anni<\/li>\n<li><strong>Certificazioni<\/strong>: CE, EN 15534, REACH e altre certificazioni standard internazionali per garantire la qualit\u00e0 e la sicurezza del prodotto.<\/li>\n<\/ul>\n<h4>Imballaggio e spedizione<\/h4>\n<ul>\n<li><strong>Unit\u00e0 di vendita<\/strong>: Articolo singolo<\/li>\n<li><strong>Dimensione della confezione singola<\/strong>: Varia a seconda del modello specifico<\/li>\n<li><strong>Peso lordo per articolo<\/strong>: Circa 3.000 kg<\/li>\n<li><strong>Tempi di consegna<\/strong>: Dipende dal volume dell'ordine e dai requisiti di personalizzazione<\/li>\n<li><strong>Metodo di spedizione<\/strong>: Supporta diversi metodi di trasporto, negoziabili in base alle esigenze del cliente.<\/li>\n<\/ul>\n<h4>Contatto<\/h4>\n<p>In qualit\u00e0 di produttore e fornitore professionale di prodotti WPC di alta qualit\u00e0, ci impegniamo a fornirvi le migliori soluzioni per i vostri progetti outdoor. Contattateci oggi stesso per discutere le vostre esigenze specifiche e ottenere un preventivo gratuito.<\/p>\n<p>Whatsapp:+86 18566054354<\/p>\n<p>Email: damon@meterny.com<\/p>\n<h3>Se volete saperne di pi\u00f9, cliccate sul link di youtube:<a href=\"https:\/\/youtu.be\/Btywqaynt_Y\" target=\"_blank\" rel=\"noopener\">https:\/\/youtu.be\/Btywqaynt_Y<\/a><\/h3>\n<p>&nbsp;<\/p>\n<h3>Galleria<\/h3>\n<p>&nbsp;<\/p>\n<figure id=\"attachment_20947\" aria-describedby=\"caption-attachment-20947\" style=\"width: 1024px\" class=\"wp-caption alignnone\"><img loading=\"lazy\" decoding=\"async\" class=\"wp-image-20947\" src=\"https:\/\/meterny.com\/wp-content\/uploads\/2025\/01\/75-155.jpg\" alt=\"Pannelli murali WPC protetti dai raggi UV per la decorazione murale della casa all&#039;aperto\" width=\"1024\" height=\"1024\" srcset=\"https:\/\/meterny.com\/wp-content\/uploads\/2025\/01\/75-155.jpg 800w, https:\/\/meterny.com\/wp-content\/uploads\/2025\/01\/75-155-300x300.jpg 300w, https:\/\/meterny.com\/wp-content\/uploads\/2025\/01\/75-155-150x150.jpg 150w, https:\/\/meterny.com\/wp-content\/uploads\/2025\/01\/75-155-768x768.jpg 768w, https:\/\/meterny.com\/wp-content\/uploads\/2025\/01\/75-155-600x600.jpg 600w, https:\/\/meterny.com\/wp-content\/uploads\/2025\/01\/75-155-100x100.jpg 100w\" sizes=\"auto, (max-width: 1024px) 100vw, 1024px\" \/><figcaption id=\"caption-attachment-20947\" class=\"wp-caption-text\">Proteggete il vostro spazio esterno dai raggi UV con i pannelli in WPC<\/figcaption><\/figure>\n<figure id=\"attachment_20939\" aria-describedby=\"caption-attachment-20939\" style=\"width: 1024px\" class=\"wp-caption alignnone\"><img loading=\"lazy\" decoding=\"async\" class=\"wp-image-20939\" src=\"https:\/\/meterny.com\/wp-content\/uploads\/2025\/01\/70-43.jpg\" alt=\"Pannelli murali in WPC resistenti alle intemperie\" width=\"1024\" height=\"1026\" srcset=\"https:\/\/meterny.com\/wp-content\/uploads\/2025\/01\/70-43.jpg 820w, https:\/\/meterny.com\/wp-content\/uploads\/2025\/01\/70-43-300x300.jpg 300w, https:\/\/meterny.com\/wp-content\/uploads\/2025\/01\/70-43-150x150.jpg 150w, https:\/\/meterny.com\/wp-content\/uploads\/2025\/01\/70-43-768x770.jpg 768w, https:\/\/meterny.com\/wp-content\/uploads\/2025\/01\/70-43-600x601.jpg 600w, https:\/\/meterny.com\/wp-content\/uploads\/2025\/01\/70-43-100x100.jpg 100w\" sizes=\"auto, (max-width: 1024px) 100vw, 1024px\" \/><figcaption id=\"caption-attachment-20939\" class=\"wp-caption-text\">Resistete alle intemperie con i pannelli WPC resistenti agli agenti atmosferici<\/figcaption><\/figure>\n<figure id=\"attachment_20792\" aria-describedby=\"caption-attachment-20792\" style=\"width: 1024px\" class=\"wp-caption alignnone\"><img loading=\"lazy\" decoding=\"async\" class=\"wp-image-20792\" src=\"https:\/\/meterny.com\/wp-content\/uploads\/2024\/04\/99.png\" alt=\"Pannello di rivestimento WPC\" width=\"1024\" height=\"1024\" srcset=\"https:\/\/meterny.com\/wp-content\/uploads\/2024\/04\/99.png 1000w, https:\/\/meterny.com\/wp-content\/uploads\/2024\/04\/99-300x300.png 300w, https:\/\/meterny.com\/wp-content\/uploads\/2024\/04\/99-150x150.png 150w, https:\/\/meterny.com\/wp-content\/uploads\/2024\/04\/99-768x768.png 768w, https:\/\/meterny.com\/wp-content\/uploads\/2024\/04\/99-600x600.png 600w, https:\/\/meterny.com\/wp-content\/uploads\/2024\/04\/99-100x100.png 100w\" sizes=\"auto, (max-width: 1024px) 100vw, 1024px\" \/><figcaption id=\"caption-attachment-20792\" class=\"wp-caption-text\">Elevate l'esterno del vostro edificio con pannelli da parete in WPC durevoli ed eleganti<\/figcaption><\/figure>\n<\/div>\n<div class=\"elementor-element elementor-element-1f676da elementor-widget elementor-widget-heading\" data-id=\"1f676da\" data-element_type=\"widget\" data-widget_type=\"heading.default\">\n<h3>Opzioni di colore<\/h3>\n<p>Pannello di parete personalizzabile del WPC per il recinto della segretezza<\/p>\n<p>&nbsp;<\/p>\n<figure id=\"attachment_20293\" aria-describedby=\"caption-attachment-20293\" style=\"width: 1024px\" class=\"wp-caption alignnone\"><img loading=\"lazy\" decoding=\"async\" class=\"wp-image-20293\" src=\"https:\/\/meterny.com\/wp-content\/uploads\/2024\/10\/METE-Series-Colour-151.png\" alt=\"Opzioni di colore della recinzione WPC Meterny\" width=\"1024\" height=\"1024\" srcset=\"https:\/\/meterny.com\/wp-content\/uploads\/2024\/10\/METE-Series-Colour-151.png 900w, https:\/\/meterny.com\/wp-content\/uploads\/2024\/10\/METE-Series-Colour-151-300x300.png 300w, https:\/\/meterny.com\/wp-content\/uploads\/2024\/10\/METE-Series-Colour-151-150x150.png 150w, https:\/\/meterny.com\/wp-content\/uploads\/2024\/10\/METE-Series-Colour-151-768x768.png 768w, https:\/\/meterny.com\/wp-content\/uploads\/2024\/10\/METE-Series-Colour-151-600x600.png 600w, https:\/\/meterny.com\/wp-content\/uploads\/2024\/10\/METE-Series-Colour-151-100x100.png 100w\" sizes=\"auto, (max-width: 1024px) 100vw, 1024px\" \/><figcaption id=\"caption-attachment-20293\" class=\"wp-caption-text\">Esplora la recinzione in WPC Meterny - Nove splendide opzioni di colore per ogni stile<\/figcaption><\/figure>\n<div class=\"pop-container\">\n<div class=\"popcontent-hole\">\n<div class=\"pop-content\">\n<div class=\"normal___qxduM\">\n<div class=\"\">\n<div id=\"chat-markdown-cu123vos8jdneeo3jnsg-0-0\">\n<div class=\"markdown___vuBDJ\">\n<div class=\"markdown___vuBDJ\">\n<h3><strong>Perch\u00e9 scegliere i pannelli da parete WPC antirumore per esterni?<\/strong><\/h3>\n<div class=\"inter-wCaKYV\">\n<div class=\"container-ncFTrL\">\n<div class=\"item-KOa3z_\">\n<div class=\"container-rBgb6B chrome70-container\">\n<div class=\"inner-LOKNYu inner-item-AQrr_W\" data-target-id=\"message-box-target-id\" data-testid=\"union_message\">\n<div class=\"message-block-container-CKPFh2\" data-testid=\"message-block-container\">\n<div class=\"message-box-y4MH8s\" data-testid=\"receive_message\">\n<div class=\"message-box-content-wrapper-fgNGpz\">\n<div class=\"message-content message-box-content-xoCEoU receive-message-box-content-bNaFpa samantha-message-box-content-gWlptz\" data-testid=\"message_content\">\n<div class=\"container-ZYIsnH flow-markdown-body theme-samantha-Nbr9UN\" dir=\"ltr\" data-testid=\"message_text_content\" data-show-indicator=\"false\">\n<div class=\"auto-hide-last-sibling-br paragraph-JOTKXA paragraph-element br-paragraph-space\">Ci sono diversi motivi per scegliere i pannelli da parete in WPC a bassa rumorosit\u00e0 per esterni:<\/div>\n<h3 class=\"header-vfC6AV auto-hide-last-sibling-br\">Riduzione del rumore superiore<\/h3>\n<p>&nbsp;<\/p>\n<ul class=\"auto-hide-last-sibling-br\">\n<li><strong>Assorbimento acustico effettivo<\/strong>: La combinazione di fibre di legno e polimeri nei pannelli WPC aiuta ad assorbire e smorzare le onde sonore, riducendo la trasmissione del rumore. Possono bloccare in modo significativo i rumori esterni come il traffico, le costruzioni e le attivit\u00e0 del vicinato, creando un ambiente esterno pi\u00f9 silenzioso e tranquillo.<\/li>\n<li><strong>Versatile in diversi ambienti<\/strong>: Che si tratti di una propriet\u00e0 residenziale vicino a una strada trafficata, di un edificio commerciale in un'area rumorosa o di un sito industriale con alti livelli di rumore, i pannelli murali in WPC per esterni a riduzione del rumore possono essere applicati efficacemente per mitigare l'inquinamento acustico.<\/li>\n<\/ul>\n<h3 class=\"header-vfC6AV auto-hide-last-sibling-br\">Durata e resistenza agli agenti atmosferici<\/h3>\n<p>&nbsp;<\/p>\n<ul class=\"auto-hide-last-sibling-br\">\n<li><strong>Resistente alle intemperie<\/strong>: I pannelli murali in WPC sono altamente resistenti all'umidit\u00e0, ai raggi UV e alle fluttuazioni estreme di temperatura. Non si deformano, non si incrinano e non si scoloriscono facilmente se esposti a pioggia, neve o luce solare per lungo tempo, garantendo una durata a lungo termine e mantenendo le loro prestazioni di riduzione del rumore all'esterno.<\/li>\n<li><strong>Resistenza agli insetti e alla carie<\/strong>: A differenza delle pareti in legno tradizionali, soggette a danni da termiti e marcescenza, i pannelli per pareti in WPC sono resistenti agli insetti e alla decomposizione, offrendo una soluzione pi\u00f9 affidabile e duratura per la riduzione del rumore esterno.<\/li>\n<\/ul>\n<h3 class=\"header-vfC6AV auto-hide-last-sibling-br\">Personalizzazione ed estetica<\/h3>\n<p>&nbsp;<\/p>\n<ul class=\"auto-hide-last-sibling-br\">\n<li><strong>Ampia gamma di opzioni di design<\/strong>: I pannelli murali in WPC a bassa rumorosit\u00e0 per esterni sono disponibili in vari colori, texture e finiture, che consentono di personalizzarne l'aspetto in base al proprio stile personale e all'estetica generale della propriet\u00e0. Inoltre, possono essere facilmente tagliati e sagomati per adattarsi alle diverse configurazioni delle pareti e ai requisiti di design, offrendo flessibilit\u00e0 nell'installazione e nella personalizzazione.<\/li>\n<li><strong>Valorizzare gli spazi esterni<\/strong>: Questi pannelli non solo riducono il rumore, ma aggiungono anche un elemento attraente alle aree esterne, come giardini, patii e balconi, creando uno spazio pi\u00f9 confortevole e visivamente attraente.<\/li>\n<\/ul>\n<h3 class=\"header-vfC6AV auto-hide-last-sibling-br\">Bassa manutenzione<\/h3>\n<p>&nbsp;<\/p>\n<ul class=\"auto-hide-last-sibling-br\">\n<li><strong>Facile da pulire<\/strong>: I pannelli da parete in WPC richiedono una manutenzione minima. La pulizia periodica con acqua e sapone neutro \u00e8 di solito sufficiente a rimuovere sporco, detriti e macchie, mantenendo i pannelli puliti e in condizioni ottimali. Non \u00e8 necessario verniciare, colorare o sigillare come nel caso delle pareti in legno tradizionali, risparmiando tempo e denaro per la manutenzione.<\/li>\n<li><strong>Lunga durata di vita<\/strong>: Grazie alla loro durata e resistenza ai vari elementi, i pannelli murali in WPC antirumore per esterni hanno una lunga durata. Ci\u00f2 significa che non dovrete preoccuparvi di frequenti sostituzioni o riparazioni, riducendo il costo complessivo e il fastidio associato alla manutenzione delle pareti esterne.<\/li>\n<\/ul>\n<h3 class=\"header-vfC6AV auto-hide-last-sibling-br\">Rispetto dell'ambiente<\/h3>\n<p>&nbsp;<\/p>\n<ul class=\"auto-hide-last-sibling-br\">\n<li><strong>Materiali riciclati<\/strong>: Il WPC \u00e8 spesso realizzato con fibre di legno e plastica riciclate, il che contribuisce a ridurre i rifiuti e a preservare le risorse naturali. Scegliendo i pannelli da parete in WPC a bassa rumorosit\u00e0 per esterni, si pu\u00f2 contribuire a un ambiente pi\u00f9 sostenibile.<\/li>\n<li><strong>Senza sostanze chimiche tossiche<\/strong>: A differenza di alcuni materiali di recinzione tradizionali che possono richiedere l'uso di sostanze chimiche tossiche per il trattamento o la conservazione, i pannelli murali in WPC sono generalmente privi di sostanze nocive. Questo li rende una scelta pi\u00f9 sicura sia per l'ambiente che per le persone che vivono all'interno e intorno alla propriet\u00e0.<\/li>\n<\/ul>\n<\/div>\n<\/div>\n<\/div>\n<div class=\"answer-action-bar-wEWc6C bottom-action-bar-wrapper-qtqrci large-space-b582O0 answer-action-bar\" data-testid=\"message_action_bar\">\n<div class=\"container-seCXVJ container-TRt1mF bottom-action-bar-iUQiGg\" data-message-action-bar=\"1\">\n<div class=\"left-Qpwvoi\">\n<div class=\"bp5-overflow-list container-LFxhPL align-start-B2LgK_ inner-TjQIQn\"><\/div>\n<\/div>\n<\/div>\n<\/div>\n<\/div>\n<\/div>\n<\/div>\n<\/div>\n<\/div>\n<\/div>\n<\/div>\n<div class=\"top-dN_PSZ\">\n<div class=\"container-rBgb6B chrome70-container\"><\/div>\n<\/div>\n<\/div>\n<\/div>\n<\/div>\n<\/div>\n<\/div>\n<\/div>\n<\/div>\n<\/div>\n<\/div>\n<\/div>","protected":false},"excerpt":{"rendered":"<p>Qualit\u00e0 superiore: Realizzato con materiali di prima qualit\u00e0, questo pannello WPC Exterior offre protezione dagli elementi.<\/p>\n<p>Design elegante: Elevate l'esterno della vostra propriet\u00e0 con un rivestimento elegante e moderno che si adatta a qualsiasi stile architettonico.<\/p>\n<p>Facile installazione: \u00c8 stato progettato per un'installazione senza problemi, risparmiando tempo e fatica.<\/p>\n<p>Versatile: che si tratti di immobili residenziali o commerciali, questo pannello WPC \u00e8 perfetto per tutte le applicazioni di rivestimento esterno.<\/p>\n<p>Eco-compatibile: Realizzato con materiali sostenibili, \u00e8 la scelta ecologica per le vostre esigenze di design esterno.<\/p>","protected":false},"featured_media":20956,"comment_status":"open","ping_status":"closed","template":"","meta":{"_uag_custom_page_level_css":"","site-sidebar-layout":"default","site-content-layout":"","ast-site-content-layout":"default","site-content-style":"default","site-sidebar-style":"default","ast-global-header-display":"","ast-banner-title-visibility":"","ast-main-header-display":"","ast-hfb-above-header-display":"","ast-hfb-below-header-display":"","ast-hfb-mobile-header-display":"","site-post-title":"","ast-breadcrumbs-content":"","ast-featured-img":"","footer-sml-layout":"","theme-transparent-header-meta":"default","adv-header-id-meta":"","stick-header-meta":"default","header-above-stick-meta":"","header-main-stick-meta":"","header-below-stick-meta":"","astra-migrate-meta-layouts":"set","ast-page-background-enabled":"default","ast-page-background-meta":{"desktop":{"background-color":"var(--ast-global-color-4)","background-image":"","background-repeat":"repeat","background-position":"center center","background-size":"auto","background-attachment":"scroll","background-type":"","background-media":"","overlay-type":"","overlay-color":"","overlay-opacity":"","overlay-gradient":""},"tablet":{"background-color":"","background-image":"","background-repeat":"repeat","background-position":"center center","background-size":"auto","background-attachment":"scroll","background-type":"","background-media":"","overlay-type":"","overlay-color":"","overlay-opacity":"","overlay-gradient":""},"mobile":{"background-color":"","background-image":"","background-repeat":"repeat","background-position":"center center","background-size":"auto","background-attachment":"scroll","background-type":"","background-media":"","overlay-type":"","overlay-color":"","overlay-opacity":"","overlay-gradient":""}},"ast-content-background-meta":{"desktop":{"background-color":"var(--ast-global-color-5)","background-image":"","background-repeat":"repeat","background-position":"center center","background-size":"auto","background-attachment":"scroll","background-type":"","background-media":"","overlay-type":"","overlay-color":"","overlay-opacity":"","overlay-gradient":""},"tablet":{"background-color":"var(--ast-global-color-5)","background-image":"","background-repeat":"repeat","background-position":"center center","background-size":"auto","background-attachment":"scroll","background-type":"","background-media":"","overlay-type":"","overlay-color":"","overlay-opacity":"","overlay-gradient":""},"mobile":{"background-color":"var(--ast-global-color-5)","background-image":"","background-repeat":"repeat","background-position":"center center","background-size":"auto","background-attachment":"scroll","background-type":"","background-media":"","overlay-type":"","overlay-color":"","overlay-opacity":"","overlay-gradient":""}}},"product_brand":[],"product_cat":[175],"product_tag":[184,180],"class_list":{"0":"post-21006","1":"product","2":"type-product","3":"status-publish","4":"has-post-thumbnail","6":"product_cat-exterior-wpc-wall","7":"product_tag-wpc-wall-exterior","8":"product_tag-wpc-wall-panel","9":"desktop-align-center","10":"tablet-align-left","11":"mobile-align-left","12":"ast-product-gallery-layout-horizontal-slider","13":"ast-product-tabs-layout-vertical","15":"first","16":"instock","17":"shipping-taxable","18":"product-type-simple"},"uagb_featured_image_src":{"full":["https:\/\/meterny.com\/wp-content\/uploads\/2025\/01\/75-178-300x300-1.png",800,800,false],"thumbnail":["https:\/\/meterny.com\/wp-content\/uploads\/2025\/01\/75-178-300x300-1-150x150.png",150,150,true],"medium":["https:\/\/meterny.com\/wp-content\/uploads\/2025\/01\/75-178-300x300-1-300x300.png",300,300,true],"medium_large":["https:\/\/meterny.com\/wp-content\/uploads\/2025\/01\/75-178-300x300-1-768x768.png",768,768,true],"large":["https:\/\/meterny.com\/wp-content\/uploads\/2025\/01\/75-178-300x300-1.png",800,800,false],"1536x1536":["https:\/\/meterny.com\/wp-content\/uploads\/2025\/01\/75-178-300x300-1.png",800,800,false],"2048x2048":["https:\/\/meterny.com\/wp-content\/uploads\/2025\/01\/75-178-300x300-1.png",800,800,false],"trp-custom-language-flag":["https:\/\/meterny.com\/wp-content\/uploads\/2025\/01\/75-178-300x300-1.png",12,12,false],"woocommerce_thumbnail":["https:\/\/meterny.com\/wp-content\/uploads\/2025\/01\/75-178-300x300-1-300x300.png",300,300,true],"woocommerce_single":["https:\/\/meterny.com\/wp-content\/uploads\/2025\/01\/75-178-300x300-1-600x600.png",600,600,true],"woocommerce_gallery_thumbnail":["https:\/\/meterny.com\/wp-content\/uploads\/2025\/01\/75-178-300x300-1-100x100.png",100,100,true]},"uagb_author_info":{"display_name":"meterny","author_link":"https:\/\/meterny.com\/it\/author\/"},"uagb_comment_info":0,"uagb_excerpt":"Superior Quality: Crafted from premium materials, this WPC Exterior panel offers protection against the elements. Stylish Design: Elevate the exterior of your property with sleek and modern cladding that complements any architectural style. Easy Installation: It is designed for hassle-free installation, saving you time and effort. Versatile: Whether it's for residential or commercial properties, This&hellip;","_links":{"self":[{"href":"https:\/\/meterny.com\/it\/wp-json\/wp\/v2\/product\/21006","targetHints":{"allow":["GET"]}}],"collection":[{"href":"https:\/\/meterny.com\/it\/wp-json\/wp\/v2\/product"}],"about":[{"href":"https:\/\/meterny.com\/it\/wp-json\/wp\/v2\/types\/product"}],"replies":[{"embeddable":true,"href":"https:\/\/meterny.com\/it\/wp-json\/wp\/v2\/comments?post=21006"}],"wp:featuredmedia":[{"embeddable":true,"href":"https:\/\/meterny.com\/it\/wp-json\/wp\/v2\/media\/20956"}],"wp:attachment":[{"href":"https:\/\/meterny.com\/it\/wp-json\/wp\/v2\/media?parent=21006"}],"wp:term":[{"taxonomy":"product_brand","embeddable":true,"href":"https:\/\/meterny.com\/it\/wp-json\/wp\/v2\/product_brand?post=21006"},{"taxonomy":"product_cat","embeddable":true,"href":"https:\/\/meterny.com\/it\/wp-json\/wp\/v2\/product_cat?post=21006"},{"taxonomy":"product_tag","embeddable":true,"href":"https:\/\/meterny.com\/it\/wp-json\/wp\/v2\/product_tag?post=21006"}],"curies":[{"name":"wp","href":"https:\/\/api.w.org\/{rel}","templated":true}]}}