{"id":18517,"date":"2024-10-28T05:11:07","date_gmt":"2024-10-28T05:11:07","guid":{"rendered":"https:\/\/meterny.com\/?page_id=18517"},"modified":"2025-01-24T13:28:14","modified_gmt":"2025-01-24T13:28:14","slug":"why-aluminum-and-wpc-panels","status":"publish","type":"page","link":"https:\/\/meterny.com\/pt\/why-aluminum-and-wpc-panels\/","title":{"rendered":"FAQ"},"content":{"rendered":"<h2 class=\"wp-block-heading has-text-align-center\">Meterny\u00ae Perguntas mais frequentes<\/h2>\n\n\n\n<p>Esta \u00e9 a p\u00e1gina de perguntas e respostas r\u00e1pidas sobre o Meterny que o podem ajudar com as suas quest\u00f5es sobre o Meterny. Se n\u00e3o abrangerem as quest\u00f5es que pretende colocar, pode enviar-nos uma mensagem!<\/p>\n\n\n\n<h3 class=\"wp-block-heading\">Porque \u00e9 que a Meterny tem produtos de alum\u00ednio e WPC<\/h3>\n\n\n\n<p>A atividade principal do propriet\u00e1rio do Meterny \u00e9 a explora\u00e7\u00e3o do <a href=\"https:\/\/meterny.com\/pt\/products\/\">pain\u00e9is de alum\u00ednio para paredes e tectos<\/a> Al\u00e9m da f\u00e1brica principal de pain\u00e9is de alum\u00ednio, a equipa de design da Metreny tamb\u00e9m desenvolveu a sua pr\u00f3pria f\u00e1brica patenteada <a href=\"https:\/\/meterny.com\/pt\/categoria-produto\/aluminum-pergola-gazebo\/\">p\u00e9rgulas de alum\u00ednio<\/a>. Al\u00e9m disso, o propriet\u00e1rio tamb\u00e9m optou por investir noutros sectores, entre eles, <a href=\"https:\/\/meterny.com\/pt\/categoria-produto\/wpc-wall\/\">WPC (composto de madeira-pl\u00e1stico)<\/a> como um novo tipo de materiais amigos do ambiente, devido \u00e0s suas excelentes propriedades f\u00edsicas, carater\u00edsticas ambientais e vasta gama de perspectivas de aplica\u00e7\u00e3o, tornou-se o objeto do investimento do propriet\u00e1rio. Ao investir em diferentes ind\u00fastrias, a Meterny pode alcan\u00e7ar a extens\u00e3o e integra\u00e7\u00e3o da cadeia industrial, promover a atualiza\u00e7\u00e3o e transforma\u00e7\u00e3o industrial e proporcionar mais espa\u00e7o e potencial de desenvolvimento para a empresa. Esta estrat\u00e9gia de investimento n\u00e3o s\u00f3 ajuda a satisfazer a procura do mercado e a melhorar a imagem de marca, mas tamb\u00e9m promove a atualiza\u00e7\u00e3o e a transforma\u00e7\u00e3o industrial, proporcionando maiores oportunidades de desenvolvimento para a empresa.<\/p>\n\n\n\n<h3 class=\"wp-block-heading\">Posso obter a amostra?<\/h3>\n\n\n\n<p>Claro! Podemos dar-lhe amostras gr\u00e1tis, mas ter\u00e1 de pagar os custos de envio. Se voc\u00ea precisa de uma amostra de painel de parede de alum\u00ednio e voc\u00ea tem um requisito de forma espec\u00edfica, podemos discutir mais detalhes sobre a amostra personalizada. se voc\u00ea precisar de amostras de produtos WPC, basta me dizer o tamanho!&nbsp;<\/p>\n\n\n\n<h3 class=\"wp-block-heading\">Quanto tempo \u00e9 necess\u00e1rio para fabricar o produto\uff1f<\/h3>\n\n\n\n<p>A quantidade do painel de parede de alum\u00ednio depende do ciclo de produ\u00e7\u00e3o, bem como o painel de parede de alum\u00ednio geralmente precisa personalizar o estilo e a cor, relativamente falando, seu tempo de produ\u00e7\u00e3o \u00e9 relativamente longo, cerca de 30-45 dias, se voc\u00ea estiver com pressa para obter as mercadorias, podemos acelerar o arranjo do seu pedido! Sobre a p\u00e9rgola, pode demorar 15-20 dias para produzir a p\u00e9rgola de alum\u00ednio! E sobre os produtos WPC, o tempo de produ\u00e7\u00e3o dos produtos WPC tamb\u00e9m depende da quantidade, em compara\u00e7\u00e3o com o painel de parede de alum\u00ednio, o tempo de produ\u00e7\u00e3o dos produtos WPC \u00e9 mais curto, cerca de 20-30 dias.<\/p>\n\n\n\n<p>Para as encomendas urgentes, pode ser mais r\u00e1pido como abaixo indicado:<\/p>\n\n\n\n<p>O prazo de entrega dos tubos de alum\u00ednio \u00e9 de cerca de 15 dias ap\u00f3s a encomenda.<\/p>\n\n\n\n<p>O prazo de entrega dos tubos de alum\u00ednio \u00e9 de cerca de 15 dias ap\u00f3s a encomenda.<\/p>\n\n\n\n<p>O prazo de entrega dos pain\u00e9is WPC \u00e9 de cerca de 15-20 dias ap\u00f3s a encomenda.<\/p>\n\n\n\n<div class=\"wp-block-cover alignfull\"><span aria-hidden=\"true\" class=\"wp-block-cover__background has-background-dim\" style=\"background-color:#827c78\"><\/span><img loading=\"lazy\" decoding=\"async\" width=\"1920\" height=\"600\" class=\"wp-block-cover__image-background wp-image-21071\" alt=\"Meterny \u00e9 um fabricante experiente de pain\u00e9is de alum\u00ednio em Foshan, China.\" src=\"https:\/\/meterny.com\/wp-content\/uploads\/2025\/01\/Aluminum-panel-banner-2.jpg\" data-object-fit=\"cover\" srcset=\"https:\/\/meterny.com\/wp-content\/uploads\/2025\/01\/Aluminum-panel-banner-2.jpg 1920w, https:\/\/meterny.com\/wp-content\/uploads\/2025\/01\/Aluminum-panel-banner-2-300x94.jpg 300w, https:\/\/meterny.com\/wp-content\/uploads\/2025\/01\/Aluminum-panel-banner-2-1024x320.jpg 1024w, https:\/\/meterny.com\/wp-content\/uploads\/2025\/01\/Aluminum-panel-banner-2-768x240.jpg 768w, https:\/\/meterny.com\/wp-content\/uploads\/2025\/01\/Aluminum-panel-banner-2-1536x480.jpg 1536w, https:\/\/meterny.com\/wp-content\/uploads\/2025\/01\/Aluminum-panel-banner-2-600x188.jpg 600w\" sizes=\"auto, (max-width: 1920px) 100vw, 1920px\" \/><div class=\"wp-block-cover__inner-container is-layout-constrained wp-block-cover-is-layout-constrained\">\n<p class=\"has-text-align-center has-large-font-size\"> Nossa Linha de Produ\u00e7\u00e3o de Fachada de Alum\u00ednio<\/p>\n\n\n\n<p class=\"has-text-align-center\">Tecnologia de corte a laser de alum\u00ednio de alta qualidade, m\u00e1quinas de dobragem, soldadura experiente e controlo de qualidade eficiente dos pain\u00e9is que fabricamos na China<\/p>\n<\/div><\/div>\n\n\n\n<h3 class=\"wp-block-heading\">Em quantos dias \u00e9 que o produto chega\uff1f<\/h3>\n\n\n\n<p>Meterny \u00e9 fabricante com base em Foshan China. O porto mais pr\u00f3ximo \u00e9 Shenzhen ou Guangzhou, que s\u00e3o cerca de 1-3 horas para chegar. Para ver o tempo de transporte de porto a porto, depende da dist\u00e2ncia do pa\u00eds. De um modo geral, o tempo \u00e9 de 20 dias a 50 dias, dependendo dos portos em diferentes pa\u00edses.<\/p>\n\n\n\n<h3 class=\"wp-block-heading\">Como posso instalar?<\/h3>\n\n\n\n<p>Os nossos pain\u00e9is foram concebidos para serem f\u00e1ceis de instalar.&nbsp;<\/p>\n\n\n\n<p>Para as placas de alum\u00ednio, pr\u00e9-fabric\u00e1mos suportes nos pain\u00e9is de alum\u00ednio para os parafusos a perfurar.<\/p>\n\n\n\n<p>No caso dos decks WPC, existem folgas nos pain\u00e9is para os fixadores bloquearem os pain\u00e9is.<\/p>\n\n\n\n<p>Para os pain\u00e9is de parede\/teto WPC, concebemo-los de forma a poderem ser ligados uns aos outros, com parafusos para fixa\u00e7\u00e3o na base da junta\/pavimento.<\/p>\n\n\n\n<p>Quando receber os produtos, podemos enviar-lhe tutoriais de instala\u00e7\u00e3o e v\u00eddeo de instala\u00e7\u00e3o, se precisar, fornecemos um servi\u00e7o individual, tamb\u00e9m podemos ter uma videochamada para o ensinar a instalar os nossos produtos!<\/p>\n\n\n\n<div class=\"wp-block-uagb-buttons uagb-buttons__outer-wrap uagb-btn__large-btn uagb-btn-tablet__default-btn uagb-btn-mobile__default-btn uagb-block-abc10d69\"><div class=\"uagb-buttons__wrap uagb-buttons-layout-wrap\">\n<div class=\"wp-block-uagb-buttons-child uagb-buttons__outer-wrap uagb-block-672991d1 wp-block-button\"><div class=\"uagb-button__wrapper\"><a class=\"uagb-buttons-repeater wp-block-button__link\" aria-label=\"\" href=\"https:\/\/meterny.com\/pt\/products\/\" rel=\"follow noopener\" target=\"_self\" role=\"button\"><div class=\"uagb-button__link\">Ver os produtos<\/div><span class=\"uagb-button__icon uagb-button__icon-position-after\"><svg xmlns=\"https:\/\/www.w3.org\/2000\/svg\" viewbox=\"0 0 448 512\" aria-hidden=\"true\" focussable=\"false\"><path d=\"M438.6 278.6l-160 160C272.4 444.9 264.2 448 256 448s-16.38-3.125-22.62-9.375c-12.5-12.5-12.5-32.75 0-45.25L338.8 288H32C14.33 288 .0016 273.7 .0016 256S14.33 224 32 224h306.8l-105.4-105.4c-12.5-12.5-12.5-32.75 0-45.25s32.75-12.5 45.25 0l160 160C451.1 245.9 451.1 266.1 438.6 278.6z\"><\/path><\/svg><\/span><\/a><\/div><\/div>\n\n\n\n<div class=\"wp-block-uagb-buttons-child uagb-buttons__outer-wrap uagb-block-a0d2037d wp-block-button\"><div class=\"uagb-button__wrapper\"><a class=\"uagb-buttons-repeater wp-block-button__link\" aria-label=\"\" href=\"https:\/\/api.whatsapp.com\/send\/?phone=8618566054354&amp;text=Hi, n\u00e3o hesite em contactar-nos para obter mais informa\u00e7\u00f5es\" rel=\"follow noopener\" target=\"_self\" role=\"button\"><div class=\"uagb-button__link\">Envie-nos uma mensagem aqui<\/div><span class=\"uagb-button__icon uagb-button__icon-position-after\"><svg xmlns=\"https:\/\/www.w3.org\/2000\/svg\" viewbox=\"0 0 448 512\" aria-hidden=\"true\" focussable=\"false\"><path d=\"M438.6 278.6l-160 160C272.4 444.9 264.2 448 256 448s-16.38-3.125-22.62-9.375c-12.5-12.5-12.5-32.75 0-45.25L338.8 288H32C14.33 288 .0016 273.7 .0016 256S14.33 224 32 224h306.8l-105.4-105.4c-12.5-12.5-12.5-32.75 0-45.25s32.75-12.5 45.25 0l160 160C451.1 245.9 451.1 266.1 438.6 278.6z\"><\/path><\/svg><\/span><\/a><\/div><\/div>\n<\/div><\/div>\n\n\n\n<p><\/p>","protected":false},"excerpt":{"rendered":"<p>Perguntas frequentes sobre o Meterny\u00ae Esta \u00e9 a p\u00e1gina de perguntas e respostas r\u00e1pidas sobre o Meterny que o podem ajudar com o seu Meterny [...]<\/p>","protected":false},"author":6,"featured_media":0,"parent":0,"menu_order":0,"comment_status":"closed","ping_status":"closed","template":"","meta":{"_uag_custom_page_level_css":"","site-sidebar-layout":"no-sidebar","site-content-layout":"","ast-site-content-layout":"normal-width-container","site-content-style":"default","site-sidebar-style":"default","ast-global-header-display":"","ast-banner-title-visibility":"","ast-main-header-display":"","ast-hfb-above-header-display":"","ast-hfb-below-header-display":"","ast-hfb-mobile-header-display":"","site-post-title":"disabled","ast-breadcrumbs-content":"","ast-featured-img":"","footer-sml-layout":"","theme-transparent-header-meta":"","adv-header-id-meta":"","stick-header-meta":"","header-above-stick-meta":"","header-main-stick-meta":"","header-below-stick-meta":"","astra-migrate-meta-layouts":"default","ast-page-background-enabled":"default","ast-page-background-meta":{"desktop":{"background-color":"var(--ast-global-color-4)","background-image":"","background-repeat":"repeat","background-position":"center center","background-size":"auto","background-attachment":"scroll","background-type":"","background-media":"","overlay-type":"","overlay-color":"","overlay-opacity":"","overlay-gradient":""},"tablet":{"background-color":"","background-image":"","background-repeat":"repeat","background-position":"center center","background-size":"auto","background-attachment":"scroll","background-type":"","background-media":"","overlay-type":"","overlay-color":"","overlay-opacity":"","overlay-gradient":""},"mobile":{"background-color":"","background-image":"","background-repeat":"repeat","background-position":"center center","background-size":"auto","background-attachment":"scroll","background-type":"","background-media":"","overlay-type":"","overlay-color":"","overlay-opacity":"","overlay-gradient":""}},"ast-content-background-meta":{"desktop":{"background-color":"var(--ast-global-color-5)","background-image":"","background-repeat":"repeat","background-position":"center center","background-size":"auto","background-attachment":"scroll","background-type":"","background-media":"","overlay-type":"","overlay-color":"","overlay-opacity":"","overlay-gradient":""},"tablet":{"background-color":"var(--ast-global-color-5)","background-image":"","background-repeat":"repeat","background-position":"center center","background-size":"auto","background-attachment":"scroll","background-type":"","background-media":"","overlay-type":"","overlay-color":"","overlay-opacity":"","overlay-gradient":""},"mobile":{"background-color":"var(--ast-global-color-5)","background-image":"","background-repeat":"repeat","background-position":"center center","background-size":"auto","background-attachment":"scroll","background-type":"","background-media":"","overlay-type":"","overlay-color":"","overlay-opacity":"","overlay-gradient":""}},"footnotes":""},"class_list":["post-18517","page","type-page","status-publish","hentry"],"uagb_featured_image_src":{"full":false,"thumbnail":false,"medium":false,"medium_large":false,"large":false,"1536x1536":false,"2048x2048":false,"trp-custom-language-flag":false,"woocommerce_thumbnail":false,"woocommerce_single":false,"woocommerce_gallery_thumbnail":false},"uagb_author_info":{"display_name":"meterny","author_link":"https:\/\/meterny.com\/pt\/author\/meterny\/"},"uagb_comment_info":0,"uagb_excerpt":"Meterny\u00ae Frequently Asked Questions This is the Meterny quick questions and answers page that may help you with your Meterny [&hellip;]","_links":{"self":[{"href":"https:\/\/meterny.com\/pt\/wp-json\/wp\/v2\/pages\/18517","targetHints":{"allow":["GET"]}}],"collection":[{"href":"https:\/\/meterny.com\/pt\/wp-json\/wp\/v2\/pages"}],"about":[{"href":"https:\/\/meterny.com\/pt\/wp-json\/wp\/v2\/types\/page"}],"author":[{"embeddable":true,"href":"https:\/\/meterny.com\/pt\/wp-json\/wp\/v2\/users\/6"}],"replies":[{"embeddable":true,"href":"https:\/\/meterny.com\/pt\/wp-json\/wp\/v2\/comments?post=18517"}],"version-history":[{"count":0,"href":"https:\/\/meterny.com\/pt\/wp-json\/wp\/v2\/pages\/18517\/revisions"}],"wp:attachment":[{"href":"https:\/\/meterny.com\/pt\/wp-json\/wp\/v2\/media?parent=18517"}],"curies":[{"name":"wp","href":"https:\/\/api.w.org\/{rel}","templated":true}]}}