{"id":15880,"date":"2024-03-29T14:06:10","date_gmt":"2024-03-29T14:06:10","guid":{"rendered":"https:\/\/meterny.com\/?post_type=product&#038;p=15880"},"modified":"2025-01-18T09:34:30","modified_gmt":"2025-01-18T09:34:30","slug":"outdoor-wpc-swimming-pool-flooring","status":"publish","type":"product","link":"https:\/\/meterny.com\/pt\/produto\/outdoor-wpc-swimming-pool-flooring\/","title":{"rendered":"Gr\u00e3o de madeira em relevo 3D Pavimento exterior em WPC Pavimento composto em WPC Pavimento composto em WPC"},"content":{"rendered":"<div class=\"elementor-element elementor-element-c0e1d42 elementor-widget elementor-widget-heading\" data-id=\"c0e1d42\" data-element_type=\"widget\" data-widget_type=\"heading.default\">\n<div class=\"elementor-widget-container\">\n<h2 class=\"elementor-heading-title elementor-size-default\" style=\"text-align: center;\">Especifica\u00e7\u00f5es do pavimento para piscinas em madeira com gr\u00e3o de madeira em relevo 3D para exterior<\/h2>\n<p id=\"\"><strong>P\u00e1gina do produto: Pavimentos para piscinas exteriores em WPC<\/strong><\/p>\n<h4><strong>Vis\u00e3o geral<\/strong><\/h4>\n<p id=\"\">Transforme a \u00e1rea da sua piscina num espa\u00e7o luxuoso e convidativo com o nosso Pavimento de Piscina Exterior WPC (Wood Plastic Composite). Concebido especificamente para utiliza\u00e7\u00e3o no exterior, este pavimento inovador combina a beleza natural da madeira com a durabilidade e a resist\u00eancia \u00e0s intemp\u00e9ries do pl\u00e1stico, criando uma combina\u00e7\u00e3o perfeita para aplica\u00e7\u00f5es de elevado desempenho junto \u00e0 piscina.<\/p>\n<\/div>\n<\/div>\n<div class=\"elementor-element elementor-element-1f676da elementor-widget elementor-widget-heading\" data-id=\"1f676da\" data-element_type=\"widget\" data-widget_type=\"heading.default\">\n<p>Revestimento para piscinas em madeira em relevo 3D com gr\u00e3o de madeira para exterior<\/p>\n<p>METE140H25 WPC 3D Embossed Wood Grain Wpc Flooring : Eleve os seus espa\u00e7os com uma eleg\u00e2ncia moderna<\/p>\n<p><strong>Modelo<\/strong>: METE140H25<br \/>\n<strong>Tipo<\/strong>: Decks\/Pisos WPC<br \/>\n<strong>Tamanho<\/strong>: 140\u00d725mm<\/p>\n<p><strong>Superf\u00edcie<\/strong>: Gr\u00e3os rectos<br \/>\n<strong>Comprimento<\/strong>: 2.9m ou Personalizado<br \/>\n<strong>Material<\/strong>: Comp\u00f3sito de madeira e pl\u00e1stico<br \/>\n<strong>Tecnologia de produtos<\/strong>: Eco-extrus\u00e3o<\/p>\n<figure id=\"attachment_17394\" aria-describedby=\"caption-attachment-17394\" style=\"width: 1024px\" class=\"wp-caption alignnone\"><img loading=\"lazy\" decoding=\"async\" class=\"wp-image-17394\" src=\"https:\/\/meterny.com\/wp-content\/uploads\/2024\/03\/3-1-rotated.jpg\" alt=\"Pavimentos para piscinas exteriores em wpc\" width=\"1024\" height=\"1024\" srcset=\"https:\/\/meterny.com\/wp-content\/uploads\/2024\/03\/3-1-rotated.jpg 800w, https:\/\/meterny.com\/wp-content\/uploads\/2024\/03\/3-1-300x300.jpg 300w, https:\/\/meterny.com\/wp-content\/uploads\/2024\/03\/3-1-150x150.jpg 150w, https:\/\/meterny.com\/wp-content\/uploads\/2024\/03\/3-1-768x768.jpg 768w, https:\/\/meterny.com\/wp-content\/uploads\/2024\/03\/3-1-600x600.jpg 600w, https:\/\/meterny.com\/wp-content\/uploads\/2024\/03\/3-1-100x100.jpg 100w\" sizes=\"auto, (max-width: 1024px) 100vw, 1024px\" \/><figcaption id=\"caption-attachment-17394\" class=\"wp-caption-text\">Pavimentos para piscinas exteriores em WPC - Bonitos e antiderrapantes para seguran\u00e7a \u00e0 beira da piscina.<\/figcaption><\/figure>\n<h4><strong>Carater\u00edsticas principais<\/strong><\/h4>\n<ol>\n<li><strong>Resistente \u00e0 \u00e1gua e anti-derrapante<\/strong>:\n<ul>\n<li>O nosso pavimento para piscinas em WPC foi especificamente concebido para resistir a condi\u00e7\u00f5es de humidade, garantindo que se mant\u00e9m est\u00e1vel e antiderrapante mesmo quando submerso em \u00e1gua.<\/li>\n<li>Isto torna-o ideal para decks de piscina, passadi\u00e7os e zonas de salpicos, proporcionando uma superf\u00edcie segura para si e para os seus convidados.<\/li>\n<\/ul>\n<\/li>\n<li><strong>Durabilidade e longevidade<\/strong>:\n<ul>\n<li>Constru\u00eddo a partir de material WPC de alta qualidade, este pavimento \u00e9 resistente \u00e0 descolora\u00e7\u00e3o, fissuras e deforma\u00e7\u00f5es, mesmo em condi\u00e7\u00f5es climat\u00e9ricas extremas.<\/li>\n<li>Mant\u00e9m a sua integridade estrutural e o seu aspeto est\u00e9tico ao longo do tempo, garantindo um investimento duradouro.<\/li>\n<\/ul>\n<\/li>\n<li><strong>Amigo do ambiente<\/strong>:\n<ul>\n<li>Fabricado a partir de uma mistura de fibras de madeira reciclada e pl\u00e1stico, o nosso pavimento para piscinas WPC \u00e9 uma escolha amiga do ambiente.<\/li>\n<li>Contribui para os esfor\u00e7os de sustentabilidade, reduzindo os res\u00edduos e promovendo a utiliza\u00e7\u00e3o de materiais reciclados.<\/li>\n<\/ul>\n<\/li>\n<li><strong>F\u00e1cil de limpar e manter<\/strong>:\n<ul>\n<li>Este pavimento foi concebido para uma manuten\u00e7\u00e3o f\u00e1cil, exigindo um esfor\u00e7o m\u00ednimo para o manter limpo e com o melhor aspeto poss\u00edvel.<\/li>\n<li>Basta lavar com uma mangueira ou passar um pano h\u00famido para remover a sujidade, os detritos e os produtos qu\u00edmicos da piscina, garantindo um processo de manuten\u00e7\u00e3o sem complica\u00e7\u00f5es.<\/li>\n<\/ul>\n<\/li>\n<li><strong>Apelo est\u00e9tico<\/strong>:\n<ul>\n<li>Dispon\u00edvel numa gama de cores, texturas e estilos deslumbrantes, o nosso pavimento para piscinas em WPC oferece um aspeto natural e elegante.<\/li>\n<li>Melhora a est\u00e9tica geral da sua \u00e1rea de piscina, criando uma atmosfera acolhedora e convidativa para relaxamento e entretenimento.<\/li>\n<\/ul>\n<\/li>\n<li><strong>Op\u00e7\u00f5es personaliz\u00e1veis<\/strong>:\n<ul>\n<li>Oferecemos uma variedade de op\u00e7\u00f5es de personaliza\u00e7\u00e3o para satisfazer as suas necessidades e prefer\u00eancias espec\u00edficas.<\/li>\n<li>Escolha entre diferentes tamanhos, formas e m\u00e9todos de instala\u00e7\u00e3o para criar uma experi\u00eancia \u00fanica e personalizada \u00e0 beira da piscina.<\/li>\n<\/ul>\n<\/li>\n<\/ol>\n<h4><strong>Especifica\u00e7\u00f5es t\u00e9cnicas<\/strong><\/h4>\n<ul>\n<li><strong>Material<\/strong>: Comp\u00f3sito de madeira e pl\u00e1stico (WPC)<\/li>\n<li><strong>Dimens\u00f5es<\/strong>: 135*119*23mm\/217*201*28mm\/227*210*25mm<\/li>\n<li><strong>Espessura<\/strong>: 23\/25\/28mm<\/li>\n<li><strong>Peso<\/strong>: 3kg\/metro<\/li>\n<li><strong>Op\u00e7\u00f5es de cores<\/strong>: castanho\/preto\/cores duplas<\/li>\n<li><strong>Instala\u00e7\u00e3o<\/strong>: Sistema de fecho f\u00e1cil de instalar (n\u00e3o s\u00e3o necess\u00e1rios pregos ou parafusos)<\/li>\n<li><strong>Garantia<\/strong>: mais de 10 anos<\/li>\n<\/ul>\n<h4><strong>Guia de instala\u00e7\u00e3o<\/strong><\/h4>\n<p id=\"\">A instala\u00e7\u00e3o do nosso Pavimento Exterior para Piscinas em WPC \u00e9 r\u00e1pida e f\u00e1cil, gra\u00e7as ao nosso inovador sistema de fecho. Siga estes passos simples para conseguir uma instala\u00e7\u00e3o perfeita e com aspeto profissional:<\/p>\n<ol>\n<li><strong>Preparar a superf\u00edcie<\/strong>: Assegurar que a superf\u00edcie est\u00e1 limpa, seca e sem detritos.<\/li>\n<li><strong>Disposi\u00e7\u00e3o do pavimento<\/strong>: Medir e cortar as pe\u00e7as de acordo com a disposi\u00e7\u00e3o pretendida, assegurando um encaixe perfeito e espa\u00e7os m\u00ednimos.<\/li>\n<li><strong>Instalar o pavimento<\/strong>: Utilize o sistema de bloqueio para unir as pe\u00e7as, criando uma superf\u00edcie segura e est\u00e1vel.<\/li>\n<li><strong>Terminar e desfrutar<\/strong>: Corte os peda\u00e7os em excesso e desfrute do seu novo e bonito pavimento \u00e0 beira da piscina.<\/li>\n<\/ol>\n<\/div>\n<div class=\"elementor-element elementor-element-1f676da elementor-widget elementor-widget-heading\" data-id=\"1f676da\" data-element_type=\"widget\" data-widget_type=\"heading.default\">\n<ul>\n<li>Comp\u00f3sito de madeira e pl\u00e1stico Wpc 3D em relevo Gr\u00e3o de madeira exterior Wpc Pavimento de piscina Wpc Deck composto<\/li>\n<\/ul>\n<h3>Se quiser saber mais pormenores, clique neste link do youtube:<a href=\"https:\/\/youtu.be\/zl6KzeQz4IE\" target=\"_blank\" rel=\"noopener\">https:\/\/youtu.be\/zl6KzeQz4IE<\/a><\/h3>\n<p>&nbsp;<\/p>\n<h3>Galeria<\/h3>\n<p>Pavimentos para piscinas exteriores em wpc<\/p>\n<figure id=\"attachment_17396\" aria-describedby=\"caption-attachment-17396\" style=\"width: 1024px\" class=\"wp-caption alignnone\"><img loading=\"lazy\" decoding=\"async\" class=\"wp-image-17396\" src=\"https:\/\/meterny.com\/wp-content\/uploads\/2024\/03\/3-1.png\" alt=\"Pavimento WPC antiderrapante para caminhos de jardim\" width=\"1024\" height=\"1024\" srcset=\"https:\/\/meterny.com\/wp-content\/uploads\/2024\/03\/3-1.png 1079w, https:\/\/meterny.com\/wp-content\/uploads\/2024\/03\/3-1-300x300.png 300w, https:\/\/meterny.com\/wp-content\/uploads\/2024\/03\/3-1-1024x1024.png 1024w, https:\/\/meterny.com\/wp-content\/uploads\/2024\/03\/3-1-150x150.png 150w, https:\/\/meterny.com\/wp-content\/uploads\/2024\/03\/3-1-768x768.png 768w, https:\/\/meterny.com\/wp-content\/uploads\/2024\/03\/3-1-600x600.png 600w, https:\/\/meterny.com\/wp-content\/uploads\/2024\/03\/3-1-100x100.png 100w\" sizes=\"auto, (max-width: 1024px) 100vw, 1024px\" \/><figcaption id=\"caption-attachment-17396\" class=\"wp-caption-text\">Pavimento WPC antiderrapante: Caminhos de jardim seguros e elegantes<\/figcaption><\/figure>\n<p>Pavimentos para piscinas exteriores em wpc<\/p>\n<figure id=\"attachment_17400\" aria-describedby=\"caption-attachment-17400\" style=\"width: 1024px\" class=\"wp-caption alignnone\"><img loading=\"lazy\" decoding=\"async\" class=\"wp-image-17400\" src=\"https:\/\/meterny.com\/wp-content\/uploads\/2024\/03\/13-4.png\" alt=\"Pavimento WPC antibacteriano para espa\u00e7os higi\u00e9nicos\" width=\"1024\" height=\"1024\" srcset=\"https:\/\/meterny.com\/wp-content\/uploads\/2024\/03\/13-4.png 800w, https:\/\/meterny.com\/wp-content\/uploads\/2024\/03\/13-4-300x300.png 300w, https:\/\/meterny.com\/wp-content\/uploads\/2024\/03\/13-4-150x150.png 150w, https:\/\/meterny.com\/wp-content\/uploads\/2024\/03\/13-4-768x768.png 768w, https:\/\/meterny.com\/wp-content\/uploads\/2024\/03\/13-4-600x600.png 600w, https:\/\/meterny.com\/wp-content\/uploads\/2024\/03\/13-4-100x100.png 100w\" sizes=\"auto, (max-width: 1024px) 100vw, 1024px\" \/><figcaption id=\"caption-attachment-17400\" class=\"wp-caption-text\">Pavimento WPC anti-bacteriano: Limpo e seguro para todos os ambientes<\/figcaption><\/figure>\n<p>Pavimentos para piscinas exteriores em wpc<\/p>\n<figure id=\"attachment_17407\" aria-describedby=\"caption-attachment-17407\" style=\"width: 1024px\" class=\"wp-caption alignnone\"><img loading=\"lazy\" decoding=\"async\" class=\"wp-image-17407\" src=\"https:\/\/meterny.com\/wp-content\/uploads\/2024\/03\/1-2.png\" alt=\"Deck de comp\u00f3sito Wpc para exterior\" width=\"1024\" height=\"1024\" srcset=\"https:\/\/meterny.com\/wp-content\/uploads\/2024\/03\/1-2.png 1024w, https:\/\/meterny.com\/wp-content\/uploads\/2024\/03\/1-2-300x300.png 300w, https:\/\/meterny.com\/wp-content\/uploads\/2024\/03\/1-2-150x150.png 150w, https:\/\/meterny.com\/wp-content\/uploads\/2024\/03\/1-2-768x768.png 768w, https:\/\/meterny.com\/wp-content\/uploads\/2024\/03\/1-2-600x600.png 600w, https:\/\/meterny.com\/wp-content\/uploads\/2024\/03\/1-2-100x100.png 100w\" sizes=\"auto, (max-width: 1024px) 100vw, 1024px\" \/><figcaption id=\"caption-attachment-17407\" class=\"wp-caption-text\">Pavimento WPC resistente \u00e0s intemp\u00e9ries: Seguro, elegante e dur\u00e1vel<\/figcaption><\/figure>\n<h3><strong>Cor e superf\u00edcie<\/strong><\/h3>\n<p>O nosso pavimento METE140H25 apresenta uma superf\u00edcie elegante de gr\u00e3o reto, acrescentando uma textura sofisticada a qualquer \u00e1rea.<\/p>\n<p>Com cores, dimens\u00f5es e formas personaliz\u00e1veis, estes pain\u00e9is oferecem uma flexibilidade excecional, permitindo-lhe dar largas \u00e0 sua criatividade em projectos de design de interiores e exteriores.<\/p>\n<p>A tecnologia de eco-extrus\u00e3o garante que cada painel n\u00e3o s\u00f3 tem um \u00f3timo aspeto, como tamb\u00e9m contribui para um ambiente de vida sustent\u00e1vel.<\/p>\n<h3>Op\u00e7\u00f5es de cores<\/h3>\n<p>Meterny Carta de cores dos pavimentos WPC da s\u00e9rie METE<\/p>\n<figure id=\"attachment_20293\" aria-describedby=\"caption-attachment-20293\" style=\"width: 1024px\" class=\"wp-caption alignnone\"><img loading=\"lazy\" decoding=\"async\" class=\"wp-image-20293\" src=\"https:\/\/meterny.com\/wp-content\/uploads\/2024\/10\/METE-Series-Colour-151.png\" alt=\"Op\u00e7\u00f5es de cores da veda\u00e7\u00e3o Meterny WPC\" width=\"1024\" height=\"1024\" srcset=\"https:\/\/meterny.com\/wp-content\/uploads\/2024\/10\/METE-Series-Colour-151.png 900w, https:\/\/meterny.com\/wp-content\/uploads\/2024\/10\/METE-Series-Colour-151-300x300.png 300w, https:\/\/meterny.com\/wp-content\/uploads\/2024\/10\/METE-Series-Colour-151-150x150.png 150w, https:\/\/meterny.com\/wp-content\/uploads\/2024\/10\/METE-Series-Colour-151-768x768.png 768w, https:\/\/meterny.com\/wp-content\/uploads\/2024\/10\/METE-Series-Colour-151-600x600.png 600w, https:\/\/meterny.com\/wp-content\/uploads\/2024\/10\/METE-Series-Colour-151-100x100.png 100w\" sizes=\"auto, (max-width: 1024px) 100vw, 1024px\" \/><figcaption id=\"caption-attachment-20293\" class=\"wp-caption-text\">Explorar Meterny WPC Floor- Nove op\u00e7\u00f5es de cores deslumbrantes para todos os estilos<\/figcaption><\/figure>\n<h3><strong>Porqu\u00ea escolher o pavimento para piscina exterior em WPC?<\/strong><\/h3>\n<p id=\"\">O Pavimento para Piscinas Exterior WPC (Wood Plastic Composite) \u00e9 uma excelente escolha para a sua \u00e1rea de piscina devido aos seus in\u00fameros benef\u00edcios e vantagens. Eis algumas raz\u00f5es convincentes para escolher esta solu\u00e7\u00e3o de pavimento inovadora:<\/p>\n<h3>1.\u00a0<strong>Durabilidade e longevidade<\/strong><\/h3>\n<ul>\n<li><strong>Resist\u00eancia \u00e0s intemp\u00e9ries<\/strong>: O pavimento WPC foi concebido para suportar os rigores dos ambientes exteriores, incluindo temperaturas extremas, humidade e exposi\u00e7\u00e3o aos raios UV. Isto garante que o seu pavimento se mant\u00e9m em excelentes condi\u00e7\u00f5es, mesmo em condi\u00e7\u00f5es climat\u00e9ricas adversas.<\/li>\n<li><strong>Resist\u00eancia ao desbotamento e aos riscos<\/strong>: Ao contr\u00e1rio dos decks de madeira tradicionais, os pavimentos WPC s\u00e3o resistentes ao desbotamento e aos riscos, mantendo o seu aspeto est\u00e9tico ao longo do tempo.<\/li>\n<\/ul>\n<h3>2.\u00a0<strong>Resistente \u00e0 \u00e1gua e anti-derrapante<\/strong><\/h3>\n<ul>\n<li><strong>Propriedades \u00e0 prova de \u00e1gua<\/strong>: O material comp\u00f3sito \u00e9 imperme\u00e1vel, o que o torna ideal para decks de piscina e zonas de salpicos. N\u00e3o absorve a \u00e1gua, n\u00e3o incha nem deforma, garantindo uma superf\u00edcie est\u00e1vel e segura.<\/li>\n<li><strong>Superf\u00edcie antiderrapante<\/strong>: A superf\u00edcie texturada do pavimento WPC proporciona uma excelente tra\u00e7\u00e3o, reduzindo o risco de escorregadelas e quedas, mesmo quando molhado.<\/li>\n<\/ul>\n<h3>3.\u00a0<strong>Amigo do ambiente<\/strong><\/h3>\n<ul>\n<li><strong>Material sustent\u00e1vel<\/strong>: O pavimento WPC \u00e9 fabricado a partir de uma mistura de fibras de madeira reciclada e pl\u00e1stico, o que o torna uma escolha amiga do ambiente. Contribui para os esfor\u00e7os de sustentabilidade, reduzindo os res\u00edduos e promovendo a utiliza\u00e7\u00e3o de materiais reciclados.<\/li>\n<\/ul>\n<h3>4.\u00a0<strong>Facilidade de manuten\u00e7\u00e3o<\/strong><\/h3>\n<ul>\n<li><strong>Manuten\u00e7\u00e3o reduzida<\/strong>: O pavimento WPC \u00e9 f\u00e1cil de limpar e manter, exigindo um esfor\u00e7o m\u00ednimo para o manter com o melhor aspeto poss\u00edvel. Basta lavar com uma mangueira ou passar um pano h\u00famido para remover a sujidade, os detritos e os produtos qu\u00edmicos da piscina.<\/li>\n<li><strong>Resistente a manchas<\/strong>: O material comp\u00f3sito \u00e9 resistente \u00e0s manchas e ao bolor, garantindo uma superf\u00edcie limpa e higi\u00e9nica para a sua \u00e1rea de piscina.<\/li>\n<\/ul>\n<h3>5.\u00a0<strong>Apelo est\u00e9tico<\/strong><\/h3>\n<ul>\n<li><strong>Aspeto natural<\/strong>: O pavimento WPC oferece um aspeto natural e elegante, imitando o aspeto da madeira verdadeira sem a necessidade de manuten\u00e7\u00e3o.<\/li>\n<li><strong>Variedade de op\u00e7\u00f5es<\/strong>: Dispon\u00edvel numa gama de cores, texturas e estilos deslumbrantes, pode escolher a op\u00e7\u00e3o perfeita para complementar a sua \u00e1rea de piscina e melhorar a sua est\u00e9tica geral.<\/li>\n<\/ul>\n<h3>6.\u00a0<strong>Personaliz\u00e1vel e vers\u00e1til<\/strong><\/h3>\n<ul>\n<li><strong>Op\u00e7\u00f5es personaliz\u00e1veis<\/strong>: O pavimento WPC pode ser personalizado para se adaptar \u00e0s suas necessidades e prefer\u00eancias espec\u00edficas, incluindo diferentes tamanhos, formas e m\u00e9todos de instala\u00e7\u00e3o.<\/li>\n<li><strong>Aplica\u00e7\u00f5es vers\u00e1teis<\/strong>: Adequado para uma variedade de aplica\u00e7\u00f5es no exterior, incluindo decks de piscinas, passadi\u00e7os, p\u00e1tios e varandas, o pavimento WPC proporciona uma solu\u00e7\u00e3o vers\u00e1til para a sua \u00e1rea de piscina.<\/li>\n<\/ul>\n<h3>7.\u00a0<strong>Rent\u00e1vel<\/strong><\/h3>\n<ul>\n<li><strong>Valor a longo prazo<\/strong>: Com a sua durabilidade e baixa necessidade de manuten\u00e7\u00e3o, o pavimento WPC oferece um excelente valor a longo prazo, tornando-o um investimento rent\u00e1vel para a sua \u00e1rea de piscina.<\/li>\n<li><strong>Efici\u00eancia da instala\u00e7\u00e3o<\/strong>: O inovador sistema de bloqueio torna a instala\u00e7\u00e3o r\u00e1pida e f\u00e1cil, reduzindo os custos de m\u00e3o de obra e o tempo de inatividade.<\/li>\n<\/ul>\n<p id=\"\">Em suma, o Pavimento Exterior para Piscinas em WPC \u00e9 uma excelente escolha para a sua \u00e1rea de piscina devido \u00e0 sua durabilidade, resist\u00eancia \u00e0 \u00e1gua, respeito pelo ambiente, facilidade de manuten\u00e7\u00e3o, atrativo est\u00e9tico, possibilidade de personaliza\u00e7\u00e3o e rela\u00e7\u00e3o custo-efic\u00e1cia. Proporciona uma superf\u00edcie segura, est\u00e1vel e bonita para as suas necessidades de entretenimento e relaxamento \u00e0 beira da piscina.<\/p>\n<\/div>","protected":false},"excerpt":{"rendered":"<p>Piso para piscina exterior em WPC com gr\u00e3o de madeira em relevo 3D Especifica\u00e7\u00e3o P\u00e1gina do produto: Pavimentos para piscinas exteriores em WPC Descri\u00e7\u00e3o geral Transforme o seu [...]<\/p>","protected":false},"featured_media":17394,"comment_status":"open","ping_status":"closed","template":"","meta":{"_uag_custom_page_level_css":"","site-sidebar-layout":"default","site-content-layout":"","ast-site-content-layout":"default","site-content-style":"default","site-sidebar-style":"default","ast-global-header-display":"","ast-banner-title-visibility":"","ast-main-header-display":"","ast-hfb-above-header-display":"","ast-hfb-below-header-display":"","ast-hfb-mobile-header-display":"","site-post-title":"","ast-breadcrumbs-content":"","ast-featured-img":"","footer-sml-layout":"","theme-transparent-header-meta":"default","adv-header-id-meta":"","stick-header-meta":"default","header-above-stick-meta":"","header-main-stick-meta":"","header-below-stick-meta":"","astra-migrate-meta-layouts":"set","ast-page-background-enabled":"default","ast-page-background-meta":{"desktop":{"background-color":"var(--ast-global-color-4)","background-image":"","background-repeat":"repeat","background-position":"center center","background-size":"auto","background-attachment":"scroll","background-type":"","background-media":"","overlay-type":"","overlay-color":"","overlay-opacity":"","overlay-gradient":""},"tablet":{"background-color":"","background-image":"","background-repeat":"repeat","background-position":"center center","background-size":"auto","background-attachment":"scroll","background-type":"","background-media":"","overlay-type":"","overlay-color":"","overlay-opacity":"","overlay-gradient":""},"mobile":{"background-color":"","background-image":"","background-repeat":"repeat","background-position":"center center","background-size":"auto","background-attachment":"scroll","background-type":"","background-media":"","overlay-type":"","overlay-color":"","overlay-opacity":"","overlay-gradient":""}},"ast-content-background-meta":{"desktop":{"background-color":"var(--ast-global-color-5)","background-image":"","background-repeat":"repeat","background-position":"center center","background-size":"auto","background-attachment":"scroll","background-type":"","background-media":"","overlay-type":"","overlay-color":"","overlay-opacity":"","overlay-gradient":""},"tablet":{"background-color":"var(--ast-global-color-5)","background-image":"","background-repeat":"repeat","background-position":"center center","background-size":"auto","background-attachment":"scroll","background-type":"","background-media":"","overlay-type":"","overlay-color":"","overlay-opacity":"","overlay-gradient":""},"mobile":{"background-color":"var(--ast-global-color-5)","background-image":"","background-repeat":"repeat","background-position":"center center","background-size":"auto","background-attachment":"scroll","background-type":"","background-media":"","overlay-type":"","overlay-color":"","overlay-opacity":"","overlay-gradient":""}}},"product_brand":[],"product_cat":[18],"product_tag":[182,181],"class_list":{"0":"post-15880","1":"product","2":"type-product","3":"status-publish","4":"has-post-thumbnail","6":"product_cat-uncategorized","7":"product_tag-wpc-decking","8":"product_tag-wpc-flooring","9":"desktop-align-center","10":"tablet-align-left","11":"mobile-align-left","12":"ast-product-gallery-layout-horizontal-slider","13":"ast-product-tabs-layout-vertical","15":"first","16":"instock","17":"featured","18":"shipping-taxable","19":"product-type-simple"},"uagb_featured_image_src":{"full":["https:\/\/meterny.com\/wp-content\/uploads\/2024\/03\/3-1-rotated.jpg",800,800,false],"thumbnail":["https:\/\/meterny.com\/wp-content\/uploads\/2024\/03\/3-1-150x150.jpg",150,150,true],"medium":["https:\/\/meterny.com\/wp-content\/uploads\/2024\/03\/3-1-300x300.jpg",300,300,true],"medium_large":["https:\/\/meterny.com\/wp-content\/uploads\/2024\/03\/3-1-768x768.jpg",768,768,true],"large":["https:\/\/meterny.com\/wp-content\/uploads\/2024\/03\/3-1-rotated.jpg",800,800,false],"1536x1536":["https:\/\/meterny.com\/wp-content\/uploads\/2024\/03\/3-1-rotated.jpg",800,800,false],"2048x2048":["https:\/\/meterny.com\/wp-content\/uploads\/2024\/03\/3-1-rotated.jpg",800,800,false],"trp-custom-language-flag":["https:\/\/meterny.com\/wp-content\/uploads\/2024\/03\/3-1-rotated.jpg",12,12,false],"woocommerce_thumbnail":["https:\/\/meterny.com\/wp-content\/uploads\/2024\/03\/3-1-300x300.jpg",300,300,true],"woocommerce_single":["https:\/\/meterny.com\/wp-content\/uploads\/2024\/03\/3-1-600x600.jpg",600,600,true],"woocommerce_gallery_thumbnail":["https:\/\/meterny.com\/wp-content\/uploads\/2024\/03\/3-1-100x100.jpg",100,100,true]},"uagb_author_info":{"display_name":"meterny","author_link":"https:\/\/meterny.com\/pt\/author\/"},"uagb_comment_info":0,"uagb_excerpt":"3D Embossed Wood Grain Outdoor Wpc Swimming Pool Flooring Specification Product Page: Outdoor WPC Swimming Pool Flooring Overview Transform your [&hellip;]","_links":{"self":[{"href":"https:\/\/meterny.com\/pt\/wp-json\/wp\/v2\/product\/15880","targetHints":{"allow":["GET"]}}],"collection":[{"href":"https:\/\/meterny.com\/pt\/wp-json\/wp\/v2\/product"}],"about":[{"href":"https:\/\/meterny.com\/pt\/wp-json\/wp\/v2\/types\/product"}],"replies":[{"embeddable":true,"href":"https:\/\/meterny.com\/pt\/wp-json\/wp\/v2\/comments?post=15880"}],"wp:featuredmedia":[{"embeddable":true,"href":"https:\/\/meterny.com\/pt\/wp-json\/wp\/v2\/media\/17394"}],"wp:attachment":[{"href":"https:\/\/meterny.com\/pt\/wp-json\/wp\/v2\/media?parent=15880"}],"wp:term":[{"taxonomy":"product_brand","embeddable":true,"href":"https:\/\/meterny.com\/pt\/wp-json\/wp\/v2\/product_brand?post=15880"},{"taxonomy":"product_cat","embeddable":true,"href":"https:\/\/meterny.com\/pt\/wp-json\/wp\/v2\/product_cat?post=15880"},{"taxonomy":"product_tag","embeddable":true,"href":"https:\/\/meterny.com\/pt\/wp-json\/wp\/v2\/product_tag?post=15880"}],"curies":[{"name":"wp","href":"https:\/\/api.w.org\/{rel}","templated":true}]}}