{"id":16372,"date":"2024-04-22T08:47:11","date_gmt":"2024-04-22T08:47:11","guid":{"rendered":"https:\/\/meterny.com\/?post_type=product&#038;p=16372"},"modified":"2025-01-15T13:15:51","modified_gmt":"2025-01-15T13:15:51","slug":"interior-decor-wpc-wall-cladding-panel","status":"publish","type":"product","link":"https:\/\/meterny.com\/pt\/produto\/interior-decor-wpc-wall-cladding-panel\/","title":{"rendered":"Pain\u00e9is comp\u00f3sitos de madeira-pl\u00e1stico WPC Premium da Indor para espa\u00e7os modernos | Meterny Indoor Wpc Wall"},"content":{"rendered":"<div class=\"elementor-element elementor-element-c0e1d42 elementor-widget elementor-widget-heading\" data-id=\"c0e1d42\" data-element_type=\"widget\" data-widget_type=\"heading.default\">\n<div class=\"elementor-widget-container\">\n<h2 class=\"elementor-heading-title elementor-size-default\" style=\"text-align: center;\">Painel de revestimento de parede WPC para decora\u00e7\u00e3o de interiores<\/h2>\n<\/div>\n<\/div>\n<div class=\"elementor-element elementor-element-1f676da elementor-widget elementor-widget-heading\" data-id=\"1f676da\" data-element_type=\"widget\" data-widget_type=\"heading.default\">\n<h2 class=\"elementor-widget-container\" style=\"text-align: center;\">Especifica\u00e7\u00e3o<\/h2>\n<p><strong>Modelo<\/strong>: METE227H25<br \/>\n<strong>Tipo<\/strong>: Painel de revestimento de parede WPC para decora\u00e7\u00e3o de interiores<br \/>\n<strong>Tamanho<\/strong>: 227\u00d725mm<\/p>\n<p><strong>Superf\u00edcie<\/strong>: Gr\u00e3os rectos<br \/>\n<strong>Comprimento<\/strong>: 2.9m ou Personalizado<br \/>\n<strong>Material<\/strong>: Comp\u00f3sito de madeira e pl\u00e1stico<br \/>\n<strong>Tecnologia de produtos<\/strong>: Eco-extrus\u00e3o<\/p>\n<figure id=\"attachment_17349\" aria-describedby=\"caption-attachment-17349\" style=\"width: 1024px\" class=\"wp-caption alignnone\"><img loading=\"lazy\" decoding=\"async\" class=\"wp-image-17349\" src=\"https:\/\/meterny.com\/wp-content\/uploads\/2024\/04\/70-2.png\" alt=\"Painel de revestimento de parede WPC para decora\u00e7\u00e3o de interiores\" width=\"1024\" height=\"1024\" srcset=\"https:\/\/meterny.com\/wp-content\/uploads\/2024\/04\/70-2.png 564w, https:\/\/meterny.com\/wp-content\/uploads\/2024\/04\/70-2-300x300.png 300w, https:\/\/meterny.com\/wp-content\/uploads\/2024\/04\/70-2-150x150.png 150w, https:\/\/meterny.com\/wp-content\/uploads\/2024\/04\/70-2-100x100.png 100w\" sizes=\"auto, (max-width: 1024px) 100vw, 1024px\" \/><figcaption id=\"caption-attachment-17349\" class=\"wp-caption-text\">Descontraia com estilo com os pain\u00e9is de parede WPC para espa\u00e7os lounge<\/figcaption><\/figure>\n<p id=\"\"><strong>Nome do produto<\/strong>: Painel de revestimento de parede WPC para decora\u00e7\u00e3o de interiores<\/p>\n<p id=\"\"><strong>Material<\/strong>: Comp\u00f3sito de madeira e pl\u00e1stico (WPC)<\/p>\n<p id=\"\"><strong>Dimens\u00f5es<\/strong>: V\u00e1rios tamanhos dispon\u00edveis (personaliz\u00e1veis)<\/p>\n<p id=\"\"><strong>Espessura<\/strong>: 23\/25\/28mm etc.)<\/p>\n<p id=\"\"><strong>Cores e acabamentos<\/strong>: Ampla gama de cores, texturas e acabamentos para combinar com qualquer tema de decora\u00e7\u00e3o interior<\/p>\n<p id=\"\"><strong>Instala\u00e7\u00e3o<\/strong>: Instala\u00e7\u00e3o f\u00e1cil do tipo \"fa\u00e7a voc\u00ea mesmo\" ou instala\u00e7\u00e3o profissional dispon\u00edvel<\/p>\n<p id=\"\"><strong>Utiliza\u00e7\u00e3o<\/strong>: Adequado para paredes interiores, tectos e divis\u00f3rias em ambientes residenciais, comerciais e industriais<\/p>\n<hr \/>\n<p id=\"\"><strong>Carater\u00edsticas do produto<\/strong>:<\/p>\n<ol>\n<li><strong>Durabilidade e resist\u00eancia<\/strong>:\n<ul>\n<li>Fabricado em material WPC de alta qualidade, combinando a beleza natural da madeira com a durabilidade do pl\u00e1stico.<\/li>\n<li>Resistente \u00e0 humidade, ao apodrecimento, \u00e0 podrid\u00e3o e \u00e0 infesta\u00e7\u00e3o por insectos.<\/li>\n<li>Duradouro e resistente, com uma dura\u00e7\u00e3o de vida superior a 60 anos.<\/li>\n<\/ul>\n<\/li>\n<li><strong>Apelo est\u00e9tico<\/strong>:\n<ul>\n<li>Dispon\u00edvel numa vasta gama de cores, texturas e acabamentos para se adaptar a qualquer estilo de decora\u00e7\u00e3o interior.<\/li>\n<li>D\u00e1 um aspeto moderno, elegante ou r\u00fastico ao seu espa\u00e7o, consoante a sua prefer\u00eancia.<\/li>\n<li>Melhora o aspeto est\u00e9tico geral da sua casa ou escrit\u00f3rio.<\/li>\n<\/ul>\n<\/li>\n<li><strong>Instala\u00e7\u00e3o f\u00e1cil<\/strong>:\n<ul>\n<li>Leve e f\u00e1cil de manusear, tornando a instala\u00e7\u00e3o muito f\u00e1cil.<\/li>\n<li>Pode ser facilmente cortado e moldado para se adaptar a qualquer espa\u00e7o.<\/li>\n<li>\u00c9 poss\u00edvel efetuar a instala\u00e7\u00e3o por conta pr\u00f3pria com instru\u00e7\u00f5es claras fornecidas, ou pode optar por uma instala\u00e7\u00e3o profissional.<\/li>\n<\/ul>\n<\/li>\n<li><strong>Manuten\u00e7\u00e3o reduzida<\/strong>:\n<ul>\n<li>Resistente ao \u00f3leo, \u00e0s manchas e aos riscos.<\/li>\n<li>F\u00e1cil de limpar com um pano h\u00famido.<\/li>\n<li>N\u00e3o \u00e9 necess\u00e1rio pintar ou manchar regularmente, poupando-lhe tempo e esfor\u00e7o.<\/li>\n<\/ul>\n<\/li>\n<li><strong>Amigo do ambiente<\/strong>:\n<ul>\n<li>Fabricado a partir de materiais reciclados, reduzindo o consumo de recursos naturais.<\/li>\n<li>Amigo do ambiente e sustent\u00e1vel, contribuindo para um ambiente mais verde.<\/li>\n<\/ul>\n<\/li>\n<\/ol>\n<hr \/>\n<p id=\"\"><strong>Aplica\u00e7\u00f5es<\/strong>:<\/p>\n<ul>\n<li><strong>Residencial<\/strong>: Ideal para salas de estar, quartos, cozinhas, casas de banho e outros espa\u00e7os interiores.<\/li>\n<li><strong>Comercial<\/strong>: Adequado para escrit\u00f3rios, restaurantes, hot\u00e9is, lojas de retalho e outros locais comerciais.<\/li>\n<li><strong>Industrial<\/strong>: Ideal para armaz\u00e9ns, f\u00e1bricas e outros ambientes industriais.<\/li>\n<\/ul>\n<hr \/>\n<p id=\"\"><strong>Op\u00e7\u00f5es de personaliza\u00e7\u00e3o<\/strong>:<\/p>\n<ul>\n<li><strong>Tamanho<\/strong>: Tamanhos personaliz\u00e1veis para se adaptarem a qualquer espa\u00e7o.<\/li>\n<li><strong>Cor e acabamento<\/strong>: Escolha entre uma vasta gama de cores, texturas e acabamentos para combinar com a sua decora\u00e7\u00e3o interior.<\/li>\n<li><strong>Corte e modela\u00e7\u00e3o<\/strong>: Pode ser facilmente cortado e moldado para se adaptar \u00e0s suas necessidades espec\u00edficas.<\/li>\n<\/ul>\n<hr \/>\n<p id=\"\"><strong>Instru\u00e7\u00f5es de instala\u00e7\u00e3o<\/strong>:<\/p>\n<ol>\n<li><strong>Prepara\u00e7\u00e3o<\/strong>: Assegurar que a superf\u00edcie est\u00e1 limpa, seca e livre de quaisquer detritos.<\/li>\n<li><strong>Medi\u00e7\u00e3o<\/strong>: Medir a \u00e1rea onde os pain\u00e9is v\u00e3o ser instalados e cortar os pain\u00e9is com o tamanho desejado.<\/li>\n<li><strong>Instala\u00e7\u00e3o<\/strong>: Aplicar adesivo ou utilizar parafusos\/pregos para fixar os pain\u00e9is \u00e0 parede. Siga as instru\u00e7\u00f5es de instala\u00e7\u00e3o fornecidas para uma instala\u00e7\u00e3o sem falhas.<\/li>\n<li><strong>Acabamento<\/strong>: Corte o material em excesso e desfrute da sua nova decora\u00e7\u00e3o interior Painel de revestimento de parede WPC.<\/li>\n<\/ol>\n<h3>Se quiser saber mais pormenores, clique neste link do youtube:<a href=\"https:\/\/youtu.be\/-raUFt_4f7Y\" target=\"_blank\" rel=\"noopener\">https:\/\/youtu.be\/-raUFt_4f7Y<\/a><\/h3>\n<p>&nbsp;<\/p>\n<h3>Galeria<\/h3>\n<p>Painel de revestimento de parede WPC para decora\u00e7\u00e3o de interiores<\/p>\n<figure id=\"attachment_17346\" aria-describedby=\"caption-attachment-17346\" style=\"width: 1024px\" class=\"wp-caption alignnone\"><img loading=\"lazy\" decoding=\"async\" class=\"wp-image-17346\" src=\"https:\/\/meterny.com\/wp-content\/uploads\/2024\/04\/27-1.jpg\" alt=\"Painel de Parede de Madeira Pl\u00e1stica Composta para Interior\" width=\"1024\" height=\"1024\" srcset=\"https:\/\/meterny.com\/wp-content\/uploads\/2024\/04\/27-1.jpg 533w, https:\/\/meterny.com\/wp-content\/uploads\/2024\/04\/27-1-300x300.jpg 300w, https:\/\/meterny.com\/wp-content\/uploads\/2024\/04\/27-1-150x150.jpg 150w, https:\/\/meterny.com\/wp-content\/uploads\/2024\/04\/27-1-100x100.jpg 100w\" sizes=\"auto, (max-width: 1024px) 100vw, 1024px\" \/><figcaption id=\"caption-attachment-17346\" class=\"wp-caption-text\">Acrescente eleg\u00e2ncia e funcionalidade \u00e0 sua sala de estar com os pain\u00e9is WPC<\/figcaption><\/figure>\n<p>Painel de revestimento de parede WPC para decora\u00e7\u00e3o de interiores<\/p>\n<figure id=\"attachment_17370\" aria-describedby=\"caption-attachment-17370\" style=\"width: 1024px\" class=\"wp-caption alignnone\"><img loading=\"lazy\" decoding=\"async\" class=\"wp-image-17370\" src=\"https:\/\/meterny.com\/wp-content\/uploads\/2024\/04\/32-2.jpg\" alt=\"Pain\u00e9is de parede WPC ac\u00fasticos para salas de m\u00e9dia\" width=\"1024\" height=\"1024\" srcset=\"https:\/\/meterny.com\/wp-content\/uploads\/2024\/04\/32-2.jpg 640w, https:\/\/meterny.com\/wp-content\/uploads\/2024\/04\/32-2-300x300.jpg 300w, https:\/\/meterny.com\/wp-content\/uploads\/2024\/04\/32-2-150x150.jpg 150w, https:\/\/meterny.com\/wp-content\/uploads\/2024\/04\/32-2-600x600.jpg 600w, https:\/\/meterny.com\/wp-content\/uploads\/2024\/04\/32-2-100x100.jpg 100w\" sizes=\"auto, (max-width: 1024px) 100vw, 1024px\" \/><figcaption id=\"caption-attachment-17370\" class=\"wp-caption-text\">Melhore a sua sala de multim\u00e9dia com pain\u00e9is de parede WPC ac\u00fasticos<\/figcaption><\/figure>\n<\/div>\n<div class=\"elementor-element elementor-element-1f676da elementor-widget elementor-widget-heading\" data-id=\"1f676da\" data-element_type=\"widget\" data-widget_type=\"heading.default\">\n<p><strong>Painel de revestimento de parede WPC <\/strong>Revestimento de parede decorativo WPC para interior<\/p>\n<figure id=\"attachment_17371\" aria-describedby=\"caption-attachment-17371\" style=\"width: 1024px\" class=\"wp-caption alignnone\"><img loading=\"lazy\" decoding=\"async\" class=\"wp-image-17371\" src=\"https:\/\/meterny.com\/wp-content\/uploads\/2024\/04\/40-3.jpg\" alt=\"Painel de parede WPC para quartos de crian\u00e7as\" width=\"1024\" height=\"1024\" srcset=\"https:\/\/meterny.com\/wp-content\/uploads\/2024\/04\/40-3.jpg 474w, https:\/\/meterny.com\/wp-content\/uploads\/2024\/04\/40-3-300x300.jpg 300w, https:\/\/meterny.com\/wp-content\/uploads\/2024\/04\/40-3-150x150.jpg 150w, https:\/\/meterny.com\/wp-content\/uploads\/2024\/04\/40-3-100x100.jpg 100w\" sizes=\"auto, (max-width: 1024px) 100vw, 1024px\" \/><figcaption id=\"caption-attachment-17371\" class=\"wp-caption-text\">Pain\u00e9is de parede WPC seguros e dur\u00e1veis para espa\u00e7os infantis<\/figcaption><\/figure>\n<h3><strong>Cor e superf\u00edcie<\/strong><\/h3>\n<p>O nosso painel de revestimento de parede WPC METE227H25 para decora\u00e7\u00e3o de interiores apresenta uma superf\u00edcie elegante de gr\u00e3o reto, acrescentando uma textura sofisticada a qualquer \u00e1rea.<\/p>\n<p>Com cores, dimens\u00f5es e formas personaliz\u00e1veis, estes pain\u00e9is oferecem uma flexibilidade excecional, permitindo-lhe dar largas \u00e0 sua criatividade em projectos de design de interiores e exteriores.<\/p>\n<p>A tecnologia de eco-extrus\u00e3o garante que cada painel de revestimento de parede WPC para decora\u00e7\u00e3o de interiores n\u00e3o s\u00f3 tem um \u00f3timo aspeto, como tamb\u00e9m contribui para um ambiente de vida sustent\u00e1vel.<\/p>\n<h3>Op\u00e7\u00f5es de cores<\/h3>\n<p>Meterny METE Series Painel de revestimento de parede WPC para decora\u00e7\u00e3o de interiores<\/p>\n<figure id=\"attachment_20293\" aria-describedby=\"caption-attachment-20293\" style=\"width: 1024px\" class=\"wp-caption alignnone\"><img loading=\"lazy\" decoding=\"async\" class=\"wp-image-20293\" src=\"https:\/\/meterny.com\/wp-content\/uploads\/2024\/10\/METE-Series-Colour-151.png\" alt=\"Op\u00e7\u00f5es de cores da veda\u00e7\u00e3o Meterny WPC\" width=\"1024\" height=\"1024\" srcset=\"https:\/\/meterny.com\/wp-content\/uploads\/2024\/10\/METE-Series-Colour-151.png 900w, https:\/\/meterny.com\/wp-content\/uploads\/2024\/10\/METE-Series-Colour-151-300x300.png 300w, https:\/\/meterny.com\/wp-content\/uploads\/2024\/10\/METE-Series-Colour-151-150x150.png 150w, https:\/\/meterny.com\/wp-content\/uploads\/2024\/10\/METE-Series-Colour-151-768x768.png 768w, https:\/\/meterny.com\/wp-content\/uploads\/2024\/10\/METE-Series-Colour-151-600x600.png 600w, https:\/\/meterny.com\/wp-content\/uploads\/2024\/10\/METE-Series-Colour-151-100x100.png 100w\" sizes=\"auto, (max-width: 1024px) 100vw, 1024px\" \/><figcaption id=\"caption-attachment-20293\" class=\"wp-caption-text\">Explorar Veda\u00e7\u00e3o WPC Meterny - Nove op\u00e7\u00f5es de cores deslumbrantes para todos os estilos<\/figcaption><\/figure>\n<h3><strong>Por que escolher o painel de revestimento de parede WPC para decora\u00e7\u00e3o de interiores?<\/strong><\/h3>\n<p id=\"\">Decora\u00e7\u00e3o de interiores Os pain\u00e9is de revestimento de parede WPC (Wood Plastic Composite) s\u00e3o uma excelente escolha por uma s\u00e9rie de raz\u00f5es. Aqui est\u00e3o alguns dos principais benef\u00edcios que fazem dos pain\u00e9is de revestimento de paredes WPC uma op\u00e7\u00e3o de destaque para a sua decora\u00e7\u00e3o de interiores:<\/p>\n<ol>\n<li><strong>Durabilidade e longevidade<\/strong>:\n<ul>\n<li>Os pain\u00e9is de revestimento de paredes WPC s\u00e3o concebidos para serem altamente dur\u00e1veis, suportando o desgaste da vida quotidiana. S\u00e3o resistentes \u00e0 humidade, \u00e0 deteriora\u00e7\u00e3o, \u00e0 podrid\u00e3o e \u00e0 infesta\u00e7\u00e3o de insectos, garantindo que mant\u00eam o seu aspeto e funcionalidade durante muitos anos.<\/li>\n<\/ul>\n<\/li>\n<li><strong>Apelo est\u00e9tico<\/strong>:\n<ul>\n<li>Com uma vasta gama de cores, texturas e acabamentos dispon\u00edveis, os pain\u00e9is de revestimento de paredes WPC podem dar um toque de eleg\u00e2ncia e sofistica\u00e7\u00e3o a qualquer espa\u00e7o interior. Quer esteja \u00e0 procura de um aspeto moderno e elegante ou de um toque mais r\u00fastico e tradicional, os pain\u00e9is WPC podem acomodar as suas prefer\u00eancias de estilo.<\/li>\n<\/ul>\n<\/li>\n<li><strong>Facilidade de instala\u00e7\u00e3o<\/strong>:\n<ul>\n<li>A instala\u00e7\u00e3o de pain\u00e9is de revestimento de paredes WPC \u00e9 muito f\u00e1cil. S\u00e3o leves e f\u00e1ceis de manusear, tornando a instala\u00e7\u00e3o \"fa\u00e7a voc\u00ea mesmo\" uma op\u00e7\u00e3o vi\u00e1vel para muitos propriet\u00e1rios de casas. Normalmente, s\u00e3o fornecidas instru\u00e7\u00f5es de instala\u00e7\u00e3o claras, e tamb\u00e9m est\u00e3o dispon\u00edveis servi\u00e7os de instala\u00e7\u00e3o profissional para quem preferir.<\/li>\n<\/ul>\n<\/li>\n<li><strong>Manuten\u00e7\u00e3o reduzida<\/strong>:\n<ul>\n<li>Ao contr\u00e1rio da madeira tradicional ou de outros materiais, os pain\u00e9is de revestimento de paredes WPC requerem uma manuten\u00e7\u00e3o m\u00ednima. S\u00e3o resistentes ao \u00f3leo, \u00e0s manchas e aos riscos, e podem ser facilmente limpos com um pano h\u00famido. Isto significa que pode desfrutar do seu belo revestimento de parede sem ter de se preocupar com a manuten\u00e7\u00e3o constante.<\/li>\n<\/ul>\n<\/li>\n<li><strong>Benef\u00edcios ambientais<\/strong>:\n<ul>\n<li>Os pain\u00e9is de revestimento de paredes WPC s\u00e3o feitos de materiais reciclados, o que os torna uma escolha amiga do ambiente. Ao escolher os pain\u00e9is WPC, est\u00e1 a contribuir para a redu\u00e7\u00e3o de res\u00edduos e a conserva\u00e7\u00e3o dos recursos naturais.<\/li>\n<\/ul>\n<\/li>\n<li><strong>Versatilidade<\/strong>:\n<ul>\n<li>Os pain\u00e9is de revestimento de paredes WPC s\u00e3o vers\u00e1teis e podem ser utilizados numa variedade de ambientes, incluindo espa\u00e7os residenciais, comerciais e industriais. S\u00e3o adequados para salas de estar, quartos, cozinhas, casas de banho, escrit\u00f3rios, restaurantes, hot\u00e9is e muito mais.<\/li>\n<\/ul>\n<\/li>\n<li><strong>Rent\u00e1vel<\/strong>:\n<ul>\n<li>Embora o investimento inicial em pain\u00e9is de revestimento de paredes WPC possa ser ligeiramente superior ao de alguns materiais tradicionais, a sua durabilidade e baixa necessidade de manuten\u00e7\u00e3o fazem deles uma escolha rent\u00e1vel a longo prazo. Poupar\u00e1 dinheiro em repara\u00e7\u00f5es e substitui\u00e7\u00f5es e desfrutar\u00e1 de um espa\u00e7o interior bonito durante muitos anos.<\/li>\n<\/ul>\n<\/li>\n<\/ol>\n<p id=\"\">Em conclus\u00e3o, os Pain\u00e9is de Revestimento de Paredes WPC para Decora\u00e7\u00e3o de Interiores oferecem uma combina\u00e7\u00e3o de durabilidade, atrativo est\u00e9tico, facilidade de instala\u00e7\u00e3o, baixa manuten\u00e7\u00e3o, benef\u00edcios ambientais, versatilidade e efic\u00e1cia em termos de custos. Estes pain\u00e9is s\u00e3o uma excelente escolha para quem procura melhorar o aspeto e a sensa\u00e7\u00e3o do seu espa\u00e7o interior, enquanto desfruta das vantagens de um produto de alta qualidade e amigo do ambiente.<\/p>\n<\/div>","protected":false},"excerpt":{"rendered":"<p>Descubra a combina\u00e7\u00e3o perfeita de estilo e funcionalidade com os pain\u00e9is compostos de madeira-pl\u00e1stico de qualidade superior da Meterny. Quer esteja a renovar a sua casa, o seu escrit\u00f3rio ou a sua propriedade comercial, os nossos pain\u00e9is oferecem uma durabilidade e uma est\u00e9tica inigual\u00e1veis.<\/p>\n<p>Fabricados a partir de materiais de alta qualidade, os nossos pain\u00e9is compostos de madeira-pl\u00e1stico s\u00e3o concebidos para resistir aos rigores da utiliza\u00e7\u00e3o quotidiana, mantendo o seu aspeto imaculado durante muitos anos. Al\u00e9m disso, com uma variedade de cores, texturas e acabamentos \u00e0 escolha, pode facilmente personalizar o seu espa\u00e7o para refletir o seu estilo e vis\u00e3o \u00fanicos.<\/p>\n<p>Mas n\u00e3o se trata apenas de apar\u00eancia - os nossos pain\u00e9is tamb\u00e9m s\u00e3o amigos do ambiente e sustent\u00e1veis, feitos de materiais reciclados e concebidos para minimizar o impacto ambiental. Assim, pode desfrutar de paredes bonitas enquanto reduz a sua pegada de carbono.<\/p>\n<p>Melhore a sua decora\u00e7\u00e3o com os pain\u00e9is compostos de madeira-pl\u00e1stico Meterny. Explore a nossa cole\u00e7\u00e3o hoje e d\u00ea o primeiro passo para transformar o seu espa\u00e7o numa obra-prima moderna.<\/p>","protected":false},"featured_media":17349,"comment_status":"open","ping_status":"closed","template":"","meta":{"_uag_custom_page_level_css":"","site-sidebar-layout":"default","site-content-layout":"","ast-site-content-layout":"default","site-content-style":"default","site-sidebar-style":"default","ast-global-header-display":"","ast-banner-title-visibility":"","ast-main-header-display":"","ast-hfb-above-header-display":"","ast-hfb-below-header-display":"","ast-hfb-mobile-header-display":"","site-post-title":"","ast-breadcrumbs-content":"","ast-featured-img":"","footer-sml-layout":"","theme-transparent-header-meta":"default","adv-header-id-meta":"","stick-header-meta":"default","header-above-stick-meta":"","header-main-stick-meta":"","header-below-stick-meta":"","astra-migrate-meta-layouts":"set","ast-page-background-enabled":"default","ast-page-background-meta":{"desktop":{"background-color":"var(--ast-global-color-4)","background-image":"","background-repeat":"repeat","background-position":"center center","background-size":"auto","background-attachment":"scroll","background-type":"","background-media":"","overlay-type":"","overlay-color":"","overlay-opacity":"","overlay-gradient":""},"tablet":{"background-color":"","background-image":"","background-repeat":"repeat","background-position":"center center","background-size":"auto","background-attachment":"scroll","background-type":"","background-media":"","overlay-type":"","overlay-color":"","overlay-opacity":"","overlay-gradient":""},"mobile":{"background-color":"","background-image":"","background-repeat":"repeat","background-position":"center center","background-size":"auto","background-attachment":"scroll","background-type":"","background-media":"","overlay-type":"","overlay-color":"","overlay-opacity":"","overlay-gradient":""}},"ast-content-background-meta":{"desktop":{"background-color":"var(--ast-global-color-5)","background-image":"","background-repeat":"repeat","background-position":"center center","background-size":"auto","background-attachment":"scroll","background-type":"","background-media":"","overlay-type":"","overlay-color":"","overlay-opacity":"","overlay-gradient":""},"tablet":{"background-color":"var(--ast-global-color-5)","background-image":"","background-repeat":"repeat","background-position":"center center","background-size":"auto","background-attachment":"scroll","background-type":"","background-media":"","overlay-type":"","overlay-color":"","overlay-opacity":"","overlay-gradient":""},"mobile":{"background-color":"var(--ast-global-color-5)","background-image":"","background-repeat":"repeat","background-position":"center center","background-size":"auto","background-attachment":"scroll","background-type":"","background-media":"","overlay-type":"","overlay-color":"","overlay-opacity":"","overlay-gradient":""}}},"product_brand":[],"product_cat":[174],"product_tag":[183,180],"class_list":{"0":"post-16372","1":"product","2":"type-product","3":"status-publish","4":"has-post-thumbnail","6":"product_cat-interior-wpc-wall","7":"product_tag-wpc-wall-interior","8":"product_tag-wpc-wall-panel","9":"desktop-align-center","10":"tablet-align-left","11":"mobile-align-left","12":"ast-product-gallery-layout-horizontal-slider","13":"ast-product-tabs-layout-vertical","15":"first","16":"instock","17":"shipping-taxable","18":"product-type-simple"},"uagb_featured_image_src":{"full":["https:\/\/meterny.com\/wp-content\/uploads\/2024\/04\/70-2.png",564,564,false],"thumbnail":["https:\/\/meterny.com\/wp-content\/uploads\/2024\/04\/70-2-150x150.png",150,150,true],"medium":["https:\/\/meterny.com\/wp-content\/uploads\/2024\/04\/70-2-300x300.png",300,300,true],"medium_large":["https:\/\/meterny.com\/wp-content\/uploads\/2024\/04\/70-2.png",564,564,false],"large":["https:\/\/meterny.com\/wp-content\/uploads\/2024\/04\/70-2.png",564,564,false],"1536x1536":["https:\/\/meterny.com\/wp-content\/uploads\/2024\/04\/70-2.png",564,564,false],"2048x2048":["https:\/\/meterny.com\/wp-content\/uploads\/2024\/04\/70-2.png",564,564,false],"trp-custom-language-flag":["https:\/\/meterny.com\/wp-content\/uploads\/2024\/04\/70-2.png",12,12,false],"woocommerce_thumbnail":["https:\/\/meterny.com\/wp-content\/uploads\/2024\/04\/70-2-300x300.png",300,300,true],"woocommerce_single":["https:\/\/meterny.com\/wp-content\/uploads\/2024\/04\/70-2.png",564,564,false],"woocommerce_gallery_thumbnail":["https:\/\/meterny.com\/wp-content\/uploads\/2024\/04\/70-2-100x100.png",100,100,true]},"uagb_author_info":{"display_name":"meterny","author_link":"https:\/\/meterny.com\/pt\/author\/"},"uagb_comment_info":0,"uagb_excerpt":"Discover the perfect blend of style and functionality with Meterny's premium wood-plastic composite panels. Whether you're revamping your home, office, or commercial property, our panels offer unparalleled durability and aesthetics. Crafted from high-quality materials, our wood-plastic composite panels are designed to withstand the rigors of everyday use while maintaining their pristine appearance for years to&hellip;","_links":{"self":[{"href":"https:\/\/meterny.com\/pt\/wp-json\/wp\/v2\/product\/16372","targetHints":{"allow":["GET"]}}],"collection":[{"href":"https:\/\/meterny.com\/pt\/wp-json\/wp\/v2\/product"}],"about":[{"href":"https:\/\/meterny.com\/pt\/wp-json\/wp\/v2\/types\/product"}],"replies":[{"embeddable":true,"href":"https:\/\/meterny.com\/pt\/wp-json\/wp\/v2\/comments?post=16372"}],"wp:featuredmedia":[{"embeddable":true,"href":"https:\/\/meterny.com\/pt\/wp-json\/wp\/v2\/media\/17349"}],"wp:attachment":[{"href":"https:\/\/meterny.com\/pt\/wp-json\/wp\/v2\/media?parent=16372"}],"wp:term":[{"taxonomy":"product_brand","embeddable":true,"href":"https:\/\/meterny.com\/pt\/wp-json\/wp\/v2\/product_brand?post=16372"},{"taxonomy":"product_cat","embeddable":true,"href":"https:\/\/meterny.com\/pt\/wp-json\/wp\/v2\/product_cat?post=16372"},{"taxonomy":"product_tag","embeddable":true,"href":"https:\/\/meterny.com\/pt\/wp-json\/wp\/v2\/product_tag?post=16372"}],"curies":[{"name":"wp","href":"https:\/\/api.w.org\/{rel}","templated":true}]}}