{"id":16402,"date":"2024-04-22T15:08:28","date_gmt":"2024-04-22T15:08:28","guid":{"rendered":"https:\/\/meterny.com\/?post_type=product&#038;p=16402"},"modified":"2025-01-08T12:54:38","modified_gmt":"2025-01-08T12:54:38","slug":"wpc-siding-panel-exterior-cladding-solution","status":"publish","type":"product","link":"https:\/\/meterny.com\/pt\/produto\/wpc-siding-panel-exterior-cladding-solution\/","title":{"rendered":"MeteSiding\u2122 Painel de parede de revestimento WPC - Solu\u00e7\u00e3o de revestimento exterior"},"content":{"rendered":"<h2 style=\"text-align: center;\">Especifica\u00e7\u00e3o do painel de parede de revestimento WPC<\/h2>\n<p>&nbsp;<\/p>\n<p>METE227H25TK Revestimento de parede exterior em WPC canelado na cor teca<\/p>\n<p><strong>Modelo<\/strong>: METE227H25TK<\/p>\n<p><strong>Tipo<\/strong>: Revestimento de parede canelado WPC\/Painel de parede de revestimento WPC<\/p>\n<p><strong>Tamanho<\/strong>: 227\u00d725mm<\/p>\n<p><strong>Superf\u00edcie<\/strong>: Tiras e gr\u00e3os rectos<\/p>\n<p><strong>Cor<\/strong>: Cor de teca<\/p>\n<p><strong>Comprimento<\/strong>: 2.9m ou Personalizado<\/p>\n<p><strong>Material<\/strong>: Comp\u00f3sito de madeira e pl\u00e1stico<\/p>\n<p><strong>Tecnologia de produtos<\/strong>: Eco-extrus\u00e3o<\/p>\n<figure id=\"attachment_17334\" aria-describedby=\"caption-attachment-17334\" style=\"width: 1024px\" class=\"wp-caption alignnone\"><img loading=\"lazy\" decoding=\"async\" class=\"wp-image-17334\" src=\"https:\/\/meterny.com\/wp-content\/uploads\/2024\/04\/35.png\" alt=\"MeteSiding\u2122 WPC Siding - Solu\u00e7\u00e3o de revestimento exterior\" width=\"1024\" height=\"1024\" srcset=\"https:\/\/meterny.com\/wp-content\/uploads\/2024\/04\/35.png 800w, https:\/\/meterny.com\/wp-content\/uploads\/2024\/04\/35-300x300.png 300w, https:\/\/meterny.com\/wp-content\/uploads\/2024\/04\/35-150x150.png 150w, https:\/\/meterny.com\/wp-content\/uploads\/2024\/04\/35-768x768.png 768w, https:\/\/meterny.com\/wp-content\/uploads\/2024\/04\/35-600x600.png 600w, https:\/\/meterny.com\/wp-content\/uploads\/2024\/04\/35-100x100.png 100w\" sizes=\"auto, (max-width: 1024px) 100vw, 1024px\" \/><figcaption id=\"caption-attachment-17334\" class=\"wp-caption-text\">Pain\u00e9is WPC resistentes aos raios UV para \u00e1reas exteriores iluminadas pelo sol.<\/figcaption><\/figure>\n<h3>Vis\u00e3o geral do produto<\/h3>\n<p id=\"\">O revestimento WPC (Wood Plastic Composite Siding) \u00e9 um material de constru\u00e7\u00e3o inovador que combina a beleza natural da madeira com a durabilidade do pl\u00e1stico. Fabricado a partir de pl\u00e1stico reciclado e fibras de madeira atrav\u00e9s de um processamento de alta tecnologia, \u00e9 simultaneamente amigo do ambiente e pr\u00e1tico. O revestimento WPC oferece excelente resist\u00eancia \u00e0s intemp\u00e9ries, impermeabiliza\u00e7\u00e3o e resist\u00eancia a insectos, e \u00e9 f\u00e1cil de instalar e manter, tornando-o a escolha ideal para a decora\u00e7\u00e3o de paredes exteriores na arquitetura moderna.<\/p>\n<h3>Carater\u00edsticas do produto<\/h3>\n<ol>\n<li><strong>Material amigo do ambiente<\/strong>: O revestimento WPC \u00e9 composto por mais de 60% de fibras de madeira e mais de 30% de pl\u00e1stico ecol\u00f3gico, juntamente com uma pequena quantidade de aditivos, o que o torna n\u00e3o t\u00f3xico e compat\u00edvel com as normas ambientais.<\/li>\n<li><strong>Forte resist\u00eancia \u00e0s intemp\u00e9ries<\/strong>: Ap\u00f3s um processamento especial, o revestimento WPC apresenta uma excelente resist\u00eancia \u00e0s intemp\u00e9ries, capaz de suportar os raios UV, o vento, a chuva, a neve e outras condi\u00e7\u00f5es climat\u00e9ricas adversas, mantendo a sua est\u00e9tica e desempenho ao longo do tempo.<\/li>\n<li><strong>\u00c0 prova de \u00e1gua e resistente \u00e0 humidade<\/strong>: A estrutura \u00fanica do material proporciona uma impermeabiliza\u00e7\u00e3o excecional, impedindo eficazmente a penetra\u00e7\u00e3o da humidade e mantendo os interiores secos.<\/li>\n<li><strong>Resistente a insectos e bolores<\/strong>: As fibras de madeira s\u00e3o especialmente tratadas para evitar a infesta\u00e7\u00e3o de insectos e o crescimento de bolor, prolongando a vida \u00fatil do produto.<\/li>\n<li><strong>Instala\u00e7\u00e3o f\u00e1cil<\/strong>: O revestimento WPC apresenta um design de encaixe para uma instala\u00e7\u00e3o r\u00e1pida e f\u00e1cil, poupando custos de m\u00e3o de obra e tempo.<\/li>\n<li><strong>Manuten\u00e7\u00e3o reduzida<\/strong>: A limpeza de rotina requer apenas enxaguamento com \u00e1gua, eliminando a necessidade de manuten\u00e7\u00e3o especial e reduzindo os custos de manuten\u00e7\u00e3o.<\/li>\n<li><strong>V\u00e1rios estilos<\/strong>: Est\u00e1 dispon\u00edvel uma variedade de cores, texturas e estilos para satisfazer as necessidades individuais dos clientes.<\/li>\n<\/ol>\n<h3>Especifica\u00e7\u00f5es do produto<\/h3>\n<ul>\n<li><strong>Material<\/strong>: Fibras de madeira + pl\u00e1stico ecol\u00f3gico + aditivos<\/li>\n<li><strong>Dimens\u00f5es<\/strong>: Largura 140mm, espessura 20mm, op\u00e7\u00f5es de comprimento de 2,2m, 2,8m, 5,6m, ou tamanhos personalizados<\/li>\n<li><strong>Cores<\/strong>: V\u00e1rios tons de madeira natural dispon\u00edveis, com op\u00e7\u00f5es de cores personalizadas mediante pedido<\/li>\n<li><strong>Texturas<\/strong>: Imita\u00e7\u00f5es de gr\u00e3o de madeira, gr\u00e3o de pedra e outras texturas<\/li>\n<li><strong>Peso<\/strong>: Varia consoante as especifica\u00e7\u00f5es e os materiais espec\u00edficos<\/li>\n<li><strong>Vida \u00fatil<\/strong>: At\u00e9 15-20 anos<\/li>\n<\/ul>\n<h3>Cen\u00e1rios de aplica\u00e7\u00e3o<\/h3>\n<ul>\n<li><strong>Edif\u00edcios de habita\u00e7\u00e3o<\/strong>: Decora\u00e7\u00e3o exterior de moradias, apartamentos, casas multifamiliares, etc.<\/li>\n<li><strong>Edif\u00edcios comerciais<\/strong>: Decora\u00e7\u00e3o exterior de hot\u00e9is, escrit\u00f3rios, centros comerciais, etc.<\/li>\n<li><strong>Instala\u00e7\u00f5es p\u00fablicas<\/strong>: Decora\u00e7\u00e3o exterior de parques, escolas, hospitais, etc.<\/li>\n<li><strong>Conce\u00e7\u00e3o paisag\u00edstica<\/strong>: Veda\u00e7\u00f5es para jardins, elementos paisag\u00edsticos e outras decora\u00e7\u00f5es<\/li>\n<\/ul>\n<h3>Guia de instala\u00e7\u00e3o<\/h3>\n<ol>\n<li><strong>Prepara\u00e7\u00e3o da base<\/strong>: Assegurar que a superf\u00edcie da parede \u00e9 plana, seca, isenta de \u00f3leo e de materiais soltos.<\/li>\n<li><strong>Medi\u00e7\u00e3o e marca\u00e7\u00e3o<\/strong>: Medir e marcar as linhas de instala\u00e7\u00e3o de acordo com as dimens\u00f5es da parede e os requisitos do projeto.<\/li>\n<li><strong>Instalar quilhas<\/strong>: Fixar as quilhas de acordo com as linhas de instala\u00e7\u00e3o, assegurando que est\u00e3o horizontais, verticais e uniformemente espa\u00e7adas.<\/li>\n<li><strong>Instalar o revestimento WPC<\/strong>: Encaixe o revestimento WPC nas quilhas em sequ\u00eancia, assegurando que a superf\u00edcie do painel \u00e9 plana e as folgas s\u00e3o uniformes.<\/li>\n<li><strong>Aparar<\/strong>: Manusear os cantos, os rebordos das janelas e outras \u00e1reas de corte para obter um aspeto limpo e esteticamente agrad\u00e1vel.<\/li>\n<\/ol>\n<h3>Servi\u00e7o p\u00f3s-venda<\/h3>\n<ul>\n<li><strong>Per\u00edodo de garantia<\/strong>: \u00c9 fornecido um servi\u00e7o de garantia de 15 anos, com substitui\u00e7\u00e3o gratuita em caso de danos causados por problemas de qualidade do produto durante o per\u00edodo de garantia.<\/li>\n<li><strong>Apoio t\u00e9cnico<\/strong>: Os servi\u00e7os de apoio t\u00e9cnico e de consultoria est\u00e3o dispon\u00edveis para a instala\u00e7\u00e3o, manuten\u00e7\u00e3o e outros aspectos do produto.<\/li>\n<li><strong>Linha direta do servi\u00e7o p\u00f3s-venda<\/strong>: Est\u00e1 dispon\u00edvel uma linha direta de servi\u00e7o p\u00f3s-venda 24 horas por dia, 7 dias por semana, para responder \u00e0s perguntas dos clientes e tratar prontamente dos problemas p\u00f3s-venda.<\/li>\n<\/ul>\n<h3>Galeria<\/h3>\n<figure id=\"attachment_17350\" aria-describedby=\"caption-attachment-17350\" style=\"width: 1024px\" class=\"wp-caption alignnone\"><img loading=\"lazy\" decoding=\"async\" class=\"wp-image-17350\" src=\"https:\/\/meterny.com\/wp-content\/uploads\/2024\/04\/70-12.png\" alt=\"Painel de Parede Exterior WPC Anti-Mostura\" width=\"1024\" height=\"1024\" srcset=\"https:\/\/meterny.com\/wp-content\/uploads\/2024\/04\/70-12.png 900w, https:\/\/meterny.com\/wp-content\/uploads\/2024\/04\/70-12-300x300.png 300w, https:\/\/meterny.com\/wp-content\/uploads\/2024\/04\/70-12-150x150.png 150w, https:\/\/meterny.com\/wp-content\/uploads\/2024\/04\/70-12-768x768.png 768w, https:\/\/meterny.com\/wp-content\/uploads\/2024\/04\/70-12-600x600.png 600w, https:\/\/meterny.com\/wp-content\/uploads\/2024\/04\/70-12-100x100.png 100w\" sizes=\"auto, (max-width: 1024px) 100vw, 1024px\" \/><figcaption id=\"caption-attachment-17350\" class=\"wp-caption-text\">D\u00ea um toque moderno \u00e0 sua paisagem exterior com os pain\u00e9is de parede WPC<\/figcaption><\/figure>\n<figure id=\"attachment_17357\" aria-describedby=\"caption-attachment-17357\" style=\"width: 1024px\" class=\"wp-caption alignnone\"><img loading=\"lazy\" decoding=\"async\" class=\"wp-image-17357\" src=\"https:\/\/meterny.com\/wp-content\/uploads\/2024\/04\/39.png\" alt=\"Pain\u00e9is exteriores de WPC para edif\u00edcios comerciais\" width=\"1024\" height=\"1025\" srcset=\"https:\/\/meterny.com\/wp-content\/uploads\/2024\/04\/39.png 1080w, https:\/\/meterny.com\/wp-content\/uploads\/2024\/04\/39-300x300.png 300w, https:\/\/meterny.com\/wp-content\/uploads\/2024\/04\/39-1024x1024.png 1024w, https:\/\/meterny.com\/wp-content\/uploads\/2024\/04\/39-150x150.png 150w, https:\/\/meterny.com\/wp-content\/uploads\/2024\/04\/39-768x769.png 768w, https:\/\/meterny.com\/wp-content\/uploads\/2024\/04\/39-600x601.png 600w, https:\/\/meterny.com\/wp-content\/uploads\/2024\/04\/39-100x100.png 100w\" sizes=\"auto, (max-width: 1024px) 100vw, 1024px\" \/><figcaption id=\"caption-attachment-17357\" class=\"wp-caption-text\">Pain\u00e9is de parede WPC de n\u00edvel profissional para fachadas comerciais<\/figcaption><\/figure>\n<h3>Cor e superf\u00edcie<\/h3>\n<p>Com uma cor de teca sofisticada e uma superf\u00edcie adornada com tiras e gr\u00e3os rectos, este painel WPC oferece um acabamento visualmente marcante.<\/p>\n<p>O comprimento e as dimens\u00f5es personaliz\u00e1veis respondem a diversas necessidades de design, proporcionando flexibilidade e criatividade nos seus projectos arquitect\u00f3nicos.<\/p>\n<figure id=\"attachment_20293\" aria-describedby=\"caption-attachment-20293\" style=\"width: 1024px\" class=\"wp-caption alignnone\"><img loading=\"lazy\" decoding=\"async\" class=\"wp-image-20293\" src=\"https:\/\/meterny.com\/wp-content\/uploads\/2024\/10\/METE-Series-Colour-151.png\" alt=\"Op\u00e7\u00f5es de cores da veda\u00e7\u00e3o Meterny WPC\" width=\"1024\" height=\"1024\" srcset=\"https:\/\/meterny.com\/wp-content\/uploads\/2024\/10\/METE-Series-Colour-151.png 900w, https:\/\/meterny.com\/wp-content\/uploads\/2024\/10\/METE-Series-Colour-151-300x300.png 300w, https:\/\/meterny.com\/wp-content\/uploads\/2024\/10\/METE-Series-Colour-151-150x150.png 150w, https:\/\/meterny.com\/wp-content\/uploads\/2024\/10\/METE-Series-Colour-151-768x768.png 768w, https:\/\/meterny.com\/wp-content\/uploads\/2024\/10\/METE-Series-Colour-151-600x600.png 600w, https:\/\/meterny.com\/wp-content\/uploads\/2024\/10\/METE-Series-Colour-151-100x100.png 100w\" sizes=\"auto, (max-width: 1024px) 100vw, 1024px\" \/><figcaption id=\"caption-attachment-20293\" class=\"wp-caption-text\">Explorar Veda\u00e7\u00e3o WPC Meterny - Nove op\u00e7\u00f5es de cores deslumbrantes para todos os estilos<\/figcaption><\/figure>\n<h3>Vers\u00e1til e de elevado desempenho<\/h3>\n<p>Ideal para aplica\u00e7\u00f5es exteriores, o revestimento METE227H25TK \u00e9 fabricado com a tecnologia de eco-extrus\u00e3o, o que o torna resistente \u00e0 humidade, \u00e0s condi\u00e7\u00f5es climat\u00e9ricas e aos impactos ambientais.<\/p>\n<p>Este painel de parede exterior WPC Siding n\u00e3o s\u00f3 melhora o aspeto est\u00e9tico como tamb\u00e9m acrescenta uma camada de prote\u00e7\u00e3o ao seu edif\u00edcio.<\/p>\n<p>A sua instala\u00e7\u00e3o f\u00e1cil e a sua manuten\u00e7\u00e3o reduzida fazem dele uma escolha pr\u00e1tica para as constru\u00e7\u00f5es modernas.<\/p>\n<p><img loading=\"lazy\" decoding=\"async\" class=\"alignnone wp-image-17336\" src=\"https:\/\/meterny.com\/wp-content\/uploads\/2024\/04\/98.png\" alt=\"\" width=\"1024\" height=\"1024\" srcset=\"https:\/\/meterny.com\/wp-content\/uploads\/2024\/04\/98.png 800w, https:\/\/meterny.com\/wp-content\/uploads\/2024\/04\/98-300x300.png 300w, https:\/\/meterny.com\/wp-content\/uploads\/2024\/04\/98-150x150.png 150w, https:\/\/meterny.com\/wp-content\/uploads\/2024\/04\/98-768x768.png 768w, https:\/\/meterny.com\/wp-content\/uploads\/2024\/04\/98-600x600.png 600w, https:\/\/meterny.com\/wp-content\/uploads\/2024\/04\/98-100x100.png 100w\" sizes=\"auto, (max-width: 1024px) 100vw, 1024px\" \/><\/p>\n<h3>Benef\u00edcios da escolha do Painel de Parede de Revestimento WPC METE227H25TK<\/h3>\n<p>Durabilidade melhorada: Concebida para resistir a condi\u00e7\u00f5es climat\u00e9ricas adversas.<\/p>\n<p>Amigo do ambiente: Fabricado com pr\u00e1ticas e materiais sustent\u00e1veis.<\/p>\n<p>Apelo est\u00e9tico: Cor de teca e gr\u00e3os elegantes para um aspeto moderno.<\/p>\n<p>Manuten\u00e7\u00e3o reduzida: A manuten\u00e7\u00e3o necess\u00e1ria \u00e9 m\u00ednima em compara\u00e7\u00e3o com os materiais tradicionais.<\/p>\n<p>Aplica\u00e7\u00f5es vers\u00e1teis: Adequado para v\u00e1rios ambientes exteriores.<\/p>\n<h3><strong>Porqu\u00ea escolher o revestimento WPC?<\/strong><\/h3>\n<p id=\"\">A escolha do revestimento WPC (Wood Plastic Composite Siding) oferece in\u00fameras vantagens para edif\u00edcios residenciais e comerciais. Aqui est\u00e3o algumas raz\u00f5es convincentes para considerar este material de constru\u00e7\u00e3o inovador:<\/p>\n<ol>\n<li><strong>Durabilidade e longevidade<\/strong>:\n<ul>\n<li>O revestimento WPC foi concebido para resistir a condi\u00e7\u00f5es climat\u00e9ricas adversas, incluindo temperaturas extremas, vento, chuva e neve.<\/li>\n<li>A sua composi\u00e7\u00e3o robusta garante que resiste ao desbotamento, \u00e0s fissuras e \u00e0 deforma\u00e7\u00e3o ao longo do tempo, mantendo o seu aspeto est\u00e9tico e a sua integridade estrutural.<\/li>\n<\/ul>\n<\/li>\n<li><strong>Manuten\u00e7\u00e3o reduzida<\/strong>:\n<ul>\n<li>Ao contr\u00e1rio dos revestimentos de madeira tradicionais, os revestimentos WPC requerem uma manuten\u00e7\u00e3o m\u00ednima.<\/li>\n<li>\u00c9 f\u00e1cil de limpar e n\u00e3o necessita de ser pintado ou selado regularmente.<\/li>\n<li>Isto reduz os custos de manuten\u00e7\u00e3o a longo prazo e poupa tempo.<\/li>\n<\/ul>\n<\/li>\n<li><strong>Amigo do ambiente<\/strong>:\n<ul>\n<li>O revestimento WPC \u00e9 feito de pl\u00e1stico reciclado e fibras de madeira, o que o torna uma escolha amiga do ambiente.<\/li>\n<li>Reduz os res\u00edduos e apoia pr\u00e1ticas sustent\u00e1veis no sector da constru\u00e7\u00e3o.<\/li>\n<\/ul>\n<\/li>\n<li><strong>Resist\u00eancia a insectos e bolores<\/strong>:\n<ul>\n<li>As fibras de madeira do revestimento WPC s\u00e3o tratadas para resistir \u00e0 infesta\u00e7\u00e3o de insectos e ao crescimento de bolor.<\/li>\n<li>Isto protege o material de danos e prolonga a sua vida \u00fatil.<\/li>\n<\/ul>\n<\/li>\n<li><strong>Versatilidade no design<\/strong>:\n<ul>\n<li>O revestimento WPC est\u00e1 dispon\u00edvel numa variedade de cores, texturas e estilos para corresponder a diferentes prefer\u00eancias arquitect\u00f3nicas.<\/li>\n<li>Pode imitar o aspeto de gr\u00e3os de madeira naturais, texturas de pedra e outros materiais.<\/li>\n<\/ul>\n<\/li>\n<li><strong>Instala\u00e7\u00e3o f\u00e1cil<\/strong>:\n<ul>\n<li>O revestimento WPC foi concebido para uma instala\u00e7\u00e3o r\u00e1pida e f\u00e1cil, utilizando frequentemente um sistema de encaixe.<\/li>\n<li>Isto reduz os custos de m\u00e3o de obra e o tempo de instala\u00e7\u00e3o em compara\u00e7\u00e3o com os materiais de revestimento tradicionais.<\/li>\n<\/ul>\n<\/li>\n<li><strong>Rent\u00e1vel<\/strong>:\n<ul>\n<li>Embora o custo inicial do revestimento WPC possa ser compar\u00e1vel ou ligeiramente superior ao de alguns materiais tradicionais, a sua durabilidade a longo prazo e os baixos requisitos de manuten\u00e7\u00e3o fazem dele uma escolha rent\u00e1vel.<\/li>\n<\/ul>\n<\/li>\n<li><strong>Isolamento melhorado<\/strong>:\n<ul>\n<li>O revestimento WPC pode oferecer melhores propriedades de isolamento do que alguns materiais tradicionais, ajudando a regular as temperaturas interiores e a reduzir os custos energ\u00e9ticos.<\/li>\n<\/ul>\n<\/li>\n<li><strong>Resist\u00eancia \u00e0s intemp\u00e9ries<\/strong>:\n<ul>\n<li>A sua resist\u00eancia \u00e0 humidade, aos raios UV e a outros factores ambientais faz com que seja a escolha ideal para zonas com climas dif\u00edceis.<\/li>\n<\/ul>\n<\/li>\n<li><strong>Aumento do valor da propriedade<\/strong>:\n<ul>\n<li>O apelo moderno e est\u00e9tico do revestimento WPC pode melhorar a atra\u00e7\u00e3o e o valor global de uma propriedade.<\/li>\n<\/ul>\n<\/li>\n<\/ol>\n<p id=\"\">Em suma, a escolha do revestimento WPC proporciona uma combina\u00e7\u00e3o de durabilidade, baixa manuten\u00e7\u00e3o, benef\u00edcios ambientais, versatilidade de design e efic\u00e1cia de custos. Estas vantagens fazem com que seja uma excelente escolha para projectos de constru\u00e7\u00e3o nova e de renova\u00e7\u00e3o.<\/p>","protected":false},"excerpt":{"rendered":"<div class=\"flex-1 overflow-hidden\">\n<div class=\"react-scroll-to-bottom--css-cidmd-79elbk h-full\">\n<div class=\"react-scroll-to-bottom--css-cidmd-1n7m0yu\">\n<div>\n<div class=\"flex flex-col text-sm pb-9\">\n<div class=\"w-full text-token-text-primary\" dir=\"auto\" data-testid=\"conversation-turn-17\">\n<div class=\"px-4 py-2 justify-center text-base md:gap-6 m-auto\">\n<div class=\"flex flex-1 text-base mx-auto gap-3 juice:gap-4 juice:md:gap-6 md:px-5 lg:px-1 xl:px-5 md:max-w-3xl lg:max-w-[40rem] xl:max-w-[48rem]\">\n<div class=\"relative flex w-full flex-col agent-turn\">\n<div class=\"flex-col gap-1 md:gap-3\">\n<div class=\"flex flex-grow flex-col max-w-full\">\n<div class=\"min-h-[20px] text-message flex flex-col items-start gap-3 whitespace-pre-wrap break-words [.text-message+&amp;]:mt-5 overflow-x-auto\" dir=\"auto\" data-message-author-role=\"assistant\" data-message-id=\"429bff2e-bb89-4ee8-8d19-4d9b7ea8357a\">\n<div class=\"markdown prose w-full break-words dark:prose-invert light\">\n<p>\ud83c\udf1f Apresentando o MeteSiding\u2122 WPC Siding - Solu\u00e7\u00e3o de revestimento exterior! \ud83c\udf1f<\/p>\n<p>Melhore o aspeto da sua casa com o nosso revestimento de qualidade superior. O MetaSiding\u2122 \u00e9 meticulosamente fabricado a partir de um composto de pol\u00edmero de madeira de alta qualidade, garantindo uma durabilidade inigual\u00e1vel e um apelo est\u00e9tico durante anos.<\/p>\n<p>Porqu\u00ea escolher MeteSiding?<\/p>\n<p>Qualidade superior: Fabricado com materiais de alta qualidade, o MeteSiding\u2122 oferece uma prote\u00e7\u00e3o superior contra os elementos.<\/p>\n<p>Design elegante: Melhore o apelo do meio-fio de sua casa com tapume elegante e moderno que complementa qualquer estilo arquitet\u00f4nico.<\/p>\n<p>\u2705 Instala\u00e7\u00e3o f\u00e1cil: O MeteSiding\u2122 foi concebido para uma instala\u00e7\u00e3o sem complica\u00e7\u00f5es, poupando-lhe tempo e esfor\u00e7o.<\/p>\n<p>Vers\u00e1til: Quer seja para propriedades residenciais ou comerciais, o MeteSiding\u2122 \u00e9 perfeito para todas as aplica\u00e7\u00f5es de revestimento exterior.<\/p>\n<p>Ecologicamente correto: Feito de materiais sustent\u00e1veis, MeteSiding\u2122 \u00e9 a escolha ambientalmente consciente para as suas necessidades de design exterior.<\/p>\n<p>N\u00e3o perca a oportunidade de aumentar a sua atra\u00e7\u00e3o com o revestimento WPC Meterny. Encomende agora e transforme o exterior da sua propriedade! \ud83c\udfe1\ud83d\udd28<\/p>\n<\/div>\n<\/div>\n<\/div>\n<\/div>\n<\/div>\n<\/div>\n<\/div>\n<\/div>\n<\/div>\n<\/div>\n<\/div>\n<\/div>\n<\/div>","protected":false},"featured_media":17334,"comment_status":"open","ping_status":"closed","template":"","meta":{"_uag_custom_page_level_css":"","site-sidebar-layout":"default","site-content-layout":"","ast-site-content-layout":"default","site-content-style":"default","site-sidebar-style":"default","ast-global-header-display":"","ast-banner-title-visibility":"","ast-main-header-display":"","ast-hfb-above-header-display":"","ast-hfb-below-header-display":"","ast-hfb-mobile-header-display":"","site-post-title":"","ast-breadcrumbs-content":"","ast-featured-img":"","footer-sml-layout":"","theme-transparent-header-meta":"default","adv-header-id-meta":"","stick-header-meta":"default","header-above-stick-meta":"","header-main-stick-meta":"","header-below-stick-meta":"","astra-migrate-meta-layouts":"set","ast-page-background-enabled":"default","ast-page-background-meta":{"desktop":{"background-color":"var(--ast-global-color-4)","background-image":"","background-repeat":"repeat","background-position":"center center","background-size":"auto","background-attachment":"scroll","background-type":"","background-media":"","overlay-type":"","overlay-color":"","overlay-opacity":"","overlay-gradient":""},"tablet":{"background-color":"","background-image":"","background-repeat":"repeat","background-position":"center center","background-size":"auto","background-attachment":"scroll","background-type":"","background-media":"","overlay-type":"","overlay-color":"","overlay-opacity":"","overlay-gradient":""},"mobile":{"background-color":"","background-image":"","background-repeat":"repeat","background-position":"center center","background-size":"auto","background-attachment":"scroll","background-type":"","background-media":"","overlay-type":"","overlay-color":"","overlay-opacity":"","overlay-gradient":""}},"ast-content-background-meta":{"desktop":{"background-color":"var(--ast-global-color-5)","background-image":"","background-repeat":"repeat","background-position":"center center","background-size":"auto","background-attachment":"scroll","background-type":"","background-media":"","overlay-type":"","overlay-color":"","overlay-opacity":"","overlay-gradient":""},"tablet":{"background-color":"var(--ast-global-color-5)","background-image":"","background-repeat":"repeat","background-position":"center center","background-size":"auto","background-attachment":"scroll","background-type":"","background-media":"","overlay-type":"","overlay-color":"","overlay-opacity":"","overlay-gradient":""},"mobile":{"background-color":"var(--ast-global-color-5)","background-image":"","background-repeat":"repeat","background-position":"center center","background-size":"auto","background-attachment":"scroll","background-type":"","background-media":"","overlay-type":"","overlay-color":"","overlay-opacity":"","overlay-gradient":""}}},"product_brand":[],"product_cat":[175],"product_tag":[184,180],"class_list":{"0":"post-16402","1":"product","2":"type-product","3":"status-publish","4":"has-post-thumbnail","6":"product_cat-exterior-wpc-wall","7":"product_tag-wpc-wall-exterior","8":"product_tag-wpc-wall-panel","9":"desktop-align-center","10":"tablet-align-left","11":"mobile-align-left","12":"ast-product-gallery-layout-horizontal-slider","13":"ast-product-tabs-layout-vertical","15":"first","16":"instock","17":"shipping-taxable","18":"product-type-simple"},"uagb_featured_image_src":{"full":["https:\/\/meterny.com\/wp-content\/uploads\/2024\/04\/35.png",800,800,false],"thumbnail":["https:\/\/meterny.com\/wp-content\/uploads\/2024\/04\/35-150x150.png",150,150,true],"medium":["https:\/\/meterny.com\/wp-content\/uploads\/2024\/04\/35-300x300.png",300,300,true],"medium_large":["https:\/\/meterny.com\/wp-content\/uploads\/2024\/04\/35-768x768.png",768,768,true],"large":["https:\/\/meterny.com\/wp-content\/uploads\/2024\/04\/35.png",800,800,false],"1536x1536":["https:\/\/meterny.com\/wp-content\/uploads\/2024\/04\/35.png",800,800,false],"2048x2048":["https:\/\/meterny.com\/wp-content\/uploads\/2024\/04\/35.png",800,800,false],"trp-custom-language-flag":["https:\/\/meterny.com\/wp-content\/uploads\/2024\/04\/35.png",12,12,false],"woocommerce_thumbnail":["https:\/\/meterny.com\/wp-content\/uploads\/2024\/04\/35-300x300.png",300,300,true],"woocommerce_single":["https:\/\/meterny.com\/wp-content\/uploads\/2024\/04\/35-600x600.png",600,600,true],"woocommerce_gallery_thumbnail":["https:\/\/meterny.com\/wp-content\/uploads\/2024\/04\/35-100x100.png",100,100,true]},"uagb_author_info":{"display_name":"meterny","author_link":"https:\/\/meterny.com\/pt\/author\/"},"uagb_comment_info":0,"uagb_excerpt":"\ud83c\udf1f Introducing MeteSiding\u2122 WPC Siding - Exterior Cladding Solution! \ud83c\udf1f Upgrade the look of your home with our premium quality siding. MetaSiding\u2122 is meticulously crafted from top-grade wood polymer composite, ensuring unmatched durability and aesthetic appeal for years to come. Why Choose MeteSiding? \u2705 Superior Quality: Crafted from high-grade materials, MeteSiding\u2122 offers superior protection against&hellip;","_links":{"self":[{"href":"https:\/\/meterny.com\/pt\/wp-json\/wp\/v2\/product\/16402","targetHints":{"allow":["GET"]}}],"collection":[{"href":"https:\/\/meterny.com\/pt\/wp-json\/wp\/v2\/product"}],"about":[{"href":"https:\/\/meterny.com\/pt\/wp-json\/wp\/v2\/types\/product"}],"replies":[{"embeddable":true,"href":"https:\/\/meterny.com\/pt\/wp-json\/wp\/v2\/comments?post=16402"}],"wp:featuredmedia":[{"embeddable":true,"href":"https:\/\/meterny.com\/pt\/wp-json\/wp\/v2\/media\/17334"}],"wp:attachment":[{"href":"https:\/\/meterny.com\/pt\/wp-json\/wp\/v2\/media?parent=16402"}],"wp:term":[{"taxonomy":"product_brand","embeddable":true,"href":"https:\/\/meterny.com\/pt\/wp-json\/wp\/v2\/product_brand?post=16402"},{"taxonomy":"product_cat","embeddable":true,"href":"https:\/\/meterny.com\/pt\/wp-json\/wp\/v2\/product_cat?post=16402"},{"taxonomy":"product_tag","embeddable":true,"href":"https:\/\/meterny.com\/pt\/wp-json\/wp\/v2\/product_tag?post=16402"}],"curies":[{"name":"wp","href":"https:\/\/api.w.org\/{rel}","templated":true}]}}