{"id":16404,"date":"2024-04-22T15:20:58","date_gmt":"2024-04-22T15:20:58","guid":{"rendered":"https:\/\/meterny.com\/?post_type=product&#038;p=16404"},"modified":"2025-01-08T12:45:46","modified_gmt":"2025-01-08T12:45:46","slug":"outdoor-wpc-wall-panel","status":"publish","type":"product","link":"https:\/\/meterny.com\/pt\/produto\/outdoor-wpc-wall-panel\/","title":{"rendered":"Painel de revestimento de parede de flauta WPC imperme\u00e1vel para exterior - METE227H25TK"},"content":{"rendered":"<h2 style=\"text-align: center;\">Especifica\u00e7\u00e3o do painel de revestimento do painel de parede WPC para exterior<\/h2>\n<p>Revestimento exterior do painel de parede WPC em cor de teca<\/p>\n<p><strong>Modelo<\/strong>: METE227H25TK<\/p>\n<p><strong>Tipo<\/strong>: Revestimento de paredes caneladas WPC<\/p>\n<p><strong>Tamanho<\/strong>: 227\u00d725mm<\/p>\n<p><strong>Superf\u00edcie<\/strong>: Tiras e gr\u00e3os rectos<\/p>\n<p><strong>Cor<\/strong>: Cor de teca<\/p>\n<p><strong>Comprimento<\/strong>: 2.9m ou Personalizado<\/p>\n<p><strong>Material<\/strong>: Comp\u00f3sito de madeira e pl\u00e1stico<\/p>\n<p><strong>Tecnologia de produtos<\/strong>: Eco-extrus\u00e3o<\/p>\n<figure id=\"attachment_17352\" aria-describedby=\"caption-attachment-17352\" style=\"width: 1024px\" class=\"wp-caption alignnone\"><img loading=\"lazy\" decoding=\"async\" class=\"wp-image-17352 size-full\" src=\"https:\/\/meterny.com\/wp-content\/uploads\/2024\/04\/WPC-Stripes-wall-exterior3.png\" alt=\"Painel de parede exterior WPC \" width=\"1024\" height=\"1024\" srcset=\"https:\/\/meterny.com\/wp-content\/uploads\/2024\/04\/WPC-Stripes-wall-exterior3.png 1024w, https:\/\/meterny.com\/wp-content\/uploads\/2024\/04\/WPC-Stripes-wall-exterior3-300x300.png 300w, https:\/\/meterny.com\/wp-content\/uploads\/2024\/04\/WPC-Stripes-wall-exterior3-150x150.png 150w, https:\/\/meterny.com\/wp-content\/uploads\/2024\/04\/WPC-Stripes-wall-exterior3-768x768.png 768w, https:\/\/meterny.com\/wp-content\/uploads\/2024\/04\/WPC-Stripes-wall-exterior3-600x600.png 600w, https:\/\/meterny.com\/wp-content\/uploads\/2024\/04\/WPC-Stripes-wall-exterior3-100x100.png 100w\" sizes=\"auto, (max-width: 1024px) 100vw, 1024px\" \/><figcaption id=\"caption-attachment-17352\" class=\"wp-caption-text\">Pain\u00e9is de parede WPC modernos e dur\u00e1veis para exteriores de centros comerciais<\/figcaption><\/figure>\n<p id=\"\"><strong>Nome do produto<\/strong>: Painel de Parede Exterior WPC (Composto de Madeira e Pl\u00e1stico)<\/p>\n<p id=\"\"><strong>SKU<\/strong>: [Inserir SKU aqui].<\/p>\n<p id=\"\"><strong>Categoria<\/strong>: Materiais de constru\u00e7\u00e3o exteriores<\/p>\n<p id=\"\"><strong>Material<\/strong>: Comp\u00f3sito de madeira e pl\u00e1stico (WPC)<\/p>\n<p id=\"\"><strong>Dimens\u00f5es<\/strong>: 135*119*23mm\/217*201*28mm\/227*210*25mm<\/p>\n<p id=\"\"><strong>Op\u00e7\u00f5es de cores<\/strong>(por exemplo, cedro, cinzento, castanho, preto, etc.)<\/p>\n<p id=\"\"><strong>Op\u00e7\u00f5es de textura<\/strong>(por exemplo, liso, com gr\u00e3o de madeira, com relevo, etc.)<\/p>\n<p id=\"\"><strong>Acabamento<\/strong>: Resistente \u00e0s intemp\u00e9ries, prote\u00e7\u00e3o UV, resistente ao desvanecimento<\/p>\n<p id=\"\"><strong>Peso<\/strong>: 3 kg\/m)<\/p>\n<p id=\"\"><strong>Resist\u00eancia \u00e0 humidade<\/strong>: Muito resistente \u00e0 humidade, adequado para utiliza\u00e7\u00e3o no exterior<\/p>\n<p id=\"\"><strong>Classifica\u00e7\u00e3o de fogo<\/strong>: Classe B1<\/p>\n<p id=\"\"><strong>Isolamento t\u00e9rmico<\/strong>: Excelentes propriedades de isolamento t\u00e9rmico, reduzindo o consumo de energia<\/p>\n<p id=\"\"><strong>Absor\u00e7\u00e3o de som<\/strong>: Boa capacidade de absor\u00e7\u00e3o sonora, criando um espa\u00e7o exterior mais silencioso<\/p>\n<p id=\"\"><strong>Instala\u00e7\u00e3o<\/strong>: Instala\u00e7\u00e3o f\u00e1cil e r\u00e1pida com fixa\u00e7\u00f5es ocultas ou sistema de encaixe<\/p>\n<p id=\"\"><strong>Manuten\u00e7\u00e3o<\/strong>: Manuten\u00e7\u00e3o reduzida, requer apenas uma limpeza ocasional com \u00e1gua e um detergente suave<\/p>\n<p id=\"\"><strong>Durabilidade<\/strong>: Longa dura\u00e7\u00e3o, resistente ao apodrecimento, aos insectos e \u00e0s intemp\u00e9ries<\/p>\n<p id=\"\"><strong>Respeito pelo ambiente<\/strong>: Fabricado a partir de pl\u00e1stico reciclado e res\u00edduos de madeira, contribuindo para a sustentabilidade ambiental<\/p>\n<p id=\"\"><strong>Garantia<\/strong>: mais de 10 anos<\/p>\n<h3><strong>Descri\u00e7\u00e3o do produto<\/strong>:<\/h3>\n<p id=\"\">O nosso painel de parede exterior WPC \u00e9 a solu\u00e7\u00e3o perfeita para quem procura melhorar o exterior da sua casa, escrit\u00f3rio ou edif\u00edcio comercial. Fabricados a partir de comp\u00f3sito de madeira e pl\u00e1stico (WPC) de alta qualidade, estes pain\u00e9is oferecem uma combina\u00e7\u00e3o de durabilidade, beleza e respeito pelo ambiente.<\/p>\n<p id=\"\">Os pain\u00e9is est\u00e3o dispon\u00edveis numa variedade de cores e texturas para se adaptarem a qualquer prefer\u00eancia de design. O acabamento resistente \u00e0s intemp\u00e9ries garante que permanecem vibrantes e sem danos, mesmo ap\u00f3s uma exposi\u00e7\u00e3o prolongada aos elementos. Com excelentes propriedades de isolamento t\u00e9rmico e de absor\u00e7\u00e3o sonora, estes pain\u00e9is criam um espa\u00e7o exterior mais confort\u00e1vel e energeticamente eficiente.<\/p>\n<p id=\"\">A instala\u00e7\u00e3o \u00e9 r\u00e1pida e f\u00e1cil, com op\u00e7\u00f5es para fixa\u00e7\u00f5es ocultas ou um sistema de encravamento que n\u00e3o requer parafusos ou pregos. A manuten\u00e7\u00e3o \u00e9 m\u00ednima, sendo apenas necess\u00e1ria uma limpeza ocasional para manter os pain\u00e9is com o seu melhor aspeto.<\/p>\n<p id=\"\">O nosso painel de parede exterior WPC tamb\u00e9m \u00e9 altamente resistente \u00e0 humidade, tornando-o ideal para utiliza\u00e7\u00e3o em \u00e1reas com elevada humidade ou chuvas frequentes. Os pain\u00e9is s\u00e3o resistentes \u00e0 podrid\u00e3o, aos insectos e \u00e0s intemp\u00e9ries, garantindo uma durabilidade duradoura.<\/p>\n<p id=\"\">O melhor de tudo \u00e9 que os nossos pain\u00e9is WPC s\u00e3o feitos de pl\u00e1stico reciclado e res\u00edduos de madeira, contribuindo para a sustentabilidade ambiental. Ao escolher o nosso painel de parede exterior WPC, n\u00e3o s\u00f3 est\u00e1 a melhorar a apar\u00eancia da sua propriedade, como tamb\u00e9m a ter um impacto positivo no ambiente.<\/p>\n<p id=\"\"><strong>Especifica\u00e7\u00f5es t\u00e9cnicas<\/strong>:<\/p>\n<ul>\n<li><strong>Composi\u00e7\u00e3o do material<\/strong>(60% pl\u00e1stico reciclado, 40% fibra de madeira reciclada)<\/li>\n<li><strong>Densidade<\/strong>( 0,8-1,2 g\/cm\u00b3)<\/li>\n<li><strong>Taxa de expans\u00e3o<\/strong>: (por exemplo, \u22640,4%)<\/li>\n<li><strong>Resist\u00eancia \u00e0 compress\u00e3o<\/strong>(por exemplo, \u226535 MPa)<\/li>\n<li><strong>Resist\u00eancia \u00e0 flex\u00e3o<\/strong>(por exemplo, \u226525 MPa)<\/li>\n<li><strong>Absor\u00e7\u00e3o de \u00e1gua<\/strong>: (por exemplo, \u22643%)<\/li>\n<\/ul>\n<p id=\"\"><strong>Guia de instala\u00e7\u00e3o<\/strong>:<\/p>\n<ul>\n<li>Assegurar que a superf\u00edcie est\u00e1 limpa, seca e sem detritos.<\/li>\n<li>Me\u00e7a e corte os pain\u00e9is no tamanho desejado com uma serra.<\/li>\n<li>Instalar com fixa\u00e7\u00f5es ocultas ou com o sistema de encravamento fornecido.<\/li>\n<li>Limpar regularmente os pain\u00e9is com \u00e1gua e detergente suave para manter o seu aspeto.<\/li>\n<\/ul>\n<h3>Galeria<\/h3>\n<figure id=\"attachment_17333\" aria-describedby=\"caption-attachment-17333\" style=\"width: 1024px\" class=\"wp-caption alignnone\"><img loading=\"lazy\" decoding=\"async\" class=\"wp-image-17333\" src=\"https:\/\/meterny.com\/wp-content\/uploads\/2024\/04\/2.png\" alt=\"Pain\u00e9is WPC para paredes de quintais\" width=\"1024\" height=\"1022\" srcset=\"https:\/\/meterny.com\/wp-content\/uploads\/2024\/04\/2.png 982w, https:\/\/meterny.com\/wp-content\/uploads\/2024\/04\/2-300x300.png 300w, https:\/\/meterny.com\/wp-content\/uploads\/2024\/04\/2-150x150.png 150w, https:\/\/meterny.com\/wp-content\/uploads\/2024\/04\/2-768x766.png 768w, https:\/\/meterny.com\/wp-content\/uploads\/2024\/04\/2-600x599.png 600w, https:\/\/meterny.com\/wp-content\/uploads\/2024\/04\/2-100x100.png 100w\" sizes=\"auto, (max-width: 1024px) 100vw, 1024px\" \/><figcaption id=\"caption-attachment-17333\" class=\"wp-caption-text\">Actualize os muros do quintal com pain\u00e9is WPC duradouros.<\/figcaption><\/figure>\n<figure id=\"attachment_17334\" aria-describedby=\"caption-attachment-17334\" style=\"width: 1024px\" class=\"wp-caption alignnone\"><img loading=\"lazy\" decoding=\"async\" class=\"wp-image-17334\" src=\"https:\/\/meterny.com\/wp-content\/uploads\/2024\/04\/35.png\" alt=\"MeteSiding\u2122 WPC Siding - Solu\u00e7\u00e3o de revestimento exterior\" width=\"1024\" height=\"1024\" srcset=\"https:\/\/meterny.com\/wp-content\/uploads\/2024\/04\/35.png 800w, https:\/\/meterny.com\/wp-content\/uploads\/2024\/04\/35-300x300.png 300w, https:\/\/meterny.com\/wp-content\/uploads\/2024\/04\/35-150x150.png 150w, https:\/\/meterny.com\/wp-content\/uploads\/2024\/04\/35-768x768.png 768w, https:\/\/meterny.com\/wp-content\/uploads\/2024\/04\/35-600x600.png 600w, https:\/\/meterny.com\/wp-content\/uploads\/2024\/04\/35-100x100.png 100w\" sizes=\"auto, (max-width: 1024px) 100vw, 1024px\" \/><figcaption id=\"caption-attachment-17334\" class=\"wp-caption-text\">Pain\u00e9is WPC resistentes aos raios UV para \u00e1reas exteriores iluminadas pelo sol.<\/figcaption><\/figure>\n<h3>Cor e superf\u00edcie<\/h3>\n<p>Com uma cor de teca sofisticada e uma superf\u00edcie adornada com tiras e gr\u00e3os rectos, este painel WPC oferece um acabamento visualmente marcante.<\/p>\n<p>O comprimento e as dimens\u00f5es personaliz\u00e1veis respondem a diversas necessidades de design, proporcionando flexibilidade e criatividade nos seus projectos arquitect\u00f3nicos.<\/p>\n<figure id=\"attachment_20293\" aria-describedby=\"caption-attachment-20293\" style=\"width: 1024px\" class=\"wp-caption alignnone\"><img loading=\"lazy\" decoding=\"async\" class=\"wp-image-20293\" src=\"https:\/\/meterny.com\/wp-content\/uploads\/2024\/10\/METE-Series-Colour-151.png\" alt=\"Op\u00e7\u00f5es de cores da veda\u00e7\u00e3o Meterny WPC\" width=\"1024\" height=\"1024\" srcset=\"https:\/\/meterny.com\/wp-content\/uploads\/2024\/10\/METE-Series-Colour-151.png 900w, https:\/\/meterny.com\/wp-content\/uploads\/2024\/10\/METE-Series-Colour-151-300x300.png 300w, https:\/\/meterny.com\/wp-content\/uploads\/2024\/10\/METE-Series-Colour-151-150x150.png 150w, https:\/\/meterny.com\/wp-content\/uploads\/2024\/10\/METE-Series-Colour-151-768x768.png 768w, https:\/\/meterny.com\/wp-content\/uploads\/2024\/10\/METE-Series-Colour-151-600x600.png 600w, https:\/\/meterny.com\/wp-content\/uploads\/2024\/10\/METE-Series-Colour-151-100x100.png 100w\" sizes=\"auto, (max-width: 1024px) 100vw, 1024px\" \/><figcaption id=\"caption-attachment-20293\" class=\"wp-caption-text\">Explorar Veda\u00e7\u00e3o WPC Meterny - Nove op\u00e7\u00f5es de cores deslumbrantes para todos os estilos<\/figcaption><\/figure>\n<h3>Vers\u00e1til e de elevado desempenho<\/h3>\n<p>Ideal para aplica\u00e7\u00f5es exteriores, o revestimento METE227H25TK \u00e9 fabricado com a tecnologia de eco-extrus\u00e3o, o que o torna resistente \u00e0 humidade, \u00e0s condi\u00e7\u00f5es climat\u00e9ricas e aos impactos ambientais.<\/p>\n<p>Este revestimento exterior em WPC n\u00e3o s\u00f3 melhora o aspeto est\u00e9tico como tamb\u00e9m acrescenta uma camada de prote\u00e7\u00e3o ao seu edif\u00edcio.<\/p>\n<p>A sua instala\u00e7\u00e3o f\u00e1cil e a sua manuten\u00e7\u00e3o reduzida fazem dele uma escolha pr\u00e1tica para as constru\u00e7\u00f5es modernas.<\/p>\n<p><img loading=\"lazy\" decoding=\"async\" class=\"alignnone wp-image-17339\" src=\"https:\/\/meterny.com\/wp-content\/uploads\/2024\/04\/121-88.png\" alt=\"\" width=\"1024\" height=\"1024\" srcset=\"https:\/\/meterny.com\/wp-content\/uploads\/2024\/04\/121-88.png 800w, https:\/\/meterny.com\/wp-content\/uploads\/2024\/04\/121-88-300x300.png 300w, https:\/\/meterny.com\/wp-content\/uploads\/2024\/04\/121-88-150x150.png 150w, https:\/\/meterny.com\/wp-content\/uploads\/2024\/04\/121-88-768x768.png 768w, https:\/\/meterny.com\/wp-content\/uploads\/2024\/04\/121-88-600x600.png 600w, https:\/\/meterny.com\/wp-content\/uploads\/2024\/04\/121-88-100x100.png 100w\" sizes=\"auto, (max-width: 1024px) 100vw, 1024px\" \/><\/p>\n<h3>Benef\u00edcios da escolha do revestimento WPC METE227H25TK<\/h3>\n<p>Durabilidade melhorada: Concebida para resistir a condi\u00e7\u00f5es climat\u00e9ricas adversas.<\/p>\n<p>Amigo do ambiente: Fabricado com pr\u00e1ticas e materiais sustent\u00e1veis.<\/p>\n<p>Apelo est\u00e9tico: Cor de teca e gr\u00e3os elegantes para um aspeto moderno.<\/p>\n<p>Manuten\u00e7\u00e3o reduzida: A manuten\u00e7\u00e3o necess\u00e1ria \u00e9 m\u00ednima em compara\u00e7\u00e3o com os materiais tradicionais.<\/p>\n<p>Aplica\u00e7\u00f5es vers\u00e1teis: Adequado para v\u00e1rios ambientes exteriores.<\/p>\n<h3><strong>Por que escolher o painel de parede exterior WPC?<\/strong><\/h3>\n<p id=\"\">Os pain\u00e9is de parede WPC (Wood Plastic Composite) para exterior s\u00e3o uma excelente escolha por v\u00e1rias raz\u00f5es:<\/p>\n<ol>\n<li>\n<p id=\"\"><strong>Durabilidade e longevidade<\/strong>: Os pain\u00e9is de parede WPC s\u00e3o concebidos para resistir aos elementos, incluindo o sol, a chuva, a neve e o vento. S\u00e3o altamente resistentes \u00e0 podrid\u00e3o, aos insectos e \u00e0s intemp\u00e9ries, assegurando que mant\u00eam a sua apar\u00eancia e funcionalidade durante muitos anos.<\/p>\n<\/li>\n<li>\n<p id=\"\"><strong>Manuten\u00e7\u00e3o reduzida<\/strong>: Ao contr\u00e1rio dos pain\u00e9is tradicionais de madeira ou metal, os pain\u00e9is de parede WPC requerem uma manuten\u00e7\u00e3o m\u00ednima. S\u00e3o f\u00e1ceis de limpar e n\u00e3o precisam de ser pintados ou selados regularmente. Isto torna-os uma op\u00e7\u00e3o econ\u00f3mica e sem complica\u00e7\u00f5es para utiliza\u00e7\u00e3o no exterior.<\/p>\n<\/li>\n<li>\n<p id=\"\"><strong>Respeito pelo ambiente<\/strong>: Os pain\u00e9is de parede WPC s\u00e3o fabricados a partir de pl\u00e1stico reciclado e res\u00edduos de madeira, o que significa que contribuem para a sustentabilidade ambiental. Ao escolher pain\u00e9is WPC, est\u00e1 a reduzir a sua pegada de carbono e a apoiar a economia circular.<\/p>\n<\/li>\n<li>\n<p id=\"\"><strong>Variedade de estilos e cores<\/strong>: Os pain\u00e9is de parede WPC s\u00e3o fornecidos numa vasta gama de cores, texturas e acabamentos, permitindo-lhe criar um espa\u00e7o exterior \u00fanico e personalizado que corresponda ao seu estilo e prefer\u00eancias.<\/p>\n<\/li>\n<li>\n<p id=\"\"><strong>Isolamento t\u00e9rmico e absor\u00e7\u00e3o de som<\/strong>: Os pain\u00e9is de parede WPC oferecem excelentes propriedades de isolamento t\u00e9rmico e de absor\u00e7\u00e3o do som. Isto significa que podem ajudar a reduzir o consumo de energia e criar um ambiente exterior mais silencioso e confort\u00e1vel.<\/p>\n<\/li>\n<li>\n<p id=\"\"><strong>Facilidade de instala\u00e7\u00e3o<\/strong>: Os pain\u00e9is de parede WPC s\u00e3o concebidos para uma instala\u00e7\u00e3o f\u00e1cil e r\u00e1pida. Muitos modelos s\u00e3o fornecidos com fixa\u00e7\u00f5es ocultas ou sistemas de encaixe que n\u00e3o requerem parafusos ou pregos, tornando a instala\u00e7\u00e3o f\u00e1cil mesmo para os entusiastas da bricolage.<\/p>\n<\/li>\n<li>\n<p id=\"\"><strong>Rent\u00e1vel<\/strong>: Embora o investimento inicial nos pain\u00e9is de parede WPC possa ser mais elevado do que em alguns materiais tradicionais, a sua longa durabilidade, os baixos requisitos de manuten\u00e7\u00e3o e as propriedades de poupan\u00e7a de energia fazem deles uma escolha rent\u00e1vel a longo prazo.<\/p>\n<\/li>\n<li>\n<p id=\"\"><strong>Resist\u00eancia \u00e0s intemp\u00e9ries<\/strong>: Os pain\u00e9is de parede WPC s\u00e3o formulados para resistir aos efeitos da radia\u00e7\u00e3o UV, tornando-os menos propensos ao desvanecimento e \u00e0 descolora\u00e7\u00e3o ao longo do tempo. Isto assegura que mant\u00eam o seu aspeto vibrante e n\u00e3o requerem repinturas ou retoques frequentes.<\/p>\n<\/li>\n<\/ol>\n<p id=\"\">Em suma, os pain\u00e9is de parede WPC para exterior oferecem uma combina\u00e7\u00e3o de durabilidade, respeito pelo ambiente, baixa manuten\u00e7\u00e3o e apelo est\u00e9tico que os torna uma excelente escolha para melhorar o exterior da sua casa, escrit\u00f3rio ou edif\u00edcio comercial.<\/p>","protected":false},"excerpt":{"rendered":"<p>Qualidade superior: Fabricado com materiais de primeira qualidade, este painel WPC \u00e0 prova de \u00e1gua oferece uma prote\u00e7\u00e3o inigual\u00e1vel contra os elementos.<\/p>\n<p>Design elegante: Eleve o exterior da sua propriedade com sistemas de paredes elegantes e modernos que complementam qualquer estilo arquitet\u00f3nico.<\/p>\n<p>Instala\u00e7\u00e3o f\u00e1cil: Este revestimento WPC foi concebido para uma instala\u00e7\u00e3o sem complica\u00e7\u00f5es, poupando-lhe tempo e esfor\u00e7o.<\/p>\n<p>Vers\u00e1til: Quer se trate de propriedades residenciais ou comerciais, este tipo de painel WPC \u00e9 perfeito para todas as aplica\u00e7\u00f5es de revestimento exterior.<\/p>\n<p>Amigo do ambiente: Fabricado a partir de materiais sustent\u00e1veis, o painel WPC exterior \u00e0 prova de \u00e1gua Meterny \u00e9 a escolha ambientalmente consciente para as suas necessidades de design exterior.<\/p>","protected":false},"featured_media":17352,"comment_status":"open","ping_status":"closed","template":"","meta":{"_uag_custom_page_level_css":"","site-sidebar-layout":"default","site-content-layout":"","ast-site-content-layout":"default","site-content-style":"default","site-sidebar-style":"default","ast-global-header-display":"","ast-banner-title-visibility":"","ast-main-header-display":"","ast-hfb-above-header-display":"","ast-hfb-below-header-display":"","ast-hfb-mobile-header-display":"","site-post-title":"","ast-breadcrumbs-content":"","ast-featured-img":"","footer-sml-layout":"","theme-transparent-header-meta":"default","adv-header-id-meta":"","stick-header-meta":"default","header-above-stick-meta":"","header-main-stick-meta":"","header-below-stick-meta":"","astra-migrate-meta-layouts":"set","ast-page-background-enabled":"default","ast-page-background-meta":{"desktop":{"background-color":"var(--ast-global-color-4)","background-image":"","background-repeat":"repeat","background-position":"center center","background-size":"auto","background-attachment":"scroll","background-type":"","background-media":"","overlay-type":"","overlay-color":"","overlay-opacity":"","overlay-gradient":""},"tablet":{"background-color":"","background-image":"","background-repeat":"repeat","background-position":"center center","background-size":"auto","background-attachment":"scroll","background-type":"","background-media":"","overlay-type":"","overlay-color":"","overlay-opacity":"","overlay-gradient":""},"mobile":{"background-color":"","background-image":"","background-repeat":"repeat","background-position":"center center","background-size":"auto","background-attachment":"scroll","background-type":"","background-media":"","overlay-type":"","overlay-color":"","overlay-opacity":"","overlay-gradient":""}},"ast-content-background-meta":{"desktop":{"background-color":"var(--ast-global-color-5)","background-image":"","background-repeat":"repeat","background-position":"center center","background-size":"auto","background-attachment":"scroll","background-type":"","background-media":"","overlay-type":"","overlay-color":"","overlay-opacity":"","overlay-gradient":""},"tablet":{"background-color":"var(--ast-global-color-5)","background-image":"","background-repeat":"repeat","background-position":"center center","background-size":"auto","background-attachment":"scroll","background-type":"","background-media":"","overlay-type":"","overlay-color":"","overlay-opacity":"","overlay-gradient":""},"mobile":{"background-color":"var(--ast-global-color-5)","background-image":"","background-repeat":"repeat","background-position":"center center","background-size":"auto","background-attachment":"scroll","background-type":"","background-media":"","overlay-type":"","overlay-color":"","overlay-opacity":"","overlay-gradient":""}}},"product_brand":[],"product_cat":[175],"product_tag":[184,180],"class_list":{"0":"post-16404","1":"product","2":"type-product","3":"status-publish","4":"has-post-thumbnail","6":"product_cat-exterior-wpc-wall","7":"product_tag-wpc-wall-exterior","8":"product_tag-wpc-wall-panel","9":"desktop-align-center","10":"tablet-align-left","11":"mobile-align-left","12":"ast-product-gallery-layout-horizontal-slider","13":"ast-product-tabs-layout-vertical","15":"first","16":"instock","17":"shipping-taxable","18":"product-type-simple"},"uagb_featured_image_src":{"full":["https:\/\/meterny.com\/wp-content\/uploads\/2024\/04\/WPC-Stripes-wall-exterior3.png",1024,1024,false],"thumbnail":["https:\/\/meterny.com\/wp-content\/uploads\/2024\/04\/WPC-Stripes-wall-exterior3-150x150.png",150,150,true],"medium":["https:\/\/meterny.com\/wp-content\/uploads\/2024\/04\/WPC-Stripes-wall-exterior3-300x300.png",300,300,true],"medium_large":["https:\/\/meterny.com\/wp-content\/uploads\/2024\/04\/WPC-Stripes-wall-exterior3-768x768.png",768,768,true],"large":["https:\/\/meterny.com\/wp-content\/uploads\/2024\/04\/WPC-Stripes-wall-exterior3.png",1024,1024,false],"1536x1536":["https:\/\/meterny.com\/wp-content\/uploads\/2024\/04\/WPC-Stripes-wall-exterior3.png",1024,1024,false],"2048x2048":["https:\/\/meterny.com\/wp-content\/uploads\/2024\/04\/WPC-Stripes-wall-exterior3.png",1024,1024,false],"trp-custom-language-flag":["https:\/\/meterny.com\/wp-content\/uploads\/2024\/04\/WPC-Stripes-wall-exterior3.png",12,12,false],"woocommerce_thumbnail":["https:\/\/meterny.com\/wp-content\/uploads\/2024\/04\/WPC-Stripes-wall-exterior3-300x300.png",300,300,true],"woocommerce_single":["https:\/\/meterny.com\/wp-content\/uploads\/2024\/04\/WPC-Stripes-wall-exterior3-600x600.png",600,600,true],"woocommerce_gallery_thumbnail":["https:\/\/meterny.com\/wp-content\/uploads\/2024\/04\/WPC-Stripes-wall-exterior3-100x100.png",100,100,true]},"uagb_author_info":{"display_name":"meterny","author_link":"https:\/\/meterny.com\/pt\/author\/"},"uagb_comment_info":0,"uagb_excerpt":"Superior Quality: Crafted from premium materials, this Waterproof WPC panel offers unmatched protection against the elements. Stylish Design: Elevate the exterior of your property with sleek and modern wall systems that complement any architectural style. Easy Installation: This WPC cladding\u00a0 is designed for hassle-free installation, saving you time and effort. Versatile: Whether it's for residential&hellip;","_links":{"self":[{"href":"https:\/\/meterny.com\/pt\/wp-json\/wp\/v2\/product\/16404","targetHints":{"allow":["GET"]}}],"collection":[{"href":"https:\/\/meterny.com\/pt\/wp-json\/wp\/v2\/product"}],"about":[{"href":"https:\/\/meterny.com\/pt\/wp-json\/wp\/v2\/types\/product"}],"replies":[{"embeddable":true,"href":"https:\/\/meterny.com\/pt\/wp-json\/wp\/v2\/comments?post=16404"}],"wp:featuredmedia":[{"embeddable":true,"href":"https:\/\/meterny.com\/pt\/wp-json\/wp\/v2\/media\/17352"}],"wp:attachment":[{"href":"https:\/\/meterny.com\/pt\/wp-json\/wp\/v2\/media?parent=16404"}],"wp:term":[{"taxonomy":"product_brand","embeddable":true,"href":"https:\/\/meterny.com\/pt\/wp-json\/wp\/v2\/product_brand?post=16404"},{"taxonomy":"product_cat","embeddable":true,"href":"https:\/\/meterny.com\/pt\/wp-json\/wp\/v2\/product_cat?post=16404"},{"taxonomy":"product_tag","embeddable":true,"href":"https:\/\/meterny.com\/pt\/wp-json\/wp\/v2\/product_tag?post=16404"}],"curies":[{"name":"wp","href":"https:\/\/api.w.org\/{rel}","templated":true}]}}