{"id":16409,"date":"2024-04-22T15:39:16","date_gmt":"2024-04-22T15:39:16","guid":{"rendered":"https:\/\/meterny.com\/?post_type=product&#038;p=16409"},"modified":"2025-01-13T08:54:29","modified_gmt":"2025-01-13T08:54:29","slug":"wpc-wall-cladding-panel","status":"publish","type":"product","link":"https:\/\/meterny.com\/pt\/produto\/wpc-wall-cladding-panel\/","title":{"rendered":"Painel de Revestimento de Parede WPC Decora\u00e7\u00e3o Exterior - METE227H25 Painel Composto WPC"},"content":{"rendered":"<div class=\"elementor-element elementor-element-c0e1d42 elementor-widget elementor-widget-heading\" data-id=\"c0e1d42\" data-element_type=\"widget\" data-widget_type=\"heading.default\">\n<div class=\"elementor-widget-container\">\n<h2 class=\"elementor-heading-title elementor-size-default\" style=\"text-align: center;\">Painel de revestimento de parede WPC Painel de revestimento<\/h2>\n<\/div>\n<\/div>\n<div class=\"elementor-element elementor-element-1f676da elementor-widget elementor-widget-heading\" data-id=\"1f676da\" data-element_type=\"widget\" data-widget_type=\"heading.default\">\n<h2 class=\"elementor-widget-container\" style=\"text-align: center;\">Especifica\u00e7\u00e3o<\/h2>\n<p>METE227H25 Painel de parede canelado WPC: Eleve os seus espa\u00e7os com uma eleg\u00e2ncia moderna<\/p>\n<p id=\"\"><strong>T\u00edtulo<\/strong>: Pain\u00e9is de parede WPC de longa dura\u00e7\u00e3o: Cria\u00e7\u00e3o de paredes ideais com durabilidade e est\u00e9tica<\/p>\n<div class=\"elementor-element elementor-element-1f676da elementor-widget elementor-widget-heading\" data-id=\"1f676da\" data-element_type=\"widget\" data-widget_type=\"heading.default\">\n<p><strong>Modelo<\/strong>: METE227H25<br \/>\n<strong>Tipo<\/strong>: Painel de parede canelado WPC<br \/>\n<strong>Tamanho<\/strong>: 227\u00d725mm<\/p>\n<p><strong>Superf\u00edcie<\/strong>: Gr\u00e3os rectos<br \/>\n<strong>Comprimento<\/strong>: 2.9m ou Personalizado<br \/>\n<strong>Material<\/strong>: Comp\u00f3sito de madeira e pl\u00e1stico<br \/>\n<strong>Tecnologia de produtos<\/strong>: Eco-extrus\u00e3o<\/p>\n<\/div>\n<div class=\"mceTemp\"><\/div>\n<h3><strong>Imagens do produto<\/strong>:<\/h3>\n<figure id=\"attachment_20792\" aria-describedby=\"caption-attachment-20792\" style=\"width: 300px\" class=\"wp-caption alignnone\"><img loading=\"lazy\" decoding=\"async\" class=\"wp-image-20792\" src=\"https:\/\/meterny.com\/wp-content\/uploads\/2024\/04\/99.png\" alt=\"Pain\u00e9is de parede WPC de longa dura\u00e7\u00e3o\" width=\"300\" height=\"300\" srcset=\"https:\/\/meterny.com\/wp-content\/uploads\/2024\/04\/99.png 1000w, https:\/\/meterny.com\/wp-content\/uploads\/2024\/04\/99-300x300.png 300w, https:\/\/meterny.com\/wp-content\/uploads\/2024\/04\/99-150x150.png 150w, https:\/\/meterny.com\/wp-content\/uploads\/2024\/04\/99-768x768.png 768w, https:\/\/meterny.com\/wp-content\/uploads\/2024\/04\/99-600x600.png 600w, https:\/\/meterny.com\/wp-content\/uploads\/2024\/04\/99-100x100.png 100w\" sizes=\"auto, (max-width: 300px) 100vw, 300px\" \/><figcaption id=\"caption-attachment-20792\" class=\"wp-caption-text\">Eleve o exterior do seu edif\u00edcio com pain\u00e9is de parede WPC dur\u00e1veis e elegantes<\/figcaption><\/figure>\n<hr \/>\n<h3><strong>Descri\u00e7\u00e3o do produto<\/strong>:<\/h3>\n<p id=\"\">Os pain\u00e9is de parede WPC de longa dura\u00e7\u00e3o, como l\u00edder na nova gera\u00e7\u00e3o de materiais de constru\u00e7\u00e3o ecol\u00f3gicos, ganharam um reconhecimento generalizado no mercado pela sua durabilidade excecional, est\u00e9tica e respeito pelo ambiente. Estes pain\u00e9is de parede utilizam a tecnologia Wood Plastic Composite (WPC), combinando na perfei\u00e7\u00e3o fibras de madeira naturais com pl\u00e1sticos termopl\u00e1sticos de alto desempenho, proporcionando-lhe uma experi\u00eancia de decora\u00e7\u00e3o sem paralelo para a sua casa e espa\u00e7os comerciais.<\/p>\n<p id=\"\"><strong>Carater\u00edsticas principais<\/strong>:<\/p>\n<ol>\n<li><strong>Durabilidade<\/strong>:\n<ul>\n<li>Fabricado com uma f\u00f3rmula de material de alta resist\u00eancia e processado atrav\u00e9s de t\u00e9cnicas especiais, garantindo uma vida \u00fatil prolongada.<\/li>\n<li>Mant\u00e9m um excelente desempenho mesmo em climas rigorosos, resistente \u00e0 deforma\u00e7\u00e3o e \u00e0 fissura\u00e7\u00e3o.<\/li>\n<\/ul>\n<\/li>\n<li><strong>Sa\u00fade Ambiental<\/strong>:\n<ul>\n<li>Completamente sem formalde\u00eddo, em conformidade com as normas ambientais internacionais, proporcionando um ambiente seguro e saud\u00e1vel para o seu espa\u00e7o de vida ou de trabalho.<\/li>\n<li>Utiliza fibras de madeira naturais, mantendo a beleza natural e o toque quente da madeira.<\/li>\n<\/ul>\n<\/li>\n<li><strong>Resist\u00eancia \u00e0 \u00e1gua<\/strong>:\n<ul>\n<li>O design estrutural \u00fanico bloqueia eficazmente a penetra\u00e7\u00e3o da \u00e1gua, mantendo a parede seca e bonita.<\/li>\n<li>Adequado para ambientes h\u00famidos, como casas de banho e cozinhas, sem se preocupar com bolor ou descama\u00e7\u00e3o.<\/li>\n<\/ul>\n<\/li>\n<li><strong>F\u00e1cil instala\u00e7\u00e3o e manuten\u00e7\u00e3o<\/strong>:\n<ul>\n<li>Utiliza um m\u00e9todo de instala\u00e7\u00e3o por encaixe ou aparafusamento, simplificando o processo de constru\u00e7\u00e3o e encurtando o per\u00edodo de decora\u00e7\u00e3o.<\/li>\n<li>A manuten\u00e7\u00e3o de rotina \u00e9 simples, exigindo apenas uma limpeza ocasional para manter o seu aspeto novo.<\/li>\n<\/ul>\n<\/li>\n<li><strong>Estilos vers\u00e1teis<\/strong>:\n<ul>\n<li>Oferece uma vasta gama de cores, texturas e padr\u00f5es para satisfazer v\u00e1rias prefer\u00eancias de estilo.<\/li>\n<li>Adapta-se facilmente a diferentes estilos de decora\u00e7\u00e3o, desde o minimalismo moderno ao luxo vintage.<\/li>\n<\/ul>\n<\/li>\n<li><strong>Resist\u00eancia \u00e0s intemp\u00e9ries<\/strong>:\n<ul>\n<li>Mant\u00e9m-se est\u00e1vel e n\u00e3o se deforma sob luz solar intensa ou frio extremo.<\/li>\n<li>Adequado para a decora\u00e7\u00e3o de paredes exteriores, como varandas e terra\u00e7os, apresentando um desempenho excecional.<\/li>\n<\/ul>\n<\/li>\n<li><strong>Custo-efic\u00e1cia<\/strong>:\n<ul>\n<li>Em compara\u00e7\u00e3o com os materiais de constru\u00e7\u00e3o tradicionais, os pain\u00e9is de parede WPC oferecem uma maior rentabilidade em termos de custos de instala\u00e7\u00e3o, taxas de manuten\u00e7\u00e3o e durabilidade a longo prazo.<\/li>\n<li>Um investimento \u00fanico com benef\u00edcios a longo prazo, trazendo mais possibilidades ao seu or\u00e7amento de decora\u00e7\u00e3o.<\/li>\n<\/ul>\n<\/li>\n<\/ol>\n<p id=\"\"><strong>Especifica\u00e7\u00f5es do produto<\/strong>:<\/p>\n<ul>\n<li>Comprimento: 135\/217\/227mm<\/li>\n<li>Largura: 119\/201\/210mm<\/li>\n<li>Espessura: 23\/25\/28mm<\/li>\n<li>Peso: 3kg\/m<\/li>\n<li>Cores\/Texturas: V\u00e1rias op\u00e7\u00f5es (ver imagens do produto para mais pormenores)<\/li>\n<\/ul>\n<p id=\"\"><strong>Cen\u00e1rios de aplica\u00e7\u00e3o<\/strong>:<\/p>\n<ul>\n<li>Residencial: Salas de estar, quartos, escrit\u00f3rios, casas de banho, cozinhas, etc.<\/li>\n<li>Espa\u00e7os comerciais: Escrit\u00f3rios, hot\u00e9is, restaurantes, caf\u00e9s, etc.<\/li>\n<li>Paisagens exteriores: Varandas, terra\u00e7os, cercas de jardim, etc.<\/li>\n<\/ul>\n<p id=\"\"><strong>Guia de compras<\/strong>:<\/p>\n<ol>\n<li><strong>Selecionar cores e texturas<\/strong>: Escolha cores e texturas adequadas com base no seu estilo e prefer\u00eancias de decora\u00e7\u00e3o.<\/li>\n<li><strong>Determinar a quantidade e as especifica\u00e7\u00f5es<\/strong>: Determine o n\u00famero necess\u00e1rio e as especifica\u00e7\u00f5es dos pain\u00e9is de parede com base no tamanho da parede e nas necessidades de decora\u00e7\u00e3o.<\/li>\n<li><strong>Efetuar encomenda<\/strong>: Clique no bot\u00e3o \"Comprar agora\", preencha o seu endere\u00e7o de entrega e as informa\u00e7\u00f5es de contacto e conclua o pagamento da encomenda.<\/li>\n<li><strong>Aguardar envio e instala\u00e7\u00e3o<\/strong>: Aceleraremos a sua expedi\u00e7\u00e3o ap\u00f3s a rece\u00e7\u00e3o da encomenda e forneceremos orienta\u00e7\u00f5es de instala\u00e7\u00e3o ou recomendaremos equipas de instala\u00e7\u00e3o profissionais.<\/li>\n<\/ol>\n<p id=\"\"><strong>Servi\u00e7o p\u00f3s-venda<\/strong>:<\/p>\n<ul>\n<li>Fornece um servi\u00e7o de garantia do produto; consulte o servi\u00e7o de apoio ao cliente para obter informa\u00e7\u00f5es sobre os per\u00edodos de garantia espec\u00edficos.<\/li>\n<li>Para quaisquer quest\u00f5es ou inqu\u00e9ritos, n\u00e3o hesite em contactar a nossa equipa de servi\u00e7o ao cliente, e iremos servi-lo com sinceridade.<\/li>\n<\/ul>\n<\/div>\n<div class=\"elementor-element elementor-element-1f676da elementor-widget elementor-widget-heading\" data-id=\"1f676da\" data-element_type=\"widget\" data-widget_type=\"heading.default\">\n<h3>Se quiserem saber mais pormenores, cliquem neste link para o youtube:<a href=\"https:\/\/youtu.be\/tvSl5yo4US0\" target=\"_blank\" rel=\"noopener\">https:\/\/youtu.be\/tvSl5yo4US0<\/a><\/h3>\n<p>&nbsp;<\/p>\n<h3>Galeria<\/h3>\n<p>Pain\u00e9is de parede WPC de longa dura\u00e7\u00e3o<\/p>\n<figure id=\"attachment_20956\" aria-describedby=\"caption-attachment-20956\" style=\"width: 1024px\" class=\"wp-caption alignnone\"><img loading=\"lazy\" decoding=\"async\" class=\"wp-image-20956\" src=\"https:\/\/meterny.com\/wp-content\/uploads\/2025\/01\/75-178-300x300-1.png\" alt=\"Pain\u00e9is de parede WPC com redu\u00e7\u00e3o de ru\u00eddo no exterior\" width=\"1024\" height=\"1024\" srcset=\"https:\/\/meterny.com\/wp-content\/uploads\/2025\/01\/75-178-300x300-1.png 800w, https:\/\/meterny.com\/wp-content\/uploads\/2025\/01\/75-178-300x300-1-300x300.png 300w, https:\/\/meterny.com\/wp-content\/uploads\/2025\/01\/75-178-300x300-1-150x150.png 150w, https:\/\/meterny.com\/wp-content\/uploads\/2025\/01\/75-178-300x300-1-768x768.png 768w, https:\/\/meterny.com\/wp-content\/uploads\/2025\/01\/75-178-300x300-1-600x600.png 600w, https:\/\/meterny.com\/wp-content\/uploads\/2025\/01\/75-178-300x300-1-100x100.png 100w\" sizes=\"auto, (max-width: 1024px) 100vw, 1024px\" \/><figcaption id=\"caption-attachment-20956\" class=\"wp-caption-text\">Criar um espa\u00e7o exterior tranquilo com pain\u00e9is WPC que reduzem o ru\u00eddo<\/figcaption><\/figure>\n<p>Pain\u00e9is de parede WPC de longa dura\u00e7\u00e3o<\/p>\n<figure id=\"attachment_20950\" aria-describedby=\"caption-attachment-20950\" style=\"width: 1024px\" class=\"wp-caption alignnone\"><img loading=\"lazy\" decoding=\"async\" class=\"wp-image-20950\" src=\"https:\/\/meterny.com\/wp-content\/uploads\/2025\/01\/\u4e3b\u56fe9.jpg\" alt=\"Pain\u00e9is de parede WPC para exterior resistentes a t\u00e9rmitas\" width=\"1024\" height=\"1024\" srcset=\"https:\/\/meterny.com\/wp-content\/uploads\/2025\/01\/\u4e3b\u56fe9.jpg 800w, https:\/\/meterny.com\/wp-content\/uploads\/2025\/01\/\u4e3b\u56fe9-300x300.jpg 300w, https:\/\/meterny.com\/wp-content\/uploads\/2025\/01\/\u4e3b\u56fe9-150x150.jpg 150w, https:\/\/meterny.com\/wp-content\/uploads\/2025\/01\/\u4e3b\u56fe9-768x768.jpg 768w, https:\/\/meterny.com\/wp-content\/uploads\/2025\/01\/\u4e3b\u56fe9-600x600.jpg 600w, https:\/\/meterny.com\/wp-content\/uploads\/2025\/01\/\u4e3b\u56fe9-100x100.jpg 100w\" sizes=\"auto, (max-width: 1024px) 100vw, 1024px\" \/><figcaption id=\"caption-attachment-20950\" class=\"wp-caption-text\">Defenda o seu espa\u00e7o exterior das t\u00e9rmitas com pain\u00e9is WPC<\/figcaption><\/figure>\n<p>Pain\u00e9is de parede WPC de longa dura\u00e7\u00e3o<\/p>\n<figure id=\"attachment_20947\" aria-describedby=\"caption-attachment-20947\" style=\"width: 1024px\" class=\"wp-caption alignnone\"><img loading=\"lazy\" decoding=\"async\" class=\"wp-image-20947\" src=\"https:\/\/meterny.com\/wp-content\/uploads\/2025\/01\/75-155.jpg\" alt=\"Pain\u00e9is de parede WPC para exterior com prote\u00e7\u00e3o UV\" width=\"1024\" height=\"1024\" srcset=\"https:\/\/meterny.com\/wp-content\/uploads\/2025\/01\/75-155.jpg 800w, https:\/\/meterny.com\/wp-content\/uploads\/2025\/01\/75-155-300x300.jpg 300w, https:\/\/meterny.com\/wp-content\/uploads\/2025\/01\/75-155-150x150.jpg 150w, https:\/\/meterny.com\/wp-content\/uploads\/2025\/01\/75-155-768x768.jpg 768w, https:\/\/meterny.com\/wp-content\/uploads\/2025\/01\/75-155-600x600.jpg 600w, https:\/\/meterny.com\/wp-content\/uploads\/2025\/01\/75-155-100x100.jpg 100w\" sizes=\"auto, (max-width: 1024px) 100vw, 1024px\" \/><figcaption id=\"caption-attachment-20947\" class=\"wp-caption-text\">Proteja o seu espa\u00e7o exterior dos raios UV com o painel WPC<\/figcaption><\/figure>\n<div class=\"mceTemp\"><\/div>\n<h3><strong>Cor e superf\u00edcie<\/strong><\/h3>\n<p>O nosso painel METE227H25 apresenta uma superf\u00edcie elegante de gr\u00e3o reto, acrescentando uma textura sofisticada a qualquer \u00e1rea.<\/p>\n<p>Com cores, dimens\u00f5es e formas personaliz\u00e1veis, estes pain\u00e9is oferecem uma flexibilidade excecional, permitindo-lhe dar largas \u00e0 sua criatividade em projectos de design de interiores e exteriores.<\/p>\n<p>A tecnologia de eco-extrus\u00e3o garante que cada painel n\u00e3o s\u00f3 tem um \u00f3timo aspeto, como tamb\u00e9m contribui para um ambiente de vida sustent\u00e1vel.<\/p>\n<p>O painel de parede Meterny WPC tem excelentes propriedades de impermeabiliza\u00e7\u00e3o, mantendo a sua estabilidade e durabilidade mesmo em ambientes h\u00famidos.<\/p>\n<h3>Op\u00e7\u00f5es de cores<\/h3>\n<p>Cart\u00e3o de cor do painel WPC da s\u00e9rie Meterny METE<\/p>\n<figure id=\"attachment_20293\" aria-describedby=\"caption-attachment-20293\" style=\"width: 1024px\" class=\"wp-caption alignnone\"><img loading=\"lazy\" decoding=\"async\" class=\"wp-image-20293\" src=\"https:\/\/meterny.com\/wp-content\/uploads\/2024\/10\/METE-Series-Colour-151.png\" alt=\"Op\u00e7\u00f5es de cores da veda\u00e7\u00e3o Meterny WPC\" width=\"1024\" height=\"1024\" srcset=\"https:\/\/meterny.com\/wp-content\/uploads\/2024\/10\/METE-Series-Colour-151.png 900w, https:\/\/meterny.com\/wp-content\/uploads\/2024\/10\/METE-Series-Colour-151-300x300.png 300w, https:\/\/meterny.com\/wp-content\/uploads\/2024\/10\/METE-Series-Colour-151-150x150.png 150w, https:\/\/meterny.com\/wp-content\/uploads\/2024\/10\/METE-Series-Colour-151-768x768.png 768w, https:\/\/meterny.com\/wp-content\/uploads\/2024\/10\/METE-Series-Colour-151-600x600.png 600w, https:\/\/meterny.com\/wp-content\/uploads\/2024\/10\/METE-Series-Colour-151-100x100.png 100w\" sizes=\"auto, (max-width: 1024px) 100vw, 1024px\" \/><figcaption id=\"caption-attachment-20293\" class=\"wp-caption-text\">Explorar Veda\u00e7\u00e3o WPC Meterny - Nove op\u00e7\u00f5es de cores deslumbrantes para todos os estilos<\/figcaption><\/figure>\n<h3><strong>Porqu\u00ea escolher pain\u00e9is murais WPC de longa dura\u00e7\u00e3o?<\/strong><\/h3>\n<p id=\"\">Os pain\u00e9is murais WPC de longa dura\u00e7\u00e3o destacam-se como uma excelente escolha por v\u00e1rias raz\u00f5es convincentes:<\/p>\n<ol>\n<li>\n<p id=\"\"><strong>Durabilidade e longevidade<\/strong>: Estes pain\u00e9is de parede s\u00e3o fabricados a partir de um material de alta qualidade, o Wood Plastic Composite (WPC), que combina a beleza natural da madeira com a durabilidade do pl\u00e1stico. O resultado s\u00e3o pain\u00e9is altamente resistentes ao desgaste, capazes de resistir ao teste do tempo sem perder o seu atrativo.<\/p>\n<\/li>\n<li>\n<p id=\"\"><strong>Respeito pelo ambiente<\/strong>: Os pain\u00e9is de parede WPC de longa dura\u00e7\u00e3o s\u00e3o amigos do ambiente, uma vez que utilizam pl\u00e1stico reciclado e fibras de madeira. Isto reduz os res\u00edduos e a pegada ambiental associada aos materiais de constru\u00e7\u00e3o tradicionais.<\/p>\n<\/li>\n<li>\n<p id=\"\"><strong>Resist\u00eancia \u00e0 \u00e1gua e \u00e0s intemp\u00e9ries<\/strong>: Estes pain\u00e9is foram concebidos para serem altamente resistentes \u00e0 \u00e1gua e \u00e0s condi\u00e7\u00f5es climat\u00e9ricas. Isto torna-os ideais para utiliza\u00e7\u00e3o em v\u00e1rios ambientes, incluindo casas de banho, cozinhas e mesmo espa\u00e7os exteriores, onde podem suportar a exposi\u00e7\u00e3o \u00e0 chuva, neve e luz solar sem se deteriorarem.<\/p>\n<\/li>\n<li>\n<p id=\"\"><strong>Facilidade de instala\u00e7\u00e3o e manuten\u00e7\u00e3o<\/strong>: Os pain\u00e9is de parede WPC de longa dura\u00e7\u00e3o s\u00e3o f\u00e1ceis de instalar, exigindo frequentemente ferramentas e compet\u00eancias m\u00ednimas. Podem ser instalados rapidamente, reduzindo os custos de m\u00e3o de obra e o tempo de instala\u00e7\u00e3o. Al\u00e9m disso, s\u00e3o f\u00e1ceis de limpar e manter, assegurando que mant\u00eam o seu novo aspeto durante mais tempo.<\/p>\n<\/li>\n<li>\n<p id=\"\"><strong>Versatilidade no design<\/strong>: Estes pain\u00e9is de parede est\u00e3o dispon\u00edveis numa vasta gama de cores, texturas e padr\u00f5es, permitindo-lhe criar uma est\u00e9tica \u00fanica e personalizada para o seu espa\u00e7o. Quer prefira um aspeto minimalista ou algo mais ornamentado, os pain\u00e9is de parede WPC de longa dura\u00e7\u00e3o oferecem a flexibilidade necess\u00e1ria para corresponder \u00e0s suas prefer\u00eancias de estilo.<\/p>\n<\/li>\n<li>\n<p id=\"\"><strong>Custo-efic\u00e1cia<\/strong>: Embora o investimento inicial nos pain\u00e9is de parede WPC de longa dura\u00e7\u00e3o possa ser compar\u00e1vel ao de alguns materiais tradicionais, a sua durabilidade a longo prazo e os baixos requisitos de manuten\u00e7\u00e3o fazem deles uma escolha mais econ\u00f3mica ao longo do tempo.<\/p>\n<\/li>\n<li>\n<p id=\"\"><strong>Melhoria da qualidade do ar interior<\/strong>: Ao contr\u00e1rio de alguns materiais de constru\u00e7\u00e3o tradicionais, os pain\u00e9is de parede WPC de longa dura\u00e7\u00e3o n\u00e3o emitem qu\u00edmicos ou gases nocivos, contribuindo para uma melhor qualidade do ar interior e para um ambiente de vida ou de trabalho mais saud\u00e1vel.<\/p>\n<\/li>\n<\/ol>\n<p id=\"\">Em suma, os pain\u00e9is murais WPC de longa dura\u00e7\u00e3o oferecem uma combina\u00e7\u00e3o de durabilidade, respeito pelo ambiente, facilidade de instala\u00e7\u00e3o e manuten\u00e7\u00e3o, versatilidade no design, efic\u00e1cia em termos de custos e melhor qualidade do ar interior. Estas carater\u00edsticas fazem deles uma excelente escolha para quem procura real\u00e7ar a beleza, a funcionalidade e a sustentabilidade da sua casa ou espa\u00e7o comercial.<\/p>\n<\/div>","protected":false},"excerpt":{"rendered":"<p>Qualidade superior: Fabricado a partir de materiais de primeira qualidade, este painel exterior WPC oferece prote\u00e7\u00e3o contra os elementos.<\/p>\n<p>Design elegante: Eleve o exterior da sua propriedade com um revestimento elegante e moderno que complementa qualquer estilo arquitet\u00f3nico.<\/p>\n<p>F\u00e1cil instala\u00e7\u00e3o: Foi concebido para uma instala\u00e7\u00e3o sem complica\u00e7\u00f5es, poupando-lhe tempo e esfor\u00e7o.<\/p>\n<p>Vers\u00e1til: Quer seja para propriedades residenciais ou comerciais, este painel WPC \u00e9 perfeito para todas as aplica\u00e7\u00f5es de revestimento exterior.<\/p>\n<p>Amigo do ambiente: Fabricado a partir de materiais sustent\u00e1veis, \u00e9 a escolha ambientalmente consciente para as suas necessidades de design exterior.<\/p>","protected":false},"featured_media":20792,"comment_status":"open","ping_status":"closed","template":"","meta":{"_uag_custom_page_level_css":"","site-sidebar-layout":"default","site-content-layout":"","ast-site-content-layout":"default","site-content-style":"default","site-sidebar-style":"default","ast-global-header-display":"","ast-banner-title-visibility":"","ast-main-header-display":"","ast-hfb-above-header-display":"","ast-hfb-below-header-display":"","ast-hfb-mobile-header-display":"","site-post-title":"","ast-breadcrumbs-content":"","ast-featured-img":"","footer-sml-layout":"","theme-transparent-header-meta":"default","adv-header-id-meta":"","stick-header-meta":"default","header-above-stick-meta":"","header-main-stick-meta":"","header-below-stick-meta":"","astra-migrate-meta-layouts":"set","ast-page-background-enabled":"default","ast-page-background-meta":{"desktop":{"background-color":"var(--ast-global-color-4)","background-image":"","background-repeat":"repeat","background-position":"center center","background-size":"auto","background-attachment":"scroll","background-type":"","background-media":"","overlay-type":"","overlay-color":"","overlay-opacity":"","overlay-gradient":""},"tablet":{"background-color":"","background-image":"","background-repeat":"repeat","background-position":"center center","background-size":"auto","background-attachment":"scroll","background-type":"","background-media":"","overlay-type":"","overlay-color":"","overlay-opacity":"","overlay-gradient":""},"mobile":{"background-color":"","background-image":"","background-repeat":"repeat","background-position":"center center","background-size":"auto","background-attachment":"scroll","background-type":"","background-media":"","overlay-type":"","overlay-color":"","overlay-opacity":"","overlay-gradient":""}},"ast-content-background-meta":{"desktop":{"background-color":"var(--ast-global-color-5)","background-image":"","background-repeat":"repeat","background-position":"center center","background-size":"auto","background-attachment":"scroll","background-type":"","background-media":"","overlay-type":"","overlay-color":"","overlay-opacity":"","overlay-gradient":""},"tablet":{"background-color":"var(--ast-global-color-5)","background-image":"","background-repeat":"repeat","background-position":"center center","background-size":"auto","background-attachment":"scroll","background-type":"","background-media":"","overlay-type":"","overlay-color":"","overlay-opacity":"","overlay-gradient":""},"mobile":{"background-color":"var(--ast-global-color-5)","background-image":"","background-repeat":"repeat","background-position":"center center","background-size":"auto","background-attachment":"scroll","background-type":"","background-media":"","overlay-type":"","overlay-color":"","overlay-opacity":"","overlay-gradient":""}}},"product_brand":[],"product_cat":[175],"product_tag":[184,180],"class_list":{"0":"post-16409","1":"product","2":"type-product","3":"status-publish","4":"has-post-thumbnail","6":"product_cat-exterior-wpc-wall","7":"product_tag-wpc-wall-exterior","8":"product_tag-wpc-wall-panel","9":"desktop-align-center","10":"tablet-align-left","11":"mobile-align-left","12":"ast-product-gallery-layout-horizontal-slider","13":"ast-product-tabs-layout-vertical","15":"first","16":"instock","17":"shipping-taxable","18":"product-type-simple"},"uagb_featured_image_src":{"full":["https:\/\/meterny.com\/wp-content\/uploads\/2024\/04\/99.png",1000,1000,false],"thumbnail":["https:\/\/meterny.com\/wp-content\/uploads\/2024\/04\/99-150x150.png",150,150,true],"medium":["https:\/\/meterny.com\/wp-content\/uploads\/2024\/04\/99-300x300.png",300,300,true],"medium_large":["https:\/\/meterny.com\/wp-content\/uploads\/2024\/04\/99-768x768.png",768,768,true],"large":["https:\/\/meterny.com\/wp-content\/uploads\/2024\/04\/99.png",1000,1000,false],"1536x1536":["https:\/\/meterny.com\/wp-content\/uploads\/2024\/04\/99.png",1000,1000,false],"2048x2048":["https:\/\/meterny.com\/wp-content\/uploads\/2024\/04\/99.png",1000,1000,false],"trp-custom-language-flag":["https:\/\/meterny.com\/wp-content\/uploads\/2024\/04\/99.png",12,12,false],"woocommerce_thumbnail":["https:\/\/meterny.com\/wp-content\/uploads\/2024\/04\/99-300x300.png",300,300,true],"woocommerce_single":["https:\/\/meterny.com\/wp-content\/uploads\/2024\/04\/99-600x600.png",600,600,true],"woocommerce_gallery_thumbnail":["https:\/\/meterny.com\/wp-content\/uploads\/2024\/04\/99-100x100.png",100,100,true]},"uagb_author_info":{"display_name":"meterny","author_link":"https:\/\/meterny.com\/pt\/author\/"},"uagb_comment_info":0,"uagb_excerpt":"Superior Quality: Crafted from premium materials, this WPC Exterior panel offers protection against the elements. Stylish Design: Elevate the exterior of your property with sleek and modern cladding that complements any architectural style. Easy Installation: It is designed for hassle-free installation, saving you time and effort. Versatile: Whether it's for residential or commercial properties, This&hellip;","_links":{"self":[{"href":"https:\/\/meterny.com\/pt\/wp-json\/wp\/v2\/product\/16409","targetHints":{"allow":["GET"]}}],"collection":[{"href":"https:\/\/meterny.com\/pt\/wp-json\/wp\/v2\/product"}],"about":[{"href":"https:\/\/meterny.com\/pt\/wp-json\/wp\/v2\/types\/product"}],"replies":[{"embeddable":true,"href":"https:\/\/meterny.com\/pt\/wp-json\/wp\/v2\/comments?post=16409"}],"wp:featuredmedia":[{"embeddable":true,"href":"https:\/\/meterny.com\/pt\/wp-json\/wp\/v2\/media\/20792"}],"wp:attachment":[{"href":"https:\/\/meterny.com\/pt\/wp-json\/wp\/v2\/media?parent=16409"}],"wp:term":[{"taxonomy":"product_brand","embeddable":true,"href":"https:\/\/meterny.com\/pt\/wp-json\/wp\/v2\/product_brand?post=16409"},{"taxonomy":"product_cat","embeddable":true,"href":"https:\/\/meterny.com\/pt\/wp-json\/wp\/v2\/product_cat?post=16409"},{"taxonomy":"product_tag","embeddable":true,"href":"https:\/\/meterny.com\/pt\/wp-json\/wp\/v2\/product_tag?post=16409"}],"curies":[{"name":"wp","href":"https:\/\/api.w.org\/{rel}","templated":true}]}}