{"id":16664,"date":"2024-07-11T11:00:40","date_gmt":"2024-07-11T11:00:40","guid":{"rendered":"https:\/\/meterny.com\/?post_type=product&#038;p=16664"},"modified":"2025-01-02T12:45:08","modified_gmt":"2025-01-02T12:45:08","slug":"customized-aluminum-baffle-wave-ceiling","status":"publish","type":"product","link":"https:\/\/meterny.com\/pt\/produto\/customized-aluminum-baffle-wave-ceiling\/","title":{"rendered":"Painel de teto ondulado de alum\u00ednio personalizado Painel de teto ondulado de alum\u00ednio"},"content":{"rendered":"<h3><strong>Teto ondulado com deflector de alum\u00ednio personalizado<\/strong><\/h3>\n<h4><strong>Vis\u00e3o geral do produto<\/strong><\/h4>\n<p>O <strong>Teto ondulado com deflector de alum\u00ednio personalizado<\/strong> \u00e9 um sistema de teto arquitet\u00f3nico \u00fanico que combina uma est\u00e9tica elegante com um desempenho funcional. Os seus deflectores em forma de onda proporcionam um design din\u00e2mico e fluido que acrescenta profundidade e sofistica\u00e7\u00e3o a qualquer espa\u00e7o interior ou exterior. Altamente personaliz\u00e1vel e fabricado em alum\u00ednio de primeira qualidade, este sistema de teto proporciona uma durabilidade superior, melhoria ac\u00fastica e flexibilidade de design, tornando-o a escolha ideal para projectos que requerem solu\u00e7\u00f5es personalizadas.<\/p>\n<figure id=\"attachment_17283\" aria-describedby=\"caption-attachment-17283\" style=\"width: 1024px\" class=\"wp-caption alignnone\"><img loading=\"lazy\" decoding=\"async\" class=\"wp-image-17283\" src=\"https:\/\/meterny.com\/wp-content\/uploads\/2024\/07\/123.jpg\" alt=\"Teto ondulado com deflector de alum\u00ednio personalizado\" width=\"1024\" height=\"1024\" srcset=\"https:\/\/meterny.com\/wp-content\/uploads\/2024\/07\/123.jpg 750w, https:\/\/meterny.com\/wp-content\/uploads\/2024\/07\/123-300x300.jpg 300w, https:\/\/meterny.com\/wp-content\/uploads\/2024\/07\/123-150x150.jpg 150w, https:\/\/meterny.com\/wp-content\/uploads\/2024\/07\/123-600x600.jpg 600w, https:\/\/meterny.com\/wp-content\/uploads\/2024\/07\/123-100x100.jpg 100w\" sizes=\"auto, (max-width: 1024px) 100vw, 1024px\" \/><figcaption id=\"caption-attachment-17283\" class=\"wp-caption-text\">Teto com deflector de onda em alum\u00ednio 3D, que acrescenta profundidade e dimens\u00e3o aos interiores.<\/figcaption><\/figure>\n<hr \/>\n<h4>Teto ondulado com deflector de alum\u00ednio personalizado<\/h4>\n<h4><strong>Carater\u00edsticas principais<\/strong><\/h4>\n<ul>\n<li><strong>Design din\u00e2mico de ondas<\/strong>: Cria um efeito 3D visualmente impressionante que melhora a est\u00e9tica do espa\u00e7o.<\/li>\n<li><strong>Op\u00e7\u00f5es personaliz\u00e1veis<\/strong>: Perfis de onda, dimens\u00f5es, cores e acabamentos personalizados para corresponder \u00e0 sua vis\u00e3o de design.<\/li>\n<li><strong>Alum\u00ednio de alta qualidade<\/strong>: O material leve, resistente \u00e0 corros\u00e3o e de longa dura\u00e7\u00e3o garante um desempenho excecional.<\/li>\n<li><strong>Benef\u00edcios ac\u00fasticos<\/strong>: Reduz o ru\u00eddo e o eco para uma melhor qualidade de som em espa\u00e7os amplos e abertos.<\/li>\n<li><strong>Solu\u00e7\u00e3o amiga do ambiente<\/strong>: Fabricado em alum\u00ednio recicl\u00e1vel, apoiando pr\u00e1ticas de constru\u00e7\u00e3o sustent\u00e1veis.<\/li>\n<li><strong>Integra\u00e7\u00e3o da luz<\/strong>: Compat\u00edvel com sistemas de ilumina\u00e7\u00e3o LED para melhorar o ambiente e a funcionalidade.<\/li>\n<\/ul>\n<hr \/>\n<h4><strong>Aplica\u00e7\u00f5es do Teto ondulado com deflector de alum\u00ednio personalizado<\/strong><\/h4>\n<ul>\n<li><strong>Espa\u00e7os comerciais<\/strong>: Escrit\u00f3rios, salas de confer\u00eancia e \u00e1reas de coworking<\/li>\n<li><strong>Locais p\u00fablicos<\/strong>: Aeroportos, esta\u00e7\u00f5es de comboio e estabelecimentos de ensino<\/li>\n<li><strong>Hospitalidade<\/strong>: Hot\u00e9is, restaurantes e ambientes de retalho<\/li>\n<li><strong>Interiores residenciais<\/strong>: Casas, apartamentos e salas de entretenimento modernas<\/li>\n<li><strong>Espa\u00e7os culturais e recreativos<\/strong>: Teatros, galerias e salas de concerto<\/li>\n<\/ul>\n<hr \/>\n<h4><strong>Especifica\u00e7\u00f5es do Teto ondulado com deflector de alum\u00ednio personalizado<\/strong><\/h4>\n<ul>\n<li><strong>Material<\/strong>: Liga de alum\u00ednio de alta resist\u00eancia<\/li>\n<li><strong>Perfis de ondas<\/strong>: Desenhos totalmente personaliz\u00e1veis, incluindo raios e dimens\u00f5es de curvatura vari\u00e1veis<\/li>\n<li><strong>Op\u00e7\u00f5es de acabamento<\/strong>: Acabamentos revestidos a p\u00f3, anodizados, em madeira ou met\u00e1licos<\/li>\n<li><strong>Gama de cores<\/strong>: Dispon\u00edvel em cores RAL standard ou em tons personalizados<\/li>\n<li><strong>Dimens\u00f5es do painel<\/strong>: Comprimentos, larguras e espa\u00e7amentos ajust\u00e1veis para configura\u00e7\u00f5es \u00e0 medida<\/li>\n<li><strong>Instala\u00e7\u00e3o<\/strong>: Sistema de suspens\u00e3o modular para uma montagem precisa e eficaz<\/li>\n<\/ul>\n<hr \/>\n<h4><strong>Vantagens do Teto ondulado com deflector de alum\u00ednio personalizado<\/strong><\/h4>\n<ol>\n<li><strong>Impacto arquitet\u00f3nico<\/strong>: Melhora a est\u00e9tica dos espa\u00e7os com o seu design fluido e ondulado.<\/li>\n<li><strong>Solu\u00e7\u00f5es de design personalizado<\/strong>: Oferece total flexibilidade para criar padr\u00f5es de teto \u00fanicos, adaptados aos requisitos do projeto.<\/li>\n<li><strong>Otimiza\u00e7\u00e3o ac\u00fastica<\/strong>: Gere eficazmente o som, tornando-o ideal para ambientes ruidosos ou propensos a eco.<\/li>\n<li><strong>Dur\u00e1vel e fi\u00e1vel<\/strong>: Resistente \u00e0 humidade, ao fogo e \u00e0 corros\u00e3o para uma utiliza\u00e7\u00e3o duradoura.<\/li>\n<li><strong>Sustentabilidade<\/strong>: Fabricado a partir de materiais recicl\u00e1veis, reduzindo o impacto ambiental.<\/li>\n<li><strong>F\u00e1cil instala\u00e7\u00e3o e manuten\u00e7\u00e3o<\/strong>: O design modular garante uma instala\u00e7\u00e3o sem problemas e uma manuten\u00e7\u00e3o m\u00ednima.<\/li>\n<\/ol>\n<hr \/>\n<h4><strong>Inspira\u00e7\u00e3o de design<\/strong><\/h4>\n<p>O <strong>Teto ondulado com deflector de alum\u00ednio personalizado<\/strong> oferece infinitas possibilidades de design. Quer esteja a criar um visual moderno e minimalista ou uma afirma\u00e7\u00e3o arrojada e dram\u00e1tica, os perfis ondulados evocam uma sensa\u00e7\u00e3o de movimento e energia que eleva o ambiente de qualquer espa\u00e7o.<\/p>\n<figure id=\"attachment_19397\" aria-describedby=\"caption-attachment-19397\" style=\"width: 1024px\" class=\"wp-caption alignnone\"><img loading=\"lazy\" decoding=\"async\" class=\"wp-image-19397\" src=\"https:\/\/meterny.com\/wp-content\/uploads\/2024\/11\/\u5fae\u4fe1\u56fe\u7247_20241114113333.png\" alt=\"Deflectores curvos em alum\u00ednio\" width=\"1024\" height=\"1024\" srcset=\"https:\/\/meterny.com\/wp-content\/uploads\/2024\/11\/\u5fae\u4fe1\u56fe\u7247_20241114113333.png 800w, https:\/\/meterny.com\/wp-content\/uploads\/2024\/11\/\u5fae\u4fe1\u56fe\u7247_20241114113333-300x300.png 300w, https:\/\/meterny.com\/wp-content\/uploads\/2024\/11\/\u5fae\u4fe1\u56fe\u7247_20241114113333-150x150.png 150w, https:\/\/meterny.com\/wp-content\/uploads\/2024\/11\/\u5fae\u4fe1\u56fe\u7247_20241114113333-768x768.png 768w, https:\/\/meterny.com\/wp-content\/uploads\/2024\/11\/\u5fae\u4fe1\u56fe\u7247_20241114113333-600x600.png 600w, https:\/\/meterny.com\/wp-content\/uploads\/2024\/11\/\u5fae\u4fe1\u56fe\u7247_20241114113333-100x100.png 100w\" sizes=\"auto, (max-width: 1024px) 100vw, 1024px\" \/><figcaption id=\"caption-attachment-19397\" class=\"wp-caption-text\">Perfis de cubo de alum\u00ednio sem pintura, textura de metal bruto para mostrar a beleza da ind\u00fastria<\/figcaption><\/figure>\n<h3>Descri\u00e7\u00e3o<\/h3>\n<p>Melhore o seu espa\u00e7o com o nosso teto de tiras de alum\u00ednio personalizado, concebido para proporcionar uma mistura de est\u00e9tica moderna e funcionalidade pr\u00e1tica. Fabricados em alum\u00ednio de primeira qualidade, estes tectos oferecem um aspeto elegante e contempor\u00e2neo, melhorando a ac\u00fastica e exigindo uma manuten\u00e7\u00e3o m\u00ednima. Dispon\u00edveis numa variedade de configura\u00e7\u00f5es e acabamentos personaliz\u00e1veis, os nossos tectos de tiras de alum\u00ednio s\u00e3o ideais para criar um ambiente \u00fanico e convidativo em ambientes comerciais e residenciais.<\/p>\n<h3>Cor e superf\u00edcie<\/h3>\n<ul>\n<li><strong>Variedade de revestimentos<\/strong>: Dispon\u00edvel em qualquer tipo de revestimento ou impress\u00e3o para corresponder \u00e0s suas necessidades de design.<\/li>\n<li><strong>Cores ilimitadas<\/strong>: Escolha entre uma vasta gama de cores, incluindo acabamentos met\u00e1licos e padr\u00f5es de gr\u00e3o de madeira, para se adaptar a qualquer decora\u00e7\u00e3o.<\/li>\n<\/ul>\n<h3>Dur\u00e1vel e \u00e0 prova de \u00e1gua<\/h3>\n<p>Fabricado com liga de alum\u00ednio topo de gama e tecnologia de alum\u00ednio 3D Shape Fold, este teto de alum\u00ednio \u00e9 feito para embelezar o seu teto. As suas propriedades \u00e0 prova de \u00e1gua fazem dele a escolha ideal para todas as condi\u00e7\u00f5es climat\u00e9ricas, garantindo longevidade e manuten\u00e7\u00e3o m\u00ednima. A elevada qualidade do material confere-lhe uma estabilidade extra, tornando-o um teto fi\u00e1vel e robusto para qualquer espa\u00e7o interior.<\/p>\n<p><img loading=\"lazy\" decoding=\"async\" class=\"alignnone wp-image-17287\" src=\"https:\/\/meterny.com\/wp-content\/uploads\/2024\/07\/Main-011.png\" alt=\"\" width=\"1024\" height=\"1024\" srcset=\"https:\/\/meterny.com\/wp-content\/uploads\/2024\/07\/Main-011.png 750w, https:\/\/meterny.com\/wp-content\/uploads\/2024\/07\/Main-011-300x300.png 300w, https:\/\/meterny.com\/wp-content\/uploads\/2024\/07\/Main-011-150x150.png 150w, https:\/\/meterny.com\/wp-content\/uploads\/2024\/07\/Main-011-600x600.png 600w, https:\/\/meterny.com\/wp-content\/uploads\/2024\/07\/Main-011-100x100.png 100w\" sizes=\"auto, (max-width: 1024px) 100vw, 1024px\" \/><\/p>\n<h4><\/h4>\n<article class=\"w-full scroll-mb-[var(--thread-trailing-height,150px)] text-token-text-primary focus-visible:outline-2 focus-visible:outline-offset-[-4px]\" dir=\"auto\" data-testid=\"conversation-turn-63\" data-scroll-anchor=\"true\">\n<div class=\"m-auto text-base py-[18px] px-3 md:px-4 w-full md:px-5 lg:px-4 xl:px-5\">\n<div class=\"mx-auto flex flex-1 gap-4 text-base md:gap-5 lg:gap-6 md:max-w-3xl lg:max-w-[40rem] xl:max-w-[48rem]\">\n<div class=\"group\/conversation-turn relative flex w-full min-w-0 flex-col agent-turn\">\n<div class=\"flex-col gap-1 md:gap-3\">\n<div class=\"flex max-w-full flex-col flex-grow\">\n<div class=\"min-h-8 text-message flex w-full flex-col items-end gap-2 whitespace-normal break-words text-start [.text-message+&amp;]:mt-5\" dir=\"auto\" data-message-author-role=\"assistant\" data-message-id=\"f7fa60b5-3553-478d-8144-b9335f0dbb32\" data-message-model-slug=\"gpt-4o\">\n<div class=\"flex w-full flex-col gap-1 empty:hidden first:pt-[3px]\">\n<div class=\"markdown prose w-full break-words dark:prose-invert light\">\n<h3><strong>Por que escolher o teto ondulado com defletor de alum\u00ednio personalizado?<\/strong><\/h3>\n<p>O <strong>Teto ondulado com deflector de alum\u00ednio personalizado<\/strong> \u00e9 a escolha perfeita para arquitectos, designers e construtores que procuram uma solu\u00e7\u00e3o de teto \u00fanica, vers\u00e1til e de elevado desempenho. Aqui est\u00e3o as principais raz\u00f5es para escolher este sistema inovador:<\/p>\n<hr \/>\n<h4><strong>1. Apelo est\u00e9tico apelativo<\/strong><\/h4>\n<ul>\n<li><strong>Design din\u00e2mico de ondas<\/strong>: Cria um padr\u00e3o visualmente marcante e fluido que real\u00e7a qualquer espa\u00e7o com eleg\u00e2ncia e sofistica\u00e7\u00e3o.<\/li>\n<li><strong>Perfis personaliz\u00e1veis<\/strong>: Adapte a forma, o tamanho e a curvatura da onda para satisfazer os seus objectivos espec\u00edficos de design.<\/li>\n<\/ul>\n<hr \/>\n<h4><strong>2. Versatilidade nas aplica\u00e7\u00f5es<\/strong><\/h4>\n<ul>\n<li><strong>Solu\u00e7\u00e3o multiusos<\/strong>: Adequado para diversos ambientes, incluindo escrit\u00f3rios comerciais, locais p\u00fablicos, espa\u00e7os comerciais e interiores residenciais.<\/li>\n<li><strong>Utiliza\u00e7\u00e3o em interiores e exteriores<\/strong>: O seu desempenho \u00e9 excelente tanto em ambientes interiores como exteriores.<\/li>\n<\/ul>\n<hr \/>\n<h4><strong>3. Durabilidade Premium<\/strong><\/h4>\n<ul>\n<li><strong>Alum\u00ednio de alta qualidade<\/strong>: Leve mas forte, com excelente resist\u00eancia \u00e0 corros\u00e3o, \u00e0 humidade e ao fogo.<\/li>\n<li><strong>Resistente \u00e0s intemp\u00e9ries<\/strong>: Concebida para resistir a condi\u00e7\u00f5es extremas, \u00e9 ideal para utiliza\u00e7\u00e3o no exterior.<\/li>\n<\/ul>\n<hr \/>\n<h4><strong>4. Desempenho ac\u00fastico melhorado<\/strong><\/h4>\n<ul>\n<li><strong>Redu\u00e7\u00e3o de ru\u00eddo<\/strong>: Ajuda a controlar o som, reduzindo os ecos e melhorando a qualidade ac\u00fastica global de espa\u00e7os amplos ou abertos.<\/li>\n<li><strong>Ambientes confort\u00e1veis<\/strong>: Ideal para espa\u00e7os onde a clareza do som e o ambiente s\u00e3o essenciais.<\/li>\n<\/ul>\n<hr \/>\n<h4><strong>5. Flexibilidade de personaliza\u00e7\u00e3o<\/strong><\/h4>\n<ul>\n<li><strong>Design \u00e0 medida<\/strong>: Escolha entre uma vasta gama de acabamentos, cores e dimens\u00f5es para se adaptar \u00e0s necessidades espec\u00edficas do seu projeto.<\/li>\n<li><strong>Integra\u00e7\u00e3o perfeita<\/strong>: Acomoda facilmente dispositivos de ilumina\u00e7\u00e3o, sistemas AVAC e outros componentes do teto.<\/li>\n<\/ul>\n<hr \/>\n<h4><strong>6. Amigo do ambiente e sustent\u00e1vel<\/strong><\/h4>\n<ul>\n<li><strong>Material recicl\u00e1vel<\/strong>: Fabricado em alum\u00ednio recicl\u00e1vel 100%, apoiando pr\u00e1ticas de constru\u00e7\u00e3o ambientalmente respons\u00e1veis.<\/li>\n<li><strong>Efici\u00eancia energ\u00e9tica<\/strong>: Emparelhar com sistemas de ilumina\u00e7\u00e3o LED para reduzir o consumo de energia e melhorar a funcionalidade.<\/li>\n<\/ul>\n<hr \/>\n<h4><strong>7. F\u00e1cil instala\u00e7\u00e3o e baixa manuten\u00e7\u00e3o<\/strong><\/h4>\n<ul>\n<li><strong>Sistema modular<\/strong>: Simplifica a instala\u00e7\u00e3o com componentes precisos e pr\u00e9-fabricados.<\/li>\n<li><strong>Manuten\u00e7\u00e3o m\u00ednima<\/strong>: As superf\u00edcies dur\u00e1veis resistem ao p\u00f3, \u00e0s manchas e ao desbotamento, exigindo pouca manuten\u00e7\u00e3o.<\/li>\n<\/ul>\n<hr \/>\n<h3><strong>Conclus\u00e3o<\/strong><\/h3>\n<p>O <strong>Teto ondulado com deflector de alum\u00ednio personalizado<\/strong> \u00e9 mais do que apenas uma solu\u00e7\u00e3o de teto - \u00e9 uma declara\u00e7\u00e3o de design, inova\u00e7\u00e3o e sustentabilidade. A sua est\u00e9tica inigual\u00e1vel, durabilidade e versatilidade fazem dele a escolha ideal para criar espa\u00e7os memor\u00e1veis que inspiram e perduram.<\/p>\n<\/div>\n<\/div>\n<\/div>\n<\/div>\n<\/div>\n<\/div>\n<\/div>\n<\/div>\n<\/article>\n<h4><strong>Testemunhos de clientes<\/strong><\/h4>\n<blockquote><p><em>\"O teto em forma de onda transformou o nosso \u00e1trio numa pe\u00e7a central da arquitetura. Os nossos clientes elogiam constantemente o design deslumbrante.\"<\/em><br \/>\n- Designer de interiores<\/p><\/blockquote>\n<blockquote><p><em>\"Adoramos a forma como os tectos ondulados melhoraram tanto a ac\u00fastica como a est\u00e9tica do nosso restaurante. \u00c9 arte funcional!\"<\/em><br \/>\n- Propriet\u00e1rio de restaurante<\/p><\/blockquote>\n<p>&nbsp;<\/p>","protected":false},"excerpt":{"rendered":"<p>Eleve o ambiente do seu restaurante com o MetaBaffle\u2122 Aluminum Tube Baffle Ceiling, combinando design moderno, melhoria ac\u00fastica e f\u00e1cil manuten\u00e7\u00e3o para uma experi\u00eancia gastron\u00f3mica elegante.<\/p>","protected":false},"featured_media":17283,"comment_status":"open","ping_status":"closed","template":"","meta":{"_uag_custom_page_level_css":"","site-sidebar-layout":"default","site-content-layout":"","ast-site-content-layout":"default","site-content-style":"default","site-sidebar-style":"default","ast-global-header-display":"","ast-banner-title-visibility":"","ast-main-header-display":"","ast-hfb-above-header-display":"","ast-hfb-below-header-display":"","ast-hfb-mobile-header-display":"","site-post-title":"","ast-breadcrumbs-content":"","ast-featured-img":"","footer-sml-layout":"","theme-transparent-header-meta":"default","adv-header-id-meta":"","stick-header-meta":"","header-above-stick-meta":"","header-main-stick-meta":"","header-below-stick-meta":"","astra-migrate-meta-layouts":"set","ast-page-background-enabled":"default","ast-page-background-meta":{"desktop":{"background-color":"var(--ast-global-color-4)","background-image":"","background-repeat":"repeat","background-position":"center center","background-size":"auto","background-attachment":"scroll","background-type":"","background-media":"","overlay-type":"","overlay-color":"","overlay-opacity":"","overlay-gradient":""},"tablet":{"background-color":"","background-image":"","background-repeat":"repeat","background-position":"center center","background-size":"auto","background-attachment":"scroll","background-type":"","background-media":"","overlay-type":"","overlay-color":"","overlay-opacity":"","overlay-gradient":""},"mobile":{"background-color":"","background-image":"","background-repeat":"repeat","background-position":"center center","background-size":"auto","background-attachment":"scroll","background-type":"","background-media":"","overlay-type":"","overlay-color":"","overlay-opacity":"","overlay-gradient":""}},"ast-content-background-meta":{"desktop":{"background-color":"var(--ast-global-color-5)","background-image":"","background-repeat":"repeat","background-position":"center center","background-size":"auto","background-attachment":"scroll","background-type":"","background-media":"","overlay-type":"","overlay-color":"","overlay-opacity":"","overlay-gradient":""},"tablet":{"background-color":"var(--ast-global-color-5)","background-image":"","background-repeat":"repeat","background-position":"center center","background-size":"auto","background-attachment":"scroll","background-type":"","background-media":"","overlay-type":"","overlay-color":"","overlay-opacity":"","overlay-gradient":""},"mobile":{"background-color":"var(--ast-global-color-5)","background-image":"","background-repeat":"repeat","background-position":"center center","background-size":"auto","background-attachment":"scroll","background-type":"","background-media":"","overlay-type":"","overlay-color":"","overlay-opacity":"","overlay-gradient":""}}},"product_brand":[],"product_cat":[224],"product_tag":[191,193,194,192],"class_list":{"0":"post-16664","1":"product","2":"type-product","3":"status-publish","4":"has-post-thumbnail","6":"product_cat-aluminum-baffle-ceiling","7":"product_tag-aluminum-ceiling","8":"product_tag-baffle-ceiling","9":"product_tag-ceiling","10":"product_tag-metal-ceiling","11":"desktop-align-center","12":"tablet-align-left","13":"mobile-align-left","14":"ast-product-gallery-layout-horizontal-slider","15":"ast-product-single-variable","16":"ast-product-tabs-layout-vertical","18":"first","19":"instock","20":"shipping-taxable","21":"product-type-variable"},"uagb_featured_image_src":{"full":["https:\/\/meterny.com\/wp-content\/uploads\/2024\/07\/123.jpg",750,750,false],"thumbnail":["https:\/\/meterny.com\/wp-content\/uploads\/2024\/07\/123-150x150.jpg",150,150,true],"medium":["https:\/\/meterny.com\/wp-content\/uploads\/2024\/07\/123-300x300.jpg",300,300,true],"medium_large":["https:\/\/meterny.com\/wp-content\/uploads\/2024\/07\/123.jpg",750,750,false],"large":["https:\/\/meterny.com\/wp-content\/uploads\/2024\/07\/123.jpg",750,750,false],"1536x1536":["https:\/\/meterny.com\/wp-content\/uploads\/2024\/07\/123.jpg",750,750,false],"2048x2048":["https:\/\/meterny.com\/wp-content\/uploads\/2024\/07\/123.jpg",750,750,false],"trp-custom-language-flag":["https:\/\/meterny.com\/wp-content\/uploads\/2024\/07\/123.jpg",12,12,false],"woocommerce_thumbnail":["https:\/\/meterny.com\/wp-content\/uploads\/2024\/07\/123-300x300.jpg",300,300,true],"woocommerce_single":["https:\/\/meterny.com\/wp-content\/uploads\/2024\/07\/123-600x600.jpg",600,600,true],"woocommerce_gallery_thumbnail":["https:\/\/meterny.com\/wp-content\/uploads\/2024\/07\/123-100x100.jpg",100,100,true]},"uagb_author_info":{"display_name":"meterny","author_link":"https:\/\/meterny.com\/pt\/author\/"},"uagb_comment_info":0,"uagb_excerpt":"Elevate your restaurant's ambiance with MetaBaffle\u2122 Aluminum Tube Baffle Ceiling, combining modern design, acoustic improvement, and easy maintenance for a stylish dining experience.","_links":{"self":[{"href":"https:\/\/meterny.com\/pt\/wp-json\/wp\/v2\/product\/16664","targetHints":{"allow":["GET"]}}],"collection":[{"href":"https:\/\/meterny.com\/pt\/wp-json\/wp\/v2\/product"}],"about":[{"href":"https:\/\/meterny.com\/pt\/wp-json\/wp\/v2\/types\/product"}],"replies":[{"embeddable":true,"href":"https:\/\/meterny.com\/pt\/wp-json\/wp\/v2\/comments?post=16664"}],"wp:featuredmedia":[{"embeddable":true,"href":"https:\/\/meterny.com\/pt\/wp-json\/wp\/v2\/media\/17283"}],"wp:attachment":[{"href":"https:\/\/meterny.com\/pt\/wp-json\/wp\/v2\/media?parent=16664"}],"wp:term":[{"taxonomy":"product_brand","embeddable":true,"href":"https:\/\/meterny.com\/pt\/wp-json\/wp\/v2\/product_brand?post=16664"},{"taxonomy":"product_cat","embeddable":true,"href":"https:\/\/meterny.com\/pt\/wp-json\/wp\/v2\/product_cat?post=16664"},{"taxonomy":"product_tag","embeddable":true,"href":"https:\/\/meterny.com\/pt\/wp-json\/wp\/v2\/product_tag?post=16664"}],"curies":[{"name":"wp","href":"https:\/\/api.w.org\/{rel}","templated":true}]}}