{"id":16668,"date":"2024-07-11T11:07:26","date_gmt":"2024-07-11T11:07:26","guid":{"rendered":"https:\/\/meterny.com\/?post_type=product&#038;p=16668"},"modified":"2024-10-08T02:05:05","modified_gmt":"2024-10-08T02:05:05","slug":"new-design-aluminum-strips-ceiling","status":"publish","type":"product","link":"https:\/\/meterny.com\/pt\/produto\/new-design-aluminum-strips-ceiling\/","title":{"rendered":"Novo design de tiras de alum\u00ednio para teto"},"content":{"rendered":"<p>Novo design de tiras de alum\u00ednio para teto<\/p>\n<p><strong>Tipo<\/strong>: Novo design de tiras de alum\u00ednio para tectos<\/p>\n<p><strong>Tamanho<\/strong>: personalizado<\/p>\n<p><strong>Superf\u00edcie<\/strong>: revestimento\/pintura personalizada<\/p>\n<p><strong>Cor<\/strong>: personalizado<\/p>\n<p><strong>Comprimento<\/strong>: Personalizado<\/p>\n<p><strong>Material<\/strong>: Liga de alum\u00ednio de alta qualidade<\/p>\n<p><strong>Tecnologia de produtos<\/strong>: Forma 3D Alum\u00ednio dobrado<\/p>\n<figure id=\"attachment_16667\" aria-describedby=\"caption-attachment-16667\" style=\"width: 1920px\" class=\"wp-caption alignnone\"><img loading=\"lazy\" decoding=\"async\" class=\"size-full wp-image-16667\" src=\"https:\/\/meterny.com\/wp-content\/uploads\/2024\/07\/Baffle-ceiling-41.jpg\" alt=\"Instala\u00e7\u00e3o de tectos com tiras de alum\u00ednio personalizadas num interior residencial elegante.\" width=\"1920\" height=\"1080\" srcset=\"https:\/\/meterny.com\/wp-content\/uploads\/2024\/07\/Baffle-ceiling-41.jpg 1920w, https:\/\/meterny.com\/wp-content\/uploads\/2024\/07\/Baffle-ceiling-41-300x169.jpg 300w, https:\/\/meterny.com\/wp-content\/uploads\/2024\/07\/Baffle-ceiling-41-1024x576.jpg 1024w, https:\/\/meterny.com\/wp-content\/uploads\/2024\/07\/Baffle-ceiling-41-768x432.jpg 768w, https:\/\/meterny.com\/wp-content\/uploads\/2024\/07\/Baffle-ceiling-41-1536x864.jpg 1536w, https:\/\/meterny.com\/wp-content\/uploads\/2024\/07\/Baffle-ceiling-41-600x338.jpg 600w\" sizes=\"auto, (max-width: 1920px) 100vw, 1920px\" \/><figcaption id=\"caption-attachment-16667\" class=\"wp-caption-text\">Tectos com tiras de alum\u00ednio personalizadas - Real\u00e7am os interiores residenciais com uma eleg\u00e2ncia moderna.<\/figcaption><\/figure>\n<h3>Descri\u00e7\u00e3o<\/h3>\n<p>Apresentamos o nosso teto de tiras de alum\u00ednio de novo design, concebido para redefinir os interiores modernos com a sua est\u00e9tica inovadora e superioridade funcional. Fabricada em alum\u00ednio de primeira qualidade, esta solu\u00e7\u00e3o de teto oferece um aspeto elegante, melhora a ac\u00fastica e requer uma manuten\u00e7\u00e3o m\u00ednima. Dispon\u00edvel numa gama de configura\u00e7\u00f5es e acabamentos personaliz\u00e1veis, o nosso teto de tiras de alum\u00ednio New Design \u00e9 ideal para criar ambientes distintos e convidativos em espa\u00e7os comerciais e residenciais.<\/p>\n<h3>Cor e superf\u00edcie<\/h3>\n<ul>\n<li><strong>Variedade de revestimentos<\/strong>: Dispon\u00edvel em qualquer tipo de revestimento ou impress\u00e3o para corresponder \u00e0s suas necessidades de design.<\/li>\n<li><strong>Cores ilimitadas<\/strong>: Escolha entre uma vasta gama de cores, incluindo acabamentos met\u00e1licos e padr\u00f5es de gr\u00e3o de madeira, para se adaptar a qualquer decora\u00e7\u00e3o.<\/li>\n<\/ul>\n<h3>Dur\u00e1vel e \u00e0 prova de \u00e1gua<\/h3>\n<p>Fabricado com liga de alum\u00ednio topo de gama e tecnologia de alum\u00ednio 3D Shape Fold, este teto de alum\u00ednio \u00e9 feito para embelezar o seu teto. As suas propriedades \u00e0 prova de \u00e1gua fazem dele a escolha ideal para todas as condi\u00e7\u00f5es climat\u00e9ricas, garantindo longevidade e manuten\u00e7\u00e3o m\u00ednima. A elevada qualidade do material confere-lhe uma estabilidade extra, tornando-o um teto fi\u00e1vel e robusto para qualquer espa\u00e7o interior.<\/p>\n<figure id=\"attachment_16678\" aria-describedby=\"caption-attachment-16678\" style=\"width: 1000px\" class=\"wp-caption alignnone\"><img loading=\"lazy\" decoding=\"async\" class=\"size-full wp-image-16678\" src=\"https:\/\/meterny.com\/wp-content\/uploads\/2024\/07\/Baffle-ceiling-2.jpg\" alt=\"Museu de Arte em Alum\u00ednio Teto de uma sala de exposi\u00e7\u00f5es de um museu contempor\u00e2neo.\" width=\"1000\" height=\"1333\" srcset=\"https:\/\/meterny.com\/wp-content\/uploads\/2024\/07\/Baffle-ceiling-2.jpg 1000w, https:\/\/meterny.com\/wp-content\/uploads\/2024\/07\/Baffle-ceiling-2-225x300.jpg 225w, https:\/\/meterny.com\/wp-content\/uploads\/2024\/07\/Baffle-ceiling-2-768x1024.jpg 768w, https:\/\/meterny.com\/wp-content\/uploads\/2024\/07\/Baffle-ceiling-2-600x800.jpg 600w\" sizes=\"auto, (max-width: 1000px) 100vw, 1000px\" \/><figcaption id=\"caption-attachment-16678\" class=\"wp-caption-text\">Teto de museu em alum\u00ednio para arte - Design moderno para espa\u00e7os de exposi\u00e7\u00e3o sofisticados<\/figcaption><\/figure>\n<p><strong>Porqu\u00ea escolher o teto de tiras de alum\u00ednio New Design?<\/strong><\/p>\n<ol>\n<li><strong>Design inovador<\/strong>: Redefina os espa\u00e7os interiores com uma solu\u00e7\u00e3o de teto de vanguarda.<\/li>\n<li><strong>Materiais de primeira qualidade<\/strong>: Constru\u00eddo em alum\u00ednio de alta qualidade para maior durabilidade e longevidade.<\/li>\n<li><strong>Ac\u00fastica melhorada<\/strong>: Melhore a qualidade do som e reduza os n\u00edveis de ru\u00eddo com configura\u00e7\u00f5es de faixas eficazes.<\/li>\n<li><strong>Acabamentos personaliz\u00e1veis<\/strong>: Escolha entre uma variedade de acabamentos para se adaptar a qualquer decora\u00e7\u00e3o interior.<\/li>\n<li><strong>Manuten\u00e7\u00e3o f\u00e1cil<\/strong>: Requer um m\u00ednimo de manuten\u00e7\u00e3o para preservar o seu aspeto impec\u00e1vel.<\/li>\n<li><strong>Versatilidade<\/strong>: Adequado para v\u00e1rios ambientes, incluindo escrit\u00f3rios, espa\u00e7os comerciais e casas de habita\u00e7\u00e3o.<\/li>\n<li><strong>Ambiente melhorado<\/strong>: Criar um ambiente confort\u00e1vel e convidativo para os ocupantes.<\/li>\n<li><strong>Amigo do ambiente<\/strong>: Fabricado a partir de materiais sustent\u00e1veis para um design que respeita o ambiente.<\/li>\n<li><strong>Resist\u00eancia ao fogo<\/strong>: Proporciona uma seguran\u00e7a acrescida com excelentes propriedades de resist\u00eancia ao fogo.<\/li>\n<li><strong>Pre\u00e7os competitivos<\/strong>: Oferece qualidade e pre\u00e7o acess\u00edvel para projectos de qualquer dimens\u00e3o.<\/li>\n<\/ol>","protected":false},"excerpt":{"rendered":"<p>Eleve o seu espa\u00e7o com o nosso teto de tiras de alum\u00ednio de design novo, com uma est\u00e9tica moderna, uma ac\u00fastica melhorada e uma manuten\u00e7\u00e3o f\u00e1cil para interiores comerciais e residenciais.<\/p>","protected":false},"featured_media":16667,"comment_status":"open","ping_status":"closed","template":"","meta":{"_uag_custom_page_level_css":"","site-sidebar-layout":"default","site-content-layout":"","ast-site-content-layout":"default","site-content-style":"default","site-sidebar-style":"default","ast-global-header-display":"","ast-banner-title-visibility":"","ast-main-header-display":"","ast-hfb-above-header-display":"","ast-hfb-below-header-display":"","ast-hfb-mobile-header-display":"","site-post-title":"","ast-breadcrumbs-content":"","ast-featured-img":"","footer-sml-layout":"","theme-transparent-header-meta":"","adv-header-id-meta":"","stick-header-meta":"","header-above-stick-meta":"","header-main-stick-meta":"","header-below-stick-meta":"","astra-migrate-meta-layouts":"default","ast-page-background-enabled":"default","ast-page-background-meta":{"desktop":{"background-color":"var(--ast-global-color-4)","background-image":"","background-repeat":"repeat","background-position":"center center","background-size":"auto","background-attachment":"scroll","background-type":"","background-media":"","overlay-type":"","overlay-color":"","overlay-opacity":"","overlay-gradient":""},"tablet":{"background-color":"","background-image":"","background-repeat":"repeat","background-position":"center center","background-size":"auto","background-attachment":"scroll","background-type":"","background-media":"","overlay-type":"","overlay-color":"","overlay-opacity":"","overlay-gradient":""},"mobile":{"background-color":"","background-image":"","background-repeat":"repeat","background-position":"center center","background-size":"auto","background-attachment":"scroll","background-type":"","background-media":"","overlay-type":"","overlay-color":"","overlay-opacity":"","overlay-gradient":""}},"ast-content-background-meta":{"desktop":{"background-color":"var(--ast-global-color-5)","background-image":"","background-repeat":"repeat","background-position":"center center","background-size":"auto","background-attachment":"scroll","background-type":"","background-media":"","overlay-type":"","overlay-color":"","overlay-opacity":"","overlay-gradient":""},"tablet":{"background-color":"var(--ast-global-color-5)","background-image":"","background-repeat":"repeat","background-position":"center center","background-size":"auto","background-attachment":"scroll","background-type":"","background-media":"","overlay-type":"","overlay-color":"","overlay-opacity":"","overlay-gradient":""},"mobile":{"background-color":"var(--ast-global-color-5)","background-image":"","background-repeat":"repeat","background-position":"center center","background-size":"auto","background-attachment":"scroll","background-type":"","background-media":"","overlay-type":"","overlay-color":"","overlay-opacity":"","overlay-gradient":""}}},"product_brand":[],"product_cat":[190],"product_tag":[191,193,194,192],"class_list":{"0":"post-16668","1":"product","2":"type-product","3":"status-publish","4":"has-post-thumbnail","6":"product_cat-aluminum-ceiling","7":"product_tag-aluminum-ceiling","8":"product_tag-baffle-ceiling","9":"product_tag-ceiling","10":"product_tag-metal-ceiling","11":"desktop-align-center","12":"tablet-align-left","13":"mobile-align-left","14":"ast-product-gallery-layout-horizontal-slider","15":"ast-product-tabs-layout-vertical","17":"first","18":"instock","19":"shipping-taxable","20":"product-type-simple"},"uagb_featured_image_src":{"full":["https:\/\/meterny.com\/wp-content\/uploads\/2024\/07\/Baffle-ceiling-41.jpg",1920,1080,false],"thumbnail":["https:\/\/meterny.com\/wp-content\/uploads\/2024\/07\/Baffle-ceiling-41-150x150.jpg",150,150,true],"medium":["https:\/\/meterny.com\/wp-content\/uploads\/2024\/07\/Baffle-ceiling-41-300x169.jpg",300,169,true],"medium_large":["https:\/\/meterny.com\/wp-content\/uploads\/2024\/07\/Baffle-ceiling-41-768x432.jpg",768,432,true],"large":["https:\/\/meterny.com\/wp-content\/uploads\/2024\/07\/Baffle-ceiling-41-1024x576.jpg",1024,576,true],"1536x1536":["https:\/\/meterny.com\/wp-content\/uploads\/2024\/07\/Baffle-ceiling-41-1536x864.jpg",1536,864,true],"2048x2048":["https:\/\/meterny.com\/wp-content\/uploads\/2024\/07\/Baffle-ceiling-41.jpg",1920,1080,false],"trp-custom-language-flag":["https:\/\/meterny.com\/wp-content\/uploads\/2024\/07\/Baffle-ceiling-41.jpg",18,10,false],"woocommerce_thumbnail":["https:\/\/meterny.com\/wp-content\/uploads\/2024\/07\/Baffle-ceiling-41-300x300.jpg",300,300,true],"woocommerce_single":["https:\/\/meterny.com\/wp-content\/uploads\/2024\/07\/Baffle-ceiling-41-600x338.jpg",600,338,true],"woocommerce_gallery_thumbnail":["https:\/\/meterny.com\/wp-content\/uploads\/2024\/07\/Baffle-ceiling-41-100x100.jpg",100,100,true]},"uagb_author_info":{"display_name":"meterny","author_link":"https:\/\/meterny.com\/pt\/author\/"},"uagb_comment_info":0,"uagb_excerpt":"Elevate your space with our New Design Aluminum Strips Ceiling, featuring modern aesthetics, enhanced acoustics, and easy maintenance for both commercial and residential interiors.","_links":{"self":[{"href":"https:\/\/meterny.com\/pt\/wp-json\/wp\/v2\/product\/16668","targetHints":{"allow":["GET"]}}],"collection":[{"href":"https:\/\/meterny.com\/pt\/wp-json\/wp\/v2\/product"}],"about":[{"href":"https:\/\/meterny.com\/pt\/wp-json\/wp\/v2\/types\/product"}],"replies":[{"embeddable":true,"href":"https:\/\/meterny.com\/pt\/wp-json\/wp\/v2\/comments?post=16668"}],"wp:featuredmedia":[{"embeddable":true,"href":"https:\/\/meterny.com\/pt\/wp-json\/wp\/v2\/media\/16667"}],"wp:attachment":[{"href":"https:\/\/meterny.com\/pt\/wp-json\/wp\/v2\/media?parent=16668"}],"wp:term":[{"taxonomy":"product_brand","embeddable":true,"href":"https:\/\/meterny.com\/pt\/wp-json\/wp\/v2\/product_brand?post=16668"},{"taxonomy":"product_cat","embeddable":true,"href":"https:\/\/meterny.com\/pt\/wp-json\/wp\/v2\/product_cat?post=16668"},{"taxonomy":"product_tag","embeddable":true,"href":"https:\/\/meterny.com\/pt\/wp-json\/wp\/v2\/product_tag?post=16668"}],"curies":[{"name":"wp","href":"https:\/\/api.w.org\/{rel}","templated":true}]}}