{"id":16689,"date":"2024-07-11T14:17:55","date_gmt":"2024-07-11T14:17:55","guid":{"rendered":"https:\/\/meterny.com\/?post_type=product&#038;p=16689"},"modified":"2025-01-02T13:22:04","modified_gmt":"2025-01-02T13:22:04","slug":"office-aluminum-flat-clip-in-ceiling-tiles","status":"publish","type":"product","link":"https:\/\/meterny.com\/pt\/produto\/office-aluminum-flat-clip-in-ceiling-tiles\/","title":{"rendered":"Empresa moderna Telhas de teto planas de alum\u00ednio com encaixe para escrit\u00f3rio"},"content":{"rendered":"<h3><strong>Ladrilhos de teto planos de alum\u00ednio para escrit\u00f3rio<\/strong><\/h3>\n<h4><strong>Vis\u00e3o geral do produto<\/strong><\/h4>\n<p>O <strong>Ladrilhos de teto planos de alum\u00ednio para escrit\u00f3rio<\/strong> s\u00e3o uma solu\u00e7\u00e3o moderna, duradoura e vers\u00e1til para espa\u00e7os de escrit\u00f3rios comerciais. Concebidas para funcionalidade e est\u00e9tica, estas placas criam um acabamento de teto elegante e sem juntas, oferecendo simultaneamente um desempenho excecional em termos de controlo ac\u00fastico, resist\u00eancia ao fogo e efici\u00eancia de manuten\u00e7\u00e3o. O seu design plano e minimalista complementa os interiores de escrit\u00f3rios contempor\u00e2neos, tornando-as a escolha perfeita para ambientes profissionais.<\/p>\n<hr \/>\n<figure id=\"attachment_17257\" aria-describedby=\"caption-attachment-17257\" style=\"width: 1024px\" class=\"wp-caption alignnone\"><img loading=\"lazy\" decoding=\"async\" class=\"wp-image-17257\" src=\"https:\/\/meterny.com\/wp-content\/uploads\/2024\/07\/14-21zhu.png\" alt=\"Ladrilhos de teto planos de alum\u00ednio para escrit\u00f3rio\" width=\"1024\" height=\"1024\" srcset=\"https:\/\/meterny.com\/wp-content\/uploads\/2024\/07\/14-21zhu.png 800w, https:\/\/meterny.com\/wp-content\/uploads\/2024\/07\/14-21zhu-300x300.png 300w, https:\/\/meterny.com\/wp-content\/uploads\/2024\/07\/14-21zhu-150x150.png 150w, https:\/\/meterny.com\/wp-content\/uploads\/2024\/07\/14-21zhu-768x768.png 768w, https:\/\/meterny.com\/wp-content\/uploads\/2024\/07\/14-21zhu-600x600.png 600w, https:\/\/meterny.com\/wp-content\/uploads\/2024\/07\/14-21zhu-100x100.png 100w\" sizes=\"auto, (max-width: 1024px) 100vw, 1024px\" \/><figcaption id=\"caption-attachment-17257\" class=\"wp-caption-text\">Pain\u00e9is planos de alum\u00ednio com encaixe, proporcionando solu\u00e7\u00f5es de teto limpas e modernas.<\/figcaption><\/figure>\n<h4><strong>Carater\u00edsticas principais<\/strong><\/h4>\n<ul>\n<li><strong>Design plano e elegante<\/strong>: Proporciona um aspeto limpo e moderno que melhora a est\u00e9tica dos espa\u00e7os de escrit\u00f3rio.<\/li>\n<li><strong>Instala\u00e7\u00e3o f\u00e1cil por encaixe<\/strong>: Possui um sistema de encaixe seguro para uma instala\u00e7\u00e3o r\u00e1pida e perfeita, sem linhas de grelha vis\u00edveis.<\/li>\n<li><strong>Material de alum\u00ednio dur\u00e1vel<\/strong>: Fabricadas em alum\u00ednio de alta qualidade, estas telhas s\u00e3o leves, resistentes \u00e0 corros\u00e3o e duradouras.<\/li>\n<li><strong>Desempenho ac\u00fastico<\/strong>: Concebido para reduzir o ru\u00eddo ambiente, criando um espa\u00e7o de trabalho mais silencioso e confort\u00e1vel.<\/li>\n<li><strong>Resist\u00eancia ao fogo<\/strong>: Certificado para cumprir as normas internacionais de seguran\u00e7a contra inc\u00eandios, garantindo a m\u00e1xima prote\u00e7\u00e3o para ambientes de escrit\u00f3rio.<\/li>\n<li><strong>Acabamento personaliz\u00e1vel<\/strong>: Dispon\u00edvel em v\u00e1rios acabamentos, incluindo revestimentos mate, met\u00e1licos e texturados, para combinar com diferentes estilos de interiores.<\/li>\n<li><strong>Manuten\u00e7\u00e3o reduzida<\/strong>: A superf\u00edcie lisa resiste \u00e0s manchas e \u00e9 f\u00e1cil de limpar, exigindo um m\u00ednimo de manuten\u00e7\u00e3o.<\/li>\n<\/ul>\n<hr \/>\n<h4><strong>Aplica\u00e7\u00f5es dos Ladrilhos de teto planos de alum\u00ednio para escrit\u00f3rio<\/strong><\/h4>\n<ul>\n<li><strong>Escrit\u00f3rios da empresa<\/strong>: Salas de reuni\u00e3o, espa\u00e7os executivos e escrit\u00f3rios em open space.<\/li>\n<li><strong>Espa\u00e7os comerciais<\/strong>: Salas de exposi\u00e7\u00e3o, boutiques e complexos comerciais.<\/li>\n<li><strong>Instala\u00e7\u00f5es p\u00fablicas<\/strong>: Bibliotecas, institui\u00e7\u00f5es de ensino e centros de confer\u00eancias.<\/li>\n<li><strong>Locais de hospitalidade<\/strong>: Hot\u00e9is, salas de estar e espa\u00e7os de coworking.<\/li>\n<\/ul>\n<hr \/>\n<h4><strong>Especifica\u00e7\u00f5es dos Ladrilhos de teto planos de alum\u00ednio para escrit\u00f3rio com clip-in<\/strong><\/h4>\n<ul>\n<li><strong>Material<\/strong>: Alum\u00ednio de alta qualidade com revestimentos opcionais para um melhor desempenho.<\/li>\n<li><strong>Dimens\u00f5es do painel<\/strong>: Tamanhos standard de 600 x 600 mm e 1200 x 600 mm; tamanhos personalizados dispon\u00edveis mediante pedido.<\/li>\n<li><strong>Espessura<\/strong>: Varia de 0,5 mm a 1,0 mm, garantindo durabilidade e leveza na constru\u00e7\u00e3o.<\/li>\n<li><strong>Op\u00e7\u00f5es de acabamento<\/strong>: Acabamentos revestidos a p\u00f3, anodizados ou escovados numa vasta gama de cores e texturas.<\/li>\n<li><strong>Sistema de instala\u00e7\u00e3o<\/strong>: Mecanismo de encaixe compat\u00edvel com os sistemas de grelha de barras em T standard.<\/li>\n<li><strong>Classifica\u00e7\u00e3o ac\u00fastica<\/strong>: Coeficiente de redu\u00e7\u00e3o do ru\u00eddo (NRC) adaptado aos ambientes de escrit\u00f3rio.<\/li>\n<li><strong>Resist\u00eancia ao fogo<\/strong>: Certificado para cumprir as normas de seguran\u00e7a contra inc\u00eandios de classe A.<\/li>\n<\/ul>\n<hr \/>\n<figure id=\"attachment_17268\" aria-describedby=\"caption-attachment-17268\" style=\"width: 1024px\" class=\"wp-caption alignnone\"><img loading=\"lazy\" decoding=\"async\" class=\"wp-image-17268\" src=\"https:\/\/meterny.com\/wp-content\/uploads\/2024\/07\/4-13zhu.jpg\" alt=\"Tectos personalizados de alum\u00ednio com encaixe\" width=\"1024\" height=\"1024\" srcset=\"https:\/\/meterny.com\/wp-content\/uploads\/2024\/07\/4-13zhu.jpg 800w, https:\/\/meterny.com\/wp-content\/uploads\/2024\/07\/4-13zhu-300x300.jpg 300w, https:\/\/meterny.com\/wp-content\/uploads\/2024\/07\/4-13zhu-150x150.jpg 150w, https:\/\/meterny.com\/wp-content\/uploads\/2024\/07\/4-13zhu-768x768.jpg 768w, https:\/\/meterny.com\/wp-content\/uploads\/2024\/07\/4-13zhu-600x600.jpg 600w, https:\/\/meterny.com\/wp-content\/uploads\/2024\/07\/4-13zhu-100x100.jpg 100w\" sizes=\"auto, (max-width: 1024px) 100vw, 1024px\" \/><figcaption id=\"caption-attachment-17268\" class=\"wp-caption-text\">Pain\u00e9is planos de alum\u00ednio com encaixe, simples mas sofisticados para um design de interiores simples.<\/figcaption><\/figure>\n<h4><strong>Vantagens dos ladrilhos de teto planos de alum\u00ednio para escrit\u00f3rio<\/strong><\/h4>\n<ol>\n<li><strong>Apelo est\u00e9tico moderno<\/strong>: O design plano e sem costuras melhora o impacto visual dos interiores de escrit\u00f3rios.<\/li>\n<li><strong>Efici\u00eancia ac\u00fastica<\/strong>: Reduz os n\u00edveis de ru\u00eddo, promovendo um ambiente de trabalho produtivo e confort\u00e1vel.<\/li>\n<li><strong>Constru\u00e7\u00e3o duradoura<\/strong>: Resistente \u00e0 corros\u00e3o, \u00e0 humidade e ao desgaste, o que o torna adequado para uma utiliza\u00e7\u00e3o a longo prazo.<\/li>\n<li><strong>Conformidade com a seguran\u00e7a contra inc\u00eandios<\/strong>: Cumpre as rigorosas normas de seguran\u00e7a contra inc\u00eandios, oferecendo tranquilidade em ambientes comerciais.<\/li>\n<li><strong>Op\u00e7\u00f5es personaliz\u00e1veis<\/strong>: Uma variedade de acabamentos, cores e tamanhos para satisfazer os requisitos espec\u00edficos do projeto.<\/li>\n<li><strong>Manuten\u00e7\u00e3o f\u00e1cil<\/strong>: A superf\u00edcie lisa resiste \u00e0 sujidade e \u00e0s manchas, exigindo apenas uma limpeza ocasional.<\/li>\n<li><strong>Amigo do ambiente<\/strong>: Fabricado em alum\u00ednio recicl\u00e1vel, contribuindo para pr\u00e1ticas de constru\u00e7\u00e3o sustent\u00e1veis.<\/li>\n<\/ol>\n<hr \/>\n<h4><strong>Inspira\u00e7\u00e3o de design<\/strong><\/h4>\n<p>O <strong>Ladrilhos de teto planos de alum\u00ednio para escrit\u00f3rio<\/strong> combinam simplicidade e eleg\u00e2ncia para complementar os projectos de escrit\u00f3rios modernos. O seu perfil plano e o acabamento sem costuras ajudam a criar um ambiente profissional e polido, ao mesmo tempo que respondem a preocupa\u00e7\u00f5es pr\u00e1ticas como a redu\u00e7\u00e3o do ru\u00eddo e a seguran\u00e7a contra inc\u00eandios. Quer se trate de um escrit\u00f3rio movimentado em plano aberto ou de uma sala de reuni\u00f5es serena, estes ladrilhos proporcionam estilo e funcionalidade.<\/p>\n<h3>Descri\u00e7\u00e3o<\/h3>\n<p>Transforme o seu espa\u00e7o de escrit\u00f3rio com os nossos Ladrilhos de teto planos de alum\u00ednio para escrit\u00f3rio, concebidos para dar um toque moderno e requintado a qualquer ambiente. Fabricados em alum\u00ednio de primeira qualidade, estes azulejos de teto planos de alum\u00ednio para escrit\u00f3rio n\u00e3o s\u00f3 melhoram o aspeto visual do seu escrit\u00f3rio, como tamb\u00e9m proporcionam uma durabilidade superior e uma manuten\u00e7\u00e3o reduzida. Ideais para criar uma atmosfera elegante e profissional, estes azulejos de teto planos de alum\u00ednio para escrit\u00f3rio est\u00e3o dispon\u00edveis numa variedade de acabamentos personaliz\u00e1veis para corresponderem perfeitamente \u00e0s prefer\u00eancias de marca e design da sua empresa. Quer seja para \u00e1trios, salas de reuni\u00f5es ou \u00e1reas de escrit\u00f3rios abertos, estes mosaicos oferecem uma solu\u00e7\u00e3o sofisticada que satisfaz as necessidades est\u00e9ticas e funcionais.<\/p>\n<figure id=\"attachment_17270\" aria-describedby=\"caption-attachment-17270\" style=\"width: 1024px\" class=\"wp-caption alignnone\"><img loading=\"lazy\" decoding=\"async\" class=\"wp-image-17270\" src=\"https:\/\/meterny.com\/wp-content\/uploads\/2024\/07\/\u4e0b\u8f7d-19.jpg\" alt=\"Uma variedade de pain\u00e9is de teto de alum\u00ednio com clip-in\" width=\"1024\" height=\"1024\" srcset=\"https:\/\/meterny.com\/wp-content\/uploads\/2024\/07\/\u4e0b\u8f7d-19.jpg 1200w, https:\/\/meterny.com\/wp-content\/uploads\/2024\/07\/\u4e0b\u8f7d-19-300x300.jpg 300w, https:\/\/meterny.com\/wp-content\/uploads\/2024\/07\/\u4e0b\u8f7d-19-1024x1024.jpg 1024w, https:\/\/meterny.com\/wp-content\/uploads\/2024\/07\/\u4e0b\u8f7d-19-150x150.jpg 150w, https:\/\/meterny.com\/wp-content\/uploads\/2024\/07\/\u4e0b\u8f7d-19-768x768.jpg 768w, https:\/\/meterny.com\/wp-content\/uploads\/2024\/07\/\u4e0b\u8f7d-19-600x600.jpg 600w, https:\/\/meterny.com\/wp-content\/uploads\/2024\/07\/\u4e0b\u8f7d-19-100x100.jpg 100w\" sizes=\"auto, (max-width: 1024px) 100vw, 1024px\" \/><figcaption id=\"caption-attachment-17270\" class=\"wp-caption-text\">Uma variedade de pain\u00e9is de teto de alum\u00ednio com encaixe, apresentando diversos estilos para designs de interiores vers\u00e1teis.<\/figcaption><\/figure>\n<h3>Cor e superf\u00edcie<\/h3>\n<ul>\n<li><strong>Variedade de revestimentos<\/strong>: Dispon\u00edvel em qualquer tipo de revestimento ou impress\u00e3o para corresponder \u00e0s suas necessidades de design.<\/li>\n<li><strong>Cores ilimitadas<\/strong>: Escolha entre uma vasta gama de cores, incluindo acabamentos met\u00e1licos e padr\u00f5es de gr\u00e3o de madeira, para se adaptar a qualquer decora\u00e7\u00e3o.<\/li>\n<\/ul>\n<h3>Dur\u00e1vel e \u00e0 prova de \u00e1gua<\/h3>\n<p>Fabricado com liga de alum\u00ednio topo de gama e tecnologia de alum\u00ednio 3D Shape Fold, este teto de alum\u00ednio \u00e9 feito para embelezar o seu teto. As suas propriedades \u00e0 prova de \u00e1gua fazem dele a escolha ideal para todas as condi\u00e7\u00f5es climat\u00e9ricas, garantindo longevidade e manuten\u00e7\u00e3o m\u00ednima. A elevada qualidade do material confere-lhe uma estabilidade extra, tornando-o um teto fi\u00e1vel e robusto para qualquer espa\u00e7o interior.<\/p>\n<figure id=\"attachment_17251\" aria-describedby=\"caption-attachment-17251\" style=\"width: 1024px\" class=\"wp-caption alignnone\"><img loading=\"lazy\" decoding=\"async\" class=\"wp-image-17251\" src=\"https:\/\/meterny.com\/wp-content\/uploads\/2024\/07\/3-11ZHU.png\" alt=\"Telha do teto do hospital\" width=\"1024\" height=\"1024\" \/><figcaption id=\"caption-attachment-17251\" class=\"wp-caption-text\">Teto moderno de alum\u00ednio com encaixe, concebido para interiores elegantes e funcionais.<\/figcaption><\/figure>\n<div class=\"flex-shrink-0 flex flex-col relative items-end\">\n<div>\n<div class=\"pt-0\">\n<div class=\"gizmo-bot-avatar flex h-8 w-8 items-center justify-center overflow-hidden rounded-full\">\n<div class=\"relative p-1 rounded-sm flex items-center justify-center bg-token-main-surface-primary text-token-text-primary h-8 w-8\">\n<h3><strong>Porqu\u00ea escolher os perfis de teto planos de alum\u00ednio para escrit\u00f3rio com clip-in?<\/strong><\/h3>\n<ul>\n<li><strong>Est\u00e9tica profissional<\/strong>: Oferece um acabamento limpo e sem costuras que eleva o aspeto dos espa\u00e7os de escrit\u00f3rio.<\/li>\n<li><strong>Durabilidade superior<\/strong>: A constru\u00e7\u00e3o em alum\u00ednio de alta qualidade garante um desempenho duradouro.<\/li>\n<li><strong>Controlo do ru\u00eddo<\/strong>: As propriedades ac\u00fasticas melhoram a produtividade no local de trabalho, reduzindo as distrac\u00e7\u00f5es sonoras.<\/li>\n<li><strong>Normas de seguran\u00e7a contra inc\u00eandios<\/strong>: Cumpre os rigorosos requisitos de resist\u00eancia ao fogo para maior seguran\u00e7a.<\/li>\n<li><strong>Instala\u00e7\u00e3o sem esfor\u00e7o<\/strong>: O sistema de encaixe permite uma instala\u00e7\u00e3o r\u00e1pida e simples, minimizando as perturba\u00e7\u00f5es.<\/li>\n<li><strong>Op\u00e7\u00f5es personaliz\u00e1veis<\/strong>: Escolha entre v\u00e1rios acabamentos e tamanhos para se adaptar \u00e0s suas necessidades de design.<\/li>\n<li><strong>Amigo do ambiente<\/strong>: Fabricado a partir de materiais recicl\u00e1veis, apoiando pr\u00e1ticas de constru\u00e7\u00e3o sustent\u00e1veis.<\/li>\n<\/ul>\n<\/div>\n<\/div>\n<\/div>\n<\/div>\n<\/div>\n<div class=\"group\/conversation-turn relative flex w-full min-w-0 flex-col agent-turn\">\n<div class=\"flex-col gap-1 md:gap-3\">\n<div class=\"flex max-w-full flex-col flex-grow\">\n<div class=\"min-h-8 text-message flex w-full flex-col items-end gap-2 whitespace-normal break-words text-start [.text-message+&amp;]:mt-5\" dir=\"auto\" data-message-author-role=\"assistant\" data-message-id=\"013a8e1d-d26b-4e8a-9b85-7e2241f5392c\" data-message-model-slug=\"gpt-4o\">\n<div class=\"flex w-full flex-col gap-1 empty:hidden first:pt-[3px]\">\n<div class=\"markdown prose w-full break-words dark:prose-invert light\">\n<h4><strong>Testemunhos de clientes<\/strong><\/h4>\n<blockquote><p><em>\"Estas placas de teto transformaram o nosso escrit\u00f3rio num espa\u00e7o elegante e moderno. A instala\u00e7\u00e3o foi r\u00e1pida e a absor\u00e7\u00e3o do som fez uma diferen\u00e7a not\u00e1vel na produtividade.\"<\/em><br \/>\n- Gerente de escrit\u00f3rio<\/p><\/blockquote>\n<blockquote><p><em>\"Adoramos o design minimalista destes azulejos. S\u00e3o dur\u00e1veis, f\u00e1ceis de manter e d\u00e3o ao nosso espa\u00e7o comercial um aspeto limpo e contempor\u00e2neo.\"<\/em><br \/>\n- Propriet\u00e1rio da loja<\/p><\/blockquote>\n<\/div>\n<\/div>\n<\/div>\n<\/div>\n<\/div>\n<\/div>","protected":false},"excerpt":{"rendered":"<p>Eleve os interiores do seu escrit\u00f3rio com a nossa telha de revestimento de teto em alum\u00ednio da Modern Company, que oferece um design elegante, durabilidade e f\u00e1cil manuten\u00e7\u00e3o para um aspeto contempor\u00e2neo e profissional.<\/p>","protected":false},"featured_media":17257,"comment_status":"open","ping_status":"closed","template":"","meta":{"_uag_custom_page_level_css":"","site-sidebar-layout":"default","site-content-layout":"","ast-site-content-layout":"default","site-content-style":"default","site-sidebar-style":"default","ast-global-header-display":"","ast-banner-title-visibility":"","ast-main-header-display":"","ast-hfb-above-header-display":"","ast-hfb-below-header-display":"","ast-hfb-mobile-header-display":"","site-post-title":"","ast-breadcrumbs-content":"","ast-featured-img":"","footer-sml-layout":"","theme-transparent-header-meta":"default","adv-header-id-meta":"","stick-header-meta":"","header-above-stick-meta":"","header-main-stick-meta":"","header-below-stick-meta":"","astra-migrate-meta-layouts":"set","ast-page-background-enabled":"default","ast-page-background-meta":{"desktop":{"background-color":"var(--ast-global-color-4)","background-image":"","background-repeat":"repeat","background-position":"center center","background-size":"auto","background-attachment":"scroll","background-type":"","background-media":"","overlay-type":"","overlay-color":"","overlay-opacity":"","overlay-gradient":""},"tablet":{"background-color":"","background-image":"","background-repeat":"repeat","background-position":"center center","background-size":"auto","background-attachment":"scroll","background-type":"","background-media":"","overlay-type":"","overlay-color":"","overlay-opacity":"","overlay-gradient":""},"mobile":{"background-color":"","background-image":"","background-repeat":"repeat","background-position":"center center","background-size":"auto","background-attachment":"scroll","background-type":"","background-media":"","overlay-type":"","overlay-color":"","overlay-opacity":"","overlay-gradient":""}},"ast-content-background-meta":{"desktop":{"background-color":"var(--ast-global-color-5)","background-image":"","background-repeat":"repeat","background-position":"center center","background-size":"auto","background-attachment":"scroll","background-type":"","background-media":"","overlay-type":"","overlay-color":"","overlay-opacity":"","overlay-gradient":""},"tablet":{"background-color":"var(--ast-global-color-5)","background-image":"","background-repeat":"repeat","background-position":"center center","background-size":"auto","background-attachment":"scroll","background-type":"","background-media":"","overlay-type":"","overlay-color":"","overlay-opacity":"","overlay-gradient":""},"mobile":{"background-color":"var(--ast-global-color-5)","background-image":"","background-repeat":"repeat","background-position":"center center","background-size":"auto","background-attachment":"scroll","background-type":"","background-media":"","overlay-type":"","overlay-color":"","overlay-opacity":"","overlay-gradient":""}}},"product_brand":[],"product_cat":[227],"product_tag":[191,193,194,195,192],"class_list":{"0":"post-16689","1":"product","2":"type-product","3":"status-publish","4":"has-post-thumbnail","6":"product_cat-aluminum-buckle-plate","7":"product_tag-aluminum-ceiling","8":"product_tag-baffle-ceiling","9":"product_tag-ceiling","10":"product_tag-ceiling-tile","11":"product_tag-metal-ceiling","12":"desktop-align-center","13":"tablet-align-left","14":"mobile-align-left","15":"ast-product-gallery-layout-horizontal-slider","16":"ast-product-tabs-layout-vertical","18":"first","19":"instock","20":"shipping-taxable","21":"product-type-simple"},"uagb_featured_image_src":{"full":["https:\/\/meterny.com\/wp-content\/uploads\/2024\/07\/14-21zhu.png",800,800,false],"thumbnail":["https:\/\/meterny.com\/wp-content\/uploads\/2024\/07\/14-21zhu-150x150.png",150,150,true],"medium":["https:\/\/meterny.com\/wp-content\/uploads\/2024\/07\/14-21zhu-300x300.png",300,300,true],"medium_large":["https:\/\/meterny.com\/wp-content\/uploads\/2024\/07\/14-21zhu-768x768.png",768,768,true],"large":["https:\/\/meterny.com\/wp-content\/uploads\/2024\/07\/14-21zhu.png",800,800,false],"1536x1536":["https:\/\/meterny.com\/wp-content\/uploads\/2024\/07\/14-21zhu.png",800,800,false],"2048x2048":["https:\/\/meterny.com\/wp-content\/uploads\/2024\/07\/14-21zhu.png",800,800,false],"trp-custom-language-flag":["https:\/\/meterny.com\/wp-content\/uploads\/2024\/07\/14-21zhu.png",12,12,false],"woocommerce_thumbnail":["https:\/\/meterny.com\/wp-content\/uploads\/2024\/07\/14-21zhu-300x300.png",300,300,true],"woocommerce_single":["https:\/\/meterny.com\/wp-content\/uploads\/2024\/07\/14-21zhu-600x600.png",600,600,true],"woocommerce_gallery_thumbnail":["https:\/\/meterny.com\/wp-content\/uploads\/2024\/07\/14-21zhu-100x100.png",100,100,true]},"uagb_author_info":{"display_name":"meterny","author_link":"https:\/\/meterny.com\/pt\/author\/"},"uagb_comment_info":0,"uagb_excerpt":"Elevate your office interiors with our Modern Company Aluminum Ceiling Cladding Tile, offering sleek design, durability, and easy maintenance for a contemporary and professional look.","_links":{"self":[{"href":"https:\/\/meterny.com\/pt\/wp-json\/wp\/v2\/product\/16689","targetHints":{"allow":["GET"]}}],"collection":[{"href":"https:\/\/meterny.com\/pt\/wp-json\/wp\/v2\/product"}],"about":[{"href":"https:\/\/meterny.com\/pt\/wp-json\/wp\/v2\/types\/product"}],"replies":[{"embeddable":true,"href":"https:\/\/meterny.com\/pt\/wp-json\/wp\/v2\/comments?post=16689"}],"wp:featuredmedia":[{"embeddable":true,"href":"https:\/\/meterny.com\/pt\/wp-json\/wp\/v2\/media\/17257"}],"wp:attachment":[{"href":"https:\/\/meterny.com\/pt\/wp-json\/wp\/v2\/media?parent=16689"}],"wp:term":[{"taxonomy":"product_brand","embeddable":true,"href":"https:\/\/meterny.com\/pt\/wp-json\/wp\/v2\/product_brand?post=16689"},{"taxonomy":"product_cat","embeddable":true,"href":"https:\/\/meterny.com\/pt\/wp-json\/wp\/v2\/product_cat?post=16689"},{"taxonomy":"product_tag","embeddable":true,"href":"https:\/\/meterny.com\/pt\/wp-json\/wp\/v2\/product_tag?post=16689"}],"curies":[{"name":"wp","href":"https:\/\/api.w.org\/{rel}","templated":true}]}}