{"id":16932,"date":"2024-09-07T13:38:55","date_gmt":"2024-09-07T13:38:55","guid":{"rendered":"https:\/\/meterny.com\/?post_type=product&#038;p=16932"},"modified":"2025-01-18T13:06:24","modified_gmt":"2025-01-18T13:06:24","slug":"motorized-ceiling-pergola","status":"publish","type":"product","link":"https:\/\/meterny.com\/pt\/produto\/motorized-ceiling-pergola\/","title":{"rendered":"P\u00e9rgola Bioclim\u00e1tica de Teto Motorizado P\u00e9rgola de Alum\u00ednio Gazebo de Alum\u00ednio Exterior"},"content":{"rendered":"<h1 style=\"text-align: center;\">P\u00e9rgola Bioclim\u00e1tica de Teto Motorizado P\u00e9rgola de Alum\u00ednio Gazebo de Alum\u00ednio Exterior<\/h1>\n<p><strong>Tipo<\/strong>: P\u00e9rgola de alum\u00ednio com teto motorizado e sistema AquaGuard Meterny<\/p>\n<p><strong>Tamanho<\/strong>: personalizado<\/p>\n<p><strong>Superf\u00edcie<\/strong>: revestimento\/pintura personalizada<\/p>\n<p><strong>Cor<\/strong>: personalizado<\/p>\n<p><strong>Comprimento<\/strong>: Personalizado<\/p>\n<p><strong>Material<\/strong>: Liga de alum\u00ednio de alta qualidade<\/p>\n<p><strong>Tecnologia de produtos<\/strong>: Sistema anti-fugas AquaGuard Meterny<\/p>\n<figure id=\"attachment_17064\" aria-describedby=\"caption-attachment-17064\" style=\"width: 1024px\" class=\"wp-caption alignnone\"><img loading=\"lazy\" decoding=\"async\" class=\"wp-image-17064\" src=\"https:\/\/meterny.com\/wp-content\/uploads\/2024\/09\/54-1zhu.jpg\" alt=\"P\u00e9rgola com teto motorizado\" width=\"1024\" height=\"1024\" srcset=\"https:\/\/meterny.com\/wp-content\/uploads\/2024\/09\/54-1zhu.jpg 800w, https:\/\/meterny.com\/wp-content\/uploads\/2024\/09\/54-1zhu-300x300.jpg 300w, https:\/\/meterny.com\/wp-content\/uploads\/2024\/09\/54-1zhu-150x150.jpg 150w, https:\/\/meterny.com\/wp-content\/uploads\/2024\/09\/54-1zhu-768x768.jpg 768w, https:\/\/meterny.com\/wp-content\/uploads\/2024\/09\/54-1zhu-600x600.jpg 600w, https:\/\/meterny.com\/wp-content\/uploads\/2024\/09\/54-1zhu-100x100.jpg 100w\" sizes=\"auto, (max-width: 1024px) 100vw, 1024px\" \/><figcaption id=\"caption-attachment-17064\" class=\"wp-caption-text\">P\u00e9rgola de alum\u00ednio branco: O seu espa\u00e7o ideal ao sol<\/figcaption><\/figure>\n<h3>Nome do produto<\/h3>\n<p id=\"\">P\u00e9rgola com teto motorizado<\/p>\n<h3>Vis\u00e3o geral do produto<\/h3>\n<p id=\"\">A p\u00e9rgola de teto motorizada \u00e9 uma solu\u00e7\u00e3o inovadora de sombreamento exterior que combina beleza e funcionalidade. Com o seu sistema el\u00e9trico, os utilizadores podem controlar facilmente a extens\u00e3o e a retra\u00e7\u00e3o da p\u00e9rgola, proporcionando um sombreamento flex\u00edvel e efeitos decorativos para os espa\u00e7os exteriores. Adequado para p\u00e1tios, jardins, varandas e outros ambientes exteriores, este produto acrescenta conforto e prazer ao seu estilo de vida ao ar livre.<\/p>\n<h3>Carater\u00edsticas principais<\/h3>\n<ol>\n<li><strong>Controlo el\u00e9trico<\/strong>: Equipado com um sistema el\u00e9trico eficiente, com suporte de controlo remoto ou inteligente para f\u00e1cil opera\u00e7\u00e3o e ajuste personalizado da abertura e fecho do dossel.<\/li>\n<li><strong>Materiais de primeira qualidade<\/strong>: Fabricado com estruturas de liga de alum\u00ednio de alta resist\u00eancia e tecido imperme\u00e1vel de alta qualidade, oferece uma forte resist\u00eancia ao vento e uma elevada durabilidade, assegurando um desempenho de sombreamento est\u00e1vel a longo prazo.<\/li>\n<li><strong>Design elegante<\/strong>: Com um design simples, \u00e9 elegante e de bom gosto, combinando perfeitamente com v\u00e1rios estilos de decora\u00e7\u00e3o exterior para melhorar a est\u00e9tica geral do espa\u00e7o.<\/li>\n<li><strong>Sensores inteligentes<\/strong>\u00a0(Opcional): Equipado com sensores inteligentes que ajustam automaticamente o estado da cobertura com base em factores ambientais, como a intensidade da luz e a velocidade do vento, para uma gest\u00e3o inteligente.<\/li>\n<li><strong>F\u00e1cil instala\u00e7\u00e3o e manuten\u00e7\u00e3o<\/strong>: Design modular para uma instala\u00e7\u00e3o r\u00e1pida e f\u00e1cil; o tecido \u00e9 f\u00e1cil de limpar com baixos custos de manuten\u00e7\u00e3o.<\/li>\n<\/ol>\n<h3>Especifica\u00e7\u00f5es t\u00e9cnicas da P\u00e9rgola de teto motorizada<\/h3>\n<table class=\"OxEWNITQ\">\n<thead>\n<tr>\n<th>Especifica\u00e7\u00e3o<\/th>\n<th>Descri\u00e7\u00e3o pormenorizada<\/th>\n<\/tr>\n<\/thead>\n<tbody>\n<tr>\n<td>Material da estrutura<\/td>\n<td>Liga de alum\u00ednio de alta resist\u00eancia<\/td>\n<\/tr>\n<tr>\n<td>Material do tecido<\/td>\n<td>Tecido imperme\u00e1vel de alta qualidade<\/td>\n<\/tr>\n<tr>\n<td>M\u00e9todo de controlo<\/td>\n<td>Controlo remoto\/inteligente<\/td>\n<\/tr>\n<tr>\n<td>Tamanho alargado<\/td>\n<td>Tamanhos personaliz\u00e1veis com base nos requisitos do cliente<\/td>\n<\/tr>\n<tr>\n<td>Tamanho da embalagem<\/td>\n<td>Embalagem personalizada com base no tamanho real<\/td>\n<\/tr>\n<tr>\n<td>Peso bruto<\/td>\n<td>Determinado pelo tamanho e configura\u00e7\u00e3o reais<\/td>\n<\/tr>\n<tr>\n<td>Necessidade de energia<\/td>\n<td>AC 220V (ajust\u00e1vel com base nas necessidades do cliente)<\/td>\n<\/tr>\n<tr>\n<td>Consumo de energia<\/td>\n<td>Conce\u00e7\u00e3o de baixo consumo para efici\u00eancia energ\u00e9tica<\/td>\n<\/tr>\n<tr>\n<td>Classifica\u00e7\u00e3o de impermeabilidade<\/td>\n<td>IPX4 (\u00e0 prova de salpicos)<\/td>\n<\/tr>\n<tr>\n<td>Vida \u00fatil<\/td>\n<td>Anos de utiliza\u00e7\u00e3o, dependendo do ambiente de utiliza\u00e7\u00e3o e da manuten\u00e7\u00e3o<\/td>\n<\/tr>\n<\/tbody>\n<\/table>\n<h3>Cen\u00e1rios de aplica\u00e7\u00e3o<\/h3>\n<ul>\n<li><strong>P\u00e1tios<\/strong>: Proporciona sombreamento e efeitos decorativos para p\u00e1tios, criando um espa\u00e7o de lazer confort\u00e1vel ao ar livre.<\/li>\n<li><strong>Jardins<\/strong>: Proporciona sombreamento e melhora a est\u00e9tica paisag\u00edstica dos jardins.<\/li>\n<li><strong>Varandas<\/strong>: Adequado para v\u00e1rios ambientes de varanda, proporcionando solu\u00e7\u00f5es de sombreamento flex\u00edveis.<\/li>\n<li><strong>Outros espa\u00e7os exteriores<\/strong>: Por exemplo, p\u00e1tios de caf\u00e9s, restaurantes exteriores de hot\u00e9is, etc., melhorando a qualidade do local e a experi\u00eancia do utilizador.<\/li>\n<\/ul>\n<h3>Instala\u00e7\u00e3o e manuten\u00e7\u00e3o<\/h3>\n<ul>\n<li><strong>Instala\u00e7\u00e3o<\/strong>: Siga o guia de instala\u00e7\u00e3o no manual do produto para garantir que todos os componentes est\u00e3o corretamente ligados e fixados. Para servi\u00e7os de instala\u00e7\u00e3o profissional, contacte a nossa equipa de apoio ao cliente.<\/li>\n<li><strong>Manuten\u00e7\u00e3o<\/strong>: Limpar regularmente o tecido e a arma\u00e7\u00e3o para manter o produto arrumado; verificar o bom funcionamento do sistema el\u00e9trico e contactar imediatamente o servi\u00e7o p\u00f3s-venda se forem detectadas quaisquer anomalias.<\/li>\n<\/ul>\n<h3>Servi\u00e7os de personaliza\u00e7\u00e3o<\/h3>\n<p id=\"\">Oferecemos servi\u00e7os de personaliza\u00e7\u00e3o abrangentes, incluindo tamanho, cor, material do tecido e muito mais. Contacte a nossa equipa de apoio ao cliente com base nas suas necessidades espec\u00edficas e fornecer-lhe-emos um plano de personaliza\u00e7\u00e3o profissional.<\/p>\n<h3>Servi\u00e7o p\u00f3s-venda<\/h3>\n<p id=\"\">Comprometemo-nos a fornecer um excelente servi\u00e7o p\u00f3s-venda, incluindo consulta de produtos, orienta\u00e7\u00e3o de instala\u00e7\u00e3o, manuten\u00e7\u00e3o e apoio \u00e0 repara\u00e7\u00e3o. Para quaisquer quest\u00f5es ou necessidades, n\u00e3o hesite em contactar a nossa equipa de apoio ao cliente, e teremos todo o prazer em ajud\u00e1-lo.<\/p>\n<h3>Se quiser saber mais pormenores, clique neste link do youtube:<a href=\"https:\/\/youtu.be\/QQ1L_SL1a1Q\" target=\"_blank\" rel=\"noopener\">https:\/\/youtu.be\/QQ1L_SL1a1Q<\/a><\/h3>\n<figure id=\"attachment_16950\" aria-describedby=\"caption-attachment-16950\" style=\"width: 1024px\" class=\"wp-caption alignnone\"><img loading=\"lazy\" decoding=\"async\" class=\"wp-image-16950\" src=\"https:\/\/meterny.com\/wp-content\/uploads\/2024\/09\/About-Meterny@3x.png\" alt=\"Compara\u00e7\u00e3o da p\u00e9rgola de alum\u00ednio Meterny com outras p\u00e9rgolas\" width=\"1024\" height=\"1447\" srcset=\"https:\/\/meterny.com\/wp-content\/uploads\/2024\/09\/About-Meterny@3x.png 1787w, https:\/\/meterny.com\/wp-content\/uploads\/2024\/09\/About-Meterny@3x-212x300.png 212w, https:\/\/meterny.com\/wp-content\/uploads\/2024\/09\/About-Meterny@3x-724x1024.png 724w, https:\/\/meterny.com\/wp-content\/uploads\/2024\/09\/About-Meterny@3x-768x1086.png 768w, https:\/\/meterny.com\/wp-content\/uploads\/2024\/09\/About-Meterny@3x-1087x1536.png 1087w, https:\/\/meterny.com\/wp-content\/uploads\/2024\/09\/About-Meterny@3x-1449x2048.png 1449w, https:\/\/meterny.com\/wp-content\/uploads\/2024\/09\/About-Meterny@3x-600x848.png 600w\" sizes=\"auto, (max-width: 1024px) 100vw, 1024px\" \/><figcaption id=\"caption-attachment-16950\" class=\"wp-caption-text\">P\u00e9rgolas Meterny vs. P\u00e9rgolas Tradicionais: Carater\u00edsticas Superiores<\/figcaption><\/figure>\n<p>A p\u00e9rgola de teto motorizada oferece uma combina\u00e7\u00e3o de comodidade, funcionalidade e estilo aos espa\u00e7os exteriores. Oferece a capacidade de controlar facilmente a extens\u00e3o e a retra\u00e7\u00e3o da cobertura, proporcionando op\u00e7\u00f5es de sombreamento flex\u00edveis adaptadas \u00e0s necessidades individuais. Al\u00e9m disso, o seu design elegante e moderno real\u00e7a o apelo est\u00e9tico das \u00e1reas exteriores, como p\u00e1tios, jardins e varandas. No geral, a p\u00e9rgola de teto motorizada acrescenta conforto, funcionalidade e um toque de eleg\u00e2ncia a qualquer espa\u00e7o exterior.<\/p>\n<figure id=\"attachment_20288\" aria-describedby=\"caption-attachment-20288\" style=\"width: 1024px\" class=\"wp-caption alignnone\"><img loading=\"lazy\" decoding=\"async\" class=\"wp-image-20288\" src=\"https:\/\/meterny.com\/wp-content\/uploads\/2024\/10\/WPC-Colour-Card@3x.png\" alt=\"Projeto de preven\u00e7\u00e3o de fugas de \u00e1gua da p\u00e9rgola de alum\u00ednio Meterny\" width=\"1024\" height=\"1024\" srcset=\"https:\/\/meterny.com\/wp-content\/uploads\/2024\/10\/WPC-Colour-Card@3x.png 800w, https:\/\/meterny.com\/wp-content\/uploads\/2024\/10\/WPC-Colour-Card@3x-300x300.png 300w, https:\/\/meterny.com\/wp-content\/uploads\/2024\/10\/WPC-Colour-Card@3x-150x150.png 150w, https:\/\/meterny.com\/wp-content\/uploads\/2024\/10\/WPC-Colour-Card@3x-768x768.png 768w, https:\/\/meterny.com\/wp-content\/uploads\/2024\/10\/WPC-Colour-Card@3x-600x600.png 600w, https:\/\/meterny.com\/wp-content\/uploads\/2024\/10\/WPC-Colour-Card@3x-100x100.png 100w\" sizes=\"auto, (max-width: 1024px) 100vw, 1024px\" \/><figcaption id=\"caption-attachment-20288\" class=\"wp-caption-text\">Projeto inovador de preven\u00e7\u00e3o de fugas de \u00e1gua do Meterny<\/figcaption><\/figure>\n<figure id=\"attachment_16951\" aria-describedby=\"caption-attachment-16951\" style=\"width: 1024px\" class=\"wp-caption alignnone\"><img loading=\"lazy\" decoding=\"async\" class=\"wp-image-16951\" src=\"https:\/\/meterny.com\/wp-content\/uploads\/2024\/09\/\u753b\u677f-16@3x.png\" alt=\"Meterny, p\u00e9rgola de alum\u00ednio com patente exclusiva\" width=\"1024\" height=\"1448\" srcset=\"https:\/\/meterny.com\/wp-content\/uploads\/2024\/09\/\u753b\u677f-16@3x.png 1787w, https:\/\/meterny.com\/wp-content\/uploads\/2024\/09\/\u753b\u677f-16@3x-212x300.png 212w, https:\/\/meterny.com\/wp-content\/uploads\/2024\/09\/\u753b\u677f-16@3x-724x1024.png 724w, https:\/\/meterny.com\/wp-content\/uploads\/2024\/09\/\u753b\u677f-16@3x-768x1086.png 768w, https:\/\/meterny.com\/wp-content\/uploads\/2024\/09\/\u753b\u677f-16@3x-1086x1536.png 1086w, https:\/\/meterny.com\/wp-content\/uploads\/2024\/09\/\u753b\u677f-16@3x-1448x2048.png 1448w, https:\/\/meterny.com\/wp-content\/uploads\/2024\/09\/\u753b\u677f-16@3x-600x848.png 600w\" sizes=\"auto, (max-width: 1024px) 100vw, 1024px\" \/><figcaption id=\"caption-attachment-16951\" class=\"wp-caption-text\">O design patenteado do Meterny: Uma p\u00e9rgola como nenhuma outra<\/figcaption><\/figure>\n<h3><strong>Porqu\u00ea escolher a p\u00e9rgola de teto motorizada?<\/strong><\/h3>\n<ol>\n<li><strong>Controlo sem esfor\u00e7o<\/strong>: O sistema motorizado permite-lhe ajustar facilmente o teto para obter a melhor luz, sombra e ventila\u00e7\u00e3o com o premir de um bot\u00e3o remoto.<\/li>\n<li><strong>Prote\u00e7\u00e3o contra todas as condi\u00e7\u00f5es climat\u00e9ricas<\/strong>: Concebido para resistir a v\u00e1rias condi\u00e7\u00f5es climat\u00e9ricas, proporcionando conforto e funcionalidade durante todo o ano para os seus espa\u00e7os exteriores.<\/li>\n<li><strong>Constru\u00e7\u00e3o duradoura<\/strong>: Constru\u00eddo a partir de materiais de alta qualidade, como o alum\u00ednio, garantindo longevidade, resist\u00eancia \u00e0 ferrugem e manuten\u00e7\u00e3o m\u00ednima.<\/li>\n<li><strong>Est\u00e9tica moderna<\/strong>: Acrescenta um aspeto elegante e contempor\u00e2neo a qualquer \u00e1rea exterior, combinando estilo com funcionalidade pr\u00e1tica.<\/li>\n<li><strong>Design personaliz\u00e1vel<\/strong>: Dispon\u00edvel em v\u00e1rios tamanhos, acabamentos e cores para se adaptar ao seu estilo pessoal ou arquitet\u00f3nico.<\/li>\n<li><strong>Conforto melhorado<\/strong>: Oferece flexibilidade tanto para dias de sol como para dias nublados, tornando o seu espa\u00e7o exterior confort\u00e1vel independentemente do tempo.<\/li>\n<li><strong>Aplica\u00e7\u00f5es vers\u00e1teis<\/strong>: Ideal para p\u00e1tios, jardins, terra\u00e7os, zonas de piscina e muito mais, sendo uma \u00f3ptima escolha para uso residencial ou comercial.<\/li>\n<li><strong>Amigo do ambiente<\/strong>: Utiliza materiais sustent\u00e1veis e recicl\u00e1veis, apoiando um design de exterior ambientalmente consciente.<\/li>\n<li><strong>Aumento do valor da propriedade<\/strong>: Aumenta a atra\u00e7\u00e3o e o valor da sua casa ou empresa, proporcionando um espa\u00e7o exterior atraente e funcional.<\/li>\n<li><strong>Instala\u00e7\u00e3o simples<\/strong>: Concebida para uma instala\u00e7\u00e3o r\u00e1pida e f\u00e1cil, quer se trate de um projeto de bricolage ou de uma instala\u00e7\u00e3o profissional.<\/li>\n<\/ol>","protected":false},"excerpt":{"rendered":"<p>Desfrute do controlo total do seu espa\u00e7o exterior com a p\u00e9rgola de teto motorizada, que oferece sombra, ventila\u00e7\u00e3o e prote\u00e7\u00e3o com o toque de um bot\u00e3o.<\/p>","protected":false},"featured_media":17064,"comment_status":"open","ping_status":"closed","template":"","meta":{"_uag_custom_page_level_css":"","site-sidebar-layout":"default","site-content-layout":"","ast-site-content-layout":"default","site-content-style":"default","site-sidebar-style":"default","ast-global-header-display":"","ast-banner-title-visibility":"","ast-main-header-display":"","ast-hfb-above-header-display":"","ast-hfb-below-header-display":"","ast-hfb-mobile-header-display":"","site-post-title":"","ast-breadcrumbs-content":"","ast-featured-img":"","footer-sml-layout":"","theme-transparent-header-meta":"default","adv-header-id-meta":"","stick-header-meta":"default","header-above-stick-meta":"","header-main-stick-meta":"","header-below-stick-meta":"","astra-migrate-meta-layouts":"set","ast-page-background-enabled":"default","ast-page-background-meta":{"desktop":{"background-color":"var(--ast-global-color-4)","background-image":"","background-repeat":"repeat","background-position":"center center","background-size":"auto","background-attachment":"scroll","background-type":"","background-media":"","overlay-type":"","overlay-color":"","overlay-opacity":"","overlay-gradient":""},"tablet":{"background-color":"","background-image":"","background-repeat":"repeat","background-position":"center center","background-size":"auto","background-attachment":"scroll","background-type":"","background-media":"","overlay-type":"","overlay-color":"","overlay-opacity":"","overlay-gradient":""},"mobile":{"background-color":"","background-image":"","background-repeat":"repeat","background-position":"center center","background-size":"auto","background-attachment":"scroll","background-type":"","background-media":"","overlay-type":"","overlay-color":"","overlay-opacity":"","overlay-gradient":""}},"ast-content-background-meta":{"desktop":{"background-color":"var(--ast-global-color-5)","background-image":"","background-repeat":"repeat","background-position":"center center","background-size":"auto","background-attachment":"scroll","background-type":"","background-media":"","overlay-type":"","overlay-color":"","overlay-opacity":"","overlay-gradient":""},"tablet":{"background-color":"var(--ast-global-color-5)","background-image":"","background-repeat":"repeat","background-position":"center center","background-size":"auto","background-attachment":"scroll","background-type":"","background-media":"","overlay-type":"","overlay-color":"","overlay-opacity":"","overlay-gradient":""},"mobile":{"background-color":"var(--ast-global-color-5)","background-image":"","background-repeat":"repeat","background-position":"center center","background-size":"auto","background-attachment":"scroll","background-type":"","background-media":"","overlay-type":"","overlay-color":"","overlay-opacity":"","overlay-gradient":""}}},"product_brand":[],"product_cat":[18],"product_tag":[212,214,213,215,208],"class_list":{"0":"post-16932","1":"product","2":"type-product","3":"status-publish","4":"has-post-thumbnail","6":"product_cat-uncategorized","7":"product_tag-aluminum-pergola","8":"product_tag-ceiling-pergola","9":"product_tag-motorized-ceiling-pergola","10":"product_tag-motorized-pergola","11":"product_tag-pergola","12":"desktop-align-center","13":"tablet-align-left","14":"mobile-align-left","15":"ast-product-gallery-layout-horizontal-slider","16":"ast-product-single-variable","17":"ast-product-tabs-layout-vertical","19":"first","20":"instock","21":"shipping-taxable","22":"product-type-variable"},"uagb_featured_image_src":{"full":["https:\/\/meterny.com\/wp-content\/uploads\/2024\/09\/54-1zhu.jpg",800,800,false],"thumbnail":["https:\/\/meterny.com\/wp-content\/uploads\/2024\/09\/54-1zhu-150x150.jpg",150,150,true],"medium":["https:\/\/meterny.com\/wp-content\/uploads\/2024\/09\/54-1zhu-300x300.jpg",300,300,true],"medium_large":["https:\/\/meterny.com\/wp-content\/uploads\/2024\/09\/54-1zhu-768x768.jpg",768,768,true],"large":["https:\/\/meterny.com\/wp-content\/uploads\/2024\/09\/54-1zhu.jpg",800,800,false],"1536x1536":["https:\/\/meterny.com\/wp-content\/uploads\/2024\/09\/54-1zhu.jpg",800,800,false],"2048x2048":["https:\/\/meterny.com\/wp-content\/uploads\/2024\/09\/54-1zhu.jpg",800,800,false],"trp-custom-language-flag":["https:\/\/meterny.com\/wp-content\/uploads\/2024\/09\/54-1zhu.jpg",12,12,false],"woocommerce_thumbnail":["https:\/\/meterny.com\/wp-content\/uploads\/2024\/09\/54-1zhu-300x300.jpg",300,300,true],"woocommerce_single":["https:\/\/meterny.com\/wp-content\/uploads\/2024\/09\/54-1zhu-600x600.jpg",600,600,true],"woocommerce_gallery_thumbnail":["https:\/\/meterny.com\/wp-content\/uploads\/2024\/09\/54-1zhu-100x100.jpg",100,100,true]},"uagb_author_info":{"display_name":"meterny","author_link":"https:\/\/meterny.com\/pt\/author\/"},"uagb_comment_info":0,"uagb_excerpt":"Enjoy full control of your outdoor space with the Motorized Ceiling Pergola, offering shade, ventilation, and protection at the touch of a button.","_links":{"self":[{"href":"https:\/\/meterny.com\/pt\/wp-json\/wp\/v2\/product\/16932","targetHints":{"allow":["GET"]}}],"collection":[{"href":"https:\/\/meterny.com\/pt\/wp-json\/wp\/v2\/product"}],"about":[{"href":"https:\/\/meterny.com\/pt\/wp-json\/wp\/v2\/types\/product"}],"replies":[{"embeddable":true,"href":"https:\/\/meterny.com\/pt\/wp-json\/wp\/v2\/comments?post=16932"}],"wp:featuredmedia":[{"embeddable":true,"href":"https:\/\/meterny.com\/pt\/wp-json\/wp\/v2\/media\/17064"}],"wp:attachment":[{"href":"https:\/\/meterny.com\/pt\/wp-json\/wp\/v2\/media?parent=16932"}],"wp:term":[{"taxonomy":"product_brand","embeddable":true,"href":"https:\/\/meterny.com\/pt\/wp-json\/wp\/v2\/product_brand?post=16932"},{"taxonomy":"product_cat","embeddable":true,"href":"https:\/\/meterny.com\/pt\/wp-json\/wp\/v2\/product_cat?post=16932"},{"taxonomy":"product_tag","embeddable":true,"href":"https:\/\/meterny.com\/pt\/wp-json\/wp\/v2\/product_tag?post=16932"}],"curies":[{"name":"wp","href":"https:\/\/api.w.org\/{rel}","templated":true}]}}