{"id":17388,"date":"2024-10-08T13:09:21","date_gmt":"2024-10-08T13:09:21","guid":{"rendered":"https:\/\/meterny.com\/?post_type=product&#038;p=17388"},"modified":"2025-01-15T13:13:03","modified_gmt":"2025-01-15T13:13:03","slug":"interior-wpc-wall-cladding-panel","status":"publish","type":"product","link":"https:\/\/meterny.com\/pt\/produto\/interior-wpc-wall-cladding-panel\/","title":{"rendered":"Painel de revestimento de parede interior em wpc Pain\u00e9is de parede compostos de madeira e pl\u00e1stico Pain\u00e9is de parede compostos de wpc"},"content":{"rendered":"<div class=\"elementor-element elementor-element-c0e1d42 elementor-widget elementor-widget-heading\" data-id=\"c0e1d42\" data-element_type=\"widget\" data-widget_type=\"heading.default\">\n<div class=\"elementor-widget-container\">\n<h2 class=\"elementor-heading-title elementor-size-default\" style=\"text-align: center;\">Especifica\u00e7\u00f5es do painel de revestimento de parede em PVC para interior<\/h2>\n<\/div>\n<\/div>\n<div class=\"elementor-element elementor-element-1f676da elementor-widget elementor-widget-heading\" data-id=\"1f676da\" data-element_type=\"widget\" data-widget_type=\"heading.default\">\n<p>&nbsp;<\/p>\n<\/div>\n<div class=\"elementor-element elementor-element-1f676da elementor-widget elementor-widget-heading\" data-id=\"1f676da\" data-element_type=\"widget\" data-widget_type=\"heading.default\">\n<p id=\"\"><strong>T\u00edtulo<\/strong>: Painel de revestimento de parede interior em WPC - Uma escolha moderna e sustent\u00e1vel para a sua casa<\/p>\n<hr \/>\n<p>METE227H25 Painel de parede canelado WPC: Eleve os seus espa\u00e7os com uma eleg\u00e2ncia moderna<\/p>\n<p><strong>Modelo<\/strong>: METE227H25<br \/>\n<strong>Tipo<\/strong>: Painel de parede canelado WPC<br \/>\n<strong>Tamanho<\/strong>: 227\u00d725mm<\/p>\n<p><strong>Superf\u00edcie<\/strong>: Gr\u00e3os rectos<br \/>\n<strong>Comprimento<\/strong>: 2.9m ou Personalizado<br \/>\n<strong>Material<\/strong>: Comp\u00f3sito de madeira e pl\u00e1stico<br \/>\n<strong>Tecnologia de produtos<\/strong>: Eco-extrus\u00e3o<\/p>\n<p id=\"\"><strong>Imagens do produto<\/strong>:<\/p>\n<figure id=\"attachment_17375\" aria-describedby=\"caption-attachment-17375\" style=\"width: 1024px\" class=\"wp-caption alignnone\"><img loading=\"lazy\" decoding=\"async\" class=\"wp-image-17375\" src=\"https:\/\/meterny.com\/wp-content\/uploads\/2024\/04\/70-10.png\" alt=\"Painel de revestimento de parede em wpc para interior\" width=\"1024\" height=\"1024\" srcset=\"https:\/\/meterny.com\/wp-content\/uploads\/2024\/04\/70-10.png 900w, https:\/\/meterny.com\/wp-content\/uploads\/2024\/04\/70-10-300x300.png 300w, https:\/\/meterny.com\/wp-content\/uploads\/2024\/04\/70-10-150x150.png 150w, https:\/\/meterny.com\/wp-content\/uploads\/2024\/04\/70-10-768x768.png 768w, https:\/\/meterny.com\/wp-content\/uploads\/2024\/04\/70-10-600x600.png 600w, https:\/\/meterny.com\/wp-content\/uploads\/2024\/04\/70-10-100x100.png 100w\" sizes=\"auto, (max-width: 1024px) 100vw, 1024px\" \/><figcaption id=\"caption-attachment-17375\" class=\"wp-caption-text\">Crie uma impressionante parede de destaque para televis\u00e3o com pain\u00e9is WPC.<\/figcaption><\/figure>\n<hr \/>\n<p id=\"\"><strong>Vis\u00e3o geral<\/strong>:<\/p>\n<p id=\"\">Apresentamos o Painel de Revestimento de Paredes WPC Interior, um produto revolucion\u00e1rio que combina a beleza da madeira natural com a durabilidade e o respeito pelo ambiente do pl\u00e1stico reciclado. Esta solu\u00e7\u00e3o inovadora de revestimento de paredes \u00e9 perfeita para casas modernas que procuram um acabamento interior elegante, sustent\u00e1vel e de baixa manuten\u00e7\u00e3o.<\/p>\n<hr \/>\n<p id=\"\"><strong>Carater\u00edsticas principais<\/strong>:<\/p>\n<ol>\n<li><strong>Material amigo do ambiente<\/strong>:\n<ul>\n<li>Fabricado a partir de uma mistura de fibras de madeira e pl\u00e1stico reciclado, o nosso painel de revestimento de paredes interiores WPC \u00e9 uma escolha ambientalmente consciente que reduz os res\u00edduos e conserva os recursos naturais.<\/li>\n<\/ul>\n<\/li>\n<li><strong>Durabilidade e longevidade<\/strong>:\n<ul>\n<li>Concebido para suportar os rigores da vida quotidiana, o nosso revestimento de paredes \u00e9 resistente \u00e0 podrid\u00e3o, ao bolor e ao mofo. Mant\u00e9m o seu aspeto e funcionalidade durante anos, assegurando um investimento duradouro.<\/li>\n<\/ul>\n<\/li>\n<li><strong>Resist\u00eancia \u00e0 \u00e1gua e \u00e0 humidade<\/strong>:\n<ul>\n<li>Perfeito para ambientes h\u00famidos, o nosso revestimento de paredes WPC \u00e9 imperme\u00e1vel e ajuda a evitar o crescimento de bact\u00e9rias e fungos nocivos.<\/li>\n<\/ul>\n<\/li>\n<li><strong>Instala\u00e7\u00e3o f\u00e1cil<\/strong>:\n<ul>\n<li>Poupe tempo e dinheiro com o nosso revestimento de parede f\u00e1cil de instalar. O seu design leve e as instru\u00e7\u00f5es de instala\u00e7\u00e3o simples fazem dele um excelente projeto de bricolage para quem procura melhorar o interior da sua casa.<\/li>\n<\/ul>\n<\/li>\n<li><strong>Op\u00e7\u00f5es de design vers\u00e1teis<\/strong>:\n<ul>\n<li>Com uma vasta gama de cores, texturas e estilos, o nosso painel de revestimento de paredes interiores WPC pode combinar na perfei\u00e7\u00e3o com qualquer tema de design de interiores. Escolha entre um visual moderno, r\u00fastico ou tradicional para criar o seu espa\u00e7o perfeito.<\/li>\n<\/ul>\n<\/li>\n<li><strong>Manuten\u00e7\u00e3o reduzida<\/strong>:\n<ul>\n<li>Manter o seu revestimento de parede limpo \u00e9 muito f\u00e1cil. Basta limp\u00e1-lo com um pano h\u00famido para manter o seu aspeto imaculado.<\/li>\n<\/ul>\n<\/li>\n<li><strong>Rent\u00e1vel<\/strong>:\n<ul>\n<li>Embora o investimento inicial possa ser compar\u00e1vel a alguns materiais tradicionais, a durabilidade a longo prazo do nosso revestimento de paredes WPC e os baixos requisitos de manuten\u00e7\u00e3o fazem dele uma escolha mais econ\u00f3mica ao longo do tempo.<\/li>\n<\/ul>\n<\/li>\n<li><strong>Isolamento melhorado<\/strong>:\n<ul>\n<li>O nosso revestimento de paredes oferece propriedades de isolamento superiores, ajudando a regular as temperaturas interiores e a reduzir os custos energ\u00e9ticos.<\/li>\n<\/ul>\n<\/li>\n<li><strong>Seguran\u00e7a refor\u00e7ada<\/strong>:\n<ul>\n<li>Fabricado a partir de materiais n\u00e3o t\u00f3xicos e concebido para ser resistente ao fogo, o nosso painel de revestimento de paredes interiores WPC proporciona um ambiente de vida mais seguro para si e para a sua fam\u00edlia.<\/li>\n<\/ul>\n<\/li>\n<\/ol>\n<hr \/>\n<p id=\"\"><strong>Especifica\u00e7\u00f5es t\u00e9cnicas<\/strong>:<\/p>\n<ul>\n<li><strong>Material<\/strong>: Comp\u00f3sito de madeira e pl\u00e1stico (WPC)<\/li>\n<li><strong>Dimens\u00f5es<\/strong>: 135*119*23mm\/217*201*28mm\/227*210*25mm<\/li>\n<li><strong>Peso<\/strong>: 3kg\/metro<\/li>\n<li><strong>Op\u00e7\u00f5es de cores<\/strong>: preto\/castanho\/branco\/cor dupla<\/li>\n<li><strong>Op\u00e7\u00f5es de textura<\/strong>: Gr\u00e3o de madeira em relevo 3d<\/li>\n<li><strong>Tipo de instala\u00e7\u00e3o<\/strong>:  L\u00edngua e ranhura, sistema de clipes, etc.<\/li>\n<li><strong>Resist\u00eancia \u00e0 \u00e1gua<\/strong>: \u00c0 prova de \u00e1gua\/inc\u00eandio<\/li>\n<li><strong>Resist\u00eancia ao fogo<\/strong>: Classe B<\/li>\n<li><strong>Manuten\u00e7\u00e3o<\/strong>: Manuten\u00e7\u00e3o reduzida, limpar com um pano h\u00famido<\/li>\n<\/ul>\n<hr \/>\n<p id=\"\"><strong>Aplica\u00e7\u00f5es<\/strong>:<\/p>\n<p id=\"\">O nosso painel de revestimento de parede interior WPC \u00e9 ideal para uma vasta gama de aplica\u00e7\u00f5es, incluindo:<\/p>\n<ul>\n<li style=\"list-style-type: none;\">\n<ul>\n<li>Salas de estar<\/li>\n<li>Quartos de dormir<\/li>\n<li>Cozinhas<\/li>\n<li>Casas de banho<\/li>\n<li>Escrit\u00f3rios<\/li>\n<li>Gin\u00e1sios em casa<\/li>\n<li>Caves<\/li>\n<li>Qualquer outro espa\u00e7o interior que necessite de um acabamento de parede elegante, duradouro e sustent\u00e1vel<\/li>\n<\/ul>\n<\/li>\n<\/ul>\n<p>Painel de revestimento de parede WPC para interior Painel de revestimento de parede WPC para interior<\/p>\n<h3>Se quiser saber mais pormenores, clique nesta liga\u00e7\u00e3o para o youtube:<a href=\"https:\/\/youtu.be\/pB4DLvKHjEI\" target=\"_blank\" rel=\"noopener\">https:\/\/youtu.be\/pB4DLvKHjEI<\/a><\/h3>\n<h3>Galeria<\/h3>\n<figure id=\"attachment_17374\" aria-describedby=\"caption-attachment-17374\" style=\"width: 1024px\" class=\"wp-caption alignnone\"><img loading=\"lazy\" decoding=\"async\" class=\"wp-image-17374\" src=\"https:\/\/meterny.com\/wp-content\/uploads\/2024\/04\/70-4.png\" alt=\"Painel mural WPC para corredores\" width=\"1024\" height=\"1024\" srcset=\"https:\/\/meterny.com\/wp-content\/uploads\/2024\/04\/70-4.png 1024w, https:\/\/meterny.com\/wp-content\/uploads\/2024\/04\/70-4-300x300.png 300w, https:\/\/meterny.com\/wp-content\/uploads\/2024\/04\/70-4-150x150.png 150w, https:\/\/meterny.com\/wp-content\/uploads\/2024\/04\/70-4-768x768.png 768w, https:\/\/meterny.com\/wp-content\/uploads\/2024\/04\/70-4-600x600.png 600w, https:\/\/meterny.com\/wp-content\/uploads\/2024\/04\/70-4-100x100.png 100w\" sizes=\"auto, (max-width: 1024px) 100vw, 1024px\" \/><figcaption id=\"caption-attachment-17374\" class=\"wp-caption-text\">Fa\u00e7a com que os seus corredores se destaquem com os pain\u00e9is de parede WPC<\/figcaption><\/figure>\n<figure id=\"attachment_17369\" aria-describedby=\"caption-attachment-17369\" style=\"width: 1024px\" class=\"wp-caption alignnone\"><img loading=\"lazy\" decoding=\"async\" class=\"wp-image-17369\" src=\"https:\/\/meterny.com\/wp-content\/uploads\/2024\/04\/3-2.jpg\" alt=\"Pain\u00e9is de parede WPC para entradas\" width=\"1024\" height=\"1024\" srcset=\"https:\/\/meterny.com\/wp-content\/uploads\/2024\/04\/3-2.jpg 750w, https:\/\/meterny.com\/wp-content\/uploads\/2024\/04\/3-2-300x300.jpg 300w, https:\/\/meterny.com\/wp-content\/uploads\/2024\/04\/3-2-150x150.jpg 150w, https:\/\/meterny.com\/wp-content\/uploads\/2024\/04\/3-2-600x600.jpg 600w, https:\/\/meterny.com\/wp-content\/uploads\/2024\/04\/3-2-100x100.jpg 100w\" sizes=\"auto, (max-width: 1024px) 100vw, 1024px\" \/><figcaption id=\"caption-attachment-17369\" class=\"wp-caption-text\">Criar uma entrada convidativa com pain\u00e9is de parede WPC<\/figcaption><\/figure>\n<h3><strong>Cor e superf\u00edcie<\/strong><\/h3>\n<p>O nosso painel METE227H25 apresenta uma superf\u00edcie elegante de gr\u00e3o reto, acrescentando uma textura sofisticada a qualquer \u00e1rea.<\/p>\n<p>Com cores, dimens\u00f5es e formas personaliz\u00e1veis, estes pain\u00e9is oferecem uma flexibilidade excecional, permitindo-lhe dar largas \u00e0 sua criatividade em projectos de design de interiores e exteriores.<\/p>\n<p>A tecnologia de eco-extrus\u00e3o garante que cada painel n\u00e3o s\u00f3 tem um \u00f3timo aspeto, como tamb\u00e9m contribui para um ambiente de vida sustent\u00e1vel.<\/p>\n<p>Gra\u00e7as a um material composto especial de madeira-pl\u00e1stico, este painel de parede \u00e9 resistente \u00e0 podrid\u00e3o e ao apodrecimento, resistindo \u00e0 infesta\u00e7\u00e3o por insectos e micr\u00f3bios.<\/p>\n<p>Cart\u00e3o de cor do painel WPC da s\u00e9rie Meterny METE<\/p>\n<figure id=\"attachment_20293\" aria-describedby=\"caption-attachment-20293\" style=\"width: 1024px\" class=\"wp-caption alignnone\"><img loading=\"lazy\" decoding=\"async\" class=\"wp-image-20293\" src=\"https:\/\/meterny.com\/wp-content\/uploads\/2024\/10\/METE-Series-Colour-151.png\" alt=\"Op\u00e7\u00f5es de cores da veda\u00e7\u00e3o Meterny WPC\" width=\"1024\" height=\"1024\" srcset=\"https:\/\/meterny.com\/wp-content\/uploads\/2024\/10\/METE-Series-Colour-151.png 900w, https:\/\/meterny.com\/wp-content\/uploads\/2024\/10\/METE-Series-Colour-151-300x300.png 300w, https:\/\/meterny.com\/wp-content\/uploads\/2024\/10\/METE-Series-Colour-151-150x150.png 150w, https:\/\/meterny.com\/wp-content\/uploads\/2024\/10\/METE-Series-Colour-151-768x768.png 768w, https:\/\/meterny.com\/wp-content\/uploads\/2024\/10\/METE-Series-Colour-151-600x600.png 600w, https:\/\/meterny.com\/wp-content\/uploads\/2024\/10\/METE-Series-Colour-151-100x100.png 100w\" sizes=\"auto, (max-width: 1024px) 100vw, 1024px\" \/><figcaption id=\"caption-attachment-20293\" class=\"wp-caption-text\">Explorar Veda\u00e7\u00e3o WPC Meterny - Nove op\u00e7\u00f5es de cores deslumbrantes para todos os estilos<\/figcaption><\/figure>\n<p id=\"\"><strong>Perguntas frequentes<\/strong>:<\/p>\n<p id=\"\">P: O painel de revestimento de parede interior WPC \u00e9 f\u00e1cil de instalar?<br \/>\nR: Sim, o nosso revestimento de paredes foi concebido para uma instala\u00e7\u00e3o f\u00e1cil e pode ser um excelente projeto de bricolage.<\/p>\n<p id=\"\">P: Qual \u00e9 a durabilidade do revestimento de paredes em WPC?<br \/>\nR: O nosso revestimento de paredes \u00e9 altamente dur\u00e1vel e resistente ao apodrecimento, bolor e mofo, garantindo que mant\u00e9m o seu aspeto e funcionalidade durante anos.<\/p>\n<p id=\"\">P: O revestimento de paredes \u00e9 \u00e0 prova de \u00e1gua?<br \/>\nR: Sim, o nosso painel de revestimento de parede interior WPC \u00e9 \u00e0 prova de \u00e1gua e perfeito para ambientes h\u00famidos.<\/p>\n<p id=\"\">P: Existe algum requisito de manuten\u00e7\u00e3o?<br \/>\nR: Manter o seu revestimento de parede limpo \u00e9 simples. Basta limp\u00e1-lo com um pano h\u00famido.<\/p>\n<h3>Por que escolher o painel de revestimento de parede WPC para interior?<\/h3>\n<p id=\"\">A escolha de pain\u00e9is de revestimento de paredes interiores em WPC (Wood Plastic Composite) oferece v\u00e1rias raz\u00f5es convincentes:<\/p>\n<ol>\n<li>\n<p id=\"\"><strong>Durabilidade<\/strong>: Os pain\u00e9is de parede WPC combinam a beleza natural da madeira com a durabilidade do pl\u00e1stico, proporcionando uma elevada resist\u00eancia \u00e0 decomposi\u00e7\u00e3o, \u00e0 podrid\u00e3o e \u00e0 infesta\u00e7\u00e3o de insectos. Suportam condi\u00e7\u00f5es climat\u00e9ricas adversas sem se deteriorarem, o que os torna adequados para aplica\u00e7\u00f5es internas e externas. Al\u00e9m disso, os pain\u00e9is de parede WPC s\u00e3o resistentes \u00e0 humidade, o que os torna ideais para \u00e1reas com elevada humidade, como casas de banho e cozinhas.<\/p>\n<\/li>\n<li>\n<p id=\"\"><strong>Vasta gama de op\u00e7\u00f5es de design<\/strong>: Os pain\u00e9is de parede WPC est\u00e3o dispon\u00edveis numa variedade de cores, texturas e acabamentos, permitindo que os propriet\u00e1rios e designers seleccionem o estilo perfeito com base na est\u00e9tica pessoal ou do projeto. Quer se pretenda um aspeto moderno e elegante ou um aspeto mais tradicional e r\u00fastico, os pain\u00e9is de parede WPC podem ser personalizados para satisfazer necessidades espec\u00edficas.<\/p>\n<\/li>\n<li>\n<p id=\"\"><strong>Amigo do ambiente e sustent\u00e1vel<\/strong>: Os pain\u00e9is de parede WPC s\u00e3o uma alternativa ecol\u00f3gica aos pain\u00e9is de madeira tradicionais, utilizando materiais reciclados e reduzindo o consumo de recursos naturais. Em compara\u00e7\u00e3o com os pain\u00e9is de madeira, os pain\u00e9is de parede WPC requerem menos manuten\u00e7\u00e3o, uma vez que n\u00e3o precisam de ser pintados ou manchados regularmente, o que poupa tempo e esfor\u00e7o, reduzindo tamb\u00e9m a utiliza\u00e7\u00e3o de produtos qu\u00edmicos nocivos.<\/p>\n<\/li>\n<li>\n<p id=\"\"><strong>Instala\u00e7\u00e3o f\u00e1cil<\/strong>: Os pain\u00e9is de parede WPC s\u00e3o leves e f\u00e1ceis de manusear e instalar. Podem ser facilmente cortados e moldados de acordo com as dimens\u00f5es desejadas, permitindo-lhes integrarem-se perfeitamente em qualquer espa\u00e7o. Al\u00e9m disso, os pain\u00e9is WPC podem ser instalados diretamente nas paredes existentes, eliminando a necessidade de grandes trabalhos de prepara\u00e7\u00e3o.<\/p>\n<\/li>\n<li>\n<p id=\"\"><strong>Manuten\u00e7\u00e3o reduzida<\/strong>: Os pain\u00e9is de parede WPC s\u00e3o resistentes ao \u00f3leo, \u00e0s manchas e f\u00e1ceis de limpar. Com uma dura\u00e7\u00e3o de vida superior a 60 anos, requerem uma manuten\u00e7\u00e3o m\u00ednima. Para a limpeza, basta utilizar um pano h\u00famido; no entanto, evite utilizar cloro ou abrasivos.<\/p>\n<\/li>\n<\/ol>\n<p id=\"\">Em suma, os pain\u00e9is de revestimento de paredes interiores em WPC s\u00e3o a escolha ideal para real\u00e7ar a beleza e a funcionalidade de um espa\u00e7o de habita\u00e7\u00e3o ou de trabalho, devido \u00e0 sua durabilidade, vasta gama de op\u00e7\u00f5es de design, respeito pelo ambiente, facilidade de instala\u00e7\u00e3o e baixos requisitos de manuten\u00e7\u00e3o.<\/p>\n<\/div>","protected":false},"excerpt":{"rendered":"<p>Descubra a combina\u00e7\u00e3o perfeita de estilo e funcionalidade com os pain\u00e9is compostos de madeira-pl\u00e1stico de qualidade superior da Meterny. Quer esteja a renovar a sua casa, o seu escrit\u00f3rio ou a sua propriedade comercial, os nossos pain\u00e9is oferecem uma durabilidade e uma est\u00e9tica inigual\u00e1veis.<\/p>\n<p>Fabricados a partir de materiais de alta qualidade, os nossos pain\u00e9is compostos de madeira-pl\u00e1stico s\u00e3o concebidos para resistir aos rigores da utiliza\u00e7\u00e3o quotidiana, mantendo o seu aspeto imaculado durante muitos anos. Al\u00e9m disso, com uma variedade de cores, texturas e acabamentos \u00e0 escolha, pode facilmente personalizar o seu espa\u00e7o para refletir o seu estilo e vis\u00e3o \u00fanicos.<\/p>\n<p>Mas n\u00e3o se trata apenas de apar\u00eancia - os nossos pain\u00e9is tamb\u00e9m s\u00e3o amigos do ambiente e sustent\u00e1veis, feitos de materiais reciclados e concebidos para minimizar o impacto ambiental. Assim, pode desfrutar de paredes bonitas enquanto reduz a sua pegada de carbono.<\/p>\n<p>Melhore a sua decora\u00e7\u00e3o com os pain\u00e9is compostos de madeira-pl\u00e1stico Meterny. Explore a nossa cole\u00e7\u00e3o hoje e d\u00ea o primeiro passo para transformar o seu espa\u00e7o numa obra-prima moderna.<\/p>","protected":false},"featured_media":17375,"comment_status":"open","ping_status":"closed","template":"","meta":{"_uag_custom_page_level_css":"","site-sidebar-layout":"default","site-content-layout":"","ast-site-content-layout":"default","site-content-style":"default","site-sidebar-style":"default","ast-global-header-display":"","ast-banner-title-visibility":"","ast-main-header-display":"","ast-hfb-above-header-display":"","ast-hfb-below-header-display":"","ast-hfb-mobile-header-display":"","site-post-title":"","ast-breadcrumbs-content":"","ast-featured-img":"","footer-sml-layout":"","theme-transparent-header-meta":"default","adv-header-id-meta":"","stick-header-meta":"default","header-above-stick-meta":"","header-main-stick-meta":"","header-below-stick-meta":"","astra-migrate-meta-layouts":"set","ast-page-background-enabled":"default","ast-page-background-meta":{"desktop":{"background-color":"var(--ast-global-color-4)","background-image":"","background-repeat":"repeat","background-position":"center center","background-size":"auto","background-attachment":"scroll","background-type":"","background-media":"","overlay-type":"","overlay-color":"","overlay-opacity":"","overlay-gradient":""},"tablet":{"background-color":"","background-image":"","background-repeat":"repeat","background-position":"center center","background-size":"auto","background-attachment":"scroll","background-type":"","background-media":"","overlay-type":"","overlay-color":"","overlay-opacity":"","overlay-gradient":""},"mobile":{"background-color":"","background-image":"","background-repeat":"repeat","background-position":"center center","background-size":"auto","background-attachment":"scroll","background-type":"","background-media":"","overlay-type":"","overlay-color":"","overlay-opacity":"","overlay-gradient":""}},"ast-content-background-meta":{"desktop":{"background-color":"var(--ast-global-color-5)","background-image":"","background-repeat":"repeat","background-position":"center center","background-size":"auto","background-attachment":"scroll","background-type":"","background-media":"","overlay-type":"","overlay-color":"","overlay-opacity":"","overlay-gradient":""},"tablet":{"background-color":"var(--ast-global-color-5)","background-image":"","background-repeat":"repeat","background-position":"center center","background-size":"auto","background-attachment":"scroll","background-type":"","background-media":"","overlay-type":"","overlay-color":"","overlay-opacity":"","overlay-gradient":""},"mobile":{"background-color":"var(--ast-global-color-5)","background-image":"","background-repeat":"repeat","background-position":"center center","background-size":"auto","background-attachment":"scroll","background-type":"","background-media":"","overlay-type":"","overlay-color":"","overlay-opacity":"","overlay-gradient":""}}},"product_brand":[],"product_cat":[174],"product_tag":[183,180],"class_list":{"0":"post-17388","1":"product","2":"type-product","3":"status-publish","4":"has-post-thumbnail","6":"product_cat-interior-wpc-wall","7":"product_tag-wpc-wall-interior","8":"product_tag-wpc-wall-panel","9":"desktop-align-center","10":"tablet-align-left","11":"mobile-align-left","12":"ast-product-gallery-layout-horizontal-slider","13":"ast-product-tabs-layout-vertical","15":"first","16":"instock","17":"shipping-taxable","18":"product-type-simple"},"uagb_featured_image_src":{"full":["https:\/\/meterny.com\/wp-content\/uploads\/2024\/04\/70-10.png",900,900,false],"thumbnail":["https:\/\/meterny.com\/wp-content\/uploads\/2024\/04\/70-10-150x150.png",150,150,true],"medium":["https:\/\/meterny.com\/wp-content\/uploads\/2024\/04\/70-10-300x300.png",300,300,true],"medium_large":["https:\/\/meterny.com\/wp-content\/uploads\/2024\/04\/70-10-768x768.png",768,768,true],"large":["https:\/\/meterny.com\/wp-content\/uploads\/2024\/04\/70-10.png",900,900,false],"1536x1536":["https:\/\/meterny.com\/wp-content\/uploads\/2024\/04\/70-10.png",900,900,false],"2048x2048":["https:\/\/meterny.com\/wp-content\/uploads\/2024\/04\/70-10.png",900,900,false],"trp-custom-language-flag":["https:\/\/meterny.com\/wp-content\/uploads\/2024\/04\/70-10.png",12,12,false],"woocommerce_thumbnail":["https:\/\/meterny.com\/wp-content\/uploads\/2024\/04\/70-10-300x300.png",300,300,true],"woocommerce_single":["https:\/\/meterny.com\/wp-content\/uploads\/2024\/04\/70-10-600x600.png",600,600,true],"woocommerce_gallery_thumbnail":["https:\/\/meterny.com\/wp-content\/uploads\/2024\/04\/70-10-100x100.png",100,100,true]},"uagb_author_info":{"display_name":"meterny","author_link":"https:\/\/meterny.com\/pt\/author\/"},"uagb_comment_info":0,"uagb_excerpt":"Discover the perfect blend of style and functionality with Meterny's premium wood-plastic composite panels. Whether you're revamping your home, office, or commercial property, our panels offer unparalleled durability and aesthetics. Crafted from high-quality materials, our wood-plastic composite panels are designed to withstand the rigors of everyday use while maintaining their pristine appearance for years to&hellip;","_links":{"self":[{"href":"https:\/\/meterny.com\/pt\/wp-json\/wp\/v2\/product\/17388","targetHints":{"allow":["GET"]}}],"collection":[{"href":"https:\/\/meterny.com\/pt\/wp-json\/wp\/v2\/product"}],"about":[{"href":"https:\/\/meterny.com\/pt\/wp-json\/wp\/v2\/types\/product"}],"replies":[{"embeddable":true,"href":"https:\/\/meterny.com\/pt\/wp-json\/wp\/v2\/comments?post=17388"}],"wp:featuredmedia":[{"embeddable":true,"href":"https:\/\/meterny.com\/pt\/wp-json\/wp\/v2\/media\/17375"}],"wp:attachment":[{"href":"https:\/\/meterny.com\/pt\/wp-json\/wp\/v2\/media?parent=17388"}],"wp:term":[{"taxonomy":"product_brand","embeddable":true,"href":"https:\/\/meterny.com\/pt\/wp-json\/wp\/v2\/product_brand?post=17388"},{"taxonomy":"product_cat","embeddable":true,"href":"https:\/\/meterny.com\/pt\/wp-json\/wp\/v2\/product_cat?post=17388"},{"taxonomy":"product_tag","embeddable":true,"href":"https:\/\/meterny.com\/pt\/wp-json\/wp\/v2\/product_tag?post=17388"}],"curies":[{"name":"wp","href":"https:\/\/api.w.org\/{rel}","templated":true}]}}