{"id":17389,"date":"2024-10-08T13:14:21","date_gmt":"2024-10-08T13:14:21","guid":{"rendered":"https:\/\/meterny.com\/?post_type=product&#038;p=17389"},"modified":"2025-01-15T08:02:30","modified_gmt":"2025-01-15T08:02:30","slug":"interior-bedroom-decoration-wpc-wall-panel","status":"publish","type":"product","link":"https:\/\/meterny.com\/pt\/produto\/interior-bedroom-decoration-wpc-wall-panel\/","title":{"rendered":"Painel de Parede de Madeira Composto de Madeira Interior Decora\u00e7\u00e3o de interiores Painel de Parede de Madeira Composto de Madeira Wpc"},"content":{"rendered":"<div class=\"elementor-element elementor-element-c0e1d42 elementor-widget elementor-widget-heading\" data-id=\"c0e1d42\" data-element_type=\"widget\" data-widget_type=\"heading.default\">\n<div class=\"elementor-widget-container\">\n<h2 class=\"elementor-heading-title elementor-size-default\" style=\"text-align: center;\">Comp\u00f3sito de madeira e pl\u00e1stico <strong>Decora\u00e7\u00e3o interior de quarto de dormir Painel de parede WPC<\/strong><\/h2>\n<h2 class=\"elementor-heading-title elementor-size-default\" style=\"text-align: center;\">Especifica\u00e7\u00e3o<\/h2>\n<\/div>\n<\/div>\n<div class=\"elementor-element elementor-element-1f676da elementor-widget elementor-widget-heading\" data-id=\"1f676da\" data-element_type=\"widget\" data-widget_type=\"heading.default\">\n<h3><strong>Vis\u00e3o geral do produto<\/strong>:<\/h3>\n<p id=\"\">O painel de parede WPC, ou painel de parede composto de madeira e pl\u00e1stico, \u00e9 um material de painel de parede ecol\u00f3gico, imperme\u00e1vel e dur\u00e1vel feito de uma mistura de fibras de madeira e pl\u00e1stico. Combina a beleza natural da madeira tradicional com as vantagens da tecnologia moderna, tornando-o uma escolha ideal para a renova\u00e7\u00e3o de casas e decora\u00e7\u00e3o de espa\u00e7os comerciais.<\/p>\n<p><strong>Modelo<\/strong>: METE227H25<br \/>\n<strong>Tipo<\/strong>: Painel de parede canelado WPC<br \/>\n<strong>Tamanho<\/strong>: 227\u00d725mm<\/p>\n<p><strong>Superf\u00edcie<\/strong>: Gr\u00e3os rectos<br \/>\n<strong>Comprimento<\/strong>: 2.9m ou Personalizado<br \/>\n<strong>Material<\/strong>: Comp\u00f3sito de madeira e pl\u00e1stico<br \/>\n<strong>Tecnologia de produtos<\/strong>: Eco-extrus\u00e3o<\/p>\n<\/div>\n<div class=\"elementor-element elementor-element-1f676da elementor-widget elementor-widget-heading\" data-id=\"1f676da\" data-element_type=\"widget\" data-widget_type=\"heading.default\">\n<figure id=\"attachment_17367\" aria-describedby=\"caption-attachment-17367\" style=\"width: 1024px\" class=\"wp-caption alignnone\"><img loading=\"lazy\" decoding=\"async\" class=\"wp-image-17367\" src=\"https:\/\/meterny.com\/wp-content\/uploads\/2024\/04\/118.png\" alt=\"painel de parede em wpc\" width=\"1024\" height=\"1024\" srcset=\"https:\/\/meterny.com\/wp-content\/uploads\/2024\/04\/118.png 800w, https:\/\/meterny.com\/wp-content\/uploads\/2024\/04\/118-300x300.png 300w, https:\/\/meterny.com\/wp-content\/uploads\/2024\/04\/118-150x150.png 150w, https:\/\/meterny.com\/wp-content\/uploads\/2024\/04\/118-768x768.png 768w, https:\/\/meterny.com\/wp-content\/uploads\/2024\/04\/118-600x600.png 600w, https:\/\/meterny.com\/wp-content\/uploads\/2024\/04\/118-100x100.png 100w\" sizes=\"auto, (max-width: 1024px) 100vw, 1024px\" \/><figcaption id=\"caption-attachment-17367\" class=\"wp-caption-text\">Transforme o seu quarto com os elegantes pain\u00e9is de parede WPC<\/figcaption><\/figure>\n<h3><strong>Carater\u00edsticas do produto<\/strong>:<\/h3>\n<ol>\n<li><strong>Material amigo do ambiente<\/strong>:\n<ul>\n<li>Fabricado a partir de fibras de madeira e pl\u00e1stico renov\u00e1veis, \u00e9 amigo do ambiente e reduz a depend\u00eancia dos recursos naturais.<\/li>\n<\/ul>\n<\/li>\n<li><strong>\u00c0 prova de \u00e1gua e resistente \u00e0 humidade<\/strong>:\n<ul>\n<li>N\u00e3o se deforma nem apodrece mesmo ap\u00f3s uma exposi\u00e7\u00e3o prolongada \u00e0 \u00e1gua, o que o torna perfeito para cozinhas, casas de banho e outros ambientes h\u00famidos.<\/li>\n<\/ul>\n<\/li>\n<li><strong>Alta durabilidade<\/strong>:\n<ul>\n<li>Com uma excelente resist\u00eancia \u00e0s intemp\u00e9ries e \u00e0 corros\u00e3o, pode suportar os raios UV, o vento, a chuva e outros factores naturais, prolongando a sua vida \u00fatil.<\/li>\n<\/ul>\n<\/li>\n<li><strong>Leve e f\u00e1cil de instalar<\/strong>:\n<ul>\n<li>Leve, \u00e9 simples e r\u00e1pido de instalar, n\u00e3o requerendo compet\u00eancias especiais. A instala\u00e7\u00e3o \"fa\u00e7a voc\u00ea mesmo\" poupa custos e tempo.<\/li>\n<\/ul>\n<\/li>\n<li><strong>Cores ricas<\/strong>:\n<ul>\n<li>Est\u00e1 dispon\u00edvel uma variedade de cores e texturas para satisfazer diferentes estilos de decora\u00e7\u00e3o e necessidades personalizadas.<\/li>\n<\/ul>\n<\/li>\n<li><strong>Manuten\u00e7\u00e3o f\u00e1cil<\/strong>:\n<ul>\n<li>A limpeza \u00e9 conveniente e pode ser feita com um pano h\u00famido, sem necessidade de produtos de limpeza especiais ou de enceramento.<\/li>\n<\/ul>\n<\/li>\n<\/ol>\n<h3><strong>Especifica\u00e7\u00f5es do produto<\/strong>:<\/h3>\n<ul>\n<li>Tamanho: 135*119*23mm\/217*201*28mm\/227*210*25mm(personaliz\u00e1vel com base nos requisitos do cliente)<\/li>\n<li>Cores: Preto, branco marfim, verde, castanho chocolate, bordo, mogno, castanho areia, cinzento franc\u00eas, nogueira, castanho teca, etc. (mais cores dispon\u00edveis mediante consulta do servi\u00e7o de apoio ao cliente)<\/li>\n<li>Composi\u00e7\u00e3o: 35% HDPE (Polietileno de Alta Densidade) + 60% Fibras de Madeira + 5% Aditivos<\/li>\n<\/ul>\n<h3><strong>Cen\u00e1rios de aplica\u00e7\u00e3o<\/strong>:<\/h3>\n<ul>\n<li>Adequado para paredes interiores, tectos de salas, escrit\u00f3rios, caves e outros locais.<\/li>\n<li>Particularmente adequado para quartos, salas de estar, cozinhas e outros espa\u00e7os dom\u00e9sticos, bem como lojas comerciais, restaurantes e outros locais comerciais.<\/li>\n<\/ul>\n<h3><strong>Guia de instala\u00e7\u00e3o<\/strong>:<\/h3>\n<ul>\n<li>O painel de parede WPC pode ser instalado em v\u00e1rios substratos, como azulejos de cer\u00e2mica, contraplacado e paredes de gesso.<\/li>\n<li>Utilizar acess\u00f3rios espec\u00edficos para a instala\u00e7\u00e3o para garantir a firmeza e a est\u00e9tica.<\/li>\n<li>Certifique-se de que a superf\u00edcie da parede est\u00e1 plana, seca e limpa antes da instala\u00e7\u00e3o.<\/li>\n<\/ul>\n<h3><strong>Cuidado<\/strong>:<\/h3>\n<ul>\n<li>Evitar a utiliza\u00e7\u00e3o de cloro ou de abrasivos na limpeza para evitar danificar a superf\u00edcie.<\/li>\n<li>N\u00e3o coloque objectos quentes diretamente sobre o painel de parede para evitar deforma\u00e7\u00f5es ou danos.<\/li>\n<li>Siga o manual do produto e os regulamentos de seguran\u00e7a durante a instala\u00e7\u00e3o e utiliza\u00e7\u00e3o.<\/li>\n<\/ul>\n<h3><strong>Introdu\u00e7\u00e3o \u00e0 marca<\/strong>:<\/h3>\n<p id=\"\">Somos uma empresa especializada na investiga\u00e7\u00e3o, desenvolvimento, produ\u00e7\u00e3o e venda de comp\u00f3sitos de madeira-pl\u00e1stico. Com uma vasta experi\u00eancia de produ\u00e7\u00e3o e equipamento t\u00e9cnico avan\u00e7ado, os nossos produtos de painel de parede WPC foram submetidos a rigorosos testes de qualidade e certifica\u00e7\u00e3o, garantindo uma qualidade e seguran\u00e7a excepcionais. Estamos empenhados em fornecer aos clientes produtos e servi\u00e7os de alta qualidade para atender \u00e0s suas necessidades personalizadas.<\/p>\n<\/div>\n<h3>Se quiser saber mais detalhes, clique neste link:<a href=\"https:\/\/youtu.be\/XqR4zuwyGyE\" target=\"_blank\" rel=\"noopener\">https:\/\/youtu.be\/XqR4zuwyGyE<\/a><\/h3>\n<p>&nbsp;<\/p>\n<div class=\"elementor-element elementor-element-1f676da elementor-widget elementor-widget-heading\" data-id=\"1f676da\" data-element_type=\"widget\" data-widget_type=\"heading.default\">\n<h3>Galeria<\/h3>\n<p>Painel de Parede Composto de Madeira e Pl\u00e1stico para Decora\u00e7\u00e3o de Interiores Revestimento de Parede com Decora\u00e7\u00e3o WPC para Interiores<\/p>\n<figure id=\"attachment_17370\" aria-describedby=\"caption-attachment-17370\" style=\"width: 1024px\" class=\"wp-caption alignnone\"><img loading=\"lazy\" decoding=\"async\" class=\"wp-image-17370\" src=\"https:\/\/meterny.com\/wp-content\/uploads\/2024\/04\/32-2.jpg\" alt=\"Pain\u00e9is de parede WPC ac\u00fasticos para salas de m\u00e9dia\" width=\"1024\" height=\"1024\" srcset=\"https:\/\/meterny.com\/wp-content\/uploads\/2024\/04\/32-2.jpg 640w, https:\/\/meterny.com\/wp-content\/uploads\/2024\/04\/32-2-300x300.jpg 300w, https:\/\/meterny.com\/wp-content\/uploads\/2024\/04\/32-2-150x150.jpg 150w, https:\/\/meterny.com\/wp-content\/uploads\/2024\/04\/32-2-600x600.jpg 600w, https:\/\/meterny.com\/wp-content\/uploads\/2024\/04\/32-2-100x100.jpg 100w\" sizes=\"auto, (max-width: 1024px) 100vw, 1024px\" \/><figcaption id=\"caption-attachment-17370\" class=\"wp-caption-text\">Melhore a sua sala de multim\u00e9dia com pain\u00e9is de parede WPC ac\u00fasticos<\/figcaption><\/figure>\n<figure id=\"attachment_17372\" aria-describedby=\"caption-attachment-17372\" style=\"width: 1024px\" class=\"wp-caption alignnone\"><img loading=\"lazy\" decoding=\"async\" class=\"wp-image-17372\" src=\"https:\/\/meterny.com\/wp-content\/uploads\/2024\/04\/66.jpg\" alt=\"Painel de parede WPC para salas de estar modernas\" width=\"1024\" height=\"1024\" srcset=\"https:\/\/meterny.com\/wp-content\/uploads\/2024\/04\/66.jpg 1080w, https:\/\/meterny.com\/wp-content\/uploads\/2024\/04\/66-300x300.jpg 300w, https:\/\/meterny.com\/wp-content\/uploads\/2024\/04\/66-1024x1024.jpg 1024w, https:\/\/meterny.com\/wp-content\/uploads\/2024\/04\/66-150x150.jpg 150w, https:\/\/meterny.com\/wp-content\/uploads\/2024\/04\/66-768x768.jpg 768w, https:\/\/meterny.com\/wp-content\/uploads\/2024\/04\/66-600x600.jpg 600w, https:\/\/meterny.com\/wp-content\/uploads\/2024\/04\/66-100x100.jpg 100w\" sizes=\"auto, (max-width: 1024px) 100vw, 1024px\" \/><figcaption id=\"caption-attachment-17372\" class=\"wp-caption-text\">Eleve a sua sala de estar com os modernos pain\u00e9is de parede WPC.<\/figcaption><\/figure>\n<figure id=\"attachment_17369\" aria-describedby=\"caption-attachment-17369\" style=\"width: 1024px\" class=\"wp-caption alignnone\"><img loading=\"lazy\" decoding=\"async\" class=\"wp-image-17369\" src=\"https:\/\/meterny.com\/wp-content\/uploads\/2024\/04\/3-2.jpg\" alt=\"Pain\u00e9is de parede WPC para entradas\" width=\"1024\" height=\"1024\" srcset=\"https:\/\/meterny.com\/wp-content\/uploads\/2024\/04\/3-2.jpg 750w, https:\/\/meterny.com\/wp-content\/uploads\/2024\/04\/3-2-300x300.jpg 300w, https:\/\/meterny.com\/wp-content\/uploads\/2024\/04\/3-2-150x150.jpg 150w, https:\/\/meterny.com\/wp-content\/uploads\/2024\/04\/3-2-600x600.jpg 600w, https:\/\/meterny.com\/wp-content\/uploads\/2024\/04\/3-2-100x100.jpg 100w\" sizes=\"auto, (max-width: 1024px) 100vw, 1024px\" \/><figcaption id=\"caption-attachment-17369\" class=\"wp-caption-text\">Criar uma entrada convidativa com pain\u00e9is de parede WPC<\/figcaption><\/figure>\n<h3><strong>Cor e superf\u00edcie<\/strong><\/h3>\n<p>O nosso painel METE227H25 apresenta uma superf\u00edcie elegante de gr\u00e3o reto, acrescentando uma textura sofisticada a qualquer \u00e1rea.<\/p>\n<p>Com cores, dimens\u00f5es e formas personaliz\u00e1veis, estes pain\u00e9is oferecem uma flexibilidade excecional, permitindo-lhe dar largas \u00e0 sua criatividade em projectos de design de interiores e exteriores.<\/p>\n<p>A tecnologia de eco-extrus\u00e3o garante que cada painel n\u00e3o s\u00f3 tem um \u00f3timo aspeto, como tamb\u00e9m contribui para um ambiente de vida sustent\u00e1vel.<\/p>\n<h3>Op\u00e7\u00f5es de cores<\/h3>\n<p>Cart\u00e3o de cor do painel WPC da s\u00e9rie Meterny METE<\/p>\n<figure id=\"attachment_20293\" aria-describedby=\"caption-attachment-20293\" style=\"width: 1024px\" class=\"wp-caption alignnone\"><img loading=\"lazy\" decoding=\"async\" class=\"wp-image-20293\" src=\"https:\/\/meterny.com\/wp-content\/uploads\/2024\/10\/METE-Series-Colour-151.png\" alt=\"Op\u00e7\u00f5es de cores da veda\u00e7\u00e3o Meterny WPC\" width=\"1024\" height=\"1024\" srcset=\"https:\/\/meterny.com\/wp-content\/uploads\/2024\/10\/METE-Series-Colour-151.png 900w, https:\/\/meterny.com\/wp-content\/uploads\/2024\/10\/METE-Series-Colour-151-300x300.png 300w, https:\/\/meterny.com\/wp-content\/uploads\/2024\/10\/METE-Series-Colour-151-150x150.png 150w, https:\/\/meterny.com\/wp-content\/uploads\/2024\/10\/METE-Series-Colour-151-768x768.png 768w, https:\/\/meterny.com\/wp-content\/uploads\/2024\/10\/METE-Series-Colour-151-600x600.png 600w, https:\/\/meterny.com\/wp-content\/uploads\/2024\/10\/METE-Series-Colour-151-100x100.png 100w\" sizes=\"auto, (max-width: 1024px) 100vw, 1024px\" \/><figcaption id=\"caption-attachment-20293\" class=\"wp-caption-text\">Explorar Veda\u00e7\u00e3o WPC Meterny - Nove op\u00e7\u00f5es de cores deslumbrantes para todos os estilos<\/figcaption><\/figure>\n<h3><strong>Por que escolher o painel de parede WPC para decora\u00e7\u00e3o de interiores de quartos?<\/strong><\/h3>\n<p id=\"\">A decora\u00e7\u00e3o interior do quarto de dormir beneficia frequentemente da utiliza\u00e7\u00e3o de pain\u00e9is de parede WPC (Wood Plastic Composite). Aqui est\u00e3o v\u00e1rias raz\u00f5es convincentes para escolher pain\u00e9is de parede WPC para a decora\u00e7\u00e3o do quarto:<\/p>\n<ol>\n<li>\n<p id=\"\"><strong>Respeito pelo ambiente<\/strong>:<\/p>\n<ul>\n<li>Os pain\u00e9is de parede WPC s\u00e3o fabricados a partir de uma combina\u00e7\u00e3o de fibra de madeira e pl\u00e1stico, utilizando frequentemente materiais recicl\u00e1veis.<\/li>\n<li>Oferecem uma alternativa sustent\u00e1vel aos pain\u00e9is de madeira tradicionais, reduzindo o impacto nas florestas e nos recursos naturais.<\/li>\n<\/ul>\n<\/li>\n<li>\n<p id=\"\"><strong>Durabilidade e resist\u00eancia<\/strong>:<\/p>\n<ul>\n<li>Os pain\u00e9is de parede WPC s\u00e3o conhecidos pela sua excelente durabilidade, resist\u00eancia \u00e0 humidade e ao bolor.<\/li>\n<li>S\u00e3o menos suscept\u00edveis de deformar, rachar ou apodrecer, garantindo uma vida \u00fatil mais longa em compara\u00e7\u00e3o com outros materiais.<\/li>\n<\/ul>\n<\/li>\n<li>\n<p id=\"\"><strong>Facilidade de instala\u00e7\u00e3o<\/strong>:<\/p>\n<ul>\n<li>Os pain\u00e9is de parede WPC s\u00e3o concebidos para uma instala\u00e7\u00e3o f\u00e1cil, exigindo frequentemente ferramentas e compet\u00eancias m\u00ednimas.<\/li>\n<li>Isto pode poupar tempo e custos de m\u00e3o de obra durante o processo de decora\u00e7\u00e3o.<\/li>\n<\/ul>\n<\/li>\n<li>\n<p id=\"\"><strong>Apelo est\u00e9tico<\/strong>:<\/p>\n<ul>\n<li>Os pain\u00e9is de parede WPC est\u00e3o dispon\u00edveis numa variedade de cores, texturas e desenhos, permitindo uma vasta gama de escolhas est\u00e9ticas.<\/li>\n<li>Podem imitar o aspeto da madeira natural, mas com benef\u00edcios adicionais de durabilidade e resist\u00eancia.<\/li>\n<\/ul>\n<\/li>\n<li>\n<p id=\"\"><strong>Custo-efic\u00e1cia<\/strong>:<\/p>\n<ul>\n<li>Os pain\u00e9is de parede WPC oferecem uma solu\u00e7\u00e3o econ\u00f3mica para a decora\u00e7\u00e3o de quartos de dormir, combinando pre\u00e7os acess\u00edveis com uma est\u00e9tica de alta qualidade e durabilidade.<\/li>\n<li>Podem ser uma alternativa econ\u00f3mica a materiais mais caros, sem deixar de proporcionar um aspeto de alta qualidade.<\/li>\n<\/ul>\n<\/li>\n<li>\n<p id=\"\"><strong>Livre de manuten\u00e7\u00e3o<\/strong>:<\/p>\n<ul>\n<li>Os pain\u00e9is de parede WPC requerem uma manuten\u00e7\u00e3o m\u00ednima, como a limpeza com um pano h\u00famido.<\/li>\n<li>N\u00e3o precisam de ser pintados ou selados, o que reduz a necessidade de manuten\u00e7\u00e3o cont\u00ednua.<\/li>\n<\/ul>\n<\/li>\n<li>\n<p id=\"\"><strong>Desempenho melhorado<\/strong>:<\/p>\n<ul>\n<li>Para al\u00e9m do seu aspeto visual, os pain\u00e9is de parede WPC podem tamb\u00e9m melhorar o desempenho do espa\u00e7o do quarto.<\/li>\n<li>Podem proporcionar um melhor isolamento, insonoriza\u00e7\u00e3o e controlo do ru\u00eddo, criando um ambiente mais confort\u00e1vel e sereno.<\/li>\n<\/ul>\n<\/li>\n<li>\n<p id=\"\"><strong>Versatilidade na aplica\u00e7\u00e3o<\/strong>:<\/p>\n<ul>\n<li>Os pain\u00e9is de parede WPC s\u00e3o vers\u00e1teis e podem ser utilizados em v\u00e1rios ambientes, incluindo quartos, salas de estar e at\u00e9 espa\u00e7os comerciais.<\/li>\n<li>A sua adaptabilidade torna-os uma excelente escolha para uma vasta gama de projectos de decora\u00e7\u00e3o.<\/li>\n<\/ul>\n<\/li>\n<\/ol>\n<p id=\"\">Em conclus\u00e3o, a escolha de pain\u00e9is de parede WPC para decora\u00e7\u00e3o de interiores de quartos de dormir oferece uma combina\u00e7\u00e3o de respeito pelo ambiente, durabilidade, facilidade de instala\u00e7\u00e3o, atrativo est\u00e9tico, efic\u00e1cia em termos de custos, propriedades sem manuten\u00e7\u00e3o, desempenho melhorado e versatilidade na aplica\u00e7\u00e3o. Estas vantagens fazem dos pain\u00e9is de parede WPC uma excelente escolha para a decora\u00e7\u00e3o do quarto, proporcionando uma solu\u00e7\u00e3o elegante, duradoura e pr\u00e1tica.<\/p>\n<\/div>","protected":false},"excerpt":{"rendered":"<p>Descubra a combina\u00e7\u00e3o perfeita de estilo e funcionalidade com os pain\u00e9is compostos de madeira-pl\u00e1stico de qualidade superior da Meterny. Quer esteja a renovar a sua casa, o seu escrit\u00f3rio ou a sua propriedade comercial, os nossos pain\u00e9is oferecem uma durabilidade e uma est\u00e9tica inigual\u00e1veis.<\/p>\n<p>Fabricados a partir de materiais de alta qualidade, os nossos pain\u00e9is compostos de madeira-pl\u00e1stico s\u00e3o concebidos para resistir aos rigores da utiliza\u00e7\u00e3o quotidiana, mantendo o seu aspeto imaculado durante muitos anos. Al\u00e9m disso, com uma variedade de cores, texturas e acabamentos \u00e0 escolha, pode facilmente personalizar o seu espa\u00e7o para refletir o seu estilo e vis\u00e3o \u00fanicos.<\/p>\n<p>Mas n\u00e3o se trata apenas de apar\u00eancia - os nossos pain\u00e9is tamb\u00e9m s\u00e3o amigos do ambiente e sustent\u00e1veis, feitos de materiais reciclados e concebidos para minimizar o impacto ambiental. Assim, pode desfrutar de paredes bonitas enquanto reduz a sua pegada de carbono.<\/p>\n<p>Melhore a sua decora\u00e7\u00e3o com os pain\u00e9is compostos de madeira-pl\u00e1stico Meterny. Explore a nossa cole\u00e7\u00e3o hoje e d\u00ea o primeiro passo para transformar o seu espa\u00e7o numa obra-prima moderna.<\/p>","protected":false},"featured_media":17367,"comment_status":"open","ping_status":"closed","template":"","meta":{"_uag_custom_page_level_css":"","site-sidebar-layout":"default","site-content-layout":"","ast-site-content-layout":"default","site-content-style":"default","site-sidebar-style":"default","ast-global-header-display":"","ast-banner-title-visibility":"","ast-main-header-display":"","ast-hfb-above-header-display":"","ast-hfb-below-header-display":"","ast-hfb-mobile-header-display":"","site-post-title":"","ast-breadcrumbs-content":"","ast-featured-img":"","footer-sml-layout":"","theme-transparent-header-meta":"default","adv-header-id-meta":"","stick-header-meta":"default","header-above-stick-meta":"","header-main-stick-meta":"","header-below-stick-meta":"","astra-migrate-meta-layouts":"set","ast-page-background-enabled":"default","ast-page-background-meta":{"desktop":{"background-color":"var(--ast-global-color-4)","background-image":"","background-repeat":"repeat","background-position":"center center","background-size":"auto","background-attachment":"scroll","background-type":"","background-media":"","overlay-type":"","overlay-color":"","overlay-opacity":"","overlay-gradient":""},"tablet":{"background-color":"","background-image":"","background-repeat":"repeat","background-position":"center center","background-size":"auto","background-attachment":"scroll","background-type":"","background-media":"","overlay-type":"","overlay-color":"","overlay-opacity":"","overlay-gradient":""},"mobile":{"background-color":"","background-image":"","background-repeat":"repeat","background-position":"center center","background-size":"auto","background-attachment":"scroll","background-type":"","background-media":"","overlay-type":"","overlay-color":"","overlay-opacity":"","overlay-gradient":""}},"ast-content-background-meta":{"desktop":{"background-color":"var(--ast-global-color-5)","background-image":"","background-repeat":"repeat","background-position":"center center","background-size":"auto","background-attachment":"scroll","background-type":"","background-media":"","overlay-type":"","overlay-color":"","overlay-opacity":"","overlay-gradient":""},"tablet":{"background-color":"var(--ast-global-color-5)","background-image":"","background-repeat":"repeat","background-position":"center center","background-size":"auto","background-attachment":"scroll","background-type":"","background-media":"","overlay-type":"","overlay-color":"","overlay-opacity":"","overlay-gradient":""},"mobile":{"background-color":"var(--ast-global-color-5)","background-image":"","background-repeat":"repeat","background-position":"center center","background-size":"auto","background-attachment":"scroll","background-type":"","background-media":"","overlay-type":"","overlay-color":"","overlay-opacity":"","overlay-gradient":""}}},"product_brand":[],"product_cat":[174],"product_tag":[183,180],"class_list":{"0":"post-17389","1":"product","2":"type-product","3":"status-publish","4":"has-post-thumbnail","6":"product_cat-interior-wpc-wall","7":"product_tag-wpc-wall-interior","8":"product_tag-wpc-wall-panel","9":"desktop-align-center","10":"tablet-align-left","11":"mobile-align-left","12":"ast-product-gallery-layout-horizontal-slider","13":"ast-product-tabs-layout-vertical","15":"first","16":"instock","17":"shipping-taxable","18":"product-type-simple"},"uagb_featured_image_src":{"full":["https:\/\/meterny.com\/wp-content\/uploads\/2024\/04\/118.png",800,800,false],"thumbnail":["https:\/\/meterny.com\/wp-content\/uploads\/2024\/04\/118-150x150.png",150,150,true],"medium":["https:\/\/meterny.com\/wp-content\/uploads\/2024\/04\/118-300x300.png",300,300,true],"medium_large":["https:\/\/meterny.com\/wp-content\/uploads\/2024\/04\/118-768x768.png",768,768,true],"large":["https:\/\/meterny.com\/wp-content\/uploads\/2024\/04\/118.png",800,800,false],"1536x1536":["https:\/\/meterny.com\/wp-content\/uploads\/2024\/04\/118.png",800,800,false],"2048x2048":["https:\/\/meterny.com\/wp-content\/uploads\/2024\/04\/118.png",800,800,false],"trp-custom-language-flag":["https:\/\/meterny.com\/wp-content\/uploads\/2024\/04\/118.png",12,12,false],"woocommerce_thumbnail":["https:\/\/meterny.com\/wp-content\/uploads\/2024\/04\/118-300x300.png",300,300,true],"woocommerce_single":["https:\/\/meterny.com\/wp-content\/uploads\/2024\/04\/118-600x600.png",600,600,true],"woocommerce_gallery_thumbnail":["https:\/\/meterny.com\/wp-content\/uploads\/2024\/04\/118-100x100.png",100,100,true]},"uagb_author_info":{"display_name":"meterny","author_link":"https:\/\/meterny.com\/pt\/author\/"},"uagb_comment_info":0,"uagb_excerpt":"Discover the perfect blend of style and functionality with Meterny's premium wood-plastic composite panels. Whether you're revamping your home, office, or commercial property, our panels offer unparalleled durability and aesthetics. Crafted from high-quality materials, our wood-plastic composite panels are designed to withstand the rigors of everyday use while maintaining their pristine appearance for years to&hellip;","_links":{"self":[{"href":"https:\/\/meterny.com\/pt\/wp-json\/wp\/v2\/product\/17389","targetHints":{"allow":["GET"]}}],"collection":[{"href":"https:\/\/meterny.com\/pt\/wp-json\/wp\/v2\/product"}],"about":[{"href":"https:\/\/meterny.com\/pt\/wp-json\/wp\/v2\/types\/product"}],"replies":[{"embeddable":true,"href":"https:\/\/meterny.com\/pt\/wp-json\/wp\/v2\/comments?post=17389"}],"wp:featuredmedia":[{"embeddable":true,"href":"https:\/\/meterny.com\/pt\/wp-json\/wp\/v2\/media\/17367"}],"wp:attachment":[{"href":"https:\/\/meterny.com\/pt\/wp-json\/wp\/v2\/media?parent=17389"}],"wp:term":[{"taxonomy":"product_brand","embeddable":true,"href":"https:\/\/meterny.com\/pt\/wp-json\/wp\/v2\/product_brand?post=17389"},{"taxonomy":"product_cat","embeddable":true,"href":"https:\/\/meterny.com\/pt\/wp-json\/wp\/v2\/product_cat?post=17389"},{"taxonomy":"product_tag","embeddable":true,"href":"https:\/\/meterny.com\/pt\/wp-json\/wp\/v2\/product_tag?post=17389"}],"curies":[{"name":"wp","href":"https:\/\/api.w.org\/{rel}","templated":true}]}}