{"id":17410,"date":"2024-10-08T13:57:00","date_gmt":"2024-10-08T13:57:00","guid":{"rendered":"https:\/\/meterny.com\/?post_type=product&#038;p=17410"},"modified":"2025-01-18T09:30:53","modified_gmt":"2025-01-18T09:30:53","slug":"wpc-decking-panels-wpc-flooring","status":"publish","type":"product","link":"https:\/\/meterny.com\/pt\/produto\/wpc-decking-panels-wpc-flooring\/","title":{"rendered":"Pain\u00e9is de pavimento em madeira pl\u00e1stica composta com gr\u00e3o de madeira em relevo 3D Pavimentos em wpc"},"content":{"rendered":"<div class=\"elementor-element elementor-element-c0e1d42 elementor-widget elementor-widget-heading\" data-id=\"c0e1d42\" data-element_type=\"widget\" data-widget_type=\"heading.default\">\n<div class=\"elementor-widget-container\">\n<h2 class=\"elementor-heading-title elementor-size-default\" style=\"text-align: center;\">\u00a0Pain\u00e9is de pavimento em wpc Pavimentos em wpc<\/h2>\n<\/div>\n<\/div>\n<div class=\"elementor-element elementor-element-1f676da elementor-widget elementor-widget-heading\" data-id=\"1f676da\" data-element_type=\"widget\" data-widget_type=\"heading.default\">\n<h2 class=\"elementor-widget-container\" style=\"text-align: center;\">Especifica\u00e7\u00e3o<\/h2>\n<p>Pain\u00e9is de pavimento em wpc Pavimentos em wpc<\/p>\n<p>METE140H25 Pain\u00e9is de pavimento em Wpc Pavimentos em Wpc: Eleve os seus espa\u00e7os com uma eleg\u00e2ncia moderna<\/p>\n<p><strong>Modelo<\/strong>: METE140H25<br \/>\n<strong>Tipo<\/strong>: Decks\/Pisos WPC<br \/>\n<strong>Tamanho<\/strong>: 140\u00d725mm<\/p>\n<p><strong>Superf\u00edcie<\/strong>: Gr\u00e3os rectos<br \/>\n<strong>Comprimento<\/strong>: 2.9m ou Personalizado<br \/>\n<strong>Material<\/strong>: Comp\u00f3sito de madeira e pl\u00e1stico<br \/>\n<strong>Tecnologia de produtos<\/strong>: Eco-extrus\u00e3o<\/p>\n<p><img loading=\"lazy\" decoding=\"async\" class=\"alignnone wp-image-17393\" src=\"https:\/\/meterny.com\/wp-content\/uploads\/2024\/03\/1-40.jpg\" alt=\"Pain\u00e9is de pavimento em wpc Pavimentos em wpc\" width=\"1024\" height=\"1024\" srcset=\"https:\/\/meterny.com\/wp-content\/uploads\/2024\/03\/1-40.jpg 800w, https:\/\/meterny.com\/wp-content\/uploads\/2024\/03\/1-40-300x300.jpg 300w, https:\/\/meterny.com\/wp-content\/uploads\/2024\/03\/1-40-150x150.jpg 150w, https:\/\/meterny.com\/wp-content\/uploads\/2024\/03\/1-40-768x768.jpg 768w, https:\/\/meterny.com\/wp-content\/uploads\/2024\/03\/1-40-600x600.jpg 600w, https:\/\/meterny.com\/wp-content\/uploads\/2024\/03\/1-40-100x100.jpg 100w\" sizes=\"auto, (max-width: 1024px) 100vw, 1024px\" \/><\/p>\n<\/div>\n<div class=\"elementor-element elementor-element-1f676da elementor-widget elementor-widget-heading\" data-id=\"1f676da\" data-element_type=\"widget\" data-widget_type=\"heading.default\">\n<ul>\n<li>Deck em comp\u00f3sito Wpc para exterior Deck em comp\u00f3sito Wpc 3D em relevo com gr\u00e3o de madeira para exterior Pain\u00e9is de deck em Wpc Pavimentos em Wpc<\/li>\n<\/ul>\n<p id=\"\"><strong>\u3010Nome do produto\u3011<\/strong><br \/>\nPain\u00e9is de deck WPC e pavimentos WPC<\/p>\n<p id=\"\"><strong>\u3010Vis\u00e3o geral do produto\u3011<\/strong><\/p>\n<p id=\"\">Bem-vindo \u00e0 nossa cole\u00e7\u00e3o de pain\u00e9is e pavimentos para decks WPC (Wood Plastic Composite)! Os nossos pain\u00e9is de deck e pavimentos WPC combinam a beleza da madeira natural com a durabilidade do pl\u00e1stico, proporcionando um conforto e um estilo inigual\u00e1veis aos seus espa\u00e7os interiores e exteriores. Fabricados com t\u00e9cnicas de produ\u00e7\u00e3o avan\u00e7adas e materiais ecol\u00f3gicos, os nossos produtos foram concebidos para criar um ambiente de vida esteticamente agrad\u00e1vel e funcional para si.<\/p>\n<p id=\"\"><strong>\u3010Carater\u00edsticas do produto\u3011<\/strong><\/p>\n<ol>\n<li>\n<p id=\"\"><strong>Gr\u00e3o de madeira natural<\/strong>: Os nossos pain\u00e9is de decks e pavimentos WPC disp\u00f5em de tecnologia de impress\u00e3o de alta defini\u00e7\u00e3o, reproduzindo na perfei\u00e7\u00e3o as delicadas texturas da madeira natural, dando um toque de natureza ao seu espa\u00e7o.<\/p>\n<\/li>\n<li>\n<p id=\"\"><strong>Super durabilidade<\/strong>: Fabricados a partir de fibras de madeira de alta qualidade e polietileno de alta densidade, os nossos produtos oferecem uma excelente resist\u00eancia ao desgaste, resist\u00eancia \u00e0s intemp\u00e9ries e desempenho \u00e0 prova de \u00e1gua, suportando v\u00e1rias condi\u00e7\u00f5es climat\u00e9ricas adversas e o desgaste di\u00e1rio.<\/p>\n<\/li>\n<li>\n<p id=\"\"><strong>Amigo do ambiente e saud\u00e1vel<\/strong>: Estamos empenhados numa produ\u00e7\u00e3o amiga do ambiente, com todos os materiais em conformidade com as normas ambientais, n\u00e3o t\u00f3xicos e inofensivos, criando um ambiente de vida saud\u00e1vel e seguro para si e para a sua fam\u00edlia.<\/p>\n<\/li>\n<li>\n<p id=\"\"><strong>Instala\u00e7\u00e3o f\u00e1cil<\/strong>: Com designs de fecho inovadores, os nossos produtos podem ser facilmente instalados sem cola ou pregos, poupando tempo e custos.<\/p>\n<\/li>\n<li>\n<p id=\"\"><strong>Manuten\u00e7\u00e3o simples<\/strong>: A limpeza di\u00e1ria requer apenas a passagem de um pano h\u00famido, sem necessidade de cuidados especiais, tornando a sua vida mais f\u00e1cil e mais conveniente.<\/p>\n<\/li>\n<li>\n<p id=\"\"><strong>Op\u00e7\u00f5es diversificadas<\/strong>: Oferecemos uma variedade de cores, texturas e tamanhos que se adaptam a diferentes estilos e necessidades, personalizando o seu espa\u00e7o.<\/p>\n<\/li>\n<\/ol>\n<p id=\"\"><strong>\u3010Cen\u00e1rios de aplica\u00e7\u00e3o\u3011<\/strong><\/p>\n<ul>\n<li>\n<p id=\"\"><strong>Decks exteriores<\/strong>: Os nossos pain\u00e9is de deck WPC s\u00e3o ideais para relaxar ao ar livre, proporcionando uma plataforma confort\u00e1vel e bonita para churrascos, reuni\u00f5es ou lazer di\u00e1rio.<\/p>\n<\/li>\n<li>\n<p id=\"\"><strong>Pavimentos interiores<\/strong>: O pavimento WPC n\u00e3o s\u00f3 \u00e9 bonito e duradouro, como tamb\u00e9m \u00e9 f\u00e1cil de limpar, o que o torna perfeito para casas, escrit\u00f3rios, lojas e outros espa\u00e7os interiores.<\/p>\n<\/li>\n<li>\n<p id=\"\"><strong>P\u00e1tios e varandas<\/strong>: D\u00ea um toque de natureza e calor ao seu p\u00e1tio ou varanda e desfrute da beleza da vida ao ar livre.<\/p>\n<\/li>\n<\/ul>\n<p id=\"\"><strong>\u3010Especifica\u00e7\u00f5es t\u00e9cnicas\u3011<\/strong><\/p>\n<ul>\n<li><strong>Material<\/strong>: Fibras de madeira + polietileno de alta densidade<\/li>\n<li><strong>Tamanho<\/strong>: V\u00e1rios tamanhos dispon\u00edveis (consultar o servi\u00e7o de apoio ao cliente para obter informa\u00e7\u00f5es pormenorizadas)<\/li>\n<li><strong>Cor<\/strong>: V\u00e1rias cores de gr\u00e3os de madeira natural dispon\u00edveis<\/li>\n<li><strong>Peso<\/strong>: Depende do tamanho espec\u00edfico<\/li>\n<li><strong>M\u00e9todo de instala\u00e7\u00e3o<\/strong>: Instala\u00e7\u00e3o de bloqueio<\/li>\n<\/ul>\n<p id=\"\"><strong>\u3010Guia de compras\u3011<\/strong><\/p>\n<ul>\n<li><strong>Consultar o servi\u00e7o de apoio ao cliente<\/strong>: Para quaisquer quest\u00f5es ou servi\u00e7os personalizados, n\u00e3o hesite em contactar a nossa equipa de apoio ao cliente.<\/li>\n<li><strong>Efetuar encomenda<\/strong>: Selecione o seu estilo e tamanho preferidos, adicione ao carrinho e conclua o pagamento.<\/li>\n<li><strong>Log\u00edstica e entrega<\/strong>: Oferecemos servi\u00e7os de log\u00edstica e de entrega r\u00e1pidos e seguros para garantir que os produtos chegam a tempo.<\/li>\n<\/ul>\n<h3><strong>Cor e superf\u00edcie<\/strong><\/h3>\n<p>O nosso pavimento METE140H25 apresenta uma superf\u00edcie elegante de gr\u00e3o reto, acrescentando uma textura sofisticada a qualquer \u00e1rea.<\/p>\n<p>Com cores, dimens\u00f5es e formas personaliz\u00e1veis, estes pain\u00e9is oferecem uma flexibilidade excecional, permitindo-lhe dar largas \u00e0 sua criatividade em projectos de design de interiores e exteriores.<\/p>\n<p>A tecnologia de eco-extrus\u00e3o garante que cada painel n\u00e3o s\u00f3 tem um \u00f3timo aspeto, como tamb\u00e9m contribui para um ambiente de vida sustent\u00e1vel.<\/p>\n<\/div>\n<h3>Se quiser saber mais pormenores, clique neste link do youtube:<a href=\"https:\/\/youtu.be\/J9f8X8wStE4\" target=\"_blank\" rel=\"noopener\">https:\/\/youtu.be\/J9f8X8wStE4<\/a><\/h3>\n<p>&nbsp;<\/p>\n<div class=\"elementor-element elementor-element-1f676da elementor-widget elementor-widget-heading\" data-id=\"1f676da\" data-element_type=\"widget\" data-widget_type=\"heading.default\">\n<h3>Galeria<\/h3>\n<figure id=\"attachment_17399\" aria-describedby=\"caption-attachment-17399\" style=\"width: 1024px\" class=\"wp-caption alignnone\"><img loading=\"lazy\" decoding=\"async\" class=\"wp-image-17399\" src=\"https:\/\/meterny.com\/wp-content\/uploads\/2024\/03\/13-3.png\" alt=\"Pavimento WPC de drenagem r\u00e1pida para \u00e1reas chuvosas\" width=\"1024\" height=\"1024\" srcset=\"https:\/\/meterny.com\/wp-content\/uploads\/2024\/03\/13-3.png 800w, https:\/\/meterny.com\/wp-content\/uploads\/2024\/03\/13-3-300x300.png 300w, https:\/\/meterny.com\/wp-content\/uploads\/2024\/03\/13-3-150x150.png 150w, https:\/\/meterny.com\/wp-content\/uploads\/2024\/03\/13-3-768x768.png 768w, https:\/\/meterny.com\/wp-content\/uploads\/2024\/03\/13-3-600x600.png 600w, https:\/\/meterny.com\/wp-content\/uploads\/2024\/03\/13-3-100x100.png 100w\" sizes=\"auto, (max-width: 1024px) 100vw, 1024px\" \/><figcaption id=\"caption-attachment-17399\" class=\"wp-caption-text\">Pavimento Quick-Drain WPC: A solu\u00e7\u00e3o perfeita para regi\u00f5es chuvosas<\/figcaption><\/figure>\n<figure id=\"attachment_17396\" aria-describedby=\"caption-attachment-17396\" style=\"width: 1024px\" class=\"wp-caption alignnone\"><img loading=\"lazy\" decoding=\"async\" class=\"wp-image-17396\" src=\"https:\/\/meterny.com\/wp-content\/uploads\/2024\/03\/3-1.png\" alt=\"Pavimento WPC antiderrapante para caminhos de jardim\" width=\"1024\" height=\"1024\" srcset=\"https:\/\/meterny.com\/wp-content\/uploads\/2024\/03\/3-1.png 1079w, https:\/\/meterny.com\/wp-content\/uploads\/2024\/03\/3-1-300x300.png 300w, https:\/\/meterny.com\/wp-content\/uploads\/2024\/03\/3-1-1024x1024.png 1024w, https:\/\/meterny.com\/wp-content\/uploads\/2024\/03\/3-1-150x150.png 150w, https:\/\/meterny.com\/wp-content\/uploads\/2024\/03\/3-1-768x768.png 768w, https:\/\/meterny.com\/wp-content\/uploads\/2024\/03\/3-1-600x600.png 600w, https:\/\/meterny.com\/wp-content\/uploads\/2024\/03\/3-1-100x100.png 100w\" sizes=\"auto, (max-width: 1024px) 100vw, 1024px\" \/><figcaption id=\"caption-attachment-17396\" class=\"wp-caption-text\">Pavimento WPC antiderrapante: Caminhos de jardim seguros e elegantes<\/figcaption><\/figure>\n<p><img loading=\"lazy\" decoding=\"async\" class=\"alignnone wp-image-17395\" src=\"https:\/\/meterny.com\/wp-content\/uploads\/2024\/03\/3-6-rotated.jpg\" alt=\"\" width=\"1024\" height=\"1024\" srcset=\"https:\/\/meterny.com\/wp-content\/uploads\/2024\/03\/3-6-rotated.jpg 800w, https:\/\/meterny.com\/wp-content\/uploads\/2024\/03\/3-6-300x300.jpg 300w, https:\/\/meterny.com\/wp-content\/uploads\/2024\/03\/3-6-150x150.jpg 150w, https:\/\/meterny.com\/wp-content\/uploads\/2024\/03\/3-6-768x768.jpg 768w, https:\/\/meterny.com\/wp-content\/uploads\/2024\/03\/3-6-600x600.jpg 600w, https:\/\/meterny.com\/wp-content\/uploads\/2024\/03\/3-6-100x100.jpg 100w\" sizes=\"auto, (max-width: 1024px) 100vw, 1024px\" \/><\/p>\n<h3>Op\u00e7\u00f5es de cores<\/h3>\n<p>Meterny Carta de cores dos pavimentos WPC da s\u00e9rie METE<\/p>\n<figure id=\"attachment_20293\" aria-describedby=\"caption-attachment-20293\" style=\"width: 1024px\" class=\"wp-caption alignnone\"><img loading=\"lazy\" decoding=\"async\" class=\"wp-image-20293\" src=\"https:\/\/meterny.com\/wp-content\/uploads\/2024\/10\/METE-Series-Colour-151.png\" alt=\"Op\u00e7\u00f5es de cores da veda\u00e7\u00e3o Meterny WPC\" width=\"1024\" height=\"1024\" srcset=\"https:\/\/meterny.com\/wp-content\/uploads\/2024\/10\/METE-Series-Colour-151.png 900w, https:\/\/meterny.com\/wp-content\/uploads\/2024\/10\/METE-Series-Colour-151-300x300.png 300w, https:\/\/meterny.com\/wp-content\/uploads\/2024\/10\/METE-Series-Colour-151-150x150.png 150w, https:\/\/meterny.com\/wp-content\/uploads\/2024\/10\/METE-Series-Colour-151-768x768.png 768w, https:\/\/meterny.com\/wp-content\/uploads\/2024\/10\/METE-Series-Colour-151-600x600.png 600w, https:\/\/meterny.com\/wp-content\/uploads\/2024\/10\/METE-Series-Colour-151-100x100.png 100w\" sizes=\"auto, (max-width: 1024px) 100vw, 1024px\" \/><figcaption id=\"caption-attachment-20293\" class=\"wp-caption-text\">Explorar Pavimento WPC Meterny - Nove op\u00e7\u00f5es de cores deslumbrantes para todos os estilos<\/figcaption><\/figure>\n<h3><strong>Porqu\u00ea escolher os pain\u00e9is de deck WPC e o pavimento WPC?<\/strong><\/h3>\n<p id=\"\">A escolha de pain\u00e9is e pavimentos para decks e pavimentos em WPC (Wood Plastic Composite) oferece uma multiplicidade de benef\u00edcios que a tornam uma escolha ideal para aplica\u00e7\u00f5es residenciais e comerciais. Aqui est\u00e3o v\u00e1rias raz\u00f5es convincentes para optar por decks e pavimentos em WPC:<\/p>\n<ol>\n<li><strong>Durabilidade e longevidade<\/strong>:\n<ul>\n<li>O WPC combina a for\u00e7a e a estabilidade do pl\u00e1stico com a est\u00e9tica natural da madeira, resultando num produto altamente resistente ao desgaste e \u00e0s condi\u00e7\u00f5es climat\u00e9ricas.<\/li>\n<li>\u00c9 menos propenso a apodrecer, empenar e desvanecer-se em compara\u00e7\u00e3o com os decks e pavimentos de madeira tradicionais, garantindo uma vida \u00fatil mais longa.<\/li>\n<\/ul>\n<\/li>\n<li><strong>Manuten\u00e7\u00e3o reduzida<\/strong>:\n<ul>\n<li>Ao contr\u00e1rio da madeira tradicional, os decks e pavimentos WPC requerem uma manuten\u00e7\u00e3o m\u00ednima. S\u00e3o f\u00e1ceis de limpar e n\u00e3o necessitam de selagem, colora\u00e7\u00e3o ou pintura regulares.<\/li>\n<li>Basta lavar com uma mangueira ou passar um pano h\u00famido para manter a sua apar\u00eancia.<\/li>\n<\/ul>\n<\/li>\n<li><strong>Amigo do ambiente<\/strong>:\n<ul>\n<li>Os produtos WPC s\u00e3o fabricados a partir de pl\u00e1stico reciclado e res\u00edduos de madeira, reduzindo o impacto ambiental e promovendo a sustentabilidade.<\/li>\n<li>Oferecem uma alternativa ecol\u00f3gica aos materiais tradicionais para decks e pavimentos que podem envolver a desfloresta\u00e7\u00e3o.<\/li>\n<\/ul>\n<\/li>\n<li><strong>Versatilidade e est\u00e9tica<\/strong>:\n<ul>\n<li>Os decks e pavimentos WPC est\u00e3o dispon\u00edveis numa vasta gama de cores, texturas e estilos, permitindo-lhe criar um espa\u00e7o interior ou exterior \u00fanico e personalizado.<\/li>\n<li>Imitam o aspeto da madeira verdadeira, mas com maior durabilidade e vantagens de desempenho.<\/li>\n<\/ul>\n<\/li>\n<li><strong>Rent\u00e1vel<\/strong>:\n<ul>\n<li>Embora o investimento inicial para decks e pavimentos em WPC possa ser semelhante ou ligeiramente superior ao de alguns materiais tradicionais, a sua durabilidade a longo prazo e os baixos requisitos de manuten\u00e7\u00e3o podem levar a poupan\u00e7as de custos significativas ao longo do tempo.<\/li>\n<\/ul>\n<\/li>\n<li><strong>Instala\u00e7\u00e3o f\u00e1cil<\/strong>:\n<ul>\n<li>Muitos produtos de pavimentos e decks WPC apresentam sistemas de bloqueio inovadores que simplificam a instala\u00e7\u00e3o, eliminando a necessidade de pregos ou parafusos.<\/li>\n<li>Isto pode reduzir os custos de m\u00e3o de obra e o tempo de instala\u00e7\u00e3o, tornando-a uma op\u00e7\u00e3o mais conveniente.<\/li>\n<\/ul>\n<\/li>\n<li><strong>Resist\u00eancia \u00e0s intemp\u00e9ries<\/strong>:\n<ul>\n<li>Os decks e pavimentos WPC s\u00e3o concebidos para resistir a condi\u00e7\u00f5es climat\u00e9ricas extremas, incluindo temperaturas elevadas, chuva, neve e raios UV.<\/li>\n<li>Mant\u00eam a sua integridade estrutural e o seu aspeto, mesmo em ambientes exteriores adversos.<\/li>\n<\/ul>\n<\/li>\n<li><strong>Seguran\u00e7a melhorada<\/strong>:\n<ul>\n<li>As propriedades antiderrapantes dos decks e pavimentos WPC tornam-nos op\u00e7\u00f5es mais seguras, especialmente em condi\u00e7\u00f5es de humidade.<\/li>\n<li>Reduzem o risco de acidentes e les\u00f5es, proporcionando um espa\u00e7o exterior ou interior mais seguro.<\/li>\n<\/ul>\n<\/li>\n<\/ol>\n<p id=\"\">Em suma, os pain\u00e9is de deck e os pavimentos WPC oferecem uma combina\u00e7\u00e3o de durabilidade, est\u00e9tica, baixa manuten\u00e7\u00e3o, respeito pelo ambiente e rentabilidade que os torna uma escolha superior para casas e propriedades comerciais modernas. Quer pretenda melhorar o seu espa\u00e7o exterior ou atualizar os seus pavimentos interiores, os decks e pavimentos em WPC constituem uma solu\u00e7\u00e3o vers\u00e1til e fi\u00e1vel.<\/p>\n<\/div>","protected":false},"excerpt":{"rendered":"<p>\u00a0Pain\u00e9is de deck em Wpc Pavimentos em Wpc Especifica\u00e7\u00e3o Pain\u00e9is de deck em Wpc Pavimentos em Wpc METE140H25 Pain\u00e9is de deck em Wpc Pavimentos em Wpc : Eleve o seu [...]<\/p>","protected":false},"featured_media":17393,"comment_status":"open","ping_status":"closed","template":"","meta":{"_uag_custom_page_level_css":"","site-sidebar-layout":"default","site-content-layout":"","ast-site-content-layout":"default","site-content-style":"default","site-sidebar-style":"default","ast-global-header-display":"","ast-banner-title-visibility":"","ast-main-header-display":"","ast-hfb-above-header-display":"","ast-hfb-below-header-display":"","ast-hfb-mobile-header-display":"","site-post-title":"","ast-breadcrumbs-content":"","ast-featured-img":"","footer-sml-layout":"","theme-transparent-header-meta":"default","adv-header-id-meta":"","stick-header-meta":"default","header-above-stick-meta":"","header-main-stick-meta":"","header-below-stick-meta":"","astra-migrate-meta-layouts":"set","ast-page-background-enabled":"default","ast-page-background-meta":{"desktop":{"background-color":"var(--ast-global-color-4)","background-image":"","background-repeat":"repeat","background-position":"center center","background-size":"auto","background-attachment":"scroll","background-type":"","background-media":"","overlay-type":"","overlay-color":"","overlay-opacity":"","overlay-gradient":""},"tablet":{"background-color":"","background-image":"","background-repeat":"repeat","background-position":"center center","background-size":"auto","background-attachment":"scroll","background-type":"","background-media":"","overlay-type":"","overlay-color":"","overlay-opacity":"","overlay-gradient":""},"mobile":{"background-color":"","background-image":"","background-repeat":"repeat","background-position":"center center","background-size":"auto","background-attachment":"scroll","background-type":"","background-media":"","overlay-type":"","overlay-color":"","overlay-opacity":"","overlay-gradient":""}},"ast-content-background-meta":{"desktop":{"background-color":"var(--ast-global-color-5)","background-image":"","background-repeat":"repeat","background-position":"center center","background-size":"auto","background-attachment":"scroll","background-type":"","background-media":"","overlay-type":"","overlay-color":"","overlay-opacity":"","overlay-gradient":""},"tablet":{"background-color":"var(--ast-global-color-5)","background-image":"","background-repeat":"repeat","background-position":"center center","background-size":"auto","background-attachment":"scroll","background-type":"","background-media":"","overlay-type":"","overlay-color":"","overlay-opacity":"","overlay-gradient":""},"mobile":{"background-color":"var(--ast-global-color-5)","background-image":"","background-repeat":"repeat","background-position":"center center","background-size":"auto","background-attachment":"scroll","background-type":"","background-media":"","overlay-type":"","overlay-color":"","overlay-opacity":"","overlay-gradient":""}}},"product_brand":[],"product_cat":[18],"product_tag":[182,181],"class_list":{"0":"post-17410","1":"product","2":"type-product","3":"status-publish","4":"has-post-thumbnail","6":"product_cat-uncategorized","7":"product_tag-wpc-decking","8":"product_tag-wpc-flooring","9":"desktop-align-center","10":"tablet-align-left","11":"mobile-align-left","12":"ast-product-gallery-layout-horizontal-slider","13":"ast-product-tabs-layout-vertical","15":"first","16":"instock","17":"featured","18":"shipping-taxable","19":"product-type-simple"},"uagb_featured_image_src":{"full":["https:\/\/meterny.com\/wp-content\/uploads\/2024\/03\/1-40.jpg",800,800,false],"thumbnail":["https:\/\/meterny.com\/wp-content\/uploads\/2024\/03\/1-40-150x150.jpg",150,150,true],"medium":["https:\/\/meterny.com\/wp-content\/uploads\/2024\/03\/1-40-300x300.jpg",300,300,true],"medium_large":["https:\/\/meterny.com\/wp-content\/uploads\/2024\/03\/1-40-768x768.jpg",768,768,true],"large":["https:\/\/meterny.com\/wp-content\/uploads\/2024\/03\/1-40.jpg",800,800,false],"1536x1536":["https:\/\/meterny.com\/wp-content\/uploads\/2024\/03\/1-40.jpg",800,800,false],"2048x2048":["https:\/\/meterny.com\/wp-content\/uploads\/2024\/03\/1-40.jpg",800,800,false],"trp-custom-language-flag":["https:\/\/meterny.com\/wp-content\/uploads\/2024\/03\/1-40.jpg",12,12,false],"woocommerce_thumbnail":["https:\/\/meterny.com\/wp-content\/uploads\/2024\/03\/1-40-300x300.jpg",300,300,true],"woocommerce_single":["https:\/\/meterny.com\/wp-content\/uploads\/2024\/03\/1-40-600x600.jpg",600,600,true],"woocommerce_gallery_thumbnail":["https:\/\/meterny.com\/wp-content\/uploads\/2024\/03\/1-40-100x100.jpg",100,100,true]},"uagb_author_info":{"display_name":"meterny","author_link":"https:\/\/meterny.com\/pt\/author\/"},"uagb_comment_info":0,"uagb_excerpt":"\u00a0Wpc Decking Panels Wpc Flooring Specification Wpc Decking Panels Wpc Flooring METE140H25\u00a0 Wpc Decking Panels Wpc Flooring : Elevate Your [&hellip;]","_links":{"self":[{"href":"https:\/\/meterny.com\/pt\/wp-json\/wp\/v2\/product\/17410","targetHints":{"allow":["GET"]}}],"collection":[{"href":"https:\/\/meterny.com\/pt\/wp-json\/wp\/v2\/product"}],"about":[{"href":"https:\/\/meterny.com\/pt\/wp-json\/wp\/v2\/types\/product"}],"replies":[{"embeddable":true,"href":"https:\/\/meterny.com\/pt\/wp-json\/wp\/v2\/comments?post=17410"}],"wp:featuredmedia":[{"embeddable":true,"href":"https:\/\/meterny.com\/pt\/wp-json\/wp\/v2\/media\/17393"}],"wp:attachment":[{"href":"https:\/\/meterny.com\/pt\/wp-json\/wp\/v2\/media?parent=17410"}],"wp:term":[{"taxonomy":"product_brand","embeddable":true,"href":"https:\/\/meterny.com\/pt\/wp-json\/wp\/v2\/product_brand?post=17410"},{"taxonomy":"product_cat","embeddable":true,"href":"https:\/\/meterny.com\/pt\/wp-json\/wp\/v2\/product_cat?post=17410"},{"taxonomy":"product_tag","embeddable":true,"href":"https:\/\/meterny.com\/pt\/wp-json\/wp\/v2\/product_tag?post=17410"}],"curies":[{"name":"wp","href":"https:\/\/api.w.org\/{rel}","templated":true}]}}