{"id":17411,"date":"2024-10-08T14:02:53","date_gmt":"2024-10-08T14:02:53","guid":{"rendered":"https:\/\/meterny.com\/?post_type=product&#038;p=17411"},"modified":"2025-01-18T09:29:13","modified_gmt":"2025-01-18T09:29:13","slug":"wood-grain-wpc-flooring-panels","status":"publish","type":"product","link":"https:\/\/meterny.com\/pt\/produto\/wood-grain-wpc-flooring-panels\/","title":{"rendered":"Varanda Pavimento em madeira pl\u00e1stica composta WPC Pain\u00e9is de pavimento em madeira de gr\u00e3o WPC Deck composto WPC"},"content":{"rendered":"<div class=\"elementor-element elementor-element-c0e1d42 elementor-widget elementor-widget-heading\" data-id=\"c0e1d42\" data-element_type=\"widget\" data-widget_type=\"heading.default\">\n<div class=\"elementor-widget-container\">\n<h2 class=\"elementor-heading-title elementor-size-default\" style=\"text-align: center;\">Pavimento em madeira pl\u00e1stica composta para varandas<\/h2>\n<\/div>\n<\/div>\n<div class=\"elementor-element elementor-element-1f676da elementor-widget elementor-widget-heading\" data-id=\"1f676da\" data-element_type=\"widget\" data-widget_type=\"heading.default\">\n<h2 class=\"elementor-widget-container\" style=\"text-align: center;\">Especifica\u00e7\u00e3o<\/h2>\n<p>METE140H25 Pain\u00e9is de pavimento em madeira WPC de gr\u00e3o de madeira: Eleve os seus espa\u00e7os com uma eleg\u00e2ncia moderna<\/p>\n<h3><strong>T\u00edtulo do produto<\/strong><\/h3>\n<p id=\"\">Pain\u00e9is de pavimento WPC de gr\u00e3o de madeira - Cria\u00e7\u00e3o de espa\u00e7os de vida naturais e confort\u00e1veis<\/p>\n<div class=\"elementor-element elementor-element-1f676da elementor-widget elementor-widget-heading\" data-id=\"1f676da\" data-element_type=\"widget\" data-widget_type=\"heading.default\">\n<p><strong>Modelo<\/strong>: METE140H25<br \/>\n<strong>Tipo<\/strong>: Deck\/Pavimento WPC<br \/>\n<strong>Tamanho<\/strong>: 140\u00d725mm<\/p>\n<p><strong>Superf\u00edcie<\/strong>: Gr\u00e3os rectos<br \/>\n<strong>Comprimento<\/strong>: 2.9m ou Personalizado<br \/>\n<strong>Material<\/strong>: Comp\u00f3sito de madeira e pl\u00e1stico<br \/>\n<strong>Tecnologia de produtos<\/strong>: Eco-extrus\u00e3o<\/p>\n<\/div>\n<div class=\"elementor-element elementor-element-1f676da elementor-widget elementor-widget-heading\" data-id=\"1f676da\" data-element_type=\"widget\" data-widget_type=\"heading.default\">\n<p><img loading=\"lazy\" decoding=\"async\" class=\"alignnone wp-image-17392\" src=\"https:\/\/meterny.com\/wp-content\/uploads\/2024\/03\/1-3.jpg\" alt=\"Pain\u00e9is de pavimento em madeira de gr\u00e3o de madeira\" width=\"1024\" height=\"1024\" srcset=\"https:\/\/meterny.com\/wp-content\/uploads\/2024\/03\/1-3.jpg 800w, https:\/\/meterny.com\/wp-content\/uploads\/2024\/03\/1-3-300x300.jpg 300w, https:\/\/meterny.com\/wp-content\/uploads\/2024\/03\/1-3-150x150.jpg 150w, https:\/\/meterny.com\/wp-content\/uploads\/2024\/03\/1-3-768x768.jpg 768w, https:\/\/meterny.com\/wp-content\/uploads\/2024\/03\/1-3-600x600.jpg 600w, https:\/\/meterny.com\/wp-content\/uploads\/2024\/03\/1-3-100x100.jpg 100w\" sizes=\"auto, (max-width: 1024px) 100vw, 1024px\" \/><\/p>\n<\/div>\n<ol>\n<li><strong>Imagem principal do produto<\/strong>\u00a0- Apresentando o efeito est\u00e9tico geral do pavimento WPC de gr\u00e3o de madeira.<\/li>\n<li><strong>Imagem de textura pormenorizada<\/strong>\u00a0- Real\u00e7ar a textura do gr\u00e3o de madeira do pavimento, mostrando a sua beleza natural.<\/li>\n<li><strong>Imagem de exemplo de instala\u00e7\u00e3o<\/strong>\u00a0- Demonstrar o efeito da aplica\u00e7\u00e3o pr\u00e1tica do pavimento num ambiente dom\u00e9stico.<\/li>\n<li><strong>Imagem de certifica\u00e7\u00e3o ambiental<\/strong>\u00a0- Exibir as marcas de certifica\u00e7\u00e3o ambiental do produto para aumentar a confian\u00e7a do consumidor.<\/li>\n<\/ol>\n<h3><strong>Descri\u00e7\u00e3o do produto<\/strong><\/h3>\n<h4><strong>I. Descri\u00e7\u00e3o geral do produto<\/strong><\/h4>\n<p id=\"\">Os Pain\u00e9is de Pavimento WPC com Gr\u00e3o de Madeira s\u00e3o um novo tipo de material de pavimento que combina beleza, durabilidade e respeito pelo ambiente. Utilizando a avan\u00e7ada tecnologia WPC (Wood Plastic Composite), as fibras de madeira natural s\u00e3o perfeitamente combinadas com resinas de pol\u00edmero, mantendo a textura natural e o toque quente da madeira, ao mesmo tempo que ultrapassam as defici\u00eancias da madeira tradicional, como a suscetibilidade \u00e0 humidade e \u00e0 deforma\u00e7\u00e3o.<\/p>\n<h4><strong>II. Carater\u00edsticas do produto<\/strong><\/h4>\n<ol>\n<li><strong>Gr\u00e3o de madeira natural<\/strong>\u00a0- Utilizando tecnologia de impress\u00e3o de alta defini\u00e7\u00e3o, as texturas e cores da madeira verdadeira s\u00e3o perfeitamente reproduzidas no pavimento, enchendo o seu espa\u00e7o com uma atmosfera natural.<\/li>\n<li><strong>\u00c0 prova de \u00e1gua e resistente \u00e0 humidade<\/strong>\u00a0- O material WPC tem um excelente desempenho \u00e0 prova de \u00e1gua, mantendo a secura e a estabilidade do pavimento mesmo em ambientes h\u00famidos.<\/li>\n<li><strong>Resistente ao desgaste e dur\u00e1vel<\/strong>\u00a0- A adi\u00e7\u00e3o de resinas polim\u00e9ricas torna o pavimento mais resistente ao desgaste e ao impacto, mantendo o seu brilho e novidade mesmo ap\u00f3s uma utiliza\u00e7\u00e3o prolongada.<\/li>\n<li><strong>Amigo do ambiente e saud\u00e1vel<\/strong>\u00a0- Fabricado a partir de materiais ecol\u00f3gicos, n\u00e3o \u00e9 t\u00f3xico, \u00e9 inofensivo e n\u00e3o tem emiss\u00f5es de formalde\u00eddo, protegendo a sua sa\u00fade e a da sua fam\u00edlia.<\/li>\n<li><strong>Instala\u00e7\u00e3o f\u00e1cil<\/strong>\u00a0- Com um design de bloqueio, n\u00e3o requer cola ou pregos, tornando a instala\u00e7\u00e3o simples e r\u00e1pida, poupando significativamente o tempo e os custos de instala\u00e7\u00e3o.<\/li>\n<\/ol>\n<h4><strong>III. Cen\u00e1rios de aplica\u00e7\u00e3o<\/strong><\/h4>\n<p id=\"\">Os pain\u00e9is de pavimento WPC de gr\u00e3o de madeira s\u00e3o adequados para v\u00e1rios cen\u00e1rios dom\u00e9sticos, como quartos, salas de estar, salas de jantar e salas de estudo. O seu gr\u00e3o de madeira natural e o seu toque confort\u00e1vel podem acrescentar uma sensa\u00e7\u00e3o de calor e tranquilidade ao seu espa\u00e7o de vida.<\/p>\n<h4><strong>IV. Especifica\u00e7\u00f5es do produto<\/strong><\/h4>\n<ul>\n<li><strong>Material<\/strong>: WPC (comp\u00f3sito de madeira e pl\u00e1stico)<\/li>\n<li><strong>Espessura<\/strong>: 23\/25 \/28mm<\/li>\n<li><strong>Largura<\/strong>:  119\/201\/210mm<\/li>\n<li><strong>Comprimento<\/strong>:135\/ 217\/227mm<\/li>\n<li><strong>Cores<\/strong>: V\u00e1rias cores de gr\u00e3os de madeira dispon\u00edveis (por exemplo, carvalho, nogueira, \u00e1cer, etc.)<\/li>\n<li><strong>M\u00e9todo de instala\u00e7\u00e3o<\/strong>: Instala\u00e7\u00e3o de bloqueio<\/li>\n<\/ul>\n<h4><strong>V. Manuten\u00e7\u00e3o e limpeza<\/strong><\/h4>\n<ul>\n<li>Limpeza di\u00e1ria: Utilizar uma esfregona seca ou ligeiramente h\u00famida para limpar.<\/li>\n<li>Evitar o arrastamento pesado: Evitar riscar a superf\u00edcie do pavimento com objectos afiados.<\/li>\n<li>Manter seco: Tente evitar a imers\u00e3o prolongada ou o contacto com grandes quantidades de \u00e1gua.<\/li>\n<\/ul>\n<\/div>\n<div class=\"elementor-element elementor-element-1f676da elementor-widget elementor-widget-heading\" data-id=\"1f676da\" data-element_type=\"widget\" data-widget_type=\"heading.default\">\n<h3><strong>Cor e superf\u00edcie<\/strong><\/h3>\n<p>O nosso pavimento METE140H25 apresenta uma superf\u00edcie elegante de gr\u00e3o reto, acrescentando uma textura sofisticada a qualquer \u00e1rea.<\/p>\n<p>Com cores, dimens\u00f5es e formas personaliz\u00e1veis, estes pain\u00e9is oferecem uma flexibilidade excecional, permitindo-lhe dar largas \u00e0 sua criatividade em projectos de design de interiores e exteriores.<\/p>\n<p>A tecnologia de eco-extrus\u00e3o garante que cada painel n\u00e3o s\u00f3 tem um \u00f3timo aspeto, como tamb\u00e9m contribui para um ambiente de vida sustent\u00e1vel.<\/p>\n<h3>Se quiser saber mais pormenores, clique neste link do youtube:<a href=\"https:\/\/youtu.be\/XqR4zuwyGyE\" target=\"_blank\" rel=\"noopener\">https:\/\/youtu.be\/XqR4zuwyGyE<\/a><\/h3>\n<p>&nbsp;<\/p>\n<h3>Galeria<\/h3>\n<figure id=\"attachment_17414\" aria-describedby=\"caption-attachment-17414\" style=\"width: 1024px\" class=\"wp-caption alignnone\"><img loading=\"lazy\" decoding=\"async\" class=\"wp-image-17414\" src=\"https:\/\/meterny.com\/wp-content\/uploads\/2024\/10\/4.png\" alt=\"Pavimento WPC acess\u00edvel para utiliza\u00e7\u00e3o no interior e no exterior\" width=\"1024\" height=\"923\" srcset=\"https:\/\/meterny.com\/wp-content\/uploads\/2024\/10\/4.png 498w, https:\/\/meterny.com\/wp-content\/uploads\/2024\/10\/4-300x270.png 300w\" sizes=\"auto, (max-width: 1024px) 100vw, 1024px\" \/><figcaption id=\"caption-attachment-17414\" class=\"wp-caption-text\">Pavimentos WPC acess\u00edveis: A escolha perfeita para aplica\u00e7\u00f5es vers\u00e1teis.<\/figcaption><\/figure>\n<figure id=\"attachment_17412\" aria-describedby=\"caption-attachment-17412\" style=\"width: 1024px\" class=\"wp-caption alignnone\"><img loading=\"lazy\" decoding=\"async\" class=\"wp-image-17412\" src=\"https:\/\/meterny.com\/wp-content\/uploads\/2024\/10\/1-1-1.jpg\" alt=\"Pavimento WPC resistente a riscos\" width=\"1024\" height=\"1024\" srcset=\"https:\/\/meterny.com\/wp-content\/uploads\/2024\/10\/1-1-1.jpg 800w, https:\/\/meterny.com\/wp-content\/uploads\/2024\/10\/1-1-1-300x300.jpg 300w, https:\/\/meterny.com\/wp-content\/uploads\/2024\/10\/1-1-1-150x150.jpg 150w, https:\/\/meterny.com\/wp-content\/uploads\/2024\/10\/1-1-1-768x768.jpg 768w, https:\/\/meterny.com\/wp-content\/uploads\/2024\/10\/1-1-1-600x600.jpg 600w, https:\/\/meterny.com\/wp-content\/uploads\/2024\/10\/1-1-1-100x100.jpg 100w\" sizes=\"auto, (max-width: 1024px) 100vw, 1024px\" \/><figcaption id=\"caption-attachment-17412\" class=\"wp-caption-text\">Perfeito para espa\u00e7os ocupados - Pavimento WPC resistente a riscos<\/figcaption><\/figure>\n<figure id=\"attachment_17413\" aria-describedby=\"caption-attachment-17413\" style=\"width: 1024px\" class=\"wp-caption alignnone\"><img loading=\"lazy\" decoding=\"async\" class=\"wp-image-17413\" src=\"https:\/\/meterny.com\/wp-content\/uploads\/2024\/10\/1-9.jpg\" alt=\"Pavimento WPC \u00e0 prova de \u00e1gua para decks exteriores\" width=\"1024\" height=\"1024\" srcset=\"https:\/\/meterny.com\/wp-content\/uploads\/2024\/10\/1-9.jpg 464w, https:\/\/meterny.com\/wp-content\/uploads\/2024\/10\/1-9-300x300.jpg 300w, https:\/\/meterny.com\/wp-content\/uploads\/2024\/10\/1-9-150x150.jpg 150w, https:\/\/meterny.com\/wp-content\/uploads\/2024\/10\/1-9-100x100.jpg 100w\" sizes=\"auto, (max-width: 1024px) 100vw, 1024px\" \/><figcaption id=\"caption-attachment-17413\" class=\"wp-caption-text\">Eleve o seu espa\u00e7o exterior com o pavimento WPC dur\u00e1vel e \u00e0 prova de \u00e1gua<\/figcaption><\/figure>\n<h3>op\u00e7\u00f5es de cores<\/h3>\n<p>Meterny Carta de cores do pavimento WPC da s\u00e9rie METE<\/p>\n<p>&nbsp;<\/p>\n<figure id=\"attachment_20293\" aria-describedby=\"caption-attachment-20293\" style=\"width: 1024px\" class=\"wp-caption alignnone\"><img loading=\"lazy\" decoding=\"async\" class=\"wp-image-20293\" src=\"https:\/\/meterny.com\/wp-content\/uploads\/2024\/10\/METE-Series-Colour-151.png\" alt=\"Op\u00e7\u00f5es de cores da veda\u00e7\u00e3o Meterny WPC\" width=\"1024\" height=\"1024\" srcset=\"https:\/\/meterny.com\/wp-content\/uploads\/2024\/10\/METE-Series-Colour-151.png 900w, https:\/\/meterny.com\/wp-content\/uploads\/2024\/10\/METE-Series-Colour-151-300x300.png 300w, https:\/\/meterny.com\/wp-content\/uploads\/2024\/10\/METE-Series-Colour-151-150x150.png 150w, https:\/\/meterny.com\/wp-content\/uploads\/2024\/10\/METE-Series-Colour-151-768x768.png 768w, https:\/\/meterny.com\/wp-content\/uploads\/2024\/10\/METE-Series-Colour-151-600x600.png 600w, https:\/\/meterny.com\/wp-content\/uploads\/2024\/10\/METE-Series-Colour-151-100x100.png 100w\" sizes=\"auto, (max-width: 1024px) 100vw, 1024px\" \/><figcaption id=\"caption-attachment-20293\" class=\"wp-caption-text\">Explorar Meterny WPC Floor- Nove op\u00e7\u00f5es de cores deslumbrantes para todos os estilos<\/figcaption><\/figure>\n<h3><strong>Porqu\u00ea escolher os pain\u00e9is de pavimento WPC de gr\u00e3o de madeira?<\/strong><\/h3>\n<p id=\"\">Os pain\u00e9is de pavimento WPC (Wood Plastic Composite) de gr\u00e3o de madeira oferecem uma multiplicidade de benef\u00edcios que os tornam uma excelente escolha para solu\u00e7\u00f5es de pavimento modernas. Eis algumas raz\u00f5es convincentes para optar por estes pain\u00e9is:<\/p>\n<ol>\n<li>\n<p id=\"\"><strong>Est\u00e9tica natural<\/strong>: Os pain\u00e9is de pavimento WPC de gr\u00e3o de madeira reproduzem a beleza natural e a textura da madeira verdadeira, proporcionando uma atmosfera calorosa e convidativa no seu espa\u00e7o de vida. A tecnologia de impress\u00e3o de alta defini\u00e7\u00e3o garante que os padr\u00f5es dos gr\u00e3os de madeira s\u00e3o realistas e visualmente apelativos.<\/p>\n<\/li>\n<li>\n<p id=\"\"><strong>Durabilidade e longevidade<\/strong>: Ao contr\u00e1rio dos pavimentos de madeira tradicionais, os pain\u00e9is WPC s\u00e3o concebidos para suportar os rigores da utiliza\u00e7\u00e3o di\u00e1ria. S\u00e3o resistentes \u00e0 humidade, aos riscos e ao desbotamento, garantindo que mant\u00eam a sua beleza e funcionalidade durante muitos anos.<\/p>\n<\/li>\n<li>\n<p id=\"\"><strong>\u00c0 prova de \u00e1gua e resistente \u00e0 humidade<\/strong>: Uma das carater\u00edsticas mais marcantes dos pavimentos WPC \u00e9 a sua impermeabilidade. Isto torna-o a escolha ideal para \u00e1reas propensas \u00e0 humidade ou a derrames de \u00e1gua, tais como casas de banho, cozinhas e lavandarias.<\/p>\n<\/li>\n<li>\n<p id=\"\"><strong>F\u00e1cil instala\u00e7\u00e3o e manuten\u00e7\u00e3o<\/strong>: Os pain\u00e9is de pavimento WPC de gr\u00e3o de madeira s\u00e3o concebidos para uma instala\u00e7\u00e3o f\u00e1cil, apresentando frequentemente mecanismos de bloqueio que n\u00e3o requerem cola ou pregos. Isto simplifica o processo de instala\u00e7\u00e3o e reduz os custos de m\u00e3o de obra. Al\u00e9m disso, a manuten\u00e7\u00e3o \u00e9 simples, bastando uma limpeza regular para manter o pavimento com o seu melhor aspeto.<\/p>\n<\/li>\n<li>\n<p id=\"\"><strong>Ecol\u00f3gico e sustent\u00e1vel<\/strong>: Fabricado a partir de uma combina\u00e7\u00e3o de fibras de madeira e materiais pl\u00e1sticos reciclados, o pavimento WPC \u00e9 uma op\u00e7\u00e3o amiga do ambiente. Reduz os res\u00edduos e promove a sustentabilidade, utilizando materiais reciclados e minimizando o impacto nos recursos naturais.<\/p>\n<\/li>\n<li>\n<p id=\"\"><strong>Rent\u00e1vel<\/strong>: Embora o investimento inicial nos Pain\u00e9is de Pavimento WPC com Gr\u00e3o de Madeira possa ser compar\u00e1vel ou ligeiramente superior ao de algumas op\u00e7\u00f5es de pavimento tradicionais, a sua durabilidade e baixa necessidade de manuten\u00e7\u00e3o podem levar a uma poupan\u00e7a de custos a longo prazo.<\/p>\n<\/li>\n<li>\n<p id=\"\"><strong>Versatilidade e personaliza\u00e7\u00e3o<\/strong>: O pavimento WPC est\u00e1 dispon\u00edvel numa variedade de cores, estilos e tamanhos de gr\u00e3os de madeira, permitindo-lhe criar um aspeto personalizado que se adapta \u00e0s suas prefer\u00eancias de design de interiores. Quer prefira o aspeto cl\u00e1ssico do carvalho ou o charme contempor\u00e2neo do bambu, encontrar\u00e1 uma op\u00e7\u00e3o de pavimento WPC que se adequa ao seu estilo.<\/p>\n<\/li>\n<\/ol>\n<p id=\"\">Em resumo, os Pain\u00e9is de Pavimento WPC com Gr\u00e3o de Madeira oferecem uma combina\u00e7\u00e3o de beleza natural, durabilidade, facilidade de instala\u00e7\u00e3o e respeito pelo ambiente que os torna uma escolha ideal para casas modernas. A sua capacidade de resistir aos rigores da vida quotidiana, mantendo um elevado n\u00edvel de apelo est\u00e9tico, faz deles um investimento sensato no conforto e no valor da sua casa.<\/p>\n<\/div>","protected":false},"excerpt":{"rendered":"<p>Varanda Madeira Pl\u00e1stica Composta Pavimento Wpc Especifica\u00e7\u00e3o METE140H25 WPC Pain\u00e9is de Pavimento Wpc de Gr\u00e3o de Madeira: Eleve os seus espa\u00e7os com eleg\u00e2ncia moderna [...]<\/p>","protected":false},"featured_media":17392,"comment_status":"open","ping_status":"closed","template":"","meta":{"_uag_custom_page_level_css":"","site-sidebar-layout":"default","site-content-layout":"","ast-site-content-layout":"default","site-content-style":"default","site-sidebar-style":"default","ast-global-header-display":"","ast-banner-title-visibility":"","ast-main-header-display":"","ast-hfb-above-header-display":"","ast-hfb-below-header-display":"","ast-hfb-mobile-header-display":"","site-post-title":"","ast-breadcrumbs-content":"","ast-featured-img":"","footer-sml-layout":"","theme-transparent-header-meta":"default","adv-header-id-meta":"","stick-header-meta":"default","header-above-stick-meta":"","header-main-stick-meta":"","header-below-stick-meta":"","astra-migrate-meta-layouts":"set","ast-page-background-enabled":"default","ast-page-background-meta":{"desktop":{"background-color":"var(--ast-global-color-4)","background-image":"","background-repeat":"repeat","background-position":"center center","background-size":"auto","background-attachment":"scroll","background-type":"","background-media":"","overlay-type":"","overlay-color":"","overlay-opacity":"","overlay-gradient":""},"tablet":{"background-color":"","background-image":"","background-repeat":"repeat","background-position":"center center","background-size":"auto","background-attachment":"scroll","background-type":"","background-media":"","overlay-type":"","overlay-color":"","overlay-opacity":"","overlay-gradient":""},"mobile":{"background-color":"","background-image":"","background-repeat":"repeat","background-position":"center center","background-size":"auto","background-attachment":"scroll","background-type":"","background-media":"","overlay-type":"","overlay-color":"","overlay-opacity":"","overlay-gradient":""}},"ast-content-background-meta":{"desktop":{"background-color":"var(--ast-global-color-5)","background-image":"","background-repeat":"repeat","background-position":"center center","background-size":"auto","background-attachment":"scroll","background-type":"","background-media":"","overlay-type":"","overlay-color":"","overlay-opacity":"","overlay-gradient":""},"tablet":{"background-color":"var(--ast-global-color-5)","background-image":"","background-repeat":"repeat","background-position":"center center","background-size":"auto","background-attachment":"scroll","background-type":"","background-media":"","overlay-type":"","overlay-color":"","overlay-opacity":"","overlay-gradient":""},"mobile":{"background-color":"var(--ast-global-color-5)","background-image":"","background-repeat":"repeat","background-position":"center center","background-size":"auto","background-attachment":"scroll","background-type":"","background-media":"","overlay-type":"","overlay-color":"","overlay-opacity":"","overlay-gradient":""}}},"product_brand":[],"product_cat":[18],"product_tag":[182,181],"class_list":{"0":"post-17411","1":"product","2":"type-product","3":"status-publish","4":"has-post-thumbnail","6":"product_cat-uncategorized","7":"product_tag-wpc-decking","8":"product_tag-wpc-flooring","9":"desktop-align-center","10":"tablet-align-left","11":"mobile-align-left","12":"ast-product-gallery-layout-horizontal-slider","13":"ast-product-tabs-layout-vertical","15":"first","16":"instock","17":"featured","18":"shipping-taxable","19":"product-type-simple"},"uagb_featured_image_src":{"full":["https:\/\/meterny.com\/wp-content\/uploads\/2024\/03\/1-3.jpg",800,800,false],"thumbnail":["https:\/\/meterny.com\/wp-content\/uploads\/2024\/03\/1-3-150x150.jpg",150,150,true],"medium":["https:\/\/meterny.com\/wp-content\/uploads\/2024\/03\/1-3-300x300.jpg",300,300,true],"medium_large":["https:\/\/meterny.com\/wp-content\/uploads\/2024\/03\/1-3-768x768.jpg",768,768,true],"large":["https:\/\/meterny.com\/wp-content\/uploads\/2024\/03\/1-3.jpg",800,800,false],"1536x1536":["https:\/\/meterny.com\/wp-content\/uploads\/2024\/03\/1-3.jpg",800,800,false],"2048x2048":["https:\/\/meterny.com\/wp-content\/uploads\/2024\/03\/1-3.jpg",800,800,false],"trp-custom-language-flag":["https:\/\/meterny.com\/wp-content\/uploads\/2024\/03\/1-3.jpg",12,12,false],"woocommerce_thumbnail":["https:\/\/meterny.com\/wp-content\/uploads\/2024\/03\/1-3-300x300.jpg",300,300,true],"woocommerce_single":["https:\/\/meterny.com\/wp-content\/uploads\/2024\/03\/1-3-600x600.jpg",600,600,true],"woocommerce_gallery_thumbnail":["https:\/\/meterny.com\/wp-content\/uploads\/2024\/03\/1-3-100x100.jpg",100,100,true]},"uagb_author_info":{"display_name":"meterny","author_link":"https:\/\/meterny.com\/pt\/author\/"},"uagb_comment_info":0,"uagb_excerpt":"Balcony Wood Plastic Composite Wpc Flooring Specification METE140H25 WPC Wood Grain Wpc Flooring Panels: Elevate Your Spaces with Modern Elegance [&hellip;]","_links":{"self":[{"href":"https:\/\/meterny.com\/pt\/wp-json\/wp\/v2\/product\/17411","targetHints":{"allow":["GET"]}}],"collection":[{"href":"https:\/\/meterny.com\/pt\/wp-json\/wp\/v2\/product"}],"about":[{"href":"https:\/\/meterny.com\/pt\/wp-json\/wp\/v2\/types\/product"}],"replies":[{"embeddable":true,"href":"https:\/\/meterny.com\/pt\/wp-json\/wp\/v2\/comments?post=17411"}],"wp:featuredmedia":[{"embeddable":true,"href":"https:\/\/meterny.com\/pt\/wp-json\/wp\/v2\/media\/17392"}],"wp:attachment":[{"href":"https:\/\/meterny.com\/pt\/wp-json\/wp\/v2\/media?parent=17411"}],"wp:term":[{"taxonomy":"product_brand","embeddable":true,"href":"https:\/\/meterny.com\/pt\/wp-json\/wp\/v2\/product_brand?post=17411"},{"taxonomy":"product_cat","embeddable":true,"href":"https:\/\/meterny.com\/pt\/wp-json\/wp\/v2\/product_cat?post=17411"},{"taxonomy":"product_tag","embeddable":true,"href":"https:\/\/meterny.com\/pt\/wp-json\/wp\/v2\/product_tag?post=17411"}],"curies":[{"name":"wp","href":"https:\/\/api.w.org\/{rel}","templated":true}]}}