{"id":17480,"date":"2024-10-09T05:04:55","date_gmt":"2024-10-09T05:04:55","guid":{"rendered":"https:\/\/meterny.com\/?post_type=product&#038;p=17480"},"modified":"2025-01-18T09:17:33","modified_gmt":"2025-01-18T09:17:33","slug":"outdoor-wpc-fence-panel","status":"publish","type":"product","link":"https:\/\/meterny.com\/pt\/produto\/outdoor-wpc-fence-panel\/","title":{"rendered":"Painel de veda\u00e7\u00e3o de madeira de pl\u00e1stico composto de madeira para painel de veda\u00e7\u00e3o Vinly"},"content":{"rendered":"<div class=\"elementor-element elementor-element-c0e1d42 elementor-widget elementor-widget-heading\" data-id=\"c0e1d42\" data-element_type=\"widget\" data-widget_type=\"heading.default\">\n<div class=\"elementor-widget-container\">\n<h2>Painel de veda\u00e7\u00e3o de madeira de pl\u00e1stico composto de madeira para painel de veda\u00e7\u00e3o Vinly<\/h2>\n<p>&nbsp;<\/p>\n<p><strong style=\"font-size: 16px;\">Modelo<\/strong><span style=\"font-size: 16px;\">: METE1800H1850<\/span><\/p>\n<\/div>\n<\/div>\n<p><strong>Tipo<\/strong>: Painel de veda\u00e7\u00e3o exterior em Wpc com pilares de alum\u00ednio<\/p>\n<p><strong>Tamanho<\/strong>: Largura 1800mm x Altura 1850mm<\/p>\n<p><strong>Superf\u00edcie<\/strong>: Duas Superf\u00edcies - Tiras e Gr\u00e3os de Madeira<\/p>\n<p><strong>Cor<\/strong>: 9 op\u00e7\u00f5es de cores<\/p>\n<p><strong>Comprimento<\/strong>: Personalizado<\/p>\n<p><strong>Material<\/strong>: Comp\u00f3sito de madeira e pl\u00e1stico<\/p>\n<p><strong>Tecnologia de produtos<\/strong>: Eco-extrus\u00e3o<\/p>\n<figure id=\"attachment_17495\" aria-describedby=\"caption-attachment-17495\" style=\"width: 1024px\" class=\"wp-caption alignnone\"><img loading=\"lazy\" decoding=\"async\" class=\"wp-image-17495\" src=\"https:\/\/meterny.com\/wp-content\/uploads\/2024\/10\/8-7ZHU.jpg\" alt=\"Painel de veda\u00e7\u00e3o de madeira para exterior\" width=\"1024\" height=\"1024\" srcset=\"https:\/\/meterny.com\/wp-content\/uploads\/2024\/10\/8-7ZHU.jpg 800w, https:\/\/meterny.com\/wp-content\/uploads\/2024\/10\/8-7ZHU-300x300.jpg 300w, https:\/\/meterny.com\/wp-content\/uploads\/2024\/10\/8-7ZHU-150x150.jpg 150w, https:\/\/meterny.com\/wp-content\/uploads\/2024\/10\/8-7ZHU-768x768.jpg 768w, https:\/\/meterny.com\/wp-content\/uploads\/2024\/10\/8-7ZHU-600x600.jpg 600w, https:\/\/meterny.com\/wp-content\/uploads\/2024\/10\/8-7ZHU-100x100.jpg 100w\" sizes=\"auto, (max-width: 1024px) 100vw, 1024px\" \/><figcaption id=\"caption-attachment-17495\" class=\"wp-caption-text\">Privacidade e eleg\u00e2ncia num s\u00f3 - Explore as op\u00e7\u00f5es de veda\u00e7\u00e3o WPC<\/figcaption><\/figure>\n<h4><strong>Vis\u00e3o geral do produto<\/strong><\/h4>\n<p id=\"\">Transforme o seu espa\u00e7o exterior com o nosso painel de veda\u00e7\u00e3o exterior WPC (Wood Plastic Composite). Combinando a beleza natural da madeira com a durabilidade do pl\u00e1stico, os nossos pain\u00e9is de veda\u00e7\u00e3o WPC oferecem uma solu\u00e7\u00e3o elegante e pr\u00e1tica para as necessidades de veda\u00e7\u00e3o do seu jardim. Concebidos para resistir aos elementos e proporcionar privacidade e seguran\u00e7a, estes pain\u00e9is s\u00e3o o complemento perfeito para qualquer \u00e1rea exterior.<\/p>\n<h4><strong>Carater\u00edsticas principais<\/strong><\/h4>\n<ul>\n<li>\n<p id=\"\"><strong>Constru\u00e7\u00e3o amiga do ambiente<\/strong>: Fabricados a partir de fibras de madeira reciclada e pl\u00e1stico de polietileno de alta densidade, os nossos pain\u00e9is de veda\u00e7\u00e3o WPC s\u00e3o uma escolha amiga do ambiente. Contribuem para a redu\u00e7\u00e3o de res\u00edduos e promovem uma vida sustent\u00e1vel.<\/p>\n<\/li>\n<li>\n<p id=\"\"><strong>Durabilidade e longevidade<\/strong>: Resistentes ao apodrecimento, \u00e0 humidade, aos insectos e aos raios UV, os nossos pain\u00e9is de veda\u00e7\u00e3o s\u00e3o feitos para durar. Mant\u00eam a sua beleza e funcionalidade durante anos, suportando at\u00e9 as condi\u00e7\u00f5es climat\u00e9ricas mais adversas.<\/p>\n<\/li>\n<li>\n<p id=\"\"><strong>Textura de gr\u00e3o de madeira natural<\/strong>: A textura de gr\u00e3o de madeira em relevo 3D proporciona um aspeto realista e sofisticado, imitando o aspeto da madeira natural sem a necessidade de manuten\u00e7\u00e3o. Melhore o aspeto est\u00e9tico do seu jardim com esta op\u00e7\u00e3o de veda\u00e7\u00e3o elegante.<\/p>\n<\/li>\n<li>\n<p id=\"\"><strong>Manuten\u00e7\u00e3o reduzida<\/strong>: Poupe tempo e dinheiro com os nossos pain\u00e9is de veda\u00e7\u00e3o WPC. N\u00e3o requerem pintura, selagem ou colora\u00e7\u00e3o e podem ser facilmente limpos com \u00e1gua. Desfrute do seu belo jardim sem o inc\u00f3modo da manuten\u00e7\u00e3o constante.<\/p>\n<\/li>\n<li>\n<p id=\"\"><strong>Op\u00e7\u00f5es de design vers\u00e1teis<\/strong>: Dispon\u00edveis numa variedade de cores, texturas e tamanhos, os nossos pain\u00e9is de veda\u00e7\u00e3o podem ser personalizados para se adequarem \u00e0s suas necessidades espec\u00edficas e prefer\u00eancias de estilo. Crie facilmente veda\u00e7\u00f5es de privacidade, bordos decorativos ou mesmo estruturas de jardim como p\u00e9rgulas e gazebos.<\/p>\n<\/li>\n<li>\n<p id=\"\"><strong>Instala\u00e7\u00e3o f\u00e1cil<\/strong>: Concebidos para uma instala\u00e7\u00e3o simples e direta, os nossos pain\u00e9is de veda\u00e7\u00e3o WPC s\u00e3o f\u00e1ceis de instalar. Com conhecimentos b\u00e1sicos de carpintaria e ferramentas simples, pode instal\u00e1-los num instante, poupando dinheiro nos custos de instala\u00e7\u00e3o.<\/p>\n<\/li>\n<li>\n<p id=\"\"><strong>Resili\u00eancia e for\u00e7a<\/strong>: Os nossos pain\u00e9is de veda\u00e7\u00e3o s\u00e3o fortes e resistentes, proporcionando uma prote\u00e7\u00e3o e privacidade eficazes para o seu jardim. \u00c9 menos prov\u00e1vel que se deformem, rachem ou lasquem com o tempo, garantindo que se mantenham em excelentes condi\u00e7\u00f5es durante anos.<\/p>\n<\/li>\n<\/ul>\n<h4><strong>Especifica\u00e7\u00f5es<\/strong><\/h4>\n<ul>\n<li><strong>Material<\/strong>: Comp\u00f3sito de madeira e pl\u00e1stico (WPC)<\/li>\n<li><strong>Dimens\u00f5es<\/strong>: 1800*1850<\/li>\n<li><strong>Op\u00e7\u00f5es de cores<\/strong>: branco, castanho, preto<\/li>\n<li><strong>Textura<\/strong>: Gr\u00e3o de madeira em relevo 3D<\/li>\n<li><strong>Resist\u00eancia \u00e0s intemp\u00e9ries<\/strong>: Resistente ao apodrecimento, \u00e0 humidade, aos insectos e aos raios UV<\/li>\n<li><strong>Manuten\u00e7\u00e3o<\/strong>: Manuten\u00e7\u00e3o reduzida; n\u00e3o \u00e9 necess\u00e1rio pintar, selar ou manchar<\/li>\n<li><strong>Instala\u00e7\u00e3o<\/strong>: F\u00e1cil de fazer; processo de instala\u00e7\u00e3o simples e direto<\/li>\n<\/ul>\n<h3>Se quiser saber mais pormenores, clique neste link do youtube:<a href=\"https:\/\/youtu.be\/88PIb9PK7Bk\" target=\"_blank\" rel=\"noopener\">https:\/\/youtu.be\/88PIb9PK7Bk<\/a><\/h3>\n<p>&nbsp;<\/p>\n<h3>Galeria<\/h3>\n<figure id=\"attachment_17496\" aria-describedby=\"caption-attachment-17496\" style=\"width: 1024px\" class=\"wp-caption alignnone\"><img loading=\"lazy\" decoding=\"async\" class=\"wp-image-17496\" src=\"https:\/\/meterny.com\/wp-content\/uploads\/2024\/10\/10-1ZHU.jpg\" alt=\"Painel de veda\u00e7\u00e3o em comp\u00f3sito de madeira pl\u00e1stica para jardim\" width=\"1024\" height=\"1024\" srcset=\"https:\/\/meterny.com\/wp-content\/uploads\/2024\/10\/10-1ZHU.jpg 800w, https:\/\/meterny.com\/wp-content\/uploads\/2024\/10\/10-1ZHU-300x300.jpg 300w, https:\/\/meterny.com\/wp-content\/uploads\/2024\/10\/10-1ZHU-150x150.jpg 150w, https:\/\/meterny.com\/wp-content\/uploads\/2024\/10\/10-1ZHU-768x768.jpg 768w, https:\/\/meterny.com\/wp-content\/uploads\/2024\/10\/10-1ZHU-600x600.jpg 600w, https:\/\/meterny.com\/wp-content\/uploads\/2024\/10\/10-1ZHU-100x100.jpg 100w\" sizes=\"auto, (max-width: 1024px) 100vw, 1024px\" \/><figcaption id=\"caption-attachment-17496\" class=\"wp-caption-text\">Beleza sustent\u00e1vel: Veda\u00e7\u00f5es modernas em WPC para todos os projectos<\/figcaption><\/figure>\n<figure id=\"attachment_17494\" aria-describedby=\"caption-attachment-17494\" style=\"width: 1024px\" class=\"wp-caption alignnone\"><img loading=\"lazy\" decoding=\"async\" class=\"wp-image-17494\" src=\"https:\/\/meterny.com\/wp-content\/uploads\/2024\/10\/2-3ZHU.jpg\" alt=\"Pain\u00e9is de veda\u00e7\u00e3o WPC para projectos residenciais\" width=\"1024\" height=\"1024\" srcset=\"https:\/\/meterny.com\/wp-content\/uploads\/2024\/10\/2-3ZHU.jpg 800w, https:\/\/meterny.com\/wp-content\/uploads\/2024\/10\/2-3ZHU-300x300.jpg 300w, https:\/\/meterny.com\/wp-content\/uploads\/2024\/10\/2-3ZHU-150x150.jpg 150w, https:\/\/meterny.com\/wp-content\/uploads\/2024\/10\/2-3ZHU-768x768.jpg 768w, https:\/\/meterny.com\/wp-content\/uploads\/2024\/10\/2-3ZHU-600x600.jpg 600w, https:\/\/meterny.com\/wp-content\/uploads\/2024\/10\/2-3ZHU-100x100.jpg 100w\" sizes=\"auto, (max-width: 1024px) 100vw, 1024px\" \/><figcaption id=\"caption-attachment-17494\" class=\"wp-caption-text\">Resistente \u00e0s intemp\u00e9ries e com estilo: Veda\u00e7\u00f5es WPC perfeitas para todas as esta\u00e7\u00f5es<\/figcaption><\/figure>\n<figure id=\"attachment_17490\" aria-describedby=\"caption-attachment-17490\" style=\"width: 1024px\" class=\"wp-caption alignnone\"><img loading=\"lazy\" decoding=\"async\" class=\"wp-image-17490\" src=\"https:\/\/meterny.com\/wp-content\/uploads\/2024\/10\/\u90a6\u82f1-5.jpg\" alt=\"Painel de veda\u00e7\u00e3o WPC com textura de madeira natural\" width=\"1024\" height=\"1024\" srcset=\"https:\/\/meterny.com\/wp-content\/uploads\/2024\/10\/\u90a6\u82f1-5.jpg 800w, https:\/\/meterny.com\/wp-content\/uploads\/2024\/10\/\u90a6\u82f1-5-300x300.jpg 300w, https:\/\/meterny.com\/wp-content\/uploads\/2024\/10\/\u90a6\u82f1-5-150x150.jpg 150w, https:\/\/meterny.com\/wp-content\/uploads\/2024\/10\/\u90a6\u82f1-5-768x768.jpg 768w, https:\/\/meterny.com\/wp-content\/uploads\/2024\/10\/\u90a6\u82f1-5-600x600.jpg 600w, https:\/\/meterny.com\/wp-content\/uploads\/2024\/10\/\u90a6\u82f1-5-100x100.jpg 100w\" sizes=\"auto, (max-width: 1024px) 100vw, 1024px\" \/><figcaption id=\"caption-attachment-17490\" class=\"wp-caption-text\">Solu\u00e7\u00f5es de veda\u00e7\u00e3o elegantes com pain\u00e9is de veda\u00e7\u00e3o decorativos em WPC<\/figcaption><\/figure>\n<h3>Cor e superf\u00edcie<\/h3>\n<p>Dispon\u00edvel em nove cores distintas, o METE1800H1850 oferece op\u00e7\u00f5es de design vers\u00e1teis que se adaptam a qualquer jardim ou ambiente exterior. Escolha entre duas texturas de superf\u00edcie: tiras cl\u00e1ssicas ou elegantes gr\u00e3os de madeira, para complementar a sua paisagem na perfei\u00e7\u00e3o. Personalize o comprimento para se adaptar \u00e0s suas necessidades espec\u00edficas, assegurando uma instala\u00e7\u00e3o \u00e0 medida e sem falhas.<\/p>\n<figure id=\"attachment_17473\" aria-describedby=\"caption-attachment-17473\" style=\"width: 1024px\" class=\"wp-caption alignnone\"><img loading=\"lazy\" decoding=\"async\" class=\"wp-image-17473\" src=\"https:\/\/meterny.com\/wp-content\/uploads\/2024\/05\/A8c1e1d3dd6f44e7dbfc53b1a81cccee3q-1.png\" alt=\"Veda\u00e7\u00f5es em WPC com textura de madeira natural\" width=\"1024\" height=\"1024\" srcset=\"https:\/\/meterny.com\/wp-content\/uploads\/2024\/05\/A8c1e1d3dd6f44e7dbfc53b1a81cccee3q-1.png 800w, https:\/\/meterny.com\/wp-content\/uploads\/2024\/05\/A8c1e1d3dd6f44e7dbfc53b1a81cccee3q-1-300x300.png 300w, https:\/\/meterny.com\/wp-content\/uploads\/2024\/05\/A8c1e1d3dd6f44e7dbfc53b1a81cccee3q-1-150x150.png 150w, https:\/\/meterny.com\/wp-content\/uploads\/2024\/05\/A8c1e1d3dd6f44e7dbfc53b1a81cccee3q-1-768x768.png 768w, https:\/\/meterny.com\/wp-content\/uploads\/2024\/05\/A8c1e1d3dd6f44e7dbfc53b1a81cccee3q-1-600x600.png 600w, https:\/\/meterny.com\/wp-content\/uploads\/2024\/05\/A8c1e1d3dd6f44e7dbfc53b1a81cccee3q-1-100x100.png 100w\" sizes=\"auto, (max-width: 1024px) 100vw, 1024px\" \/><figcaption id=\"caption-attachment-17473\" class=\"wp-caption-text\">O futuro das veda\u00e7\u00f5es para exteriores: Elegantes, fortes e sustent\u00e1veis<\/figcaption><\/figure>\n<p>Carta de cores do painel de veda\u00e7\u00e3o WPC da s\u00e9rie Meterny METE<\/p>\n<figure id=\"attachment_20293\" aria-describedby=\"caption-attachment-20293\" style=\"width: 1024px\" class=\"wp-caption alignnone\"><img loading=\"lazy\" decoding=\"async\" class=\"wp-image-20293\" src=\"https:\/\/meterny.com\/wp-content\/uploads\/2024\/10\/METE-Series-Colour-151.png\" alt=\"Op\u00e7\u00f5es de cores da veda\u00e7\u00e3o Meterny WPC\" width=\"1024\" height=\"1024\" srcset=\"https:\/\/meterny.com\/wp-content\/uploads\/2024\/10\/METE-Series-Colour-151.png 900w, https:\/\/meterny.com\/wp-content\/uploads\/2024\/10\/METE-Series-Colour-151-300x300.png 300w, https:\/\/meterny.com\/wp-content\/uploads\/2024\/10\/METE-Series-Colour-151-150x150.png 150w, https:\/\/meterny.com\/wp-content\/uploads\/2024\/10\/METE-Series-Colour-151-768x768.png 768w, https:\/\/meterny.com\/wp-content\/uploads\/2024\/10\/METE-Series-Colour-151-600x600.png 600w, https:\/\/meterny.com\/wp-content\/uploads\/2024\/10\/METE-Series-Colour-151-100x100.png 100w\" sizes=\"auto, (max-width: 1024px) 100vw, 1024px\" \/><figcaption id=\"caption-attachment-20293\" class=\"wp-caption-text\">Explorar Veda\u00e7\u00e3o WPC Meterny - Nove op\u00e7\u00f5es de cores deslumbrantes para todos os estilos<\/figcaption><\/figure>\n<h3>Dur\u00e1vel e \u00e0 prova de \u00e1gua<\/h3>\n<p>Fabricada com tecnologia avan\u00e7ada de eco-extrus\u00e3o, esta veda\u00e7\u00e3o de comp\u00f3sito WPC foi constru\u00edda para durar. As suas propriedades \u00e0 prova de \u00e1gua fazem dela a escolha ideal para todas as condi\u00e7\u00f5es climat\u00e9ricas, garantindo longevidade e manuten\u00e7\u00e3o m\u00ednima. Os pilares de alum\u00ednio proporcionam uma estabilidade extra, tornando-a uma solu\u00e7\u00e3o de veda\u00e7\u00e3o fi\u00e1vel e robusta para qualquer jardim.<\/p>\n<p>Instala\u00e7\u00f5es Acess\u00f3rios<\/p>\n<figure id=\"attachment_17165\" aria-describedby=\"caption-attachment-17165\" style=\"width: 1024px\" class=\"wp-caption alignnone\"><img loading=\"lazy\" decoding=\"async\" class=\"wp-image-17165\" src=\"https:\/\/meterny.com\/wp-content\/uploads\/2024\/05\/Heef5f4fd9e2c4c9a9145a852eb0aedceQ-1.png\" alt=\"Acess\u00f3rios completos para a instala\u00e7\u00e3o de veda\u00e7\u00f5es WPC\" width=\"1024\" height=\"1054\" srcset=\"https:\/\/meterny.com\/wp-content\/uploads\/2024\/05\/Heef5f4fd9e2c4c9a9145a852eb0aedceQ-1.png 923w, https:\/\/meterny.com\/wp-content\/uploads\/2024\/05\/Heef5f4fd9e2c4c9a9145a852eb0aedceQ-1-291x300.png 291w, https:\/\/meterny.com\/wp-content\/uploads\/2024\/05\/Heef5f4fd9e2c4c9a9145a852eb0aedceQ-1-768x790.png 768w, https:\/\/meterny.com\/wp-content\/uploads\/2024\/05\/Heef5f4fd9e2c4c9a9145a852eb0aedceQ-1-600x618.png 600w\" sizes=\"auto, (max-width: 1024px) 100vw, 1024px\" \/><figcaption id=\"caption-attachment-17165\" class=\"wp-caption-text\">Acess\u00f3rios de instala\u00e7\u00e3o de veda\u00e7\u00f5es WPC tudo-em-um para uma montagem sem esfor\u00e7o<\/figcaption><\/figure>\n<h3>Porqu\u00ea escolher uma veda\u00e7\u00e3o exterior em pelo?<\/h3>\n<p id=\"\">A escolha de uma veda\u00e7\u00e3o exterior em WPC (Wood Plastic Composite) oferece v\u00e1rias raz\u00f5es convincentes para melhorar o seu espa\u00e7o exterior. Eis algumas das principais vantagens:<\/p>\n<ol>\n<li><strong>Durabilidade e longevidade<\/strong>:\n<ul>\n<li>As veda\u00e7\u00f5es WPC s\u00e3o concebidas para resistir aos elementos, incluindo humidade, insectos e raios UV. Isto assegura que mant\u00eam a sua beleza e funcionalidade durante anos, sem necessidade de repara\u00e7\u00f5es ou substitui\u00e7\u00f5es frequentes.<\/li>\n<\/ul>\n<\/li>\n<li><strong>Ecol\u00f3gico e sustent\u00e1vel<\/strong>:\n<ul>\n<li>Fabricadas a partir de fibras de madeira reciclada e pl\u00e1stico de polietileno de alta densidade, as veda\u00e7\u00f5es WPC contribuem para a redu\u00e7\u00e3o de res\u00edduos e promovem uma vida sustent\u00e1vel. S\u00e3o uma escolha amiga do ambiente que ajuda a proteger o nosso planeta.<\/li>\n<\/ul>\n<\/li>\n<li><strong>Manuten\u00e7\u00e3o reduzida<\/strong>:\n<ul>\n<li>Ao contr\u00e1rio das veda\u00e7\u00f5es de madeira tradicionais, as veda\u00e7\u00f5es WPC n\u00e3o requerem pintura, selagem ou colora\u00e7\u00e3o. Podem ser facilmente limpas com \u00e1gua, poupando-lhe tempo e dinheiro em custos de manuten\u00e7\u00e3o.<\/li>\n<\/ul>\n<\/li>\n<li><strong>Textura de gr\u00e3o de madeira natural<\/strong>:\n<ul>\n<li>A textura de gr\u00e3o de madeira em relevo 3D das veda\u00e7\u00f5es WPC proporciona um aspeto realista e sofisticado. Esta imita o aspeto da madeira natural sem a necessidade de manuten\u00e7\u00e3o, melhorando o aspeto est\u00e9tico do seu espa\u00e7o exterior.<\/li>\n<\/ul>\n<\/li>\n<li><strong>Resist\u00eancia \u00e0s intemp\u00e9ries<\/strong>:\n<ul>\n<li>As veda\u00e7\u00f5es em WPC s\u00e3o resistentes ao apodrecimento, deforma\u00e7\u00e3o e fissuras, mesmo em condi\u00e7\u00f5es climat\u00e9ricas adversas. Isto garante que se mant\u00eam em excelentes condi\u00e7\u00f5es, proporcionando uma prote\u00e7\u00e3o eficaz e privacidade para o seu jardim.<\/li>\n<\/ul>\n<\/li>\n<li><strong>Op\u00e7\u00f5es de design vers\u00e1teis<\/strong>:\n<ul>\n<li>Dispon\u00edveis numa variedade de cores, texturas e tamanhos, as veda\u00e7\u00f5es compostas de WPC podem ser personalizadas para se adequarem \u00e0s suas necessidades espec\u00edficas e prefer\u00eancias de estilo. Quer esteja \u00e0 procura de veda\u00e7\u00f5es de privacidade, bordas decorativas ou estruturas de jardim, as veda\u00e7\u00f5es compostas de WPC oferecem op\u00e7\u00f5es de design vers\u00e1teis para satisfazer as suas necessidades.<\/li>\n<\/ul>\n<\/li>\n<li><strong>Instala\u00e7\u00e3o f\u00e1cil<\/strong>:\n<ul>\n<li>Concebidas para uma instala\u00e7\u00e3o simples e direta, as veda\u00e7\u00f5es compostas WPC s\u00e3o f\u00e1ceis de instalar. Com conhecimentos b\u00e1sicos de carpintaria e ferramentas simples, pode instal\u00e1-las num instante, poupando dinheiro nos custos de instala\u00e7\u00e3o.<\/li>\n<\/ul>\n<\/li>\n<li><strong>Rent\u00e1vel<\/strong>:\n<ul>\n<li>Embora o investimento inicial numa veda\u00e7\u00e3o de comp\u00f3sito WPC possa ser ligeiramente superior ao das veda\u00e7\u00f5es de madeira tradicionais, as poupan\u00e7as a longo prazo em termos de manuten\u00e7\u00e3o e durabilidade fazem delas uma escolha rent\u00e1vel.<\/li>\n<\/ul>\n<\/li>\n<li><strong>Aumento do valor da propriedade<\/strong>:\n<ul>\n<li>Acrescentar uma veda\u00e7\u00e3o em WPC Composite ao seu espa\u00e7o exterior pode aumentar o valor global da sua propriedade. Aumenta a atra\u00e7\u00e3o pelo passeio e proporciona um ambiente seguro e privado para o seu jardim.<\/li>\n<\/ul>\n<\/li>\n<li><strong>Privacidade e seguran\u00e7a melhoradas<\/strong>:\n<ul>\n<li>As veda\u00e7\u00f5es compostas WPC oferecem privacidade e seguran\u00e7a eficazes para o seu jardim. Criam uma barreira que protege o seu espa\u00e7o exterior de intrusos e ru\u00eddos indesejados, proporcionando-lhe um ambiente calmo e tranquilo para desfrutar.<\/li>\n<\/ul>\n<\/li>\n<\/ol>\n<p id=\"\">Em conclus\u00e3o, a escolha de uma veda\u00e7\u00e3o exterior em materiais comp\u00f3sitos WPC oferece in\u00fameras vantagens que aumentam a beleza, a funcionalidade e o valor do seu espa\u00e7o exterior. Com a sua durabilidade, respeito pelo ambiente, baixa manuten\u00e7\u00e3o e op\u00e7\u00f5es de design vers\u00e1teis, as veda\u00e7\u00f5es em comp\u00f3sito WPC s\u00e3o uma excelente escolha para quem procura melhorar o seu jardim ou \u00e1rea exterior.<\/p>","protected":false},"excerpt":{"rendered":"<h3>Carater\u00edsticas principais:<\/h3>\n<p>\u00c0 prova de \u00e1gua e resistente \u00e0s intemp\u00e9ries: Ideal para utiliza\u00e7\u00e3o no exterior em todos os climas.<br \/>\nMateriais amigos do ambiente: Sustent\u00e1vel e consciente do ambiente.<br \/>\nComprimento personaliz\u00e1vel: Adaptado para se ajustar \u00e0s dimens\u00f5es espec\u00edficas do seu jardim.<br \/>\nManuten\u00e7\u00e3o reduzida: F\u00e1cil de limpar e manter, ao contr\u00e1rio da madeira tradicional.<br \/>\nOp\u00e7\u00f5es de superf\u00edcie dupla: Escolha entre elegantes gr\u00e3os de madeira ou tiras cl\u00e1ssicas para um aspeto personalizado.<br \/>\nEstabilidade melhorada: Refor\u00e7ado com pilares de alum\u00ednio dur\u00e1veis para maior resist\u00eancia e seguran\u00e7a.<\/p>\n<h3>Aplica\u00e7\u00f5es:<\/h3>\n<p>Perfeita para delimita\u00e7\u00e3o de jardins, divis\u00f3rias de privacidade e solu\u00e7\u00f5es de veda\u00e7\u00e3o decorativas.<\/p>","protected":false},"featured_media":17495,"comment_status":"open","ping_status":"closed","template":"","meta":{"_uag_custom_page_level_css":"","site-sidebar-layout":"default","site-content-layout":"","ast-site-content-layout":"default","site-content-style":"default","site-sidebar-style":"default","ast-global-header-display":"","ast-banner-title-visibility":"","ast-main-header-display":"","ast-hfb-above-header-display":"","ast-hfb-below-header-display":"","ast-hfb-mobile-header-display":"","site-post-title":"","ast-breadcrumbs-content":"","ast-featured-img":"","footer-sml-layout":"","theme-transparent-header-meta":"default","adv-header-id-meta":"","stick-header-meta":"default","header-above-stick-meta":"","header-main-stick-meta":"","header-below-stick-meta":"","astra-migrate-meta-layouts":"set","ast-page-background-enabled":"default","ast-page-background-meta":{"desktop":{"background-color":"var(--ast-global-color-4)","background-image":"","background-repeat":"repeat","background-position":"center center","background-size":"auto","background-attachment":"scroll","background-type":"","background-media":"","overlay-type":"","overlay-color":"","overlay-opacity":"","overlay-gradient":""},"tablet":{"background-color":"","background-image":"","background-repeat":"repeat","background-position":"center center","background-size":"auto","background-attachment":"scroll","background-type":"","background-media":"","overlay-type":"","overlay-color":"","overlay-opacity":"","overlay-gradient":""},"mobile":{"background-color":"","background-image":"","background-repeat":"repeat","background-position":"center center","background-size":"auto","background-attachment":"scroll","background-type":"","background-media":"","overlay-type":"","overlay-color":"","overlay-opacity":"","overlay-gradient":""}},"ast-content-background-meta":{"desktop":{"background-color":"var(--ast-global-color-5)","background-image":"","background-repeat":"repeat","background-position":"center center","background-size":"auto","background-attachment":"scroll","background-type":"","background-media":"","overlay-type":"","overlay-color":"","overlay-opacity":"","overlay-gradient":""},"tablet":{"background-color":"var(--ast-global-color-5)","background-image":"","background-repeat":"repeat","background-position":"center center","background-size":"auto","background-attachment":"scroll","background-type":"","background-media":"","overlay-type":"","overlay-color":"","overlay-opacity":"","overlay-gradient":""},"mobile":{"background-color":"var(--ast-global-color-5)","background-image":"","background-repeat":"repeat","background-position":"center center","background-size":"auto","background-attachment":"scroll","background-type":"","background-media":"","overlay-type":"","overlay-color":"","overlay-opacity":"","overlay-gradient":""}}},"product_brand":[],"product_cat":[18],"product_tag":[186,187,188,185],"class_list":{"0":"post-17480","1":"product","2":"type-product","3":"status-publish","4":"has-post-thumbnail","6":"product_cat-uncategorized","7":"product_tag-aluminum-fence","8":"product_tag-exterior-fence","9":"product_tag-garden-fence","10":"product_tag-wpc-fence","11":"desktop-align-center","12":"tablet-align-left","13":"mobile-align-left","14":"ast-product-gallery-layout-horizontal-slider","15":"ast-product-tabs-layout-vertical","17":"first","18":"instock","19":"shipping-taxable","20":"product-type-simple"},"uagb_featured_image_src":{"full":["https:\/\/meterny.com\/wp-content\/uploads\/2024\/10\/8-7ZHU.jpg",800,800,false],"thumbnail":["https:\/\/meterny.com\/wp-content\/uploads\/2024\/10\/8-7ZHU-150x150.jpg",150,150,true],"medium":["https:\/\/meterny.com\/wp-content\/uploads\/2024\/10\/8-7ZHU-300x300.jpg",300,300,true],"medium_large":["https:\/\/meterny.com\/wp-content\/uploads\/2024\/10\/8-7ZHU-768x768.jpg",768,768,true],"large":["https:\/\/meterny.com\/wp-content\/uploads\/2024\/10\/8-7ZHU.jpg",800,800,false],"1536x1536":["https:\/\/meterny.com\/wp-content\/uploads\/2024\/10\/8-7ZHU.jpg",800,800,false],"2048x2048":["https:\/\/meterny.com\/wp-content\/uploads\/2024\/10\/8-7ZHU.jpg",800,800,false],"trp-custom-language-flag":["https:\/\/meterny.com\/wp-content\/uploads\/2024\/10\/8-7ZHU.jpg",12,12,false],"woocommerce_thumbnail":["https:\/\/meterny.com\/wp-content\/uploads\/2024\/10\/8-7ZHU-300x300.jpg",300,300,true],"woocommerce_single":["https:\/\/meterny.com\/wp-content\/uploads\/2024\/10\/8-7ZHU-600x600.jpg",600,600,true],"woocommerce_gallery_thumbnail":["https:\/\/meterny.com\/wp-content\/uploads\/2024\/10\/8-7ZHU-100x100.jpg",100,100,true]},"uagb_author_info":{"display_name":"meterny","author_link":"https:\/\/meterny.com\/pt\/author\/"},"uagb_comment_info":0,"uagb_excerpt":"Key Features: Waterproof and Weather-Resistant: Ideal for outdoor use in all climates. Eco-Friendly Materials: Sustainable and environmentally conscious. Customizable Length: Tailored to fit your garden's specific dimensions. Low Maintenance: Easy to clean and maintain, unlike traditional wood. Dual Surface Options: Choose between elegant wood grains or classic strips for a personalized look. Enhanced Stability: Reinforced&hellip;","_links":{"self":[{"href":"https:\/\/meterny.com\/pt\/wp-json\/wp\/v2\/product\/17480","targetHints":{"allow":["GET"]}}],"collection":[{"href":"https:\/\/meterny.com\/pt\/wp-json\/wp\/v2\/product"}],"about":[{"href":"https:\/\/meterny.com\/pt\/wp-json\/wp\/v2\/types\/product"}],"replies":[{"embeddable":true,"href":"https:\/\/meterny.com\/pt\/wp-json\/wp\/v2\/comments?post=17480"}],"wp:featuredmedia":[{"embeddable":true,"href":"https:\/\/meterny.com\/pt\/wp-json\/wp\/v2\/media\/17495"}],"wp:attachment":[{"href":"https:\/\/meterny.com\/pt\/wp-json\/wp\/v2\/media?parent=17480"}],"wp:term":[{"taxonomy":"product_brand","embeddable":true,"href":"https:\/\/meterny.com\/pt\/wp-json\/wp\/v2\/product_brand?post=17480"},{"taxonomy":"product_cat","embeddable":true,"href":"https:\/\/meterny.com\/pt\/wp-json\/wp\/v2\/product_cat?post=17480"},{"taxonomy":"product_tag","embeddable":true,"href":"https:\/\/meterny.com\/pt\/wp-json\/wp\/v2\/product_tag?post=17480"}],"curies":[{"name":"wp","href":"https:\/\/api.w.org\/{rel}","templated":true}]}}