{"id":17660,"date":"2024-10-10T01:59:46","date_gmt":"2024-10-10T01:59:46","guid":{"rendered":"https:\/\/meterny.com\/?post_type=product&#038;p=17660"},"modified":"2025-05-24T02:04:14","modified_gmt":"2025-05-24T02:04:14","slug":"aluminum-glass-winter-garden","status":"publish","type":"product","link":"https:\/\/meterny.com\/pt\/produto\/aluminum-glass-winter-garden\/","title":{"rendered":"Estufa de jardim de inverno em vidro de alum\u00ednio Marquise de alum\u00ednio com telhado de vidro Marquise de alum\u00ednio com vidro temperado"},"content":{"rendered":"<h2 style=\"text-align: center;\">Estufa de vidro de alum\u00ednio para jardim de inverno Estufa de alum\u00ednio para jardim de inverno Marquise de alum\u00ednio com telhado de vidro<\/h2>\n<p><strong>Tipo<\/strong>: Marquise de alum\u00ednio com vidro temperado<\/p>\n<p><strong>Tamanho<\/strong>: personalizado<\/p>\n<p><strong>Superf\u00edcie<\/strong>: revestimento\/pintura personalizada<\/p>\n<p><strong>Cor<\/strong>: personalizado<\/p>\n<p><strong>Comprimento<\/strong>: Personalizado<\/p>\n<p><strong>Material<\/strong>: Liga de alum\u00ednio de alta qualidade<\/p>\n<p><strong>Tecnologia de produtos<\/strong>: Sistema anti-fugas AquaGuard Meterny<\/p>\n<p>Vidro de alum\u00ednio Winter Garden<\/p>\n<figure id=\"attachment_17703\" aria-describedby=\"caption-attachment-17703\" style=\"width: 1024px\" class=\"wp-caption alignnone\"><img loading=\"lazy\" decoding=\"async\" class=\"wp-image-17703\" src=\"https:\/\/meterny.com\/wp-content\/uploads\/2024\/10\/V9\u9633\u5149\uff08\u9ed1\u7802\u7070\uff09\u4e3b.jpg\" alt=\"Vidro de alum\u00ednio Winter Garden\" width=\"1024\" height=\"1024\" srcset=\"https:\/\/meterny.com\/wp-content\/uploads\/2024\/10\/V9\u9633\u5149\uff08\u9ed1\u7802\u7070\uff09\u4e3b.jpg 800w, https:\/\/meterny.com\/wp-content\/uploads\/2024\/10\/V9\u9633\u5149\uff08\u9ed1\u7802\u7070\uff09\u4e3b-300x300.jpg 300w, https:\/\/meterny.com\/wp-content\/uploads\/2024\/10\/V9\u9633\u5149\uff08\u9ed1\u7802\u7070\uff09\u4e3b-150x150.jpg 150w, https:\/\/meterny.com\/wp-content\/uploads\/2024\/10\/V9\u9633\u5149\uff08\u9ed1\u7802\u7070\uff09\u4e3b-768x768.jpg 768w, https:\/\/meterny.com\/wp-content\/uploads\/2024\/10\/V9\u9633\u5149\uff08\u9ed1\u7802\u7070\uff09\u4e3b-600x600.jpg 600w, https:\/\/meterny.com\/wp-content\/uploads\/2024\/10\/V9\u9633\u5149\uff08\u9ed1\u7802\u7070\uff09\u4e3b-100x100.jpg 100w\" sizes=\"auto, (max-width: 1024px) 100vw, 1024px\" \/><figcaption id=\"caption-attachment-17703\" class=\"wp-caption-text\">P\u00e1tio preto Sala de sol: O seu santu\u00e1rio pessoal ao ar livre<\/figcaption><\/figure>\n<h3><strong>Nome do produto<\/strong>: Vidro de liga de alum\u00ednio Jardim de inverno<\/h3>\n<p>Vidro de alum\u00ednio Winter Garden<\/p>\n<h3><strong>Vis\u00e3o geral do produto<\/strong><\/h3>\n<p id=\"\">O Jardim de inverno em liga de alum\u00ednio e vidro \u00e9 a escolha ideal para dar um charme e conforto \u00fanicos \u00e0 sua casa. Com liga de alum\u00ednio de alta qualidade e vidro isolado eficiente, combinados com conceitos de design moderno e artesanato requintado, cria um espa\u00e7o de lazer interior que \u00e9 quente durante todo o ano, cheio de luz natural e oferece vistas amplas.<\/p>\n<h3><strong>Carater\u00edsticas do produto Jardim de inverno em vidro de alum\u00ednio<\/strong><\/h3>\n<ol>\n<li><strong>Materiais de alta qualidade<\/strong>\n<ul>\n<li>Utiliza quadros de liga de alum\u00ednio de primeira qualidade para resist\u00eancia \u00e0 corros\u00e3o, alta resist\u00eancia e durabilidade estrutural.<\/li>\n<li>O vidro com isolamento eficiente bloqueia eficazmente os raios UV e a transfer\u00eancia de calor, mantendo uma temperatura interior confort\u00e1vel.<\/li>\n<\/ul>\n<\/li>\n<li><strong>Artesanato requintado<\/strong>\n<ul>\n<li>O processamento de precis\u00e3o e as t\u00e9cnicas de soldadura sem falhas garantem detalhes perfeitos.<\/li>\n<li>O design de veda\u00e7\u00e3o de v\u00e1rias camadas isola eficazmente o ru\u00eddo e o p\u00f3, melhorando a qualidade de vida.<\/li>\n<\/ul>\n<\/li>\n<li><strong>Luz natural e vistas<\/strong>\n<ul>\n<li>As grandes \u00e1reas envidra\u00e7adas permitem a entrada de luz natural no interior, criando um ambiente luminoso e confort\u00e1vel.<\/li>\n<li>As vistas amplas permitem-lhe apreciar a beleza do exterior da sua janela e sentir a tranquilidade da natureza a partir do conforto da sua casa.<\/li>\n<\/ul>\n<\/li>\n<li><strong>Espa\u00e7o vers\u00e1til<\/strong>\n<ul>\n<li>Pode ser utilizado como sala de estar, \u00e1rea de estudo, \u00e1rea de fitness e muito mais, satisfazendo as suas diversas necessidades.<\/li>\n<li>Ajuste facilmente a disposi\u00e7\u00e3o e a decora\u00e7\u00e3o para criar um espa\u00e7o personalizado \u00e0 sua medida.<\/li>\n<\/ul>\n<\/li>\n<li><strong>Amigo do ambiente e eficiente em termos energ\u00e9ticos<\/strong>\n<ul>\n<li>As elevadas propriedades de isolamento e reten\u00e7\u00e3o t\u00e9rmica reduzem o consumo de energia e as emiss\u00f5es de carbono.<\/li>\n<li>Respeita as normas ambientais, contribuindo para a sua sa\u00fade e para o futuro do nosso planeta.<\/li>\n<\/ul>\n<\/li>\n<li><strong>Manuten\u00e7\u00e3o f\u00e1cil<\/strong>\n<ul>\n<li>Os materiais em liga de alum\u00ednio e vidro s\u00e3o f\u00e1ceis de limpar, mantendo-os como novos durante mais tempo.<\/li>\n<li>N\u00e3o necessita de manuten\u00e7\u00e3o complexa, poupando-lhe tempo e esfor\u00e7o.<\/li>\n<\/ul>\n<\/li>\n<\/ol>\n<h3><strong>Especifica\u00e7\u00f5es do produto<\/strong><\/h3>\n<ul>\n<li>Material da estrutura: Liga de alum\u00ednio de alta qualidade<\/li>\n<li>Tipo de vidro: Vidro com isolamento eficiente<\/li>\n<li>Gama de tamanhos: Personaliz\u00e1vel de acordo com as necessidades do cliente<\/li>\n<li>Op\u00e7\u00f5es de cores: V\u00e1rias cores dispon\u00edveis para satisfazer as prefer\u00eancias personalizadas<\/li>\n<\/ul>\n<h3><strong>Cen\u00e1rios de aplica\u00e7\u00e3o<\/strong><\/h3>\n<ul>\n<li>Espa\u00e7os de lazer interiores para moradias residenciais, apartamentos de luxo, resorts e outros locais.<\/li>\n<li>Ambientes interiores que exigem mais luz natural, vistas e melhor qualidade de vida.<\/li>\n<\/ul>\n<h3>Mais desenhos de Vidro de alum\u00ednio Winter Garden<\/h3>\n<figure id=\"attachment_17691\" aria-describedby=\"caption-attachment-17691\" style=\"width: 1024px\" class=\"wp-caption alignnone\"><img loading=\"lazy\" decoding=\"async\" class=\"wp-image-17691\" src=\"https:\/\/meterny.com\/wp-content\/uploads\/2024\/10\/\u4e0b\u8f7d-23.jpg\" alt=\"estilos de sol\u00e1rio em alum\u00ednio multicolorido solu\u00e7\u00f5es elegantes para sol\u00e1rios\" width=\"1024\" height=\"1024\" srcset=\"https:\/\/meterny.com\/wp-content\/uploads\/2024\/10\/\u4e0b\u8f7d-23.jpg 1200w, https:\/\/meterny.com\/wp-content\/uploads\/2024\/10\/\u4e0b\u8f7d-23-300x300.jpg 300w, https:\/\/meterny.com\/wp-content\/uploads\/2024\/10\/\u4e0b\u8f7d-23-1024x1024.jpg 1024w, https:\/\/meterny.com\/wp-content\/uploads\/2024\/10\/\u4e0b\u8f7d-23-150x150.jpg 150w, https:\/\/meterny.com\/wp-content\/uploads\/2024\/10\/\u4e0b\u8f7d-23-768x768.jpg 768w, https:\/\/meterny.com\/wp-content\/uploads\/2024\/10\/\u4e0b\u8f7d-23-600x600.jpg 600w, https:\/\/meterny.com\/wp-content\/uploads\/2024\/10\/\u4e0b\u8f7d-23-100x100.jpg 100w\" sizes=\"auto, (max-width: 1024px) 100vw, 1024px\" \/><figcaption id=\"caption-attachment-17691\" class=\"wp-caption-text\">Um caleidosc\u00f3pio de designs de sol\u00e1rios: Escolha a solu\u00e7\u00e3o perfeita<\/figcaption><\/figure>\n<p>Vidro de alum\u00ednio Winter Garden<\/p>\n<figure id=\"attachment_16950\" aria-describedby=\"caption-attachment-16950\" style=\"width: 1024px\" class=\"wp-caption alignnone\"><img loading=\"lazy\" decoding=\"async\" class=\"wp-image-16950\" src=\"https:\/\/meterny.com\/wp-content\/uploads\/2024\/09\/About-Meterny@3x.png\" alt=\"Compara\u00e7\u00e3o da p\u00e9rgola de alum\u00ednio Meterny com outras p\u00e9rgolas\" width=\"1024\" height=\"1447\" srcset=\"https:\/\/meterny.com\/wp-content\/uploads\/2024\/09\/About-Meterny@3x.png 1787w, https:\/\/meterny.com\/wp-content\/uploads\/2024\/09\/About-Meterny@3x-212x300.png 212w, https:\/\/meterny.com\/wp-content\/uploads\/2024\/09\/About-Meterny@3x-724x1024.png 724w, https:\/\/meterny.com\/wp-content\/uploads\/2024\/09\/About-Meterny@3x-768x1086.png 768w, https:\/\/meterny.com\/wp-content\/uploads\/2024\/09\/About-Meterny@3x-1087x1536.png 1087w, https:\/\/meterny.com\/wp-content\/uploads\/2024\/09\/About-Meterny@3x-1449x2048.png 1449w, https:\/\/meterny.com\/wp-content\/uploads\/2024\/09\/About-Meterny@3x-600x848.png 600w\" sizes=\"auto, (max-width: 1024px) 100vw, 1024px\" \/><figcaption id=\"caption-attachment-16950\" class=\"wp-caption-text\">P\u00e9rgolas Meterny vs. P\u00e9rgolas Tradicionais: Carater\u00edsticas Superiores<\/figcaption><\/figure>\n<h3>Breve descri\u00e7\u00e3o do vidro de alum\u00ednio Winter Garden<\/h3>\n<ol>\n<li><strong>Materiais e acabamentos de alta qualidade<\/strong>:\n<ul>\n<li>A METERNY utiliza materiais de liga de alum\u00ednio e vidro de alta qualidade, com op\u00e7\u00f5es de revestimento em p\u00f3, anodiza\u00e7\u00e3o, eletroforese e pintura com fl\u00faor-carbono para maior durabilidade e apelo est\u00e9tico.<\/li>\n<\/ul>\n<\/li>\n<li><strong>Conce\u00e7\u00e3o flex\u00edvel do telhado<\/strong>:\n<ul>\n<li>O design do telhado pode ser personalizado, incluindo op\u00e7\u00f5es como formas em arco, planas, poligonais, inclinadas e triangulares, para se adaptar \u00e0s prefer\u00eancias individuais e aos estilos arquitect\u00f3nicos.<\/li>\n<\/ul>\n<\/li>\n<li><strong>Redu\u00e7\u00e3o do ru\u00eddo e respeito pelo ambiente<\/strong>:\n<ul>\n<li>Os sol\u00e1rios de alum\u00ednio e vidro da METERNY foram concebidos para reduzir o ru\u00eddo e s\u00e3o amigos do ambiente, o que os torna uma escolha sustent\u00e1vel para espa\u00e7os de vida ao ar livre.<\/li>\n<\/ul>\n<\/li>\n<li><strong>Leve e de f\u00e1cil instala\u00e7\u00e3o<\/strong>:\n<ul>\n<li>A estrutura em liga de alum\u00ednio \u00e9 leve mas resistente, tornando a instala\u00e7\u00e3o mais f\u00e1cil e r\u00e1pida em compara\u00e7\u00e3o com os materiais tradicionais.<\/li>\n<\/ul>\n<\/li>\n<li><strong>Estilo de vida melhorado<\/strong>:\n<ul>\n<li>Um jardim de inverno em vidro de alum\u00ednio da METERNY acrescenta um espa\u00e7o vers\u00e1til e bonito \u00e0 sua casa, melhorando o seu estilo de vida ao proporcionar uma \u00e1rea perfeita para relaxar, divertir-se ou simplesmente desfrutar do ar livre.<\/li>\n<\/ul>\n<\/li>\n<\/ol>\n<p>Vidro de alum\u00ednio Winter Garden<\/p>\n<p>Projeto inovador de preven\u00e7\u00e3o de fugas de \u00e1gua do Meterny<\/p>\n<p>&nbsp;<\/p>\n<h3>Se quiser saber mais pormenores, clique neste link do youtube:<a href=\"https:\/\/youtu.be\/J8DMrYIno6U\" target=\"_blank\" rel=\"noopener\">https:\/\/youtu.be\/J8DMrYIno6U<\/a><\/h3>\n<figure id=\"attachment_16951\" aria-describedby=\"caption-attachment-16951\" style=\"width: 1024px\" class=\"wp-caption alignnone\"><img loading=\"lazy\" decoding=\"async\" class=\"wp-image-16951\" src=\"https:\/\/meterny.com\/wp-content\/uploads\/2024\/09\/\u753b\u677f-16@3x.png\" alt=\"Meterny, p\u00e9rgola de alum\u00ednio com patente exclusiva\" width=\"1024\" height=\"1448\" srcset=\"https:\/\/meterny.com\/wp-content\/uploads\/2024\/09\/\u753b\u677f-16@3x.png 1787w, https:\/\/meterny.com\/wp-content\/uploads\/2024\/09\/\u753b\u677f-16@3x-212x300.png 212w, https:\/\/meterny.com\/wp-content\/uploads\/2024\/09\/\u753b\u677f-16@3x-724x1024.png 724w, https:\/\/meterny.com\/wp-content\/uploads\/2024\/09\/\u753b\u677f-16@3x-768x1086.png 768w, https:\/\/meterny.com\/wp-content\/uploads\/2024\/09\/\u753b\u677f-16@3x-1086x1536.png 1086w, https:\/\/meterny.com\/wp-content\/uploads\/2024\/09\/\u753b\u677f-16@3x-1448x2048.png 1448w, https:\/\/meterny.com\/wp-content\/uploads\/2024\/09\/\u753b\u677f-16@3x-600x848.png 600w\" sizes=\"auto, (max-width: 1024px) 100vw, 1024px\" \/><figcaption id=\"caption-attachment-16951\" class=\"wp-caption-text\">O design patenteado do Meterny: Uma p\u00e9rgola como nenhuma outra<\/figcaption><\/figure>\n<h3>Vidro de alum\u00ednio Winter Garden<\/h3>\n<h3>Por que escolher a marquise de vidro de alum\u00ednio personalizada da Meterny?<\/h3>\n<p id=\"\">Escolher o sol\u00e1rio de vidro de alum\u00ednio personalizado da Meterny \u00e9 uma decis\u00e3o que traz in\u00fameros benef\u00edcios para a sua casa e estilo de vida. Aqui est\u00e3o algumas raz\u00f5es convincentes:<\/p>\n<ol>\n<li>\n<p id=\"\"><strong>Materiais de qualidade superior<\/strong>:<br \/>\nMeterny utiliza apenas materiais de liga de alum\u00ednio e vidro da mais alta qualidade para os seus sol\u00e1rios. Isto garante uma estrutura robusta, dur\u00e1vel e duradoura que pode resistir aos elementos, mantendo uma apar\u00eancia elegante e moderna.<\/p>\n<\/li>\n<li>\n<p id=\"\"><strong>Design personaliz\u00e1vel<\/strong>:<br \/>\nCom o Meterny, tem a flexibilidade de conceber o seu sol\u00e1rio exatamente como o imagina. Desde o tamanho e a forma at\u00e9 \u00e0 cor e aos acabamentos, todos os aspectos podem ser adaptados \u00e0s suas necessidades e prefer\u00eancias espec\u00edficas. Isto garante que a sua marquise se integra perfeitamente na arquitetura existente da sua casa.<\/p>\n<\/li>\n<li>\n<p id=\"\"><strong>Isolamento e efici\u00eancia energ\u00e9tica excepcionais<\/strong>:<br \/>\nOs sol\u00e1rios de vidro de alum\u00ednio da Meterny s\u00e3o concebidos com isolamento avan\u00e7ado e carater\u00edsticas de efici\u00eancia energ\u00e9tica. Isto significa que pode desfrutar da sua marquise durante todo o ano, independentemente do tempo no exterior. Tamb\u00e9m ter\u00e1 contas de energia mais baixas devido \u00e0 capacidade do sol\u00e1rio de reter o calor no inverno e de se manter fresco no ver\u00e3o.<\/p>\n<\/li>\n<li>\n<p id=\"\"><strong>Luz natural e ventila\u00e7\u00e3o<\/strong>:<br \/>\nOs grandes pain\u00e9is de vidro dos sol\u00e1rios Meterny permitem a entrada de muita luz natural na sua casa. Isto cria um espa\u00e7o luminoso, arejado e acolhedor, perfeito para relaxar, divertir-se ou mesmo trabalhar. Al\u00e9m disso, muitos dos nossos sol\u00e1rios incluem op\u00e7\u00f5es de ventila\u00e7\u00e3o ajust\u00e1veis para garantir a entrada de ar fresco sempre que precisar.<\/p>\n<\/li>\n<li>\n<p id=\"\"><strong>Aumento do valor da casa<\/strong>:<br \/>\nAdicionar uma marquise de vidro de alum\u00ednio personalizada \u00e0 sua casa pode aumentar significativamente o seu valor global. \u00c9 uma carater\u00edstica que os potenciais compradores achar\u00e3o atractiva, e acrescenta metragem quadrada ao seu espa\u00e7o de vida sem a necessidade de uma adi\u00e7\u00e3o ou extens\u00e3o dispendiosa.<\/p>\n<\/li>\n<li>\n<p id=\"\"><strong>Instala\u00e7\u00e3o e suporte especializados<\/strong>:<br \/>\nA equipa de profissionais experientes da Meterny trata de todos os aspectos do processo de instala\u00e7\u00e3o, desde a conce\u00e7\u00e3o inicial at\u00e9 \u00e0 configura\u00e7\u00e3o final. Orgulhamo-nos da nossa aten\u00e7\u00e3o meticulosa aos pormenores e do nosso empenho na satisfa\u00e7\u00e3o do cliente. Al\u00e9m disso, oferecemos servi\u00e7os de apoio e manuten\u00e7\u00e3o cont\u00ednuos para garantir que a sua marquise se mant\u00e9m em \u00f3ptimas condi\u00e7\u00f5es durante muitos anos.<\/p>\n<\/li>\n<li>\n<p id=\"\"><strong>Estilo de vida melhorado<\/strong>:<br \/>\nEm \u00faltima an\u00e1lise, um sol\u00e1rio de vidro de alum\u00ednio personalizado da Meterny melhora o seu estilo de vida, proporcionando-lhe um espa\u00e7o vers\u00e1til e bonito para desfrutar. Quer esteja a organizar uma reuni\u00e3o de fam\u00edlia, a ler um livro ou simplesmente a apanhar sol, a sua marquise tornar-se-\u00e1 uma parte querida da sua casa.<\/p>\n<\/li>\n<\/ol>\n<p id=\"\">Em conclus\u00e3o, a marquise de vidro de alum\u00ednio personalizada da Meterny oferece uma combina\u00e7\u00e3o perfeita de estilo, funcionalidade e durabilidade. \u00c9 um investimento que vale a pena e que trar\u00e1 alegria e valor \u00e0 sua casa durante muitos anos.<\/p>","protected":false},"excerpt":{"rendered":"<p>Crie um ref\u00fagio exterior elegante e resistente \u00e0s intemp\u00e9ries com o Pavilh\u00e3o de alum\u00ednio met\u00e1lico \u00e0 prova de \u00e1gua, combinando um design elegante com um desempenho duradouro.<\/p>","protected":false},"featured_media":17703,"comment_status":"open","ping_status":"closed","template":"","meta":{"_uag_custom_page_level_css":"","site-sidebar-layout":"default","site-content-layout":"","ast-site-content-layout":"default","site-content-style":"default","site-sidebar-style":"default","ast-global-header-display":"","ast-banner-title-visibility":"","ast-main-header-display":"","ast-hfb-above-header-display":"","ast-hfb-below-header-display":"","ast-hfb-mobile-header-display":"","site-post-title":"","ast-breadcrumbs-content":"","ast-featured-img":"","footer-sml-layout":"","theme-transparent-header-meta":"default","adv-header-id-meta":"","stick-header-meta":"default","header-above-stick-meta":"","header-main-stick-meta":"","header-below-stick-meta":"","astra-migrate-meta-layouts":"set","ast-page-background-enabled":"default","ast-page-background-meta":{"desktop":{"background-color":"var(--ast-global-color-4)","background-image":"","background-repeat":"repeat","background-position":"center center","background-size":"auto","background-attachment":"scroll","background-type":"","background-media":"","overlay-type":"","overlay-color":"","overlay-opacity":"","overlay-gradient":""},"tablet":{"background-color":"","background-image":"","background-repeat":"repeat","background-position":"center center","background-size":"auto","background-attachment":"scroll","background-type":"","background-media":"","overlay-type":"","overlay-color":"","overlay-opacity":"","overlay-gradient":""},"mobile":{"background-color":"","background-image":"","background-repeat":"repeat","background-position":"center center","background-size":"auto","background-attachment":"scroll","background-type":"","background-media":"","overlay-type":"","overlay-color":"","overlay-opacity":"","overlay-gradient":""}},"ast-content-background-meta":{"desktop":{"background-color":"var(--ast-global-color-5)","background-image":"","background-repeat":"repeat","background-position":"center center","background-size":"auto","background-attachment":"scroll","background-type":"","background-media":"","overlay-type":"","overlay-color":"","overlay-opacity":"","overlay-gradient":""},"tablet":{"background-color":"var(--ast-global-color-5)","background-image":"","background-repeat":"repeat","background-position":"center center","background-size":"auto","background-attachment":"scroll","background-type":"","background-media":"","overlay-type":"","overlay-color":"","overlay-opacity":"","overlay-gradient":""},"mobile":{"background-color":"var(--ast-global-color-5)","background-image":"","background-repeat":"repeat","background-position":"center center","background-size":"auto","background-attachment":"scroll","background-type":"","background-media":"","overlay-type":"","overlay-color":"","overlay-opacity":"","overlay-gradient":""}}},"product_brand":[],"product_cat":[18],"product_tag":[219,217,218,216],"class_list":{"0":"post-17660","1":"product","2":"type-product","3":"status-publish","4":"has-post-thumbnail","6":"product_cat-uncategorized","7":"product_tag-aluminum-metal-waterproof-pergola","8":"product_tag-aluminum-pavilion","9":"product_tag-metal-pavilion","10":"product_tag-waterproof-pavilion","11":"desktop-align-center","12":"tablet-align-left","13":"mobile-align-left","14":"ast-product-gallery-layout-horizontal-slider","15":"ast-product-single-variable","16":"ast-product-tabs-layout-vertical","18":"first","19":"instock","20":"shipping-taxable","21":"product-type-variable"},"uagb_featured_image_src":{"full":["https:\/\/meterny.com\/wp-content\/uploads\/2024\/10\/V9\u9633\u5149\uff08\u9ed1\u7802\u7070\uff09\u4e3b.jpg",800,800,false],"thumbnail":["https:\/\/meterny.com\/wp-content\/uploads\/2024\/10\/V9\u9633\u5149\uff08\u9ed1\u7802\u7070\uff09\u4e3b-150x150.jpg",150,150,true],"medium":["https:\/\/meterny.com\/wp-content\/uploads\/2024\/10\/V9\u9633\u5149\uff08\u9ed1\u7802\u7070\uff09\u4e3b-300x300.jpg",300,300,true],"medium_large":["https:\/\/meterny.com\/wp-content\/uploads\/2024\/10\/V9\u9633\u5149\uff08\u9ed1\u7802\u7070\uff09\u4e3b-768x768.jpg",768,768,true],"large":["https:\/\/meterny.com\/wp-content\/uploads\/2024\/10\/V9\u9633\u5149\uff08\u9ed1\u7802\u7070\uff09\u4e3b.jpg",800,800,false],"1536x1536":["https:\/\/meterny.com\/wp-content\/uploads\/2024\/10\/V9\u9633\u5149\uff08\u9ed1\u7802\u7070\uff09\u4e3b.jpg",800,800,false],"2048x2048":["https:\/\/meterny.com\/wp-content\/uploads\/2024\/10\/V9\u9633\u5149\uff08\u9ed1\u7802\u7070\uff09\u4e3b.jpg",800,800,false],"trp-custom-language-flag":["https:\/\/meterny.com\/wp-content\/uploads\/2024\/10\/V9\u9633\u5149\uff08\u9ed1\u7802\u7070\uff09\u4e3b.jpg",12,12,false],"woocommerce_thumbnail":["https:\/\/meterny.com\/wp-content\/uploads\/2024\/10\/V9\u9633\u5149\uff08\u9ed1\u7802\u7070\uff09\u4e3b-300x300.jpg",300,300,true],"woocommerce_single":["https:\/\/meterny.com\/wp-content\/uploads\/2024\/10\/V9\u9633\u5149\uff08\u9ed1\u7802\u7070\uff09\u4e3b-600x600.jpg",600,600,true],"woocommerce_gallery_thumbnail":["https:\/\/meterny.com\/wp-content\/uploads\/2024\/10\/V9\u9633\u5149\uff08\u9ed1\u7802\u7070\uff09\u4e3b-100x100.jpg",100,100,true]},"uagb_author_info":{"display_name":"meterny","author_link":"https:\/\/meterny.com\/pt\/author\/"},"uagb_comment_info":0,"uagb_excerpt":"Create a stylish and weather-resistant outdoor haven with the Aluminum Metal Waterproof Pavilion, combining sleek design with durable performance.","_links":{"self":[{"href":"https:\/\/meterny.com\/pt\/wp-json\/wp\/v2\/product\/17660","targetHints":{"allow":["GET"]}}],"collection":[{"href":"https:\/\/meterny.com\/pt\/wp-json\/wp\/v2\/product"}],"about":[{"href":"https:\/\/meterny.com\/pt\/wp-json\/wp\/v2\/types\/product"}],"replies":[{"embeddable":true,"href":"https:\/\/meterny.com\/pt\/wp-json\/wp\/v2\/comments?post=17660"}],"wp:featuredmedia":[{"embeddable":true,"href":"https:\/\/meterny.com\/pt\/wp-json\/wp\/v2\/media\/17703"}],"wp:attachment":[{"href":"https:\/\/meterny.com\/pt\/wp-json\/wp\/v2\/media?parent=17660"}],"wp:term":[{"taxonomy":"product_brand","embeddable":true,"href":"https:\/\/meterny.com\/pt\/wp-json\/wp\/v2\/product_brand?post=17660"},{"taxonomy":"product_cat","embeddable":true,"href":"https:\/\/meterny.com\/pt\/wp-json\/wp\/v2\/product_cat?post=17660"},{"taxonomy":"product_tag","embeddable":true,"href":"https:\/\/meterny.com\/pt\/wp-json\/wp\/v2\/product_tag?post=17660"}],"curies":[{"name":"wp","href":"https:\/\/api.w.org\/{rel}","templated":true}]}}