{"id":17798,"date":"2024-10-10T03:05:45","date_gmt":"2024-10-10T03:05:45","guid":{"rendered":"https:\/\/meterny.com\/?post_type=product&#038;p=17798"},"modified":"2025-05-24T02:14:03","modified_gmt":"2025-05-24T02:14:03","slug":"aluminum-tempered-glass-greenhouse","status":"publish","type":"product","link":"https:\/\/meterny.com\/pt\/produto\/aluminum-tempered-glass-greenhouse\/","title":{"rendered":"Vidro temperado de alum\u00ednio Estufa de alum\u00ednio Vidro temperado para jardim de inverno Marquise de alum\u00ednio"},"content":{"rendered":"<h2 style=\"text-align: center;\">Vidro temperado de alum\u00ednio Estufa de alum\u00ednio Vidro temperado para jardim de inverno Marquise de alum\u00ednio<\/h2>\n<p><strong>Tipo<\/strong>:  Marquise de alum\u00ednio com vidro temperado<\/p>\n<p><strong>Tamanho<\/strong>: personalizado<\/p>\n<p><strong>Superf\u00edcie<\/strong>: revestimento\/pintura personalizada<\/p>\n<p><strong>Cor<\/strong>: personalizado<\/p>\n<p><strong>Comprimento<\/strong>: Personalizado<\/p>\n<p><strong>Material<\/strong>: Liga de alum\u00ednio de alta qualidade<\/p>\n<p><strong>Tecnologia de produtos<\/strong>: Sistema anti-fugas AquaGuard Meterny<\/p>\n<figure id=\"attachment_17881\" aria-describedby=\"caption-attachment-17881\" style=\"width: 1024px\" class=\"wp-caption alignnone\"><img loading=\"lazy\" decoding=\"async\" class=\"wp-image-17881\" src=\"https:\/\/meterny.com\/wp-content\/uploads\/2024\/10\/22\u526f\u672c\u4e3b.jpg\" alt=\"Estufa de vidro temperado de alum\u00ednio\" width=\"1024\" height=\"1024\" srcset=\"https:\/\/meterny.com\/wp-content\/uploads\/2024\/10\/22\u526f\u672c\u4e3b.jpg 800w, https:\/\/meterny.com\/wp-content\/uploads\/2024\/10\/22\u526f\u672c\u4e3b-300x300.jpg 300w, https:\/\/meterny.com\/wp-content\/uploads\/2024\/10\/22\u526f\u672c\u4e3b-150x150.jpg 150w, https:\/\/meterny.com\/wp-content\/uploads\/2024\/10\/22\u526f\u672c\u4e3b-768x768.jpg 768w, https:\/\/meterny.com\/wp-content\/uploads\/2024\/10\/22\u526f\u672c\u4e3b-600x600.jpg 600w, https:\/\/meterny.com\/wp-content\/uploads\/2024\/10\/22\u526f\u672c\u4e3b-100x100.jpg 100w\" sizes=\"auto, (max-width: 1024px) 100vw, 1024px\" \/><figcaption id=\"caption-attachment-17881\" class=\"wp-caption-text\">Sol\u00e1rio castanho: Um retiro acolhedor no seu jardim<\/figcaption><\/figure>\n<p id=\"\"><strong>Nome do produto<\/strong>: Estufa de vidro temperado de alum\u00ednio<\/p>\n<hr \/>\n<p id=\"\"><strong>Vis\u00e3o geral<\/strong>:<\/p>\n<p id=\"\">A nossa estufa de alum\u00ednio com vidro temperado \u00e9 uma adi\u00e7\u00e3o impressionante e funcional a qualquer jardim ou espa\u00e7o exterior. Concebida com a durabilidade e a est\u00e9tica em mente, esta estufa possui uma estrutura de alum\u00ednio e pain\u00e9is de vidro temperado que proporcionam um ambiente forte, est\u00e1vel e transparente para as suas plantas prosperarem.<\/p>\n<hr \/>\n<p id=\"\"><strong>Carater\u00edsticas principais<\/strong>:<\/p>\n<ol>\n<li><strong>Estrutura de alum\u00ednio dur\u00e1vel<\/strong>:\n<ul>\n<li>Constru\u00edda em alum\u00ednio de alta qualidade, a estrutura desta estufa \u00e9 simultaneamente forte e leve. \u00c9 resistente \u00e0 ferrugem e \u00e0 corros\u00e3o, assegurando que a sua estufa permanece funcional e atractiva durante muitos anos.<\/li>\n<\/ul>\n<\/li>\n<li><strong>Pain\u00e9is de vidro temperado<\/strong>:\n<ul>\n<li>Os pain\u00e9is de vidro temperado oferecem uma excelente claridade e durabilidade. S\u00e3o resistentes a estilha\u00e7os, proporcionando maior seguran\u00e7a e prote\u00e7\u00e3o para as suas plantas e pertences. O vidro tamb\u00e9m permite a m\u00e1xima transmiss\u00e3o de luz, garantindo que as suas plantas recebem a luz solar de que necessitam para crescer e prosperar.<\/li>\n<\/ul>\n<\/li>\n<li><strong>Ventila\u00e7\u00e3o ajust\u00e1vel<\/strong>:\n<ul>\n<li>A estufa possui sistemas de ventila\u00e7\u00e3o ajust\u00e1veis que permitem controlar a temperatura e a humidade no interior. Isto assegura que as suas plantas recebam as condi\u00e7\u00f5es ideais de crescimento, independentemente do tempo no exterior.<\/li>\n<\/ul>\n<\/li>\n<li><strong>Layout personaliz\u00e1vel<\/strong>:\n<ul>\n<li>A nossa estufa \u00e9 fornecida com uma gama de op\u00e7\u00f5es personaliz\u00e1veis, permitindo-lhe criar uma disposi\u00e7\u00e3o que se adapte \u00e0s suas necessidades e prefer\u00eancias espec\u00edficas. Quer esteja \u00e0 procura de uma estufa pequena e compacta ou de uma estrutura maior e mais expansiva, temos uma solu\u00e7\u00e3o que vai ao encontro das suas necessidades.<\/li>\n<\/ul>\n<\/li>\n<li><strong>Instala\u00e7\u00e3o f\u00e1cil<\/strong>:\n<ul>\n<li>A estufa foi concebida para uma instala\u00e7\u00e3o f\u00e1cil, com instru\u00e7\u00f5es claras e todo o material necess\u00e1rio inclu\u00eddo. Isto significa que pode ter a sua estufa pronta a funcionar num instante, sem necessidade de assist\u00eancia profissional.<\/li>\n<\/ul>\n<\/li>\n<li><strong>Resist\u00eancia \u00e0s intemp\u00e9ries<\/strong>:\n<ul>\n<li>Com a sua estrutura de alum\u00ednio dur\u00e1vel e pain\u00e9is de vidro temperado, esta estufa \u00e9 capaz de resistir a condi\u00e7\u00f5es climat\u00e9ricas adversas. Quer se trate de neve, chuva ou vento, pode confiar que a sua estufa permanecer\u00e1 de p\u00e9 e funcional.<\/li>\n<\/ul>\n<\/li>\n<\/ol>\n<hr \/>\n<p id=\"\"><strong>Especifica\u00e7\u00f5es<\/strong>:<\/p>\n<ul>\n<li><strong>Material da estrutura<\/strong>: Alum\u00ednio<\/li>\n<li><strong>Tipo de vidro<\/strong>: Vidro temperado<\/li>\n<li><strong>Dimens\u00f5es<\/strong>: 3*3\/3*4\/4*4<\/li>\n<li><strong>Peso<\/strong>: 250-450kg<\/li>\n<li><strong>Ventila\u00e7\u00e3o<\/strong>: Ajust\u00e1vel<\/li>\n<li><strong>Op\u00e7\u00f5es personaliz\u00e1veis<\/strong>: Sim<\/li>\n<li><strong>Instala\u00e7\u00e3o<\/strong>: Instala\u00e7\u00e3o f\u00e1cil, fa\u00e7a voc\u00ea mesmo<\/li>\n<li><strong>Garantia<\/strong>: [mais de 10+anos]<\/li>\n<\/ul>\n<h3>Mais modelos<\/h3>\n<p>&nbsp;<\/p>\n<figure id=\"attachment_17691\" aria-describedby=\"caption-attachment-17691\" style=\"width: 1204px\" class=\"wp-caption alignnone\"><img loading=\"lazy\" decoding=\"async\" class=\"wp-image-17691\" src=\"https:\/\/meterny.com\/wp-content\/uploads\/2024\/10\/\u4e0b\u8f7d-23.jpg\" alt=\"estilos de sol\u00e1rio em alum\u00ednio multicolorido solu\u00e7\u00f5es elegantes para sol\u00e1rios\" width=\"1204\" height=\"1204\" srcset=\"https:\/\/meterny.com\/wp-content\/uploads\/2024\/10\/\u4e0b\u8f7d-23.jpg 1200w, https:\/\/meterny.com\/wp-content\/uploads\/2024\/10\/\u4e0b\u8f7d-23-300x300.jpg 300w, https:\/\/meterny.com\/wp-content\/uploads\/2024\/10\/\u4e0b\u8f7d-23-1024x1024.jpg 1024w, https:\/\/meterny.com\/wp-content\/uploads\/2024\/10\/\u4e0b\u8f7d-23-150x150.jpg 150w, https:\/\/meterny.com\/wp-content\/uploads\/2024\/10\/\u4e0b\u8f7d-23-768x768.jpg 768w, https:\/\/meterny.com\/wp-content\/uploads\/2024\/10\/\u4e0b\u8f7d-23-600x600.jpg 600w, https:\/\/meterny.com\/wp-content\/uploads\/2024\/10\/\u4e0b\u8f7d-23-100x100.jpg 100w\" sizes=\"auto, (max-width: 1204px) 100vw, 1204px\" \/><figcaption id=\"caption-attachment-17691\" class=\"wp-caption-text\">Um caleidosc\u00f3pio de designs de sol\u00e1rios: Escolha a solu\u00e7\u00e3o perfeita<\/figcaption><\/figure>\n<p>Estufa de vidro temperado de alum\u00ednio<\/p>\n<figure id=\"attachment_16950\" aria-describedby=\"caption-attachment-16950\" style=\"width: 1024px\" class=\"wp-caption alignnone\"><img loading=\"lazy\" decoding=\"async\" class=\"wp-image-16950\" src=\"https:\/\/meterny.com\/wp-content\/uploads\/2024\/09\/About-Meterny@3x.png\" alt=\"Compara\u00e7\u00e3o da p\u00e9rgola de alum\u00ednio Meterny com outras p\u00e9rgolas\" width=\"1024\" height=\"1447\" srcset=\"https:\/\/meterny.com\/wp-content\/uploads\/2024\/09\/About-Meterny@3x.png 1787w, https:\/\/meterny.com\/wp-content\/uploads\/2024\/09\/About-Meterny@3x-212x300.png 212w, https:\/\/meterny.com\/wp-content\/uploads\/2024\/09\/About-Meterny@3x-724x1024.png 724w, https:\/\/meterny.com\/wp-content\/uploads\/2024\/09\/About-Meterny@3x-768x1086.png 768w, https:\/\/meterny.com\/wp-content\/uploads\/2024\/09\/About-Meterny@3x-1087x1536.png 1087w, https:\/\/meterny.com\/wp-content\/uploads\/2024\/09\/About-Meterny@3x-1449x2048.png 1449w, https:\/\/meterny.com\/wp-content\/uploads\/2024\/09\/About-Meterny@3x-600x848.png 600w\" sizes=\"auto, (max-width: 1024px) 100vw, 1024px\" \/><figcaption id=\"caption-attachment-16950\" class=\"wp-caption-text\">P\u00e9rgolas Meterny vs. P\u00e9rgolas Tradicionais: Carater\u00edsticas Superiores<\/figcaption><\/figure>\n<h3>Breve descri\u00e7\u00e3o<\/h3>\n<p>O jardim de inverno em alum\u00ednio oferece<\/p>\n<p id=\"\">Um jardim de inverno em alum\u00ednio oferece uma s\u00e9rie de benef\u00edcios e carater\u00edsticas que o tornam a escolha ideal para quem procura criar um espa\u00e7o exterior elegante e funcional durante os meses mais frios. Aqui est\u00e3o algumas das principais ofertas de um jardim de inverno em alum\u00ednio:<\/p>\n<ol>\n<li><strong>Durabilidade e resist\u00eancia \u00e0s intemp\u00e9ries<\/strong>:\n<ul>\n<li>Constru\u00edda em alum\u00ednio de alta qualidade, a estrutura de um jardim de inverno \u00e9 resistente \u00e0 ferrugem, \u00e0 corros\u00e3o e \u00e0s condi\u00e7\u00f5es climat\u00e9ricas adversas. Isto garante que o seu jardim de inverno permanece funcional e atraente durante todo o inverno.<\/li>\n<\/ul>\n<\/li>\n<li><strong>Pain\u00e9is de vidro temperado<\/strong>:\n<ul>\n<li>Muitos jardins de inverno em alum\u00ednio possuem pain\u00e9is de vidro temperado que proporcionam uma excelente claridade e durabilidade. Estes pain\u00e9is s\u00e3o resistentes a estilha\u00e7os, oferecendo maior seguran\u00e7a e prote\u00e7\u00e3o. Tamb\u00e9m permitem a m\u00e1xima transmiss\u00e3o de luz, garantindo que as suas plantas recebem a luz solar de que necessitam para se manterem saud\u00e1veis e vibrantes.<\/li>\n<\/ul>\n<\/li>\n<li><strong>Calor e prote\u00e7\u00e3o<\/strong>:\n<ul>\n<li>Com o seu design fechado, um jardim de inverno em alum\u00ednio oferece um ambiente quente e protegido para as suas plantas e mobili\u00e1rio de exterior. \u00c9 a escolha ideal para prolongar a \u00e9poca de crescimento e proteger as plantas delicadas do frio do inverno.<\/li>\n<\/ul>\n<\/li>\n<li><strong>Layout e design personaliz\u00e1veis<\/strong>:\n<ul>\n<li>Os jardins de inverno em alum\u00ednio est\u00e3o dispon\u00edveis numa variedade de tamanhos, formas e designs, permitindo-lhe criar uma disposi\u00e7\u00e3o que se adapte \u00e0s suas necessidades e prefer\u00eancias espec\u00edficas. Quer esteja \u00e0 procura de uma estrutura pequena e compacta ou de um espa\u00e7o maior e mais expansivo, existe um jardim de inverno em alum\u00ednio que satisfaz as suas necessidades.<\/li>\n<\/ul>\n<\/li>\n<li><strong>Ventila\u00e7\u00e3o e climatiza\u00e7\u00e3o<\/strong>:\n<ul>\n<li>Muitos jardins de inverno em alum\u00ednio possuem sistemas de ventila\u00e7\u00e3o ajust\u00e1veis que permitem controlar a temperatura e a humidade no interior. Isto assegura que as suas plantas recebam as condi\u00e7\u00f5es ideais de crescimento, independentemente do tempo no exterior.<\/li>\n<\/ul>\n<\/li>\n<\/ol>\n<h3>Se quiser saber mais pormenores, clique neste link do youtube:<a href=\"https:\/\/youtu.be\/88PIb9PK7Bk\" target=\"_blank\" rel=\"noopener\">https:\/\/youtu.be\/88PIb9PK7Bk<\/a><\/h3>\n<p>&nbsp;<\/p>\n<figure id=\"attachment_16952\" aria-describedby=\"caption-attachment-16952\" style=\"width: 1024px\" class=\"wp-caption alignnone\"><img loading=\"lazy\" decoding=\"async\" class=\"wp-image-16952\" src=\"https:\/\/meterny.com\/wp-content\/uploads\/2024\/09\/\u5fae\u4fe1\u56fe\u7247_20241006211816.png\" alt=\"Projeto de preven\u00e7\u00e3o de fugas de \u00e1gua da p\u00e9rgola de alum\u00ednio Meterny\" width=\"1024\" height=\"1403\" srcset=\"https:\/\/meterny.com\/wp-content\/uploads\/2024\/09\/\u5fae\u4fe1\u56fe\u7247_20241006211816.png 888w, https:\/\/meterny.com\/wp-content\/uploads\/2024\/09\/\u5fae\u4fe1\u56fe\u7247_20241006211816-219x300.png 219w, https:\/\/meterny.com\/wp-content\/uploads\/2024\/09\/\u5fae\u4fe1\u56fe\u7247_20241006211816-747x1024.png 747w, https:\/\/meterny.com\/wp-content\/uploads\/2024\/09\/\u5fae\u4fe1\u56fe\u7247_20241006211816-768x1053.png 768w, https:\/\/meterny.com\/wp-content\/uploads\/2024\/09\/\u5fae\u4fe1\u56fe\u7247_20241006211816-600x822.png 600w\" sizes=\"auto, (max-width: 1024px) 100vw, 1024px\" \/><figcaption id=\"caption-attachment-16952\" class=\"wp-caption-text\">Projeto inovador de preven\u00e7\u00e3o de fugas de \u00e1gua do Meterny<\/figcaption><\/figure>\n<p>Estufa de vidro temperado de alum\u00ednio<\/p>\n<figure id=\"attachment_16951\" aria-describedby=\"caption-attachment-16951\" style=\"width: 1024px\" class=\"wp-caption alignnone\"><img loading=\"lazy\" decoding=\"async\" class=\"wp-image-16951\" src=\"https:\/\/meterny.com\/wp-content\/uploads\/2024\/09\/\u753b\u677f-16@3x.png\" alt=\"Meterny, p\u00e9rgola de alum\u00ednio com patente exclusiva\" width=\"1024\" height=\"1448\" srcset=\"https:\/\/meterny.com\/wp-content\/uploads\/2024\/09\/\u753b\u677f-16@3x.png 1787w, https:\/\/meterny.com\/wp-content\/uploads\/2024\/09\/\u753b\u677f-16@3x-212x300.png 212w, https:\/\/meterny.com\/wp-content\/uploads\/2024\/09\/\u753b\u677f-16@3x-724x1024.png 724w, https:\/\/meterny.com\/wp-content\/uploads\/2024\/09\/\u753b\u677f-16@3x-768x1086.png 768w, https:\/\/meterny.com\/wp-content\/uploads\/2024\/09\/\u753b\u677f-16@3x-1086x1536.png 1086w, https:\/\/meterny.com\/wp-content\/uploads\/2024\/09\/\u753b\u677f-16@3x-1448x2048.png 1448w, https:\/\/meterny.com\/wp-content\/uploads\/2024\/09\/\u753b\u677f-16@3x-600x848.png 600w\" sizes=\"auto, (max-width: 1024px) 100vw, 1024px\" \/><figcaption id=\"caption-attachment-16951\" class=\"wp-caption-text\">O design patenteado do Meterny: Uma p\u00e9rgola como nenhuma outra<\/figcaption><\/figure>\n<h3>Porqu\u00ea escolher a estufa Meterny?<\/h3>\n<p id=\"\">Escolha a Meterny's Greenhouse por v\u00e1rias raz\u00f5es convincentes:<\/p>\n<ol>\n<li><strong>Materiais e constru\u00e7\u00e3o de alta qualidade<\/strong>:\n<ul>\n<li>As estufas Meterny s\u00e3o constru\u00eddas com materiais de alta qualidade, incluindo estruturas de alum\u00ednio dur\u00e1veis e op\u00e7\u00f5es de envidra\u00e7amento resistentes \u00e0s intemp\u00e9ries, como vidro ou policarbonato. Isto garante que a sua estufa \u00e9 forte, est\u00e1vel e capaz de resistir a condi\u00e7\u00f5es climat\u00e9ricas adversas.<\/li>\n<\/ul>\n<\/li>\n<li><strong>Design inovador<\/strong>:\n<ul>\n<li>A Meterny oferece uma gama de carater\u00edsticas de conce\u00e7\u00e3o inovadoras que melhoram a funcionalidade e o aspeto est\u00e9tico das suas estufas. Estas incluem carater\u00edsticas como sistemas de ventila\u00e7\u00e3o ajust\u00e1veis, aberturas autom\u00e1ticas e op\u00e7\u00f5es de envidra\u00e7amento energeticamente eficientes que ajudam a regular a temperatura e a humidade no interior da estufa.<\/li>\n<\/ul>\n<\/li>\n<li><strong>Op\u00e7\u00f5es personaliz\u00e1veis<\/strong>:\n<ul>\n<li>A Meterny oferece uma ampla gama de op\u00e7\u00f5es personaliz\u00e1veis para atender \u00e0s suas necessidades e prefer\u00eancias espec\u00edficas. Quer esteja \u00e0 procura de uma estufa pequena e port\u00e1til ou de uma estrutura grande e permanente, a Meterny tem uma solu\u00e7\u00e3o que vai ao encontro das suas necessidades.<\/li>\n<\/ul>\n<\/li>\n<li><strong>Excelente servi\u00e7o ao cliente<\/strong>:\n<ul>\n<li>Meterny est\u00e1 empenhada em fornecer um servi\u00e7o excecional ao cliente. A sua equipa de especialistas est\u00e1 dispon\u00edvel para o ajudar com quaisquer quest\u00f5es ou preocupa\u00e7\u00f5es que possa ter antes, durante e ap\u00f3s a sua compra. Isto garante que recebe o apoio e a orienta\u00e7\u00e3o de que necessita para tirar o m\u00e1ximo partido da sua estufa.<\/li>\n<\/ul>\n<\/li>\n<li><strong>Desempenho de longa dura\u00e7\u00e3o<\/strong>:\n<ul>\n<li>Com cuidados e manuten\u00e7\u00e3o adequados, as estufas Meterny s\u00e3o concebidas para proporcionar um desempenho duradouro. Os seus materiais e constru\u00e7\u00e3o duradouros garantem que a sua estufa permanecer\u00e1 funcional e atraente durante muitos anos.<\/li>\n<\/ul>\n<\/li>\n<li><strong>Rela\u00e7\u00e3o qualidade\/pre\u00e7o<\/strong>:\n<ul>\n<li>As estufas Meterny oferecem uma excelente rela\u00e7\u00e3o qualidade\/pre\u00e7o. Embora os seus pre\u00e7os possam ser competitivos em rela\u00e7\u00e3o a outras marcas de alta qualidade, a combina\u00e7\u00e3o de materiais dur\u00e1veis, design inovador e servi\u00e7o de apoio ao cliente excecional faz delas um investimento sensato.<\/li>\n<\/ul>\n<\/li>\n<li><strong>Sustentabilidade<\/strong>:\n<ul>\n<li>A Meterny est\u00e1 empenhada na sustentabilidade e oferece op\u00e7\u00f5es amigas do ambiente para as suas estufas. Isto inclui a utiliza\u00e7\u00e3o de materiais renov\u00e1veis e op\u00e7\u00f5es de envidra\u00e7amento energeticamente eficientes que reduzem a sua pegada de carbono e contribuem para um futuro mais sustent\u00e1vel.<\/li>\n<\/ul>\n<\/li>\n<\/ol>\n<p id=\"\">Em resumo, escolha a Estufa Meterny pelos seus materiais e constru\u00e7\u00e3o de alta qualidade, design inovador, op\u00e7\u00f5es personaliz\u00e1veis, excelente servi\u00e7o ao cliente, desempenho duradouro, rela\u00e7\u00e3o qualidade-pre\u00e7o e compromisso com a sustentabilidade. Estas vantagens fazem da Meterny uma escolha fi\u00e1vel e segura para quem procura criar uma estufa funcional e elegante para as suas plantas.<\/p>\n<p>&nbsp;<\/p>","protected":false},"excerpt":{"rendered":"<p>Crie um ref\u00fagio exterior elegante e resistente \u00e0s intemp\u00e9ries com o Pavilh\u00e3o de alum\u00ednio met\u00e1lico \u00e0 prova de \u00e1gua, combinando um design elegante com um desempenho duradouro.<\/p>","protected":false},"featured_media":17881,"comment_status":"open","ping_status":"closed","template":"","meta":{"_uag_custom_page_level_css":"","site-sidebar-layout":"default","site-content-layout":"","ast-site-content-layout":"default","site-content-style":"default","site-sidebar-style":"default","ast-global-header-display":"","ast-banner-title-visibility":"","ast-main-header-display":"","ast-hfb-above-header-display":"","ast-hfb-below-header-display":"","ast-hfb-mobile-header-display":"","site-post-title":"","ast-breadcrumbs-content":"","ast-featured-img":"","footer-sml-layout":"","theme-transparent-header-meta":"default","adv-header-id-meta":"","stick-header-meta":"default","header-above-stick-meta":"","header-main-stick-meta":"","header-below-stick-meta":"","astra-migrate-meta-layouts":"set","ast-page-background-enabled":"default","ast-page-background-meta":{"desktop":{"background-color":"var(--ast-global-color-4)","background-image":"","background-repeat":"repeat","background-position":"center center","background-size":"auto","background-attachment":"scroll","background-type":"","background-media":"","overlay-type":"","overlay-color":"","overlay-opacity":"","overlay-gradient":""},"tablet":{"background-color":"","background-image":"","background-repeat":"repeat","background-position":"center center","background-size":"auto","background-attachment":"scroll","background-type":"","background-media":"","overlay-type":"","overlay-color":"","overlay-opacity":"","overlay-gradient":""},"mobile":{"background-color":"","background-image":"","background-repeat":"repeat","background-position":"center center","background-size":"auto","background-attachment":"scroll","background-type":"","background-media":"","overlay-type":"","overlay-color":"","overlay-opacity":"","overlay-gradient":""}},"ast-content-background-meta":{"desktop":{"background-color":"var(--ast-global-color-5)","background-image":"","background-repeat":"repeat","background-position":"center center","background-size":"auto","background-attachment":"scroll","background-type":"","background-media":"","overlay-type":"","overlay-color":"","overlay-opacity":"","overlay-gradient":""},"tablet":{"background-color":"var(--ast-global-color-5)","background-image":"","background-repeat":"repeat","background-position":"center center","background-size":"auto","background-attachment":"scroll","background-type":"","background-media":"","overlay-type":"","overlay-color":"","overlay-opacity":"","overlay-gradient":""},"mobile":{"background-color":"var(--ast-global-color-5)","background-image":"","background-repeat":"repeat","background-position":"center center","background-size":"auto","background-attachment":"scroll","background-type":"","background-media":"","overlay-type":"","overlay-color":"","overlay-opacity":"","overlay-gradient":""}}},"product_brand":[],"product_cat":[18],"product_tag":[219,217,218,216],"class_list":{"0":"post-17798","1":"product","2":"type-product","3":"status-publish","4":"has-post-thumbnail","6":"product_cat-uncategorized","7":"product_tag-aluminum-metal-waterproof-pergola","8":"product_tag-aluminum-pavilion","9":"product_tag-metal-pavilion","10":"product_tag-waterproof-pavilion","11":"desktop-align-center","12":"tablet-align-left","13":"mobile-align-left","14":"ast-product-gallery-layout-horizontal-slider","15":"ast-product-single-variable","16":"ast-product-tabs-layout-vertical","18":"first","19":"instock","20":"shipping-taxable","21":"product-type-variable"},"uagb_featured_image_src":{"full":["https:\/\/meterny.com\/wp-content\/uploads\/2024\/10\/22\u526f\u672c\u4e3b.jpg",800,800,false],"thumbnail":["https:\/\/meterny.com\/wp-content\/uploads\/2024\/10\/22\u526f\u672c\u4e3b-150x150.jpg",150,150,true],"medium":["https:\/\/meterny.com\/wp-content\/uploads\/2024\/10\/22\u526f\u672c\u4e3b-300x300.jpg",300,300,true],"medium_large":["https:\/\/meterny.com\/wp-content\/uploads\/2024\/10\/22\u526f\u672c\u4e3b-768x768.jpg",768,768,true],"large":["https:\/\/meterny.com\/wp-content\/uploads\/2024\/10\/22\u526f\u672c\u4e3b.jpg",800,800,false],"1536x1536":["https:\/\/meterny.com\/wp-content\/uploads\/2024\/10\/22\u526f\u672c\u4e3b.jpg",800,800,false],"2048x2048":["https:\/\/meterny.com\/wp-content\/uploads\/2024\/10\/22\u526f\u672c\u4e3b.jpg",800,800,false],"trp-custom-language-flag":["https:\/\/meterny.com\/wp-content\/uploads\/2024\/10\/22\u526f\u672c\u4e3b.jpg",12,12,false],"woocommerce_thumbnail":["https:\/\/meterny.com\/wp-content\/uploads\/2024\/10\/22\u526f\u672c\u4e3b-300x300.jpg",300,300,true],"woocommerce_single":["https:\/\/meterny.com\/wp-content\/uploads\/2024\/10\/22\u526f\u672c\u4e3b-600x600.jpg",600,600,true],"woocommerce_gallery_thumbnail":["https:\/\/meterny.com\/wp-content\/uploads\/2024\/10\/22\u526f\u672c\u4e3b-100x100.jpg",100,100,true]},"uagb_author_info":{"display_name":"meterny","author_link":"https:\/\/meterny.com\/pt\/author\/"},"uagb_comment_info":0,"uagb_excerpt":"Create a stylish and weather-resistant outdoor haven with the Aluminum Metal Waterproof Pavilion, combining sleek design with durable performance.","_links":{"self":[{"href":"https:\/\/meterny.com\/pt\/wp-json\/wp\/v2\/product\/17798","targetHints":{"allow":["GET"]}}],"collection":[{"href":"https:\/\/meterny.com\/pt\/wp-json\/wp\/v2\/product"}],"about":[{"href":"https:\/\/meterny.com\/pt\/wp-json\/wp\/v2\/types\/product"}],"replies":[{"embeddable":true,"href":"https:\/\/meterny.com\/pt\/wp-json\/wp\/v2\/comments?post=17798"}],"wp:featuredmedia":[{"embeddable":true,"href":"https:\/\/meterny.com\/pt\/wp-json\/wp\/v2\/media\/17881"}],"wp:attachment":[{"href":"https:\/\/meterny.com\/pt\/wp-json\/wp\/v2\/media?parent=17798"}],"wp:term":[{"taxonomy":"product_brand","embeddable":true,"href":"https:\/\/meterny.com\/pt\/wp-json\/wp\/v2\/product_brand?post=17798"},{"taxonomy":"product_cat","embeddable":true,"href":"https:\/\/meterny.com\/pt\/wp-json\/wp\/v2\/product_cat?post=17798"},{"taxonomy":"product_tag","embeddable":true,"href":"https:\/\/meterny.com\/pt\/wp-json\/wp\/v2\/product_tag?post=17798"}],"curies":[{"name":"wp","href":"https:\/\/api.w.org\/{rel}","templated":true}]}}