{"id":17887,"date":"2024-10-10T08:20:44","date_gmt":"2024-10-10T08:20:44","guid":{"rendered":"https:\/\/meterny.com\/?post_type=product&#038;p=17887"},"modified":"2025-05-24T02:04:14","modified_gmt":"2025-05-24T02:04:14","slug":"aluminum-frame-glass-winter-garden-sunroom","status":"publish","type":"product","link":"https:\/\/meterny.com\/pt\/produto\/aluminum-frame-glass-winter-garden-sunroom\/","title":{"rendered":"Vidro com arma\u00e7\u00e3o de alum\u00ednio Jardim de inverno Casa do sol Alum\u00ednio Vidro de p\u00e9 livre Vidro de alum\u00ednio"},"content":{"rendered":"<h2 style=\"text-align: center;\">Casa do sol com estrutura de alum\u00ednio e vidro para jardim de inverno Casa do sol com estrutura de alum\u00ednio e vidro de p\u00e9 livre<\/h2>\n<p><strong>Tipo<\/strong>: Casa do sol do jardim de inverno de vidro com estrutura de alum\u00ednio Casa do sol de vidro de p\u00e9 livre de alum\u00ednio<\/p>\n<p><strong>Tamanho<\/strong>: personalizado<\/p>\n<p><strong>Superf\u00edcie<\/strong>: revestimento\/pintura personalizada<\/p>\n<p><strong>Cor<\/strong>: personalizado<\/p>\n<p><strong>Comprimento<\/strong>: Personalizado<\/p>\n<p><strong>Material<\/strong>: Liga de alum\u00ednio de alta qualidade<\/p>\n<p><strong>Tecnologia de produtos<\/strong>: Sistema anti-fugas AquaGuard Meterny<\/p>\n<figure id=\"attachment_17882\" aria-describedby=\"caption-attachment-17882\" style=\"width: 1024px\" class=\"wp-caption alignnone\"><img loading=\"lazy\" decoding=\"async\" class=\"wp-image-17882\" src=\"https:\/\/meterny.com\/wp-content\/uploads\/2024\/10\/yangguanfang\u4e3b-1.jpg\" alt=\"Vidro com arma\u00e7\u00e3o de alum\u00ednio para jardim de inverno\" width=\"1024\" height=\"1024\" srcset=\"https:\/\/meterny.com\/wp-content\/uploads\/2024\/10\/yangguanfang\u4e3b-1.jpg 800w, https:\/\/meterny.com\/wp-content\/uploads\/2024\/10\/yangguanfang\u4e3b-1-300x300.jpg 300w, https:\/\/meterny.com\/wp-content\/uploads\/2024\/10\/yangguanfang\u4e3b-1-150x150.jpg 150w, https:\/\/meterny.com\/wp-content\/uploads\/2024\/10\/yangguanfang\u4e3b-1-768x768.jpg 768w, https:\/\/meterny.com\/wp-content\/uploads\/2024\/10\/yangguanfang\u4e3b-1-600x600.jpg 600w, https:\/\/meterny.com\/wp-content\/uploads\/2024\/10\/yangguanfang\u4e3b-1-100x100.jpg 100w\" sizes=\"auto, (max-width: 1024px) 100vw, 1024px\" \/><figcaption id=\"caption-attachment-17882\" class=\"wp-caption-text\">Marquise castanha r\u00fastica: A tranquilidade da natureza<\/figcaption><\/figure>\n<h4><strong>Introdu\u00e7\u00e3o ao produto<\/strong><\/h4>\n<p id=\"\">Bem-vindo \u00e0 nossa marquise de alum\u00ednio com vidro Winter Garden, onde o conforto, a eleg\u00e2ncia e a funcionalidade convergem. Criada com precis\u00e3o e concebida para ser duradoura, esta marquise transforma o seu espa\u00e7o exterior numa luxuosa \u00e1rea de estar durante todo o ano. Ideal para propriedades residenciais e comerciais, a nossa marquise oferece uma mistura perfeita de luz natural, calor e prote\u00e7\u00e3o contra os elementos.<\/p>\n<hr \/>\n<h4><strong>Carater\u00edsticas principais da marquise de vidro com estrutura de alum\u00ednio para jardim de inverno<\/strong><\/h4>\n<ol>\n<li><strong>Estrutura em alum\u00ednio<\/strong>:\n<ul>\n<li>Fabricado em liga de alum\u00ednio de alta qualidade, proporcionando uma for\u00e7a robusta e resist\u00eancia \u00e0 corros\u00e3o.<\/li>\n<li>O design elegante e moderno complementa a est\u00e9tica de qualquer casa ou empresa.<\/li>\n<li>Leve mas robusto, garantindo uma instala\u00e7\u00e3o f\u00e1cil e uma durabilidade duradoura.<\/li>\n<\/ul>\n<\/li>\n<li><strong>Pain\u00e9is de vidro<\/strong>:\n<ul>\n<li>Utiliza vidro duplo ou triplo para um isolamento superior e redu\u00e7\u00e3o do ru\u00eddo.<\/li>\n<li>Oferece vistas claras e desobstru\u00eddas do ambiente exterior.<\/li>\n<li>F\u00e1cil de limpar e manter, mantendo a sua marquise com um aspeto impec\u00e1vel durante todo o ano.<\/li>\n<\/ul>\n<\/li>\n<li><strong>Design personaliz\u00e1vel<\/strong>:\n<ul>\n<li>Escolha entre uma variedade de cores de moldura, tipos de vidro e configura\u00e7\u00f5es para se adaptar \u00e0s suas necessidades exclusivas.<\/li>\n<li>Op\u00e7\u00e3o de adicionar portas, janelas e aberturas para maior ventila\u00e7\u00e3o e acessibilidade.<\/li>\n<li>Feito \u00e0 medida para se adaptar a qualquer tamanho ou forma de espa\u00e7o, tornando-o um complemento perfeito para a sua propriedade.<\/li>\n<\/ul>\n<\/li>\n<li><strong>Efici\u00eancia energ\u00e9tica<\/strong>:\n<ul>\n<li>Concebida com tecnologia de rutura t\u00e9rmica para minimizar a transfer\u00eancia de calor.<\/li>\n<li>Os revestimentos de vidro Low-E reduzem os raios UV e mant\u00eam as temperaturas interiores confort\u00e1veis.<\/li>\n<li>Ideal para todas as esta\u00e7\u00f5es, mantendo o seu sol\u00e1rio acolhedor no inverno e fresco no ver\u00e3o.<\/li>\n<\/ul>\n<\/li>\n<\/ol>\n<hr \/>\n<h4><strong>Benef\u00edcios da marquise de alum\u00ednio para jardim de inverno<\/strong><\/h4>\n<ul>\n<li><strong>Espa\u00e7o de vida melhorado<\/strong>: Crie uma \u00e1rea de estar vers\u00e1til, perfeita para jantar, relaxar ou receber convidados.<\/li>\n<li><strong>Luz natural<\/strong>: Maximize a luz natural, melhorando o ambiente da sua casa e melhorando o seu humor.<\/li>\n<li><strong>Utiliza\u00e7\u00e3o durante todo o ano<\/strong>: Protegido da chuva, da neve e do vento, desfrute do seu sol\u00e1rio durante todo o ano.<\/li>\n<li><strong>Aumento do valor da propriedade<\/strong>: Acrescentam um aspeto est\u00e9tico e um espa\u00e7o funcional \u00e0 sua propriedade, aumentando o seu valor global.<\/li>\n<\/ul>\n<hr \/>\n<h4><strong>Op\u00e7\u00f5es de personaliza\u00e7\u00e3o<\/strong><\/h4>\n<ul>\n<li><strong>Cores da moldura<\/strong>: Escolha entre uma gama de cores populares para combinar com o exterior da sua casa.<\/li>\n<li><strong>Tipos de vidro<\/strong>: As op\u00e7\u00f5es incluem vidro transparente, colorido, fosco e texturado.<\/li>\n<li><strong>Carater\u00edsticas adicionais<\/strong>: Adicione toldos, telas, sistemas de aquecimento e ilumina\u00e7\u00e3o para melhorar ainda mais o seu sol\u00e1rio.<\/li>\n<\/ul>\n<hr \/>\n<h4><strong>Instala\u00e7\u00e3o e manuten\u00e7\u00e3o<\/strong><\/h4>\n<ul>\n<li><strong>Instala\u00e7\u00e3o profissional<\/strong>: A nossa equipa de especialistas garante um processo de instala\u00e7\u00e3o sem problemas, com o m\u00ednimo de perturba\u00e7\u00f5es na sua rotina di\u00e1ria.<\/li>\n<li><strong>Manuten\u00e7\u00e3o f\u00e1cil<\/strong>: A limpeza regular com \u00e1gua e sab\u00e3o neutro mant\u00e9m o seu sol\u00e1rio com o melhor aspeto poss\u00edvel.<\/li>\n<li><strong>Garantia<\/strong>: Oferecemos uma garantia abrangente para cobrir quaisquer defeitos de fabrico e assegurar a sua satisfa\u00e7\u00e3o.<\/li>\n<\/ul>\n<h3>Mais modelos<\/h3>\n<figure id=\"attachment_17691\" aria-describedby=\"caption-attachment-17691\" style=\"width: 1200px\" class=\"wp-caption alignnone\"><img loading=\"lazy\" decoding=\"async\" class=\"size-full wp-image-17691\" src=\"https:\/\/meterny.com\/wp-content\/uploads\/2024\/10\/\u4e0b\u8f7d-23.jpg\" alt=\"estilos de sol\u00e1rio em alum\u00ednio multicolorido solu\u00e7\u00f5es elegantes para sol\u00e1rios\" width=\"1200\" height=\"1200\" srcset=\"https:\/\/meterny.com\/wp-content\/uploads\/2024\/10\/\u4e0b\u8f7d-23.jpg 1200w, https:\/\/meterny.com\/wp-content\/uploads\/2024\/10\/\u4e0b\u8f7d-23-300x300.jpg 300w, https:\/\/meterny.com\/wp-content\/uploads\/2024\/10\/\u4e0b\u8f7d-23-1024x1024.jpg 1024w, https:\/\/meterny.com\/wp-content\/uploads\/2024\/10\/\u4e0b\u8f7d-23-150x150.jpg 150w, https:\/\/meterny.com\/wp-content\/uploads\/2024\/10\/\u4e0b\u8f7d-23-768x768.jpg 768w, https:\/\/meterny.com\/wp-content\/uploads\/2024\/10\/\u4e0b\u8f7d-23-600x600.jpg 600w, https:\/\/meterny.com\/wp-content\/uploads\/2024\/10\/\u4e0b\u8f7d-23-100x100.jpg 100w\" sizes=\"auto, (max-width: 1200px) 100vw, 1200px\" \/><figcaption id=\"caption-attachment-17691\" class=\"wp-caption-text\">Um caleidosc\u00f3pio de designs de sol\u00e1rios: Escolha a solu\u00e7\u00e3o perfeita<\/figcaption><\/figure>\n<p>Vidro com arma\u00e7\u00e3o de alum\u00ednio para jardim de inverno<\/p>\n<h3>Se quiser saber mais pormenores, clique neste link do youtube:<a href=\"https:\/\/youtu.be\/J8DMrYIno6U\" target=\"_blank\" rel=\"noopener\">https:\/\/youtu.be\/J8DMrYIno6U<\/a><\/h3>\n<figure id=\"attachment_16950\" aria-describedby=\"caption-attachment-16950\" style=\"width: 1024px\" class=\"wp-caption alignnone\"><img loading=\"lazy\" decoding=\"async\" class=\"wp-image-16950\" src=\"https:\/\/meterny.com\/wp-content\/uploads\/2024\/09\/About-Meterny@3x.png\" alt=\"Compara\u00e7\u00e3o da p\u00e9rgola de alum\u00ednio Meterny com outras p\u00e9rgolas\" width=\"1024\" height=\"1447\" srcset=\"https:\/\/meterny.com\/wp-content\/uploads\/2024\/09\/About-Meterny@3x.png 1787w, https:\/\/meterny.com\/wp-content\/uploads\/2024\/09\/About-Meterny@3x-212x300.png 212w, https:\/\/meterny.com\/wp-content\/uploads\/2024\/09\/About-Meterny@3x-724x1024.png 724w, https:\/\/meterny.com\/wp-content\/uploads\/2024\/09\/About-Meterny@3x-768x1086.png 768w, https:\/\/meterny.com\/wp-content\/uploads\/2024\/09\/About-Meterny@3x-1087x1536.png 1087w, https:\/\/meterny.com\/wp-content\/uploads\/2024\/09\/About-Meterny@3x-1449x2048.png 1449w, https:\/\/meterny.com\/wp-content\/uploads\/2024\/09\/About-Meterny@3x-600x848.png 600w\" sizes=\"auto, (max-width: 1024px) 100vw, 1024px\" \/><figcaption id=\"caption-attachment-16950\" class=\"wp-caption-text\">P\u00e9rgolas Meterny vs. P\u00e9rgolas Tradicionais: Carater\u00edsticas Superiores<\/figcaption><\/figure>\n<h3>Breve descri\u00e7\u00e3o da marquise de alum\u00ednio com vidro Winter Garden<\/h3>\n<p><strong>Vidro com arma\u00e7\u00e3o de alum\u00ednio para jardim de inverno<\/strong>: Uma extens\u00e3o elegante e duradoura do seu espa\u00e7o habitacional, com estruturas de alum\u00ednio robustas e pain\u00e9is de vidro expansivos que permitem a entrada de luz natural abundante. Perfeito para desfrutar durante todo o ano, este sol\u00e1rio oferece calor, conforto e uma liga\u00e7\u00e3o perfeita ao exterior.<\/p>\n<p>&nbsp;<\/p>\n<figure id=\"attachment_16952\" aria-describedby=\"caption-attachment-16952\" style=\"width: 1024px\" class=\"wp-caption alignnone\"><img loading=\"lazy\" decoding=\"async\" class=\"wp-image-16952\" src=\"https:\/\/meterny.com\/wp-content\/uploads\/2024\/09\/\u5fae\u4fe1\u56fe\u7247_20241006211816.png\" alt=\"Projeto de preven\u00e7\u00e3o de fugas de \u00e1gua da p\u00e9rgola de alum\u00ednio Meterny\" width=\"1024\" height=\"1403\" srcset=\"https:\/\/meterny.com\/wp-content\/uploads\/2024\/09\/\u5fae\u4fe1\u56fe\u7247_20241006211816.png 888w, https:\/\/meterny.com\/wp-content\/uploads\/2024\/09\/\u5fae\u4fe1\u56fe\u7247_20241006211816-219x300.png 219w, https:\/\/meterny.com\/wp-content\/uploads\/2024\/09\/\u5fae\u4fe1\u56fe\u7247_20241006211816-747x1024.png 747w, https:\/\/meterny.com\/wp-content\/uploads\/2024\/09\/\u5fae\u4fe1\u56fe\u7247_20241006211816-768x1053.png 768w, https:\/\/meterny.com\/wp-content\/uploads\/2024\/09\/\u5fae\u4fe1\u56fe\u7247_20241006211816-600x822.png 600w\" sizes=\"auto, (max-width: 1024px) 100vw, 1024px\" \/><figcaption id=\"caption-attachment-16952\" class=\"wp-caption-text\">Projeto inovador de preven\u00e7\u00e3o de fugas de \u00e1gua do Meterny<\/figcaption><\/figure>\n<p>&nbsp;<\/p>\n<figure id=\"attachment_16951\" aria-describedby=\"caption-attachment-16951\" style=\"width: 1024px\" class=\"wp-caption alignnone\"><img loading=\"lazy\" decoding=\"async\" class=\"wp-image-16951\" src=\"https:\/\/meterny.com\/wp-content\/uploads\/2024\/09\/\u753b\u677f-16@3x.png\" alt=\"Meterny, p\u00e9rgola de alum\u00ednio com patente exclusiva\" width=\"1024\" height=\"1448\" srcset=\"https:\/\/meterny.com\/wp-content\/uploads\/2024\/09\/\u753b\u677f-16@3x.png 1787w, https:\/\/meterny.com\/wp-content\/uploads\/2024\/09\/\u753b\u677f-16@3x-212x300.png 212w, https:\/\/meterny.com\/wp-content\/uploads\/2024\/09\/\u753b\u677f-16@3x-724x1024.png 724w, https:\/\/meterny.com\/wp-content\/uploads\/2024\/09\/\u753b\u677f-16@3x-768x1086.png 768w, https:\/\/meterny.com\/wp-content\/uploads\/2024\/09\/\u753b\u677f-16@3x-1086x1536.png 1086w, https:\/\/meterny.com\/wp-content\/uploads\/2024\/09\/\u753b\u677f-16@3x-1448x2048.png 1448w, https:\/\/meterny.com\/wp-content\/uploads\/2024\/09\/\u753b\u677f-16@3x-600x848.png 600w\" sizes=\"auto, (max-width: 1024px) 100vw, 1024px\" \/><figcaption id=\"caption-attachment-16951\" class=\"wp-caption-text\">O design patenteado do Meterny: Uma p\u00e9rgola como nenhuma outra<\/figcaption><\/figure>\n<h3>Por que escolher a marquise de vidro com moldura de alum\u00ednio do Meterny para o jardim de inverno?<\/h3>\n<p id=\"\">A escolha da marquise de alum\u00ednio Meterny da Winter Garden Sunroom oferece uma infinidade de raz\u00f5es convincentes, tornando-a uma escolha de destaque para quem procura expandir seu espa\u00e7o de vida com eleg\u00e2ncia, durabilidade e funcionalidade. Aqui est\u00e3o algumas das principais vantagens:<\/p>\n<ol>\n<li><strong>Qualidade e artesanato incompar\u00e1veis<\/strong>:\n<ul>\n<li>Os sol\u00e1rios Meterny s\u00e3o fabricados com materiais de alta qualidade e t\u00e9cnicas de fabrico de vanguarda. Os caixilhos de alum\u00ednio s\u00e3o robustos, resistentes \u00e0 corros\u00e3o e concebidos para resistir \u00e0s intemp\u00e9ries, garantindo uma durabilidade duradoura.<\/li>\n<\/ul>\n<\/li>\n<li><strong>Op\u00e7\u00f5es de design personaliz\u00e1veis<\/strong>:\n<ul>\n<li>O Meterny oferece uma vasta gama de op\u00e7\u00f5es de personaliza\u00e7\u00e3o para satisfazer as suas prefer\u00eancias e necessidades \u00fanicas. Desde v\u00e1rias cores de moldura e tipos de vidro a carater\u00edsticas opcionais como portas, janelas e aberturas de ventila\u00e7\u00e3o, pode personalizar a sua marquise para se adaptar perfeitamente \u00e0 sua propriedade e estilo de vida.<\/li>\n<\/ul>\n<\/li>\n<li><strong>Efici\u00eancia energ\u00e9tica \u00f3ptima<\/strong>:\n<ul>\n<li>Os nossos sol\u00e1rios s\u00e3o concebidos a pensar na efici\u00eancia energ\u00e9tica. Carater\u00edsticas como o vidro duplo ou triplo, a tecnologia de rutura t\u00e9rmica e os revestimentos de vidro de baixa emissividade garantem que o seu sol\u00e1rio se mant\u00e9m confort\u00e1vel durante todo o ano, reduzindo os custos de energia e a sua pegada de carbono.<\/li>\n<\/ul>\n<\/li>\n<li><strong>Luz natural e vistas<\/strong>:\n<ul>\n<li>Os grandes pain\u00e9is de vidro permitem a entrada de uma grande quantidade de luz natural na sua marquise, melhorando o ambiente e a sua disposi\u00e7\u00e3o. As vistas desobstru\u00eddas do seu ambiente exterior criam uma liga\u00e7\u00e3o perfeita entre o interior e o exterior.<\/li>\n<\/ul>\n<\/li>\n<li><strong>Desfrutar durante todo o ano<\/strong>:\n<ul>\n<li>Os sol\u00e1rios Meterny s\u00e3o concebidos para serem desfrutados durante todo o ano. Protegidos da chuva, da neve e do vento, pode relaxar, divertir-se ou jantar no seu sol\u00e1rio, independentemente do tempo no exterior.<\/li>\n<\/ul>\n<\/li>\n<li><strong>Instala\u00e7\u00e3o profissional<\/strong>:\n<ul>\n<li>A nossa equipa de instaladores altamente qualificados e experientes assegura um processo de instala\u00e7\u00e3o sem falhas. Temos o cuidado de minimizar a perturba\u00e7\u00e3o da sua rotina di\u00e1ria e garantimos um ajuste perfeito para o seu sol\u00e1rio.<\/li>\n<\/ul>\n<\/li>\n<li><strong>Garantia global<\/strong>:\n<ul>\n<li>O Meterny oferece uma garantia abrangente para cobrir quaisquer defeitos de fabrico, dando-lhe paz de esp\u00edrito e assegurando a sua satisfa\u00e7\u00e3o com o seu sol\u00e1rio.<\/li>\n<\/ul>\n<\/li>\n<li><strong>Aumento do valor da propriedade<\/strong>:\n<ul>\n<li>Adicionar um sol\u00e1rio Meterny \u00e0 sua propriedade n\u00e3o s\u00f3 melhora o seu espa\u00e7o de vida, como tamb\u00e9m aumenta o seu valor global. O atrativo est\u00e9tico e a versatilidade funcional dos nossos sol\u00e1rios fazem deles um complemento valioso tanto para propriedades residenciais como comerciais.<\/li>\n<\/ul>\n<\/li>\n<li><strong>Servi\u00e7o excecional ao cliente<\/strong>:\n<ul>\n<li>Na Meterny, orgulhamo-nos de prestar um servi\u00e7o excecional ao cliente. Os nossos especialistas em design est\u00e3o aqui para o ajudar em todas as fases do processo, desde a consulta inicial at\u00e9 \u00e0 instala\u00e7\u00e3o e mais al\u00e9m, assegurando que a sua marquise satisfaz e excede as suas expectativas.<\/li>\n<\/ul>\n<\/li>\n<\/ol>","protected":false},"excerpt":{"rendered":"<p>Crie um ref\u00fagio exterior elegante e resistente \u00e0s intemp\u00e9ries com o Pavilh\u00e3o de alum\u00ednio met\u00e1lico \u00e0 prova de \u00e1gua, combinando um design elegante com um desempenho duradouro.<\/p>","protected":false},"featured_media":17882,"comment_status":"open","ping_status":"closed","template":"","meta":{"_uag_custom_page_level_css":"","site-sidebar-layout":"default","site-content-layout":"","ast-site-content-layout":"default","site-content-style":"default","site-sidebar-style":"default","ast-global-header-display":"","ast-banner-title-visibility":"","ast-main-header-display":"","ast-hfb-above-header-display":"","ast-hfb-below-header-display":"","ast-hfb-mobile-header-display":"","site-post-title":"","ast-breadcrumbs-content":"","ast-featured-img":"","footer-sml-layout":"","theme-transparent-header-meta":"default","adv-header-id-meta":"","stick-header-meta":"default","header-above-stick-meta":"","header-main-stick-meta":"","header-below-stick-meta":"","astra-migrate-meta-layouts":"set","ast-page-background-enabled":"default","ast-page-background-meta":{"desktop":{"background-color":"var(--ast-global-color-4)","background-image":"","background-repeat":"repeat","background-position":"center center","background-size":"auto","background-attachment":"scroll","background-type":"","background-media":"","overlay-type":"","overlay-color":"","overlay-opacity":"","overlay-gradient":""},"tablet":{"background-color":"","background-image":"","background-repeat":"repeat","background-position":"center center","background-size":"auto","background-attachment":"scroll","background-type":"","background-media":"","overlay-type":"","overlay-color":"","overlay-opacity":"","overlay-gradient":""},"mobile":{"background-color":"","background-image":"","background-repeat":"repeat","background-position":"center center","background-size":"auto","background-attachment":"scroll","background-type":"","background-media":"","overlay-type":"","overlay-color":"","overlay-opacity":"","overlay-gradient":""}},"ast-content-background-meta":{"desktop":{"background-color":"var(--ast-global-color-5)","background-image":"","background-repeat":"repeat","background-position":"center center","background-size":"auto","background-attachment":"scroll","background-type":"","background-media":"","overlay-type":"","overlay-color":"","overlay-opacity":"","overlay-gradient":""},"tablet":{"background-color":"var(--ast-global-color-5)","background-image":"","background-repeat":"repeat","background-position":"center center","background-size":"auto","background-attachment":"scroll","background-type":"","background-media":"","overlay-type":"","overlay-color":"","overlay-opacity":"","overlay-gradient":""},"mobile":{"background-color":"var(--ast-global-color-5)","background-image":"","background-repeat":"repeat","background-position":"center center","background-size":"auto","background-attachment":"scroll","background-type":"","background-media":"","overlay-type":"","overlay-color":"","overlay-opacity":"","overlay-gradient":""}}},"product_brand":[],"product_cat":[18],"product_tag":[219,217,218,216],"class_list":{"0":"post-17887","1":"product","2":"type-product","3":"status-publish","4":"has-post-thumbnail","6":"product_cat-uncategorized","7":"product_tag-aluminum-metal-waterproof-pergola","8":"product_tag-aluminum-pavilion","9":"product_tag-metal-pavilion","10":"product_tag-waterproof-pavilion","11":"desktop-align-center","12":"tablet-align-left","13":"mobile-align-left","14":"ast-product-gallery-layout-horizontal-slider","15":"ast-product-single-variable","16":"ast-product-tabs-layout-vertical","18":"first","19":"instock","20":"shipping-taxable","21":"product-type-variable"},"uagb_featured_image_src":{"full":["https:\/\/meterny.com\/wp-content\/uploads\/2024\/10\/yangguanfang\u4e3b-1.jpg",800,800,false],"thumbnail":["https:\/\/meterny.com\/wp-content\/uploads\/2024\/10\/yangguanfang\u4e3b-1-150x150.jpg",150,150,true],"medium":["https:\/\/meterny.com\/wp-content\/uploads\/2024\/10\/yangguanfang\u4e3b-1-300x300.jpg",300,300,true],"medium_large":["https:\/\/meterny.com\/wp-content\/uploads\/2024\/10\/yangguanfang\u4e3b-1-768x768.jpg",768,768,true],"large":["https:\/\/meterny.com\/wp-content\/uploads\/2024\/10\/yangguanfang\u4e3b-1.jpg",800,800,false],"1536x1536":["https:\/\/meterny.com\/wp-content\/uploads\/2024\/10\/yangguanfang\u4e3b-1.jpg",800,800,false],"2048x2048":["https:\/\/meterny.com\/wp-content\/uploads\/2024\/10\/yangguanfang\u4e3b-1.jpg",800,800,false],"trp-custom-language-flag":["https:\/\/meterny.com\/wp-content\/uploads\/2024\/10\/yangguanfang\u4e3b-1.jpg",12,12,false],"woocommerce_thumbnail":["https:\/\/meterny.com\/wp-content\/uploads\/2024\/10\/yangguanfang\u4e3b-1-300x300.jpg",300,300,true],"woocommerce_single":["https:\/\/meterny.com\/wp-content\/uploads\/2024\/10\/yangguanfang\u4e3b-1-600x600.jpg",600,600,true],"woocommerce_gallery_thumbnail":["https:\/\/meterny.com\/wp-content\/uploads\/2024\/10\/yangguanfang\u4e3b-1-100x100.jpg",100,100,true]},"uagb_author_info":{"display_name":"meterny","author_link":"https:\/\/meterny.com\/pt\/author\/"},"uagb_comment_info":0,"uagb_excerpt":"Create a stylish and weather-resistant outdoor haven with the Aluminum Metal Waterproof Pavilion, combining sleek design with durable performance.","_links":{"self":[{"href":"https:\/\/meterny.com\/pt\/wp-json\/wp\/v2\/product\/17887","targetHints":{"allow":["GET"]}}],"collection":[{"href":"https:\/\/meterny.com\/pt\/wp-json\/wp\/v2\/product"}],"about":[{"href":"https:\/\/meterny.com\/pt\/wp-json\/wp\/v2\/types\/product"}],"replies":[{"embeddable":true,"href":"https:\/\/meterny.com\/pt\/wp-json\/wp\/v2\/comments?post=17887"}],"wp:featuredmedia":[{"embeddable":true,"href":"https:\/\/meterny.com\/pt\/wp-json\/wp\/v2\/media\/17882"}],"wp:attachment":[{"href":"https:\/\/meterny.com\/pt\/wp-json\/wp\/v2\/media?parent=17887"}],"wp:term":[{"taxonomy":"product_brand","embeddable":true,"href":"https:\/\/meterny.com\/pt\/wp-json\/wp\/v2\/product_brand?post=17887"},{"taxonomy":"product_cat","embeddable":true,"href":"https:\/\/meterny.com\/pt\/wp-json\/wp\/v2\/product_cat?post=17887"},{"taxonomy":"product_tag","embeddable":true,"href":"https:\/\/meterny.com\/pt\/wp-json\/wp\/v2\/product_tag?post=17887"}],"curies":[{"name":"wp","href":"https:\/\/api.w.org\/{rel}","templated":true}]}}