{"id":17919,"date":"2024-10-10T08:29:39","date_gmt":"2024-10-10T08:29:39","guid":{"rendered":"https:\/\/meterny.com\/?post_type=product&#038;p=17919"},"modified":"2025-01-18T12:32:28","modified_gmt":"2025-01-18T12:32:28","slug":"patio-aluminum-winter-garden-sunroom","status":"publish","type":"product","link":"https:\/\/meterny.com\/pt\/produto\/patio-aluminum-winter-garden-sunroom\/","title":{"rendered":"P\u00e1tio de alum\u00ednio para jardim de inverno Sala de sol de alum\u00ednio para 4 esta\u00e7\u00f5es Varanda de vidro Casa de sol"},"content":{"rendered":"<h2 style=\"text-align: center;\">P\u00e1tio de alum\u00ednio para jardim de inverno Sala de sol de alum\u00ednio para 4 esta\u00e7\u00f5es Varanda de vidro Casa de sol<\/h2>\n<p><strong>Tipo<\/strong>: P\u00e1tio de alum\u00ednio para jardim de inverno Sala de sol de alum\u00ednio para 4 esta\u00e7\u00f5es Varanda de vidro Casa de sol<\/p>\n<p><strong>Tamanho<\/strong>: personalizado<\/p>\n<p><strong>Superf\u00edcie<\/strong>: revestimento\/pintura personalizada<\/p>\n<p><strong>Cor<\/strong>: personalizado<\/p>\n<p><strong>Comprimento<\/strong>: Personalizado<\/p>\n<p><strong>Material<\/strong>: Liga de alum\u00ednio de alta qualidade<\/p>\n<p><strong>Tecnologia de produtos<\/strong>: Sistema anti-fugas AquaGuard Meterny<\/p>\n<figure id=\"attachment_17719\" aria-describedby=\"caption-attachment-17719\" style=\"width: 1024px\" class=\"wp-caption alignnone\"><img loading=\"lazy\" decoding=\"async\" class=\"wp-image-17719\" src=\"https:\/\/meterny.com\/wp-content\/uploads\/2024\/10\/YY-19\u4e3b.jpg\" alt=\"P\u00e1tio Alum\u00ednio Jardim de inverno Marquise\" width=\"1024\" height=\"1024\" srcset=\"https:\/\/meterny.com\/wp-content\/uploads\/2024\/10\/YY-19\u4e3b.jpg 800w, https:\/\/meterny.com\/wp-content\/uploads\/2024\/10\/YY-19\u4e3b-300x300.jpg 300w, https:\/\/meterny.com\/wp-content\/uploads\/2024\/10\/YY-19\u4e3b-150x150.jpg 150w, https:\/\/meterny.com\/wp-content\/uploads\/2024\/10\/YY-19\u4e3b-768x768.jpg 768w, https:\/\/meterny.com\/wp-content\/uploads\/2024\/10\/YY-19\u4e3b-600x600.jpg 600w, https:\/\/meterny.com\/wp-content\/uploads\/2024\/10\/YY-19\u4e3b-100x100.jpg 100w\" sizes=\"auto, (max-width: 1024px) 100vw, 1024px\" \/><figcaption id=\"caption-attachment-17719\" class=\"wp-caption-text\">Marquise preta moderna: O retiro perfeito ao ar livre<\/figcaption><\/figure>\n<h4>Vis\u00e3o geral do produto<\/h4>\n<ul>\n<li><strong>Nome do produto<\/strong>: P\u00e1tio de alum\u00ednio para jardim de inverno Marquise<\/li>\n<li><strong>Material<\/strong>: Caixilho em liga de alum\u00ednio + vidro (pode incluir vidro temperado duplo ou triplo, vidro laminado, etc.)<\/li>\n<li><strong>Estilo de design<\/strong>: Design moderno e minimalista, com estilo e eleg\u00e2ncia, personaliz\u00e1vel de acordo com as necessidades do cliente.<\/li>\n<\/ul>\n<h4>Carater\u00edsticas do produto da marquise de alum\u00ednio para jardim de inverno<\/h4>\n<ol>\n<li><strong>Estrutura robusta<\/strong>: Fabricado em liga de alum\u00ednio de alta qualidade, possui uma excelente resist\u00eancia \u00e0 press\u00e3o do vento e ao impacto, garantindo uma utiliza\u00e7\u00e3o segura e est\u00e1vel.<\/li>\n<li><strong>\u00c0 prova de \u00e1gua e de humidade<\/strong>: Adopta uma tecnologia de veda\u00e7\u00e3o avan\u00e7ada e materiais imperme\u00e1veis de alta qualidade para evitar eficazmente as fugas de \u00e1gua da chuva e manter o interior seco e confort\u00e1vel.<\/li>\n<li><strong>Isolamento t\u00e9rmico<\/strong>: Equipado com vidro de isolamento t\u00e9rmico de alta efici\u00eancia e tiras de veda\u00e7\u00e3o, reduz eficazmente a transfer\u00eancia de calor entre o interior e o exterior, melhorando a efici\u00eancia energ\u00e9tica.<\/li>\n<li><strong>Ilumina\u00e7\u00e3o adequada<\/strong>: O design em vidro de grandes dimens\u00f5es proporciona uma ampla luz natural, tornando o interior luminoso e arejado, criando um ambiente acolhedor e confort\u00e1vel.<\/li>\n<li><strong>Boa ventila\u00e7\u00e3o<\/strong>: Configur\u00e1vel com janelas de abrir ou clarab\u00f3ias para uma excelente ventila\u00e7\u00e3o natural, mantendo o ar interior fresco.<\/li>\n<\/ol>\n<h4>Op\u00e7\u00f5es de personaliza\u00e7\u00e3o<\/h4>\n<ul>\n<li><strong>Personaliza\u00e7\u00e3o do tamanho<\/strong>: Oferece diferentes tamanhos e formas para personaliza\u00e7\u00e3o de acordo com as necessidades do cliente, satisfazendo v\u00e1rios tipos de casas e requisitos espaciais.<\/li>\n<li><strong>Personaliza\u00e7\u00e3o de cores<\/strong>: Oferece v\u00e1rias op\u00e7\u00f5es de cores para corresponder \u00e0s prefer\u00eancias do cliente e aos estilos de decora\u00e7\u00e3o da casa.<\/li>\n<li><strong>Personaliza\u00e7\u00e3o da configura\u00e7\u00e3o<\/strong>: Pode ser equipado com acess\u00f3rios como guarda-s\u00f3is, cortinas e dispositivos de ilumina\u00e7\u00e3o de acordo com as necessidades do cliente, melhorando a experi\u00eancia do utilizador e a est\u00e9tica.<\/li>\n<\/ul>\n<h4>Cen\u00e1rios de aplica\u00e7\u00e3o do p\u00e1tio de alum\u00ednio para jardim de inverno<\/h4>\n<ul>\n<li><strong>Casas de habita\u00e7\u00e3o<\/strong>: Proporciona um espa\u00e7o de lazer e de entretenimento confort\u00e1vel e luminoso para as fam\u00edlias.<\/li>\n<li><strong>Moradias de luxo<\/strong>: Melhora o luxo e a qualidade das moradias, criando uma experi\u00eancia \u00fanica de vida ao ar livre.<\/li>\n<li><strong>Locais comerciais<\/strong>: Por exemplo, restaurantes e caf\u00e9s, atraem a aten\u00e7\u00e3o dos clientes e melhoram a imagem da marca.<\/li>\n<\/ul>\n<h3>Mais modelos<\/h3>\n<figure id=\"attachment_17691\" aria-describedby=\"caption-attachment-17691\" style=\"width: 1024px\" class=\"wp-caption alignnone\"><img loading=\"lazy\" decoding=\"async\" class=\"wp-image-17691 size-large\" src=\"https:\/\/meterny.com\/wp-content\/uploads\/2024\/10\/\u4e0b\u8f7d-23-1024x1024.jpg\" alt=\"estilos de sol\u00e1rio em alum\u00ednio multicolorido solu\u00e7\u00f5es elegantes para sol\u00e1rios\" width=\"1024\" height=\"1024\" srcset=\"https:\/\/meterny.com\/wp-content\/uploads\/2024\/10\/\u4e0b\u8f7d-23-1024x1024.jpg 1024w, https:\/\/meterny.com\/wp-content\/uploads\/2024\/10\/\u4e0b\u8f7d-23-300x300.jpg 300w, https:\/\/meterny.com\/wp-content\/uploads\/2024\/10\/\u4e0b\u8f7d-23-150x150.jpg 150w, https:\/\/meterny.com\/wp-content\/uploads\/2024\/10\/\u4e0b\u8f7d-23-768x768.jpg 768w, https:\/\/meterny.com\/wp-content\/uploads\/2024\/10\/\u4e0b\u8f7d-23-600x600.jpg 600w, https:\/\/meterny.com\/wp-content\/uploads\/2024\/10\/\u4e0b\u8f7d-23-100x100.jpg 100w, https:\/\/meterny.com\/wp-content\/uploads\/2024\/10\/\u4e0b\u8f7d-23.jpg 1200w\" sizes=\"auto, (max-width: 1024px) 100vw, 1024px\" \/><figcaption id=\"caption-attachment-17691\" class=\"wp-caption-text\">Um caleidosc\u00f3pio de designs de sol\u00e1rios: Escolha a solu\u00e7\u00e3o perfeita<\/figcaption><\/figure>\n<h3>Se quiser saber mais pormenores, clique neste link do youtube:<a href=\"https:\/\/youtu.be\/XBnrx0OJS2g\" target=\"_blank\" rel=\"noopener\">https:\/\/youtu.be\/XBnrx0OJS2g<\/a><\/h3>\n<p>&nbsp;<\/p>\n<figure id=\"attachment_16950\" aria-describedby=\"caption-attachment-16950\" style=\"width: 1024px\" class=\"wp-caption alignnone\"><img loading=\"lazy\" decoding=\"async\" class=\"wp-image-16950\" src=\"https:\/\/meterny.com\/wp-content\/uploads\/2024\/09\/About-Meterny@3x.png\" alt=\"Compara\u00e7\u00e3o da p\u00e9rgola de alum\u00ednio Meterny com outras p\u00e9rgolas\" width=\"1024\" height=\"1447\" srcset=\"https:\/\/meterny.com\/wp-content\/uploads\/2024\/09\/About-Meterny@3x.png 1787w, https:\/\/meterny.com\/wp-content\/uploads\/2024\/09\/About-Meterny@3x-212x300.png 212w, https:\/\/meterny.com\/wp-content\/uploads\/2024\/09\/About-Meterny@3x-724x1024.png 724w, https:\/\/meterny.com\/wp-content\/uploads\/2024\/09\/About-Meterny@3x-768x1086.png 768w, https:\/\/meterny.com\/wp-content\/uploads\/2024\/09\/About-Meterny@3x-1087x1536.png 1087w, https:\/\/meterny.com\/wp-content\/uploads\/2024\/09\/About-Meterny@3x-1449x2048.png 1449w, https:\/\/meterny.com\/wp-content\/uploads\/2024\/09\/About-Meterny@3x-600x848.png 600w\" sizes=\"auto, (max-width: 1024px) 100vw, 1024px\" \/><figcaption id=\"caption-attachment-16950\" class=\"wp-caption-text\">P\u00e9rgolas Meterny vs. P\u00e9rgolas Tradicionais: Carater\u00edsticas Superiores<\/figcaption><\/figure>\n<h3>Breve descri\u00e7\u00e3o de P\u00e1tio de alum\u00ednio Winter Garden Sunroom<\/h3>\n<p id=\"\">Uma marquise de alum\u00ednio para jardim de inverno oferece um espa\u00e7o de vida exterior vers\u00e1til e convidativo com v\u00e1rias vantagens importantes:<\/p>\n<ol>\n<li><strong>Prote\u00e7\u00e3o contra os elementos<\/strong>:\n<ul>\n<li>A estrutura de alum\u00ednio e os vidros proporcionam uma barreira contra o vento, a chuva, a neve e outras condi\u00e7\u00f5es climat\u00e9ricas adversas.<\/li>\n<li>Isto permite-lhe desfrutar confortavelmente do seu espa\u00e7o exterior durante todo o ano.<\/li>\n<\/ul>\n<\/li>\n<li><strong>Luz natural e vistas<\/strong>:\n<ul>\n<li>Os grandes pain\u00e9is de vidro deixam entrar muita luz natural, iluminando o espa\u00e7o e melhorando as vistas do jardim ou da paisagem.<\/li>\n<li>Isto cria uma atmosfera calorosa e convidativa que se sente ligada ao ar livre.<\/li>\n<\/ul>\n<\/li>\n<li><strong>Controlo confort\u00e1vel da temperatura<\/strong>:\n<ul>\n<li>Com vidros e isolamento adequados, um sol\u00e1rio pode ser concebido para manter uma temperatura confort\u00e1vel, reduzindo a necessidade de aquecimento ou arrefecimento.<\/li>\n<li>Isto ajuda a poupar nos custos de energia e cria um ambiente agrad\u00e1vel para utiliza\u00e7\u00e3o durante todo o ano.<\/li>\n<\/ul>\n<\/li>\n<li><strong>Aumento do espa\u00e7o habitacional<\/strong>:\n<ul>\n<li>Uma marquise acrescenta uma valiosa metragem quadrada \u00e0 sua casa, proporcionando espa\u00e7o adicional para jantar, relaxar ou receber convidados.<\/li>\n<li>Pode servir como uma sala polivalente, acomodando v\u00e1rias actividades e utiliza\u00e7\u00f5es.<\/li>\n<\/ul>\n<\/li>\n<li><strong>Apelo est\u00e9tico<\/strong>:\n<ul>\n<li>O design elegante e moderno de um sol\u00e1rio de alum\u00ednio melhora o aspeto geral da sua casa.<\/li>\n<li>D\u00e1 um toque de sofistica\u00e7\u00e3o e eleg\u00e2ncia ao seu espa\u00e7o de vida ao ar livre.<\/li>\n<\/ul>\n<\/li>\n<\/ol>\n<h6>\u00a0P\u00e1tio Alum\u00ednio Jardim de inverno Marquise<\/h6>\n<figure id=\"attachment_16952\" aria-describedby=\"caption-attachment-16952\" style=\"width: 1024px\" class=\"wp-caption alignnone\"><img loading=\"lazy\" decoding=\"async\" class=\"wp-image-16952\" src=\"https:\/\/meterny.com\/wp-content\/uploads\/2024\/09\/\u5fae\u4fe1\u56fe\u7247_20241006211816.png\" alt=\"Projeto de preven\u00e7\u00e3o de fugas de \u00e1gua da p\u00e9rgola de alum\u00ednio Meterny\" width=\"1024\" height=\"1403\" srcset=\"https:\/\/meterny.com\/wp-content\/uploads\/2024\/09\/\u5fae\u4fe1\u56fe\u7247_20241006211816.png 888w, https:\/\/meterny.com\/wp-content\/uploads\/2024\/09\/\u5fae\u4fe1\u56fe\u7247_20241006211816-219x300.png 219w, https:\/\/meterny.com\/wp-content\/uploads\/2024\/09\/\u5fae\u4fe1\u56fe\u7247_20241006211816-747x1024.png 747w, https:\/\/meterny.com\/wp-content\/uploads\/2024\/09\/\u5fae\u4fe1\u56fe\u7247_20241006211816-768x1053.png 768w, https:\/\/meterny.com\/wp-content\/uploads\/2024\/09\/\u5fae\u4fe1\u56fe\u7247_20241006211816-600x822.png 600w\" sizes=\"auto, (max-width: 1024px) 100vw, 1024px\" \/><figcaption id=\"caption-attachment-16952\" class=\"wp-caption-text\">Projeto inovador de preven\u00e7\u00e3o de fugas de \u00e1gua do Meterny<\/figcaption><\/figure>\n<h4>Servi\u00e7o p\u00f3s-venda<\/h4>\n<ul>\n<li><strong>Per\u00edodo de garantia<\/strong>: Normalmente, oferece um determinado per\u00edodo de garantia, como 2 ou 3 anos, assegurando a qualidade fi\u00e1vel do produto.<\/li>\n<li><strong>Servi\u00e7o de instala\u00e7\u00e3o<\/strong>: Uma equipa de instala\u00e7\u00e3o profissional para garantir uma instala\u00e7\u00e3o segura e esteticamente agrad\u00e1vel.<\/li>\n<li><strong>Servi\u00e7o de repara\u00e7\u00e3o<\/strong>: Oferece servi\u00e7os de repara\u00e7\u00e3o atempados para resolver problemas encontrados pelos clientes durante a utiliza\u00e7\u00e3o.<\/li>\n<\/ul>\n<figure id=\"attachment_16950\" aria-describedby=\"caption-attachment-16950\" style=\"width: 1024px\" class=\"wp-caption alignnone\"><img loading=\"lazy\" decoding=\"async\" class=\"wp-image-16950\" src=\"https:\/\/meterny.com\/wp-content\/uploads\/2024\/09\/About-Meterny@3x.png\" alt=\"Compara\u00e7\u00e3o da p\u00e9rgola de alum\u00ednio Meterny com outras p\u00e9rgolas\" width=\"1024\" height=\"1447\" srcset=\"https:\/\/meterny.com\/wp-content\/uploads\/2024\/09\/About-Meterny@3x.png 1787w, https:\/\/meterny.com\/wp-content\/uploads\/2024\/09\/About-Meterny@3x-212x300.png 212w, https:\/\/meterny.com\/wp-content\/uploads\/2024\/09\/About-Meterny@3x-724x1024.png 724w, https:\/\/meterny.com\/wp-content\/uploads\/2024\/09\/About-Meterny@3x-768x1086.png 768w, https:\/\/meterny.com\/wp-content\/uploads\/2024\/09\/About-Meterny@3x-1087x1536.png 1087w, https:\/\/meterny.com\/wp-content\/uploads\/2024\/09\/About-Meterny@3x-1449x2048.png 1449w, https:\/\/meterny.com\/wp-content\/uploads\/2024\/09\/About-Meterny@3x-600x848.png 600w\" sizes=\"auto, (max-width: 1024px) 100vw, 1024px\" \/><figcaption id=\"caption-attachment-16950\" class=\"wp-caption-text\">P\u00e9rgolas Meterny vs. P\u00e9rgolas Tradicionais: Carater\u00edsticas Superiores<\/figcaption><\/figure>\n<h3>Porqu\u00ea escolher a marquise de alum\u00ednio para jardim de inverno do Meterny?<\/h3>\n<p id=\"\">A escolha da marquise de alum\u00ednio para jardim de inverno da Meterny oferece in\u00fameras vantagens que a tornam uma escolha de destaque para melhorar o seu espa\u00e7o de vida ao ar livre. Aqui est\u00e3o v\u00e1rias raz\u00f5es para optar por esta op\u00e7\u00e3o:<\/p>\n<ol>\n<li><strong>Durabilidade e resist\u00eancia \u00e0s intemp\u00e9ries<\/strong>:\n<ul>\n<li>Os sol\u00e1rios Meterny s\u00e3o fabricados com estruturas robustas em liga de alum\u00ednio, conhecidas pela sua for\u00e7a e resist\u00eancia \u00e0 corros\u00e3o.<\/li>\n<li>Os materiais s\u00e3o concebidos para resistir a condi\u00e7\u00f5es climat\u00e9ricas adversas, garantindo durabilidade e desempenho a longo prazo.<\/li>\n<\/ul>\n<\/li>\n<li><strong>Design personaliz\u00e1vel<\/strong>:\n<ul>\n<li>O Meterny oferece uma gama de tamanhos e configura\u00e7\u00f5es para se adaptar \u00e0s necessidades e prefer\u00eancias individuais.<\/li>\n<li>Os sol\u00e1rios podem ser adaptados para se adaptarem ao seu espa\u00e7o exterior espec\u00edfico, proporcionando uma integra\u00e7\u00e3o perfeita com a arquitetura existente da sua casa.<\/li>\n<\/ul>\n<\/li>\n<li><strong>Funcionalidade vers\u00e1til<\/strong>:\n<ul>\n<li>Estes sol\u00e1rios t\u00eam m\u00faltiplas finalidades, funcionando como abrigo da chuva, espa\u00e7o de lazer ou abrigo solar.<\/li>\n<li>Proporcionam um ambiente confort\u00e1vel e convidativo para relaxar, jantar ou receber convidados.<\/li>\n<\/ul>\n<\/li>\n<li><strong>Efici\u00eancia energ\u00e9tica<\/strong>:\n<ul>\n<li>Os caixilhos de alum\u00ednio e os pain\u00e9is de vidro s\u00e3o frequentemente concebidos com carater\u00edsticas de efici\u00eancia energ\u00e9tica, tais como vidros duplos ou revestimentos de baixa emissividade.<\/li>\n<li>Estas carater\u00edsticas ajudam a manter uma temperatura interior consistente, reduzindo os custos de aquecimento e arrefecimento.<\/li>\n<\/ul>\n<\/li>\n<li><strong>Facilidade de instala\u00e7\u00e3o e manuten\u00e7\u00e3o<\/strong>:\n<ul>\n<li>Os sol\u00e1rios Meterny s\u00e3o normalmente concebidos para uma instala\u00e7\u00e3o f\u00e1cil, poupando-lhe tempo e esfor\u00e7o.<\/li>\n<li>Requerem uma manuten\u00e7\u00e3o m\u00ednima, com superf\u00edcies f\u00e1ceis de limpar que mant\u00eam o seu aspeto ao longo do tempo.<\/li>\n<\/ul>\n<\/li>\n<li><strong>Apelo est\u00e9tico<\/strong>:\n<ul>\n<li>O design elegante e moderno dos sol\u00e1rios de alum\u00ednio Meterny real\u00e7a o aspeto est\u00e9tico da sua casa.<\/li>\n<li>D\u00e3o um toque de eleg\u00e2ncia e sofistica\u00e7\u00e3o ao seu espa\u00e7o exterior.<\/li>\n<\/ul>\n<\/li>\n<li><strong>Aumento do espa\u00e7o habitacional<\/strong>:\n<ul>\n<li>Ao acrescentar uma marquise, est\u00e1 a aumentar efetivamente a \u00e1rea \u00fatil da sua casa.<\/li>\n<li>Isto proporciona espa\u00e7o adicional para actividades, armazenamento ou simplesmente como um retiro tranquilo.<\/li>\n<\/ul>\n<\/li>\n<li><strong>Valor acrescentado<\/strong>:\n<ul>\n<li>Um sol\u00e1rio pode aumentar significativamente o valor da sua propriedade.<\/li>\n<li>Funciona como um ponto de venda \u00fanico, tornando a sua casa mais atractiva para potenciais compradores.<\/li>\n<\/ul>\n<\/li>\n<li><strong>Garantia do fabricante<\/strong>:\n<ul>\n<li>O Meterny fornece frequentemente uma garantia abrangente para os seus produtos, oferecendo tranquilidade contra defeitos ou avarias.<\/li>\n<li>Isto garante que o seu investimento est\u00e1 protegido e durar\u00e1 muitos anos.<\/li>\n<\/ul>\n<\/li>\n<li><strong>Consultoria e apoio especializado<\/strong>:\n<ul>\n<li>A equipa de especialistas da Meterny pode prestar uma consultoria valiosa durante as fases de planeamento e instala\u00e7\u00e3o.<\/li>\n<li>Oferecem apoio e aconselhamento cont\u00ednuos para garantir que o seu sol\u00e1rio corresponde \u00e0s suas expectativas e tem um desempenho \u00f3timo.<\/li>\n<\/ul>\n<\/li>\n<\/ol>\n<p id=\"\">Em suma, a escolha da marquise de alum\u00ednio para jardim de inverno Meterny oferece uma combina\u00e7\u00e3o de durabilidade, personaliza\u00e7\u00e3o, funcionalidade, efici\u00eancia energ\u00e9tica, facilidade de instala\u00e7\u00e3o e manuten\u00e7\u00e3o, atrativo est\u00e9tico, aumento do espa\u00e7o habitacional, valor acrescentado, garantia do fabricante e apoio especializado. Estes factores tornam-na uma excelente escolha para melhorar a sua experi\u00eancia de vida ao ar livre.<\/p>\n<p>&nbsp;<\/p>","protected":false},"excerpt":{"rendered":"<p>Crie um ref\u00fagio exterior elegante e resistente \u00e0s intemp\u00e9ries com o Pavilh\u00e3o de alum\u00ednio met\u00e1lico \u00e0 prova de \u00e1gua, combinando um design elegante com um desempenho duradouro.<\/p>","protected":false},"featured_media":17719,"comment_status":"open","ping_status":"closed","template":"","meta":{"_uag_custom_page_level_css":"","site-sidebar-layout":"default","site-content-layout":"","ast-site-content-layout":"default","site-content-style":"default","site-sidebar-style":"default","ast-global-header-display":"","ast-banner-title-visibility":"","ast-main-header-display":"","ast-hfb-above-header-display":"","ast-hfb-below-header-display":"","ast-hfb-mobile-header-display":"","site-post-title":"","ast-breadcrumbs-content":"","ast-featured-img":"","footer-sml-layout":"","theme-transparent-header-meta":"default","adv-header-id-meta":"","stick-header-meta":"default","header-above-stick-meta":"","header-main-stick-meta":"","header-below-stick-meta":"","astra-migrate-meta-layouts":"set","ast-page-background-enabled":"default","ast-page-background-meta":{"desktop":{"background-color":"var(--ast-global-color-4)","background-image":"","background-repeat":"repeat","background-position":"center center","background-size":"auto","background-attachment":"scroll","background-type":"","background-media":"","overlay-type":"","overlay-color":"","overlay-opacity":"","overlay-gradient":""},"tablet":{"background-color":"","background-image":"","background-repeat":"repeat","background-position":"center center","background-size":"auto","background-attachment":"scroll","background-type":"","background-media":"","overlay-type":"","overlay-color":"","overlay-opacity":"","overlay-gradient":""},"mobile":{"background-color":"","background-image":"","background-repeat":"repeat","background-position":"center center","background-size":"auto","background-attachment":"scroll","background-type":"","background-media":"","overlay-type":"","overlay-color":"","overlay-opacity":"","overlay-gradient":""}},"ast-content-background-meta":{"desktop":{"background-color":"var(--ast-global-color-5)","background-image":"","background-repeat":"repeat","background-position":"center center","background-size":"auto","background-attachment":"scroll","background-type":"","background-media":"","overlay-type":"","overlay-color":"","overlay-opacity":"","overlay-gradient":""},"tablet":{"background-color":"var(--ast-global-color-5)","background-image":"","background-repeat":"repeat","background-position":"center center","background-size":"auto","background-attachment":"scroll","background-type":"","background-media":"","overlay-type":"","overlay-color":"","overlay-opacity":"","overlay-gradient":""},"mobile":{"background-color":"var(--ast-global-color-5)","background-image":"","background-repeat":"repeat","background-position":"center center","background-size":"auto","background-attachment":"scroll","background-type":"","background-media":"","overlay-type":"","overlay-color":"","overlay-opacity":"","overlay-gradient":""}}},"product_brand":[],"product_cat":[18],"product_tag":[219,217,218,216],"class_list":{"0":"post-17919","1":"product","2":"type-product","3":"status-publish","4":"has-post-thumbnail","6":"product_cat-uncategorized","7":"product_tag-aluminum-metal-waterproof-pergola","8":"product_tag-aluminum-pavilion","9":"product_tag-metal-pavilion","10":"product_tag-waterproof-pavilion","11":"desktop-align-center","12":"tablet-align-left","13":"mobile-align-left","14":"ast-product-gallery-layout-horizontal-slider","15":"ast-product-single-variable","16":"ast-product-tabs-layout-vertical","18":"first","19":"instock","20":"shipping-taxable","21":"product-type-variable"},"uagb_featured_image_src":{"full":["https:\/\/meterny.com\/wp-content\/uploads\/2024\/10\/YY-19\u4e3b.jpg",800,800,false],"thumbnail":["https:\/\/meterny.com\/wp-content\/uploads\/2024\/10\/YY-19\u4e3b-150x150.jpg",150,150,true],"medium":["https:\/\/meterny.com\/wp-content\/uploads\/2024\/10\/YY-19\u4e3b-300x300.jpg",300,300,true],"medium_large":["https:\/\/meterny.com\/wp-content\/uploads\/2024\/10\/YY-19\u4e3b-768x768.jpg",768,768,true],"large":["https:\/\/meterny.com\/wp-content\/uploads\/2024\/10\/YY-19\u4e3b.jpg",800,800,false],"1536x1536":["https:\/\/meterny.com\/wp-content\/uploads\/2024\/10\/YY-19\u4e3b.jpg",800,800,false],"2048x2048":["https:\/\/meterny.com\/wp-content\/uploads\/2024\/10\/YY-19\u4e3b.jpg",800,800,false],"trp-custom-language-flag":["https:\/\/meterny.com\/wp-content\/uploads\/2024\/10\/YY-19\u4e3b.jpg",12,12,false],"woocommerce_thumbnail":["https:\/\/meterny.com\/wp-content\/uploads\/2024\/10\/YY-19\u4e3b-300x300.jpg",300,300,true],"woocommerce_single":["https:\/\/meterny.com\/wp-content\/uploads\/2024\/10\/YY-19\u4e3b-600x600.jpg",600,600,true],"woocommerce_gallery_thumbnail":["https:\/\/meterny.com\/wp-content\/uploads\/2024\/10\/YY-19\u4e3b-100x100.jpg",100,100,true]},"uagb_author_info":{"display_name":"meterny","author_link":"https:\/\/meterny.com\/pt\/author\/"},"uagb_comment_info":0,"uagb_excerpt":"Create a stylish and weather-resistant outdoor haven with the Aluminum Metal Waterproof Pavilion, combining sleek design with durable performance.","_links":{"self":[{"href":"https:\/\/meterny.com\/pt\/wp-json\/wp\/v2\/product\/17919","targetHints":{"allow":["GET"]}}],"collection":[{"href":"https:\/\/meterny.com\/pt\/wp-json\/wp\/v2\/product"}],"about":[{"href":"https:\/\/meterny.com\/pt\/wp-json\/wp\/v2\/types\/product"}],"replies":[{"embeddable":true,"href":"https:\/\/meterny.com\/pt\/wp-json\/wp\/v2\/comments?post=17919"}],"wp:featuredmedia":[{"embeddable":true,"href":"https:\/\/meterny.com\/pt\/wp-json\/wp\/v2\/media\/17719"}],"wp:attachment":[{"href":"https:\/\/meterny.com\/pt\/wp-json\/wp\/v2\/media?parent=17919"}],"wp:term":[{"taxonomy":"product_brand","embeddable":true,"href":"https:\/\/meterny.com\/pt\/wp-json\/wp\/v2\/product_brand?post=17919"},{"taxonomy":"product_cat","embeddable":true,"href":"https:\/\/meterny.com\/pt\/wp-json\/wp\/v2\/product_cat?post=17919"},{"taxonomy":"product_tag","embeddable":true,"href":"https:\/\/meterny.com\/pt\/wp-json\/wp\/v2\/product_tag?post=17919"}],"curies":[{"name":"wp","href":"https:\/\/api.w.org\/{rel}","templated":true}]}}