{"id":18001,"date":"2024-10-10T12:30:31","date_gmt":"2024-10-10T12:30:31","guid":{"rendered":"https:\/\/meterny.com\/?post_type=product&#038;p=18001"},"modified":"2025-01-18T12:28:18","modified_gmt":"2025-01-18T12:28:18","slug":"pavilion-aluminium-tempered-glass-greenhouse","status":"publish","type":"product","link":"https:\/\/meterny.com\/pt\/produto\/pavilion-aluminium-tempered-glass-greenhouse\/","title":{"rendered":"Pavilh\u00e3o de Alum\u00ednio Vidro Temperado Estufa Exterior Gazebo de Alum\u00ednio Jardim de inverno Sala de Sol de Alum\u00ednio"},"content":{"rendered":"<h2 style=\"text-align: center;\">Pavilh\u00e3o de Alum\u00ednio Vidro Temperado Estufa Exterior Gazebo de Alum\u00ednio Jardim de inverno Sala de Sol de Alum\u00ednio<\/h2>\n<p><strong>Tipo<\/strong>: Marquise em alum\u00ednio Gazebo em alum\u00ednio<\/p>\n<p><strong>Tamanho<\/strong>: personalizado<\/p>\n<p><strong>Superf\u00edcie<\/strong>: revestimento\/pintura personalizada<\/p>\n<p><strong>Cor<\/strong>: personalizado<\/p>\n<p><strong>Comprimento<\/strong>: Personalizado<\/p>\n<p><strong>Material<\/strong>: Liga de alum\u00ednio de alta qualidade<\/p>\n<p><strong>Tecnologia de produtos<\/strong>: Sistema anti-fugas AquaGuard Meterny<\/p>\n<figure id=\"attachment_16928\" aria-describedby=\"caption-attachment-16928\" style=\"width: 1024px\" class=\"wp-caption alignnone\"><img loading=\"lazy\" decoding=\"async\" class=\"wp-image-16928\" src=\"https:\/\/meterny.com\/wp-content\/uploads\/2024\/09\/Aluminum-Pergola-2.jpg\" alt=\"P\u00e9rgola de alum\u00ednio com teto motorizado e sistema AquaGuard Meterny num quintal moderno.\" width=\"1024\" height=\"1024\" srcset=\"https:\/\/meterny.com\/wp-content\/uploads\/2024\/09\/Aluminum-Pergola-2.jpg 800w, https:\/\/meterny.com\/wp-content\/uploads\/2024\/09\/Aluminum-Pergola-2-300x300.jpg 300w, https:\/\/meterny.com\/wp-content\/uploads\/2024\/09\/Aluminum-Pergola-2-150x150.jpg 150w, https:\/\/meterny.com\/wp-content\/uploads\/2024\/09\/Aluminum-Pergola-2-768x768.jpg 768w, https:\/\/meterny.com\/wp-content\/uploads\/2024\/09\/Aluminum-Pergola-2-600x600.jpg 600w, https:\/\/meterny.com\/wp-content\/uploads\/2024\/09\/Aluminum-Pergola-2-100x100.jpg 100w\" sizes=\"auto, (max-width: 1024px) 100vw, 1024px\" \/><figcaption id=\"caption-attachment-16928\" class=\"wp-caption-text\">P\u00e9rgola de alum\u00ednio com teto motorizado e sistema AquaGuard - Desfrute de uma vida ao ar livre com todas as condi\u00e7\u00f5es meteorol\u00f3gicas.<\/figcaption><\/figure>\n<h3><strong>Vis\u00e3o geral do produto<\/strong><\/h3>\n<p id=\"\">Bem-vindo ao mundo da estufa de vidro temperado de alum\u00ednio Pavilion! Concebida para os entusiastas da jardinagem que procuram uma vida de alta qualidade, esta estufa combina uma elegante estrutura de alum\u00ednio com uma estrutura robusta de vidro temperado, dando um toque moderno e natural ao seu jardim ou varanda. N\u00e3o s\u00f3 proporciona o ambiente perfeito para o crescimento das plantas, como tamb\u00e9m serve de destaque na decora\u00e7\u00e3o da sua casa.<\/p>\n<h3><strong>Carater\u00edsticas do produto Estufa de vidro temperado de alum\u00ednio Pavilion<\/strong><\/h3>\n<h4>1. <strong>Quadro em liga de alum\u00ednio de alta resist\u00eancia<\/strong><\/h4>\n<ul>\n<li>Fabricada em liga de alum\u00ednio de qualidade superior para avia\u00e7\u00e3o, \u00e9 leve mas robusta, resistente \u00e0 corros\u00e3o e \u00e0 oxida\u00e7\u00e3o, garantindo uma estabilidade estrutural a longo prazo para a estufa.<\/li>\n<li>Finamente trabalhado, com linhas elegantes e um aspeto elegante, combina na perfei\u00e7\u00e3o com os estilos de decora\u00e7\u00e3o modernos.<\/li>\n<\/ul>\n<h4>2. <strong>Vidro temperado seguro<\/strong><\/h4>\n<ul>\n<li>Cobertura de vidro temperado totalmente transparente com uma taxa de transmiss\u00e3o de luz superior a 90%, permitindo que a luz solar penetre e promova a fotoss\u00edntese nas plantas.<\/li>\n<li>O tratamento temperado aumenta a resist\u00eancia do vidro; mesmo que se parta acidentalmente, estilha\u00e7a-se em peda\u00e7os granulados, reduzindo o risco de ferimentos e garantindo a seguran\u00e7a.<\/li>\n<\/ul>\n<h4>3. <strong>Sistema de ventila\u00e7\u00e3o inteligente<\/strong><\/h4>\n<ul>\n<li>Equipada com janelas de ventila\u00e7\u00e3o superiores e laterais ajust\u00e1veis para um controlo eficaz da temperatura e da humidade no interior da estufa, satisfazendo as necessidades de crescimento das plantas em diferentes esta\u00e7\u00f5es.<\/li>\n<li>Design de f\u00e1cil utiliza\u00e7\u00e3o para uma gest\u00e3o simples do microclima da estufa.<\/li>\n<\/ul>\n<h4>4. <strong>Layout espa\u00e7oso<\/strong><\/h4>\n<ul>\n<li>V\u00e1rios tamanhos dispon\u00edveis para satisfazer v\u00e1rias necessidades de espa\u00e7o e de planta\u00e7\u00e3o, adequados para pequenas varandas ou p\u00e1tios espa\u00e7osos.<\/li>\n<li>O interior \u00e9 espa\u00e7oso e luminoso, ideal para cultivar uma variedade de flores, legumes, suculentas e muito mais, criando o seu o\u00e1sis privado.<\/li>\n<\/ul>\n<h4>5. <strong>Acess\u00f3rios duradouros e de f\u00e1cil instala\u00e7\u00e3o<\/strong><\/h4>\n<ul>\n<li>Inclui fixadores de a\u00e7o inoxid\u00e1vel e tiras de veda\u00e7\u00e3o \u00e0 prova de \u00e1gua, garantindo estabilidade estrutural e um desempenho superior \u00e0 prova de \u00e1gua.<\/li>\n<li>Inclui um guia de instala\u00e7\u00e3o pormenorizado para uma instala\u00e7\u00e3o f\u00e1cil do tipo \"fa\u00e7a voc\u00ea mesmo\", sem necessidade de uma equipa profissional.<\/li>\n<\/ul>\n<h3><strong>Especifica\u00e7\u00f5es do produto<\/strong><\/h3>\n<ul>\n<li><strong>Tamanho<\/strong>: V\u00e1rias especifica\u00e7\u00f5es dispon\u00edveis, consulte o menu pendente para obter mais pormenores.<\/li>\n<li><strong>Material<\/strong>: Estrutura em liga de alum\u00ednio de qualidade aeron\u00e1utica + vidro temperado.<\/li>\n<li><strong>Transmiss\u00e3o de luz<\/strong>: \u226590%.<\/li>\n<li><strong>Cor<\/strong>: Estrutura em alum\u00ednio dispon\u00edvel em prateado ou preto mate, vidro transparente.<\/li>\n<li><strong>Peso<\/strong>: Varia consoante o modelo, consulte os par\u00e2metros do produto para obter informa\u00e7\u00f5es espec\u00edficas.<\/li>\n<\/ul>\n<h3><strong>Cen\u00e1rios de aplica\u00e7\u00e3o<\/strong><\/h3>\n<ul>\n<li><strong>Casa Varanda\/Terra\u00e7o<\/strong>: Aproveite ao m\u00e1ximo o espa\u00e7o limitado e desfrute de uma vida ecol\u00f3gica autossuficiente.<\/li>\n<li><strong>Jardim\/jardim<\/strong>: Criar uma \u00e1rea dedicada \u00e0 observa\u00e7\u00e3o de plantas, melhorando a qualidade do lazer ao ar livre.<\/li>\n<li><strong>Escolas\/Institui\u00e7\u00f5es de ensino<\/strong>: Servir de base para a educa\u00e7\u00e3o natural e a aprendizagem pr\u00e1tica, inspirando o interesse das crian\u00e7as pela natureza.<\/li>\n<\/ul>\n<h3>Mais desenhos de Estufa de vidro temperado de alum\u00ednio para pavilh\u00e3o<\/h3>\n<figure id=\"attachment_17691\" aria-describedby=\"caption-attachment-17691\" style=\"width: 1024px\" class=\"wp-caption alignnone\"><img loading=\"lazy\" decoding=\"async\" class=\"wp-image-17691\" src=\"https:\/\/meterny.com\/wp-content\/uploads\/2024\/10\/\u4e0b\u8f7d-23.jpg\" alt=\"estilos de sol\u00e1rio em alum\u00ednio multicolorido solu\u00e7\u00f5es elegantes para sol\u00e1rios\" width=\"1024\" height=\"1024\" srcset=\"https:\/\/meterny.com\/wp-content\/uploads\/2024\/10\/\u4e0b\u8f7d-23.jpg 1200w, https:\/\/meterny.com\/wp-content\/uploads\/2024\/10\/\u4e0b\u8f7d-23-300x300.jpg 300w, https:\/\/meterny.com\/wp-content\/uploads\/2024\/10\/\u4e0b\u8f7d-23-1024x1024.jpg 1024w, https:\/\/meterny.com\/wp-content\/uploads\/2024\/10\/\u4e0b\u8f7d-23-150x150.jpg 150w, https:\/\/meterny.com\/wp-content\/uploads\/2024\/10\/\u4e0b\u8f7d-23-768x768.jpg 768w, https:\/\/meterny.com\/wp-content\/uploads\/2024\/10\/\u4e0b\u8f7d-23-600x600.jpg 600w, https:\/\/meterny.com\/wp-content\/uploads\/2024\/10\/\u4e0b\u8f7d-23-100x100.jpg 100w\" sizes=\"auto, (max-width: 1024px) 100vw, 1024px\" \/><figcaption id=\"caption-attachment-17691\" class=\"wp-caption-text\">Um caleidosc\u00f3pio de designs de sol\u00e1rios: Escolha a solu\u00e7\u00e3o perfeita<\/figcaption><\/figure>\n<p>Pavilh\u00e3o Estufa de vidro temperado em alum\u00ednio<\/p>\n<h3>Se quiser saber mais pormenores, clique neste link do youtube:<a href=\"https:\/\/youtu.be\/RDBg0nXdM1I\" target=\"_blank\" rel=\"noopener\">https:\/\/youtu.be\/RDBg0nXdM1I<\/a><\/h3>\n<figure id=\"attachment_16950\" aria-describedby=\"caption-attachment-16950\" style=\"width: 1024px\" class=\"wp-caption alignnone\"><img loading=\"lazy\" decoding=\"async\" class=\"wp-image-16950\" src=\"https:\/\/meterny.com\/wp-content\/uploads\/2024\/09\/About-Meterny@3x.png\" alt=\"Compara\u00e7\u00e3o da p\u00e9rgola de alum\u00ednio Meterny com outras p\u00e9rgolas\" width=\"1024\" height=\"1447\" srcset=\"https:\/\/meterny.com\/wp-content\/uploads\/2024\/09\/About-Meterny@3x.png 1787w, https:\/\/meterny.com\/wp-content\/uploads\/2024\/09\/About-Meterny@3x-212x300.png 212w, https:\/\/meterny.com\/wp-content\/uploads\/2024\/09\/About-Meterny@3x-724x1024.png 724w, https:\/\/meterny.com\/wp-content\/uploads\/2024\/09\/About-Meterny@3x-768x1086.png 768w, https:\/\/meterny.com\/wp-content\/uploads\/2024\/09\/About-Meterny@3x-1087x1536.png 1087w, https:\/\/meterny.com\/wp-content\/uploads\/2024\/09\/About-Meterny@3x-1449x2048.png 1449w, https:\/\/meterny.com\/wp-content\/uploads\/2024\/09\/About-Meterny@3x-600x848.png 600w\" sizes=\"auto, (max-width: 1024px) 100vw, 1024px\" \/><figcaption id=\"caption-attachment-16950\" class=\"wp-caption-text\">P\u00e9rgolas Meterny vs. P\u00e9rgolas Tradicionais: Carater\u00edsticas Superiores<\/figcaption><\/figure>\n<h3>Breve descri\u00e7\u00e3o da estufa de vidro temperado de alum\u00ednio Pavilion<\/h3>\n<p id=\"\">A Estufa de Vidro Temperado de Alum\u00ednio Pavilion oferece uma combina\u00e7\u00e3o de eleg\u00e2ncia, durabilidade e funcionalidade. Eis um resumo do que oferece:<\/p>\n<ol>\n<li><strong>Materiais de primeira qualidade<\/strong>:\n<ul>\n<li><strong>Estrutura em alum\u00ednio<\/strong>: Fabricado em liga de alum\u00ednio de alta qualidade para avia\u00e7\u00e3o, garante uma constru\u00e7\u00e3o leve mas robusta.<\/li>\n<li><strong>Vidro temperado<\/strong>: Vidro temperado totalmente transparente, com uma taxa de transmiss\u00e3o da luz superior a 90%, que permite a penetra\u00e7\u00e3o da luz solar e favorece a fotoss\u00edntese das plantas. O vidro temperado tamb\u00e9m se estilha\u00e7a em peda\u00e7os granulados em caso de quebra, reduzindo o risco de ferimentos.<\/li>\n<\/ul>\n<\/li>\n<li><strong>Design elegante<\/strong>:\n<ul>\n<li>As linhas elegantes e o aspeto elegante da moldura de alum\u00ednio combinam na perfei\u00e7\u00e3o com os estilos modernos de decora\u00e7\u00e3o da casa.<\/li>\n<li>O vidro temperado transparente proporciona uma vis\u00e3o clara das plantas no interior, melhorando o atrativo est\u00e9tico da sala de sol com efeito de estufa.<\/li>\n<\/ul>\n<\/li>\n<li><strong>Esquema de funcionamento<\/strong>:\n<ul>\n<li>Equipada com janelas de ventila\u00e7\u00e3o ajust\u00e1veis para um controlo eficaz da temperatura e da humidade no interior da estufa, satisfazendo as necessidades de crescimento das plantas nas diferentes esta\u00e7\u00f5es do ano.<\/li>\n<li>Espa\u00e7osa disposi\u00e7\u00e3o interior, adequada para cultivar uma variedade de flores, legumes, suculentas e muito mais, criando um o\u00e1sis privado.<\/li>\n<\/ul>\n<\/li>\n<li><strong>Durabilidade e longevidade<\/strong>:\n<ul>\n<li>A estrutura de alum\u00ednio \u00e9 resistente \u00e0 corros\u00e3o e \u00e0 oxida\u00e7\u00e3o, garantindo uma estabilidade estrutural a longo prazo.<\/li>\n<li>O vidro temperado aumenta a durabilidade geral da marquise da estufa.<\/li>\n<\/ul>\n<\/li>\n<li><strong>F\u00e1cil instala\u00e7\u00e3o e manuten\u00e7\u00e3o<\/strong>:\n<ul>\n<li>Inclui instru\u00e7\u00f5es de instala\u00e7\u00e3o pormenorizadas para uma f\u00e1cil instala\u00e7\u00e3o \"fa\u00e7a voc\u00ea mesmo\".<\/li>\n<li>Recomenda-se a limpeza e manuten\u00e7\u00e3o regulares para um desempenho \u00f3timo da estufa.<\/li>\n<\/ul>\n<\/li>\n<\/ol>\n<p id=\"\">Em resumo, a Estufa de Vidro Temperado de Alum\u00ednio Pavilion oferece uma solu\u00e7\u00e3o elegante, funcional e duradoura para os entusiastas da jardinagem que procuram criar um o\u00e1sis privado nas suas casas. Combina materiais de primeira qualidade, um design elegante e uma disposi\u00e7\u00e3o espa\u00e7osa para proporcionar um ambiente ideal para o crescimento das plantas, ao mesmo tempo que melhora a est\u00e9tica da sua casa.<\/p>\n<p>&nbsp;<\/p>\n<figure id=\"attachment_16952\" aria-describedby=\"caption-attachment-16952\" style=\"width: 1024px\" class=\"wp-caption alignnone\"><img loading=\"lazy\" decoding=\"async\" class=\"wp-image-16952\" src=\"https:\/\/meterny.com\/wp-content\/uploads\/2024\/09\/\u5fae\u4fe1\u56fe\u7247_20241006211816.png\" alt=\"Projeto de preven\u00e7\u00e3o de fugas de \u00e1gua da p\u00e9rgola de alum\u00ednio Meterny\" width=\"1024\" height=\"1403\" srcset=\"https:\/\/meterny.com\/wp-content\/uploads\/2024\/09\/\u5fae\u4fe1\u56fe\u7247_20241006211816.png 888w, https:\/\/meterny.com\/wp-content\/uploads\/2024\/09\/\u5fae\u4fe1\u56fe\u7247_20241006211816-219x300.png 219w, https:\/\/meterny.com\/wp-content\/uploads\/2024\/09\/\u5fae\u4fe1\u56fe\u7247_20241006211816-747x1024.png 747w, https:\/\/meterny.com\/wp-content\/uploads\/2024\/09\/\u5fae\u4fe1\u56fe\u7247_20241006211816-768x1053.png 768w, https:\/\/meterny.com\/wp-content\/uploads\/2024\/09\/\u5fae\u4fe1\u56fe\u7247_20241006211816-600x822.png 600w\" sizes=\"auto, (max-width: 1024px) 100vw, 1024px\" \/><figcaption id=\"caption-attachment-16952\" class=\"wp-caption-text\">Projeto inovador de preven\u00e7\u00e3o de fugas de \u00e1gua do Meterny<\/figcaption><\/figure>\n<p>&nbsp;<\/p>\n<figure id=\"attachment_16951\" aria-describedby=\"caption-attachment-16951\" style=\"width: 1024px\" class=\"wp-caption alignnone\"><img loading=\"lazy\" decoding=\"async\" class=\"wp-image-16951\" src=\"https:\/\/meterny.com\/wp-content\/uploads\/2024\/09\/\u753b\u677f-16@3x.png\" alt=\"Meterny, p\u00e9rgola de alum\u00ednio com patente exclusiva\" width=\"1024\" height=\"1448\" srcset=\"https:\/\/meterny.com\/wp-content\/uploads\/2024\/09\/\u753b\u677f-16@3x.png 1787w, https:\/\/meterny.com\/wp-content\/uploads\/2024\/09\/\u753b\u677f-16@3x-212x300.png 212w, https:\/\/meterny.com\/wp-content\/uploads\/2024\/09\/\u753b\u677f-16@3x-724x1024.png 724w, https:\/\/meterny.com\/wp-content\/uploads\/2024\/09\/\u753b\u677f-16@3x-768x1086.png 768w, https:\/\/meterny.com\/wp-content\/uploads\/2024\/09\/\u753b\u677f-16@3x-1086x1536.png 1086w, https:\/\/meterny.com\/wp-content\/uploads\/2024\/09\/\u753b\u677f-16@3x-1448x2048.png 1448w, https:\/\/meterny.com\/wp-content\/uploads\/2024\/09\/\u753b\u677f-16@3x-600x848.png 600w\" sizes=\"auto, (max-width: 1024px) 100vw, 1024px\" \/><figcaption id=\"caption-attachment-16951\" class=\"wp-caption-text\">O design patenteado do Meterny: Uma p\u00e9rgola como nenhuma outra<\/figcaption><\/figure>\n<h3>Porqu\u00ea escolher a estufa de vidro temperado de alum\u00ednio do pavilh\u00e3o Meterny?<\/h3>\n<p><strong>1.<\/strong>Vista ampla: As Estufas de Vidro Temperado de Alum\u00ednio do Pavilh\u00e3o Meterny s\u00e3o normalmente concebidas com grandes \u00e1reas de materiais transparentes, como o vidro temperado, tornando a vista interior extremamente ampla, para que os ocupantes possam desfrutar ao m\u00e1ximo da paisagem natural do exterior.<br \/>\n<strong>2.<\/strong>Luz suficiente: Uma quantidade suficiente de luz solar n\u00e3o s\u00f3 aumenta a luminosidade da divis\u00e3o, como tamb\u00e9m proporciona calor e conforto aos ocupantes, enquanto os raios ultravioleta da luz solar ajudam a esterilizar e desinfetar o ar e a melhorar a qualidade do ar interior.<br \/>\n<strong>3.<\/strong>Polivalente: A sua disposi\u00e7\u00e3o espacial flex\u00edvel e o design funcional diversificado fazem da marquise um espa\u00e7o de destaque e multifuncional na vida familiar<\/p>\n<h3><strong>Coment\u00e1rios de clientes<\/strong><\/h3>\n<p id=\"\">\"Desde que instalei a estufa Pavilion, a minha varanda tornou-se vibrante e cheia de vida. Os meus amigos t\u00eam todos inveja!\" - Sra. Li<\/p>\n<p id=\"\">\"Robusto, com um design bonito e f\u00e1cil de instalar. Muito satisfeito com esta experi\u00eancia de compra!\" - Sr. Zhang<\/p>\n<h3><strong>Notas de compra<\/strong><\/h3>\n<ul>\n<li>Selecione o modelo adequado com base nas necessidades reais e na dimens\u00e3o do espa\u00e7o.<\/li>\n<li>Antes da instala\u00e7\u00e3o, verifique se todos os componentes est\u00e3o intactos e sem danos.<\/li>\n<li>Para um desempenho \u00f3timo da estufa, recomenda-se a limpeza e manuten\u00e7\u00e3o regulares.<\/li>\n<\/ul>","protected":false},"excerpt":{"rendered":"<p>Crie um ref\u00fagio exterior elegante e resistente \u00e0s intemp\u00e9ries com o Pavilh\u00e3o de alum\u00ednio met\u00e1lico \u00e0 prova de \u00e1gua, combinando um design elegante com um desempenho duradouro.<\/p>","protected":false},"featured_media":16935,"comment_status":"open","ping_status":"closed","template":"","meta":{"_uag_custom_page_level_css":"","site-sidebar-layout":"default","site-content-layout":"","ast-site-content-layout":"default","site-content-style":"default","site-sidebar-style":"default","ast-global-header-display":"","ast-banner-title-visibility":"","ast-main-header-display":"","ast-hfb-above-header-display":"","ast-hfb-below-header-display":"","ast-hfb-mobile-header-display":"","site-post-title":"","ast-breadcrumbs-content":"","ast-featured-img":"","footer-sml-layout":"","theme-transparent-header-meta":"default","adv-header-id-meta":"","stick-header-meta":"default","header-above-stick-meta":"","header-main-stick-meta":"","header-below-stick-meta":"","astra-migrate-meta-layouts":"set","ast-page-background-enabled":"default","ast-page-background-meta":{"desktop":{"background-color":"var(--ast-global-color-4)","background-image":"","background-repeat":"repeat","background-position":"center center","background-size":"auto","background-attachment":"scroll","background-type":"","background-media":"","overlay-type":"","overlay-color":"","overlay-opacity":"","overlay-gradient":""},"tablet":{"background-color":"","background-image":"","background-repeat":"repeat","background-position":"center center","background-size":"auto","background-attachment":"scroll","background-type":"","background-media":"","overlay-type":"","overlay-color":"","overlay-opacity":"","overlay-gradient":""},"mobile":{"background-color":"","background-image":"","background-repeat":"repeat","background-position":"center center","background-size":"auto","background-attachment":"scroll","background-type":"","background-media":"","overlay-type":"","overlay-color":"","overlay-opacity":"","overlay-gradient":""}},"ast-content-background-meta":{"desktop":{"background-color":"var(--ast-global-color-5)","background-image":"","background-repeat":"repeat","background-position":"center center","background-size":"auto","background-attachment":"scroll","background-type":"","background-media":"","overlay-type":"","overlay-color":"","overlay-opacity":"","overlay-gradient":""},"tablet":{"background-color":"var(--ast-global-color-5)","background-image":"","background-repeat":"repeat","background-position":"center center","background-size":"auto","background-attachment":"scroll","background-type":"","background-media":"","overlay-type":"","overlay-color":"","overlay-opacity":"","overlay-gradient":""},"mobile":{"background-color":"var(--ast-global-color-5)","background-image":"","background-repeat":"repeat","background-position":"center center","background-size":"auto","background-attachment":"scroll","background-type":"","background-media":"","overlay-type":"","overlay-color":"","overlay-opacity":"","overlay-gradient":""}}},"product_brand":[],"product_cat":[18],"product_tag":[219,217,218,216],"class_list":{"0":"post-18001","1":"product","2":"type-product","3":"status-publish","4":"has-post-thumbnail","6":"product_cat-uncategorized","7":"product_tag-aluminum-metal-waterproof-pergola","8":"product_tag-aluminum-pavilion","9":"product_tag-metal-pavilion","10":"product_tag-waterproof-pavilion","11":"desktop-align-center","12":"tablet-align-left","13":"mobile-align-left","14":"ast-product-gallery-layout-horizontal-slider","15":"ast-product-single-variable","16":"ast-product-tabs-layout-vertical","18":"first","19":"instock","20":"shipping-taxable","21":"product-type-variable"},"uagb_featured_image_src":{"full":["https:\/\/meterny.com\/wp-content\/uploads\/2024\/09\/Aluminum-Pergola-3.jpg",768,768,false],"thumbnail":["https:\/\/meterny.com\/wp-content\/uploads\/2024\/09\/Aluminum-Pergola-3-150x150.jpg",150,150,true],"medium":["https:\/\/meterny.com\/wp-content\/uploads\/2024\/09\/Aluminum-Pergola-3-300x300.jpg",300,300,true],"medium_large":["https:\/\/meterny.com\/wp-content\/uploads\/2024\/09\/Aluminum-Pergola-3.jpg",768,768,false],"large":["https:\/\/meterny.com\/wp-content\/uploads\/2024\/09\/Aluminum-Pergola-3.jpg",768,768,false],"1536x1536":["https:\/\/meterny.com\/wp-content\/uploads\/2024\/09\/Aluminum-Pergola-3.jpg",768,768,false],"2048x2048":["https:\/\/meterny.com\/wp-content\/uploads\/2024\/09\/Aluminum-Pergola-3.jpg",768,768,false],"trp-custom-language-flag":["https:\/\/meterny.com\/wp-content\/uploads\/2024\/09\/Aluminum-Pergola-3.jpg",12,12,false],"woocommerce_thumbnail":["https:\/\/meterny.com\/wp-content\/uploads\/2024\/09\/Aluminum-Pergola-3-300x300.jpg",300,300,true],"woocommerce_single":["https:\/\/meterny.com\/wp-content\/uploads\/2024\/09\/Aluminum-Pergola-3-600x600.jpg",600,600,true],"woocommerce_gallery_thumbnail":["https:\/\/meterny.com\/wp-content\/uploads\/2024\/09\/Aluminum-Pergola-3-100x100.jpg",100,100,true]},"uagb_author_info":{"display_name":"meterny","author_link":"https:\/\/meterny.com\/pt\/author\/"},"uagb_comment_info":0,"uagb_excerpt":"Create a stylish and weather-resistant outdoor haven with the Aluminum Metal Waterproof Pavilion, combining sleek design with durable performance.","_links":{"self":[{"href":"https:\/\/meterny.com\/pt\/wp-json\/wp\/v2\/product\/18001","targetHints":{"allow":["GET"]}}],"collection":[{"href":"https:\/\/meterny.com\/pt\/wp-json\/wp\/v2\/product"}],"about":[{"href":"https:\/\/meterny.com\/pt\/wp-json\/wp\/v2\/types\/product"}],"replies":[{"embeddable":true,"href":"https:\/\/meterny.com\/pt\/wp-json\/wp\/v2\/comments?post=18001"}],"wp:featuredmedia":[{"embeddable":true,"href":"https:\/\/meterny.com\/pt\/wp-json\/wp\/v2\/media\/16935"}],"wp:attachment":[{"href":"https:\/\/meterny.com\/pt\/wp-json\/wp\/v2\/media?parent=18001"}],"wp:term":[{"taxonomy":"product_brand","embeddable":true,"href":"https:\/\/meterny.com\/pt\/wp-json\/wp\/v2\/product_brand?post=18001"},{"taxonomy":"product_cat","embeddable":true,"href":"https:\/\/meterny.com\/pt\/wp-json\/wp\/v2\/product_cat?post=18001"},{"taxonomy":"product_tag","embeddable":true,"href":"https:\/\/meterny.com\/pt\/wp-json\/wp\/v2\/product_tag?post=18001"}],"curies":[{"name":"wp","href":"https:\/\/api.w.org\/{rel}","templated":true}]}}