{"id":18068,"date":"2024-10-10T13:08:41","date_gmt":"2024-10-10T13:08:41","guid":{"rendered":"https:\/\/meterny.com\/?post_type=product&#038;p=18068"},"modified":"2025-01-18T12:57:57","modified_gmt":"2025-01-18T12:57:57","slug":"bioclimatic-aluminium-louvered-roof-pergola","status":"publish","type":"product","link":"https:\/\/meterny.com\/pt\/produto\/bioclimatic-aluminium-louvered-roof-pergola\/","title":{"rendered":"P\u00e9rgola Bioclim\u00e1tica de Alum\u00ednio com Telhado de Lamelas Pavilh\u00e3o Exterior de Alum\u00ednio Terra\u00e7o Retr\u00e1ctil Gazebo de Alum\u00ednio"},"content":{"rendered":"<h2 style=\"text-align: center;\">P\u00e9rgola Bioclim\u00e1tica de Alum\u00ednio com Telhado de Lamelas Pavilh\u00e3o Exterior de Alum\u00ednio Terra\u00e7o Retr\u00e1ctil Gazebo de Alum\u00ednio<\/h2>\n<p><strong>Tipo<\/strong>: P\u00e9rgola bioclim\u00e1tica com telhado de alum\u00ednio com persianas<\/p>\n<p><strong>Tamanho<\/strong>: personalizado<\/p>\n<p><strong>Superf\u00edcie<\/strong>: revestimento\/pintura personalizada<\/p>\n<p><strong>Cor<\/strong>: personalizado<\/p>\n<p><strong>Comprimento<\/strong>: Personalizado<\/p>\n<p><strong>Material<\/strong>: Liga de alum\u00ednio de alta qualidade<\/p>\n<p><strong>Tecnologia de produtos<\/strong>: Sistema anti-fugas AquaGuard Meterny<\/p>\n<figure id=\"attachment_18063\" aria-describedby=\"caption-attachment-18063\" style=\"width: 1024px\" class=\"wp-caption alignnone\"><img loading=\"lazy\" decoding=\"async\" class=\"wp-image-18063\" src=\"https:\/\/meterny.com\/wp-content\/uploads\/2024\/10\/mmexport1662711147036.jpg\" alt=\"P\u00e9rgola bioclim\u00e1tica com telhado de alum\u00ednio com persianas\" width=\"1024\" height=\"890\" srcset=\"https:\/\/meterny.com\/wp-content\/uploads\/2024\/10\/mmexport1662711147036.jpg 975w, https:\/\/meterny.com\/wp-content\/uploads\/2024\/10\/mmexport1662711147036-300x261.jpg 300w, https:\/\/meterny.com\/wp-content\/uploads\/2024\/10\/mmexport1662711147036-768x667.jpg 768w, https:\/\/meterny.com\/wp-content\/uploads\/2024\/10\/mmexport1662711147036-600x521.jpg 600w\" sizes=\"auto, (max-width: 1024px) 100vw, 1024px\" \/><figcaption id=\"caption-attachment-18063\" class=\"wp-caption-text\">P\u00e9rgola moderna de alum\u00ednio preto para parques<\/figcaption><\/figure>\n<h4>Vis\u00e3o geral do produto<\/h4>\n<p id=\"\">A p\u00e9rgola Bioclimatic Aluminium Louvered Roof Pergola \u00e9 uma estrutura de sombreamento exterior que combina um design moderno com uma funcionalidade pr\u00e1tica, especificamente concebida para proporcionar um espa\u00e7o exterior confort\u00e1vel e flex\u00edvel. Fabricada a partir de materiais de liga de alum\u00ednio de alta qualidade e utilizando t\u00e9cnicas de fabrico avan\u00e7adas, esta p\u00e9rgola n\u00e3o s\u00f3 \u00e9 esteticamente agrad\u00e1vel e dur\u00e1vel, como tamb\u00e9m se adapta eficazmente a v\u00e1rias condi\u00e7\u00f5es clim\u00e1ticas, acrescentando um prazer sem fim ao seu estilo de vida ao ar livre.<\/p>\n<h4>Carater\u00edsticas do produto<\/h4>\n<ol>\n<li><strong>Materiais de primeira qualidade<\/strong>:\n<ul>\n<li>A estrutura principal \u00e9 feita de liga de alum\u00ednio 6063-T6 ou 6063-T5, oferecendo uma excecional resist\u00eancia \u00e0 corros\u00e3o e durabilidade.<\/li>\n<li>A superf\u00edcie \u00e9 revestida a p\u00f3, o que refor\u00e7a a est\u00e9tica e melhora ainda mais a resist\u00eancia \u00e0s intemp\u00e9ries e a vida \u00fatil do produto.<\/li>\n<\/ul>\n<\/li>\n<li><strong>Conce\u00e7\u00e3o bioclim\u00e1tica<\/strong>:\n<ul>\n<li>O design exclusivo das persianas permite que as l\u00e2minas sejam ajustadas livremente de acordo com as altera\u00e7\u00f5es clim\u00e1ticas e as necessidades do utilizador, obtendo excelentes efeitos de ventila\u00e7\u00e3o, sombreamento e impermeabiliza\u00e7\u00e3o.<\/li>\n<li>As l\u00e2minas s\u00e3o feitas de material imperme\u00e1vel, garantindo um ambiente interior seco e confort\u00e1vel, mesmo em dias de chuva.<\/li>\n<\/ul>\n<\/li>\n<li><strong>Versatilidade<\/strong>:\n<ul>\n<li>Serve n\u00e3o s\u00f3 para criar sombras, mas tamb\u00e9m bloqueia eficazmente a neve, o vento e a chuva, sendo adequado para v\u00e1rios ambientes exteriores.<\/li>\n<li>Ideal para \u00e1reas de refei\u00e7\u00f5es ao ar livre, sal\u00f5es, p\u00e1tios e outros ambientes, melhorando o conforto e a est\u00e9tica do espa\u00e7o em geral.<\/li>\n<\/ul>\n<\/li>\n<li><strong>Servi\u00e7os de personaliza\u00e7\u00e3o<\/strong>:\n<ul>\n<li>Est\u00e3o dispon\u00edveis v\u00e1rios tamanhos e cores, personaliz\u00e1veis de acordo com as necessidades do cliente.<\/li>\n<li>Suporta modos de funcionamento el\u00e9trico ou manual para satisfazer os diferentes h\u00e1bitos e requisitos dos utilizadores.<\/li>\n<\/ul>\n<\/li>\n<li><strong>F\u00e1cil instala\u00e7\u00e3o e manuten\u00e7\u00e3o<\/strong>:\n<ul>\n<li>O design do produto \u00e9 simples e elegante, f\u00e1cil de instalar e desmontar, poupando tempo e custos de instala\u00e7\u00e3o.<\/li>\n<li>A manuten\u00e7\u00e3o de rotina \u00e9 simples e conveniente, exigindo apenas uma limpeza peri\u00f3dica das l\u00e2minas e da estrutura para manter o produto como novo.<\/li>\n<\/ul>\n<\/li>\n<\/ol>\n<h4>Especifica\u00e7\u00f5es t\u00e9cnicas<\/h4>\n<ul>\n<li><strong>Material<\/strong>: Liga de alum\u00ednio 6063-T6\/T5<\/li>\n<li><strong>Tratamento de superf\u00edcie<\/strong>: Revestimento em p\u00f3<\/li>\n<li><strong>\u00c2ngulo da l\u00e2mina<\/strong>: Ajust\u00e1vel<\/li>\n<li><strong>Classifica\u00e7\u00e3o de impermeabilidade<\/strong>: IP67 (ou classifica\u00e7\u00e3o equivalente \u00e0 prova de \u00e1gua)<\/li>\n<li><strong>Gama de tamanhos<\/strong>: V\u00e1rios tamanhos dispon\u00edveis (por exemplo, 3x3m, 3x4m, 4x4m, 6x4m, etc.)<\/li>\n<li><strong>Cores<\/strong>: Cinzento, branco, preto, etc., personaliz\u00e1vel<\/li>\n<li><strong>Modo de funcionamento<\/strong>: El\u00e9trico\/manual<\/li>\n<li><strong>Per\u00edodo de garantia<\/strong>: Garantia da estrutura durante 15 anos, garantia do revestimento durante 7-8 anos (os per\u00edodos de garantia espec\u00edficos est\u00e3o sujeitos ao manual do produto)<\/li>\n<\/ul>\n<h4>Cen\u00e1rios de aplica\u00e7\u00e3o<\/h4>\n<ul>\n<li>Adequado para jardins familiares, terra\u00e7os de vivendas, varandas de hot\u00e9is, \u00e1reas de estar ao ar livre em restaurantes e v\u00e1rios outros ambientes exteriores.<\/li>\n<li>Especialmente adequado para ambientes exteriores que exijam um ajuste frequente das condi\u00e7\u00f5es de sombreamento e ventila\u00e7\u00e3o.<\/li>\n<\/ul>\n<h4>Coment\u00e1rios de clientes<\/h4>\n<ul>\n<li>Os clientes elogiam geralmente a conce\u00e7\u00e3o est\u00e9tica da p\u00e9rgola, o seu car\u00e1cter pr\u00e1tico e a sua capacidade de melhorar significativamente o conforto e a est\u00e9tica dos espa\u00e7os exteriores.<\/li>\n<li>O modo de funcionamento el\u00e9trico \u00e9 conveniente e eficiente, muito apreciado pelos utilizadores.<\/li>\n<li>A fiabilidade e a durabilidade do produto foram aclamadas por todos os clientes.<\/li>\n<\/ul>\n<h4>Notas de compra<\/h4>\n<ul>\n<li>Confirme o tamanho e a cor pretendidos antes de efetuar a compra para obter informa\u00e7\u00f5es mais precisas sobre o produto e o pre\u00e7o.<\/li>\n<li>Siga as instru\u00e7\u00f5es do manual do produto durante a instala\u00e7\u00e3o para garantir a seguran\u00e7a e o bom andamento do processo.<\/li>\n<li>Para quaisquer quest\u00f5es ou necessidades, n\u00e3o hesite em contactar a nossa equipa de apoio ao cliente, que ter\u00e1 todo o prazer em ajud\u00e1-lo.<\/li>\n<\/ul>\n<figure id=\"attachment_20288\" aria-describedby=\"caption-attachment-20288\" style=\"width: 1024px\" class=\"wp-caption alignnone\"><img loading=\"lazy\" decoding=\"async\" class=\"wp-image-20288\" src=\"https:\/\/meterny.com\/wp-content\/uploads\/2024\/10\/WPC-Colour-Card@3x.png\" alt=\"Projeto de preven\u00e7\u00e3o de fugas de \u00e1gua da p\u00e9rgola de alum\u00ednio Meterny\" width=\"1024\" height=\"1024\" srcset=\"https:\/\/meterny.com\/wp-content\/uploads\/2024\/10\/WPC-Colour-Card@3x.png 800w, https:\/\/meterny.com\/wp-content\/uploads\/2024\/10\/WPC-Colour-Card@3x-300x300.png 300w, https:\/\/meterny.com\/wp-content\/uploads\/2024\/10\/WPC-Colour-Card@3x-150x150.png 150w, https:\/\/meterny.com\/wp-content\/uploads\/2024\/10\/WPC-Colour-Card@3x-768x768.png 768w, https:\/\/meterny.com\/wp-content\/uploads\/2024\/10\/WPC-Colour-Card@3x-600x600.png 600w, https:\/\/meterny.com\/wp-content\/uploads\/2024\/10\/WPC-Colour-Card@3x-100x100.png 100w\" sizes=\"auto, (max-width: 1024px) 100vw, 1024px\" \/><figcaption id=\"caption-attachment-20288\" class=\"wp-caption-text\">Projeto inovador de preven\u00e7\u00e3o de fugas de \u00e1gua do Meterny<\/figcaption><\/figure>\n<p>A p\u00e9rgola Bioclimatic Aluminium Louvered Roof Pergola \u00e9 uma estrutura inovadora de sombreamento exterior fabricada em alum\u00ednio de alta qualidade. Com persianas ajust\u00e1veis, adapta-se eficazmente a v\u00e1rias condi\u00e7\u00f5es climat\u00e9ricas, proporcionando uma excelente ventila\u00e7\u00e3o, sombreamento e impermeabiliza\u00e7\u00e3o. O seu design moderno complementa qualquer espa\u00e7o exterior, aumentando o conforto e a est\u00e9tica. Ideal para jardins, terra\u00e7os e varandas, esta p\u00e9rgula \u00e9 um complemento perfeito para o seu estilo de vida ao ar livre.<\/p>\n<p>&nbsp;<\/p>\n<h3>Se quiser saber mais pormenores, clique neste link do youtube:<a href=\"https:\/\/youtu.be\/0FgHU_d-JLU\" target=\"_blank\" rel=\"noopener\">https:\/\/youtu.be\/0FgHU_d-JLU<\/a><\/h3>\n<p>&nbsp;<\/p>\n<figure id=\"attachment_16951\" aria-describedby=\"caption-attachment-16951\" style=\"width: 1024px\" class=\"wp-caption alignnone\"><img loading=\"lazy\" decoding=\"async\" class=\"wp-image-16951\" src=\"https:\/\/meterny.com\/wp-content\/uploads\/2024\/09\/\u753b\u677f-16@3x.png\" alt=\"Meterny, p\u00e9rgola de alum\u00ednio com patente exclusiva\" width=\"1024\" height=\"1448\" srcset=\"https:\/\/meterny.com\/wp-content\/uploads\/2024\/09\/\u753b\u677f-16@3x.png 1787w, https:\/\/meterny.com\/wp-content\/uploads\/2024\/09\/\u753b\u677f-16@3x-212x300.png 212w, https:\/\/meterny.com\/wp-content\/uploads\/2024\/09\/\u753b\u677f-16@3x-724x1024.png 724w, https:\/\/meterny.com\/wp-content\/uploads\/2024\/09\/\u753b\u677f-16@3x-768x1086.png 768w, https:\/\/meterny.com\/wp-content\/uploads\/2024\/09\/\u753b\u677f-16@3x-1086x1536.png 1086w, https:\/\/meterny.com\/wp-content\/uploads\/2024\/09\/\u753b\u677f-16@3x-1448x2048.png 1448w, https:\/\/meterny.com\/wp-content\/uploads\/2024\/09\/\u753b\u677f-16@3x-600x848.png 600w\" sizes=\"auto, (max-width: 1024px) 100vw, 1024px\" \/><figcaption id=\"caption-attachment-16951\" class=\"wp-caption-text\">O design patenteado do Meterny: Uma p\u00e9rgola como nenhuma outra<\/figcaption><\/figure>\n<p>Tipo:Bioclimatic Aluminium Louvered Roof Pergola<\/p>\n<p>&nbsp;<\/p>\n<figure id=\"attachment_16950\" aria-describedby=\"caption-attachment-16950\" style=\"width: 1024px\" class=\"wp-caption alignnone\"><img loading=\"lazy\" decoding=\"async\" class=\"wp-image-16950\" src=\"https:\/\/meterny.com\/wp-content\/uploads\/2024\/09\/About-Meterny@3x.png\" alt=\"Compara\u00e7\u00e3o da p\u00e9rgola de alum\u00ednio Meterny com outras p\u00e9rgolas\" width=\"1024\" height=\"1447\" srcset=\"https:\/\/meterny.com\/wp-content\/uploads\/2024\/09\/About-Meterny@3x.png 1787w, https:\/\/meterny.com\/wp-content\/uploads\/2024\/09\/About-Meterny@3x-212x300.png 212w, https:\/\/meterny.com\/wp-content\/uploads\/2024\/09\/About-Meterny@3x-724x1024.png 724w, https:\/\/meterny.com\/wp-content\/uploads\/2024\/09\/About-Meterny@3x-768x1086.png 768w, https:\/\/meterny.com\/wp-content\/uploads\/2024\/09\/About-Meterny@3x-1087x1536.png 1087w, https:\/\/meterny.com\/wp-content\/uploads\/2024\/09\/About-Meterny@3x-1449x2048.png 1449w, https:\/\/meterny.com\/wp-content\/uploads\/2024\/09\/About-Meterny@3x-600x848.png 600w\" sizes=\"auto, (max-width: 1024px) 100vw, 1024px\" \/><figcaption id=\"caption-attachment-16950\" class=\"wp-caption-text\">P\u00e9rgolas Meterny vs. P\u00e9rgolas Tradicionais: Carater\u00edsticas Superiores<\/figcaption><\/figure>\n<h3>Porqu\u00ea escolher a p\u00e9rgola bioclim\u00e1tica de alum\u00ednio com telhado de l\u00e2minas Meterny?<\/h3>\n<p id=\"\">A escolha da p\u00e9rgola bioclim\u00e1tica de alum\u00ednio com telhado de l\u00e2minas da Meterny oferece in\u00fameras vantagens, tornando-a a escolha ideal para o seu espa\u00e7o exterior. Eis algumas raz\u00f5es convincentes:<\/p>\n<ol>\n<li><strong>Qualidade e durabilidade superiores<\/strong>:\n<ul>\n<li>Fabricada em liga de alum\u00ednio de alta qualidade, a p\u00e9rgula \u00e9 resistente \u00e0 corros\u00e3o, leve e dur\u00e1vel, garantindo um desempenho e fiabilidade duradouros.<\/li>\n<\/ul>\n<\/li>\n<li><strong>Conce\u00e7\u00e3o bioclim\u00e1tica<\/strong>:\n<ul>\n<li>As persianas ajust\u00e1veis permitem-lhe personalizar o sombreamento e a ventila\u00e7\u00e3o de acordo com as suas necessidades e condi\u00e7\u00f5es climat\u00e9ricas, proporcionando um ambiente exterior confort\u00e1vel durante todo o ano.<\/li>\n<\/ul>\n<\/li>\n<li><strong>Est\u00e9tica moderna<\/strong>:\n<ul>\n<li>Com o seu design elegante e contempor\u00e2neo, a p\u00e9rgula real\u00e7a o apelo est\u00e9tico do seu espa\u00e7o exterior, combinando perfeitamente com estilos arquitect\u00f3nicos modernos.<\/li>\n<\/ul>\n<\/li>\n<li><strong>Funcionalidade vers\u00e1til<\/strong>:\n<ul>\n<li>Adequada para uma vasta gama de ambientes exteriores, incluindo jardins, terra\u00e7os, varandas e p\u00e1tios, a p\u00e9rgola oferece uma funcionalidade vers\u00e1til, proporcionando sombra, abrigo e privacidade.<\/li>\n<\/ul>\n<\/li>\n<li><strong>Op\u00e7\u00f5es personaliz\u00e1veis<\/strong>:\n<ul>\n<li>O Meterny oferece uma gama de op\u00e7\u00f5es de personaliza\u00e7\u00e3o, incluindo diferentes tamanhos, cores e modos de funcionamento (el\u00e9trico ou manual), permitindo-lhe adaptar a p\u00e9rgula \u00e0s suas necessidades espec\u00edficas.<\/li>\n<\/ul>\n<\/li>\n<li><strong>Facilidade de instala\u00e7\u00e3o e manuten\u00e7\u00e3o<\/strong>:\n<ul>\n<li>Concebida para uma instala\u00e7\u00e3o f\u00e1cil, a p\u00e9rgula pode ser montada de forma r\u00e1pida e eficiente. A manuten\u00e7\u00e3o de rotina \u00e9 simples, exigindo apenas uma limpeza peri\u00f3dica para a manter como nova.<\/li>\n<\/ul>\n<\/li>\n<li><strong>Valor excecional para o dinheiro<\/strong>:\n<ul>\n<li>Combinando alta qualidade, funcionalidade e est\u00e9tica, a p\u00e9rgola de alum\u00ednio com telhado de l\u00e2minas Meterny Bioclimatic oferece uma excecional rela\u00e7\u00e3o qualidade\/pre\u00e7o, garantindo o melhor retorno do seu investimento.<\/li>\n<\/ul>\n<\/li>\n<\/ol>\n<p id=\"\">Em suma, a escolha da p\u00e9rgola bioclim\u00e1tica de alum\u00ednio com telhado de l\u00e2minas da Meterny proporciona uma combina\u00e7\u00e3o de qualidade superior, durabilidade, design moderno e funcionalidade vers\u00e1til, tornando-a a escolha perfeita para o seu espa\u00e7o exterior.<\/p>","protected":false},"excerpt":{"rendered":"<p>Crie um ref\u00fagio exterior elegante e resistente \u00e0s intemp\u00e9ries com o Pavilh\u00e3o de alum\u00ednio met\u00e1lico \u00e0 prova de \u00e1gua, combinando um design elegante com um desempenho duradouro.<\/p>","protected":false},"featured_media":18063,"comment_status":"open","ping_status":"closed","template":"","meta":{"_uag_custom_page_level_css":"","site-sidebar-layout":"default","site-content-layout":"","ast-site-content-layout":"default","site-content-style":"default","site-sidebar-style":"default","ast-global-header-display":"","ast-banner-title-visibility":"","ast-main-header-display":"","ast-hfb-above-header-display":"","ast-hfb-below-header-display":"","ast-hfb-mobile-header-display":"","site-post-title":"","ast-breadcrumbs-content":"","ast-featured-img":"","footer-sml-layout":"","theme-transparent-header-meta":"default","adv-header-id-meta":"","stick-header-meta":"default","header-above-stick-meta":"","header-main-stick-meta":"","header-below-stick-meta":"","astra-migrate-meta-layouts":"set","ast-page-background-enabled":"default","ast-page-background-meta":{"desktop":{"background-color":"var(--ast-global-color-4)","background-image":"","background-repeat":"repeat","background-position":"center center","background-size":"auto","background-attachment":"scroll","background-type":"","background-media":"","overlay-type":"","overlay-color":"","overlay-opacity":"","overlay-gradient":""},"tablet":{"background-color":"","background-image":"","background-repeat":"repeat","background-position":"center center","background-size":"auto","background-attachment":"scroll","background-type":"","background-media":"","overlay-type":"","overlay-color":"","overlay-opacity":"","overlay-gradient":""},"mobile":{"background-color":"","background-image":"","background-repeat":"repeat","background-position":"center center","background-size":"auto","background-attachment":"scroll","background-type":"","background-media":"","overlay-type":"","overlay-color":"","overlay-opacity":"","overlay-gradient":""}},"ast-content-background-meta":{"desktop":{"background-color":"var(--ast-global-color-5)","background-image":"","background-repeat":"repeat","background-position":"center center","background-size":"auto","background-attachment":"scroll","background-type":"","background-media":"","overlay-type":"","overlay-color":"","overlay-opacity":"","overlay-gradient":""},"tablet":{"background-color":"var(--ast-global-color-5)","background-image":"","background-repeat":"repeat","background-position":"center center","background-size":"auto","background-attachment":"scroll","background-type":"","background-media":"","overlay-type":"","overlay-color":"","overlay-opacity":"","overlay-gradient":""},"mobile":{"background-color":"var(--ast-global-color-5)","background-image":"","background-repeat":"repeat","background-position":"center center","background-size":"auto","background-attachment":"scroll","background-type":"","background-media":"","overlay-type":"","overlay-color":"","overlay-opacity":"","overlay-gradient":""}}},"product_brand":[],"product_cat":[18],"product_tag":[219,217,218,216],"class_list":{"0":"post-18068","1":"product","2":"type-product","3":"status-publish","4":"has-post-thumbnail","6":"product_cat-uncategorized","7":"product_tag-aluminum-metal-waterproof-pergola","8":"product_tag-aluminum-pavilion","9":"product_tag-metal-pavilion","10":"product_tag-waterproof-pavilion","11":"desktop-align-center","12":"tablet-align-left","13":"mobile-align-left","14":"ast-product-gallery-layout-horizontal-slider","15":"ast-product-single-variable","16":"ast-product-tabs-layout-vertical","18":"first","19":"instock","20":"shipping-taxable","21":"product-type-variable"},"uagb_featured_image_src":{"full":["https:\/\/meterny.com\/wp-content\/uploads\/2024\/10\/mmexport1662711147036.jpg",975,847,false],"thumbnail":["https:\/\/meterny.com\/wp-content\/uploads\/2024\/10\/mmexport1662711147036-150x150.jpg",150,150,true],"medium":["https:\/\/meterny.com\/wp-content\/uploads\/2024\/10\/mmexport1662711147036-300x261.jpg",300,261,true],"medium_large":["https:\/\/meterny.com\/wp-content\/uploads\/2024\/10\/mmexport1662711147036-768x667.jpg",768,667,true],"large":["https:\/\/meterny.com\/wp-content\/uploads\/2024\/10\/mmexport1662711147036.jpg",975,847,false],"1536x1536":["https:\/\/meterny.com\/wp-content\/uploads\/2024\/10\/mmexport1662711147036.jpg",975,847,false],"2048x2048":["https:\/\/meterny.com\/wp-content\/uploads\/2024\/10\/mmexport1662711147036.jpg",975,847,false],"trp-custom-language-flag":["https:\/\/meterny.com\/wp-content\/uploads\/2024\/10\/mmexport1662711147036.jpg",14,12,false],"woocommerce_thumbnail":["https:\/\/meterny.com\/wp-content\/uploads\/2024\/10\/mmexport1662711147036-300x300.jpg",300,300,true],"woocommerce_single":["https:\/\/meterny.com\/wp-content\/uploads\/2024\/10\/mmexport1662711147036-600x521.jpg",600,521,true],"woocommerce_gallery_thumbnail":["https:\/\/meterny.com\/wp-content\/uploads\/2024\/10\/mmexport1662711147036-100x100.jpg",100,100,true]},"uagb_author_info":{"display_name":"meterny","author_link":"https:\/\/meterny.com\/pt\/author\/"},"uagb_comment_info":0,"uagb_excerpt":"Create a stylish and weather-resistant outdoor haven with the Aluminum Metal Waterproof Pavilion, combining sleek design with durable performance.","_links":{"self":[{"href":"https:\/\/meterny.com\/pt\/wp-json\/wp\/v2\/product\/18068","targetHints":{"allow":["GET"]}}],"collection":[{"href":"https:\/\/meterny.com\/pt\/wp-json\/wp\/v2\/product"}],"about":[{"href":"https:\/\/meterny.com\/pt\/wp-json\/wp\/v2\/types\/product"}],"replies":[{"embeddable":true,"href":"https:\/\/meterny.com\/pt\/wp-json\/wp\/v2\/comments?post=18068"}],"wp:featuredmedia":[{"embeddable":true,"href":"https:\/\/meterny.com\/pt\/wp-json\/wp\/v2\/media\/18063"}],"wp:attachment":[{"href":"https:\/\/meterny.com\/pt\/wp-json\/wp\/v2\/media?parent=18068"}],"wp:term":[{"taxonomy":"product_brand","embeddable":true,"href":"https:\/\/meterny.com\/pt\/wp-json\/wp\/v2\/product_brand?post=18068"},{"taxonomy":"product_cat","embeddable":true,"href":"https:\/\/meterny.com\/pt\/wp-json\/wp\/v2\/product_cat?post=18068"},{"taxonomy":"product_tag","embeddable":true,"href":"https:\/\/meterny.com\/pt\/wp-json\/wp\/v2\/product_tag?post=18068"}],"curies":[{"name":"wp","href":"https:\/\/api.w.org\/{rel}","templated":true}]}}