{"id":19566,"date":"2024-12-04T06:24:29","date_gmt":"2024-12-04T06:24:29","guid":{"rendered":"https:\/\/meterny.com\/?post_type=product&#038;p=19566"},"modified":"2025-01-02T08:54:17","modified_gmt":"2025-01-02T08:54:17","slug":"indoor-aluminum-baffle-ceiling","status":"publish","type":"product","link":"https:\/\/meterny.com\/pt\/produto\/indoor-aluminum-baffle-ceiling\/","title":{"rendered":"Teto falso de alum\u00ednio para interior: Design moderno para interiores duradouros e com estilo"},"content":{"rendered":"<h3><strong>Teto falso de alum\u00ednio para interior<\/strong><\/h3>\n<h4><strong>Vis\u00e3o geral do produto<\/strong><\/h4>\n<p>Os tectos falsos de alum\u00ednio para interior s\u00e3o a solu\u00e7\u00e3o perfeita para criar interiores elegantes, modernos e funcionais. Com a sua est\u00e9tica linear limpa, constru\u00e7\u00e3o leve mas duradoura e op\u00e7\u00f5es de design vers\u00e1teis, estes sistemas de tectos d\u00e3o um toque contempor\u00e2neo a qualquer espa\u00e7o interior. Concebidos para melhorar a ac\u00fastica, melhorar a integra\u00e7\u00e3o da ilumina\u00e7\u00e3o e permitir uma manuten\u00e7\u00e3o f\u00e1cil, s\u00e3o a escolha ideal para aplica\u00e7\u00f5es comerciais, residenciais e institucionais.<\/p>\n<figure id=\"attachment_19409\" aria-describedby=\"caption-attachment-19409\" style=\"width: 1024px\" class=\"wp-caption alignnone\"><img loading=\"lazy\" decoding=\"async\" class=\"wp-image-19409\" src=\"https:\/\/meterny.com\/wp-content\/uploads\/2024\/11\/\u4e3b\u56fe10.jpg\" alt=\"Teto falso de alum\u00ednio para interior\" width=\"1024\" height=\"1024\" srcset=\"https:\/\/meterny.com\/wp-content\/uploads\/2024\/11\/\u4e3b\u56fe10.jpg 800w, https:\/\/meterny.com\/wp-content\/uploads\/2024\/11\/\u4e3b\u56fe10-300x300.jpg 300w, https:\/\/meterny.com\/wp-content\/uploads\/2024\/11\/\u4e3b\u56fe10-150x150.jpg 150w, https:\/\/meterny.com\/wp-content\/uploads\/2024\/11\/\u4e3b\u56fe10-768x768.jpg 768w, https:\/\/meterny.com\/wp-content\/uploads\/2024\/11\/\u4e3b\u56fe10-600x600.jpg 600w, https:\/\/meterny.com\/wp-content\/uploads\/2024\/11\/\u4e3b\u56fe10-100x100.jpg 100w\" sizes=\"auto, (max-width: 1024px) 100vw, 1024px\" \/><figcaption id=\"caption-attachment-19409\" class=\"wp-caption-text\">Simples, mas n\u00e3o simples, o teto falso de alum\u00ednio confere uma sensa\u00e7\u00e3o de hierarquia ao espa\u00e7o<\/figcaption><\/figure>\n<hr \/>\n<h4><strong>Carater\u00edsticas principais<\/strong><\/h4>\n<ul>\n<li><strong>Apelo est\u00e9tico moderno<\/strong>: Os deflectores lineares criam padr\u00f5es din\u00e2micos, acrescentando profundidade e sofistica\u00e7\u00e3o aos interiores.<\/li>\n<li><strong>Material de qualidade superior<\/strong>: Constru\u00e7\u00e3o em alum\u00ednio de alta qualidade para um desempenho leve, dur\u00e1vel e resistente ao fogo.<\/li>\n<li><strong>Op\u00e7\u00f5es personaliz\u00e1veis<\/strong>: Ampla sele\u00e7\u00e3o de tamanhos, cores e acabamentos para se adaptar a qualquer vis\u00e3o de design.<\/li>\n<li><strong>Ac\u00fastica melhorada<\/strong>: Reduz os n\u00edveis de ru\u00eddo, assegurando um ambiente sonoro confort\u00e1vel.<\/li>\n<li><strong>Amigo do ambiente<\/strong>: Fabricado a partir de materiais recicl\u00e1veis, apoiando pr\u00e1ticas de constru\u00e7\u00e3o sustent\u00e1veis e ecol\u00f3gicas.<\/li>\n<\/ul>\n<hr \/>\n<h4><strong>Aplica\u00e7\u00f5es<\/strong><\/h4>\n<ul>\n<li><strong>Espa\u00e7os comerciais<\/strong>: Escrit\u00f3rios, salas de reuni\u00e3o, espa\u00e7os de coworking<\/li>\n<li><strong>Ambientes de retalho<\/strong>: Centros comerciais, boutiques, showrooms<\/li>\n<li><strong>Locais p\u00fablicos<\/strong>: Bibliotecas, institui\u00e7\u00f5es de ensino, aeroportos e esta\u00e7\u00f5es de comboio<\/li>\n<li><strong>Hospitalidade<\/strong>: Hot\u00e9is, restaurantes e centros de confer\u00eancias<\/li>\n<li><strong>Interiores residenciais<\/strong>: Casas modernas, apartamentos de luxo e home theaters<\/li>\n<\/ul>\n<hr \/>\n<h4><strong>Especifica\u00e7\u00f5es<\/strong><\/h4>\n<ul>\n<li><strong>Material<\/strong>: Liga de alum\u00ednio leve e duradoura<\/li>\n<li><strong>Op\u00e7\u00f5es de acabamento<\/strong>: Acabamentos com revestimento em p\u00f3, anodizado e madeira<\/li>\n<li><strong>Op\u00e7\u00f5es de cores<\/strong>: Cores RAL standard e op\u00e7\u00f5es personalizadas dispon\u00edveis<\/li>\n<li><strong>Dimens\u00f5es do painel<\/strong>: Comprimentos personaliz\u00e1veis at\u00e9 4000 mm e larguras conforme necess\u00e1rio<\/li>\n<li><strong>Instala\u00e7\u00e3o<\/strong>: Sistema de suspens\u00e3o modular para uma montagem r\u00e1pida e segura<\/li>\n<\/ul>\n<hr \/>\n<h4><strong>Vantagens<\/strong><\/h4>\n<ol>\n<li><strong>Design intemporal<\/strong>: Melhora os espa\u00e7os interiores com linhas elegantes e limpas e padr\u00f5es contempor\u00e2neos.<\/li>\n<li><strong>Durabilidade<\/strong>: Resistente \u00e0 humidade, \u00e0 corros\u00e3o e ao fogo, adequado para uma utiliza\u00e7\u00e3o interior prolongada.<\/li>\n<li><strong>Absor\u00e7\u00e3o de som<\/strong>: Ajuda a reduzir o eco e o ru\u00eddo de fundo para uma melhor ac\u00fastica.<\/li>\n<li><strong>Flexibilidade de design personalizado<\/strong>: Solu\u00e7\u00f5es \u00e0 medida para responder a exig\u00eancias arquitect\u00f3nicas e est\u00e9ticas \u00fanicas.<\/li>\n<li><strong>Sustentabilidade<\/strong>: O material de alum\u00ednio totalmente recicl\u00e1vel minimiza o impacto ambiental.<\/li>\n<li><strong>Manuten\u00e7\u00e3o f\u00e1cil<\/strong>: As superf\u00edcies lisas s\u00e3o resistentes ao p\u00f3 e f\u00e1ceis de limpar, garantindo uma atra\u00e7\u00e3o duradoura.<\/li>\n<\/ol>\n<hr \/>\n<h4><strong>Inspira\u00e7\u00e3o de design<\/strong><\/h4>\n<p>Os tectos falsos de alum\u00ednio para interior s\u00e3o mais do que apenas uma solu\u00e7\u00e3o funcional - s\u00e3o uma afirma\u00e7\u00e3o de design. Quer pretenda um aspeto minimalista ou uma afirma\u00e7\u00e3o arquitet\u00f3nica arrojada, estes deflectores permitem-lhe criar designs de teto \u00fanicos que elevam o ambiente e a funcionalidade de qualquer espa\u00e7o.<\/p>\n<figure id=\"attachment_20064\" aria-describedby=\"caption-attachment-20064\" style=\"width: 1024px\" class=\"wp-caption alignnone\"><img loading=\"lazy\" decoding=\"async\" class=\"wp-image-20064\" src=\"https:\/\/meterny.com\/wp-content\/uploads\/2024\/12\/mmexport1733233889492.jpg\" alt=\"Amostras de deflectores de alum\u00ednio revestido\" width=\"1024\" height=\"1024\" srcset=\"https:\/\/meterny.com\/wp-content\/uploads\/2024\/12\/mmexport1733233889492.jpg 800w, https:\/\/meterny.com\/wp-content\/uploads\/2024\/12\/mmexport1733233889492-300x300.jpg 300w, https:\/\/meterny.com\/wp-content\/uploads\/2024\/12\/mmexport1733233889492-150x150.jpg 150w, https:\/\/meterny.com\/wp-content\/uploads\/2024\/12\/mmexport1733233889492-768x768.jpg 768w, https:\/\/meterny.com\/wp-content\/uploads\/2024\/12\/mmexport1733233889492-600x600.jpg 600w, https:\/\/meterny.com\/wp-content\/uploads\/2024\/12\/mmexport1733233889492-100x100.jpg 100w\" sizes=\"auto, (max-width: 1024px) 100vw, 1024px\" \/><figcaption id=\"caption-attachment-20064\" class=\"wp-caption-text\">Pulveriza\u00e7\u00e3o de amostras de cubos de alum\u00ednio acabados, a combina\u00e7\u00e3o perfeita de cor e textura<\/figcaption><\/figure>\n<p>Porqu\u00ea escolher o nosso teto falso de alum\u00ednio para interior?<\/p>\n<ul>\n<li><strong>Est\u00e9tica moderna<\/strong>: Crie um ambiente visualmente deslumbrante com um acabamento elegante e moderno.<\/li>\n<li><strong>Durabilidade<\/strong>: Fabricados em alum\u00ednio de alta qualidade, os nossos tectos deflectores s\u00e3o concebidos para durar.<\/li>\n<li><strong>Instala\u00e7\u00e3o f\u00e1cil<\/strong>: Concebido para uma instala\u00e7\u00e3o sem problemas, poupando-lhe tempo e esfor\u00e7o.<\/li>\n<li><strong>Manuten\u00e7\u00e3o reduzida<\/strong>: Desfrute de um teto bonito com um m\u00ednimo de manuten\u00e7\u00e3o.<\/li>\n<li><strong>Versatilidade<\/strong>: Perfeito para escrit\u00f3rios, espa\u00e7os comerciais, casas e muito mais.<\/li>\n<\/ul>\n<p>Melhore o seu espa\u00e7o sem esfor\u00e7o com o nosso teto falso de alum\u00ednio para interior e desfrute da combina\u00e7\u00e3o perfeita de forma e fun\u00e7\u00e3o. Contacte-nos hoje para saber mais e melhorar o seu design de interiores!<\/p>\n<h3>Cor e superf\u00edcie<\/h3>\n<ul>\n<li><strong>Variedade de revestimentos<\/strong>: Dispon\u00edvel em qualquer tipo de revestimento ou impress\u00e3o para corresponder \u00e0s suas necessidades de design.<\/li>\n<li><strong>Cores ilimitadas<\/strong>: Escolha entre uma vasta gama de cores, incluindo acabamentos met\u00e1licos e padr\u00f5es de gr\u00e3o de madeira, para se adaptar a qualquer decora\u00e7\u00e3o.<\/li>\n<\/ul>\n<h3>Dur\u00e1vel e \u00e0 prova de \u00e1gua<\/h3>\n<p>Fabricado com liga de alum\u00ednio topo de gama e tecnologia de alum\u00ednio 3D Shape Fold, este teto de alum\u00ednio \u00e9 feito para embelezar o seu teto. As suas propriedades \u00e0 prova de \u00e1gua fazem dele a escolha ideal para todas as condi\u00e7\u00f5es climat\u00e9ricas, garantindo longevidade e manuten\u00e7\u00e3o m\u00ednima. A elevada qualidade do material confere-lhe uma estabilidade extra, tornando-o um teto fi\u00e1vel e robusto para qualquer espa\u00e7o interior.<\/p>\n<figure id=\"attachment_19975\" aria-describedby=\"caption-attachment-19975\" style=\"width: 1024px\" class=\"wp-caption alignnone\"><img loading=\"lazy\" decoding=\"async\" class=\"wp-image-19975\" src=\"https:\/\/meterny.com\/wp-content\/uploads\/2024\/12\/mmexport1733302949009.jpg\" alt=\"Sistemas de l\u00e2minas de alum\u00ednio para tectos\" width=\"1024\" height=\"1024\" srcset=\"https:\/\/meterny.com\/wp-content\/uploads\/2024\/12\/mmexport1733302949009.jpg 800w, https:\/\/meterny.com\/wp-content\/uploads\/2024\/12\/mmexport1733302949009-300x300.jpg 300w, https:\/\/meterny.com\/wp-content\/uploads\/2024\/12\/mmexport1733302949009-150x150.jpg 150w, https:\/\/meterny.com\/wp-content\/uploads\/2024\/12\/mmexport1733302949009-768x768.jpg 768w, https:\/\/meterny.com\/wp-content\/uploads\/2024\/12\/mmexport1733302949009-600x600.jpg 600w, https:\/\/meterny.com\/wp-content\/uploads\/2024\/12\/mmexport1733302949009-100x100.jpg 100w\" sizes=\"auto, (max-width: 1024px) 100vw, 1024px\" \/><figcaption id=\"caption-attachment-19975\" class=\"wp-caption-text\">Projeto transformador de tectos com deflectores de alum\u00ednio, que combina estilo e sustentabilidade.<\/figcaption><\/figure>\n<h3>Porqu\u00ea escolher o teto falso de alum\u00ednio Meterny para interior?<\/h3>\n<p>Os sistemas de tectos falsos de alum\u00ednio para interior Meterny combinam uma funcionalidade superior com uma est\u00e9tica moderna, tornando-os a solu\u00e7\u00e3o ideal para projectos de tectos interiores. Eis a raz\u00e3o pela qual s\u00e3o uma escolha de topo para arquitectos, designers e construtores:<\/p>\n<hr \/>\n<h4><strong>1. Design elegante e moderno<\/strong><\/h4>\n<ul>\n<li><strong>Est\u00e9tica refinada<\/strong>: As linhas limpas e os padr\u00f5es din\u00e2micos aumentam o atrativo visual de qualquer espa\u00e7o.<\/li>\n<li><strong>Estilos personaliz\u00e1veis<\/strong>: Dispon\u00edvel numa vasta gama de cores, acabamentos e configura\u00e7\u00f5es para se adaptar a qualquer conceito de design.<\/li>\n<li><strong>Versatilidade arquitet\u00f3nica<\/strong>: Perfeito para criar um visual contempor\u00e2neo e aberto no teto.<\/li>\n<\/ul>\n<hr \/>\n<h4><strong>2. Durabilidade Premium<\/strong><\/h4>\n<ul>\n<li><strong>Alum\u00ednio de alta qualidade<\/strong>: Resistente \u00e0 humidade, \u00e0 corros\u00e3o e ao fogo, garantindo uma fiabilidade a longo prazo.<\/li>\n<li><strong>Constru\u00eddo para durar<\/strong>: Mant\u00e9m a sua estrutura e apar\u00eancia mesmo em ambientes de tr\u00e1fego intenso ou exigentes.<\/li>\n<\/ul>\n<hr \/>\n<h4><strong>3. Ac\u00fastica melhorada<\/strong><\/h4>\n<ul>\n<li><strong>Absor\u00e7\u00e3o de som<\/strong>: Reduz o eco e o ru\u00eddo ambiente, criando um ambiente mais confort\u00e1vel e produtivo.<\/li>\n<li><strong>Ideal para espa\u00e7os grandes<\/strong>: Optimizado para a ac\u00fastica em escrit\u00f3rios, lojas e locais p\u00fablicos.<\/li>\n<\/ul>\n<hr \/>\n<h4><strong>4. Sustent\u00e1vel e amigo do ambiente<\/strong><\/h4>\n<ul>\n<li><strong>Material recicl\u00e1vel<\/strong>: Fabricado em alum\u00ednio recicl\u00e1vel 100%, apoiando pr\u00e1ticas de constru\u00e7\u00e3o ambientalmente conscientes.<\/li>\n<li><strong>Baixo impacto ambiental<\/strong>: A constru\u00e7\u00e3o duradoura minimiza a necessidade de substitui\u00e7\u00f5es, reduzindo o desperd\u00edcio.<\/li>\n<\/ul>\n<hr \/>\n<h4><strong>5. Op\u00e7\u00f5es de conce\u00e7\u00e3o flex\u00edveis<\/strong><\/h4>\n<ul>\n<li><strong>Configura\u00e7\u00f5es personalizadas<\/strong>: Personalizado em tamanho, espa\u00e7amento e acabamento para satisfazer as necessidades espec\u00edficas do seu projeto.<\/li>\n<li><strong>Vasta gama de aplica\u00e7\u00f5es<\/strong>: Adequado para interiores comerciais, residenciais, hoteleiros e institucionais.<\/li>\n<\/ul>\n<hr \/>\n<h4><strong>6. F\u00e1cil instala\u00e7\u00e3o e manuten\u00e7\u00e3o<\/strong><\/h4>\n<ul>\n<li><strong>Montagem sem esfor\u00e7o<\/strong>: Os sistemas de suspens\u00e3o modulares garantem uma instala\u00e7\u00e3o r\u00e1pida e sem complica\u00e7\u00f5es.<\/li>\n<li><strong>Manuten\u00e7\u00e3o reduzida<\/strong>: As superf\u00edcies lisas resistem \u00e0 sujidade e s\u00e3o f\u00e1ceis de limpar, poupando tempo e esfor\u00e7o.<\/li>\n<\/ul>\n<hr \/>\n<h3><strong>Vantagens do Meterny<\/strong><\/h3>\n<ul>\n<li><strong>Experi\u00eancia de confian\u00e7a<\/strong>: Reconhecida por produtos de alta qualidade e solu\u00e7\u00f5es inovadoras para tectos.<\/li>\n<li><strong>Abordagem centrada no cliente<\/strong>: Dedicado a fornecer um servi\u00e7o personalizado e solu\u00e7\u00f5es \u00e0 medida.<\/li>\n<li><strong>Alcance global<\/strong>: Apoiado por instala\u00e7\u00f5es bem sucedidas em diversos sectores e regi\u00f5es do mundo.<\/li>\n<\/ul>\n<hr \/>\n<h3><strong>Conclus\u00e3o<\/strong><\/h3>\n<p>Escolher o Meterny Indoor Aluminum Baffle Ceiling significa selecionar um produto que combina na perfei\u00e7\u00e3o estilo, desempenho e sustentabilidade. Quer pretenda elevar um espa\u00e7o empresarial ou criar um ambiente residencial acolhedor, o Meterny proporciona resultados inigual\u00e1veis adaptados \u00e0s suas necessidades.<\/p>\n<h4><strong>Coment\u00e1rios de clientes<\/strong><\/h4>\n<blockquote><p><em>\"Os deflectores transformaram o teto do nosso escrit\u00f3rio num elemento moderno e visualmente apelativo, melhorando significativamente a ac\u00fastica.\"<\/em><br \/>\n- Designer de interiores de escrit\u00f3rios<\/p><\/blockquote>\n<blockquote><p><em>\"Ador\u00e1mos a forma como os deflectores nos permitiram integrar perfeitamente a ilumina\u00e7\u00e3o na nossa loja de retalho. T\u00eam um aspeto fant\u00e1stico e um desempenho excelente.\"<\/em><br \/>\n- Propriet\u00e1rio de loja de retalho<\/p><\/blockquote>","protected":false},"excerpt":{"rendered":"<p>Melhore o seu espa\u00e7o com o nosso teto de alum\u00ednio com deflector met\u00e1lico.<\/p>\n<p>Concebida para uma est\u00e9tica moderna e uma durabilidade superior, esta solu\u00e7\u00e3o de teto oferece um acabamento elegante e moderno para qualquer interior.<\/p>\n<p>F\u00e1cil de instalar e manter, \u00e9 perfeito para aplica\u00e7\u00f5es comerciais e residenciais. Actualize os seus tectos hoje mesmo com os nossos sistemas de deflectores de alum\u00ednio de alta qualidade!<\/p>","protected":false},"featured_media":19409,"comment_status":"open","ping_status":"closed","template":"","meta":{"_uag_custom_page_level_css":"","site-sidebar-layout":"default","site-content-layout":"","ast-site-content-layout":"default","site-content-style":"default","site-sidebar-style":"default","ast-global-header-display":"","ast-banner-title-visibility":"","ast-main-header-display":"","ast-hfb-above-header-display":"","ast-hfb-below-header-display":"","ast-hfb-mobile-header-display":"","site-post-title":"","ast-breadcrumbs-content":"","ast-featured-img":"","footer-sml-layout":"","theme-transparent-header-meta":"default","adv-header-id-meta":"","stick-header-meta":"","header-above-stick-meta":"","header-main-stick-meta":"","header-below-stick-meta":"","astra-migrate-meta-layouts":"set","ast-page-background-enabled":"default","ast-page-background-meta":{"desktop":{"background-color":"var(--ast-global-color-4)","background-image":"","background-repeat":"repeat","background-position":"center center","background-size":"auto","background-attachment":"scroll","background-type":"","background-media":"","overlay-type":"","overlay-color":"","overlay-opacity":"","overlay-gradient":""},"tablet":{"background-color":"","background-image":"","background-repeat":"repeat","background-position":"center center","background-size":"auto","background-attachment":"scroll","background-type":"","background-media":"","overlay-type":"","overlay-color":"","overlay-opacity":"","overlay-gradient":""},"mobile":{"background-color":"","background-image":"","background-repeat":"repeat","background-position":"center center","background-size":"auto","background-attachment":"scroll","background-type":"","background-media":"","overlay-type":"","overlay-color":"","overlay-opacity":"","overlay-gradient":""}},"ast-content-background-meta":{"desktop":{"background-color":"var(--ast-global-color-5)","background-image":"","background-repeat":"repeat","background-position":"center center","background-size":"auto","background-attachment":"scroll","background-type":"","background-media":"","overlay-type":"","overlay-color":"","overlay-opacity":"","overlay-gradient":""},"tablet":{"background-color":"var(--ast-global-color-5)","background-image":"","background-repeat":"repeat","background-position":"center center","background-size":"auto","background-attachment":"scroll","background-type":"","background-media":"","overlay-type":"","overlay-color":"","overlay-opacity":"","overlay-gradient":""},"mobile":{"background-color":"var(--ast-global-color-5)","background-image":"","background-repeat":"repeat","background-position":"center center","background-size":"auto","background-attachment":"scroll","background-type":"","background-media":"","overlay-type":"","overlay-color":"","overlay-opacity":"","overlay-gradient":""}}},"product_brand":[],"product_cat":[224],"product_tag":[191,193,194,192],"class_list":{"0":"post-19566","1":"product","2":"type-product","3":"status-publish","4":"has-post-thumbnail","6":"product_cat-aluminum-baffle-ceiling","7":"product_tag-aluminum-ceiling","8":"product_tag-baffle-ceiling","9":"product_tag-ceiling","10":"product_tag-metal-ceiling","11":"desktop-align-center","12":"tablet-align-left","13":"mobile-align-left","14":"ast-product-gallery-layout-horizontal-slider","15":"ast-product-single-variable","16":"ast-product-tabs-layout-vertical","18":"first","19":"instock","20":"shipping-taxable","21":"product-type-variable"},"uagb_featured_image_src":{"full":["https:\/\/meterny.com\/wp-content\/uploads\/2024\/11\/\u4e3b\u56fe10.jpg",800,800,false],"thumbnail":["https:\/\/meterny.com\/wp-content\/uploads\/2024\/11\/\u4e3b\u56fe10-150x150.jpg",150,150,true],"medium":["https:\/\/meterny.com\/wp-content\/uploads\/2024\/11\/\u4e3b\u56fe10-300x300.jpg",300,300,true],"medium_large":["https:\/\/meterny.com\/wp-content\/uploads\/2024\/11\/\u4e3b\u56fe10-768x768.jpg",768,768,true],"large":["https:\/\/meterny.com\/wp-content\/uploads\/2024\/11\/\u4e3b\u56fe10.jpg",800,800,false],"1536x1536":["https:\/\/meterny.com\/wp-content\/uploads\/2024\/11\/\u4e3b\u56fe10.jpg",800,800,false],"2048x2048":["https:\/\/meterny.com\/wp-content\/uploads\/2024\/11\/\u4e3b\u56fe10.jpg",800,800,false],"trp-custom-language-flag":["https:\/\/meterny.com\/wp-content\/uploads\/2024\/11\/\u4e3b\u56fe10.jpg",12,12,false],"woocommerce_thumbnail":["https:\/\/meterny.com\/wp-content\/uploads\/2024\/11\/\u4e3b\u56fe10-300x300.jpg",300,300,true],"woocommerce_single":["https:\/\/meterny.com\/wp-content\/uploads\/2024\/11\/\u4e3b\u56fe10-600x600.jpg",600,600,true],"woocommerce_gallery_thumbnail":["https:\/\/meterny.com\/wp-content\/uploads\/2024\/11\/\u4e3b\u56fe10-100x100.jpg",100,100,true]},"uagb_author_info":{"display_name":"meterny","author_link":"https:\/\/meterny.com\/pt\/author\/"},"uagb_comment_info":0,"uagb_excerpt":"Enhance your space with our Aluminum Metal Baffle Ceiling. Designed for modern aesthetics and superior durability, this ceiling solution offers a sleek, stylish finish for any interior. Easy to install and maintain, it\u2019s perfect for commercial and residential applications. Upgrade your ceilings today with our high-quality aluminum baffle systems!","_links":{"self":[{"href":"https:\/\/meterny.com\/pt\/wp-json\/wp\/v2\/product\/19566","targetHints":{"allow":["GET"]}}],"collection":[{"href":"https:\/\/meterny.com\/pt\/wp-json\/wp\/v2\/product"}],"about":[{"href":"https:\/\/meterny.com\/pt\/wp-json\/wp\/v2\/types\/product"}],"replies":[{"embeddable":true,"href":"https:\/\/meterny.com\/pt\/wp-json\/wp\/v2\/comments?post=19566"}],"wp:featuredmedia":[{"embeddable":true,"href":"https:\/\/meterny.com\/pt\/wp-json\/wp\/v2\/media\/19409"}],"wp:attachment":[{"href":"https:\/\/meterny.com\/pt\/wp-json\/wp\/v2\/media?parent=19566"}],"wp:term":[{"taxonomy":"product_brand","embeddable":true,"href":"https:\/\/meterny.com\/pt\/wp-json\/wp\/v2\/product_brand?post=19566"},{"taxonomy":"product_cat","embeddable":true,"href":"https:\/\/meterny.com\/pt\/wp-json\/wp\/v2\/product_cat?post=19566"},{"taxonomy":"product_tag","embeddable":true,"href":"https:\/\/meterny.com\/pt\/wp-json\/wp\/v2\/product_tag?post=19566"}],"curies":[{"name":"wp","href":"https:\/\/api.w.org\/{rel}","templated":true}]}}