{"id":20209,"date":"2024-12-09T08:52:44","date_gmt":"2024-12-09T08:52:44","guid":{"rendered":"https:\/\/meterny.com\/?post_type=product&#038;p=20209"},"modified":"2025-01-02T13:12:26","modified_gmt":"2025-01-02T13:12:26","slug":"modern-aluminum-suspended-clip-in-ceilings","status":"publish","type":"product","link":"https:\/\/meterny.com\/pt\/produto\/modern-aluminum-suspended-clip-in-ceilings\/","title":{"rendered":"Telha de teto suspensa de alum\u00ednio moderna com clip-in"},"content":{"rendered":"<h3><strong>Tectos suspensos modernos de alum\u00ednio com clip-in<\/strong><\/h3>\n<h4><strong>Vis\u00e3o geral do produto<\/strong><\/h4>\n<p>O <strong>Tectos suspensos modernos de alum\u00ednio com clip-in<\/strong> s\u00e3o uma solu\u00e7\u00e3o de teto topo de gama concebida para proporcionar uma est\u00e9tica elegante e contempor\u00e2nea, oferecendo simultaneamente um desempenho excecional. Com um sistema de instala\u00e7\u00e3o de encaixe perfeito, estes tectos combinam estilo, durabilidade e funcionalidade, tornando-os perfeitos para uma vasta gama de aplica\u00e7\u00f5es, incluindo espa\u00e7os comerciais, residenciais e p\u00fablicos.<\/p>\n<h4><strong>Inspira\u00e7\u00e3o de design<\/strong><\/h4>\n<p>O <strong>Tectos suspensos modernos de alum\u00ednio com clip-in<\/strong> s\u00e3o concebidos para dar um toque contempor\u00e2neo e sofisticado a qualquer espa\u00e7o. Quer esteja a equipar um escrit\u00f3rio de uma empresa, um restaurante elegante ou um ambiente de retalho com estilo, estes tectos proporcionam um aspeto limpo e minimalista que complementa v\u00e1rios estilos de design. As suas vantagens ac\u00fasticas tamb\u00e9m os tornam perfeitos para espa\u00e7os grandes e abertos onde o controlo do ru\u00eddo \u00e9 essencial.<\/p>\n<hr \/>\n<figure id=\"attachment_17254\" aria-describedby=\"caption-attachment-17254\" style=\"width: 1024px\" class=\"wp-caption alignnone\"><img loading=\"lazy\" decoding=\"async\" class=\"wp-image-17254\" src=\"https:\/\/meterny.com\/wp-content\/uploads\/2024\/07\/5-181ZHU.png\" alt=\"Tectos suspensos modernos de alum\u00ednio com clip-in\" width=\"1024\" height=\"1024\" srcset=\"https:\/\/meterny.com\/wp-content\/uploads\/2024\/07\/5-181ZHU.png 800w, https:\/\/meterny.com\/wp-content\/uploads\/2024\/07\/5-181ZHU-300x300.png 300w, https:\/\/meterny.com\/wp-content\/uploads\/2024\/07\/5-181ZHU-150x150.png 150w, https:\/\/meterny.com\/wp-content\/uploads\/2024\/07\/5-181ZHU-768x768.png 768w, https:\/\/meterny.com\/wp-content\/uploads\/2024\/07\/5-181ZHU-600x600.png 600w, https:\/\/meterny.com\/wp-content\/uploads\/2024\/07\/5-181ZHU-100x100.png 100w\" sizes=\"auto, (max-width: 1024px) 100vw, 1024px\" \/><figcaption id=\"caption-attachment-17254\" class=\"wp-caption-text\">Teto de alum\u00ednio dur\u00e1vel com clip-in, concebido para interiores de alto desempenho.<\/figcaption><\/figure>\n<h4><strong>Carater\u00edsticas principais<\/strong><\/h4>\n<ul>\n<li><strong>Design contempor\u00e2neo<\/strong>: As linhas modernas e limpas e o acabamento suave dos pain\u00e9is de alum\u00ednio proporcionam um aspeto elegante e minimalista, acrescentando sofistica\u00e7\u00e3o a qualquer ambiente.<\/li>\n<li><strong>Instala\u00e7\u00e3o de encaixe<\/strong>: O sistema exclusivo de encaixe elimina a necessidade de fixadores vis\u00edveis, permitindo um processo de instala\u00e7\u00e3o r\u00e1pido, f\u00e1cil e seguro. Os pain\u00e9is encaixam no lugar e podem ser facilmente removidos para manuten\u00e7\u00e3o ou acesso aos servi\u00e7os p\u00fablicos do teto.<\/li>\n<li><strong>Material dur\u00e1vel<\/strong>: Fabricados em alum\u00ednio de alta qualidade, os pain\u00e9is s\u00e3o leves mas muito dur\u00e1veis, oferecendo uma excelente resist\u00eancia \u00e0 corros\u00e3o, \u00e0 humidade e ao desgaste.<\/li>\n<li><strong>Benef\u00edcios ac\u00fasticos<\/strong>: A conce\u00e7\u00e3o dos pain\u00e9is contribui para a absor\u00e7\u00e3o e difus\u00e3o do som, tornando-os perfeitos para espa\u00e7os onde o controlo do ru\u00eddo e o desempenho ac\u00fastico s\u00e3o essenciais.<\/li>\n<li><strong>Manuten\u00e7\u00e3o reduzida<\/strong>: A resist\u00eancia natural do alum\u00ednio \u00e0s manchas, ao p\u00f3 e ao desbotamento garante que o teto se mant\u00e9m em perfeitas condi\u00e7\u00f5es com um m\u00ednimo de manuten\u00e7\u00e3o.<\/li>\n<li><strong>Personaliz\u00e1vel<\/strong>: Dispon\u00edveis numa variedade de tamanhos, acabamentos e cores, estes pain\u00e9is podem ser adaptados \u00e0s necessidades de design exclusivas do seu projeto. Escolha entre acabamentos mate, brilhantes, escovados, anodizados ou personalizados.<\/li>\n<li><strong>Amigo do ambiente<\/strong>: Constru\u00eddos em alum\u00ednio recicl\u00e1vel 100%, estes pain\u00e9is oferecem uma escolha ambientalmente consciente para uma constru\u00e7\u00e3o sustent\u00e1vel.<\/li>\n<\/ul>\n<hr \/>\n<h4>Mais op\u00e7\u00f5es<\/h4>\n<figure id=\"attachment_17270\" aria-describedby=\"caption-attachment-17270\" style=\"width: 1200px\" class=\"wp-caption alignnone\"><img loading=\"lazy\" decoding=\"async\" class=\"size-full wp-image-17270\" src=\"https:\/\/meterny.com\/wp-content\/uploads\/2024\/07\/\u4e0b\u8f7d-19.jpg\" alt=\"Uma variedade de pain\u00e9is de teto de alum\u00ednio com clip-in\" width=\"1200\" height=\"1200\" srcset=\"https:\/\/meterny.com\/wp-content\/uploads\/2024\/07\/\u4e0b\u8f7d-19.jpg 1200w, https:\/\/meterny.com\/wp-content\/uploads\/2024\/07\/\u4e0b\u8f7d-19-300x300.jpg 300w, https:\/\/meterny.com\/wp-content\/uploads\/2024\/07\/\u4e0b\u8f7d-19-1024x1024.jpg 1024w, https:\/\/meterny.com\/wp-content\/uploads\/2024\/07\/\u4e0b\u8f7d-19-150x150.jpg 150w, https:\/\/meterny.com\/wp-content\/uploads\/2024\/07\/\u4e0b\u8f7d-19-768x768.jpg 768w, https:\/\/meterny.com\/wp-content\/uploads\/2024\/07\/\u4e0b\u8f7d-19-600x600.jpg 600w, https:\/\/meterny.com\/wp-content\/uploads\/2024\/07\/\u4e0b\u8f7d-19-100x100.jpg 100w\" sizes=\"auto, (max-width: 1200px) 100vw, 1200px\" \/><figcaption id=\"caption-attachment-17270\" class=\"wp-caption-text\">Uma variedade de pain\u00e9is de teto de alum\u00ednio com encaixe, apresentando diversos estilos para designs de interiores vers\u00e1teis.<\/figcaption><\/figure>\n<h4><strong>Aplica\u00e7\u00f5es dos modernos tectos suspensos de alum\u00ednio com clip-in<\/strong><\/h4>\n<ul>\n<li><strong>Espa\u00e7os comerciais<\/strong>: Escrit\u00f3rios, salas de confer\u00eancia, lobbies e espa\u00e7os de coworking.<\/li>\n<li><strong>Locais p\u00fablicos<\/strong>: Aeroportos, museus, centros comerciais e salas de exposi\u00e7\u00f5es.<\/li>\n<li><strong>Hospitalidade<\/strong>: Hot\u00e9is, restaurantes, bares e lounges.<\/li>\n<li><strong>Projectos residenciais<\/strong>: Casas, apartamentos, salas de conv\u00edvio e cozinhas modernas.<\/li>\n<li><strong>Ambientes de retalho<\/strong>: Showrooms, boutiques e lojas de retalho.<\/li>\n<\/ul>\n<hr \/>\n<h4><strong>Especifica\u00e7\u00f5es dos tectos suspensos modernos de alum\u00ednio com clip-in<\/strong><\/h4>\n<ul>\n<li><strong>Material<\/strong>: Alum\u00ednio de alta qualidade, dispon\u00edvel com acabamentos revestidos a p\u00f3 ou anodizados para maior prote\u00e7\u00e3o.<\/li>\n<li><strong>Dimens\u00f5es do painel<\/strong>: Personaliz\u00e1vel para satisfazer os requisitos espec\u00edficos do projeto, com op\u00e7\u00f5es para diferentes comprimentos, larguras e profundidades.<\/li>\n<li><strong>Acabamentos<\/strong>: Dispon\u00edvel numa vasta gama de acabamentos, incluindo mate, brilhante, escovado, anodizado e cores personalizadas.<\/li>\n<li><strong>Sistema de suspens\u00e3o<\/strong>: Sistema de instala\u00e7\u00e3o por encaixe concebido para uma instala\u00e7\u00e3o r\u00e1pida e f\u00e1cil, com suspens\u00e3o segura para maior durabilidade.<\/li>\n<li><strong>Desempenho ac\u00fastico<\/strong>: Pode ser combinado com materiais de absor\u00e7\u00e3o de som para um melhor controlo do ru\u00eddo em espa\u00e7os grandes ou abertos.<\/li>\n<\/ul>\n<hr \/>\n<h4><strong>Vantagens dos modernos tectos suspensos de alum\u00ednio com encaixe<\/strong><\/h4>\n<ol>\n<li><strong>Aspeto moderno e elegante<\/strong>: O design limpo e sem costuras eleva o aspeto de qualquer espa\u00e7o, oferecendo uma est\u00e9tica moderna e polida.<\/li>\n<li><strong>Instala\u00e7\u00e3o sem esfor\u00e7o<\/strong>: O inovador sistema de encaixe permite uma instala\u00e7\u00e3o r\u00e1pida e segura, poupando tempo e custos de m\u00e3o de obra.<\/li>\n<li><strong>Alta durabilidade<\/strong>: A constru\u00e7\u00e3o em alum\u00ednio garante um desempenho duradouro, com resist\u00eancia \u00e0 humidade, \u00e0 corros\u00e3o e ao desgaste ambiental.<\/li>\n<li><strong>Design personaliz\u00e1vel<\/strong>: Adapte o tamanho, a forma, a cor e o acabamento para criar o teto perfeito para o seu espa\u00e7o.<\/li>\n<li><strong>Controlo do ru\u00eddo<\/strong>: Ideal para espa\u00e7os que requerem uma ac\u00fastica melhorada, reduzindo o eco e aumentando a clareza do som.<\/li>\n<li><strong>Manuten\u00e7\u00e3o reduzida<\/strong>: O alum\u00ednio \u00e9 resistente \u00e0s manchas, ao p\u00f3 e ao desbotamento, garantindo que os pain\u00e9is permanecem intactos com um m\u00ednimo de limpeza.<\/li>\n<li><strong>Sustent\u00e1vel<\/strong>: Fabricado em alum\u00ednio recicl\u00e1vel, apoia iniciativas de constru\u00e7\u00e3o ecol\u00f3gicas e verdes.<\/li>\n<\/ol>\n<hr \/>\n<p>&nbsp;<\/p>\n<figure id=\"attachment_17259\" aria-describedby=\"caption-attachment-17259\" style=\"width: 1024px\" class=\"wp-caption alignnone\"><img loading=\"lazy\" decoding=\"async\" class=\"wp-image-17259\" src=\"https:\/\/meterny.com\/wp-content\/uploads\/2024\/07\/15-4.jpg\" alt=\"Teto de alum\u00ednio com clip-in para espa\u00e7os comerciais\" width=\"1024\" height=\"1024\" srcset=\"https:\/\/meterny.com\/wp-content\/uploads\/2024\/07\/15-4.jpg 800w, https:\/\/meterny.com\/wp-content\/uploads\/2024\/07\/15-4-300x300.jpg 300w, https:\/\/meterny.com\/wp-content\/uploads\/2024\/07\/15-4-150x150.jpg 150w, https:\/\/meterny.com\/wp-content\/uploads\/2024\/07\/15-4-768x768.jpg 768w, https:\/\/meterny.com\/wp-content\/uploads\/2024\/07\/15-4-600x600.jpg 600w, https:\/\/meterny.com\/wp-content\/uploads\/2024\/07\/15-4-100x100.jpg 100w\" sizes=\"auto, (max-width: 1024px) 100vw, 1024px\" \/><figcaption id=\"caption-attachment-17259\" class=\"wp-caption-text\">Elegante teto de alum\u00ednio perfurado com clip-in, que real\u00e7a os interiores modernos com desenhos complexos<\/figcaption><\/figure>\n<h3><strong>Porqu\u00ea escolher os tectos suspensos de alum\u00ednio modernos com clip-in?<\/strong><\/h3>\n<ul>\n<li><strong>Elegante e moderno<\/strong>: Um design sofisticado e elegante que d\u00e1 um toque contempor\u00e2neo a qualquer interior.<\/li>\n<li><strong>Instala\u00e7\u00e3o f\u00e1cil e r\u00e1pida<\/strong>: O sistema de encaixe simplifica a instala\u00e7\u00e3o, reduzindo o tempo e os custos de m\u00e3o de obra.<\/li>\n<li><strong>Durabilidade<\/strong>: Constru\u00eddos em alum\u00ednio de alta qualidade, estes tectos foram concebidos para durar e resistir \u00e0 corros\u00e3o, \u00e0 humidade e ao desgaste.<\/li>\n<li><strong>Personaliz\u00e1vel<\/strong>: Op\u00e7\u00f5es de design flex\u00edveis para satisfazer qualquer necessidade est\u00e9tica ou funcional.<\/li>\n<li><strong>Ac\u00fastica melhorada<\/strong>: Concebido para reduzir o ru\u00eddo e melhorar a qualidade do som, \u00e9 ideal para espa\u00e7os amplos ou abertos.<\/li>\n<li><strong>Amigo do ambiente<\/strong>: Fabricado a partir de materiais recicl\u00e1veis 100%, apoiando pr\u00e1ticas de constru\u00e7\u00e3o sustent\u00e1veis.<\/li>\n<\/ul>\n<h4><strong>Testemunhos de clientes<\/strong><\/h4>\n<blockquote><p><em>\"Estes tectos de alum\u00ednio com clip-in deram ao nosso escrit\u00f3rio um aspeto fresco e moderno. A instala\u00e7\u00e3o foi incrivelmente r\u00e1pida e os pain\u00e9is s\u00e3o f\u00e1ceis de manter.\"<\/em><br \/>\n- Designer de interiores, escrit\u00f3rio corporativo<\/p><\/blockquote>\n<blockquote><p><em>\"Utiliz\u00e1mo-las no \u00e1trio do nosso hotel e transformaram o espa\u00e7o. O design perfeito e o acabamento de alta qualidade s\u00e3o exatamente o que precis\u00e1vamos.\"<\/em><br \/>\n- Gestor de projectos hoteleiros<\/p><\/blockquote>","protected":false},"excerpt":{"rendered":"<p>Melhore as suas instala\u00e7\u00f5es de cuidados de sa\u00fade com o nosso mosaico de teto hospitalar Paint Design, que oferece uma mistura de apelo est\u00e9tico, higiene e durabilidade adaptada a ambientes hospitalares.<\/p>","protected":false},"featured_media":17254,"comment_status":"open","ping_status":"closed","template":"","meta":{"_uag_custom_page_level_css":"","site-sidebar-layout":"default","site-content-layout":"","ast-site-content-layout":"default","site-content-style":"default","site-sidebar-style":"default","ast-global-header-display":"","ast-banner-title-visibility":"","ast-main-header-display":"","ast-hfb-above-header-display":"","ast-hfb-below-header-display":"","ast-hfb-mobile-header-display":"","site-post-title":"","ast-breadcrumbs-content":"","ast-featured-img":"","footer-sml-layout":"","theme-transparent-header-meta":"default","adv-header-id-meta":"","stick-header-meta":"","header-above-stick-meta":"","header-main-stick-meta":"","header-below-stick-meta":"","astra-migrate-meta-layouts":"set","ast-page-background-enabled":"default","ast-page-background-meta":{"desktop":{"background-color":"var(--ast-global-color-4)","background-image":"","background-repeat":"repeat","background-position":"center center","background-size":"auto","background-attachment":"scroll","background-type":"","background-media":"","overlay-type":"","overlay-color":"","overlay-opacity":"","overlay-gradient":""},"tablet":{"background-color":"","background-image":"","background-repeat":"repeat","background-position":"center center","background-size":"auto","background-attachment":"scroll","background-type":"","background-media":"","overlay-type":"","overlay-color":"","overlay-opacity":"","overlay-gradient":""},"mobile":{"background-color":"","background-image":"","background-repeat":"repeat","background-position":"center center","background-size":"auto","background-attachment":"scroll","background-type":"","background-media":"","overlay-type":"","overlay-color":"","overlay-opacity":"","overlay-gradient":""}},"ast-content-background-meta":{"desktop":{"background-color":"var(--ast-global-color-5)","background-image":"","background-repeat":"repeat","background-position":"center center","background-size":"auto","background-attachment":"scroll","background-type":"","background-media":"","overlay-type":"","overlay-color":"","overlay-opacity":"","overlay-gradient":""},"tablet":{"background-color":"var(--ast-global-color-5)","background-image":"","background-repeat":"repeat","background-position":"center center","background-size":"auto","background-attachment":"scroll","background-type":"","background-media":"","overlay-type":"","overlay-color":"","overlay-opacity":"","overlay-gradient":""},"mobile":{"background-color":"var(--ast-global-color-5)","background-image":"","background-repeat":"repeat","background-position":"center center","background-size":"auto","background-attachment":"scroll","background-type":"","background-media":"","overlay-type":"","overlay-color":"","overlay-opacity":"","overlay-gradient":""}}},"product_brand":[],"product_cat":[227],"product_tag":[191,193,194,195,192],"class_list":{"0":"post-20209","1":"product","2":"type-product","3":"status-publish","4":"has-post-thumbnail","6":"product_cat-aluminum-buckle-plate","7":"product_tag-aluminum-ceiling","8":"product_tag-baffle-ceiling","9":"product_tag-ceiling","10":"product_tag-ceiling-tile","11":"product_tag-metal-ceiling","12":"desktop-align-center","13":"tablet-align-left","14":"mobile-align-left","15":"ast-product-gallery-layout-horizontal-slider","16":"ast-product-tabs-layout-vertical","18":"first","19":"instock","20":"shipping-taxable","21":"product-type-simple"},"uagb_featured_image_src":{"full":["https:\/\/meterny.com\/wp-content\/uploads\/2024\/07\/5-181ZHU.png",800,800,false],"thumbnail":["https:\/\/meterny.com\/wp-content\/uploads\/2024\/07\/5-181ZHU-150x150.png",150,150,true],"medium":["https:\/\/meterny.com\/wp-content\/uploads\/2024\/07\/5-181ZHU-300x300.png",300,300,true],"medium_large":["https:\/\/meterny.com\/wp-content\/uploads\/2024\/07\/5-181ZHU-768x768.png",768,768,true],"large":["https:\/\/meterny.com\/wp-content\/uploads\/2024\/07\/5-181ZHU.png",800,800,false],"1536x1536":["https:\/\/meterny.com\/wp-content\/uploads\/2024\/07\/5-181ZHU.png",800,800,false],"2048x2048":["https:\/\/meterny.com\/wp-content\/uploads\/2024\/07\/5-181ZHU.png",800,800,false],"trp-custom-language-flag":["https:\/\/meterny.com\/wp-content\/uploads\/2024\/07\/5-181ZHU.png",12,12,false],"woocommerce_thumbnail":["https:\/\/meterny.com\/wp-content\/uploads\/2024\/07\/5-181ZHU-300x300.png",300,300,true],"woocommerce_single":["https:\/\/meterny.com\/wp-content\/uploads\/2024\/07\/5-181ZHU-600x600.png",600,600,true],"woocommerce_gallery_thumbnail":["https:\/\/meterny.com\/wp-content\/uploads\/2024\/07\/5-181ZHU-100x100.png",100,100,true]},"uagb_author_info":{"display_name":"meterny","author_link":"https:\/\/meterny.com\/pt\/author\/"},"uagb_comment_info":0,"uagb_excerpt":"Enhance your healthcare facility with our Paint Design Hospital Ceiling Tile, offering a blend of aesthetic appeal, hygiene, and durability tailored for hospital environments.","_links":{"self":[{"href":"https:\/\/meterny.com\/pt\/wp-json\/wp\/v2\/product\/20209","targetHints":{"allow":["GET"]}}],"collection":[{"href":"https:\/\/meterny.com\/pt\/wp-json\/wp\/v2\/product"}],"about":[{"href":"https:\/\/meterny.com\/pt\/wp-json\/wp\/v2\/types\/product"}],"replies":[{"embeddable":true,"href":"https:\/\/meterny.com\/pt\/wp-json\/wp\/v2\/comments?post=20209"}],"wp:featuredmedia":[{"embeddable":true,"href":"https:\/\/meterny.com\/pt\/wp-json\/wp\/v2\/media\/17254"}],"wp:attachment":[{"href":"https:\/\/meterny.com\/pt\/wp-json\/wp\/v2\/media?parent=20209"}],"wp:term":[{"taxonomy":"product_brand","embeddable":true,"href":"https:\/\/meterny.com\/pt\/wp-json\/wp\/v2\/product_brand?post=20209"},{"taxonomy":"product_cat","embeddable":true,"href":"https:\/\/meterny.com\/pt\/wp-json\/wp\/v2\/product_cat?post=20209"},{"taxonomy":"product_tag","embeddable":true,"href":"https:\/\/meterny.com\/pt\/wp-json\/wp\/v2\/product_tag?post=20209"}],"curies":[{"name":"wp","href":"https:\/\/api.w.org\/{rel}","templated":true}]}}