{"id":20296,"date":"2024-12-15T12:21:01","date_gmt":"2024-12-15T12:21:01","guid":{"rendered":"https:\/\/meterny.com\/?post_type=product&#038;p=20296"},"modified":"2025-01-18T09:08:29","modified_gmt":"2025-01-18T09:08:29","slug":"heavy-duty-wpc-fence-panel","status":"publish","type":"product","link":"https:\/\/meterny.com\/pt\/produto\/heavy-duty-wpc-fence-panel\/","title":{"rendered":"Painel de veda\u00e7\u00e3o WPC resistente para privacidade e seguran\u00e7a"},"content":{"rendered":"<div class=\"elementor-element elementor-element-c0e1d42 elementor-widget elementor-widget-heading\" data-id=\"c0e1d42\" data-element_type=\"widget\" data-widget_type=\"heading.default\"><\/div>\n<div class=\"elementor-element elementor-element-1f676da elementor-widget elementor-widget-heading\" data-id=\"1f676da\" data-element_type=\"widget\" data-widget_type=\"heading.default\">\n<h2 class=\"elementor-widget-container\" style=\"text-align: center;\">Painel de veda\u00e7\u00e3o WPC resistente para privacidade e seguran\u00e7a<\/h2>\n<\/div>\n<p><strong>Modelo<\/strong>: METE1800H1850<\/p>\n<p><strong>Tipo<\/strong>: Painel de veda\u00e7\u00e3o WPC para servi\u00e7o pesado<\/p>\n<p><strong>Tamanho<\/strong>: Largura 1800mm x Altura 1850mm<\/p>\n<p><strong>Superf\u00edcie<\/strong>: Duas Superf\u00edcies - Tiras e Gr\u00e3os de Madeira<\/p>\n<p><strong>Cor<\/strong>: 9 op\u00e7\u00f5es de cores<\/p>\n<p><strong>Comprimento<\/strong>: Personalizado<\/p>\n<p><strong>Material<\/strong>: Comp\u00f3sito de madeira e pl\u00e1stico<\/p>\n<p><strong>Tecnologia de produtos<\/strong>: Eco-extrus\u00e3o<\/p>\n<p>Painel de veda\u00e7\u00e3o WPC para servi\u00e7o pesado<\/p>\n<figure id=\"attachment_17491\" aria-describedby=\"caption-attachment-17491\" style=\"width: 1024px\" class=\"wp-caption alignnone\"><img loading=\"lazy\" decoding=\"async\" class=\"wp-image-17491\" src=\"https:\/\/meterny.com\/wp-content\/uploads\/2024\/10\/\u90a6\u82f1-6.jpg\" alt=\"Painel de veda\u00e7\u00e3o WPC resistente para privacidade e seguran\u00e7a\" width=\"1024\" height=\"1024\" srcset=\"https:\/\/meterny.com\/wp-content\/uploads\/2024\/10\/\u90a6\u82f1-6.jpg 800w, https:\/\/meterny.com\/wp-content\/uploads\/2024\/10\/\u90a6\u82f1-6-300x300.jpg 300w, https:\/\/meterny.com\/wp-content\/uploads\/2024\/10\/\u90a6\u82f1-6-150x150.jpg 150w, https:\/\/meterny.com\/wp-content\/uploads\/2024\/10\/\u90a6\u82f1-6-768x768.jpg 768w, https:\/\/meterny.com\/wp-content\/uploads\/2024\/10\/\u90a6\u82f1-6-600x600.jpg 600w, https:\/\/meterny.com\/wp-content\/uploads\/2024\/10\/\u90a6\u82f1-6-100x100.jpg 100w\" sizes=\"auto, (max-width: 1024px) 100vw, 1024px\" \/><figcaption id=\"caption-attachment-17491\" class=\"wp-caption-text\">Dur\u00e1vel e seguro: Pain\u00e9is de veda\u00e7\u00e3o WPC resistentes para todas as necessidades<\/figcaption><\/figure>\n<h3><strong>Vis\u00e3o geral do produto<\/strong><\/h3>\n<p id=\"\"><strong>Construir uma barreira resistente para privacidade e seguran\u00e7a - Painel de veda\u00e7\u00e3o WPC resistente<\/strong><\/p>\n<p id=\"\">Na procura de um ambiente dom\u00e9stico que equilibre a est\u00e9tica com a praticidade, o nosso painel de veda\u00e7\u00e3o WPC (composto de madeira e pl\u00e1stico) para trabalhos pesados destaca-se como uma solu\u00e7\u00e3o ideal para veda\u00e7\u00f5es exteriores devido \u00e0 sua durabilidade excecional, respeito pelo ambiente e design elegante. Especificamente concebido para aumentar a privacidade e a seguran\u00e7a, este painel de veda\u00e7\u00e3o n\u00e3o s\u00f3 bloqueia eficazmente as vistas exteriores, como tamb\u00e9m proporciona uma prote\u00e7\u00e3o f\u00edsica robusta, tornando a sua casa mais acolhedora e segura.<\/p>\n<h3><strong>Carater\u00edsticas do produto<\/strong><\/h3>\n<h4>1. <strong>Ultra-durabilidade<\/strong><\/h4>\n<ul>\n<li><strong>Resist\u00eancia \u00e0s intemp\u00e9ries<\/strong>: Fabricado em material WPC avan\u00e7ado, resiste eficazmente aos raios UV, ao vento, \u00e0 eros\u00e3o da chuva e \u00e0s mudan\u00e7as extremas de temperatura, mantendo a sua cor vibrante e resistindo ao envelhecimento e \u00e0 deforma\u00e7\u00e3o ao longo do tempo.<\/li>\n<li><strong>Resist\u00eancia ao impacto<\/strong>: Com um design estrutural de alta resist\u00eancia, pode resistir a impactos acidentais, salvaguardando a seguran\u00e7a da sua fam\u00edlia.<\/li>\n<\/ul>\n<h4>2. <strong>Ecologia e sa\u00fade<\/strong><\/h4>\n<ul>\n<li><strong>N\u00e3o t\u00f3xico e inofensivo<\/strong>: Completamente isento de formalde\u00eddo e de outras subst\u00e2ncias nocivas, \u00e9 seguro e amigo do ambiente, protegendo a sua sa\u00fade e a da sua fam\u00edlia.<\/li>\n<li><strong>Recicl\u00e1vel<\/strong>: O material WPC apoia a reciclagem, reduzindo o impacto ambiental e alinhando-se com os princ\u00edpios da vida verde.<\/li>\n<\/ul>\n<h4>3. <strong>Prote\u00e7\u00e3o da privacidade<\/strong><\/h4>\n<ul>\n<li><strong>Arranjo apertado<\/strong>: O design \u00fanico das ripas bloqueia eficazmente as vistas para o exterior, proporcionando privacidade ao seu espa\u00e7o exterior.<\/li>\n<li><strong>Est\u00e9tica natural<\/strong>: Imitando o gr\u00e3o da madeira verdadeira, garante a privacidade sem sacrificar o efeito visual natural e harmonioso.<\/li>\n<\/ul>\n<h4>4. <strong>Instala\u00e7\u00e3o f\u00e1cil<\/strong><\/h4>\n<ul>\n<li><strong>Estrutura leve<\/strong>: Em compara\u00e7\u00e3o com a madeira tradicional, os pain\u00e9is de veda\u00e7\u00e3o WPC s\u00e3o mais leves, mais f\u00e1ceis de manusear e instalar.<\/li>\n<li><strong>Montagem r\u00e1pida<\/strong>: Inclui guias de instala\u00e7\u00e3o pormenorizados e os acess\u00f3rios necess\u00e1rios, n\u00e3o necessitando de ferramentas complexas para uma instala\u00e7\u00e3o f\u00e1cil.<\/li>\n<\/ul>\n<h4>5. <strong>Manuten\u00e7\u00e3o reduzida<\/strong><\/h4>\n<ul>\n<li><strong>N\u00e3o \u00e9 necess\u00e1rio pintar<\/strong>: Pr\u00e9-colorido e tratado para resistir \u00e0 corros\u00e3o, elimina a necessidade de manuten\u00e7\u00e3o regular da pintura, poupando tempo e custos.<\/li>\n<li><strong>F\u00e1cil de limpar<\/strong>: A superf\u00edcie lisa permite uma limpeza f\u00e1cil apenas com \u00e1gua, mantendo-a com um aspeto novo.<\/li>\n<\/ul>\n<h3><strong>Especifica\u00e7\u00f5es do produto<\/strong><\/h3>\n<ul>\n<li><strong>Tamanho<\/strong>: Largura x altura standard (personaliz\u00e1vel em fun\u00e7\u00e3o das necessidades do cliente)<\/li>\n<li><strong>Cor<\/strong>: M\u00faltiplas cores de gr\u00e3os de madeira natural dispon\u00edveis, tais como carvalho, nogueira, etc.<\/li>\n<li><strong>Espessura<\/strong>: Design melhorado com espessura muito superior aos pain\u00e9is de veda\u00e7\u00e3o comuns<\/li>\n<li><strong>Peso<\/strong>: Leve mas robusto para uma instala\u00e7\u00e3o f\u00e1cil<\/li>\n<\/ul>\n<h3><strong>Cen\u00e1rios de aplica\u00e7\u00e3o<\/strong><\/h3>\n<ul>\n<li><strong>Quintais residenciais<\/strong>: D\u00ea um toque de verde e de seguran\u00e7a ao seu jardim privado.<\/li>\n<li><strong>Paredes de vivendas<\/strong>: Melhorar a est\u00e9tica geral e a privacidade da sua villa.<\/li>\n<li><strong>Locais comerciais<\/strong>: Por exemplo, hot\u00e9is e est\u00e2ncias tur\u00edsticas, criando um ambiente exterior elegante e seguro.<\/li>\n<li><strong>Instala\u00e7\u00f5es p\u00fablicas<\/strong>: Parques, escolas e outros locais que necessitem de est\u00e9tica e prote\u00e7\u00e3o.<\/li>\n<\/ul>\n<h3><strong>Guia de compras<\/strong><\/h3>\n<ul>\n<li><strong>Servi\u00e7o de personaliza\u00e7\u00e3o<\/strong>: Oferece personaliza\u00e7\u00e3o de tamanho e cor para satisfazer as suas necessidades \u00fanicas.<\/li>\n<li><strong>Expedi\u00e7\u00e3o e entrega<\/strong>: Entrega r\u00e1pida em todo o pa\u00eds, garantindo a chegada segura do produto.<\/li>\n<li><strong>Servi\u00e7o p\u00f3s-venda<\/strong>: Equipa profissional de servi\u00e7o ao cliente que presta consultoria pr\u00e9-venda e apoio p\u00f3s-venda para uma experi\u00eancia de compra sem problemas.<\/li>\n<\/ul>\n<h3><strong>Conclus\u00e3o<\/strong><\/h3>\n<p id=\"\">Escolher o nosso painel de veda\u00e7\u00e3o WPC para trabalhos pesados \u00e9 escolher uma solu\u00e7\u00e3o bonita e pr\u00e1tica para o espa\u00e7o exterior. N\u00e3o s\u00f3 melhora eficazmente a sua seguran\u00e7a e prote\u00e7\u00e3o da privacidade, como tamb\u00e9m acrescenta um toque de natureza e harmonia \u00e0 sua casa. Agir agora para dar um novo visual ao seu espa\u00e7o exterior!<\/p>\n<h3>Cor e superf\u00edcie<\/h3>\n<p>Dispon\u00edvel em nove cores distintas, o METE1800H1850 oferece op\u00e7\u00f5es de design vers\u00e1teis que se adaptam a qualquer jardim ou ambiente exterior. Escolha entre duas texturas de superf\u00edcie: tiras cl\u00e1ssicas ou elegantes gr\u00e3os de madeira, para complementar a sua paisagem na perfei\u00e7\u00e3o. Personalize o comprimento para se adaptar \u00e0s suas necessidades espec\u00edficas, assegurando uma instala\u00e7\u00e3o \u00e0 medida e sem falhas.<\/p>\n<h3>Se quiser saber mais pormenores, clique neste link do youtube:<a href=\"https:\/\/youtu.be\/A_X4ZdlYfzc\" target=\"_blank\" rel=\"noopener\">https:\/\/youtu.be\/A_X4ZdlYfzc<\/a><\/h3>\n<p>&nbsp;<\/p>\n<h3>Galeria<\/h3>\n<figure id=\"attachment_17170\" aria-describedby=\"caption-attachment-17170\" style=\"width: 1024px\" class=\"wp-caption alignnone\"><img loading=\"lazy\" decoding=\"async\" class=\"wp-image-17170\" src=\"https:\/\/meterny.com\/wp-content\/uploads\/2024\/05\/14-4zhu.jpg\" alt=\"Veda\u00e7\u00e3o WPC resistente para limites de propriedade\" width=\"1024\" height=\"1024\" srcset=\"https:\/\/meterny.com\/wp-content\/uploads\/2024\/05\/14-4zhu.jpg 800w, https:\/\/meterny.com\/wp-content\/uploads\/2024\/05\/14-4zhu-300x300.jpg 300w, https:\/\/meterny.com\/wp-content\/uploads\/2024\/05\/14-4zhu-150x150.jpg 150w, https:\/\/meterny.com\/wp-content\/uploads\/2024\/05\/14-4zhu-768x768.jpg 768w, https:\/\/meterny.com\/wp-content\/uploads\/2024\/05\/14-4zhu-600x600.jpg 600w, https:\/\/meterny.com\/wp-content\/uploads\/2024\/05\/14-4zhu-100x100.jpg 100w\" sizes=\"auto, (max-width: 1024px) 100vw, 1024px\" \/><figcaption id=\"caption-attachment-17170\" class=\"wp-caption-text\">Traga eleg\u00e2ncia ao seu quintal com veda\u00e7\u00f5es compostas de alta qualidade<\/figcaption><\/figure>\n<figure id=\"attachment_17167\" aria-describedby=\"caption-attachment-17167\" style=\"width: 1024px\" class=\"wp-caption alignnone\"><img loading=\"lazy\" decoding=\"async\" class=\"wp-image-17167\" src=\"https:\/\/meterny.com\/wp-content\/uploads\/2024\/05\/7-2zhu.jpg\" alt=\"Veda\u00e7\u00f5es de WPC com redu\u00e7\u00e3o de ru\u00eddo para \u00e1reas urbanas\" width=\"1024\" height=\"1024\" srcset=\"https:\/\/meterny.com\/wp-content\/uploads\/2024\/05\/7-2zhu.jpg 800w, https:\/\/meterny.com\/wp-content\/uploads\/2024\/05\/7-2zhu-300x300.jpg 300w, https:\/\/meterny.com\/wp-content\/uploads\/2024\/05\/7-2zhu-150x150.jpg 150w, https:\/\/meterny.com\/wp-content\/uploads\/2024\/05\/7-2zhu-768x768.jpg 768w, https:\/\/meterny.com\/wp-content\/uploads\/2024\/05\/7-2zhu-600x600.jpg 600w, https:\/\/meterny.com\/wp-content\/uploads\/2024\/05\/7-2zhu-100x100.jpg 100w\" sizes=\"auto, (max-width: 1024px) 100vw, 1024px\" \/><figcaption id=\"caption-attachment-17167\" class=\"wp-caption-text\">Liberte a sua criatividade com designs personaliz\u00e1veis de veda\u00e7\u00f5es WPC<\/figcaption><\/figure>\n<p>Carta de cores do painel de veda\u00e7\u00e3o WPC da s\u00e9rie Meterny METE<\/p>\n<figure id=\"attachment_20293\" aria-describedby=\"caption-attachment-20293\" style=\"width: 1024px\" class=\"wp-caption alignnone\"><img loading=\"lazy\" decoding=\"async\" class=\"wp-image-20293\" src=\"https:\/\/meterny.com\/wp-content\/uploads\/2024\/10\/METE-Series-Colour-151.png\" alt=\"Op\u00e7\u00f5es de cores da veda\u00e7\u00e3o Meterny WPC\" width=\"1024\" height=\"1024\" srcset=\"https:\/\/meterny.com\/wp-content\/uploads\/2024\/10\/METE-Series-Colour-151.png 900w, https:\/\/meterny.com\/wp-content\/uploads\/2024\/10\/METE-Series-Colour-151-300x300.png 300w, https:\/\/meterny.com\/wp-content\/uploads\/2024\/10\/METE-Series-Colour-151-150x150.png 150w, https:\/\/meterny.com\/wp-content\/uploads\/2024\/10\/METE-Series-Colour-151-768x768.png 768w, https:\/\/meterny.com\/wp-content\/uploads\/2024\/10\/METE-Series-Colour-151-600x600.png 600w, https:\/\/meterny.com\/wp-content\/uploads\/2024\/10\/METE-Series-Colour-151-100x100.png 100w\" sizes=\"auto, (max-width: 1024px) 100vw, 1024px\" \/><figcaption id=\"caption-attachment-20293\" class=\"wp-caption-text\">Explorar Veda\u00e7\u00e3o WPC Meterny - Nove op\u00e7\u00f5es de cores deslumbrantes para todos os estilos<\/figcaption><\/figure>\n<p><strong>Veda\u00e7\u00e3o de jardim em WPC<\/strong><\/p>\n<h3>Dur\u00e1vel e \u00e0 prova de \u00e1gua<\/h3>\n<p>Fabricada com tecnologia avan\u00e7ada de eco-extrus\u00e3o, esta veda\u00e7\u00e3o foi constru\u00edda para durar. As suas propriedades \u00e0 prova de \u00e1gua fazem dela a escolha ideal para todas as condi\u00e7\u00f5es climat\u00e9ricas, garantindo longevidade e manuten\u00e7\u00e3o m\u00ednima. Os pilares de alum\u00ednio proporcionam uma estabilidade extra, tornando-a uma solu\u00e7\u00e3o de veda\u00e7\u00e3o fi\u00e1vel e robusta para qualquer jardim.<\/p>\n<p>Instala\u00e7\u00f5es Acess\u00f3rios<\/p>\n<figure id=\"attachment_17165\" aria-describedby=\"caption-attachment-17165\" style=\"width: 1024px\" class=\"wp-caption alignnone\"><img loading=\"lazy\" decoding=\"async\" class=\"wp-image-17165\" src=\"https:\/\/meterny.com\/wp-content\/uploads\/2024\/05\/Heef5f4fd9e2c4c9a9145a852eb0aedceQ-1.png\" alt=\"Acess\u00f3rios completos para a instala\u00e7\u00e3o de veda\u00e7\u00f5es WPC\" width=\"1024\" height=\"1054\" srcset=\"https:\/\/meterny.com\/wp-content\/uploads\/2024\/05\/Heef5f4fd9e2c4c9a9145a852eb0aedceQ-1.png 923w, https:\/\/meterny.com\/wp-content\/uploads\/2024\/05\/Heef5f4fd9e2c4c9a9145a852eb0aedceQ-1-291x300.png 291w, https:\/\/meterny.com\/wp-content\/uploads\/2024\/05\/Heef5f4fd9e2c4c9a9145a852eb0aedceQ-1-768x790.png 768w, https:\/\/meterny.com\/wp-content\/uploads\/2024\/05\/Heef5f4fd9e2c4c9a9145a852eb0aedceQ-1-600x618.png 600w\" sizes=\"auto, (max-width: 1024px) 100vw, 1024px\" \/><figcaption id=\"caption-attachment-17165\" class=\"wp-caption-text\">Acess\u00f3rios de instala\u00e7\u00e3o de veda\u00e7\u00f5es WPC tudo-em-um para uma montagem sem esfor\u00e7o<\/figcaption><\/figure>\n<h3>Por que escolher o Painel para Cerca de WPC para Servi\u00e7o Pesado METE1800H1850?<\/h3>\n<p id=\"\">Deve escolher o Painel de veda\u00e7\u00e3o WPC resistente METE1800H1850 por v\u00e1rias raz\u00f5es convincentes. Aqui est\u00e3o algumas das principais vantagens:<\/p>\n<h3>1.\u00a0<strong>Durabilidade e resist\u00eancia<\/strong><\/h3>\n<ul>\n<li><strong>Resist\u00eancia \u00e0s intemp\u00e9ries<\/strong>: O painel de veda\u00e7\u00e3o METE1800H1850 Heavy-Duty WPC \u00e9 feito de material avan\u00e7ado Wood Plastic Composite (WPC), que \u00e9 altamente resistente \u00e0s condi\u00e7\u00f5es climat\u00e9ricas, tais como raios UV, vento, chuva e flutua\u00e7\u00f5es de temperatura. Isto garante que o painel de veda\u00e7\u00e3o mant\u00e9m a sua integridade, cor e aspeto ao longo do tempo.<\/li>\n<li><strong>Resist\u00eancia ao impacto<\/strong>: O design resistente do painel de veda\u00e7\u00e3o proporciona uma excelente resist\u00eancia ao impacto, tornando-o adequado para \u00e1reas onde a durabilidade \u00e9 uma prioridade m\u00e1xima.<\/li>\n<\/ul>\n<h3>2.\u00a0<strong>Respeito pelo ambiente<\/strong><\/h3>\n<ul>\n<li><strong>Material sustent\u00e1vel<\/strong>: O material WPC \u00e9 composto por pl\u00e1stico reciclado e fibras de madeira, o que o torna uma escolha amiga do ambiente.<\/li>\n<li><strong>N\u00e3o t\u00f3xico e seguro<\/strong>: O painel da veda\u00e7\u00e3o \u00e9 isento de formalde\u00eddo e de outras subst\u00e2ncias nocivas, garantindo um ambiente de vida seguro e saud\u00e1vel.<\/li>\n<\/ul>\n<h3>3.\u00a0<strong>Privacidade e seguran\u00e7a<\/strong><\/h3>\n<ul>\n<li><strong>Barreira de privacidade eficaz<\/strong>: O design \u00fanico do painel da veda\u00e7\u00e3o cria uma barreira eficaz \u00e0s vistas exteriores, proporcionando privacidade e seguran\u00e7a ao seu espa\u00e7o exterior.<\/li>\n<li><strong>Constru\u00e7\u00e3o robusta<\/strong>: A constru\u00e7\u00e3o resistente acrescenta uma camada extra de seguran\u00e7a, impedindo o acesso n\u00e3o autorizado e aumentando a seguran\u00e7a geral da sua propriedade.<\/li>\n<\/ul>\n<h3>4.\u00a0<strong>Facilidade de instala\u00e7\u00e3o e manuten\u00e7\u00e3o<\/strong><\/h3>\n<ul>\n<li><strong>Leve e f\u00e1cil de manusear<\/strong>: Em compara\u00e7\u00e3o com as veda\u00e7\u00f5es de madeira tradicionais, o painel de veda\u00e7\u00e3o WPC METE1800H1850 Heavy-Duty \u00e9 mais leve e mais f\u00e1cil de instalar.<\/li>\n<li><strong>Instala\u00e7\u00e3o r\u00e1pida e simples<\/strong>: O painel de veda\u00e7\u00e3o \u00e9 fornecido com guias de instala\u00e7\u00e3o detalhados e acess\u00f3rios necess\u00e1rios, facilitando a montagem sem ferramentas complexas.<\/li>\n<li><strong>Manuten\u00e7\u00e3o reduzida<\/strong>: A superf\u00edcie lisa do painel de veda\u00e7\u00e3o \u00e9 f\u00e1cil de limpar com \u00e1gua, poupando tempo e esfor\u00e7o na manuten\u00e7\u00e3o regular.<\/li>\n<\/ul>\n<h3>5.\u00a0<strong>Apelo est\u00e9tico<\/strong><\/h3>\n<ul>\n<li><strong>Gr\u00e3o de madeira natural<\/strong>: O painel da veda\u00e7\u00e3o imita o aspeto da madeira verdadeira, acrescentando uma est\u00e9tica natural e harmoniosa ao seu espa\u00e7o exterior.<\/li>\n<li><strong>Op\u00e7\u00f5es personaliz\u00e1veis<\/strong>: O painel de veda\u00e7\u00e3o METE1800H1850 Heavy-Duty WPC pode ser personalizado em v\u00e1rios tamanhos e cores para atender \u00e0s suas necessidades e prefer\u00eancias exclusivas.<\/li>\n<\/ul>\n<h3>6.\u00a0<strong>Custo-efic\u00e1cia<\/strong><\/h3>\n<ul>\n<li><strong>Durabilidade de longa dura\u00e7\u00e3o<\/strong>: A durabilidade e a resist\u00eancia \u00e0s intemp\u00e9ries do painel de veda\u00e7\u00e3o garantem a sua dura\u00e7\u00e3o durante muitos anos, reduzindo a necessidade de substitui\u00e7\u00f5es frequentes.<\/li>\n<li><strong>Rela\u00e7\u00e3o qualidade\/pre\u00e7o<\/strong>: A combina\u00e7\u00e3o de material de alta qualidade, excelente desempenho e baixos custos de manuten\u00e7\u00e3o faz com que o painel de veda\u00e7\u00e3o WPC para servi\u00e7os pesados METE1800H1850 seja uma escolha econ\u00f3mica.<\/li>\n<\/ul>\n<p id=\"\">Em conclus\u00e3o, o Painel de Veda\u00e7\u00e3o WPC para Servi\u00e7o Pesado METE1800H1850 \u00e9 uma excelente escolha para quem procura uma solu\u00e7\u00e3o de veda\u00e7\u00e3o dur\u00e1vel, ecol\u00f3gica, que aumente a privacidade e seja f\u00e1cil de instalar. A sua combina\u00e7\u00e3o de for\u00e7a, est\u00e9tica e custo-benef\u00edcio torna-o uma op\u00e7\u00e3o de destaque no mercado.<\/p>","protected":false},"excerpt":{"rendered":"<h3>Carater\u00edsticas principais:<\/h3>\n<p>\u00c0 prova de \u00e1gua e resistente \u00e0s intemp\u00e9ries: Ideal para utiliza\u00e7\u00e3o no exterior em todos os climas.<br \/>\nMateriais amigos do ambiente: Sustent\u00e1vel e consciente do ambiente.<br \/>\nComprimento personaliz\u00e1vel: Adaptado para se ajustar \u00e0s dimens\u00f5es espec\u00edficas do seu jardim.<br \/>\nManuten\u00e7\u00e3o reduzida: F\u00e1cil de limpar e manter, ao contr\u00e1rio da madeira tradicional.<br \/>\nOp\u00e7\u00f5es de superf\u00edcie dupla: Escolha entre elegantes gr\u00e3os de madeira ou tiras cl\u00e1ssicas para um aspeto personalizado.<br \/>\nEstabilidade melhorada: Refor\u00e7ado com pilares de alum\u00ednio dur\u00e1veis para maior resist\u00eancia e seguran\u00e7a.<\/p>\n<h3>Aplica\u00e7\u00f5es:<\/h3>\n<p>Perfeita para delimita\u00e7\u00e3o de jardins, divis\u00f3rias de privacidade e solu\u00e7\u00f5es de veda\u00e7\u00e3o decorativas.<\/p>","protected":false},"featured_media":17491,"comment_status":"open","ping_status":"closed","template":"","meta":{"_uag_custom_page_level_css":"","site-sidebar-layout":"default","site-content-layout":"","ast-site-content-layout":"default","site-content-style":"default","site-sidebar-style":"default","ast-global-header-display":"","ast-banner-title-visibility":"","ast-main-header-display":"","ast-hfb-above-header-display":"","ast-hfb-below-header-display":"","ast-hfb-mobile-header-display":"","site-post-title":"","ast-breadcrumbs-content":"","ast-featured-img":"","footer-sml-layout":"","theme-transparent-header-meta":"default","adv-header-id-meta":"","stick-header-meta":"default","header-above-stick-meta":"","header-main-stick-meta":"","header-below-stick-meta":"","astra-migrate-meta-layouts":"set","ast-page-background-enabled":"default","ast-page-background-meta":{"desktop":{"background-color":"var(--ast-global-color-4)","background-image":"","background-repeat":"repeat","background-position":"center center","background-size":"auto","background-attachment":"scroll","background-type":"","background-media":"","overlay-type":"","overlay-color":"","overlay-opacity":"","overlay-gradient":""},"tablet":{"background-color":"","background-image":"","background-repeat":"repeat","background-position":"center center","background-size":"auto","background-attachment":"scroll","background-type":"","background-media":"","overlay-type":"","overlay-color":"","overlay-opacity":"","overlay-gradient":""},"mobile":{"background-color":"","background-image":"","background-repeat":"repeat","background-position":"center center","background-size":"auto","background-attachment":"scroll","background-type":"","background-media":"","overlay-type":"","overlay-color":"","overlay-opacity":"","overlay-gradient":""}},"ast-content-background-meta":{"desktop":{"background-color":"var(--ast-global-color-5)","background-image":"","background-repeat":"repeat","background-position":"center center","background-size":"auto","background-attachment":"scroll","background-type":"","background-media":"","overlay-type":"","overlay-color":"","overlay-opacity":"","overlay-gradient":""},"tablet":{"background-color":"var(--ast-global-color-5)","background-image":"","background-repeat":"repeat","background-position":"center center","background-size":"auto","background-attachment":"scroll","background-type":"","background-media":"","overlay-type":"","overlay-color":"","overlay-opacity":"","overlay-gradient":""},"mobile":{"background-color":"var(--ast-global-color-5)","background-image":"","background-repeat":"repeat","background-position":"center center","background-size":"auto","background-attachment":"scroll","background-type":"","background-media":"","overlay-type":"","overlay-color":"","overlay-opacity":"","overlay-gradient":""}}},"product_brand":[],"product_cat":[18],"product_tag":[186,187,188,185],"class_list":{"0":"post-20296","1":"product","2":"type-product","3":"status-publish","4":"has-post-thumbnail","6":"product_cat-uncategorized","7":"product_tag-aluminum-fence","8":"product_tag-exterior-fence","9":"product_tag-garden-fence","10":"product_tag-wpc-fence","11":"desktop-align-center","12":"tablet-align-left","13":"mobile-align-left","14":"ast-product-gallery-layout-horizontal-slider","15":"ast-product-tabs-layout-vertical","17":"first","18":"instock","19":"shipping-taxable","20":"product-type-simple"},"uagb_featured_image_src":{"full":["https:\/\/meterny.com\/wp-content\/uploads\/2024\/10\/\u90a6\u82f1-6.jpg",800,800,false],"thumbnail":["https:\/\/meterny.com\/wp-content\/uploads\/2024\/10\/\u90a6\u82f1-6-150x150.jpg",150,150,true],"medium":["https:\/\/meterny.com\/wp-content\/uploads\/2024\/10\/\u90a6\u82f1-6-300x300.jpg",300,300,true],"medium_large":["https:\/\/meterny.com\/wp-content\/uploads\/2024\/10\/\u90a6\u82f1-6-768x768.jpg",768,768,true],"large":["https:\/\/meterny.com\/wp-content\/uploads\/2024\/10\/\u90a6\u82f1-6.jpg",800,800,false],"1536x1536":["https:\/\/meterny.com\/wp-content\/uploads\/2024\/10\/\u90a6\u82f1-6.jpg",800,800,false],"2048x2048":["https:\/\/meterny.com\/wp-content\/uploads\/2024\/10\/\u90a6\u82f1-6.jpg",800,800,false],"trp-custom-language-flag":["https:\/\/meterny.com\/wp-content\/uploads\/2024\/10\/\u90a6\u82f1-6.jpg",12,12,false],"woocommerce_thumbnail":["https:\/\/meterny.com\/wp-content\/uploads\/2024\/10\/\u90a6\u82f1-6-300x300.jpg",300,300,true],"woocommerce_single":["https:\/\/meterny.com\/wp-content\/uploads\/2024\/10\/\u90a6\u82f1-6-600x600.jpg",600,600,true],"woocommerce_gallery_thumbnail":["https:\/\/meterny.com\/wp-content\/uploads\/2024\/10\/\u90a6\u82f1-6-100x100.jpg",100,100,true]},"uagb_author_info":{"display_name":"meterny","author_link":"https:\/\/meterny.com\/pt\/author\/"},"uagb_comment_info":0,"uagb_excerpt":"Key Features: Waterproof and Weather-Resistant: Ideal for outdoor use in all climates. Eco-Friendly Materials: Sustainable and environmentally conscious. Customizable Length: Tailored to fit your garden's specific dimensions. Low Maintenance: Easy to clean and maintain, unlike traditional wood. Dual Surface Options: Choose between elegant wood grains or classic strips for a personalized look. Enhanced Stability: Reinforced&hellip;","_links":{"self":[{"href":"https:\/\/meterny.com\/pt\/wp-json\/wp\/v2\/product\/20296","targetHints":{"allow":["GET"]}}],"collection":[{"href":"https:\/\/meterny.com\/pt\/wp-json\/wp\/v2\/product"}],"about":[{"href":"https:\/\/meterny.com\/pt\/wp-json\/wp\/v2\/types\/product"}],"replies":[{"embeddable":true,"href":"https:\/\/meterny.com\/pt\/wp-json\/wp\/v2\/comments?post=20296"}],"wp:featuredmedia":[{"embeddable":true,"href":"https:\/\/meterny.com\/pt\/wp-json\/wp\/v2\/media\/17491"}],"wp:attachment":[{"href":"https:\/\/meterny.com\/pt\/wp-json\/wp\/v2\/media?parent=20296"}],"wp:term":[{"taxonomy":"product_brand","embeddable":true,"href":"https:\/\/meterny.com\/pt\/wp-json\/wp\/v2\/product_brand?post=20296"},{"taxonomy":"product_cat","embeddable":true,"href":"https:\/\/meterny.com\/pt\/wp-json\/wp\/v2\/product_cat?post=20296"},{"taxonomy":"product_tag","embeddable":true,"href":"https:\/\/meterny.com\/pt\/wp-json\/wp\/v2\/product_tag?post=20296"}],"curies":[{"name":"wp","href":"https:\/\/api.w.org\/{rel}","templated":true}]}}