{"id":20297,"date":"2024-12-15T12:28:50","date_gmt":"2024-12-15T12:28:50","guid":{"rendered":"https:\/\/meterny.com\/?post_type=product&#038;p=20297"},"modified":"2025-01-18T09:10:47","modified_gmt":"2025-01-18T09:10:47","slug":"lightweight-wpc-fence-panel","status":"publish","type":"product","link":"https:\/\/meterny.com\/pt\/produto\/lightweight-wpc-fence-panel\/","title":{"rendered":"Painel de veda\u00e7\u00e3o WPC leve para design de jardim"},"content":{"rendered":"<div class=\"elementor-element elementor-element-c0e1d42 elementor-widget elementor-widget-heading\" data-id=\"c0e1d42\" data-element_type=\"widget\" data-widget_type=\"heading.default\"><\/div>\n<div class=\"elementor-element elementor-element-1f676da elementor-widget elementor-widget-heading\" data-id=\"1f676da\" data-element_type=\"widget\" data-widget_type=\"heading.default\">\n<h2 class=\"elementor-widget-container\" style=\"text-align: center;\">Painel de veda\u00e7\u00e3o WPC leve para design de jardim<\/h2>\n<\/div>\n<p><strong>Modelo<\/strong>: METE1800H1850<\/p>\n<p><strong>Tipo<\/strong>: Painel de veda\u00e7\u00e3o WPC leve<\/p>\n<p><strong>Tamanho<\/strong>: Largura 1800mm x Altura 1850mm<\/p>\n<p><strong>Superf\u00edcie<\/strong>: Duas Superf\u00edcies - Tiras e Gr\u00e3os de Madeira<\/p>\n<p><strong>Cor<\/strong>: 9 op\u00e7\u00f5es de cores<\/p>\n<p><strong>Comprimento<\/strong>: Personalizado<\/p>\n<p><strong>Material<\/strong>: Comp\u00f3sito de madeira e pl\u00e1stico<\/p>\n<p><strong>Tecnologia de produtos<\/strong>: Eco-extrus\u00e3o<\/p>\n<p>Painel de veda\u00e7\u00e3o WPC leve para design de jardim<\/p>\n<figure id=\"attachment_17492\" aria-describedby=\"caption-attachment-17492\" style=\"width: 1024px\" class=\"wp-caption alignnone\"><img loading=\"lazy\" decoding=\"async\" class=\"wp-image-17492\" src=\"https:\/\/meterny.com\/wp-content\/uploads\/2024\/10\/\u90a6\u82f13-1ZHU.jpg\" alt=\"Painel de veda\u00e7\u00e3o WPC leve para design de jardim\" width=\"1024\" height=\"1024\" srcset=\"https:\/\/meterny.com\/wp-content\/uploads\/2024\/10\/\u90a6\u82f13-1ZHU.jpg 800w, https:\/\/meterny.com\/wp-content\/uploads\/2024\/10\/\u90a6\u82f13-1ZHU-300x300.jpg 300w, https:\/\/meterny.com\/wp-content\/uploads\/2024\/10\/\u90a6\u82f13-1ZHU-150x150.jpg 150w, https:\/\/meterny.com\/wp-content\/uploads\/2024\/10\/\u90a6\u82f13-1ZHU-768x768.jpg 768w, https:\/\/meterny.com\/wp-content\/uploads\/2024\/10\/\u90a6\u82f13-1ZHU-600x600.jpg 600w, https:\/\/meterny.com\/wp-content\/uploads\/2024\/10\/\u90a6\u82f13-1ZHU-100x100.jpg 100w\" sizes=\"auto, (max-width: 1024px) 100vw, 1024px\" \/><figcaption id=\"caption-attachment-17492\" class=\"wp-caption-text\">Eleg\u00e2ncia sem esfor\u00e7o com pain\u00e9is de veda\u00e7\u00e3o leves em WPC<\/figcaption><\/figure>\n<h4>Vis\u00e3o geral<\/h4>\n<p id=\"\">Apresentamos o nosso painel de veda\u00e7\u00e3o leve em WPC (Wood Plastic Composite), especificamente concebido para real\u00e7ar a beleza e a funcionalidade do seu espa\u00e7o de jardim. Combinando a est\u00e9tica natural da madeira com a durabilidade e a resist\u00eancia \u00e0s intemp\u00e9ries do pl\u00e1stico, este painel de veda\u00e7\u00e3o \u00e9 a escolha perfeita para o design moderno de jardins.<\/p>\n<hr \/>\n<h4>Carater\u00edsticas principais<\/h4>\n<ol>\n<li>\n<p id=\"\"><strong>Leve e f\u00e1cil de instalar<\/strong>: O nosso painel de veda\u00e7\u00e3o WPC \u00e9 leve, tornando-o mais f\u00e1cil de manusear e instalar em compara\u00e7\u00e3o com as veda\u00e7\u00f5es de madeira tradicionais. Isto reduz o tempo de instala\u00e7\u00e3o e os custos de m\u00e3o de obra.<\/p>\n<\/li>\n<li>\n<p id=\"\"><strong>Dur\u00e1vel e resistente \u00e0s intemp\u00e9ries<\/strong>: Fabricado em material WPC de alta qualidade, o painel de veda\u00e7\u00e3o foi concebido para resistir a v\u00e1rias condi\u00e7\u00f5es climat\u00e9ricas, incluindo chuva, neve e luz solar. Resiste \u00e0 podrid\u00e3o, \u00e0 deteriora\u00e7\u00e3o e \u00e0 infesta\u00e7\u00e3o por insectos, garantindo um desempenho duradouro.<\/p>\n<\/li>\n<li>\n<p id=\"\"><strong>Amigo do ambiente e sustent\u00e1vel<\/strong>: Fabricado a partir de uma mistura de fibra de madeira reciclada e pl\u00e1stico, o nosso painel de veda\u00e7\u00e3o \u00e9 uma alternativa ecol\u00f3gica \u00e0s veda\u00e7\u00f5es de madeira tradicionais. Contribui para reduzir os res\u00edduos e promover a sustentabilidade.<\/p>\n<\/li>\n<li>\n<p id=\"\"><strong>Apelo est\u00e9tico<\/strong>: O painel de veda\u00e7\u00e3o apresenta um design elegante e moderno que complementa qualquer estilo de jardim. A sua textura de gr\u00e3o de madeira natural acrescenta um toque de calor e eleg\u00e2ncia ao seu espa\u00e7o exterior.<\/p>\n<\/li>\n<li>\n<p id=\"\"><strong>Vers\u00e1til e personaliz\u00e1vel<\/strong>: Dispon\u00edvel em v\u00e1rios tamanhos e estilos, o nosso painel de veda\u00e7\u00e3o WPC pode ser adaptado \u00e0s suas necessidades espec\u00edficas de design de jardim. Tamb\u00e9m pode ser pintado ou manchado para combinar com o esquema de cores desejado.<\/p>\n<\/li>\n<\/ol>\n<hr \/>\n<h4>Aplica\u00e7\u00f5es<\/h4>\n<ul>\n<li><strong>Limites do jardim<\/strong>: Defina os limites do seu espa\u00e7o de jardim com o nosso painel de veda\u00e7\u00e3o WPC elegante e duradouro.<\/li>\n<li><strong>Ecr\u00e3s de privacidade<\/strong>: Utilize o painel de veda\u00e7\u00e3o como um ecr\u00e3 de privacidade para criar \u00e1reas \u00edntimas e isoladas no seu jardim.<\/li>\n<li><strong>Elementos decorativos<\/strong>: Incorporar o painel de veda\u00e7\u00e3o no design do seu jardim como um elemento decorativo para melhorar a sua atra\u00e7\u00e3o geral.<\/li>\n<\/ul>\n<hr \/>\n<h4>Especifica\u00e7\u00f5es<\/h4>\n<ul>\n<li><strong>Material<\/strong>: Comp\u00f3sito de madeira e pl\u00e1stico (WPC)<\/li>\n<li><strong>Dimens\u00f5es<\/strong>: V\u00e1rios tamanhos dispon\u00edveis para se adaptarem \u00e0s necessidades de design do seu jardim<\/li>\n<li><strong>Cor<\/strong>: Textura de gr\u00e3o de madeira natural com op\u00e7\u00f5es de cores personaliz\u00e1veis<\/li>\n<li><strong>Peso<\/strong>: Leve para facilitar o manuseamento e a instala\u00e7\u00e3o<\/li>\n<li><strong>Resist\u00eancia \u00e0s intemp\u00e9ries<\/strong>: Resistente \u00e0 podrid\u00e3o, ao apodrecimento e \u00e0 infesta\u00e7\u00e3o por insectos<\/li>\n<li><strong>Durabilidade<\/strong>: Desempenho de longa dura\u00e7\u00e3o em v\u00e1rias condi\u00e7\u00f5es climat\u00e9ricas<\/li>\n<\/ul>\n<hr \/>\n<h4>Benef\u00edcios<\/h4>\n<ul>\n<li><strong>Melhoria da est\u00e9tica do jardim<\/strong>: D\u00ea um toque de sofistica\u00e7\u00e3o e eleg\u00e2ncia ao design do seu jardim com o nosso elegante painel de veda\u00e7\u00e3o WPC.<\/li>\n<li><strong>Manuten\u00e7\u00e3o reduzida<\/strong>: O material dur\u00e1vel e resistente \u00e0s intemp\u00e9ries requer uma manuten\u00e7\u00e3o m\u00ednima, poupando-lhe tempo e dinheiro.<\/li>\n<li><strong>Escolha sustent\u00e1vel<\/strong>: Escolha o nosso painel de veda\u00e7\u00e3o WPC ecol\u00f3gico para contribuir para a sustentabilidade ambiental.<\/li>\n<\/ul>\n<hr \/>\n<h4>Instala\u00e7\u00e3o<\/h4>\n<p id=\"\">A instala\u00e7\u00e3o do nosso painel de veda\u00e7\u00e3o leve em WPC \u00e9 r\u00e1pida e f\u00e1cil. Siga as instru\u00e7\u00f5es fornecidas para um processo de instala\u00e7\u00e3o sem problemas. Para obter assist\u00eancia adicional, a nossa equipa de apoio ao cliente est\u00e1 sempre pronta a ajudar.<\/p>\n<hr \/>\n<h4>Contactar-nos<\/h4>\n<p id=\"\">Para mais informa\u00e7\u00f5es sobre o nosso painel de veda\u00e7\u00e3o WPC leve para design de jardim, n\u00e3o hesite em contactar-nos. Estamos empenhados em fornecer-lhe produtos de alta qualidade e um servi\u00e7o de apoio ao cliente excecional.<\/p>\n<p>Painel de veda\u00e7\u00e3o WPC leve<\/p>\n<h3>Op\u00e7\u00f5es de cores<\/h3>\n<p>Painel de veda\u00e7\u00e3o WPC leve para design de jardim<\/p>\n<figure id=\"attachment_20293\" aria-describedby=\"caption-attachment-20293\" style=\"width: 1024px\" class=\"wp-caption alignnone\"><img loading=\"lazy\" decoding=\"async\" class=\"wp-image-20293\" src=\"https:\/\/meterny.com\/wp-content\/uploads\/2024\/10\/METE-Series-Colour-151.png\" alt=\"Op\u00e7\u00f5es de cores da veda\u00e7\u00e3o Meterny WPC\" width=\"1024\" height=\"1024\" srcset=\"https:\/\/meterny.com\/wp-content\/uploads\/2024\/10\/METE-Series-Colour-151.png 900w, https:\/\/meterny.com\/wp-content\/uploads\/2024\/10\/METE-Series-Colour-151-300x300.png 300w, https:\/\/meterny.com\/wp-content\/uploads\/2024\/10\/METE-Series-Colour-151-150x150.png 150w, https:\/\/meterny.com\/wp-content\/uploads\/2024\/10\/METE-Series-Colour-151-768x768.png 768w, https:\/\/meterny.com\/wp-content\/uploads\/2024\/10\/METE-Series-Colour-151-600x600.png 600w, https:\/\/meterny.com\/wp-content\/uploads\/2024\/10\/METE-Series-Colour-151-100x100.png 100w\" sizes=\"auto, (max-width: 1024px) 100vw, 1024px\" \/><figcaption id=\"caption-attachment-20293\" class=\"wp-caption-text\">Explorar Veda\u00e7\u00e3o WPC Meterny - Nove op\u00e7\u00f5es de cores deslumbrantes para todos os estilos<\/figcaption><\/figure>\n<p>Dispon\u00edvel em nove cores distintas, o METE1800H1850 oferece op\u00e7\u00f5es de design vers\u00e1teis que se adaptam a qualquer jardim ou ambiente exterior. Escolha entre duas texturas de superf\u00edcie: tiras cl\u00e1ssicas ou elegantes gr\u00e3os de madeira, para complementar a sua paisagem na perfei\u00e7\u00e3o. Personalize o comprimento para se adaptar \u00e0s suas necessidades espec\u00edficas, assegurando uma instala\u00e7\u00e3o \u00e0 medida e sem falhas.<\/p>\n<h3>Se quiser saber mais pormenores, clique neste link do youtube:<a href=\"https:\/\/youtu.be\/RGAiGBOFKeo\" target=\"_blank\" rel=\"noopener\">https:\/\/youtu.be\/RGAiGBOFKeo<\/a><\/h3>\n<p>&nbsp;<\/p>\n<h3>Galeria<\/h3>\n<p>Painel de veda\u00e7\u00e3o WPC leve para design de jardim<\/p>\n<figure id=\"attachment_17473\" aria-describedby=\"caption-attachment-17473\" style=\"width: 1024px\" class=\"wp-caption alignnone\"><img loading=\"lazy\" decoding=\"async\" class=\"wp-image-17473\" src=\"https:\/\/meterny.com\/wp-content\/uploads\/2024\/05\/A8c1e1d3dd6f44e7dbfc53b1a81cccee3q-1.png\" alt=\"Veda\u00e7\u00f5es em WPC com textura de madeira natural\" width=\"1024\" height=\"1024\" srcset=\"https:\/\/meterny.com\/wp-content\/uploads\/2024\/05\/A8c1e1d3dd6f44e7dbfc53b1a81cccee3q-1.png 800w, https:\/\/meterny.com\/wp-content\/uploads\/2024\/05\/A8c1e1d3dd6f44e7dbfc53b1a81cccee3q-1-300x300.png 300w, https:\/\/meterny.com\/wp-content\/uploads\/2024\/05\/A8c1e1d3dd6f44e7dbfc53b1a81cccee3q-1-150x150.png 150w, https:\/\/meterny.com\/wp-content\/uploads\/2024\/05\/A8c1e1d3dd6f44e7dbfc53b1a81cccee3q-1-768x768.png 768w, https:\/\/meterny.com\/wp-content\/uploads\/2024\/05\/A8c1e1d3dd6f44e7dbfc53b1a81cccee3q-1-600x600.png 600w, https:\/\/meterny.com\/wp-content\/uploads\/2024\/05\/A8c1e1d3dd6f44e7dbfc53b1a81cccee3q-1-100x100.png 100w\" sizes=\"auto, (max-width: 1024px) 100vw, 1024px\" \/><figcaption id=\"caption-attachment-17473\" class=\"wp-caption-text\">O futuro das veda\u00e7\u00f5es para exteriores: Elegantes, fortes e sustent\u00e1veis<\/figcaption><\/figure>\n<p>Painel de veda\u00e7\u00e3o WPC leve para design de jardim<\/p>\n<figure id=\"attachment_17493\" aria-describedby=\"caption-attachment-17493\" style=\"width: 1024px\" class=\"wp-caption alignnone\"><img loading=\"lazy\" decoding=\"async\" class=\"wp-image-17493\" src=\"https:\/\/meterny.com\/wp-content\/uploads\/2024\/10\/1-5zhu.jpg\" alt=\"Veda\u00e7\u00e3o de comp\u00f3sito de madeira e pl\u00e1stico para paisagismo\" width=\"1024\" height=\"1024\" srcset=\"https:\/\/meterny.com\/wp-content\/uploads\/2024\/10\/1-5zhu.jpg 800w, https:\/\/meterny.com\/wp-content\/uploads\/2024\/10\/1-5zhu-300x300.jpg 300w, https:\/\/meterny.com\/wp-content\/uploads\/2024\/10\/1-5zhu-150x150.jpg 150w, https:\/\/meterny.com\/wp-content\/uploads\/2024\/10\/1-5zhu-768x768.jpg 768w, https:\/\/meterny.com\/wp-content\/uploads\/2024\/10\/1-5zhu-600x600.jpg 600w, https:\/\/meterny.com\/wp-content\/uploads\/2024\/10\/1-5zhu-100x100.jpg 100w\" sizes=\"auto, (max-width: 1024px) 100vw, 1024px\" \/><figcaption id=\"caption-attachment-17493\" class=\"wp-caption-text\">Criar limites com confian\u00e7a utilizando solu\u00e7\u00f5es de veda\u00e7\u00e3o WPC<\/figcaption><\/figure>\n<h3>Dur\u00e1vel e \u00e0 prova de \u00e1gua<\/h3>\n<p>Fabricada com tecnologia avan\u00e7ada de eco-extrus\u00e3o, esta veda\u00e7\u00e3o foi constru\u00edda para durar. As suas propriedades \u00e0 prova de \u00e1gua fazem dela a escolha ideal para todas as condi\u00e7\u00f5es climat\u00e9ricas, garantindo longevidade e manuten\u00e7\u00e3o m\u00ednima. Os pilares de alum\u00ednio proporcionam uma estabilidade extra, tornando-a uma solu\u00e7\u00e3o de veda\u00e7\u00e3o fi\u00e1vel e robusta para qualquer jardim.<\/p>\n<p>Instala\u00e7\u00f5es Acess\u00f3rios<\/p>\n<figure id=\"attachment_17165\" aria-describedby=\"caption-attachment-17165\" style=\"width: 1024px\" class=\"wp-caption alignnone\"><img loading=\"lazy\" decoding=\"async\" class=\"wp-image-17165\" src=\"https:\/\/meterny.com\/wp-content\/uploads\/2024\/05\/Heef5f4fd9e2c4c9a9145a852eb0aedceQ-1.png\" alt=\"Acess\u00f3rios completos para a instala\u00e7\u00e3o de veda\u00e7\u00f5es WPC\" width=\"1024\" height=\"1054\" srcset=\"https:\/\/meterny.com\/wp-content\/uploads\/2024\/05\/Heef5f4fd9e2c4c9a9145a852eb0aedceQ-1.png 923w, https:\/\/meterny.com\/wp-content\/uploads\/2024\/05\/Heef5f4fd9e2c4c9a9145a852eb0aedceQ-1-291x300.png 291w, https:\/\/meterny.com\/wp-content\/uploads\/2024\/05\/Heef5f4fd9e2c4c9a9145a852eb0aedceQ-1-768x790.png 768w, https:\/\/meterny.com\/wp-content\/uploads\/2024\/05\/Heef5f4fd9e2c4c9a9145a852eb0aedceQ-1-600x618.png 600w\" sizes=\"auto, (max-width: 1024px) 100vw, 1024px\" \/><figcaption id=\"caption-attachment-17165\" class=\"wp-caption-text\">Acess\u00f3rios de instala\u00e7\u00e3o de veda\u00e7\u00f5es WPC tudo-em-um para uma montagem sem esfor\u00e7o<\/figcaption><\/figure>\n<h3>Por que escolher o Painel para Cerca de WPC Leve METE1800H1850?<\/h3>\n<p id=\"\">A escolha do painel de veda\u00e7\u00e3o leve em WPC (Wood Plastic Composite) METE1800H1850 oferece uma multiplicidade de vantagens que o tornam a escolha ideal para a conce\u00e7\u00e3o de jardins e necessidades de veda\u00e7\u00e3o no exterior. Aqui est\u00e3o algumas raz\u00f5es convincentes para selecionar este produto:<\/p>\n<ol>\n<li><strong>Leve e f\u00e1cil de instalar<\/strong>:\n<ul>\n<li>O painel de veda\u00e7\u00e3o METE1800H1850 WPC \u00e9 leve, o que facilita o seu manuseamento e instala\u00e7\u00e3o em compara\u00e7\u00e3o com as veda\u00e7\u00f5es tradicionais de madeira ou metal.<\/li>\n<li>Isto reduz o tempo de instala\u00e7\u00e3o e os custos de m\u00e3o de obra, permitindo-lhe desfrutar da sua nova veda\u00e7\u00e3o mais cedo.<\/li>\n<\/ul>\n<\/li>\n<li><strong>Durabilidade e resist\u00eancia \u00e0s intemp\u00e9ries<\/strong>:\n<ul>\n<li>Fabricado em material WPC de alta qualidade, o painel de veda\u00e7\u00e3o foi concebido para resistir a v\u00e1rias condi\u00e7\u00f5es climat\u00e9ricas, incluindo chuva, neve, sol e vento.<\/li>\n<li>Resiste \u00e0 podrid\u00e3o, ao apodrecimento e \u00e0 infesta\u00e7\u00e3o por insectos, garantindo um desempenho duradouro e reduzindo a necessidade de repara\u00e7\u00f5es ou substitui\u00e7\u00f5es frequentes.<\/li>\n<\/ul>\n<\/li>\n<li><strong>Ecol\u00f3gico e sustent\u00e1vel<\/strong>:\n<ul>\n<li>O painel de veda\u00e7\u00e3o METE1800H1850 \u00e9 fabricado a partir de uma mistura de fibra de madeira reciclada e pl\u00e1stico, o que o torna uma alternativa ecol\u00f3gica aos materiais de veda\u00e7\u00e3o tradicionais.<\/li>\n<li>Ao escolher este produto, est\u00e1 a contribuir para reduzir os res\u00edduos e promover a sustentabilidade.<\/li>\n<\/ul>\n<\/li>\n<li><strong>Apelo est\u00e9tico<\/strong>:\n<ul>\n<li>O painel de veda\u00e7\u00e3o apresenta um design elegante e moderno que complementa qualquer estilo de jardim.<\/li>\n<li>A sua textura de gr\u00e3o de madeira natural d\u00e1 um toque de calor e eleg\u00e2ncia ao seu espa\u00e7o exterior, melhorando a est\u00e9tica geral do seu jardim.<\/li>\n<\/ul>\n<\/li>\n<li><strong>Manuten\u00e7\u00e3o reduzida<\/strong>:\n<ul>\n<li>O material dur\u00e1vel e resistente \u00e0s intemp\u00e9ries do painel de veda\u00e7\u00e3o METE1800H1850 requer uma manuten\u00e7\u00e3o m\u00ednima.<\/li>\n<li>Isto poupa-lhe tempo e dinheiro, uma vez que n\u00e3o precisa de limpar, pintar ou tingir frequentemente a veda\u00e7\u00e3o para a manter com o seu melhor aspeto.<\/li>\n<\/ul>\n<\/li>\n<li><strong>Versatilidade e possibilidade de personaliza\u00e7\u00e3o<\/strong>:\n<ul>\n<li>O painel de veda\u00e7\u00e3o est\u00e1 dispon\u00edvel em v\u00e1rios tamanhos e estilos, permitindo-lhe adapt\u00e1-lo \u00e0s suas necessidades espec\u00edficas de conce\u00e7\u00e3o do jardim.<\/li>\n<li>Tamb\u00e9m pode ser pintado ou tingido para corresponder ao esquema de cores pretendido, proporcionando uma flexibilidade adicional na cria\u00e7\u00e3o de um aspeto coeso para o seu espa\u00e7o exterior.<\/li>\n<\/ul>\n<\/li>\n<li><strong>Rent\u00e1vel<\/strong>:\n<ul>\n<li>Embora o investimento inicial num painel de veda\u00e7\u00e3o METE1800H1850 WPC possa ser compar\u00e1vel ou ligeiramente superior a algumas op\u00e7\u00f5es de veda\u00e7\u00e3o tradicionais, a sua durabilidade a longo prazo e os baixos requisitos de manuten\u00e7\u00e3o fazem dele uma escolha rent\u00e1vel a longo prazo.<\/li>\n<\/ul>\n<\/li>\n<\/ol>\n<p id=\"\">Em conclus\u00e3o, o Painel de Veda\u00e7\u00e3o WPC Leve METE1800H1850 oferece uma combina\u00e7\u00e3o de durabilidade, respeito pelo ambiente, atrativo est\u00e9tico e baixa manuten\u00e7\u00e3o que o torna uma excelente escolha para o design de jardins e necessidades de veda\u00e7\u00f5es exteriores. O seu design leve e a facilidade de instala\u00e7\u00e3o aumentam ainda mais o seu atrativo, tornando-o uma adi\u00e7\u00e3o pr\u00e1tica e elegante a qualquer espa\u00e7o exterior.<\/p>","protected":false},"excerpt":{"rendered":"<h3>Carater\u00edsticas principais:<\/h3>\n<p>\u00c0 prova de \u00e1gua e resistente \u00e0s intemp\u00e9ries: Ideal para utiliza\u00e7\u00e3o no exterior em todos os climas.<br \/>\nMateriais amigos do ambiente: Sustent\u00e1vel e consciente do ambiente.<br \/>\nComprimento personaliz\u00e1vel: Adaptado para se ajustar \u00e0s dimens\u00f5es espec\u00edficas do seu jardim.<br \/>\nManuten\u00e7\u00e3o reduzida: F\u00e1cil de limpar e manter, ao contr\u00e1rio da madeira tradicional.<br \/>\nOp\u00e7\u00f5es de superf\u00edcie dupla: Escolha entre elegantes gr\u00e3os de madeira ou tiras cl\u00e1ssicas para um aspeto personalizado.<br \/>\nEstabilidade melhorada: Refor\u00e7ado com pilares de alum\u00ednio dur\u00e1veis para maior resist\u00eancia e seguran\u00e7a.<\/p>\n<h3>Aplica\u00e7\u00f5es:<\/h3>\n<p>Perfeita para delimita\u00e7\u00e3o de jardins, divis\u00f3rias de privacidade e solu\u00e7\u00f5es de veda\u00e7\u00e3o decorativas.<\/p>","protected":false},"featured_media":17492,"comment_status":"open","ping_status":"closed","template":"","meta":{"_uag_custom_page_level_css":"","site-sidebar-layout":"default","site-content-layout":"","ast-site-content-layout":"default","site-content-style":"default","site-sidebar-style":"default","ast-global-header-display":"","ast-banner-title-visibility":"","ast-main-header-display":"","ast-hfb-above-header-display":"","ast-hfb-below-header-display":"","ast-hfb-mobile-header-display":"","site-post-title":"","ast-breadcrumbs-content":"","ast-featured-img":"","footer-sml-layout":"","theme-transparent-header-meta":"default","adv-header-id-meta":"","stick-header-meta":"default","header-above-stick-meta":"","header-main-stick-meta":"","header-below-stick-meta":"","astra-migrate-meta-layouts":"set","ast-page-background-enabled":"default","ast-page-background-meta":{"desktop":{"background-color":"var(--ast-global-color-4)","background-image":"","background-repeat":"repeat","background-position":"center center","background-size":"auto","background-attachment":"scroll","background-type":"","background-media":"","overlay-type":"","overlay-color":"","overlay-opacity":"","overlay-gradient":""},"tablet":{"background-color":"","background-image":"","background-repeat":"repeat","background-position":"center center","background-size":"auto","background-attachment":"scroll","background-type":"","background-media":"","overlay-type":"","overlay-color":"","overlay-opacity":"","overlay-gradient":""},"mobile":{"background-color":"","background-image":"","background-repeat":"repeat","background-position":"center center","background-size":"auto","background-attachment":"scroll","background-type":"","background-media":"","overlay-type":"","overlay-color":"","overlay-opacity":"","overlay-gradient":""}},"ast-content-background-meta":{"desktop":{"background-color":"var(--ast-global-color-5)","background-image":"","background-repeat":"repeat","background-position":"center center","background-size":"auto","background-attachment":"scroll","background-type":"","background-media":"","overlay-type":"","overlay-color":"","overlay-opacity":"","overlay-gradient":""},"tablet":{"background-color":"var(--ast-global-color-5)","background-image":"","background-repeat":"repeat","background-position":"center center","background-size":"auto","background-attachment":"scroll","background-type":"","background-media":"","overlay-type":"","overlay-color":"","overlay-opacity":"","overlay-gradient":""},"mobile":{"background-color":"var(--ast-global-color-5)","background-image":"","background-repeat":"repeat","background-position":"center center","background-size":"auto","background-attachment":"scroll","background-type":"","background-media":"","overlay-type":"","overlay-color":"","overlay-opacity":"","overlay-gradient":""}}},"product_brand":[],"product_cat":[18],"product_tag":[186,187,188,185],"class_list":{"0":"post-20297","1":"product","2":"type-product","3":"status-publish","4":"has-post-thumbnail","6":"product_cat-uncategorized","7":"product_tag-aluminum-fence","8":"product_tag-exterior-fence","9":"product_tag-garden-fence","10":"product_tag-wpc-fence","11":"desktop-align-center","12":"tablet-align-left","13":"mobile-align-left","14":"ast-product-gallery-layout-horizontal-slider","15":"ast-product-tabs-layout-vertical","17":"first","18":"instock","19":"shipping-taxable","20":"product-type-simple"},"uagb_featured_image_src":{"full":["https:\/\/meterny.com\/wp-content\/uploads\/2024\/10\/\u90a6\u82f13-1ZHU.jpg",800,800,false],"thumbnail":["https:\/\/meterny.com\/wp-content\/uploads\/2024\/10\/\u90a6\u82f13-1ZHU-150x150.jpg",150,150,true],"medium":["https:\/\/meterny.com\/wp-content\/uploads\/2024\/10\/\u90a6\u82f13-1ZHU-300x300.jpg",300,300,true],"medium_large":["https:\/\/meterny.com\/wp-content\/uploads\/2024\/10\/\u90a6\u82f13-1ZHU-768x768.jpg",768,768,true],"large":["https:\/\/meterny.com\/wp-content\/uploads\/2024\/10\/\u90a6\u82f13-1ZHU.jpg",800,800,false],"1536x1536":["https:\/\/meterny.com\/wp-content\/uploads\/2024\/10\/\u90a6\u82f13-1ZHU.jpg",800,800,false],"2048x2048":["https:\/\/meterny.com\/wp-content\/uploads\/2024\/10\/\u90a6\u82f13-1ZHU.jpg",800,800,false],"trp-custom-language-flag":["https:\/\/meterny.com\/wp-content\/uploads\/2024\/10\/\u90a6\u82f13-1ZHU.jpg",12,12,false],"woocommerce_thumbnail":["https:\/\/meterny.com\/wp-content\/uploads\/2024\/10\/\u90a6\u82f13-1ZHU-300x300.jpg",300,300,true],"woocommerce_single":["https:\/\/meterny.com\/wp-content\/uploads\/2024\/10\/\u90a6\u82f13-1ZHU-600x600.jpg",600,600,true],"woocommerce_gallery_thumbnail":["https:\/\/meterny.com\/wp-content\/uploads\/2024\/10\/\u90a6\u82f13-1ZHU-100x100.jpg",100,100,true]},"uagb_author_info":{"display_name":"meterny","author_link":"https:\/\/meterny.com\/pt\/author\/"},"uagb_comment_info":0,"uagb_excerpt":"Key Features: Waterproof and Weather-Resistant: Ideal for outdoor use in all climates. Eco-Friendly Materials: Sustainable and environmentally conscious. Customizable Length: Tailored to fit your garden's specific dimensions. Low Maintenance: Easy to clean and maintain, unlike traditional wood. Dual Surface Options: Choose between elegant wood grains or classic strips for a personalized look. Enhanced Stability: Reinforced&hellip;","_links":{"self":[{"href":"https:\/\/meterny.com\/pt\/wp-json\/wp\/v2\/product\/20297","targetHints":{"allow":["GET"]}}],"collection":[{"href":"https:\/\/meterny.com\/pt\/wp-json\/wp\/v2\/product"}],"about":[{"href":"https:\/\/meterny.com\/pt\/wp-json\/wp\/v2\/types\/product"}],"replies":[{"embeddable":true,"href":"https:\/\/meterny.com\/pt\/wp-json\/wp\/v2\/comments?post=20297"}],"wp:featuredmedia":[{"embeddable":true,"href":"https:\/\/meterny.com\/pt\/wp-json\/wp\/v2\/media\/17492"}],"wp:attachment":[{"href":"https:\/\/meterny.com\/pt\/wp-json\/wp\/v2\/media?parent=20297"}],"wp:term":[{"taxonomy":"product_brand","embeddable":true,"href":"https:\/\/meterny.com\/pt\/wp-json\/wp\/v2\/product_brand?post=20297"},{"taxonomy":"product_cat","embeddable":true,"href":"https:\/\/meterny.com\/pt\/wp-json\/wp\/v2\/product_cat?post=20297"},{"taxonomy":"product_tag","embeddable":true,"href":"https:\/\/meterny.com\/pt\/wp-json\/wp\/v2\/product_tag?post=20297"}],"curies":[{"name":"wp","href":"https:\/\/api.w.org\/{rel}","templated":true}]}}