{"id":20308,"date":"2024-12-15T13:53:10","date_gmt":"2024-12-15T13:53:10","guid":{"rendered":"https:\/\/meterny.com\/?post_type=product&#038;p=20308"},"modified":"2025-01-18T09:22:42","modified_gmt":"2025-01-18T09:22:42","slug":"versatile-two-tone-flooring","status":"publish","type":"product","link":"https:\/\/meterny.com\/pt\/produto\/versatile-two-tone-flooring\/","title":{"rendered":"Pavimentos vers\u00e1teis em dois tons Pavimentos WPC sustent\u00e1veis"},"content":{"rendered":"<div class=\"elementor-element elementor-element-c0e1d42 elementor-widget elementor-widget-heading\" data-id=\"c0e1d42\" data-element_type=\"widget\" data-widget_type=\"heading.default\">\n<div class=\"elementor-widget-container\">\n<h2 class=\"elementor-heading-title elementor-size-default\" style=\"text-align: center;\">Pavimento vers\u00e1til de dois tons Pavimento WPC sustent\u00e1vel Especifica\u00e7\u00e3o<\/h2>\n<\/div>\n<\/div>\n<div class=\"elementor-element elementor-element-1f676da elementor-widget elementor-widget-heading\" data-id=\"1f676da\" data-element_type=\"widget\" data-widget_type=\"heading.default\">\n<p id=\"\"><strong>Nome do produto<\/strong>: Pavimentos vers\u00e1teis em dois tons<\/p>\n<p id=\"\"><strong>Marca<\/strong>: Meterny<\/p>\n<p id=\"\"><strong>Vis\u00e3o geral do produto<\/strong>:<\/p>\n<p id=\"\">O Versatile Two-Tone Flooring combina a eleg\u00e2ncia de um design de dois tons com a durabilidade e o car\u00e1cter pr\u00e1tico das solu\u00e7\u00f5es de pavimento modernas. Esta op\u00e7\u00e3o de pavimento inovadora oferece um atrativo visual \u00fanico que pode transformar qualquer espa\u00e7o num ambiente elegante e sofisticado.<\/p>\n<p><strong>Modelo<\/strong>: METE140H25<br \/>\n<strong>Tipo<\/strong>: Deck\/Pavimento WPC<br \/>\n<strong>Tamanho<\/strong>: 140\u00d725mm<\/p>\n<p><strong>Superf\u00edcie<\/strong>: Gr\u00e3os rectos<br \/>\n<strong>Comprimento<\/strong>: 2.9m ou Personalizado<br \/>\n<strong>Material<\/strong>: Comp\u00f3sito de madeira e pl\u00e1stico<br \/>\n<strong>Tecnologia de produtos<\/strong>: Eco-extrus\u00e3o<\/p>\n<figure id=\"attachment_17402\" aria-describedby=\"caption-attachment-17402\" style=\"width: 1024px\" class=\"wp-caption alignnone\"><img loading=\"lazy\" decoding=\"async\" class=\"wp-image-17402\" src=\"https:\/\/meterny.com\/wp-content\/uploads\/2024\/03\/14-3.png\" alt=\"Pavimento vers\u00e1til em dois tons\" width=\"1024\" height=\"1024\" srcset=\"https:\/\/meterny.com\/wp-content\/uploads\/2024\/03\/14-3.png 800w, https:\/\/meterny.com\/wp-content\/uploads\/2024\/03\/14-3-300x300.png 300w, https:\/\/meterny.com\/wp-content\/uploads\/2024\/03\/14-3-150x150.png 150w, https:\/\/meterny.com\/wp-content\/uploads\/2024\/03\/14-3-768x768.png 768w, https:\/\/meterny.com\/wp-content\/uploads\/2024\/03\/14-3-600x600.png 600w, https:\/\/meterny.com\/wp-content\/uploads\/2024\/03\/14-3-100x100.png 100w\" sizes=\"auto, (max-width: 1024px) 100vw, 1024px\" \/><figcaption id=\"caption-attachment-17402\" class=\"wp-caption-text\">Pavimento WPC de dois tons: Uma fus\u00e3o elegante de funcionalidade e design<\/figcaption><\/figure>\n<p id=\"\"><strong>Carater\u00edsticas principais<\/strong>:<\/p>\n<ol>\n<li><strong>Design em dois tons<\/strong>:\n<ul>\n<li>O pavimento apresenta uma combina\u00e7\u00e3o de duas cores marcantes que acrescenta profundidade e interesse visual \u00e0 divis\u00e3o.<\/li>\n<li>Dispon\u00edvel em v\u00e1rios esquemas de cores para combinar com diferentes estilos de decora\u00e7\u00e3o de interiores.<\/li>\n<\/ul>\n<\/li>\n<li><strong>Alta durabilidade<\/strong>:\n<ul>\n<li>Fabricado com materiais de alta qualidade, resistentes ao desgaste, aos riscos e \u00e0s manchas.<\/li>\n<li>Concebida para resistir ao tr\u00e1fego pedonal intenso e ao desgaste di\u00e1rio, garantindo uma beleza duradoura.<\/li>\n<\/ul>\n<\/li>\n<li><strong>Resist\u00eancia \u00e0 \u00e1gua e \u00e0 humidade<\/strong>:\n<ul>\n<li>Possui propriedades \u00e0 prova de \u00e1gua e de humidade, tornando-o adequado para utiliza\u00e7\u00e3o em ambientes h\u00famidos.<\/li>\n<li>Perfeito para cozinhas, casas de banho e outras \u00e1reas propensas a derrames de \u00e1gua.<\/li>\n<\/ul>\n<\/li>\n<li><strong>Instala\u00e7\u00e3o f\u00e1cil<\/strong>:\n<ul>\n<li>Inclui um sistema de bloqueio inovador que simplifica o processo de instala\u00e7\u00e3o.<\/li>\n<li>N\u00e3o s\u00e3o necess\u00e1rias ferramentas ou compet\u00eancias especiais, o que faz com que seja uma op\u00e7\u00e3o de bricolage.<\/li>\n<\/ul>\n<\/li>\n<li><strong>Amigo do ambiente<\/strong>:\n<ul>\n<li>Fabricado com materiais e processos ecol\u00f3gicos.<\/li>\n<li>Apoia o desenvolvimento sustent\u00e1vel e reduz o impacto ambiental.<\/li>\n<\/ul>\n<\/li>\n<li><strong>Aplica\u00e7\u00f5es vers\u00e1teis<\/strong>:\n<ul>\n<li>Adequado para v\u00e1rios ambientes interiores, incluindo casas, escrit\u00f3rios, lojas de retalho e muito mais.<\/li>\n<li>Melhora o aspeto est\u00e9tico de qualquer espa\u00e7o, criando uma atmosfera acolhedora e elegante.<\/li>\n<\/ul>\n<\/li>\n<li><strong>Manuten\u00e7\u00e3o e limpeza<\/strong>:\n<ul>\n<li>F\u00e1cil de limpar e manter, necessitando apenas de varrer ou aspirar regularmente e de passar uma esfregona ocasional.<\/li>\n<li>Resistente \u00e0s manchas e \u00e0 sujidade, \u00e9 uma op\u00e7\u00e3o que requer pouca manuten\u00e7\u00e3o.<\/li>\n<\/ul>\n<\/li>\n<\/ol>\n<p id=\"\"><strong>Especifica\u00e7\u00f5es t\u00e9cnicas<\/strong>:<\/p>\n<ul>\n<li>Material: PVC de alta qualidade (ou outro material adequado com base no produto efetivo)<\/li>\n<li>Espessura: Varia de acordo com a sele\u00e7\u00e3o do produto<\/li>\n<li>Largura: op\u00e7\u00f5es standard ou personaliz\u00e1veis dispon\u00edveis<\/li>\n<li>Comprimento: Varia de acordo com a sele\u00e7\u00e3o de produtos<\/li>\n<li>Op\u00e7\u00f5es de cores: V\u00e1rias combina\u00e7\u00f5es de dois tons \u00e0 escolha<\/li>\n<li>M\u00e9todo de instala\u00e7\u00e3o: Sistema de bloqueio para uma instala\u00e7\u00e3o f\u00e1cil<\/li>\n<\/ul>\n<p id=\"\"><strong>Informa\u00e7\u00f5es sobre a garantia<\/strong>:<\/p>\n<ul>\n<li>Garantia abrangente que cobre defeitos de fabrico e problemas de instala\u00e7\u00e3o.<\/li>\n<li>Contacte o servi\u00e7o de apoio ao cliente para obter informa\u00e7\u00f5es pormenorizadas e o processo de reclama\u00e7\u00e3o.<\/li>\n<\/ul>\n<p id=\"\"><strong>Informa\u00e7\u00f5es de contacto<\/strong>:<\/p>\n<ul>\n<li>Linha direta do servi\u00e7o de apoio ao cliente: +86 18566054354<\/li>\n<li>Correio eletr\u00f3nico: [damon@meterny.com]<\/li>\n<li>S\u00edtio Web: [meterny.com]<\/li>\n<\/ul>\n<h3>Se quiser saber mais pormenores, clique neste link do youtube:<a href=\"https:\/\/youtu.be\/-raUFt_4f7Y\" target=\"_blank\" rel=\"noopener\">https:\/\/youtu.be\/-raUFt_4f7Y<\/a><\/h3>\n<p>&nbsp;<\/p>\n<h3>Galeria<\/h3>\n<figure id=\"attachment_17415\" aria-describedby=\"caption-attachment-17415\" style=\"width: 1024px\" class=\"wp-caption alignnone\"><img loading=\"lazy\" decoding=\"async\" class=\"wp-image-17415\" src=\"https:\/\/meterny.com\/wp-content\/uploads\/2024\/10\/Teak.png\" alt=\"Pavimentos WPC personalizados para projectos exteriores de alto n\u00edvel\" width=\"1024\" height=\"1024\" srcset=\"https:\/\/meterny.com\/wp-content\/uploads\/2024\/10\/Teak.png 800w, https:\/\/meterny.com\/wp-content\/uploads\/2024\/10\/Teak-300x300.png 300w, https:\/\/meterny.com\/wp-content\/uploads\/2024\/10\/Teak-150x150.png 150w, https:\/\/meterny.com\/wp-content\/uploads\/2024\/10\/Teak-768x768.png 768w, https:\/\/meterny.com\/wp-content\/uploads\/2024\/10\/Teak-600x600.png 600w, https:\/\/meterny.com\/wp-content\/uploads\/2024\/10\/Teak-100x100.png 100w\" sizes=\"auto, (max-width: 1024px) 100vw, 1024px\" \/><figcaption id=\"caption-attachment-17415\" class=\"wp-caption-text\">Pavimentos WPC personalizados: Concebido para espa\u00e7os exteriores de alto n\u00edvel.<\/figcaption><\/figure>\n<figure id=\"attachment_17413\" aria-describedby=\"caption-attachment-17413\" style=\"width: 1024px\" class=\"wp-caption alignnone\"><img loading=\"lazy\" decoding=\"async\" class=\"wp-image-17413\" src=\"https:\/\/meterny.com\/wp-content\/uploads\/2024\/10\/1-9.jpg\" alt=\"Pavimento WPC \u00e0 prova de \u00e1gua para decks exteriores\" width=\"1024\" height=\"1024\" srcset=\"https:\/\/meterny.com\/wp-content\/uploads\/2024\/10\/1-9.jpg 464w, https:\/\/meterny.com\/wp-content\/uploads\/2024\/10\/1-9-300x300.jpg 300w, https:\/\/meterny.com\/wp-content\/uploads\/2024\/10\/1-9-150x150.jpg 150w, https:\/\/meterny.com\/wp-content\/uploads\/2024\/10\/1-9-100x100.jpg 100w\" sizes=\"auto, (max-width: 1024px) 100vw, 1024px\" \/><figcaption id=\"caption-attachment-17413\" class=\"wp-caption-text\">Eleve o seu espa\u00e7o exterior com o pavimento WPC dur\u00e1vel e \u00e0 prova de \u00e1gua<\/figcaption><\/figure>\n<figure id=\"attachment_17397\" aria-describedby=\"caption-attachment-17397\" style=\"width: 1024px\" class=\"wp-caption alignnone\"><img loading=\"lazy\" decoding=\"async\" class=\"wp-image-17397\" src=\"https:\/\/meterny.com\/wp-content\/uploads\/2024\/03\/5-1.png\" alt=\"Pavimento WPC Click-Lock f\u00e1cil de instalar\" width=\"1024\" height=\"1024\" srcset=\"https:\/\/meterny.com\/wp-content\/uploads\/2024\/03\/5-1.png 1062w, https:\/\/meterny.com\/wp-content\/uploads\/2024\/03\/5-1-300x300.png 300w, https:\/\/meterny.com\/wp-content\/uploads\/2024\/03\/5-1-1024x1024.png 1024w, https:\/\/meterny.com\/wp-content\/uploads\/2024\/03\/5-1-150x150.png 150w, https:\/\/meterny.com\/wp-content\/uploads\/2024\/03\/5-1-768x768.png 768w, https:\/\/meterny.com\/wp-content\/uploads\/2024\/03\/5-1-600x600.png 600w, https:\/\/meterny.com\/wp-content\/uploads\/2024\/03\/5-1-100x100.png 100w\" sizes=\"auto, (max-width: 1024px) 100vw, 1024px\" \/><figcaption id=\"caption-attachment-17397\" class=\"wp-caption-text\">Instala\u00e7\u00e3o sem complica\u00e7\u00f5es com o pavimento WPC Click-Lock<\/figcaption><\/figure>\n<p id=\"\"><strong>Sobre n\u00f3s<\/strong>:<\/p>\n<p id=\"\">Na VERSATile, dedicamo-nos a fornecer solu\u00e7\u00f5es de pavimento inovadoras e elegantes que satisfazem as diversas necessidades dos nossos clientes. O nosso pavimento Versatile Two-Tone \u00e9 apenas um exemplo do nosso compromisso com a excel\u00eancia em termos de design, durabilidade e respeito pelo ambiente. Com uma vasta gama de op\u00e7\u00f5es de cores e aplica\u00e7\u00f5es vers\u00e1teis, os nossos pavimentos s\u00e3o perfeitos para qualquer espa\u00e7o. Contacte-nos hoje para saber mais sobre os nossos produtos e servi\u00e7os.<\/p>\n<\/div>\n<div class=\"elementor-element elementor-element-1f676da elementor-widget elementor-widget-heading\" data-id=\"1f676da\" data-element_type=\"widget\" data-widget_type=\"heading.default\">\n<h3 style=\"text-align: left;\"><strong>Descri\u00e7\u00e3o<\/strong><\/h3>\n<p>O pavimento Versatile Two-Tone apresenta uma combina\u00e7\u00e3o de cores marcante que acrescenta profundidade e interesse \u00e0 divis\u00e3o. O design de dois tons cria um efeito visualmente marcante que pode melhorar a est\u00e9tica geral do seu espa\u00e7o. Com v\u00e1rios esquemas de cores \u00e0 escolha, pode facilmente encontrar uma op\u00e7\u00e3o que corresponda ao seu estilo de decora\u00e7\u00e3o interior e \u00e0s suas prefer\u00eancias pessoais.<\/p>\n<h3>Op\u00e7\u00f5es de cores<\/h3>\n<p>&nbsp;<\/p>\n<figure id=\"attachment_20293\" aria-describedby=\"caption-attachment-20293\" style=\"width: 1024px\" class=\"wp-caption alignnone\"><img loading=\"lazy\" decoding=\"async\" class=\"wp-image-20293\" src=\"https:\/\/meterny.com\/wp-content\/uploads\/2024\/10\/METE-Series-Colour-151.png\" alt=\"Op\u00e7\u00f5es de cores da veda\u00e7\u00e3o Meterny WPC\" width=\"1024\" height=\"1024\" srcset=\"https:\/\/meterny.com\/wp-content\/uploads\/2024\/10\/METE-Series-Colour-151.png 900w, https:\/\/meterny.com\/wp-content\/uploads\/2024\/10\/METE-Series-Colour-151-300x300.png 300w, https:\/\/meterny.com\/wp-content\/uploads\/2024\/10\/METE-Series-Colour-151-150x150.png 150w, https:\/\/meterny.com\/wp-content\/uploads\/2024\/10\/METE-Series-Colour-151-768x768.png 768w, https:\/\/meterny.com\/wp-content\/uploads\/2024\/10\/METE-Series-Colour-151-600x600.png 600w, https:\/\/meterny.com\/wp-content\/uploads\/2024\/10\/METE-Series-Colour-151-100x100.png 100w\" sizes=\"auto, (max-width: 1024px) 100vw, 1024px\" \/><figcaption id=\"caption-attachment-20293\" class=\"wp-caption-text\">Explorar Meterny WPC Floor- Nove op\u00e7\u00f5es de cores deslumbrantes para todos os estilos<\/figcaption><\/figure>\n<h3>Porqu\u00ea escolher o pavimento Versatile Two-Tone?<\/h3>\n<p id=\"\">As raz\u00f5es para escolher o pavimento Versatile Two-Tone (assumindo que se refere a uma marca de pavimentos que oferece um design de dois tons, como a VERSATile) podem ser elaboradas a partir de v\u00e1rios aspectos. Eis algumas das principais raz\u00f5es:<\/p>\n<h3>1. Est\u00e9tica e personaliza\u00e7\u00e3o<\/h3>\n<ul>\n<li><strong>Design em dois tons<\/strong>: O pavimento vers\u00e1til Two-Tone acrescenta profundidade e interesse visual a um espa\u00e7o atrav\u00e9s do seu design \u00fanico de dois tons. Este design n\u00e3o s\u00f3 rompe com a monotonia dos pavimentos monocrom\u00e1ticos tradicionais, como tamb\u00e9m complementa v\u00e1rios estilos de decora\u00e7\u00e3o de interiores, melhorando a est\u00e9tica geral.<\/li>\n<li><strong>Moda e novidade<\/strong>: O pavimento de dois tons apresenta frequentemente um aspeto elegante e inovador, captando a aten\u00e7\u00e3o das pessoas e tornando-se um ponto alto da decora\u00e7\u00e3o de interiores.<\/li>\n<\/ul>\n<h3>2. Durabilidade e car\u00e1cter pr\u00e1tico<\/h3>\n<ul>\n<li><strong>Materiais de alta qualidade<\/strong>: O pavimento vers\u00e1til de dois tons \u00e9 normalmente fabricado com materiais de alta qualidade que oferecem uma excelente resist\u00eancia ao desgaste, aos riscos e \u00e0s manchas. Isto significa que o pavimento pode manter a sua beleza durante longos per\u00edodos, reduzindo os custos de manuten\u00e7\u00e3o.<\/li>\n<li><strong>Resist\u00eancia \u00e0 \u00e1gua e \u00e0 humidade<\/strong>: Algumas marcas de pavimentos de dois tons, como a VERSATile, s\u00e3o resistentes \u00e0 \u00e1gua e \u00e0 humidade. Isto torna o pavimento est\u00e1vel em ambientes h\u00famidos, evitando a deforma\u00e7\u00e3o ou o crescimento de bolor.<\/li>\n<\/ul>\n<h3>3. F\u00e1cil instala\u00e7\u00e3o e manuten\u00e7\u00e3o<\/h3>\n<ul>\n<li><strong>Instala\u00e7\u00e3o c\u00f3moda<\/strong>: Os pavimentos vers\u00e1teis de dois tons t\u00eam frequentemente um processo de instala\u00e7\u00e3o simples. Algumas marcas utilizam mecanismos de bloqueio inovadores, tornando a instala\u00e7\u00e3o mais r\u00e1pida e segura.<\/li>\n<li><strong>Limpeza f\u00e1cil<\/strong>: A superf\u00edcie do pavimento de dois tons \u00e9 normalmente f\u00e1cil de limpar, necessitando apenas de um pano h\u00famido ou de um aspirador para remover o p\u00f3 e as manchas.<\/li>\n<\/ul>\n<h3>4. Respeito pelo ambiente e sustentabilidade<\/h3>\n<ul>\n<li><strong>Materiais ecol\u00f3gicos<\/strong>: Muitas op\u00e7\u00f5es de pavimentos de dois tons s\u00e3o feitas de materiais ecol\u00f3gicos, como a madeira reciclada ou o bambu. Estes materiais reduzem o consumo de recursos naturais e ajudam a diminuir as emiss\u00f5es de carbono.<\/li>\n<li><strong>Sustentabilidade<\/strong>: A escolha de um pavimento bicolor amigo do ambiente contribui para o desenvolvimento sustent\u00e1vel. Estes pavimentos minimizam os impactos ambientais negativos durante a produ\u00e7\u00e3o, utiliza\u00e7\u00e3o e elimina\u00e7\u00e3o.<\/li>\n<\/ul>\n<h3>5. Aplica\u00e7\u00f5es diversas<\/h3>\n<ul>\n<li><strong>Ampla aplicabilidade<\/strong>: O pavimento vers\u00e1til Two-Tone \u00e9 adequado para v\u00e1rios ambientes interiores, incluindo casas, escrit\u00f3rios, lojas e muito mais. Os seus diversos designs e op\u00e7\u00f5es de cores satisfazem as necessidades de decora\u00e7\u00e3o de diferentes ambientes.<\/li>\n<li><strong>Perce\u00e7\u00e3o espacial melhorada<\/strong>: O pavimento de dois tons pode melhorar a perce\u00e7\u00e3o do espa\u00e7o atrav\u00e9s do contraste e da coordena\u00e7\u00e3o das cores, fazendo com que as divis\u00f5es pare\u00e7am mais espa\u00e7osas e luminosas.<\/li>\n<\/ul>\n<p id=\"\">Em suma, a escolha do Pavimento Vers\u00e1til em Dois Tons oferece m\u00faltiplas vantagens, incluindo est\u00e9tica, durabilidade, praticidade, f\u00e1cil instala\u00e7\u00e3o e manuten\u00e7\u00e3o, bem como respeito pelo ambiente e sustentabilidade. Estas vantagens fazem com que o pavimento de dois tons seja a escolha preferida de muitas pessoas na decora\u00e7\u00e3o de interiores. No entanto, a marca e o estilo espec\u00edficos do pavimento de dois tons a escolher dependem das prefer\u00eancias pessoais, do or\u00e7amento e das necessidades reais.<\/p>\n<\/div>","protected":false},"excerpt":{"rendered":"<p>Pavimento vers\u00e1til de dois tons Pavimento WPC sustent\u00e1vel Especifica\u00e7\u00e3o do produto Nome do produto: Piso Vers\u00e1til de Dois Tons Marca: Meterny Vis\u00e3o Geral do Produto: O Pavimento Vers\u00e1til de Dois Tons combina [...]<\/p>","protected":false},"featured_media":17402,"comment_status":"open","ping_status":"closed","template":"","meta":{"_uag_custom_page_level_css":"","site-sidebar-layout":"default","site-content-layout":"","ast-site-content-layout":"default","site-content-style":"default","site-sidebar-style":"default","ast-global-header-display":"","ast-banner-title-visibility":"","ast-main-header-display":"","ast-hfb-above-header-display":"","ast-hfb-below-header-display":"","ast-hfb-mobile-header-display":"","site-post-title":"","ast-breadcrumbs-content":"","ast-featured-img":"","footer-sml-layout":"","theme-transparent-header-meta":"default","adv-header-id-meta":"","stick-header-meta":"default","header-above-stick-meta":"","header-main-stick-meta":"","header-below-stick-meta":"","astra-migrate-meta-layouts":"set","ast-page-background-enabled":"default","ast-page-background-meta":{"desktop":{"background-color":"var(--ast-global-color-4)","background-image":"","background-repeat":"repeat","background-position":"center center","background-size":"auto","background-attachment":"scroll","background-type":"","background-media":"","overlay-type":"","overlay-color":"","overlay-opacity":"","overlay-gradient":""},"tablet":{"background-color":"","background-image":"","background-repeat":"repeat","background-position":"center center","background-size":"auto","background-attachment":"scroll","background-type":"","background-media":"","overlay-type":"","overlay-color":"","overlay-opacity":"","overlay-gradient":""},"mobile":{"background-color":"","background-image":"","background-repeat":"repeat","background-position":"center center","background-size":"auto","background-attachment":"scroll","background-type":"","background-media":"","overlay-type":"","overlay-color":"","overlay-opacity":"","overlay-gradient":""}},"ast-content-background-meta":{"desktop":{"background-color":"var(--ast-global-color-5)","background-image":"","background-repeat":"repeat","background-position":"center center","background-size":"auto","background-attachment":"scroll","background-type":"","background-media":"","overlay-type":"","overlay-color":"","overlay-opacity":"","overlay-gradient":""},"tablet":{"background-color":"var(--ast-global-color-5)","background-image":"","background-repeat":"repeat","background-position":"center center","background-size":"auto","background-attachment":"scroll","background-type":"","background-media":"","overlay-type":"","overlay-color":"","overlay-opacity":"","overlay-gradient":""},"mobile":{"background-color":"var(--ast-global-color-5)","background-image":"","background-repeat":"repeat","background-position":"center center","background-size":"auto","background-attachment":"scroll","background-type":"","background-media":"","overlay-type":"","overlay-color":"","overlay-opacity":"","overlay-gradient":""}}},"product_brand":[],"product_cat":[18],"product_tag":[182,181],"class_list":{"0":"post-20308","1":"product","2":"type-product","3":"status-publish","4":"has-post-thumbnail","6":"product_cat-uncategorized","7":"product_tag-wpc-decking","8":"product_tag-wpc-flooring","9":"desktop-align-center","10":"tablet-align-left","11":"mobile-align-left","12":"ast-product-gallery-layout-horizontal-slider","13":"ast-product-tabs-layout-vertical","15":"first","16":"instock","17":"featured","18":"shipping-taxable","19":"product-type-simple"},"uagb_featured_image_src":{"full":["https:\/\/meterny.com\/wp-content\/uploads\/2024\/03\/14-3.png",800,800,false],"thumbnail":["https:\/\/meterny.com\/wp-content\/uploads\/2024\/03\/14-3-150x150.png",150,150,true],"medium":["https:\/\/meterny.com\/wp-content\/uploads\/2024\/03\/14-3-300x300.png",300,300,true],"medium_large":["https:\/\/meterny.com\/wp-content\/uploads\/2024\/03\/14-3-768x768.png",768,768,true],"large":["https:\/\/meterny.com\/wp-content\/uploads\/2024\/03\/14-3.png",800,800,false],"1536x1536":["https:\/\/meterny.com\/wp-content\/uploads\/2024\/03\/14-3.png",800,800,false],"2048x2048":["https:\/\/meterny.com\/wp-content\/uploads\/2024\/03\/14-3.png",800,800,false],"trp-custom-language-flag":["https:\/\/meterny.com\/wp-content\/uploads\/2024\/03\/14-3.png",12,12,false],"woocommerce_thumbnail":["https:\/\/meterny.com\/wp-content\/uploads\/2024\/03\/14-3-300x300.png",300,300,true],"woocommerce_single":["https:\/\/meterny.com\/wp-content\/uploads\/2024\/03\/14-3-600x600.png",600,600,true],"woocommerce_gallery_thumbnail":["https:\/\/meterny.com\/wp-content\/uploads\/2024\/03\/14-3-100x100.png",100,100,true]},"uagb_author_info":{"display_name":"meterny","author_link":"https:\/\/meterny.com\/pt\/author\/"},"uagb_comment_info":0,"uagb_excerpt":"Versatile Two-Tone Flooring Sustainable WPC Flooring Specification Product Name: Versatile Two-Tone Flooring Brand: Meterny Product Overview: Versatile Two-Tone Flooring combines [&hellip;]","_links":{"self":[{"href":"https:\/\/meterny.com\/pt\/wp-json\/wp\/v2\/product\/20308","targetHints":{"allow":["GET"]}}],"collection":[{"href":"https:\/\/meterny.com\/pt\/wp-json\/wp\/v2\/product"}],"about":[{"href":"https:\/\/meterny.com\/pt\/wp-json\/wp\/v2\/types\/product"}],"replies":[{"embeddable":true,"href":"https:\/\/meterny.com\/pt\/wp-json\/wp\/v2\/comments?post=20308"}],"wp:featuredmedia":[{"embeddable":true,"href":"https:\/\/meterny.com\/pt\/wp-json\/wp\/v2\/media\/17402"}],"wp:attachment":[{"href":"https:\/\/meterny.com\/pt\/wp-json\/wp\/v2\/media?parent=20308"}],"wp:term":[{"taxonomy":"product_brand","embeddable":true,"href":"https:\/\/meterny.com\/pt\/wp-json\/wp\/v2\/product_brand?post=20308"},{"taxonomy":"product_cat","embeddable":true,"href":"https:\/\/meterny.com\/pt\/wp-json\/wp\/v2\/product_cat?post=20308"},{"taxonomy":"product_tag","embeddable":true,"href":"https:\/\/meterny.com\/pt\/wp-json\/wp\/v2\/product_tag?post=20308"}],"curies":[{"name":"wp","href":"https:\/\/api.w.org\/{rel}","templated":true}]}}