{"id":20309,"date":"2024-12-16T00:32:31","date_gmt":"2024-12-16T00:32:31","guid":{"rendered":"https:\/\/meterny.com\/?post_type=product&#038;p=20309"},"modified":"2025-01-18T09:21:25","modified_gmt":"2025-01-18T09:21:25","slug":"dark-grey-tone-wood-plastic-flooring","status":"publish","type":"product","link":"https:\/\/meterny.com\/pt\/produto\/dark-grey-tone-wood-plastic-flooring\/","title":{"rendered":"Pavimentos de madeira pl\u00e1stica em tons de cinzento escuro Placas cinzentas escuras resistentes a riscos"},"content":{"rendered":"<div class=\"elementor-element elementor-element-c0e1d42 elementor-widget elementor-widget-heading\" data-id=\"c0e1d42\" data-element_type=\"widget\" data-widget_type=\"heading.default\">\n<h2 class=\"elementor-widget-container\" style=\"text-align: center;\">Pavimentos de madeira pl\u00e1stica em tons de cinzento escuro Placas cinzentas escuras resistentes a riscos<\/h2>\n<\/div>\n<div class=\"elementor-element elementor-element-1f676da elementor-widget elementor-widget-heading\" data-id=\"1f676da\" data-element_type=\"widget\" data-widget_type=\"heading.default\">\n<h2 class=\"elementor-widget-container\" style=\"text-align: center;\"><\/h2>\n<p>METE140H25 Revestimento de madeira pl\u00e1stica em tons de cinzento escuro: Concebido para utiliza\u00e7\u00e3o no interior e no exterior, oferece durabilidade, resist\u00eancia \u00e0 \u00e1gua e uma solu\u00e7\u00e3o ecol\u00f3gica para casas e espa\u00e7os comerciais. Perfeito para criar padr\u00f5es \u00fanicos e layouts de pavimentos elegantes<\/p>\n<p><strong>Modelo<\/strong>: METE140H25<br \/>\n<strong>Tipo<\/strong>: Deck\/Pavimento WPC<br \/>\n<strong>Tamanho<\/strong>: 140\u00d725mm<\/p>\n<p><strong>Superf\u00edcie<\/strong>: Gr\u00e3os rectos<br \/>\n<strong>Comprimento<\/strong>: 2.9m ou Personalizado<br \/>\n<strong>Material<\/strong>: Comp\u00f3sito de madeira e pl\u00e1stico<br \/>\n<strong>Tecnologia de produtos<\/strong>: Eco-extrus\u00e3o<\/p>\n<figure id=\"attachment_17395\" aria-describedby=\"caption-attachment-17395\" style=\"width: 1024px\" class=\"wp-caption alignnone\"><img loading=\"lazy\" decoding=\"async\" class=\"wp-image-17395\" src=\"https:\/\/meterny.com\/wp-content\/uploads\/2024\/03\/3-6-rotated.jpg\" alt=\"Pavimento de pl\u00e1stico para madeira em tons de cinzento escuro\" width=\"1024\" height=\"1024\" srcset=\"https:\/\/meterny.com\/wp-content\/uploads\/2024\/03\/3-6-rotated.jpg 800w, https:\/\/meterny.com\/wp-content\/uploads\/2024\/03\/3-6-300x300.jpg 300w, https:\/\/meterny.com\/wp-content\/uploads\/2024\/03\/3-6-150x150.jpg 150w, https:\/\/meterny.com\/wp-content\/uploads\/2024\/03\/3-6-768x768.jpg 768w, https:\/\/meterny.com\/wp-content\/uploads\/2024\/03\/3-6-600x600.jpg 600w, https:\/\/meterny.com\/wp-content\/uploads\/2024\/03\/3-6-100x100.jpg 100w\" sizes=\"auto, (max-width: 1024px) 100vw, 1024px\" \/><figcaption id=\"caption-attachment-17395\" class=\"wp-caption-text\">Pavimento WPC cinzento escuro: Sofistica\u00e7\u00e3o moderna com durabilidade superior<\/figcaption><\/figure>\n<\/div>\n<div class=\"elementor-element elementor-element-1f676da elementor-widget elementor-widget-heading\" data-id=\"1f676da\" data-element_type=\"widget\" data-widget_type=\"heading.default\">\n<h3 style=\"text-align: left;\"><strong>Descri\u00e7\u00e3o<\/strong><\/h3>\n<p style=\"text-align: left;\">A METE140H25 faz parte da s\u00e9rie exclusiva Meterny\u00ae Eco-extrusion, concebida para melhorar os ambientes interiores e exteriores com um toque de eleg\u00e2ncia moderna.<\/p>\n<p id=\"\">O Pavimento em Madeira Pl\u00e1stica de Tom Cinzento Escuro, tamb\u00e9m conhecido como Pavimento em Madeira Pl\u00e1stica Composta (WPC) Cinzento Escuro, \u00e9 um tipo de material de pavimento que combina a beleza natural da madeira com a durabilidade e a resist\u00eancia \u00e0s intemp\u00e9ries do pl\u00e1stico. Eis uma descri\u00e7\u00e3o pormenorizada desta inovadora op\u00e7\u00e3o de pavimento:<\/p>\n<p id=\"\"><strong>Apar\u00eancia<\/strong>:<\/p>\n<ul>\n<li><strong>Cor<\/strong>: O Pavimento em Madeira Pl\u00e1stica em tons de Cinzento Escuro oferece um aspeto elegante, moderno e sofisticado que pode melhorar o apelo est\u00e9tico de qualquer espa\u00e7o exterior. A cor \u00e9 uniforme e resistente ao desbotamento, garantindo que o Pavimento em Madeira Pl\u00e1stica de Tom Cinzento Escuro mant\u00e9m a sua apar\u00eancia rica durante muitos anos.<\/li>\n<li><strong>Textura<\/strong>: A textura do pavimento WPC em tom cinzento escuro imita o gr\u00e3o natural da madeira, proporcionando um aspeto realista e aut\u00eantico. A superf\u00edcie lisa \u00e9 confort\u00e1vel para caminhar e contribui para a atra\u00e7\u00e3o geral do pavimento.<\/li>\n<\/ul>\n<p id=\"\"><strong>Composi\u00e7\u00e3o<\/strong>:<\/p>\n<ul>\n<li><strong>Fibras de madeira<\/strong>: O Pavimento em Madeira Pl\u00e1stica em tons de cinzento escuro \u00e9 fabricado a partir de fibras de madeira recicladas, o que contribui para o seu car\u00e1cter ecol\u00f3gico. As fibras de madeira proporcionam um aspeto natural e quente, bem como alguma flexibilidade e resist\u00eancia.<\/li>\n<li><strong>Materiais pl\u00e1sticos<\/strong>: Os componentes pl\u00e1sticos do Pavimento em Madeira Pl\u00e1stica de Tom Cinzento Escuro s\u00e3o normalmente fabricados a partir de materiais reciclados, como o polietileno ou o polipropileno. Estes pl\u00e1sticos proporcionam durabilidade, resist\u00eancia \u00e0s intemp\u00e9ries e resist\u00eancia aos riscos do pavimento.<\/li>\n<\/ul>\n<p id=\"\"><strong>Propriedades<\/strong>:<\/p>\n<ul>\n<li><strong>Durabilidade<\/strong>: O pavimento WPC em tom cinzento escuro foi concebido para suportar o tr\u00e1fego pedonal intenso e os rigores da utiliza\u00e7\u00e3o di\u00e1ria. \u00c9 resistente \u00e0 humidade, \u00e0 podrid\u00e3o, aos insectos e aos raios UV, assegurando que mant\u00e9m a sua beleza e funcionalidade durante muitos anos.<\/li>\n<li><strong>Resist\u00eancia \u00e0s intemp\u00e9ries<\/strong>: O Pavimento em Madeira Pl\u00e1stica de Tom Cinzento Escuro foi especificamente concebido para resistir a condi\u00e7\u00f5es climat\u00e9ricas extremas, incluindo temperaturas elevadas, chuva, neve e gelo. Isto faz com que seja a escolha ideal para espa\u00e7os exteriores que sofrem de v\u00e1rias condi\u00e7\u00f5es climat\u00e9ricas.<\/li>\n<li><strong>Manuten\u00e7\u00e3o reduzida<\/strong>: O Pavimento em Madeira Pl\u00e1stica em tons de cinzento escuro \u00e9 f\u00e1cil de limpar e requer uma manuten\u00e7\u00e3o m\u00ednima. Pode ser lavado com \u00e1gua e um detergente suave e n\u00e3o necessita de pintura, selagem ou colora\u00e7\u00e3o.<\/li>\n<li><strong>Resist\u00eancia aos riscos e ao desgaste<\/strong>: A superf\u00edcie do pavimento \u00e9 resistente aos riscos e ao desgaste, garantindo a manuten\u00e7\u00e3o do seu aspeto e funcionalidade ao longo do tempo.<\/li>\n<li><strong>Conforto e seguran\u00e7a<\/strong>: A superf\u00edcie lisa do pavimento \u00e9 confort\u00e1vel para caminhar e \u00e9 tamb\u00e9m antiderrapante e resistente a fissuras. Estas carater\u00edsticas fazem dele uma escolha segura para espa\u00e7os exteriores onde a seguran\u00e7a \u00e9 uma preocupa\u00e7\u00e3o.<\/li>\n<\/ul>\n<p id=\"\"><strong>Aplica\u00e7\u00f5es<\/strong>:<\/p>\n<ul>\n<li>O pavimento WPC em tom cinzento escuro \u00e9 vers\u00e1til e pode ser utilizado numa s\u00e9rie de ambientes exteriores, incluindo p\u00e1tios, decks, varandas, jardins e \u00e1reas de piscina. \u00c9 uma excelente escolha para propriedades residenciais e comerciais, proporcionando uma solu\u00e7\u00e3o de pavimento elegante e duradoura que melhora o aspeto geral e a funcionalidade do espa\u00e7o.<\/li>\n<\/ul>\n<\/div>\n<h3>Se quiser saber mais pormenores, clique neste link do youtube:<a href=\"https:\/\/youtu.be\/88PIb9PK7Bk\" target=\"_blank\" rel=\"noopener\">https:\/\/youtu.be\/88PIb9PK7Bk<\/a><\/h3>\n<p>&nbsp;<\/p>\n<div class=\"elementor-element elementor-element-1f676da elementor-widget elementor-widget-heading\" data-id=\"1f676da\" data-element_type=\"widget\" data-widget_type=\"heading.default\">\n<figure id=\"attachment_17396\" aria-describedby=\"caption-attachment-17396\" style=\"width: 1024px\" class=\"wp-caption alignnone\"><img loading=\"lazy\" decoding=\"async\" class=\"wp-image-17396\" src=\"https:\/\/meterny.com\/wp-content\/uploads\/2024\/03\/3-1.png\" alt=\"Pavimento WPC antiderrapante para caminhos de jardim\" width=\"1024\" height=\"1024\" srcset=\"https:\/\/meterny.com\/wp-content\/uploads\/2024\/03\/3-1.png 1079w, https:\/\/meterny.com\/wp-content\/uploads\/2024\/03\/3-1-300x300.png 300w, https:\/\/meterny.com\/wp-content\/uploads\/2024\/03\/3-1-1024x1024.png 1024w, https:\/\/meterny.com\/wp-content\/uploads\/2024\/03\/3-1-150x150.png 150w, https:\/\/meterny.com\/wp-content\/uploads\/2024\/03\/3-1-768x768.png 768w, https:\/\/meterny.com\/wp-content\/uploads\/2024\/03\/3-1-600x600.png 600w, https:\/\/meterny.com\/wp-content\/uploads\/2024\/03\/3-1-100x100.png 100w\" sizes=\"auto, (max-width: 1024px) 100vw, 1024px\" \/><figcaption id=\"caption-attachment-17396\" class=\"wp-caption-text\">Pavimento WPC antiderrapante: Caminhos de jardim seguros e elegantes<\/figcaption><\/figure>\n<p style=\"text-align: left;\">Estes pavimentos de madeira pl\u00e1stica em tons de cinzento escuro combinam uma constru\u00e7\u00e3o robusta com uma est\u00e9tica refinada, garantindo um acabamento elegante e duradouro para qualquer ambiente.<\/p>\n<p style=\"text-align: left;\">A versatilidade e o desempenho superior dos nossos pavimentos permitem-lhe criar um espa\u00e7o sofisticado e funcional sem esfor\u00e7o.<\/p>\n<figure id=\"attachment_17397\" aria-describedby=\"caption-attachment-17397\" style=\"width: 1024px\" class=\"wp-caption alignnone\"><img loading=\"lazy\" decoding=\"async\" class=\"wp-image-17397\" src=\"https:\/\/meterny.com\/wp-content\/uploads\/2024\/03\/5-1.png\" alt=\"Pavimento WPC Click-Lock f\u00e1cil de instalar\" width=\"1024\" height=\"1024\" srcset=\"https:\/\/meterny.com\/wp-content\/uploads\/2024\/03\/5-1.png 1062w, https:\/\/meterny.com\/wp-content\/uploads\/2024\/03\/5-1-300x300.png 300w, https:\/\/meterny.com\/wp-content\/uploads\/2024\/03\/5-1-1024x1024.png 1024w, https:\/\/meterny.com\/wp-content\/uploads\/2024\/03\/5-1-150x150.png 150w, https:\/\/meterny.com\/wp-content\/uploads\/2024\/03\/5-1-768x768.png 768w, https:\/\/meterny.com\/wp-content\/uploads\/2024\/03\/5-1-600x600.png 600w, https:\/\/meterny.com\/wp-content\/uploads\/2024\/03\/5-1-100x100.png 100w\" sizes=\"auto, (max-width: 1024px) 100vw, 1024px\" \/><figcaption id=\"caption-attachment-17397\" class=\"wp-caption-text\">Instala\u00e7\u00e3o sem complica\u00e7\u00f5es com o pavimento WPC Click-Lock<\/figcaption><\/figure>\n<h3><strong>Cor e superf\u00edcie<\/strong><\/h3>\n<p>O nosso Pavimento em Madeira Pl\u00e1stica de Tom Cinzento Escuro apresenta uma superf\u00edcie elegante de gr\u00e3o reto, acrescentando uma textura sofisticada a qualquer \u00e1rea.<\/p>\n<p>Com cores, dimens\u00f5es e formas personaliz\u00e1veis, estes pain\u00e9is oferecem uma flexibilidade excecional, permitindo-lhe dar largas \u00e0 sua criatividade em projectos de design de interiores e exteriores.<\/p>\n<p>A tecnologia de eco-extrus\u00e3o garante que cada painel n\u00e3o s\u00f3 tem um \u00f3timo aspeto, como tamb\u00e9m contribui para um ambiente de vida sustent\u00e1vel.<\/p>\n<p>Meterny Carta de cores do pavimento WPC da s\u00e9rie METE<\/p>\n<p>&nbsp;<\/p>\n<figure id=\"attachment_20293\" aria-describedby=\"caption-attachment-20293\" style=\"width: 1024px\" class=\"wp-caption alignnone\"><img loading=\"lazy\" decoding=\"async\" class=\"wp-image-20293\" src=\"https:\/\/meterny.com\/wp-content\/uploads\/2024\/10\/METE-Series-Colour-151.png\" alt=\"Op\u00e7\u00f5es de cores da veda\u00e7\u00e3o Meterny WPC\" width=\"1024\" height=\"1024\" srcset=\"https:\/\/meterny.com\/wp-content\/uploads\/2024\/10\/METE-Series-Colour-151.png 900w, https:\/\/meterny.com\/wp-content\/uploads\/2024\/10\/METE-Series-Colour-151-300x300.png 300w, https:\/\/meterny.com\/wp-content\/uploads\/2024\/10\/METE-Series-Colour-151-150x150.png 150w, https:\/\/meterny.com\/wp-content\/uploads\/2024\/10\/METE-Series-Colour-151-768x768.png 768w, https:\/\/meterny.com\/wp-content\/uploads\/2024\/10\/METE-Series-Colour-151-600x600.png 600w, https:\/\/meterny.com\/wp-content\/uploads\/2024\/10\/METE-Series-Colour-151-100x100.png 100w\" sizes=\"auto, (max-width: 1024px) 100vw, 1024px\" \/><figcaption id=\"caption-attachment-20293\" class=\"wp-caption-text\">Explorar Meterny WPC Floor- Nove op\u00e7\u00f5es de cores deslumbrantes para todos os estilos<\/figcaption><\/figure>\n<p id=\"\">A escolha do Pavimento em Madeira Pl\u00e1stica em tom cinzento escuro oferece uma s\u00e9rie de benef\u00edcios que o tornam uma op\u00e7\u00e3o atractiva tanto para espa\u00e7os exteriores residenciais como comerciais. Aqui est\u00e3o algumas raz\u00f5es convincentes para considerar este tipo de pavimento:<\/p>\n<ol>\n<li><strong>Apelo est\u00e9tico<\/strong>:\n<ul>\n<li>O pavimento de pl\u00e1stico para madeira em tons de cinzento escuro proporciona um aspeto elegante, moderno e sofisticado. Pode melhorar a est\u00e9tica geral de qualquer \u00e1rea exterior, quer se trate de um p\u00e1tio, de um deck ou de um jardim.<\/li>\n<\/ul>\n<\/li>\n<li><strong>Durabilidade e resist\u00eancia \u00e0s intemp\u00e9ries<\/strong>:\n<ul>\n<li>O pavimento de comp\u00f3sito de madeira e pl\u00e1stico (WPC) \u00e9 conhecido pela sua durabilidade e resist\u00eancia \u00e0s condi\u00e7\u00f5es climat\u00e9ricas. O pavimento WPC em tons de cinzento escuro n\u00e3o \u00e9 exce\u00e7\u00e3o, oferecendo uma excelente resist\u00eancia \u00e0 humidade, \u00e0 podrid\u00e3o, aos insectos e aos raios UV. Isto garante que o pavimento mant\u00e9m a sua beleza e funcionalidade durante muitos anos.<\/li>\n<\/ul>\n<\/li>\n<li><strong>Manuten\u00e7\u00e3o reduzida<\/strong>:\n<ul>\n<li>Ao contr\u00e1rio dos pavimentos de madeira tradicionais, os pavimentos WPC requerem uma manuten\u00e7\u00e3o m\u00ednima. Os pavimentos WPC em tons de cinzento escuro podem ser facilmente limpos com \u00e1gua e n\u00e3o requerem pintura, selagem ou colora\u00e7\u00e3o. Isto reduz o tempo e os recursos necess\u00e1rios para a manuten\u00e7\u00e3o e mant\u00e9m o espa\u00e7o exterior com um aspeto impec\u00e1vel.<\/li>\n<\/ul>\n<\/li>\n<li><strong>Resist\u00eancia aos riscos e ao desgaste<\/strong>:\n<ul>\n<li>O pavimento WPC em tons de cinzento escuro foi concebido para ser resistente a riscos e ao desgaste. Isto significa que pode suportar o tr\u00e1fego pedonal intenso e os rigores da utiliza\u00e7\u00e3o di\u00e1ria sem mostrar sinais de desgaste.<\/li>\n<\/ul>\n<\/li>\n<li><strong>Amigo do ambiente<\/strong>:\n<ul>\n<li>O pavimento composto de madeira e pl\u00e1stico \u00e9 fabricado a partir de fibras de madeira e materiais pl\u00e1sticos reciclados, o que o torna uma escolha amiga do ambiente. Ao escolher o pavimento WPC em tom cinzento escuro, est\u00e1 a contribuir para a redu\u00e7\u00e3o de res\u00edduos e a promover pr\u00e1ticas sustent\u00e1veis.<\/li>\n<\/ul>\n<\/li>\n<li><strong>Confort\u00e1vel e seguro<\/strong>:\n<ul>\n<li>A superf\u00edcie do pavimento WPC em tons de cinzento escuro \u00e9 suave e confort\u00e1vel, proporcionando uma experi\u00eancia agrad\u00e1vel ao caminhar. Al\u00e9m disso, \u00e9 antiderrapante e resistente a fissuras, o que o torna uma escolha segura para espa\u00e7os exteriores onde a seguran\u00e7a \u00e9 uma preocupa\u00e7\u00e3o.<\/li>\n<\/ul>\n<\/li>\n<li><strong>Versatilidade e personaliza\u00e7\u00e3o<\/strong>:\n<ul>\n<li>O pavimento WPC em tons de cinzento escuro \u00e9 vers\u00e1til e pode ser utilizado numa s\u00e9rie de ambientes exteriores. Tamb\u00e9m est\u00e1 dispon\u00edvel em diferentes tamanhos, texturas e padr\u00f5es, permitindo-lhe personalizar o pavimento de acordo com as suas prefer\u00eancias e necessidades espec\u00edficas de design.<\/li>\n<\/ul>\n<\/li>\n<li><strong>Rent\u00e1vel<\/strong>:\n<ul>\n<li>Embora o investimento inicial no pavimento WPC em tom cinzento-escuro possa ser superior ao de algumas op\u00e7\u00f5es de pavimento tradicionais, a sua durabilidade e os baixos requisitos de manuten\u00e7\u00e3o fazem dele uma escolha rent\u00e1vel a longo prazo.<\/li>\n<\/ul>\n<\/li>\n<\/ol>\n<p id=\"\">Em suma, a escolha do Revestimento em Madeira Pl\u00e1stica em tons de cinzento-escuro oferece uma combina\u00e7\u00e3o de atrativo est\u00e9tico, durabilidade, baixa manuten\u00e7\u00e3o, resist\u00eancia a riscos e ao desgaste, respeito pelo ambiente, conforto e seguran\u00e7a, versatilidade e rentabilidade. Estas vantagens tornam-no uma excelente escolha para quem procura melhorar o seu espa\u00e7o exterior com uma solu\u00e7\u00e3o de pavimento elegante, dur\u00e1vel e sustent\u00e1vel.<\/p>\n<\/div>","protected":false},"excerpt":{"rendered":"<p>Revestimento de madeira pl\u00e1stica em tons de cinzento escuro Placas cinzentas escuras resistentes a riscos METE140H25 Revestimento de madeira pl\u00e1stica em tons de cinzento escuro : Concebido para [...]<\/p>","protected":false},"featured_media":17395,"comment_status":"open","ping_status":"closed","template":"","meta":{"_uag_custom_page_level_css":"","site-sidebar-layout":"default","site-content-layout":"","ast-site-content-layout":"default","site-content-style":"default","site-sidebar-style":"default","ast-global-header-display":"","ast-banner-title-visibility":"","ast-main-header-display":"","ast-hfb-above-header-display":"","ast-hfb-below-header-display":"","ast-hfb-mobile-header-display":"","site-post-title":"","ast-breadcrumbs-content":"","ast-featured-img":"","footer-sml-layout":"","theme-transparent-header-meta":"default","adv-header-id-meta":"","stick-header-meta":"default","header-above-stick-meta":"","header-main-stick-meta":"","header-below-stick-meta":"","astra-migrate-meta-layouts":"set","ast-page-background-enabled":"default","ast-page-background-meta":{"desktop":{"background-color":"var(--ast-global-color-4)","background-image":"","background-repeat":"repeat","background-position":"center center","background-size":"auto","background-attachment":"scroll","background-type":"","background-media":"","overlay-type":"","overlay-color":"","overlay-opacity":"","overlay-gradient":""},"tablet":{"background-color":"","background-image":"","background-repeat":"repeat","background-position":"center center","background-size":"auto","background-attachment":"scroll","background-type":"","background-media":"","overlay-type":"","overlay-color":"","overlay-opacity":"","overlay-gradient":""},"mobile":{"background-color":"","background-image":"","background-repeat":"repeat","background-position":"center center","background-size":"auto","background-attachment":"scroll","background-type":"","background-media":"","overlay-type":"","overlay-color":"","overlay-opacity":"","overlay-gradient":""}},"ast-content-background-meta":{"desktop":{"background-color":"var(--ast-global-color-5)","background-image":"","background-repeat":"repeat","background-position":"center center","background-size":"auto","background-attachment":"scroll","background-type":"","background-media":"","overlay-type":"","overlay-color":"","overlay-opacity":"","overlay-gradient":""},"tablet":{"background-color":"var(--ast-global-color-5)","background-image":"","background-repeat":"repeat","background-position":"center center","background-size":"auto","background-attachment":"scroll","background-type":"","background-media":"","overlay-type":"","overlay-color":"","overlay-opacity":"","overlay-gradient":""},"mobile":{"background-color":"var(--ast-global-color-5)","background-image":"","background-repeat":"repeat","background-position":"center center","background-size":"auto","background-attachment":"scroll","background-type":"","background-media":"","overlay-type":"","overlay-color":"","overlay-opacity":"","overlay-gradient":""}}},"product_brand":[],"product_cat":[18],"product_tag":[182,181],"class_list":{"0":"post-20309","1":"product","2":"type-product","3":"status-publish","4":"has-post-thumbnail","6":"product_cat-uncategorized","7":"product_tag-wpc-decking","8":"product_tag-wpc-flooring","9":"desktop-align-center","10":"tablet-align-left","11":"mobile-align-left","12":"ast-product-gallery-layout-horizontal-slider","13":"ast-product-tabs-layout-vertical","15":"first","16":"instock","17":"featured","18":"shipping-taxable","19":"product-type-simple"},"uagb_featured_image_src":{"full":["https:\/\/meterny.com\/wp-content\/uploads\/2024\/03\/3-6-rotated.jpg",800,800,false],"thumbnail":["https:\/\/meterny.com\/wp-content\/uploads\/2024\/03\/3-6-150x150.jpg",150,150,true],"medium":["https:\/\/meterny.com\/wp-content\/uploads\/2024\/03\/3-6-300x300.jpg",300,300,true],"medium_large":["https:\/\/meterny.com\/wp-content\/uploads\/2024\/03\/3-6-768x768.jpg",768,768,true],"large":["https:\/\/meterny.com\/wp-content\/uploads\/2024\/03\/3-6-rotated.jpg",800,800,false],"1536x1536":["https:\/\/meterny.com\/wp-content\/uploads\/2024\/03\/3-6-rotated.jpg",800,800,false],"2048x2048":["https:\/\/meterny.com\/wp-content\/uploads\/2024\/03\/3-6-rotated.jpg",800,800,false],"trp-custom-language-flag":["https:\/\/meterny.com\/wp-content\/uploads\/2024\/03\/3-6-rotated.jpg",12,12,false],"woocommerce_thumbnail":["https:\/\/meterny.com\/wp-content\/uploads\/2024\/03\/3-6-300x300.jpg",300,300,true],"woocommerce_single":["https:\/\/meterny.com\/wp-content\/uploads\/2024\/03\/3-6-600x600.jpg",600,600,true],"woocommerce_gallery_thumbnail":["https:\/\/meterny.com\/wp-content\/uploads\/2024\/03\/3-6-100x100.jpg",100,100,true]},"uagb_author_info":{"display_name":"meterny","author_link":"https:\/\/meterny.com\/pt\/author\/"},"uagb_comment_info":0,"uagb_excerpt":"Dark Grey Tone Wood Plastic Flooring Scratch-Resistant Dark Grey Planks METE140H25 Dark Grey Tone Wood Plastic Flooring : Designed for [&hellip;]","_links":{"self":[{"href":"https:\/\/meterny.com\/pt\/wp-json\/wp\/v2\/product\/20309","targetHints":{"allow":["GET"]}}],"collection":[{"href":"https:\/\/meterny.com\/pt\/wp-json\/wp\/v2\/product"}],"about":[{"href":"https:\/\/meterny.com\/pt\/wp-json\/wp\/v2\/types\/product"}],"replies":[{"embeddable":true,"href":"https:\/\/meterny.com\/pt\/wp-json\/wp\/v2\/comments?post=20309"}],"wp:featuredmedia":[{"embeddable":true,"href":"https:\/\/meterny.com\/pt\/wp-json\/wp\/v2\/media\/17395"}],"wp:attachment":[{"href":"https:\/\/meterny.com\/pt\/wp-json\/wp\/v2\/media?parent=20309"}],"wp:term":[{"taxonomy":"product_brand","embeddable":true,"href":"https:\/\/meterny.com\/pt\/wp-json\/wp\/v2\/product_brand?post=20309"},{"taxonomy":"product_cat","embeddable":true,"href":"https:\/\/meterny.com\/pt\/wp-json\/wp\/v2\/product_cat?post=20309"},{"taxonomy":"product_tag","embeddable":true,"href":"https:\/\/meterny.com\/pt\/wp-json\/wp\/v2\/product_tag?post=20309"}],"curies":[{"name":"wp","href":"https:\/\/api.w.org\/{rel}","templated":true}]}}