{"id":20827,"date":"2025-01-09T08:33:11","date_gmt":"2025-01-09T08:33:11","guid":{"rendered":"https:\/\/meterny.com\/?post_type=product&#038;p=20827"},"modified":"2025-01-13T08:50:33","modified_gmt":"2025-01-13T08:50:33","slug":"eco-friendly-choice-wpc-wall-panels","status":"publish","type":"product","link":"https:\/\/meterny.com\/pt\/produto\/eco-friendly-choice-wpc-wall-panels\/","title":{"rendered":"Escolha ecol\u00f3gica - Pain\u00e9is de parede WPC: Abra\u00e7ando a tend\u00eancia da casa verde"},"content":{"rendered":"<div class=\"elementor-element elementor-element-c0e1d42 elementor-widget elementor-widget-heading\" data-id=\"c0e1d42\" data-element_type=\"widget\" data-widget_type=\"heading.default\">\n<div class=\"elementor-widget-container\">\n<h2 class=\"elementor-heading-title elementor-size-default\" style=\"text-align: center;\">Escolha ecol\u00f3gica - Pain\u00e9is de parede WPC: Abra\u00e7ando a especifica\u00e7\u00e3o da tend\u00eancia da casa verde<\/h2>\n<\/div>\n<\/div>\n<div class=\"elementor-element elementor-element-1f676da elementor-widget elementor-widget-heading\" data-id=\"1f676da\" data-element_type=\"widget\" data-widget_type=\"heading.default\">\n<p id=\"\"><strong>Introdu\u00e7\u00e3o<\/strong>:<br \/>\nApresentamos os nossos pain\u00e9is de parede WPC Eco-Friendly Choice, a mistura perfeita entre a natureza e a tecnologia moderna, concebida para dar um toque de verde \u00e0 sua casa, ao mesmo tempo que melhora o seu aspeto est\u00e9tico. Fabricados a partir de comp\u00f3sito de madeira e pl\u00e1stico (WPC) de alta qualidade, estes pain\u00e9is n\u00e3o s\u00f3 t\u00eam estilo, como tamb\u00e9m s\u00e3o amigos do ambiente, o que os torna a escolha ideal para propriet\u00e1rios preocupados com o ambiente.<\/p>\n<p><strong>Modelo<\/strong>: METE227H25<br \/>\n<strong>Tipo<\/strong>: Pain\u00e9is de parede WPC de escolha ecol\u00f3gica<br \/>\n<strong>Tamanho<\/strong>: 227\u00d725mm<\/p>\n<p><strong>Superf\u00edcie<\/strong>: Gr\u00e3os rectos<br \/>\n<strong>Comprimento<\/strong>: 2.9m ou Personalizado<br \/>\n<strong>Material<\/strong>: Comp\u00f3sito de madeira e pl\u00e1stico<br \/>\n<strong>Tecnologia de produtos<\/strong>: Eco-extrus\u00e3o<\/p>\n<hr \/>\n<h3><strong>Carater\u00edsticas principais<\/strong>:<\/h3>\n<ol>\n<li><strong>Material amigo do ambiente<\/strong>:\n<ul>\n<li>Os nossos pain\u00e9is de parede WPC Eco-Friendly Choice s\u00e3o fabricados a partir de fibras de madeira e pl\u00e1stico reciclados, reduzindo os res\u00edduos e promovendo a sustentabilidade.<\/li>\n<li>S\u00e3o 100% n\u00e3o t\u00f3xicos e n\u00e3o emitem produtos qu\u00edmicos nocivos, garantindo um ambiente de vida seguro para si e para a sua fam\u00edlia.<\/li>\n<\/ul>\n<\/li>\n<li><strong>Durabilidade e longevidade<\/strong>:\n<ul>\n<li>Concebidos para resistir ao teste do tempo, os nossos pain\u00e9is de parede WPC s\u00e3o resistentes ao desvanecimento, fissuras e deforma\u00e7\u00f5es.<\/li>\n<li>S\u00e3o tamb\u00e9m resistentes \u00e0s t\u00e9rmitas e \u00e0 humidade, o que os torna adequados para v\u00e1rias aplica\u00e7\u00f5es interiores e exteriores.<\/li>\n<\/ul>\n<\/li>\n<li><strong>Instala\u00e7\u00e3o f\u00e1cil<\/strong>:\n<ul>\n<li>Poupe tempo e dinheiro com os nossos pain\u00e9is de parede WPC Eco-Friendly Choice f\u00e1ceis de instalar. N\u00e3o s\u00e3o necess\u00e1rias ferramentas ou compet\u00eancias especiais.<\/li>\n<li>Basta cortar \u00e0 medida, colocar no lugar e desfrutar da sua nova e elegante parede num instante.<\/li>\n<\/ul>\n<\/li>\n<li><strong>Estilos vers\u00e1teis<\/strong>:\n<ul>\n<li>Escolha entre uma vasta gama de cores, texturas e acabamentos para combinar com o seu estilo pessoal e a decora\u00e7\u00e3o da sua casa.<\/li>\n<li>Os nossos pain\u00e9is de parede WPC podem ser utilizados para criar paredes carater\u00edsticas, acentuar detalhes arquitect\u00f3nicos ou cobrir salas inteiras para um aspeto coeso.<\/li>\n<\/ul>\n<\/li>\n<li><strong>Rent\u00e1vel<\/strong>:\n<ul>\n<li>Desfrute do luxo de uma decora\u00e7\u00e3o de parede topo de gama sem gastar muito. Os nossos pain\u00e9is de parede WPC oferecem uma excelente rela\u00e7\u00e3o qualidade\/pre\u00e7o.<\/li>\n<li>S\u00e3o tamb\u00e9m de baixa manuten\u00e7\u00e3o, poupando-lhe dinheiro em repara\u00e7\u00f5es e substitui\u00e7\u00f5es ao longo do tempo.<\/li>\n<\/ul>\n<\/li>\n<\/ol>\n<hr \/>\n<h3><strong>Especifica\u00e7\u00f5es do produto<\/strong>:<\/h3>\n<ul>\n<li><strong>Material<\/strong>: Comp\u00f3sito de madeira e pl\u00e1stico (WPC)<\/li>\n<li><strong>Dimens\u00f5es<\/strong>: 135*119*23mm\/217*201*28mm\/227*210*25mm<\/li>\n<li><strong>Espessura<\/strong>: 23\/25\/28mm<\/li>\n<li><strong>Peso<\/strong>: 3kg\/metro<\/li>\n<li><strong>Op\u00e7\u00f5es de cores<\/strong>: preto\/teca\/castanho\/dupla cor<\/li>\n<li><strong>Op\u00e7\u00f5es de acabamento<\/strong>: Gr\u00e3o de madeira 3d<\/li>\n<li><strong>M\u00e9todo de instala\u00e7\u00e3o<\/strong>: macho e f\u00eamea, sistema de clipes, etc.<\/li>\n<li><strong>Garantia<\/strong>: mais de 10 anos<\/li>\n<\/ul>\n<h3>Se quiser saber mais detalhes, clique no link para o you tube:<a href=\"https:\/\/youtu.be\/tvSl5yo4US0\" target=\"_blank\" rel=\"noopener\">https:\/\/youtu.be\/tvSl5yo4US0<\/a><\/h3>\n<h3><\/h3>\n<h3>Galeria<\/h3>\n<figure id=\"attachment_17359\" aria-describedby=\"caption-attachment-17359\" style=\"width: 1024px\" class=\"wp-caption alignnone\"><img loading=\"lazy\" decoding=\"async\" class=\"wp-image-17359\" src=\"https:\/\/meterny.com\/wp-content\/uploads\/2024\/04\/60.png\" alt=\"Pain\u00e9is de parede decorativos para exterior em WPC\" width=\"1024\" height=\"1025\" srcset=\"https:\/\/meterny.com\/wp-content\/uploads\/2024\/04\/60.png 734w, https:\/\/meterny.com\/wp-content\/uploads\/2024\/04\/60-300x300.png 300w, https:\/\/meterny.com\/wp-content\/uploads\/2024\/04\/60-150x150.png 150w, https:\/\/meterny.com\/wp-content\/uploads\/2024\/04\/60-600x601.png 600w, https:\/\/meterny.com\/wp-content\/uploads\/2024\/04\/60-100x100.png 100w\" sizes=\"auto, (max-width: 1024px) 100vw, 1024px\" \/><figcaption id=\"caption-attachment-17359\" class=\"wp-caption-text\">D\u00ea estilo ao seu espa\u00e7o exterior com pain\u00e9is decorativos em WPC.<\/figcaption><\/figure>\n<figure id=\"attachment_17360\" aria-describedby=\"caption-attachment-17360\" style=\"width: 1024px\" class=\"wp-caption alignnone\"><img loading=\"lazy\" decoding=\"async\" class=\"wp-image-17360\" src=\"https:\/\/meterny.com\/wp-content\/uploads\/2024\/04\/63.png\" alt=\"Pain\u00e9is de parede WPC para revestimento exterior\" width=\"1024\" height=\"1024\" srcset=\"https:\/\/meterny.com\/wp-content\/uploads\/2024\/04\/63.png 800w, https:\/\/meterny.com\/wp-content\/uploads\/2024\/04\/63-300x300.png 300w, https:\/\/meterny.com\/wp-content\/uploads\/2024\/04\/63-150x150.png 150w, https:\/\/meterny.com\/wp-content\/uploads\/2024\/04\/63-768x768.png 768w, https:\/\/meterny.com\/wp-content\/uploads\/2024\/04\/63-600x600.png 600w, https:\/\/meterny.com\/wp-content\/uploads\/2024\/04\/63-100x100.png 100w\" sizes=\"auto, (max-width: 1024px) 100vw, 1024px\" \/><figcaption id=\"caption-attachment-17360\" class=\"wp-caption-text\">Pain\u00e9is de parede WPC \u00e0 prova de intemp\u00e9ries para revestimento exterior<\/figcaption><\/figure>\n<figure id=\"attachment_17355\" aria-describedby=\"caption-attachment-17355\" style=\"width: 1024px\" class=\"wp-caption alignnone\"><img loading=\"lazy\" decoding=\"async\" class=\"wp-image-17355\" src=\"https:\/\/meterny.com\/wp-content\/uploads\/2024\/04\/28.png\" alt=\"Painel decorativo de parede WPC\" width=\"1024\" height=\"1024\" srcset=\"https:\/\/meterny.com\/wp-content\/uploads\/2024\/04\/28.png 800w, https:\/\/meterny.com\/wp-content\/uploads\/2024\/04\/28-300x300.png 300w, https:\/\/meterny.com\/wp-content\/uploads\/2024\/04\/28-150x150.png 150w, https:\/\/meterny.com\/wp-content\/uploads\/2024\/04\/28-768x768.png 768w, https:\/\/meterny.com\/wp-content\/uploads\/2024\/04\/28-600x600.png 600w, https:\/\/meterny.com\/wp-content\/uploads\/2024\/04\/28-100x100.png 100w\" sizes=\"auto, (max-width: 1024px) 100vw, 1024px\" \/><figcaption id=\"caption-attachment-17355\" class=\"wp-caption-text\">Painel de Parede WPC Decorativo Elegante, Eleve o Seu Espa\u00e7o<\/figcaption><\/figure>\n<\/div>\n<div class=\"elementor-element elementor-element-1f676da elementor-widget elementor-widget-heading\" data-id=\"1f676da\" data-element_type=\"widget\" data-widget_type=\"heading.default\">\n<h3><strong>Descri\u00e7\u00e3o do produto: Pain\u00e9is de Parede WPC de Escolha Ecol\u00f3gica<\/strong><\/h3>\n<hr \/>\n<p id=\"\"><strong>Abrace a sustentabilidade e o estilo com os pain\u00e9is de parede WPC de escolha ecol\u00f3gica<\/strong><\/p>\n<p id=\"\">Transforme o seu espa\u00e7o habitacional com os nossos pain\u00e9is de parede WPC Eco-Friendly Choice, a derradeira fus\u00e3o de design ecol\u00f3gico e est\u00e9tica moderna. Fabricados a partir de comp\u00f3sito de madeira e pl\u00e1stico (WPC) de alta qualidade, estes pain\u00e9is inovadores n\u00e3o s\u00f3 s\u00e3o elegantes e duradouros, como tamb\u00e9m amigos do ambiente, o que os torna a escolha perfeita para os propriet\u00e1rios que d\u00e3o prioridade \u00e0 sustentabilidade e \u00e0 beleza.<\/p>\n<p id=\"\"><strong>Material amigo do ambiente<\/strong><br \/>\nOs nossos pain\u00e9is de parede WPC Eco-Friendly Choice s\u00e3o fabricados a partir de uma mistura de fibras de madeira e pl\u00e1stico reciclados, reduzindo os res\u00edduos e promovendo um futuro mais sustent\u00e1vel. Este material amigo do ambiente \u00e9 100% n\u00e3o t\u00f3xico e n\u00e3o emite qu\u00edmicos nocivos, garantindo um ambiente de vida seguro e saud\u00e1vel para si e para a sua fam\u00edlia.<\/p>\n<p id=\"\"><strong>Durabilidade e longevidade<\/strong><br \/>\nConcebidos para resistir aos rigores da vida quotidiana, os nossos pain\u00e9is murais WPC Eco-Friendly Choice s\u00e3o altamente resistentes ao desvanecimento, fissuras e deforma\u00e7\u00f5es. S\u00e3o tamb\u00e9m resistentes \u00e0s t\u00e9rmitas e \u00e0 humidade, o que os torna ideais para v\u00e1rias aplica\u00e7\u00f5es no interior e no exterior. Quer pretenda melhorar o aspeto da sua sala de estar, cozinha, casa de banho ou p\u00e1tio exterior, os nossos pain\u00e9is de parede WPC Eco-Friendly Choice est\u00e3o \u00e0 altura da tarefa.<\/p>\n<p id=\"\"><strong>F\u00e1cil instala\u00e7\u00e3o e manuten\u00e7\u00e3o<\/strong><br \/>\nDiga adeus \u00e0s instala\u00e7\u00f5es complicadas e aos elevados custos de manuten\u00e7\u00e3o. Os nossos pain\u00e9is de parede WPC foram concebidos para uma instala\u00e7\u00e3o f\u00e1cil, sem necessidade de ferramentas ou compet\u00eancias especiais. Basta cortar \u00e0 medida, encaixar no lugar e desfrutar da sua nova e elegante parede num instante. Al\u00e9m disso, com o seu design de baixa manuten\u00e7\u00e3o, poupar\u00e1 dinheiro em repara\u00e7\u00f5es e substitui\u00e7\u00f5es ao longo do tempo.<\/p>\n<p id=\"\"><strong>Estilos e acabamentos vers\u00e1teis<\/strong><br \/>\nEscolha entre uma vasta gama de cores, texturas e acabamentos para combinar com o seu estilo pessoal e a decora\u00e7\u00e3o da sua casa. Os nossos pain\u00e9is de parede WPC podem ser utilizados para criar paredes, acentuar detalhes arquitect\u00f3nicos ou cobrir divis\u00f5es inteiras para um visual coeso. Quer prefira uma est\u00e9tica elegante e moderna ou um encanto mais r\u00fastico e tradicional, temos um estilo que se adequa \u00e0s suas necessidades.<\/p>\n<p id=\"\"><strong>Solu\u00e7\u00e3o rent\u00e1vel<\/strong><br \/>\nDesfrute do luxo de uma decora\u00e7\u00e3o de parede topo de gama sem gastar muito. Os nossos pain\u00e9is de parede WPC oferecem uma rela\u00e7\u00e3o qualidade-pre\u00e7o excecional, proporcionando uma solu\u00e7\u00e3o elegante e sustent\u00e1vel que n\u00e3o sobrecarrega o seu or\u00e7amento. Al\u00e9m disso, com a sua durabilidade duradoura e design de baixa manuten\u00e7\u00e3o, ir\u00e1 tirar o m\u00e1ximo partido do seu investimento nos pr\u00f3ximos anos.<\/p>\n<h3>Op\u00e7\u00f5es de cores<\/h3>\n<figure id=\"attachment_20293\" aria-describedby=\"caption-attachment-20293\" style=\"width: 1024px\" class=\"wp-caption alignnone\"><img loading=\"lazy\" decoding=\"async\" class=\"wp-image-20293\" src=\"https:\/\/meterny.com\/wp-content\/uploads\/2024\/10\/METE-Series-Colour-151.png\" alt=\"Op\u00e7\u00f5es de cores da veda\u00e7\u00e3o Meterny WPC\" width=\"1024\" height=\"1024\" srcset=\"https:\/\/meterny.com\/wp-content\/uploads\/2024\/10\/METE-Series-Colour-151.png 900w, https:\/\/meterny.com\/wp-content\/uploads\/2024\/10\/METE-Series-Colour-151-300x300.png 300w, https:\/\/meterny.com\/wp-content\/uploads\/2024\/10\/METE-Series-Colour-151-150x150.png 150w, https:\/\/meterny.com\/wp-content\/uploads\/2024\/10\/METE-Series-Colour-151-768x768.png 768w, https:\/\/meterny.com\/wp-content\/uploads\/2024\/10\/METE-Series-Colour-151-600x600.png 600w, https:\/\/meterny.com\/wp-content\/uploads\/2024\/10\/METE-Series-Colour-151-100x100.png 100w\" sizes=\"auto, (max-width: 1024px) 100vw, 1024px\" \/><figcaption id=\"caption-attachment-20293\" class=\"wp-caption-text\">Explorar Veda\u00e7\u00e3o WPC Meterny - Nove op\u00e7\u00f5es de cores deslumbrantes para todos os estilos<\/figcaption><\/figure>\n<h3><strong>Porqu\u00ea escolher pain\u00e9is de parede WPC ecol\u00f3gicos?<\/strong><\/h3>\n<p id=\"\">A escolha de pain\u00e9is de parede WPC ecol\u00f3gicos \u00e9 uma decis\u00e3o sensata por v\u00e1rias raz\u00f5es convincentes:<\/p>\n<ol>\n<li>\n<p id=\"\"><strong>Responsabilidade ambiental<\/strong>: Os nossos pain\u00e9is de parede WPC s\u00e3o fabricados a partir de uma mistura de fibras de madeira e pl\u00e1stico reciclados, reduzindo significativamente os res\u00edduos e promovendo um futuro mais sustent\u00e1vel e amigo do ambiente. Ao selecionar estes pain\u00e9is, est\u00e1 a contribuir para a preserva\u00e7\u00e3o dos recursos naturais e a reduzir a sua pegada de carbono.<\/p>\n<\/li>\n<li>\n<p id=\"\"><strong>Durabilidade e longevidade<\/strong>: Escolha ecol\u00f3gica Os pain\u00e9is de parede WPC s\u00e3o concebidos para suportar os rigores da vida quotidiana. S\u00e3o altamente resistentes ao desbotamento, fissuras e deforma\u00e7\u00f5es, e s\u00e3o tamb\u00e9m resistentes \u00e0s t\u00e9rmitas e \u00e0 humidade. Isto garante que os seus pain\u00e9is de parede ter\u00e3o um \u00f3timo aspeto e um bom desempenho durante muitos anos, reduzindo a necessidade de substitui\u00e7\u00f5es frequentes.<\/p>\n<\/li>\n<li>\n<p id=\"\"><strong>F\u00e1cil instala\u00e7\u00e3o e baixa manuten\u00e7\u00e3o<\/strong>: Os nossos pain\u00e9is de parede WPC s\u00e3o concebidos para uma instala\u00e7\u00e3o f\u00e1cil, n\u00e3o necessitando de ferramentas ou compet\u00eancias especiais. Isto faz com que seja simples e r\u00e1pido melhorar o aspeto da sua casa. Al\u00e9m disso, com o seu design de baixa manuten\u00e7\u00e3o, poupar\u00e1 dinheiro e tempo em repara\u00e7\u00f5es e substitui\u00e7\u00f5es ao longo do tempo.<\/p>\n<\/li>\n<li>\n<p id=\"\"><strong>Estilos e acabamentos vers\u00e1teis<\/strong>: Quer prefira uma est\u00e9tica elegante e moderna ou um charme mais r\u00fastico e tradicional, os nossos pain\u00e9is de parede WPC est\u00e3o dispon\u00edveis numa vasta gama de cores, texturas e acabamentos para se adaptarem ao seu estilo pessoal e \u00e0 decora\u00e7\u00e3o da sua casa. Esta versatilidade permite-lhe criar um visual \u00fanico e coeso que reflecte verdadeiramente a sua personalidade.<\/p>\n<\/li>\n<li>\n<p id=\"\"><strong>Solu\u00e7\u00e3o rent\u00e1vel<\/strong>: Escolha ecol\u00f3gica Os pain\u00e9is de parede WPC oferecem uma excelente rela\u00e7\u00e3o qualidade\/pre\u00e7o. Proporcionam uma solu\u00e7\u00e3o elegante e sustent\u00e1vel que n\u00e3o sobrecarrega o seu or\u00e7amento. Al\u00e9m disso, com a sua durabilidade duradoura e design de baixa manuten\u00e7\u00e3o, ir\u00e1 tirar o m\u00e1ximo partido do seu investimento nos pr\u00f3ximos anos.<\/p>\n<\/li>\n<li>\n<p id=\"\"><strong>Sa\u00fade e seguran\u00e7a<\/strong>: Os nossos pain\u00e9is de parede WPC s\u00e3o 100% n\u00e3o t\u00f3xicos e n\u00e3o emitem qu\u00edmicos nocivos, garantindo um ambiente de vida seguro e saud\u00e1vel para si e para a sua fam\u00edlia. Isto \u00e9 particularmente importante para as pessoas com alergias ou sensibilidades a qu\u00edmicos normalmente encontrados nos materiais de parede tradicionais.<\/p>\n<\/li>\n<\/ol>\n<p id=\"\">Em suma, escolher os pain\u00e9is de parede WPC da Eco-Friendly Choice \u00e9 uma escolha inteligente para quem procura real\u00e7ar a beleza e a funcionalidade da sua casa, contribuindo simultaneamente para a sustentabilidade ambiental, poupando dinheiro e promovendo um ambiente de vida saud\u00e1vel.<\/p>\n<\/div>","protected":false},"excerpt":{"rendered":"<p>Qualidade superior: Fabricado a partir de materiais de primeira qualidade, este painel exterior WPC oferece prote\u00e7\u00e3o contra os elementos.<\/p>\n<p>Design elegante: Eleve o exterior da sua propriedade com um revestimento elegante e moderno que complementa qualquer estilo arquitet\u00f3nico.<\/p>\n<p>F\u00e1cil instala\u00e7\u00e3o: Foi concebido para uma instala\u00e7\u00e3o sem complica\u00e7\u00f5es, poupando-lhe tempo e esfor\u00e7o.<\/p>\n<p>Vers\u00e1til: Quer seja para propriedades residenciais ou comerciais, este painel WPC \u00e9 perfeito para todas as aplica\u00e7\u00f5es de revestimento exterior.<\/p>\n<p>Amigo do ambiente: Fabricado a partir de materiais sustent\u00e1veis, \u00e9 a escolha ambientalmente consciente para as suas necessidades de design exterior.<\/p>","protected":false},"featured_media":20795,"comment_status":"open","ping_status":"closed","template":"","meta":{"_uag_custom_page_level_css":"","site-sidebar-layout":"default","site-content-layout":"","ast-site-content-layout":"default","site-content-style":"default","site-sidebar-style":"default","ast-global-header-display":"","ast-banner-title-visibility":"","ast-main-header-display":"","ast-hfb-above-header-display":"","ast-hfb-below-header-display":"","ast-hfb-mobile-header-display":"","site-post-title":"","ast-breadcrumbs-content":"","ast-featured-img":"","footer-sml-layout":"","theme-transparent-header-meta":"default","adv-header-id-meta":"","stick-header-meta":"default","header-above-stick-meta":"","header-main-stick-meta":"","header-below-stick-meta":"","astra-migrate-meta-layouts":"set","ast-page-background-enabled":"default","ast-page-background-meta":{"desktop":{"background-color":"var(--ast-global-color-4)","background-image":"","background-repeat":"repeat","background-position":"center center","background-size":"auto","background-attachment":"scroll","background-type":"","background-media":"","overlay-type":"","overlay-color":"","overlay-opacity":"","overlay-gradient":""},"tablet":{"background-color":"","background-image":"","background-repeat":"repeat","background-position":"center center","background-size":"auto","background-attachment":"scroll","background-type":"","background-media":"","overlay-type":"","overlay-color":"","overlay-opacity":"","overlay-gradient":""},"mobile":{"background-color":"","background-image":"","background-repeat":"repeat","background-position":"center center","background-size":"auto","background-attachment":"scroll","background-type":"","background-media":"","overlay-type":"","overlay-color":"","overlay-opacity":"","overlay-gradient":""}},"ast-content-background-meta":{"desktop":{"background-color":"var(--ast-global-color-5)","background-image":"","background-repeat":"repeat","background-position":"center center","background-size":"auto","background-attachment":"scroll","background-type":"","background-media":"","overlay-type":"","overlay-color":"","overlay-opacity":"","overlay-gradient":""},"tablet":{"background-color":"var(--ast-global-color-5)","background-image":"","background-repeat":"repeat","background-position":"center center","background-size":"auto","background-attachment":"scroll","background-type":"","background-media":"","overlay-type":"","overlay-color":"","overlay-opacity":"","overlay-gradient":""},"mobile":{"background-color":"var(--ast-global-color-5)","background-image":"","background-repeat":"repeat","background-position":"center center","background-size":"auto","background-attachment":"scroll","background-type":"","background-media":"","overlay-type":"","overlay-color":"","overlay-opacity":"","overlay-gradient":""}}},"product_brand":[],"product_cat":[175],"product_tag":[184,180],"class_list":{"0":"post-20827","1":"product","2":"type-product","3":"status-publish","4":"has-post-thumbnail","6":"product_cat-exterior-wpc-wall","7":"product_tag-wpc-wall-exterior","8":"product_tag-wpc-wall-panel","9":"desktop-align-center","10":"tablet-align-left","11":"mobile-align-left","12":"ast-product-gallery-layout-horizontal-slider","13":"ast-product-tabs-layout-vertical","15":"first","16":"instock","17":"shipping-taxable","18":"product-type-simple"},"uagb_featured_image_src":{"full":["https:\/\/meterny.com\/wp-content\/uploads\/2024\/04\/227H25-TEAK1-300x300-2.png",300,300,false],"thumbnail":["https:\/\/meterny.com\/wp-content\/uploads\/2024\/04\/227H25-TEAK1-300x300-2-150x150.png",150,150,true],"medium":["https:\/\/meterny.com\/wp-content\/uploads\/2024\/04\/227H25-TEAK1-300x300-2.png",300,300,false],"medium_large":["https:\/\/meterny.com\/wp-content\/uploads\/2024\/04\/227H25-TEAK1-300x300-2.png",300,300,false],"large":["https:\/\/meterny.com\/wp-content\/uploads\/2024\/04\/227H25-TEAK1-300x300-2.png",300,300,false],"1536x1536":["https:\/\/meterny.com\/wp-content\/uploads\/2024\/04\/227H25-TEAK1-300x300-2.png",300,300,false],"2048x2048":["https:\/\/meterny.com\/wp-content\/uploads\/2024\/04\/227H25-TEAK1-300x300-2.png",300,300,false],"trp-custom-language-flag":["https:\/\/meterny.com\/wp-content\/uploads\/2024\/04\/227H25-TEAK1-300x300-2.png",12,12,false],"woocommerce_thumbnail":["https:\/\/meterny.com\/wp-content\/uploads\/2024\/04\/227H25-TEAK1-300x300-2.png",300,300,false],"woocommerce_single":["https:\/\/meterny.com\/wp-content\/uploads\/2024\/04\/227H25-TEAK1-300x300-2.png",300,300,false],"woocommerce_gallery_thumbnail":["https:\/\/meterny.com\/wp-content\/uploads\/2024\/04\/227H25-TEAK1-300x300-2-100x100.png",100,100,true]},"uagb_author_info":{"display_name":"meterny","author_link":"https:\/\/meterny.com\/pt\/author\/"},"uagb_comment_info":0,"uagb_excerpt":"Superior Quality: Crafted from premium materials, this WPC Exterior panel offers protection against the elements. Stylish Design: Elevate the exterior of your property with sleek and modern cladding that complements any architectural style. Easy Installation: It is designed for hassle-free installation, saving you time and effort. Versatile: Whether it's for residential or commercial properties, This&hellip;","_links":{"self":[{"href":"https:\/\/meterny.com\/pt\/wp-json\/wp\/v2\/product\/20827","targetHints":{"allow":["GET"]}}],"collection":[{"href":"https:\/\/meterny.com\/pt\/wp-json\/wp\/v2\/product"}],"about":[{"href":"https:\/\/meterny.com\/pt\/wp-json\/wp\/v2\/types\/product"}],"replies":[{"embeddable":true,"href":"https:\/\/meterny.com\/pt\/wp-json\/wp\/v2\/comments?post=20827"}],"wp:featuredmedia":[{"embeddable":true,"href":"https:\/\/meterny.com\/pt\/wp-json\/wp\/v2\/media\/20795"}],"wp:attachment":[{"href":"https:\/\/meterny.com\/pt\/wp-json\/wp\/v2\/media?parent=20827"}],"wp:term":[{"taxonomy":"product_brand","embeddable":true,"href":"https:\/\/meterny.com\/pt\/wp-json\/wp\/v2\/product_brand?post=20827"},{"taxonomy":"product_cat","embeddable":true,"href":"https:\/\/meterny.com\/pt\/wp-json\/wp\/v2\/product_cat?post=20827"},{"taxonomy":"product_tag","embeddable":true,"href":"https:\/\/meterny.com\/pt\/wp-json\/wp\/v2\/product_tag?post=20827"}],"curies":[{"name":"wp","href":"https:\/\/api.w.org\/{rel}","templated":true}]}}